{"id":476687,"date":"2011-08-14T21:53:57","date_gmt":"2011-08-14T19:53:57","guid":{"rendered":"http:\/\/diablo3.ingame.de\/?page_id=476687"},"modified":"2021-10-11T10:09:26","modified_gmt":"2021-10-11T08:09:26","slug":"die-traderegeln","status":"publish","type":"page","link":"https:\/\/planetdiablo.eu\/de\/trade\/die-traderegeln\/","title":{"rendered":"Die Traderegeln"},"content":{"rendered":"<h2>Allgemeine Verhaltensregeln beim Handeln<\/h2>\n<ul>\n<li>Halte dich stets an dein Wort.<br \/>Wenn du in einem Thread eine Zusage gegeben hast, solltest du auch dazu stehen. (Dazu z\u00e4hlen vor Allem Fasttrades und Deadlines)<\/li>\n<li>Querbieten:<br \/>Biete nicht in fremden Threads das gleiche Item an, wie der Threadersteller. Versuche niemals jemandem einen K\u00e4ufer abzuwerben, auch nicht per PM.<\/li>\n<li>Versuche nicht \u00fcber PMs zu handeln. (PM-Trades)<br \/>Die gesamte Preisverhandlung (in all ihren Teilen) hat in dem dazugeh\u00f6rigen Thread selbst statt zu finden.<\/li>\n<li>Es werden keine Angebote\/Gesuche von echtem Geld oder andere nicht zum Spiel Diablo 2 geh\u00f6renden Dingen geduldet.<\/li>\n<li>Trades mit Gl\u00fccksspielcharakter (z.B. das Handeln mit nicht identifizierten Items) sind nicht erlaubt.<\/li>\n<li>Die organisierte Jagd auf den Diablo-Klon sowie die Weitergabe von \u201ehei\u00dfen\u201c IPs sind verboten.<\/li>\n<li>Soweit vom Verk\u00e4ufer nicht anders angegeben, l\u00e4sst eine Deadline bis z.B. 18:00 alle Gebote bis einschlie\u00dflich 17:59 zu, d.h. ein Gebot, das laut Forum um 18:00 erstellt wurde, liegt au\u00dferhalb des zul\u00e4ssigen Zeitrahmens.<\/li>\n<li>Deadlines verl\u00e4ngern sich nicht automatisch. Eine automatische Verl\u00e4ngerung muss, wenn gew\u00fcnscht, durch den Verk\u00e4ufer im Voraus festgelegt werden. \u00dcblich ist hier eine Verl\u00e4ngerung der Deadline um 15 Minuten bei Geboten innerhalb von 15 Minuten vor Ende derselben (15\/15).<\/li>\n<li>Gebote d\u00fcrfen abgelehnt werden wenn sie nicht schon angenommen wurden.<\/li>\n<li>Wertsch\u00e4tzungen\n<ul>\n<li>Das Vergleichen von Gegenstandspreisen hier mit den Preisen aus anderen Foren oder dem Battle.net ist nicht erw\u00fcnscht.<\/li>\n<li>Gebe nur eine Wertsch\u00e4tzung ab, wenn sie vom Threadersteller ausdr\u00fccklich gew\u00fcnscht wird.<\/li>\n<li>Wenn du der Meinung bist, dass jemand \u00fcber den Tisch gezogen wird, melde es einem Moderator.<\/li>\n<\/ul>\n<\/li>\n<\/ul>\n<h2>Eigene Tradethreads<\/h2>\n<ul>\n<li>Jedes Item darf nur in einem Thread angeboten werden.<\/li>\n<li>Pro Unterforum darfst du nur bis zu drei aktuelle Threads offen haben<br \/>(Sonderfall HC: im Biete und Suche Forum auf 3 gleichzeitig begrenzt)<\/li>\n<li>Threads d\u00fcrfen maximal 200 Posts enthalten.<br \/>Nach dem 200sten Posting kann ein neuer Thread er\u00f6ffnet werden, wobei der alte Thread dann einem Moderator zu melden ist.<\/li>\n<li>Jeder Thread darf nur einmal pro Stunde geupped werden.<br \/>Unter uppen fallen s\u00e4mtliche Beitr\u00e4ge, die keine neuen, f\u00fcr den Trade relevanten Informationen enthalten.<\/li>\n<\/ul>\n<h2>Dein Verhalten au\u00dferhalb des Forums<\/h2>\n<ul>\n<li>Halte dich Fern von jeglichen Hacks oder Cheats.\n<ul>\n<li>Die Benutzung von Hacks und Cheats kann und wird zum Verlust deines Battle.Net Accounts f\u00fchren.<\/li>\n<li>Sollten wir entdecken, dass du Hacks oder Cheats benutzt, l\u00e4ufst du Gefahr aus diesen Foren gebannt zu werden.<\/li>\n<\/ul>\n<\/li>\n<li>Der Handel in anderen Tradeforen und im Battle.Net ist prinzipiell erlaubt. Verboten ist es aber diese Gegenst\u00e4nde\/Runen bei uns wieder zu verkaufen.<\/li>\n<\/ul>\n<h2>Was tun bei Problemen<\/h2>\n<ul>\n<li>Melde Verst\u00f6\u00dfe gegen die Blacklist einem Moderator, indem du auf den <img decoding=\"async\" src=\"\/wp-content\/uploads\/2011\/08\/report.gif\" alt=\"Melden Button\" \/> Button dr\u00fcckst und eine aussagekr\u00e4ftige Beschreibung des Versto\u00df angibst.<\/li>\n<li>Solltest Du ein Problem mit einem anderen User haben, so regel dieses via PM. Sollte das Problem nicht aus der Welt zu schaffen sein, so wende dich an einen Moderator.<\/li>\n<li>F\u00fchlst Du Dich von einem Moderator ungerecht behandelt, wende Dich an den zust\u00e4ndigen Sektionsleiter.<\/li>\n<\/ul>\n<h2>Schweigen sollst du \u00fcber<\/h2>\n<ul>\n<li>Hinweise auf existierende Itemshops (auch deren verwendete Bilder!)<\/li>\n<li>S\u00e4mtliche Hinweise auf Foren die irgendwelche Arten von Hacks\/Cheats anbieten oder tolerieren.<\/li>\n<li>S\u00e4mtliche Hinweise auf Foren die keine oder eine andere Blacklist haben als die Unsere.<\/li>\n<li>Hinweise auf Onlineauktionen (wie zB. Ebay).<\/li>\n<\/ul>\n<p>Diese Verbote gelten f\u00fcr deine Postings, deine PMs, dein Profil und auch deine Signatur.<\/p>\n<h3>Bitte beachte auch die <a href=\"https:\/\/planetdiablo.eu\/trade\/die-blacklist\/\" target=\"_blank\" rel=\"noopener\">Blacklist<\/a>!<\/h3>\n\n\n<p><\/p>\n","protected":false},"excerpt":{"rendered":"<p>Allgemeine Verhaltensregeln beim Handeln Halte dich stets an dein Wort.Wenn du in einem Thread eine Zusage gegeben hast, solltest du auch dazu stehen. (Dazu z\u00e4hlen vor Allem Fasttrades und Deadlines) Querbieten:Biete nicht in fremden Threads das gleiche Item an, wie der Threadersteller. Versuche niemals jemandem einen K\u00e4ufer abzuwerben, auch nicht per PM. Versuche nicht \u00fcber&hellip; <a class=\"more-link\" href=\"https:\/\/planetdiablo.eu\/de\/trade\/die-traderegeln\/\"><span class=\"screen-reader-text\">Die Traderegeln<\/span> weiterlesen<\/a><\/p>\n","protected":false},"author":764,"featured_media":0,"parent":103,"menu_order":64,"comment_status":"closed","ping_status":"open","template":"","meta":{"footnotes":""},"class_list":["post-476687","page","type-page","status-publish","hentry","entry"],"_links":{"self":[{"href":"https:\/\/planetdiablo.eu\/de\/wp-json\/wp\/v2\/pages\/476687","targetHints":{"allow":["GET"]}}],"collection":[{"href":"https:\/\/planetdiablo.eu\/de\/wp-json\/wp\/v2\/pages"}],"about":[{"href":"https:\/\/planetdiablo.eu\/de\/wp-json\/wp\/v2\/types\/page"}],"author":[{"embeddable":true,"href":"https:\/\/planetdiablo.eu\/de\/wp-json\/wp\/v2\/users\/764"}],"replies":[{"embeddable":true,"href":"https:\/\/planetdiablo.eu\/de\/wp-json\/wp\/v2\/comments?post=476687"}],"version-history":[{"count":4,"href":"https:\/\/planetdiablo.eu\/de\/wp-json\/wp\/v2\/pages\/476687\/revisions"}],"predecessor-version":[{"id":585184,"href":"https:\/\/planetdiablo.eu\/de\/wp-json\/wp\/v2\/pages\/476687\/revisions\/585184"}],"up":[{"embeddable":true,"href":"https:\/\/planetdiablo.eu\/de\/wp-json\/wp\/v2\/pages\/103"}],"wp:attachment":[{"href":"https:\/\/planetdiablo.eu\/de\/wp-json\/wp\/v2\/media?parent=476687"}],"curies":[{"name":"wp","href":"https:\/\/api.w.org\/{rel}","templated":true}]}}