{"id":486609,"date":"2011-08-15T15:20:38","date_gmt":"2011-08-15T13:20:38","guid":{"rendered":"http:\/\/diablo3.ingame.de\/?page_id=486609"},"modified":"2021-09-17T14:30:04","modified_gmt":"2021-09-17T12:30:04","slug":"pre-1-09-erkennung","status":"publish","type":"page","link":"https:\/\/planetdiablo.eu\/de\/trade\/die-blacklist\/pre-1-09-erkennung\/","title":{"rendered":"Diablo 2 &#8211; Pre 1.09 Erkennung"},"content":{"rendered":"<h3>Vorbemerkungen<\/h3>\n<ul>\n<li>Threads, die ein Item mit den unten aufgef\u00fchrten Stats enthalten, werden geschlossen.<\/li>\n<li>Bei wiederholtem Anbieten eines solchen Items, erfolgt eine Verwarnung, bis hin zum Ban.<\/li>\n<\/ul>\n<table>\n<tbody>\n<tr>\n<th>Inhalt<\/th>\n<\/tr>\n<tr>\n<td>( <a href=\"#uniques\">Uniques<\/a> ) ( <a href=\"#sets\">Sets<\/a> )<\/td>\n<\/tr>\n<tr>\n<td>Magische Items<\/td>\n<\/tr>\n<tr>\n<td>( <a href=\"#allgemein\">Allgemein<\/a> )<\/td>\n<\/tr>\n<tr>\n<td>( <a href=\"#schuhe\">Schuhe<\/a> ) ( <a href=\"#handschuhe\">Handschuhe<\/a> ) ( <a href=\"#guertel\">G\u00fcrtel<\/a> )<\/td>\n<\/tr>\n<tr>\n<td>( <a href=\"#ruestungen\">R\u00fcstungen<\/a> ) ( <a href=\"#schilde\">Schilde<\/a> ) ( <a href=\"#helme\">Helme<\/a> )<\/td>\n<\/tr>\n<tr>\n<td>( <a href=\"#ringe\">Ringe<\/a> ) ( <a href=\"#amulette\">Amulette<\/a> )<\/td>\n<\/tr>\n<tr>\n<td>( <a href=\"#waffen\">Waffen<\/a> )<\/td>\n<\/tr>\n<\/tbody>\n<\/table>\n<h3>Erkennungsmerkmale von Pre-1.09-Items<\/h3>\n<h4><a name=\"uniques\">Uniques<\/a><\/h4>\n<ul>\n<li>Die Eigenschaften der Uniques stimmen nicht mit denen in <a href=\"http:\/\/diablo3.ingame.de\/spiel\/expansion\/itemdb\/unique_index.php\" name=\"Unique Liste\" target=\"_blank\" rel=\"noopener\">dieser<\/a> Liste \u00fcberein.<\/li>\n<li>Pre-Lod Uniques erkennt man daran, dass diese keine Levelanforderungen haben.<\/li>\n<\/ul>\n<h4><a name=\"sets\">Set Items:<\/a><\/h4>\n<ul>\n<li>Setgegenst\u00e4nde, die vor 1.09 gedroppt wurden haben einen doppelten Haltbarkeitswert.<\/li>\n<li>Weiterhin sind alle Set-Gegenst\u00e4nde, deren Eigenschaften nicht den <a href=\"http:\/\/diablo3.ingame.de\/spiel\/expansion\/itemdb\/set_index.php\" name=\"Set Liste\" target=\"_blank\" rel=\"noopener\">hier<\/a> aufgelisteten Eigenschaften entsprechen verboten.<\/li>\n<li>In Pre-LoD-Sets waren die partiellen Set-Boni nicht vorhanden, diese sollte man, wenn m\u00f6glich ebenfalls \u00fcberpr\u00fcfen.<\/li>\n<\/ul>\n<h4>Magische und Crafted Items<\/h4>\n<ul>\n<li>Haupts\u00e4chlich Crafted Ringe mit Skills, aber auch andere. Die genauen Eigenschaften kann man <a href=\"http:\/\/diablo3.ingame.de\/tips\/crafted.php\" name=\"Crafted Items\" target=\"_blank\" rel=\"noopener\">hier<\/a> nachlesen.<\/li>\n<\/ul>\n<h3>Pre-1.09 Crafted und Rares erkennt man unter anderem an folgenden Eigenschaften<\/h3>\n<p><a name=\"helme\"><\/a>Helme<\/p>\n<ul>\n<li>Geschicklichkeit (dex)<\/li>\n<li>Mehr als 30% einer Widerstandsart<\/li>\n<li>-xx% Anforderungen<\/li>\n<li>Lebensbonus &gt; 40 (nur rares)<\/li>\n<li>Manabonus &gt; 5 (nur rares)<\/li>\n<li>Bonus zu Minimalschaden<\/li>\n<\/ul>\n<p><a name=\"guertel\"><\/a>G\u00fcrtel<\/p>\n<ul>\n<li>Geschicklichkeit<\/li>\n<li>Mehr als 30% einer Widerstandsart<\/li>\n<\/ul>\n<p><a name=\"schuhe\"><\/a>Schuhe<\/p>\n<ul>\n<li>St\u00e4rke<\/li>\n<li>Lebensbonus<\/li>\n<li>Mehr als 40% einer Widerstandsart<\/li>\n<li>Mehr als 25% auf Gegenstand finden<\/li>\n<li>Mehr als 9 Geschicklichkeit<\/li>\n<\/ul>\n<p><a name=\"ruestungen\"><\/a>R\u00fcstungen<\/p>\n<ul>\n<li>Mehr als 30% Blitzwiderstand<\/li>\n<li>Bonus zu Minimalschaden<\/li>\n<\/ul>\n<p><a name=\"handschuhe\"><\/a>Handschuhe<\/p>\n<ul>\n<li>Mehr als 9 St\u00e4rke (nur in Classic)<\/li>\n<li>Mehr als 15 Geschicklichkeit (nur rares)<\/li>\n<li>Lebensbonus<\/li>\n<li>Mehr als 25% auf Gegenstand finden<\/li>\n<\/ul>\n<p><a name=\"ringe\"><\/a>Ringe<\/p>\n<ul>\n<li>15% zu allen Widerstandsarten<\/li>\n<li>Mehr als 30% einer Widerstandsart<\/li>\n<li>Blitz-, oder Feuerschaden<\/li>\n<li>4-5% abgesaugtes Mana pro Treffer unter lvlreq 46<\/li>\n<li>6% abgesaugtes Mana pro Treffer unter lvlreq 74<\/li>\n<li>mehr als 6% abgesaugtes Mana pro Treffer<\/li>\n<li>mehr als 40% (auf magic) und mehr als 25% bessere Chance magischen Gegenstand zu erhalten (auf rare)<\/li>\n<li>Skills (nur craftet)<\/li>\n<\/ul>\n<p><a name=\"amulette\"><\/a>Amulette<\/p>\n<ul>\n<li>Doppelte Skills (Beispiel: +2 Necro +2 Ama auf einem Amu)<\/li>\n<li>abgesaugtes Leben (nur Classic)<\/li>\n<li>Mehr als 35% Chance auf Gegenst\u00e4nde finden (mf) (nur rares)<\/li>\n<li>Prisma mit mehr als zwei verschiedenen Werten<\/li>\n<\/ul>\n<p><a name=\"waffen\"><\/a>Waffen<\/p>\n<ul>\n<li>Verschiedene Levelanforderungen, insbesondere bei Skillboni und erh\u00f6htem Schaden<\/li>\n<li>abgesaugtes Leben\/Mana &gt; 7% (nur Classic)<\/li>\n<\/ul>\n<p><a name=\"schilde\"><\/a>Schilde<\/p>\n<ul>\n<li>Geschicklichkeit<\/li>\n<li>Mit erh\u00f6hter Chance zu Blocken ohne Schneller Blocken<\/li>\n<\/ul>\n<p><a name=\"allgemein\"><\/a>Allgemein<\/p>\n<ul>\n<li>20% Schnellere Erholung nach Treffern<\/li>\n<li>-40% Anforderungen<\/li>\n<\/ul>\n","protected":false},"excerpt":{"rendered":"<p>Vorbemerkungen Threads, die ein Item mit den unten aufgef\u00fchrten Stats enthalten, werden geschlossen. Bei wiederholtem Anbieten eines solchen Items, erfolgt eine Verwarnung, bis hin zum Ban. Inhalt ( Uniques ) ( Sets ) Magische Items ( Allgemein ) ( Schuhe ) ( Handschuhe ) ( G\u00fcrtel ) ( R\u00fcstungen ) ( Schilde ) ( Helme&hellip; <a class=\"more-link\" href=\"https:\/\/planetdiablo.eu\/de\/trade\/die-blacklist\/pre-1-09-erkennung\/\"><span class=\"screen-reader-text\">Diablo 2 &#8211; Pre 1.09 Erkennung<\/span> weiterlesen<\/a><\/p>\n","protected":false},"author":764,"featured_media":0,"parent":476645,"menu_order":0,"comment_status":"closed","ping_status":"open","template":"","meta":{"footnotes":""},"class_list":["post-486609","page","type-page","status-publish","hentry","entry"],"_links":{"self":[{"href":"https:\/\/planetdiablo.eu\/de\/wp-json\/wp\/v2\/pages\/486609","targetHints":{"allow":["GET"]}}],"collection":[{"href":"https:\/\/planetdiablo.eu\/de\/wp-json\/wp\/v2\/pages"}],"about":[{"href":"https:\/\/planetdiablo.eu\/de\/wp-json\/wp\/v2\/types\/page"}],"author":[{"embeddable":true,"href":"https:\/\/planetdiablo.eu\/de\/wp-json\/wp\/v2\/users\/764"}],"replies":[{"embeddable":true,"href":"https:\/\/planetdiablo.eu\/de\/wp-json\/wp\/v2\/comments?post=486609"}],"version-history":[{"count":1,"href":"https:\/\/planetdiablo.eu\/de\/wp-json\/wp\/v2\/pages\/486609\/revisions"}],"predecessor-version":[{"id":583416,"href":"https:\/\/planetdiablo.eu\/de\/wp-json\/wp\/v2\/pages\/486609\/revisions\/583416"}],"up":[{"embeddable":true,"href":"https:\/\/planetdiablo.eu\/de\/wp-json\/wp\/v2\/pages\/476645"}],"wp:attachment":[{"href":"https:\/\/planetdiablo.eu\/de\/wp-json\/wp\/v2\/media?parent=486609"}],"curies":[{"name":"wp","href":"https:\/\/api.w.org\/{rel}","templated":true}]}}