{"id":488218,"date":"2011-08-22T11:10:19","date_gmt":"2011-08-22T09:10:19","guid":{"rendered":"http:\/\/diablo3.ingame.de\/?page_id=488218"},"modified":"2021-07-15T10:24:46","modified_gmt":"2021-07-15T08:24:46","slug":"killspeed","status":"publish","type":"page","link":"https:\/\/planetdiablo.eu\/de\/diablo-2\/calculatoren\/killspeed\/","title":{"rendered":"Diablo 2 Killspeed Kalkulator"},"content":{"rendered":"\n<p>Der Killspeedkalkulator wird aktuell \u00fcberarbeitet und auf einen aktuellen Softwarestand gebracht. Sobald er wieder verf\u00fcgbar ist, k\u00f6nnt ihr ihn wie gewohnt hier finden.<\/p>\n","protected":false},"excerpt":{"rendered":"<p>Der Killspeedkalkulator wird aktuell \u00fcberarbeitet und auf einen aktuellen Softwarestand gebracht. Sobald er wieder verf\u00fcgbar ist, k\u00f6nnt ihr ihn wie gewohnt hier finden.<\/p>\n","protected":false},"author":746,"featured_media":0,"parent":476179,"menu_order":62,"comment_status":"closed","ping_status":"open","template":"tpl\/tpl__calc_d2_killspeed.php","meta":{"footnotes":""},"class_list":["post-488218","page","type-page","status-publish","hentry","entry"],"_links":{"self":[{"href":"https:\/\/planetdiablo.eu\/de\/wp-json\/wp\/v2\/pages\/488218","targetHints":{"allow":["GET"]}}],"collection":[{"href":"https:\/\/planetdiablo.eu\/de\/wp-json\/wp\/v2\/pages"}],"about":[{"href":"https:\/\/planetdiablo.eu\/de\/wp-json\/wp\/v2\/types\/page"}],"author":[{"embeddable":true,"href":"https:\/\/planetdiablo.eu\/de\/wp-json\/wp\/v2\/users\/746"}],"replies":[{"embeddable":true,"href":"https:\/\/planetdiablo.eu\/de\/wp-json\/wp\/v2\/comments?post=488218"}],"version-history":[{"count":1,"href":"https:\/\/planetdiablo.eu\/de\/wp-json\/wp\/v2\/pages\/488218\/revisions"}],"predecessor-version":[{"id":582301,"href":"https:\/\/planetdiablo.eu\/de\/wp-json\/wp\/v2\/pages\/488218\/revisions\/582301"}],"up":[{"embeddable":true,"href":"https:\/\/planetdiablo.eu\/de\/wp-json\/wp\/v2\/pages\/476179"}],"wp:attachment":[{"href":"https:\/\/planetdiablo.eu\/de\/wp-json\/wp\/v2\/media?parent=488218"}],"curies":[{"name":"wp","href":"https:\/\/api.w.org\/{rel}","templated":true}]}}