{"id":488220,"date":"2011-08-22T11:10:22","date_gmt":"2011-08-22T09:10:22","guid":{"rendered":"http:\/\/diablo3.ingame.de\/?page_id=488220"},"modified":"2021-06-07T15:06:21","modified_gmt":"2021-06-07T13:06:21","slug":"kickschaden","status":"publish","type":"page","link":"https:\/\/planetdiablo.eu\/de\/diablo-2\/calculatoren\/kickschaden\/","title":{"rendered":"Diablo 2 Kickschaden Kalkulator"},"content":{"rendered":"\n<p>Der Kickschadenkalkulator wird aktuell \u00fcberarbeitet und auf einen aktuellen Softwarestand gebracht. Sobald er wieder verf\u00fcgbar ist, k\u00f6nnt ihr ihn wie gewohnt hier finden.<\/p>\n","protected":false},"excerpt":{"rendered":"<p>Der Kickschadenkalkulator wird aktuell \u00fcberarbeitet und auf einen aktuellen Softwarestand gebracht. Sobald er wieder verf\u00fcgbar ist, k\u00f6nnt ihr ihn wie gewohnt hier finden.<\/p>\n","protected":false},"author":746,"featured_media":0,"parent":476179,"menu_order":62,"comment_status":"closed","ping_status":"open","template":"tpl\/tpl__calc_d2_kick.php","meta":{"footnotes":""},"class_list":["post-488220","page","type-page","status-publish","hentry","entry"],"_links":{"self":[{"href":"https:\/\/planetdiablo.eu\/de\/wp-json\/wp\/v2\/pages\/488220","targetHints":{"allow":["GET"]}}],"collection":[{"href":"https:\/\/planetdiablo.eu\/de\/wp-json\/wp\/v2\/pages"}],"about":[{"href":"https:\/\/planetdiablo.eu\/de\/wp-json\/wp\/v2\/types\/page"}],"author":[{"embeddable":true,"href":"https:\/\/planetdiablo.eu\/de\/wp-json\/wp\/v2\/users\/746"}],"replies":[{"embeddable":true,"href":"https:\/\/planetdiablo.eu\/de\/wp-json\/wp\/v2\/comments?post=488220"}],"version-history":[{"count":1,"href":"https:\/\/planetdiablo.eu\/de\/wp-json\/wp\/v2\/pages\/488220\/revisions"}],"predecessor-version":[{"id":582297,"href":"https:\/\/planetdiablo.eu\/de\/wp-json\/wp\/v2\/pages\/488220\/revisions\/582297"}],"up":[{"embeddable":true,"href":"https:\/\/planetdiablo.eu\/de\/wp-json\/wp\/v2\/pages\/476179"}],"wp:attachment":[{"href":"https:\/\/planetdiablo.eu\/de\/wp-json\/wp\/v2\/media?parent=488220"}],"curies":[{"name":"wp","href":"https:\/\/api.w.org\/{rel}","templated":true}]}}