{"id":488222,"date":"2011-08-22T11:10:17","date_gmt":"2011-08-22T09:10:17","guid":{"rendered":"http:\/\/diablo3.ingame.de\/?page_id=488222"},"modified":"2021-04-19T09:23:58","modified_gmt":"2021-04-19T07:23:58","slug":"pvp-orb","status":"publish","type":"page","link":"https:\/\/planetdiablo.eu\/de\/diablo-2\/calculatoren\/pvp-orb\/","title":{"rendered":"Diablo 2 PvP Orb Kalkulator"},"content":{"rendered":"\n<p>Der PvP Orbkalkulator wird aktuell \u00fcberarbeitet und auf einen aktuellen Softwarestand gebracht. Sobald er wieder verf\u00fcgbar ist, k\u00f6nnt ihr ihn wie gewohnt hier finden.<\/p>\n","protected":false},"excerpt":{"rendered":"<p>Der PvP Orbkalkulator wird aktuell \u00fcberarbeitet und auf einen aktuellen Softwarestand gebracht. Sobald er wieder verf\u00fcgbar ist, k\u00f6nnt ihr ihn wie gewohnt hier finden.<\/p>\n","protected":false},"author":746,"featured_media":0,"parent":476179,"menu_order":62,"comment_status":"open","ping_status":"open","template":"tpl\/tpl__calc_d2_orb.php","meta":{"footnotes":""},"class_list":["post-488222","page","type-page","status-publish","hentry","entry"],"_links":{"self":[{"href":"https:\/\/planetdiablo.eu\/de\/wp-json\/wp\/v2\/pages\/488222","targetHints":{"allow":["GET"]}}],"collection":[{"href":"https:\/\/planetdiablo.eu\/de\/wp-json\/wp\/v2\/pages"}],"about":[{"href":"https:\/\/planetdiablo.eu\/de\/wp-json\/wp\/v2\/types\/page"}],"author":[{"embeddable":true,"href":"https:\/\/planetdiablo.eu\/de\/wp-json\/wp\/v2\/users\/746"}],"replies":[{"embeddable":true,"href":"https:\/\/planetdiablo.eu\/de\/wp-json\/wp\/v2\/comments?post=488222"}],"version-history":[{"count":1,"href":"https:\/\/planetdiablo.eu\/de\/wp-json\/wp\/v2\/pages\/488222\/revisions"}],"predecessor-version":[{"id":582296,"href":"https:\/\/planetdiablo.eu\/de\/wp-json\/wp\/v2\/pages\/488222\/revisions\/582296"}],"up":[{"embeddable":true,"href":"https:\/\/planetdiablo.eu\/de\/wp-json\/wp\/v2\/pages\/476179"}],"wp:attachment":[{"href":"https:\/\/planetdiablo.eu\/de\/wp-json\/wp\/v2\/media?parent=488222"}],"curies":[{"name":"wp","href":"https:\/\/api.w.org\/{rel}","templated":true}]}}