{"id":488228,"date":"2011-08-22T11:10:08","date_gmt":"2011-08-22T09:10:08","guid":{"rendered":"http:\/\/diablo3.ingame.de\/?page_id=488228"},"modified":"2021-06-10T09:50:13","modified_gmt":"2021-06-10T07:50:13","slug":"angriffsgeschwindigkeit","status":"publish","type":"page","link":"https:\/\/planetdiablo.eu\/de\/diablo-2\/calculatoren\/angriffsgeschwindigkeit\/","title":{"rendered":"Diablo 2 Angriffsgeschwindigkeits Kalkulator"},"content":{"rendered":"\n<p>Der Angriffsgeschwindigkeitskalkulator wird aktuell \u00fcberarbeitet und auf einen aktuellen Softwarestand gebracht. Sobald er wieder verf\u00fcgbar ist, k\u00f6nnt ihr ihn wie gewohnt hier finden.<\/p>\n","protected":false},"excerpt":{"rendered":"<p>Der Angriffsgeschwindigkeitskalkulator wird aktuell \u00fcberarbeitet und auf einen aktuellen Softwarestand gebracht. Sobald er wieder verf\u00fcgbar ist, k\u00f6nnt ihr ihn wie gewohnt hier finden.<\/p>\n","protected":false},"author":746,"featured_media":0,"parent":476179,"menu_order":62,"comment_status":"closed","ping_status":"open","template":"tpl\/tpl__calc_d2_weaponspeed.php","meta":{"footnotes":""},"class_list":["post-488228","page","type-page","status-publish","hentry","entry"],"_links":{"self":[{"href":"https:\/\/planetdiablo.eu\/de\/wp-json\/wp\/v2\/pages\/488228","targetHints":{"allow":["GET"]}}],"collection":[{"href":"https:\/\/planetdiablo.eu\/de\/wp-json\/wp\/v2\/pages"}],"about":[{"href":"https:\/\/planetdiablo.eu\/de\/wp-json\/wp\/v2\/types\/page"}],"author":[{"embeddable":true,"href":"https:\/\/planetdiablo.eu\/de\/wp-json\/wp\/v2\/users\/746"}],"replies":[{"embeddable":true,"href":"https:\/\/planetdiablo.eu\/de\/wp-json\/wp\/v2\/comments?post=488228"}],"version-history":[{"count":1,"href":"https:\/\/planetdiablo.eu\/de\/wp-json\/wp\/v2\/pages\/488228\/revisions"}],"predecessor-version":[{"id":582293,"href":"https:\/\/planetdiablo.eu\/de\/wp-json\/wp\/v2\/pages\/488228\/revisions\/582293"}],"up":[{"embeddable":true,"href":"https:\/\/planetdiablo.eu\/de\/wp-json\/wp\/v2\/pages\/476179"}],"wp:attachment":[{"href":"https:\/\/planetdiablo.eu\/de\/wp-json\/wp\/v2\/media?parent=488228"}],"curies":[{"name":"wp","href":"https:\/\/api.w.org\/{rel}","templated":true}]}}