{"id":503246,"date":"2011-12-13T16:14:07","date_gmt":"2011-12-13T15:14:07","guid":{"rendered":"http:\/\/diablo3.ingame.de\/?page_id=503246"},"modified":"2021-04-14T08:22:28","modified_gmt":"2021-04-14T07:22:28","slug":"begleiter-lyndon","status":"publish","type":"page","link":"https:\/\/planetdiablo.eu\/de\/diablo-3\/die-begleiter\/begleiter-lyndon\/","title":{"rendered":"Diablo 3 &#8211; Lyndon der Schuft"},"content":{"rendered":"<h2 style=\"text-align:center\"><em>\u201cEs gibt viele Methoden, eine T\u00fcr zu \u00f6ffnen. Zuf\u00e4lligerweise kenne ich die meisten davon.\u201d<\/em><\/h2>\n<p><img decoding=\"async\" class=\"aligncenter\" src=\"\/wp-content\/uploads\/2011\/12\/Schurke.png\" alt=\"Diablo 3 - Lyndon der Schuft\"><\/p>\n<p>Wo Konflikte brodeln, sind Opportunisten oft nicht weit. Ein Land zwischen dem Himmel und der Brennenden H\u00f6lle ist ein gefundenes Fressen f\u00fcr Schurken und W\u00fcstlinge, und beide Bezeichnungen treffen auf Lyndon zu.<\/p>\n<p>Die letzten paar Jahre seines st\u00fcrmischen Lebens hat er damit verbracht, von Ort zu Ort zu ziehen, die Leichtgl\u00e4ubigen hereinzulegen, die Damenwelt zu bet\u00f6ren und Unbedarfte um ihr Geld und ihre Drinks zu erleichtern. Bewaffnete Wachen oder auch die Gefahr gefangen zu werden, haben Lyndon nie davon abgehalten, ein Diebesleben zu f\u00fchren.<\/p>\n<p>Sich an einem Konflikt gegen endlose Horden grausamer D\u00e4monen und marodierender Bestien zu beteiligen, erscheint bei einem \u00e4u\u00dferlich derart charmanten und unverbl\u00fcmt selbsts\u00fcchtigen Mann als Stilbruch. An Lyndon muss doch mehr sein als nur eine Vorliebe f\u00fcr Wein, Weib und Wohlstand.<\/p>\n<p>Oder?<\/p>\n<p><img decoding=\"async\" class=\"aligncenter\" src=\"\/wp-content\/uploads\/2011\/12\/crest.png\" alt=\"Lyndon der Schuft\"><\/p>\n<p>Da Lydon mit Bogen und Armbrust in den Kampf zieht w\u00e4re es leichtsinnig von ihm sich direkt zwischen den Spieler und die Legionen der H\u00f6lle zu werfen.<\/p>\n<p>Stattdessen greift er auf seine reichhaltigen Erfahrungen als Schuft zur\u00fcck um Gegner zu verlangsamen oder gleich zu blenden.<\/p>\n<p>Wird es dennoch brenzlig f\u00fcr ihn zieht er sich f\u00fcr kurze Zeit vom Schlachtfeld zur\u00fcck um kurze Zeit sp\u00e4ter wieder mit vergiffteten Pfeilen in den Kampf einzugreifen.<\/p>\n<p>Aber in Lydons Repertoire befindet sich nicht nur Gift, er kann auch mehrere Pfeile oder einen einzelnen Hochexplosiven abfeuern.<\/p>\n<p>Dank seiner Gerissenheit und Beobachtungen kann er auch die Genauigkeit f\u00fcr sich und seine Verb\u00fcndeten erh\u00f6hen oder nach einem kritischen Treffer die Angriffsgeschwindigkeit erh\u00f6hen.<\/p>\n<h2>Skills des Schufts<\/h2>\n<p>Ab Patch 2.7.0 profitieren die meisten Fertigkeiten des Schufts von der Menge an Geschicklichkeit \u00fcber die er verf\u00fcgt. Je mehr Geschicklichkeit, desto besser bzw. l\u00e4nger wirken seine Skills. Geschicklichkeit ist der Mainstat des Schufts und wird haupts\u00e4chlich \u00fcber das Anlegen von Items (R\u00fcstung,. Waffen etc.) gesteigert. Das ist zum Gl\u00fcck nicht weiter schwer zu verwirklichen. Items gibt es genug in Diablo 3.<\/p>\n<details>\n<summary>\n<h4><span>\u25bc Ausklappen \u25bc<\/span><\/h4>\n<\/summary>\n<h3>Stufe 5<\/h3>\n<table>\n<tbody>\n<tr>\n<td rowspan=\"3\" width=\"90px\"><img decoding=\"async\" src=\"\/wp-content\/uploads\/2011\/11\/scoundrel_cripplingshot.png\" alt=\"Verkr\u00fcppelnder Schuss\" style=\"float:left;margin-right:20px\"><\/td>\n<td colspan=\"2\">\n<h4>Verkr\u00fcppelnder Schuss<\/h4>\n<\/td>\n<\/tr>\n<tr>\n<td colspan=\"2\">Distanzangriff, der <span style=\"color:lime!important\">140%<\/span> Waffenschaden verursacht und getroffene Gegner <span style=\"color:lime!important\">3-6<\/span> Sekunden lang um <span style=\"color:lime!important\">80%<\/span> verlangsamt.<\/td>\n<\/tr>\n<tr>\n<td><\/td>\n<td valign=\"top\" align=\"right\">Abklingzeit: <span style=\"color:lime!important\">4<\/span> Sekunden<\/td>\n<\/tr>\n<\/tbody>\n<\/table>\n<table>\n<tbody>\n<tr>\n<td rowspan=\"3\" width=\"90px\"><img decoding=\"async\" src=\"\/wp-content\/uploads\/2011\/11\/scoundrel_poisonarrow.png\" alt=\"Giftbolzen\" style=\"float:left;margin-right:20px\"><\/td>\n<td colspan=\"2\">\n<h4>Durchschlagender Schuss<\/h4>\n<\/td>\n<\/tr>\n<tr>\n<td colspan=\"2\"> Distanzangriff, der beim Auftreffen explodiert und Gegnern im Umkreis von 10 Metern <span style=\"color:lime!important\">120 % <\/span> Waffenschaden als Arkanschaden zuf\u00fcgt. Au\u00dferdem besteht eine Chance von 100 %, dass Gegner basierend auf der Geschicklichkeit des Schufts f\u00fcr <span style=\"color:lime!important\">3\u20136 <\/span> Sek. bet\u00e4ubt werden.<\/td>\n<\/tr>\n<tr>\n<td><\/td>\n<td valign=\"top\" align=\"right\">Abklingzeit: <span style=\"color:lime!important\">3<\/span> Sekunden<\/td>\n<\/tr>\n<\/tbody>\n<\/table>\n<h3>Stufe 10<\/h3>\n<table>\n<tbody>\n<tr>\n<td rowspan=\"3\" width=\"90px\"><img decoding=\"async\" src=\"\/wp-content\/uploads\/2011\/11\/scoundrel_dirtyfighting.png\" alt=\"Noch kein Bild verfuegbar :(\" style=\"float:left;margin-right:20px\"><\/td>\n<td colspan=\"2\">\n<h4>Nachtschleier<\/h4>\n<\/td>\n<\/tr>\n<tr>\n<td colspan=\"2\"> Der Schuft erschafft eine Wolke, die basierend auf der Geschicklichkeit des Schufts <span style=\"color:lime!important\"> 2\u20134 Sek.<\/span> lang einen Bereich von 20 Metern bedeckt. Alle Angriffe gegen Gegner innerhalb der Wolke treffen kritisch.<\/td>\n<\/tr>\n<tr>\n<td><\/td>\n<td valign=\"top\" align=\"right\">Abklingzeit: <span style=\"color:lime!important\">6<\/span> Sekunden<\/td>\n<\/tr>\n<\/tbody>\n<\/table>\n<table>\n<tbody>\n<tr>\n<td rowspan=\"3\" width=\"90px\"><img decoding=\"async\" src=\"\/wp-content\/uploads\/2011\/11\/scoundrel_vanish.png\" alt=\"Verschwinden\" style=\"float:left;margin-right:20px\"><\/td>\n<td colspan=\"2\">\n<h4>Verschwinden<\/h4>\n<\/td>\n<\/tr>\n<tr>\n<td colspan=\"2\">\nWenn Ihr t\u00f6dlichen Schaden erleiden w\u00fcrdet, verbirgt Euch der Schuft basierend auf der Geschicklichkeit des Schufts <span style=\"color:lime!important\"> 3\u20137 Sek. <\/span> lang vor Gegnern und verhindert so Euren Tod.<\/td>\n<\/tr>\n<tr>\n<td><\/td>\n<td valign=\"top\" align=\"right\">Abklingzeit: <span style=\"color:lime!important\">30<\/span> Sekunden<\/td>\n<\/tr>\n<\/tbody>\n<\/table>\n<h3>Stufe 15<\/h3>\n<table>\n<tbody>\n<tr>\n<td rowspan=\"3\" width=\"90px\"><img decoding=\"async\" src=\"\/wp-content\/uploads\/2011\/11\/scoundrel_multishot.png\" alt=\"Mehrfachschuss\" style=\"float:left;margin-right:20px\"><\/td>\n<td colspan=\"2\">\n<h4>Mehrfachschuss<\/h4>\n<\/td>\n<\/tr>\n<tr>\n<td colspan=\"2\">Aktiv: Die Distanzangriffe des Schufts verschie\u00dfen <span style=\"color:lime!important\">3<\/span> Bolzen auf einmal, von denen jeder <span style=\"color:lime!important\">110%<\/span> Waffenschaden verursacht.<\/td>\n<\/tr>\n<tr><\/tr>\n<tr>\n<td colspan=\"2\">Passiv: Die Spezialangriffe des Schufts haben eine Chance von <span style=\"color:lime!important\">50 &#8211; 70% <\/span>, basierend auf der Geschicklichkeit des Schufts, <span style=\"color:lime!important\">3<\/span> Bolzen zu verschie\u00dfen.<\/td>\n<\/tr>\n<tr>\n<td><\/td>\n<td valign=\"top\" align=\"right\">Abklingzeit: <span style=\"color:lime!important\">8<\/span><\/td>\n<\/tr>\n<\/tbody>\n<\/table>\n<table>\n<tbody>\n<tr>\n<td rowspan=\"3\" width=\"90px\"><img decoding=\"async\" src=\"\/wp-content\/uploads\/2011\/11\/scoundrel_powershot.png\" alt=\"Kraftschuss\" style=\"float:left;margin-right:20px\"><\/td>\n<td colspan=\"2\">\n<h4>Kraftschuss<\/h4>\n<\/td>\n<\/tr>\n<tr>\n<td colspan=\"2\">Distanzangriff, der beim Auftreffen explodiert und Gegnern im Umkreis von 10 Metern <span style=\"color:lime!important\">120 % <\/span> Waffenschaden als Arkanschaden zuf\u00fcgt. Au\u00dferdem besteht eine Chance von 100 %, dass Gegner basierend auf der Geschicklichkeit des Schufts f\u00fcr <span style=\"color:lime!important\">3\u20136 <\/span> Sek. bet\u00e4ubt werden.<\/td>\n<\/tr>\n<tr>\n<td><\/td>\n<td valign=\"top\" align=\"right\">Abklingzeit: <span style=\"color:lime!important\">8<\/span> Sekunden<\/td>\n<\/tr>\n<\/tbody>\n<\/table>\n<h3>Stufe 20<\/h3>\n<table>\n<tbody>\n<tr>\n<td rowspan=\"3\" width=\"90px\"><img decoding=\"async\" src=\"\/wp-content\/uploads\/2011\/11\/scoundrel_anatomy.png\" alt=\"Anatomie\" style=\"float:left;margin-right:20px\"><\/td>\n<td colspan=\"2\">\n<h4>Anatomie<\/h4>\n<\/td>\n<\/tr>\n<tr>\n<td colspan=\"2\">Erh\u00f6ht Eure kritische Trefferchance und die des Schufts basierend auf der Geschicklichkeit des Schufts um <span style=\"color:lime!important\"> 1,8\u20134% <\/span>.<\/td>\n<\/tr>\n<tr>\n<td><\/td>\n<td valign=\"top\" align=\"right\">Abklingzeit: <span style=\"color:lime!important\">&#8211;<\/span><\/td>\n<\/tr>\n<\/tbody>\n<\/table>\n<table>\n<tbody>\n<tr>\n<td rowspan=\"3\" width=\"90px\"><img decoding=\"async\" src=\"\/wp-content\/uploads\/2011\/11\/scoundrel_hysteria.png\" alt=\"Hysterie\" style=\"float:left;margin-right:20px\"><\/td>\n<td colspan=\"2\">\n<h4>Hysterie<\/h4>\n<\/td>\n<\/tr>\n<tr>\n<td colspan=\"2\">Immer wenn Ihr oder der Schuft einen kritischen Treffer erzielt, verfallen sowohl er als auch Ihr in Hysterie, wodurch s\u00e4mtlicher verursachter Schaden basierend auf der Geschicklichkeit des Schufts <span style=\"color:lime!important\">3-6 <\/span> Sekunden lang um <span style=\"color:lime!important\">3%<\/span> erh\u00f6ht wird.<\/td>\n<\/tr>\n<tr>\n<td><\/td>\n<td valign=\"top\" align=\"right\">Abklingzeit: <span style=\"color:lime!important\">&#8211;<\/span><\/td>\n<\/tr>\n<\/tbody>\n<\/table>\n<\/details>\n<h2>\u00c4u\u00dferes<\/h2>\n<p><img decoding=\"async\" alt=\"R\u00fcnstungen des Schufts\" src=\"\/wp-content\/uploads\/2011\/12\/armorscoundrel.png\" class=\"aligncenter\" width=\"100%\"><\/p>\n<p>Lyndons anf\u00e4ngliche Kleidung ist nicht in erster Linie f\u00fcr den Kampf gedacht, sondern um sich darin frei bewegen zu k\u00f6nnen, wenn er geschmeidig durch hohe Schlafzimmerfenster klettern muss. Dementsprechend gering ist auch der Schutz, den ihm diese Kleidung gew\u00e4hrt.<\/p>\n<p>Mit besseren R\u00fcstungsteilen nimmt die Anzahl an Beutelchen mit Blendpulver und geheimen Taschen an seiner Kleidung zu. Au\u00dferdem erh\u00e4lt er einen schicken Kragen.<\/p>\n<p>Sobald er seine Scheu vor dem Abschlachten von D\u00e4monen ablegt, tr\u00e4gt er zwei riesige K\u00f6cher an den H\u00fcften und investiert seine Profite in Schulterverzierungen, deren Wert allein schon f\u00fcr einen angenehmen Ruhestand gen\u00fcgen w\u00fcrde.<\/p>\n<h2>Marken des Schufts<\/h2>\n<p>Andenken an ein Leben gelenkt von Gl\u00fcck und Opportunismus, die ihm auch im Kampf gegen die Legionen der H\u00f6lle das n\u00f6tige Quentchen Gl\u00fcck bringen sollen. Dabei unterschl\u00e4gt der Schuft elegant, dass das wirkliche Leben profaner ist:<br \/>\nDie Marken (Token) verf\u00fcgen \u00fcber unterschiedliche F\u00e4higkeiten. Im besten Fall m\u00f6chte man ein legend\u00e4res Relikt finden welches den Tod des Begleiters verhindert \u2013 so ist der immer dabei. Alternativ gibt es auch Relikte welche alle Fertigkeiten des Begleiters auf einmal freischalten (Abklingzeiten bleiben trotzdem). Seltene oder nur magische Relikte geben nur die \u00fcblichen Stats wie Mainstat, Angriffsgeschwindigkeit, Reduktion der Abklingzeit usw.<\/p>\n<p><img decoding=\"async\" class=\"aligncenter\" src=\"\/wp-content\/uploads\/2011\/12\/scoundrel_special.png\" style=\"float:left!important;margin-right:5px!important\" alt=\"Schuft-Marke\"><br \/>\n<img decoding=\"async\" class=\"aligncenter\" src=\"\/wp-content\/uploads\/2011\/12\/scoundrel_special2.png\" style=\"float:left!important;margin-right:5px!important\" alt=\"Schuft-Marke\"><br \/>\n<img decoding=\"async\" class=\"aligncenter\" src=\"\/wp-content\/uploads\/2011\/12\/scoundrel_special3.png\" style=\"float:left!important;margin-right:5px!important\" alt=\"Schuft-Marke\"><br \/>\n<img decoding=\"async\" class=\"aligncenter\" src=\"\/wp-content\/uploads\/2011\/12\/scoundrel_special4.png\" style=\"float:left!important;margin-right:5px!important\" alt=\"Schuft-Marke\"><\/p>\n<p style=\"clear:both;\">Diese Gegenst\u00e4nde erg\u00e4nzen die Ausr\u00fcstung des Schufts. Er kann ab Stufe 18 eine Marke tragen.<\/p>\n","protected":false},"excerpt":{"rendered":"<p>\u201cEs gibt viele Methoden, eine T\u00fcr zu \u00f6ffnen. Zuf\u00e4lligerweise kenne ich die meisten davon.\u201d Wo Konflikte brodeln, sind Opportunisten oft nicht weit. Ein Land zwischen dem Himmel und der Brennenden H\u00f6lle ist ein gefundenes Fressen f\u00fcr Schurken und W\u00fcstlinge, und beide Bezeichnungen treffen auf Lyndon zu. Die letzten paar Jahre seines st\u00fcrmischen Lebens hat er&hellip; <a class=\"more-link\" href=\"https:\/\/planetdiablo.eu\/de\/diablo-3\/die-begleiter\/begleiter-lyndon\/\"><span class=\"screen-reader-text\">Diablo 3 &#8211; Lyndon der Schuft<\/span> weiterlesen<\/a><\/p>\n","protected":false},"author":836,"featured_media":0,"parent":447267,"menu_order":0,"comment_status":"closed","ping_status":"open","template":"","meta":{"footnotes":""},"class_list":["post-503246","page","type-page","status-publish","hentry","entry"],"_links":{"self":[{"href":"https:\/\/planetdiablo.eu\/de\/wp-json\/wp\/v2\/pages\/503246","targetHints":{"allow":["GET"]}}],"collection":[{"href":"https:\/\/planetdiablo.eu\/de\/wp-json\/wp\/v2\/pages"}],"about":[{"href":"https:\/\/planetdiablo.eu\/de\/wp-json\/wp\/v2\/types\/page"}],"author":[{"embeddable":true,"href":"https:\/\/planetdiablo.eu\/de\/wp-json\/wp\/v2\/users\/836"}],"replies":[{"embeddable":true,"href":"https:\/\/planetdiablo.eu\/de\/wp-json\/wp\/v2\/comments?post=503246"}],"version-history":[{"count":12,"href":"https:\/\/planetdiablo.eu\/de\/wp-json\/wp\/v2\/pages\/503246\/revisions"}],"predecessor-version":[{"id":581714,"href":"https:\/\/planetdiablo.eu\/de\/wp-json\/wp\/v2\/pages\/503246\/revisions\/581714"}],"up":[{"embeddable":true,"href":"https:\/\/planetdiablo.eu\/de\/wp-json\/wp\/v2\/pages\/447267"}],"wp:attachment":[{"href":"https:\/\/planetdiablo.eu\/de\/wp-json\/wp\/v2\/media?parent=503246"}],"curies":[{"name":"wp","href":"https:\/\/api.w.org\/{rel}","templated":true}]}}