{"id":503274,"date":"2011-12-13T16:46:41","date_gmt":"2011-12-13T15:46:41","guid":{"rendered":"http:\/\/diablo3.ingame.de\/?page_id=503274"},"modified":"2021-06-10T09:48:26","modified_gmt":"2021-06-10T07:48:26","slug":"begleiter-kormac","status":"publish","type":"page","link":"https:\/\/planetdiablo.eu\/de\/diablo-3\/die-begleiter\/begleiter-kormac\/","title":{"rendered":"Diablo 3 &#8211; Kormac der Templer"},"content":{"rendered":"<h2 style=\"text-align:center\"><em>\u201cIch werde nie dem B\u00f6sen unterliegen.\u201d<\/em><\/h2>\n<p><img decoding=\"async\" class=\"aligncenter\" src=\"\/wp-content\/uploads\/2011\/12\/Templar.png\" alt=\"Diablo 3 - Kormac der Templer\"><\/p>\n<p>Die Templer sind heilige Krieger, die f\u00fcr die Gerechtigkeit k\u00e4mpfen und die \u00dcbel von Kultismus und d\u00e4monischer Besessenheit durch Selbstverleugnung abwehren. Ihre Gel\u00fcbde, das Land zu verteidigen, sind nicht nur Lippenbekenntnisse \u2013 jeder von ihnen wurde f\u00fcr den Kampf ausgebildet. Der gr\u00fcbelnde, hingebungsvolle Kormac ist einer ihrer Mustersoldaten.<\/p>\n<p>Kormac kam als junger Mann zum Orden und wurde fr\u00fchzeitig zum idealen Templer erzogen, sodass er sich ganz nat\u00fcrlich an einen asketischen Lebensstil anpasste. Seine Hingabe ist besonders unersch\u00fctterlich, selbst f\u00fcr einen Templer. Obwohl er F\u00e4higkeiten auf dem Schlachtfeld hoch sch\u00e4tzt, macht er keinen Hehl aus seiner Abneigung gegen\u00fcber jenen, die seine hohen Moralvorstellungen nicht teilen.<\/p>\n<p>Auch wenn Kormacs Herangehensweise nicht immer die Eure sein wird, sind seine Ziele doch die gleichen. Also wird er an Eurer Seite k\u00e4mpfen, um die Welt von der heimt\u00fcckischen Dunkelheit zu befreien, die sich vor dem Licht der Himmel zu verstecken sucht.<\/p>\n<p><img decoding=\"async\" class=\"aligncenter\" src=\"\/wp-content\/uploads\/2011\/12\/Templar-Crest.png\" alt=\"Kormac der Templer\"><\/p>\n<p>Als Templer in dicker R\u00fcstung ist Kormac immer da zu finden, wo es Schl\u00e4ge einzustecken gilt, um nicht so stark gesch\u00fctzte Gef\u00e4hrten vor Schaden zu bewahren.<br \/>\nM\u00e4chtige Hiebe austeilend, verspottet er seine Feinde noch zus\u00e4tzlich, um ihre Angriffe mit Sicherheit auf sich zu ziehen.<\/p>\n<p>Zu seinem Repertoire z\u00e4hlen nebst gutem Schutz und schweren Angriffen F\u00e4higkeiten, die seine Gegner verlangsamen, wenn sie ihn treffen, oder gar so kr\u00e4ftige Hiebe, dass Gegner f\u00fcr mehrere Sekunden gel\u00e4hmt werden.<\/p>\n<p>Wird es doch mal eng f\u00fcr ihn oder seine Begleiter, besitzt er auch heilende Kr\u00e4fte, die selbst tiefe Wunden wieder verschliessen k\u00f6nnen.<\/p>\n<p>Sein beispielloser Mut f\u00e4rbt auch auf andere ab, die dank gesteigerter Gesundheits- und Resourcenregeneration l\u00e4nger und h\u00e4rter k\u00e4mpfen k\u00f6nnen.<\/p>\n<h2>Skills des Templers<\/h2>\n<p>Ab Patch 2.7.0 profitieren die meisten Fertigkeiten des Templers an der Menge von St\u00e4rke \u00fcber die er verf\u00fcgt. Je mehr St\u00e4rke, desto besser bzw. l\u00e4nger wirken seine Skills. St\u00e4rke ist der Mainstat des Templers und wird haupts\u00e4chlich \u00fcber das Anlegen von Items (R\u00fcstung,. Waffen etc.) gesteigert. Das ist zum Gl\u00fcck nicht weiter schwer zu verwirklichen. Items gibt es genug in Diablo 3.<\/p>\n<details>\n<summary>\n<h4><span>\u25bc Ausklappen \u25bc<\/span><\/h4>\n<\/summary>\n<h3>Stufe 5<\/h3>\n<table>\n<tbody>\n<tr>\n<td rowspan=\"3\" width=\"90px\"><img decoding=\"async\" src=\"\/wp-content\/uploads\/2011\/11\/templar_intervene.png\" alt=\"Einschreiten\" style=\"float:left;margin-right:20px\"><\/td>\n<td colspan=\"2\">\n<h4>Einschreiten<\/h4>\n<\/td>\n<\/tr>\n<tr>\n<td colspan=\"2\">Verspottet <span style=\"color:lime!important\">3-6<\/span> Sekunden lang Gegner, im Umkreis von <span style=\"color:lime!important\">10<\/span> Metern um Euch, wenn ihr Angegriffen werdet.<\/td>\n<\/tr>\n<tr>\n<td><\/td>\n<td valign=\"top\" align=\"right\">Abklingzeit: <span style=\"color:lime!important\">10<\/span> Sekunden<\/td>\n<\/tr>\n<\/tbody>\n<\/table>\n<table>\n<tbody>\n<tr>\n<td rowspan=\"3\" width=\"90px\"><img decoding=\"async\" src=\"\/wp-content\/uploads\/2011\/11\/templar_heal.png\" alt=\"Noch kein Bild verfuegbar :(\" style=\"float:left;margin-right:20px\"><\/td>\n<td colspan=\"2\">\n<h4>Heilen<\/h4>\n<\/td>\n<\/tr>\n<tr>\n<td colspan=\"2\">Heilt Euch und den Templer um <span style=\"color:lime!important\"> ~ 193112<\/span> Leben. (Abh\u00e4ngig von St\u00e4rke)<\/td>\n<\/tr>\n<tr>\n<td><\/td>\n<td valign=\"top\" align=\"right\">Abklingzeit: <span style=\"color:lime!important\">30<\/span> Sekunden<\/td>\n<\/tr>\n<\/tbody>\n<\/table>\n<h3>Stufe 10<\/h3>\n<table>\n<tbody>\n<tr>\n<td rowspan=\"3\" width=\"90px\"><img decoding=\"async\" src=\"\/wp-content\/uploads\/2011\/11\/templar_intimidate.png\" alt=\"Einsch\u00fcchtern\" style=\"float:left;margin-right:20px\"><\/td>\n<td colspan=\"2\">\n<h4>Einsch\u00fcchtern<\/h4>\n<\/td>\n<\/tr>\n<tr>\n<td colspan=\"2\">Gegner, die den Templer angreifen oder von ihm angegriffen werden, werden <span style=\"color:lime!important\">3-6<\/span> Sekunden lang um <span style=\"color:lime!important\">80%<\/span> verlangsamt.<\/td>\n<\/tr>\n<tr>\n<td><\/td>\n<td valign=\"top\" align=\"right\">Abklingzeit: <span style=\"color:lime!important\">&#8211;<\/span><\/td>\n<\/tr>\n<\/tbody>\n<\/table>\n<table>\n<tbody>\n<tr>\n<td rowspan=\"3\" width=\"90px\"><img decoding=\"async\" src=\"\/wp-content\/uploads\/2011\/11\/templar_loyalty.png\" alt=\"Treue\" style=\"float:left;margin-right:20px\"><\/td>\n<td colspan=\"2\">\n<h4>Treue<\/h4>\n<\/td>\n<\/tr>\n<tr>\n<td colspan=\"2\">Regeneriert pro Sekunde <span style=\"color:lime!important\">6437<\/span> Leben f\u00fcr Euch und den Templer.<\/td>\n<\/tr>\n<tr>\n<td><\/td>\n<td valign=\"top\" align=\"right\">Abklingzeit: <span style=\"color:lime!important\">&#8211;<\/span><\/td>\n<\/tr>\n<\/tbody>\n<\/table>\n<h3>Stufe 15<\/h3>\n<table>\n<tbody>\n<tr>\n<td rowspan=\"3\" width=\"90px\"><img decoding=\"async\" src=\"\/wp-content\/uploads\/2011\/11\/templar_shieldcharge.png\" alt=\"Ansturm\" style=\"float:left;margin-right:20px\"><\/td>\n<td colspan=\"2\">\n<h4>Ansturm<\/h4>\n<\/td>\n<\/tr>\n<tr>\n<td colspan=\"2\">St\u00fcrmt auf ein Ziel zu, f\u00fcgt ihm <span style=\"color:lime!important\">280%<\/span> Waffenschaden zu und bet\u00e4ubt <span style=\"color:lime!important\">3-6<\/span> Sekunden lang alle Gegner innerhalb von <span style=\"color:lime!important\">8<\/span> Metern.<\/td>\n<\/tr>\n<tr>\n<td><\/td>\n<td valign=\"top\" align=\"right\">Abklingzeit: <span style=\"color:lime!important\">10<\/span> Sekunden<\/td>\n<\/tr>\n<\/tbody>\n<\/table>\n<table>\n<tbody>\n<tr>\n<td rowspan=\"3\" width=\"90px\"><img decoding=\"async\" src=\"\/wp-content\/uploads\/2011\/11\/templar_onslaught.png\" alt=\"Offensive\" style=\"float:left;margin-right:20px\"><\/td>\n<td colspan=\"2\">\n<h4>Offensive<\/h4>\n<\/td>\n<\/tr>\n<tr>\n<td colspan=\"2\">F\u00fcgt einem Gegner einen massiven Schlag zu, der 800 % Waffenschaden verursacht. Erh\u00f6ht den Schaden, den das Ziel und Gegner in der N\u00e4he erleiden, basierend auf der St\u00e4rke des Templers <span style=\"color:lime!important\">3\u20136 Sek.<\/span> lang um <span style=\"color:lime!important\">10 %<\/span>.<\/td>\n<\/tr>\n<tr>\n<td><\/td>\n<td valign=\"top\" align=\"right\">Abklingzeit: <span style=\"color:lime!important\">10<\/span> Sekunden<\/td>\n<\/tr>\n<\/tbody>\n<\/table>\n<h3>Stufe 20<\/h3>\n<table>\n<tbody>\n<tr>\n<td rowspan=\"3\" width=\"90px\"><img decoding=\"async\" src=\"\/wp-content\/uploads\/2011\/11\/templar_inspire.png\" alt=\"Inspirieren\" style=\"float:left;margin-right:20px\"><\/td>\n<td colspan=\"2\">\n<h4>Inspirieren<\/h4>\n<\/td>\n<\/tr>\n<tr>\n<td colspan=\"2\">Erh\u00f6ht Eure Ressourcenerzeugung.<br \/>\nMana: <span style=\"color:lime!important\">7<\/span> pro Sekunde.<br \/>\nArkankraft: <span style=\"color:lime!important\">1.4<\/span> pro Sekunde.<br \/>\nHass: <span style=\"color:lime!important\">1<\/span> pro Sekunde.<br \/>\nZorn: <span style=\"color:lime!important\">1.1<\/span> pro Sekunde.<br \/>\nWut: um <span style=\"color:lime!important\">10%<\/span> erh\u00f6hte Erzeugung.<br \/>\nGeisteskraft: um <span style=\"color:lime!important\">10%<\/span> erh\u00f6hte Erzeugung.<\/td>\n<\/tr>\n<tr>\n<td><\/td>\n<td valign=\"top\" align=\"right\">Abklingzeit: <span style=\"color:lime!important\">&#8211;<\/span><\/td>\n<\/tr>\n<\/tbody>\n<\/table>\n<table>\n<tbody>\n<tr>\n<td rowspan=\"3\" width=\"90px\"><img decoding=\"async\" src=\"\/wp-content\/uploads\/2011\/11\/templar_guardian.png\" alt=\"W\u00e4chter\" style=\"float:left;margin-right:20px\"><\/td>\n<td colspan=\"2\">\n<h4>W\u00e4chter<\/h4>\n<\/td>\n<\/tr>\n<tr>\n<td colspan=\"2\">Wenn Ihr t\u00f6dlichen Schaden erleiden w\u00fcrdet, eilt Euch der Templer zu Hilfe, st\u00f6\u00dft Gegner im Umkreis von <span style=\"color:lime!important\">15<\/span> Metern zur\u00fcck und heilt Euch um <span style=\"color:lime!important\">15-25%<\/span> eures Lebens und sch\u00fctzt euch 5 Sekunden Lang vor Schaden.<\/td>\n<\/tr>\n<tr>\n<td><\/td>\n<td valign=\"top\" align=\"right\">Abklingzeit: <span style=\"color:lime!important\">120<\/span> Sekunden<\/td>\n<\/tr>\n<\/tbody>\n<\/table>\n<\/details>\n<h2>\u00c4u\u00dferes<\/h2>\n<p><img decoding=\"async\" src=\"\/wp-content\/uploads\/2011\/12\/armortemplar.png\" class=\"aligncenter\" alt=\"Templer-R\u00fcstungen\" width=\"100%\"><\/p>\n<p>Kormacs Novizenbrustplatte ist dick und zeugt von vielen K\u00e4mpfen, doch wird sie trotz ihres Gewichts kaum den Angriffen m\u00e4chtigerer D\u00e4monen standhalten k\u00f6nnen. Mit der Zeit kann Kormac seine R\u00fcstung erweitern, indem er einen Helm mit Gesichtsschutz und verst\u00e4rkte Kampfstiefel hinzuf\u00fcgt, die ihm auf t\u00fcckischem Gel\u00e4nde gute Dienste leisten werden.<br \/>\nGekleidet in das Ornat seines Ordens wird Kormac zu einer wahren Dampfwalze mit einer Eisenpanzerung, die ihn vor den Waffen der h\u00f6llischen Diener bewahrt.<\/p>\n<h2>Templerrelikte<\/h2>\n<p>Mit uralten Relikten des Templerordens an seiner Seite, die seinen Glauben noch weiter st\u00e4rken, stellt er sich den Legionen der H\u00f6lle entgegen. Die Relikte (Token) verf\u00fcgen \u00fcber unterschiedliche F\u00e4higkeiten. Im besten Fall m\u00f6chte man ein legend\u00e4res Relikt finden welches den Tod des Begleiters verhindert &#8211; so ist der immer dabei. Alternativ gibt es auch Relikte welche alle Fertigkeiten des Begleiters auf einmal freischalten (Abklingzeiten bleiben trotzdem). Seltene oder nur magische Relikte geben nur die \u00fcblichen Stats wie Mainstat, Angriffsgeschwindigkeit, Reduktion der Abklingzeit usw.<\/p>\n<p><img decoding=\"async\" class=\"aligncenter\" src=\"\/wp-content\/uploads\/2011\/12\/templar_special_01.png\" style=\"float:left!important;margin-right:5px!important\" alt=\"Templer-Relikt\"><br \/>\n<img decoding=\"async\" class=\"aligncenter\" src=\"\/wp-content\/uploads\/2011\/12\/templar_special_02.png\" style=\"float:left!important;margin-right:5px!important\" alt=\"Templer-Relikt\"><br \/>\n<img decoding=\"async\" class=\"aligncenter\" src=\"\/wp-content\/uploads\/2011\/12\/templar_special_03.png\" style=\"float:left!important;margin-right:5px!important\" alt=\"Templer-Relikt\"><br \/>\n<img decoding=\"async\" class=\"aligncenter\" src=\"\/wp-content\/uploads\/2011\/12\/templar_special_04.png\" style=\"float:left!important;margin-right:5px!important\" alt=\"Templer-Relikt\"><\/p>\n<p style=\"clear:both;\">Diese Gegenst\u00e4nde erg\u00e4nzen die Ausr\u00fcstung des Templers. Er kann ab Stufe 18 ein Relikt tragen.<\/p>\n","protected":false},"excerpt":{"rendered":"<p>\u201cIch werde nie dem B\u00f6sen unterliegen.\u201d Die Templer sind heilige Krieger, die f\u00fcr die Gerechtigkeit k\u00e4mpfen und die \u00dcbel von Kultismus und d\u00e4monischer Besessenheit durch Selbstverleugnung abwehren. Ihre Gel\u00fcbde, das Land zu verteidigen, sind nicht nur Lippenbekenntnisse \u2013 jeder von ihnen wurde f\u00fcr den Kampf ausgebildet. Der gr\u00fcbelnde, hingebungsvolle Kormac ist einer ihrer Mustersoldaten. Kormac&hellip; <a class=\"more-link\" href=\"https:\/\/planetdiablo.eu\/de\/diablo-3\/die-begleiter\/begleiter-kormac\/\"><span class=\"screen-reader-text\">Diablo 3 &#8211; Kormac der Templer<\/span> weiterlesen<\/a><\/p>\n","protected":false},"author":836,"featured_media":0,"parent":447267,"menu_order":39,"comment_status":"closed","ping_status":"open","template":"","meta":{"footnotes":""},"class_list":["post-503274","page","type-page","status-publish","hentry","entry"],"_links":{"self":[{"href":"https:\/\/planetdiablo.eu\/de\/wp-json\/wp\/v2\/pages\/503274","targetHints":{"allow":["GET"]}}],"collection":[{"href":"https:\/\/planetdiablo.eu\/de\/wp-json\/wp\/v2\/pages"}],"about":[{"href":"https:\/\/planetdiablo.eu\/de\/wp-json\/wp\/v2\/types\/page"}],"author":[{"embeddable":true,"href":"https:\/\/planetdiablo.eu\/de\/wp-json\/wp\/v2\/users\/836"}],"replies":[{"embeddable":true,"href":"https:\/\/planetdiablo.eu\/de\/wp-json\/wp\/v2\/comments?post=503274"}],"version-history":[{"count":13,"href":"https:\/\/planetdiablo.eu\/de\/wp-json\/wp\/v2\/pages\/503274\/revisions"}],"predecessor-version":[{"id":581692,"href":"https:\/\/planetdiablo.eu\/de\/wp-json\/wp\/v2\/pages\/503274\/revisions\/581692"}],"up":[{"embeddable":true,"href":"https:\/\/planetdiablo.eu\/de\/wp-json\/wp\/v2\/pages\/447267"}],"wp:attachment":[{"href":"https:\/\/planetdiablo.eu\/de\/wp-json\/wp\/v2\/media?parent=503274"}],"curies":[{"name":"wp","href":"https:\/\/api.w.org\/{rel}","templated":true}]}}