{"id":503298,"date":"2011-12-13T17:16:17","date_gmt":"2011-12-13T16:16:17","guid":{"rendered":"http:\/\/diablo3.ingame.de\/?page_id=503298"},"modified":"2021-04-14T08:26:16","modified_gmt":"2021-04-14T07:26:16","slug":"begleiter-eirena","status":"publish","type":"page","link":"https:\/\/planetdiablo.eu\/de\/diablo-3\/die-begleiter\/begleiter-eirena\/","title":{"rendered":"Diablo 3 &#8211; Eirena die Verzauberin"},"content":{"rendered":"<h2 style=\"text-align:center\"><em>\u201cIch habe alles zur\u00fcckgelassen &#8230; nun f\u00fchrt mich nur noch die Hoffnung.\u201d<\/em><\/h2>\n<p><img decoding=\"async\" class=\"aligncenter\" src=\"\/wp-content\/uploads\/2011\/12\/Enchantress.png\" alt=\"Diablo 3 - Eirena die Verzauberin\"><\/p>\n<p>Ihr jugendliches Aussehen k\u00f6nnte \u00fcber Eirenas Beherrschung von Verzauberungen und ihre unbeugsame Tapferkeit im Kampfe hinwegt\u00e4uschen&#8230; doch ihre wahre Herkunft zeugt von diesen Eigenschaften.<\/p>\n<p>Eirena stammt aus der l\u00e4ngst vergangenen \u00c4ra der Magierklan-Kriege, in der sie einer einer geheime Schwesternschaft angeh\u00f6rte. Als der Anf\u00fchrer der Schwesternschaft eine gro\u00dfe Katastrophe voraussah, die f\u00fcnfzehnhundert Jahre in der Zukunft die Welt bedrohen w\u00fcrde, legten Eirena und die anderen Schwester einen Schwur ab, diese Trag\u00f6die zu verhindern. Dieser Schwur lag jenseits von blo\u00dfen Worten und der Prophet versetzte die gesamte Schwesternschaft in einen magischen Tiefschlaf, der bis zur vorhergesehenen Katastrophe andauern w\u00fcrde.<\/p>\n<p>K\u00fcrzlich erwachte Eirena und fand sich in einer Welt der Apokalypse und des Aufruhrs wieder, in einem Land das sich stark von dem in ihrer Erinnerung unterscheidet. Ihre Schwestern sind tot und der Prophet ist nirgends zu finden.<\/p>\n<p>Trotz ihrer best\u00fcrzenden Lage ist Eirenas Ziel klar: sie hat sich einem neuen Zeitalter und der Hoffnung, dessen Rettung finden zu k\u00f6nnen, verschrieben. K\u00f6nnte ihre fremdartige Magie der Schl\u00fcssel zur Verbannung aller D\u00e4monen aus Sanktuario sein?<\/p>\n<p><img decoding=\"async\" class=\"aligncenter\" src=\"\/wp-content\/uploads\/2011\/12\/Enchantress-Crest.png\" alt=\"Eirena die Verzauberin\"><\/p>\n<p>Obwohl sie nur leicht gekleidet ist und nicht die schwere R\u00fcstung eines Templers tr\u00e4gt, sollte man keinesfalls den Fehler begehen, Eirena als leichtes Ziel zu betrachten, versteht sie es doch wie keine andere, die Sinne ihrer Feinde zu vernebeln und sie zu schw\u00e4chen.<\/p>\n<p>Dies manifestiert sich in der F\u00e4higkeit, Gegner benommen zu machen, oder sie zu bet\u00f6ren, so dass sie an ihrer Seite k\u00e4mpfen.<\/p>\n<p>Das wohl beeindruckendste Kunstst\u00fcck aus ihrem reichhaltigen Fundus an magischen Fertigkeiten ist es jedoch, Feinde kurzerhand in gackernde H\u00fchner zu verwandeln.<\/p>\n<p>Eirena kann sich aber auch auf destruktivere Art zur Wehr setzten, indem sie Gegner mit einer sch\u00e4digenden arkanen Explosion von sich wegst\u00f6sst oder den Boden mit arkaner Energie anreichert, der Feinden darin Schaden zuf\u00fcgt und sie merklich schw\u00e4cht.<\/p>\n<h2>Skills der Verzauberin<\/h2>\n<p>Ab Patch 2.7.0 profitieren die meisten Fertigkeiten der Verzauberin von der Menge an Intelligenz \u00fcber die sie verf\u00fcgt. Je mehr Intelligenz, desto besser bzw. l\u00e4nger wirken ihre Skills. Intelligenz ist der Mainstat der Verzauberin und wird haupts\u00e4chlich \u00fcber das Anlegen von Items (R\u00fcstung,. Waffen etc.) gesteigert. Das ist zum Gl\u00fcck nicht weiter schwer zu verwirklichen. Items gibt es genug in Diablo 3.<\/p>\n<details>\n<summary>\n<h4><span>\u25bc Ausklappen \u25bc<\/span><\/h4>\n<\/summary>\n<h3>Stufe 5<\/h3>\n<table>\n<tbody>\n<tr>\n<td rowspan=\"3\" width=\"90px\"><img decoding=\"async\" src=\"\/wp-content\/uploads\/2011\/11\/enchantress_charm.png\" alt=\"Bet\u00f6ren\" style=\"float:left;margin-right:20px\"><\/td>\n<td colspan=\"2\">\n<h4>Bet\u00f6ren<\/h4>\n<\/td>\n<\/tr>\n<tr>\n<td colspan=\"2\">Die Verzauberin bet\u00f6rt einen Gegner und bringt ihn dazu, <span style=\"color:lime!important\">8<\/span> Sek. lang f\u00fcr Euch zu k\u00e4mpfen.<\/td>\n<\/tr>\n<tr>\n<td><\/td>\n<td valign=\"top\" align=\"right\">Abklingzeit: <span style=\"color:lime!important\">18<\/span> Sekunden<\/td>\n<\/tr>\n<\/tbody>\n<\/table>\n<table>\n<tbody>\n<tr>\n<td rowspan=\"3\" width=\"90px\"><img decoding=\"async\" src=\"\/wp-content\/uploads\/2011\/11\/enchantress_forcefulpush.png\" alt=\"Kr\u00e4ftiger Sto\u00df\" style=\"float:left;margin-right:20px\"><\/td>\n<td colspan=\"2\">\n<h4>Verst\u00e4rkung<\/h4>\n<\/td>\n<\/tr>\n<tr>\n<td colspan=\"2\"> Erh\u00f6ht Euren h\u00f6chsten statischen Elementarschadensbonus basierend auf der Intelligenz der Verzauberin um <span style=\"color:lime!important\"> 5\u201310 % <\/span>.<\/td>\n<\/tr>\n<tr>\n<td><\/td>\n<td valign=\"top\" align=\"right\">Abklingzeit: <span style=\"color:lime!important\">&#8211;<\/span> Sekunden<\/td>\n<\/tr>\n<\/tbody>\n<\/table>\n<h3>Stufe 20<\/h3>\n<table>\n<tbody>\n<tr>\n<td rowspan=\"3\" width=\"90px\"><img decoding=\"async\" src=\"\/wp-content\/uploads\/2011\/11\/enchantress_reflectmissiles.png\" alt=\"Geschossschutz\" style=\"float:left;margin-right:20px\"><\/td>\n<td colspan=\"2\">\n<h4>Geschossschutz<\/h4>\n<h4><\/h4>\n<\/td>\n<\/tr>\n<tr>\n<td colspan=\"2\">St\u00e4rkt Euch und die Verzauberin, so dass der durch Distanzangriffe erlittene Schaden um <span style=\"color:lime!important\">6%<\/span> verringert wird..<\/td>\n<\/tr>\n<tr>\n<td><\/td>\n<td valign=\"top\" align=\"right\">Abklingzeit: <span style=\"color:lime!important\">&#8211;<\/span><\/td>\n<\/tr>\n<\/tbody>\n<\/table>\n<table>\n<tbody>\n<tr>\n<td rowspan=\"3\" width=\"90px\"><img decoding=\"async\" src=\"\/wp-content\/uploads\/2011\/11\/enchantress_poweredarmor.png\" alt=\"Machterf\u00fcllte R\u00fcstung\" style=\"float:left;margin-right:20px\"><\/td>\n<td colspan=\"2\">\n<h4>Machterf\u00fcllter Schild<\/h4>\n<\/td>\n<\/tr>\n<tr>\n<td colspan=\"2\">Reduziert den erlittenen Distanzschaden um <span style=\"color:lime!important\"> 6 % <\/span>, erh\u00f6ht die R\u00fcstung um <span style=\"color:lime!important\"> 3 % <\/span> und verlangsamt Nahkampfangreifer basierend auf der Intelligenz der Verzauberin <span style=\"color:lime!important\"> 3\u20136 Sek. <\/span> lang um 60 % f\u00fcr Euch und die Verzauberin.<\/td>\n<\/tr>\n<tr>\n<td><\/td>\n<td valign=\"top\" align=\"right\">Abklingzeit: <span style=\"color:lime!important\">&#8211;<\/span><\/td>\n<\/tr>\n<\/tbody>\n<\/table>\n<h3>Stufe 25<\/h3>\n<table>\n<tbody>\n<tr>\n<td rowspan=\"3\" width=\"90px\"><img decoding=\"async\" src=\"\/wp-content\/uploads\/2011\/11\/enchantress_disorient.png\" alt=\"Desorientieren\" style=\"float:left;margin-right:20px\"><\/td>\n<td colspan=\"2\">\n<h4>Prophetische Harmonie<\/h4>\n<\/td>\n<\/tr>\n<tr>\n<td colspan=\"2\"> Reduziert die Abklingzeiten Eurer Fertigkeiten basierend auf der Intelligenz der Verzauberin um <span style=\"color:lime!important\"> 5\u201310 % <\/span>.<\/td>\n<\/tr>\n<tr>\n<td><\/td>\n<td valign=\"top\" align=\"right\">Abklingzeit: <span style=\"color:lime!important\">6<\/span> Sekunden<\/td>\n<\/tr>\n<\/tbody>\n<\/table>\n<table>\n<tbody>\n<tr>\n<td rowspan=\"3\" width=\"90px\"><img decoding=\"async\" src=\"\/wp-content\/uploads\/2011\/11\/enchantress_scorchedearth.png\" alt=\"Erosion\" style=\"float:left;margin-right:20px\"><\/td>\n<td colspan=\"2\">\n<h4>Erosion<\/h4>\n<\/td>\n<\/tr>\n<tr>\n<td colspan=\"2\"> Beschw\u00f6rt einen Teich aus arkaner Energie, der basierend auf der Intelligenz der Verzauberin im Verlauf von <span style=\"color:lime!important\"> 5\u20137 Sek. <\/span> 330 % Waffenschaden als Arkanschaden verursacht. Betroffene Gegner erleiden au\u00dferdem <span style=\"color:lime!important\"> 10 % <\/span>zus\u00e4tzlichen Schaden.<\/td>\n<\/tr>\n<tr>\n<td><\/td>\n<td valign=\"top\" align=\"right\">Abklingzeit: <span style=\"color:lime!important\">15<\/span> Sekunden<\/td>\n<\/tr>\n<\/tbody>\n<\/table>\n<h3>Stufe 30<\/h3>\n<table>\n<tbody>\n<tr>\n<td rowspan=\"3\" width=\"90px\"><img decoding=\"async\" src=\"\/wp-content\/uploads\/2011\/11\/enchantress_focusedmind.png\" alt=\"Konzentrierter Geist\" style=\"float:left;margin-right:20px\"><\/td>\n<td colspan=\"2\">\n<h4>Konzentrierter Geist<\/h4>\n<\/td>\n<\/tr>\n<tr>\n<td colspan=\"2\">Eine Aura, die die Angriffsgeschwindigkeit Verb\u00fcndeter im Umkreis von <span style=\"color:lime!important\">40<\/span> Metern um <span style=\"color:lime!important\">3-6%<\/span> erh\u00f6ht.<\/td>\n<\/tr>\n<tr>\n<td><\/td>\n<td valign=\"top\" align=\"right\">Abklingzeit: <span style=\"color:lime!important\">&#8211;<\/span><\/td>\n<\/tr>\n<\/tbody>\n<\/table>\n<table>\n<tbody>\n<tr>\n<td rowspan=\"3\" width=\"90px\"><img decoding=\"async\" src=\"\/wp-content\/uploads\/2011\/11\/enchantress_masscharm.png\" alt=\"Massenkontrolle\" style=\"float:left;margin-right:20px\"><\/td>\n<td colspan=\"2\">\n<h4>Temporaler Impuls<\/h4>\n<\/td>\n<\/tr>\n<tr>\n<td colspan=\"2\"> Die Verzauberin beschw\u00f6rt eine zielsuchende Kugel, die Gegnern 150 % Waffenschaden zuf\u00fcgt und sie basierend auf der Intelligenz der Verzauberin <span style=\"color:lime!important\"> 3\u20136 Sek. <\/span>  lang um 80 % verlangsamt.<\/td>\n<\/tr>\n<tr>\n<td><\/td>\n<td valign=\"top\" align=\"right\">Abklingzeit: <span style=\"color:lime!important\">18<\/span> Sekunden<\/td>\n<\/tr>\n<\/tbody>\n<\/table>\n<\/details>\n<h2>\u00c4u\u00dferes<\/h2>\n<p><img decoding=\"async\" alt=\"R\u00fcstungen der Verzauberin\" src=\"\/wp-content\/uploads\/2011\/12\/armorenchantress.png\" class=\"aligncenter\" width=\"100%\"><\/p>\n<p>Eirenas Grundausstattung besteht aus einfacher Kleidung, die an ihre Jugend in den W\u00fcstenlanden von Caldeum erinnert. Sie bietet zwar nicht gerade den st\u00e4rksten Schutz, gew\u00e4hrt ihr aber Bewegungsfreiheit.<\/p>\n<p>Mit der Zeit f\u00fcgt Eirena ihren Kleidern zus\u00e4tzliche Schichten zum Schutz hinzu. Dazu z\u00e4hlen Schultersch\u00fctzer, verst\u00e4rkte Stiefel und ein Kragen, der ihren Hals sch\u00fctzt.<\/p>\n<p>Gegen die immer m\u00e4chtiger werdenden Feinde sch\u00fctzt sich Eirena mit Panzerhandschuhen aus Stahl und ma\u00dfgefertigter R\u00fcstung. In der Schlachtr\u00fcstung des Propheten erf\u00fcllt sie ihre Bestimmung, den D\u00e4monenhorden Einhalt zu gebieten.<\/p>\n<h2>Fokus der Verzauberin<\/h2>\n<p>Wer allein in einer unbekannten Zeit erwacht braucht Unterst\u00fctzung. Eirena sind nur ein paar Erinnerungsst\u00fccke geblieben mit der Hilfe sie ihre Magie b\u00fcndelt. Die Fokusse (Token) verf\u00fcgen \u00fcber unterschiedliche F\u00e4higkeiten welche Eirena anbieten kann &#8211; sofern sie diese gerade findet. Im besten Fall m\u00f6chte man einen legend\u00e4ren Fokus f\u00fcr Eirena haben welcher ihren Tod verhindert, ihre St\u00e4rke im Kampf und sanfte Art sind sehr erfrischend.<\/p>\n<p>Alternativ gibt es auch Relikte welche alle Fertigkeiten von Eirena auf einmal freischalten (Abklingzeiten bleiben trotzdem). Seltene oder nur magische Relikte geben nur die \u00fcblichen Stats wie Mainstat, Angriffsgeschwindigkeit, Reduktion der Abklingzeit usw.<\/p>\n<p><img decoding=\"async\" class=\"aligncenter\" src=\"\/wp-content\/uploads\/2011\/12\/enchantress_special_01.png\" style=\"float:left!important;margin-right:5px!important\" alt=\"Fokus der Verzauberin\"><br \/>\n<img decoding=\"async\" class=\"aligncenter\" src=\"\/wp-content\/uploads\/2011\/12\/enchantress_special_02.png\" style=\"float:left!important;margin-right:5px!important\" alt=\"Fokus der Verzauberin\"><br \/>\n<img decoding=\"async\" class=\"aligncenter\" src=\"\/wp-content\/uploads\/2011\/12\/enchantress_special_03.png\" style=\"float:left!important;margin-right:5px!important\" alt=\"Fokus der Verzauberin\"><br \/>\n<img decoding=\"async\" class=\"aligncenter\" src=\"\/wp-content\/uploads\/2011\/12\/enchantress_special_04.png\" style=\"float:left!important;margin-right:5px!important\" alt=\"Fokus der Verzauberin\"><\/p>\n<p style=\"clear:both;\">Diese Gegenst\u00e4nde erg\u00e4nzen die Ausr\u00fcstung der Verzauberin. Sie kann ab Stufe 18 einen Fokus tragen.<\/p>\n","protected":false},"excerpt":{"rendered":"<p>\u201cIch habe alles zur\u00fcckgelassen &#8230; nun f\u00fchrt mich nur noch die Hoffnung.\u201d Ihr jugendliches Aussehen k\u00f6nnte \u00fcber Eirenas Beherrschung von Verzauberungen und ihre unbeugsame Tapferkeit im Kampfe hinwegt\u00e4uschen&#8230; doch ihre wahre Herkunft zeugt von diesen Eigenschaften. Eirena stammt aus der l\u00e4ngst vergangenen \u00c4ra der Magierklan-Kriege, in der sie einer einer geheime Schwesternschaft angeh\u00f6rte. Als der&hellip; <a class=\"more-link\" href=\"https:\/\/planetdiablo.eu\/de\/diablo-3\/die-begleiter\/begleiter-eirena\/\"><span class=\"screen-reader-text\">Diablo 3 &#8211; Eirena die Verzauberin<\/span> weiterlesen<\/a><\/p>\n","protected":false},"author":836,"featured_media":0,"parent":447267,"menu_order":0,"comment_status":"closed","ping_status":"open","template":"","meta":{"footnotes":""},"class_list":["post-503298","page","type-page","status-publish","hentry","entry"],"_links":{"self":[{"href":"https:\/\/planetdiablo.eu\/de\/wp-json\/wp\/v2\/pages\/503298","targetHints":{"allow":["GET"]}}],"collection":[{"href":"https:\/\/planetdiablo.eu\/de\/wp-json\/wp\/v2\/pages"}],"about":[{"href":"https:\/\/planetdiablo.eu\/de\/wp-json\/wp\/v2\/types\/page"}],"author":[{"embeddable":true,"href":"https:\/\/planetdiablo.eu\/de\/wp-json\/wp\/v2\/users\/836"}],"replies":[{"embeddable":true,"href":"https:\/\/planetdiablo.eu\/de\/wp-json\/wp\/v2\/comments?post=503298"}],"version-history":[{"count":10,"href":"https:\/\/planetdiablo.eu\/de\/wp-json\/wp\/v2\/pages\/503298\/revisions"}],"predecessor-version":[{"id":581732,"href":"https:\/\/planetdiablo.eu\/de\/wp-json\/wp\/v2\/pages\/503298\/revisions\/581732"}],"up":[{"embeddable":true,"href":"https:\/\/planetdiablo.eu\/de\/wp-json\/wp\/v2\/pages\/447267"}],"wp:attachment":[{"href":"https:\/\/planetdiablo.eu\/de\/wp-json\/wp\/v2\/media?parent=503298"}],"curies":[{"name":"wp","href":"https:\/\/api.w.org\/{rel}","templated":true}]}}