{"id":511531,"date":"2012-03-15T20:16:44","date_gmt":"2012-03-15T19:16:44","guid":{"rendered":"http:\/\/diablo3.ingame.de\/?page_id=511531"},"modified":"2021-06-10T09:48:43","modified_gmt":"2021-06-10T07:48:43","slug":"tranke","status":"publish","type":"page","link":"https:\/\/planetdiablo.eu\/de\/diablo-3\/gegenstande\/tranke\/","title":{"rendered":"Diablo 3 Tr\u00e4nke"},"content":{"rendered":"<p>Tr\u00e4nke sind einzigartige Tinkturen in Diablo 3, bereitet aus sorgf\u00e4ltig destillierten magischen Fl\u00fcssigkeiten, nat\u00fcrlichen Heilmitteln oder einer Mischung aus beiden. Sie stellen sofort einen bestimmte Prozentsatz eurer Lebenspunkte wieder her.<\/p>\n<h2>Bezugsquellen<\/h2>\n<p>Jeder Held f\u00fchrt immer einen ausreichenden Vorrat an normalen Heiltr\u00e4nken mit sich.<br \/>\nZus\u00e4ztlich gibt es noch <span style=\"color:#ff5500\">Legend\u00e4re Tr\u00e4nke<\/span>. Diese k\u00f6nnen nicht gekauft werden und sind nur als Drop von Monstern, Kisten und zerst\u00f6rbaren Gegenst\u00e4nden erh\u00e4ltlich. Die legend\u00e4ren Tr\u00e4nke m\u00fcssen aufgehoben werden, erscheinen jedoch mit Legendarys\u00e4ule und Stern auf der Minimap und sind somit nicht zu \u00fcbersehen.<\/p>\n<h2>Benutzung<\/h2>\n<p>Sowohl die normalen Tr\u00e4nke als auch die Legend\u00e4ren Tr\u00e4nke sind unersch\u00f6pflich und k\u00f6nnen mehrmals benutzt werden, ohne verbraucht zu werden.<\/p>\n<p>Die F\u00e4higkeitenleiste enth\u00e4lt ein Feld f\u00fcr Tr\u00e4nke, hier k\u00f6nnt ihr einen legend\u00e4ren Trank aus dem Inventar ablegen, um ihn bei geschlossenem Inventar per Linksklick oder Tastenk\u00fcrzel (Standard: Q) nutzen zu k\u00f6nnen. Wollt ihr den Trank in diesem Feld \u00e4ndern, zieht ihr einfach einen neuen Trank auf das Feld oder macht einen Rechtsklick auf das Feld, um zwischen euren mitgef\u00fchrten Tr\u00e4nken w\u00e4hlen zu k\u00f6nnen:<\/p>\n<div align=\"center\"><img loading=\"lazy\" decoding=\"async\" src=\"http:\/\/diablo3.ingame.de\/files\/2012\/03\/Trankauswahl.jpg\" class=\"newsimage alignnone size-full wp-image-562862\" alt=\"Auswahlfeld f\u00fcr die Tr\u00e4nke\" width=\"422\" height=\"365\"><\/div>\n<p>Tr\u00e4nke k\u00f6nnen h\u00f6chstens ein mal alle 30 Sekunden eingesetzt werden und sollten vorausschauend genutzt werden.<\/p>\n<h2>Die Tr\u00e4nke<\/h2>\n<table width=\"100%\">\n<tbody>\n<tr>\n<th colspan=\"3\"><a href=\"http:\/\/diablo3.ingame.de\/items\/?item=1054&amp;lang=de\" target=\"_blank\" rel=\"noopener\"><\/p>\n<h3>Heiltrank<\/h3>\n<p><\/a><a href=\"http:\/\/diablo3.ingame.de\/items\/?item=1054&amp;lang=de\" target=\"_blank\" rel=\"noopener\"><\/a><\/th>\n<\/tr>\n<tr>\n<td rowspan=\"3\" width=\"90px\"><img decoding=\"async\" src=\"http:\/\/diablo3.ingame.de\/files\/2014\/09\/Heiltrank.png\" alt=\"no picture\" style=\"float:left;margin-right:20px\"><\/td>\n<td colspan=\"2\">&nbsp;<\/td>\n<\/tr>\n<tr>\n<td colspan=\"2\">Stellt sofort <font color=\"#6969ff\">60%<\/font> Leben wieder her<\/td>\n<\/tr>\n<tr>\n<td valign=\"top\" align=\"right\">Ben\u00f6tigt Stufe 1<\/td>\n<\/tr>\n<\/tbody>\n<\/table>\n<table width=\"100%\">\n<tbody>\n<tr>\n<th colspan=\"3\"><a href=\"http:\/\/diablo3.ingame.de\/items\/?item=328&amp;lang=de\" target=\"_blank\" rel=\"noopener\"><\/p>\n<p><\/a><\/p>\n<h3><a href=\"http:\/\/diablo3.ingame.de\/items\/?item=328&amp;lang=de\" target=\"_blank\" rel=\"noopener\"><span style=\"color:#ff5500\">Unersch\u00f6pfliches Red Kull<\/span><\/a><\/h3>\n<\/th>\n<\/tr>\n<tr>\n<td rowspan=\"3\" width=\"90px\"><img decoding=\"async\" src=\"http:\/\/135.181.204.8\/wordpress\/wp-content\/uploads\/2014\/09\/Unerschopfliches-Red-Kull.png\" alt=\"no picture\" style=\"float:left;margin-right:20px\"><\/td>\n<td colspan=\"2\">&nbsp;<\/td>\n<\/tr>\n<tr>\n<td colspan=\"2\">Stellt sofort <font color=\"#6969ff\">60%<\/font> Leben wieder her<\/p>\n<p><span style=\"color:#ff5500\">Der Genuss von unersch\u00f6pflichem Red Kull gestattet es Euch f\u00fcr 5 Sek. durch die von Elitegegnern mit dem Blocker-Attribut erzeugten Mauern zu brechen.<\/span><\/td>\n<\/tr>\n<tr>\n<td valign=\"top\" align=\"right\">Ben\u00f6tigt Stufe 61<\/td>\n<\/tr>\n<\/tbody>\n<\/table>\n<table width=\"100%\">\n<tbody>\n<tr>\n<th colspan=\"3\"><a href=\"http:\/\/diablo3.ingame.de\/items\/?item=1165&amp;lang=de\" target=\"_blank\" rel=\"noopener\"><\/p>\n<p><\/a><\/p>\n<h3><a href=\"http:\/\/diablo3.ingame.de\/items\/?item=1165&amp;lang=de\" target=\"_blank\" rel=\"noopener\"><span style=\"color:#ff5500\">Unersch\u00f6pflicher Trank des Turms<\/span><\/a><\/h3>\n<\/th>\n<\/tr>\n<tr>\n<td rowspan=\"3\" width=\"90px\"><img decoding=\"async\" src=\"http:\/\/135.181.204.8\/wordpress\/wp-content\/uploads\/2014\/09\/Unerschopflicher-Trank-des-Turms.png\" alt=\"no picture\" style=\"float:left;margin-right:20px\"><\/td>\n<td colspan=\"2\">&nbsp;<\/td>\n<\/tr>\n<tr>\n<td colspan=\"2\">Stellt sofort <font color=\"#6969ff\">60%<\/font> Leben wieder her<\/p>\n<p><span style=\"color:#ff5500\">Erh\u00f6ht die R\u00fcstung 5 Sek. lang um 10%.<\/span><\/td>\n<\/tr>\n<tr>\n<td valign=\"top\" align=\"right\">Ben\u00f6tigt Stufe 61<\/td>\n<\/tr>\n<\/tbody>\n<\/table>\n<table width=\"100%\">\n<tbody>\n<tr>\n<th colspan=\"3\"><a href=\"http:\/\/diablo3.ingame.de\/items\/?item=679&amp;lang=de\" target=\"_blank\" rel=\"noopener\"><\/p>\n<h3><span style=\"color:#ff5500\">Unersch\u00f6pflicher Trank des Egels<\/span><\/h3>\n<p><\/a><\/th>\n<\/tr>\n<tr>\n<td rowspan=\"3\" width=\"90px\"><img decoding=\"async\" src=\"http:\/\/135.181.204.8\/wordpress\/wp-content\/uploads\/2014\/09\/Unerschopflicher-Trank-des-Egels.png\" alt=\"no picture\" style=\"float:left;margin-right:20px\"><\/td>\n<td colspan=\"2\">&nbsp;<\/td>\n<\/tr>\n<tr>\n<td colspan=\"2\">Stellt sofort <font color=\"#6969ff\">60%<\/font> Leben wieder her<\/p>\n<p><span style=\"color:#ff5500\">Erh\u00f6ht das Leben pro Treffer 5 Sek. lang um 15.000\u201320.000.<\/span><\/td>\n<\/tr>\n<tr>\n<td valign=\"top\" align=\"right\">Ben\u00f6tigt Stufe 61<\/td>\n<\/tr>\n<\/tbody>\n<\/table>\n<table width=\"100%\">\n<tbody>\n<tr>\n<th colspan=\"3\"><a href=\"http:\/\/diablo3.ingame.de\/items\/?item=1977&amp;lang=de\" target=\"_blank\" rel=\"noopener\"><\/p>\n<h3><span style=\"color:#ff5500\">Unersch\u00f6pflicher Trank des Diamanten<\/span><\/h3>\n<p><\/a><\/th>\n<\/tr>\n<tr>\n<td rowspan=\"3\" width=\"90px\"><img decoding=\"async\" src=\"http:\/\/135.181.204.8\/wordpress\/wp-content\/uploads\/2014\/09\/Unerschopflicher-Trank-des-Diamanten.png\" alt=\"no picture\" style=\"float:left;margin-right:20px\"><\/td>\n<td colspan=\"2\">&nbsp;<\/td>\n<\/tr>\n<tr>\n<td colspan=\"2\">Stellt sofort <font color=\"#6969ff\">60%<\/font> Leben wieder her<\/p>\n<p><span style=\"color:#ff5500\">Erh\u00f6ht die Widerst\u00e4nde gegen alle Schadensarten 5 Sek. lang um 50\u2013100.<\/span><\/td>\n<\/tr>\n<tr>\n<td valign=\"top\" align=\"right\">Ben\u00f6tigt Stufe 61<\/td>\n<\/tr>\n<\/tbody>\n<\/table>\n<table width=\"100%\">\n<tbody>\n<tr>\n<th colspan=\"3\">\n<h3><span style=\"color:#ff5500\">Bodenlose Phiole der Verj\u00fcngung<\/span><\/h3>\n<\/th>\n<\/tr>\n<tr>\n<td rowspan=\"3\" width=\"90px\"><img decoding=\"async\" src=\"http:\/\/135.181.204.8\/wordpress\/wp-content\/uploads\/2014\/09\/Bodenlose-Phiole-der-Verjungung.png\" alt=\"no picture\" style=\"float:left;margin-right:20px\"><\/td>\n<td colspan=\"2\">&nbsp;<\/td>\n<\/tr>\n<tr>\n<td colspan=\"2\">Stellt sofort <font color=\"#6969ff\">60%<\/font> Leben wieder her<\/p>\n<p><span style=\"color:#ff5500\">Stellt 10\u201315% Eurer Ressourcen her, wenn Ihr beim Einsatz weniger als 25% Leben habt.<\/span><\/td>\n<\/tr>\n<tr>\n<td valign=\"top\" align=\"right\">Ben\u00f6tigt Stufe 61<\/td>\n<\/tr>\n<\/tbody>\n<\/table>\n<table width=\"100%\">\n<tbody>\n<tr>\n<th colspan=\"3\"><a href=\"http:\/\/diablo3.ingame.de\/items\/?item=1176&amp;lang=de\" target=\"_blank\" rel=\"noopener\"><\/p>\n<h3><span style=\"color:#ff5500\">Unersch\u00f6pflicher Trank der Regeneration<\/span><\/h3>\n<p><\/a><a href=\"http:\/\/diablo3.ingame.de\/items\/?item=1176&amp;lang=de\" target=\"_blank\" rel=\"noopener\"><\/a><\/th>\n<\/tr>\n<tr>\n<td rowspan=\"3\" width=\"90px\"><img decoding=\"async\" src=\"http:\/\/135.181.204.8\/wordpress\/wp-content\/uploads\/2014\/09\/Unerschopflicher-Trank-der-Regeneration.png\" alt=\"no picture\" style=\"float:left;margin-right:20px\"><\/td>\n<td colspan=\"2\">&nbsp;<\/td>\n<\/tr>\n<tr>\n<td colspan=\"2\">Stellt sofort <font color=\"#6969ff\">60%<\/font> Leben wieder her<\/p>\n<p><span style=\"color:#ff5500\">Stellt im Verlauf von 5 Sek. zus\u00e4tzlich 75.000\u2013100.000 Leben wieder her.<\/span><\/td>\n<\/tr>\n<tr>\n<td valign=\"top\" align=\"right\">Ben\u00f6tigt Stufe 61<\/td>\n<\/tr>\n<\/tbody>\n<\/table>\n<table width=\"100%\">\n<tbody>\n<tr>\n<th colspan=\"3\"><a href=\"http:\/\/diablo3.ingame.de\/items\/?item=403&amp;lang=de\" target=\"_blank\" rel=\"noopener\"><\/p>\n<h3><span style=\"color:#ff5500\">Unersch\u00f6pflicher Trank der Verst\u00fcmmelung<\/span><\/h3>\n<p><\/a><a href=\"http:\/\/diablo3.ingame.de\/items\/?item=403&amp;lang=de\" target=\"_blank\" rel=\"noopener\"><\/a><\/th>\n<\/tr>\n<tr>\n<td rowspan=\"3\" width=\"90px\"><img decoding=\"async\" src=\"http:\/\/135.181.204.8\/wordpress\/wp-content\/uploads\/2014\/09\/Unerschopflicher-Trank-der-Verstummelung.png\" alt=\"no picture\" style=\"float:left;margin-right:20px\"><\/td>\n<td colspan=\"2\">&nbsp;<\/td>\n<\/tr>\n<tr>\n<td colspan=\"2\">Stellt sofort <font color=\"#6969ff\">60%<\/font> Leben wieder her<\/p>\n<p><span style=\"color:#ff5500\">Erh\u00f6ht das Leben pro get\u00f6tetem Gegner 5 Sek. lang um 40.000\u201350.000.<\/span><\/td>\n<\/tr>\n<tr>\n<td valign=\"top\" align=\"right\">Ben\u00f6tigt Stufe 61<\/td>\n<\/tr>\n<\/tbody>\n<\/table>\n<table width=\"100%\">\n<tbody>\n<tr>\n<th colspan=\"3\">\n<h3><span style=\"color:#ff5500\">Unersch\u00f6pflicher Trank der Angst<\/span><\/h3>\n<\/th>\n<\/tr>\n<tr>\n<td rowspan=\"3\" width=\"90px\"><img decoding=\"async\" src=\"http:\/\/diablo3.ingame.de\/files\/2015\/01\/Bodenloses-Fl%C3%A4schchen-der-Angst.png\" alt=\"no picture\" style=\"float:left;margin-right:20px\"><\/td>\n<td colspan=\"2\">&nbsp;<\/td>\n<\/tr>\n<tr>\n<td colspan=\"2\">Stellt sofort <font color=\"#6969ff\">60%<\/font> Leben wieder her<\/p>\n<p><span style=\"color:#ff5500\">L\u00e4sst Gegner innerhalb von 12 Metern f\u00fcr 3\u20134 Sek. die Flucht ergreifen.<\/span><\/td>\n<\/tr>\n<tr>\n<td valign=\"top\" align=\"right\">Ben\u00f6tigt Stufe 61<\/td>\n<\/tr>\n<\/tbody>\n<\/table>\n<table width=\"100%\">\n<tbody>\n<tr>\n<th colspan=\"3\">\n<h3><span style=\"color:#ff5500\">Unersch\u00f6pflicher Trank der Verst\u00e4rkung<\/span><\/h3>\n<\/th>\n<\/tr>\n<tr>\n<td rowspan=\"3\" width=\"90px\"><img decoding=\"async\" src=\"http:\/\/diablo3.ingame.de\/files\/2015\/04\/Unersch\u00f6pflicher-Trank-der-Verj\u00fcngung.png\" alt=\"no picture\" style=\"float:left;margin-right:20px\"><\/td>\n<td colspan=\"2\">&nbsp;<\/td>\n<\/tr>\n<tr>\n<td colspan=\"2\">Stellt sofort <font color=\"#6969ff\">60%<\/font> Leben wieder her<\/p>\n<p><span style=\"color:#ff5500\">Erh\u00f6ht die Heilung aus allen Quellen 5 Sek. lang um 20\u201325%.<\/span><\/td>\n<\/tr>\n<tr>\n<td valign=\"top\" align=\"right\">Ben\u00f6tigt Stufe 61<\/td>\n<\/tr>\n<\/tbody>\n<\/table>\n<div align=\"right\"><em>Stand: 05\/2015; Patch 2.2.0<\/em><\/div>\n","protected":false},"excerpt":{"rendered":"<p>Tr\u00e4nke sind einzigartige Tinkturen in Diablo 3, bereitet aus sorgf\u00e4ltig destillierten magischen Fl\u00fcssigkeiten, nat\u00fcrlichen Heilmitteln oder einer Mischung aus beiden. Sie stellen sofort einen bestimmte Prozentsatz eurer Lebenspunkte wieder her. Bezugsquellen Jeder Held f\u00fchrt immer einen ausreichenden Vorrat an normalen Heiltr\u00e4nken mit sich. Zus\u00e4ztlich gibt es noch Legend\u00e4re Tr\u00e4nke. Diese k\u00f6nnen nicht gekauft werden und&hellip; <a class=\"more-link\" href=\"https:\/\/planetdiablo.eu\/de\/diablo-3\/gegenstande\/tranke\/\"><span class=\"screen-reader-text\">Diablo 3 Tr\u00e4nke<\/span> weiterlesen<\/a><\/p>\n","protected":false},"author":841,"featured_media":0,"parent":512298,"menu_order":0,"comment_status":"closed","ping_status":"open","template":"","meta":{"footnotes":""},"class_list":["post-511531","page","type-page","status-publish","hentry","entry"],"_links":{"self":[{"href":"https:\/\/planetdiablo.eu\/de\/wp-json\/wp\/v2\/pages\/511531","targetHints":{"allow":["GET"]}}],"collection":[{"href":"https:\/\/planetdiablo.eu\/de\/wp-json\/wp\/v2\/pages"}],"about":[{"href":"https:\/\/planetdiablo.eu\/de\/wp-json\/wp\/v2\/types\/page"}],"author":[{"embeddable":true,"href":"https:\/\/planetdiablo.eu\/de\/wp-json\/wp\/v2\/users\/841"}],"replies":[{"embeddable":true,"href":"https:\/\/planetdiablo.eu\/de\/wp-json\/wp\/v2\/comments?post=511531"}],"version-history":[{"count":1,"href":"https:\/\/planetdiablo.eu\/de\/wp-json\/wp\/v2\/pages\/511531\/revisions"}],"predecessor-version":[{"id":582956,"href":"https:\/\/planetdiablo.eu\/de\/wp-json\/wp\/v2\/pages\/511531\/revisions\/582956"}],"up":[{"embeddable":true,"href":"https:\/\/planetdiablo.eu\/de\/wp-json\/wp\/v2\/pages\/512298"}],"wp:attachment":[{"href":"https:\/\/planetdiablo.eu\/de\/wp-json\/wp\/v2\/media?parent=511531"}],"curies":[{"name":"wp","href":"https:\/\/api.w.org\/{rel}","templated":true}]}}