{"id":512298,"date":"2012-03-24T16:23:20","date_gmt":"2012-03-24T15:23:20","guid":{"rendered":"http:\/\/diablo3.ingame.de\/?page_id=512298"},"modified":"2023-03-03T23:02:46","modified_gmt":"2023-03-03T21:02:46","slug":"gegenstande","status":"publish","type":"page","link":"https:\/\/planetdiablo.eu\/de\/diablo-3\/gegenstande\/","title":{"rendered":"Diablo 3 Gegenst\u00e4nde"},"content":{"rendered":"<p>Items in Diablo 3 lassen sich je nach Art in verschiedene Gruppen zusammenfassen, welche unten aufgelistet sind.<\/p>\n<ul>\n<li><span style=\"color: #bf642f;\"><b>Legendary:<\/b><\/span> Legend\u00e4re Waffen und R\u00fcstungen stellen die m\u00e4chtigste Form an magischen Gegenst\u00e4nden dar, sie entsprechen der Item-Klasse der Uniques aus Diablo 2. Sie bieten f\u00fcr jeden Gegegnstand festgelegte magische Eigenschaften. Unter ihnen befinden sich auch einige bereits aus Diablo 2 bekannte Gegenst\u00e4nde.<\/li>\n<li><span style=\"color: #65be3c;\"><b>Set:<\/b><\/span> Set-Items sind eine besondere Form magischer Gegenst\u00e4nde, die zu einem Set an Gegenst\u00e4nden geh\u00f6ren. Sie weisen magische Verbesserungen auf wie jeder andere verzauberte Gegenstand, mit einer Besonderheit: werden mehrere Set-Items aus dem gleichen Set zusammen getragen, bieten sie weitere m\u00e4chtige Eigenschaften.<\/li>\n<li><span style=\"color: #f8cc2b;\"><b>Rare:<\/b><\/span> Rare Items sind eine verbesserte Art von verzauberten Gegenst\u00e4nden. Sie k\u00f6nnen mehr und st\u00e4rkere magische Eigenschaften erhalten, als dies bei magischen Gegenst\u00e4nden der Fall ist.<\/li>\n<li><span style=\"color: #6969ff;\"><b>Magic:<\/b><\/span> Magische Waffen und R\u00fcstungen stellen die schw\u00e4chste Form verzauberter Ausr\u00fcstung dar. Neben ihren Grundeigenschaften bieten sie einige wenige schwache Verzauberungen.<\/li>\n<li><b>Grunditems:<\/b> Diese Waffen und R\u00fcstungen bieten ausser ihrem Schaden und Schutz keine weiteren Eigenschaften, es handelt sich um ganz gew\u00f6hnliche Gegenst\u00e4nde. Die Grunditems sind die Basis aller magischen und h\u00f6heren Items.<\/li>\n<li><b>Handwerk:<\/b> Handwerksgegenst\u00e4nde werden zum Herstellen von magischen und raren Gegenst\u00e4nden bei einem Handwerker ben\u00f6tigt. Sie werden durch das Zerlegen magischer und h\u00f6herer Gegenst\u00e4nde gewonnen, wobei bessere Items auch eine bessere Chance auf h\u00f6herwertige Handwerksmaterialien bieten.<\/li>\n<li><a href=\"https:\/\/planetdiablo.eu\/diablo-3\/diablo-3-items\/die-edelsteine\/\"><b>Edelsteine:<\/b><\/a> Edelsteine kehren mit Diablo 3 ins Spiel zur\u00fcck. Sie k\u00f6nnen in Gegenst\u00e4nde mit Sockeln eingelassen werden, und verleihen diesem edelsteinabh\u00e4ngige Boni. Im Gegensatz zu Diablo 2 lassen sich Edelsteine aber wieder unversehrt aus einem Gegenstand entfernen, um sie in einen neuen einzusetzen.<\/li>\n<li><a href=\"https:\/\/planetdiablo.eu\/diablo-3\/diablo-3-items\/diablo-3-farbemittel\/\"><b>F\u00e4rbemittel:<\/b><\/a> Mittels F\u00e4rbemittel lassen sich R\u00fcstungen ganz nach Geschmack des Spielers umf\u00e4rben.<\/li>\n<li><a href=\"https:\/\/planetdiablo.eu\/diablo-3\/gegenstande\/tranke\/\"><b>Tr\u00e4nke:<\/b><\/a> Tr\u00e4nke sind magische Mixturen und Essenzen, die eingenommen werden k\u00f6nnen um die Gesundheit des Charakters wieder herzustellen. Dabei werden sie allerdings verbraucht.<\/li>\n<\/ul>\n","protected":false},"excerpt":{"rendered":"<p>Items in Diablo 3 lassen sich je nach Art in verschiedene Gruppen zusammenfassen, welche unten aufgelistet sind. Legendary: Legend\u00e4re Waffen und R\u00fcstungen stellen die m\u00e4chtigste Form an magischen Gegenst\u00e4nden dar, sie entsprechen der Item-Klasse der Uniques aus Diablo 2. Sie bieten f\u00fcr jeden Gegegnstand festgelegte magische Eigenschaften. Unter ihnen befinden sich auch einige bereits aus&hellip; <a class=\"more-link\" href=\"https:\/\/planetdiablo.eu\/de\/diablo-3\/gegenstande\/\"><span class=\"screen-reader-text\">Diablo 3 Gegenst\u00e4nde<\/span> weiterlesen<\/a><\/p>\n","protected":false},"author":841,"featured_media":0,"parent":47,"menu_order":61,"comment_status":"closed","ping_status":"open","template":"","meta":{"footnotes":""},"class_list":["post-512298","page","type-page","status-publish","hentry","entry"],"_links":{"self":[{"href":"https:\/\/planetdiablo.eu\/de\/wp-json\/wp\/v2\/pages\/512298","targetHints":{"allow":["GET"]}}],"collection":[{"href":"https:\/\/planetdiablo.eu\/de\/wp-json\/wp\/v2\/pages"}],"about":[{"href":"https:\/\/planetdiablo.eu\/de\/wp-json\/wp\/v2\/types\/page"}],"author":[{"embeddable":true,"href":"https:\/\/planetdiablo.eu\/de\/wp-json\/wp\/v2\/users\/841"}],"replies":[{"embeddable":true,"href":"https:\/\/planetdiablo.eu\/de\/wp-json\/wp\/v2\/comments?post=512298"}],"version-history":[{"count":2,"href":"https:\/\/planetdiablo.eu\/de\/wp-json\/wp\/v2\/pages\/512298\/revisions"}],"predecessor-version":[{"id":586903,"href":"https:\/\/planetdiablo.eu\/de\/wp-json\/wp\/v2\/pages\/512298\/revisions\/586903"}],"up":[{"embeddable":true,"href":"https:\/\/planetdiablo.eu\/de\/wp-json\/wp\/v2\/pages\/47"}],"wp:attachment":[{"href":"https:\/\/planetdiablo.eu\/de\/wp-json\/wp\/v2\/media?parent=512298"}],"curies":[{"name":"wp","href":"https:\/\/api.w.org\/{rel}","templated":true}]}}