{"id":515958,"date":"2012-04-21T08:50:21","date_gmt":"2012-04-21T06:50:21","guid":{"rendered":"http:\/\/diablo3.ingame.de\/?page_id=515958"},"modified":"2021-06-10T09:50:29","modified_gmt":"2021-06-10T07:50:29","slug":"dmgcalc","status":"publish","type":"page","link":"https:\/\/planetdiablo.eu\/de\/diablo-2\/calculatoren\/dmgcalc\/","title":{"rendered":"Diablo 2 Schadensrechner \/ Damage Calculator"},"content":{"rendered":"\n<p>Der Damagekalkulator wird aktuell \u00fcberarbeitet und auf einen aktuellen Softwarestand gebracht. Sobald er wieder verf\u00fcgbar ist, k\u00f6nnt ihr ihn wie gewohnt hier finden.<\/p>\n","protected":false},"excerpt":{"rendered":"<p>Der Damagekalkulator wird aktuell \u00fcberarbeitet und auf einen aktuellen Softwarestand gebracht. Sobald er wieder verf\u00fcgbar ist, k\u00f6nnt ihr ihn wie gewohnt hier finden.<\/p>\n","protected":false},"author":837,"featured_media":0,"parent":476179,"menu_order":76,"comment_status":"closed","ping_status":"open","template":"tpl\/tpl__calc_d2_chardamage.php","meta":{"footnotes":""},"class_list":["post-515958","page","type-page","status-publish","hentry","entry"],"_links":{"self":[{"href":"https:\/\/planetdiablo.eu\/de\/wp-json\/wp\/v2\/pages\/515958","targetHints":{"allow":["GET"]}}],"collection":[{"href":"https:\/\/planetdiablo.eu\/de\/wp-json\/wp\/v2\/pages"}],"about":[{"href":"https:\/\/planetdiablo.eu\/de\/wp-json\/wp\/v2\/types\/page"}],"author":[{"embeddable":true,"href":"https:\/\/planetdiablo.eu\/de\/wp-json\/wp\/v2\/users\/837"}],"replies":[{"embeddable":true,"href":"https:\/\/planetdiablo.eu\/de\/wp-json\/wp\/v2\/comments?post=515958"}],"version-history":[{"count":1,"href":"https:\/\/planetdiablo.eu\/de\/wp-json\/wp\/v2\/pages\/515958\/revisions"}],"predecessor-version":[{"id":582302,"href":"https:\/\/planetdiablo.eu\/de\/wp-json\/wp\/v2\/pages\/515958\/revisions\/582302"}],"up":[{"embeddable":true,"href":"https:\/\/planetdiablo.eu\/de\/wp-json\/wp\/v2\/pages\/476179"}],"wp:attachment":[{"href":"https:\/\/planetdiablo.eu\/de\/wp-json\/wp\/v2\/media?parent=515958"}],"curies":[{"name":"wp","href":"https:\/\/api.w.org\/{rel}","templated":true}]}}