{"id":520987,"date":"2012-05-24T01:08:11","date_gmt":"2012-05-23T23:08:11","guid":{"rendered":"http:\/\/diablo3.ingame.de\/?page_id=520987"},"modified":"2012-05-24T01:08:11","modified_gmt":"2012-05-23T23:08:11","slug":"anleitung-skills-frei-belegen","status":"publish","type":"page","link":"https:\/\/planetdiablo.eu\/de\/anfangerhilfe\/anleitung-skills-frei-belegen\/","title":{"rendered":"Diablo 3 Anleitung: Skills frei belegen"},"content":{"rendered":"<p>Diablo 3 schr\u00e4nkt eure Auswahlm\u00f6glichkeiten bei der Skillung in der Grundeinstellung des Spiels ein. Doch es gibt eine Auswahlm\u00f6glichkeit, die es euch erlaubt, eure 6 Skills frei zu w\u00e4hlen, ohne dabei auf bestimmte Gruppen beschr\u00e4nkt zu sein. Dies ist der sogenannte &#8222;Wahlmodus&#8220; (engl. <i>elective Mode<\/i>), der die Beschr\u00e4nkungen wieder aufhebt. Klickt auf die Bilder, um diese zu vergr\u00f6\u00dfern.<\/p>\n<p><figure id=\"attachment_520991\" aria-describedby=\"caption-attachment-520991\" style=\"width: 517px\" class=\"wp-caption aligncenter\"><a href=\"http:\/\/diablo3.ingame.de\/files\/2012\/05\/Diablo3_Skillguide_01.jpg\"><img loading=\"lazy\" decoding=\"async\" src=\"http:\/\/diablo3.ingame.de\/files\/2012\/05\/Diablo3_Skillguide_01-517x290.jpg\" alt=\"Diablo 3 Wahlmodus\" width=\"517\" height=\"290\" class=\"size-large wp-image-520991\" \/><\/a><figcaption id=\"caption-attachment-520991\" class=\"wp-caption-text\">Um den Wahlmodus zu aktivieren, geht ihr zun\u00e4chst in das Optionsmen\u00fc des Spiels.<\/figcaption><\/figure><br \/>\n<figure id=\"attachment_520997\" aria-describedby=\"caption-attachment-520997\" style=\"width: 517px\" class=\"wp-caption aligncenter\"><a href=\"http:\/\/diablo3.ingame.de\/files\/2012\/05\/Diablo3_Skillguide_02.jpg\"><img loading=\"lazy\" decoding=\"async\" src=\"http:\/\/diablo3.ingame.de\/files\/2012\/05\/Diablo3_Skillguide_02-517x290.jpg\" alt=\"Diablo 3 Wahlmodus\" width=\"517\" height=\"290\" class=\"size-large wp-image-520997\" \/><\/a><figcaption id=\"caption-attachment-520997\" class=\"wp-caption-text\">W\u00e4hlt anschlie\u00dfend im Gameplay-Men\u00fc den Punkt &quot;Wahlmodus&quot; (engl. Elective Mode) aus. Wenn ihr wollt, k\u00f6nnt ihr auch noch die Option &quot;erweiterte Tooltips aktivieren&quot; w\u00e4hlen. Damit wird euch genauer angezeigt, was eure Fertigkeiten eigentlich machen.<\/figcaption><\/figure><br \/>\n<figure id=\"attachment_521001\" aria-describedby=\"caption-attachment-521001\" style=\"width: 517px\" class=\"wp-caption aligncenter\"><a href=\"http:\/\/diablo3.ingame.de\/files\/2012\/05\/Diablo3_Skillguide_03.jpg\"><img loading=\"lazy\" decoding=\"async\" src=\"http:\/\/diablo3.ingame.de\/files\/2012\/05\/Diablo3_Skillguide_03-517x290.jpg\" alt=\"\" width=\"517\" height=\"290\" class=\"size-large wp-image-521001\" \/><\/a><figcaption id=\"caption-attachment-521001\" class=\"wp-caption-text\">Nun k\u00f6nnt ihr im Fertigkeitenmen\u00fc einen beliebigen Skill \u00e4ndern.<\/figcaption><\/figure><figure id=\"attachment_521003\" aria-describedby=\"caption-attachment-521003\" style=\"width: 517px\" class=\"wp-caption aligncenter\"><a href=\"http:\/\/diablo3.ingame.de\/files\/2012\/05\/Diablo3_Skillguide_04.jpg\"><img loading=\"lazy\" decoding=\"async\" src=\"http:\/\/diablo3.ingame.de\/files\/2012\/05\/Diablo3_Skillguide_04-517x290.jpg\" alt=\"\" width=\"517\" height=\"290\" class=\"size-large wp-image-521003\" \/><\/a><figcaption id=\"caption-attachment-521003\" class=\"wp-caption-text\">Neu sind die Pfeiltasten bei der Auswahl der Fertigkeiten. Hiermit k\u00f6nnt ihr die zuvor festgelegten Skillgruppen ver\u00e4ndern.<\/figcaption><\/figure><figure id=\"attachment_521005\" aria-describedby=\"caption-attachment-521005\" style=\"width: 517px\" class=\"wp-caption aligncenter\"><a href=\"http:\/\/diablo3.ingame.de\/files\/2012\/05\/Diablo3_Skillguide_05.jpg\"><img loading=\"lazy\" decoding=\"async\" src=\"http:\/\/diablo3.ingame.de\/files\/2012\/05\/Diablo3_Skillguide_05-517x290.jpg\" alt=\"\" width=\"517\" height=\"290\" class=\"size-large wp-image-521005\" \/><\/a><figcaption id=\"caption-attachment-521005\" class=\"wp-caption-text\">Nun k\u00f6nnt ihr die Skills nach belieben verteilen.<\/figcaption><\/figure><br \/>\n<figure id=\"attachment_521011\" aria-describedby=\"caption-attachment-521011\" style=\"width: 517px\" class=\"wp-caption aligncenter\"><a href=\"http:\/\/diablo3.ingame.de\/files\/2012\/05\/Diablo3_Skillguide_06.jpg\"><img loading=\"lazy\" decoding=\"async\" src=\"http:\/\/diablo3.ingame.de\/files\/2012\/05\/Diablo3_Skillguide_06-517x290.jpg\" alt=\"\" width=\"517\" height=\"290\" class=\"size-large wp-image-521011\" \/><\/a><figcaption id=\"caption-attachment-521011\" class=\"wp-caption-text\">Viele Charakterbuilds sind so erst verf\u00fcgbar. Es ergeben sich f\u00fcr euch deutlich mehr M\u00f6glichkeiten.<\/figcaption><\/figure><\/p>\n<p>Mehr M\u00f6glichkeiten bedeuten aber auch, dass ihr nur viel mehr Chancen habt, eher schlechte Kombinationen zu w\u00e4hlen. Achtet also darauf, welche Fertigkeiten ihr ausw\u00e4hlt und achtet auf eine gute Kombination aus offensiven und defensiven Fertigkeiten.<\/p>\n","protected":false},"excerpt":{"rendered":"<p>Diablo 3 schr\u00e4nkt eure Auswahlm\u00f6glichkeiten bei der Skillung in der Grundeinstellung des Spiels ein. Doch es gibt eine Auswahlm\u00f6glichkeit, die es euch erlaubt, eure 6 Skills frei zu w\u00e4hlen, ohne dabei auf bestimmte Gruppen beschr\u00e4nkt zu sein. Dies ist der sogenannte &#8222;Wahlmodus&#8220; (engl. elective Mode), der die Beschr\u00e4nkungen wieder aufhebt. Klickt auf die Bilder, um&hellip; <a class=\"more-link\" href=\"https:\/\/planetdiablo.eu\/de\/anfangerhilfe\/anleitung-skills-frei-belegen\/\"><span class=\"screen-reader-text\">Diablo 3 Anleitung: Skills frei belegen<\/span> weiterlesen<\/a><\/p>\n","protected":false},"author":749,"featured_media":0,"parent":277,"menu_order":0,"comment_status":"open","ping_status":"open","template":"","meta":{"footnotes":""},"class_list":["post-520987","page","type-page","status-publish","hentry","entry"],"_links":{"self":[{"href":"https:\/\/planetdiablo.eu\/de\/wp-json\/wp\/v2\/pages\/520987","targetHints":{"allow":["GET"]}}],"collection":[{"href":"https:\/\/planetdiablo.eu\/de\/wp-json\/wp\/v2\/pages"}],"about":[{"href":"https:\/\/planetdiablo.eu\/de\/wp-json\/wp\/v2\/types\/page"}],"author":[{"embeddable":true,"href":"https:\/\/planetdiablo.eu\/de\/wp-json\/wp\/v2\/users\/749"}],"replies":[{"embeddable":true,"href":"https:\/\/planetdiablo.eu\/de\/wp-json\/wp\/v2\/comments?post=520987"}],"version-history":[{"count":0,"href":"https:\/\/planetdiablo.eu\/de\/wp-json\/wp\/v2\/pages\/520987\/revisions"}],"up":[{"embeddable":true,"href":"https:\/\/planetdiablo.eu\/de\/wp-json\/wp\/v2\/pages\/277"}],"wp:attachment":[{"href":"https:\/\/planetdiablo.eu\/de\/wp-json\/wp\/v2\/media?parent=520987"}],"curies":[{"name":"wp","href":"https:\/\/api.w.org\/{rel}","templated":true}]}}