{"id":523433,"date":"2012-06-30T20:12:36","date_gmt":"2012-06-30T18:12:36","guid":{"rendered":"http:\/\/diablo3.ingame.de\/?page_id=523433"},"modified":"2021-04-14T08:22:48","modified_gmt":"2021-04-14T07:22:48","slug":"der-schmied-haedrig-eamon","status":"publish","type":"page","link":"https:\/\/planetdiablo.eu\/de\/diablo-3\/artisans-crafting\/der-schmied-haedrig-eamon\/","title":{"rendered":"Diablo 3- Der Schmied Haedrig Eamon"},"content":{"rendered":"<p><img decoding=\"async\" src=\"http:\/\/diablo3.ingame.de\/files\/2012\/06\/blacksmith_bg4.png\" class=\"wp-image\" alt=\"Der Schmied Haedrig Eamon\" width=\"605px\"><\/p>\n<p>W\u00e4hrend in Diablo 2 lediglich einige wenige brauchbare Gegenst\u00e4nde im Horadrimw\u00fcfel gecraftet werden konnten, hat Blizzard das Craftsystem in Diablo 3 deutlich erweitert. Bereits im ersten Akt trefft ihr den Schmied Haedrig Eamon, der unbrauchbare Gegenst\u00e4nde in Craftmaterialien zerlegen kann und mit steigendem Level Rezepte f\u00fcr neue Items erlernt.<\/p>\n<h2>\u00dcbersicht<\/h2>\n<p><img decoding=\"async\" src=\"http:\/\/diablo3.ingame.de\/files\/2012\/06\/blacksmith_crest.png\" style=\"float:left!important;margin-right:40px;margin-bottom:10px;width:120px;\"><\/p>\n<ol>\n<li><a href=\"#top\">Allgemeine Informationen<\/a><\/li>\n<li><a href=\"#2\">Handwerksmaterialien<\/a><\/li>\n<li><a href=\"#3\">Gegenst\u00e4nde schmieden<\/a><\/li>\n<li><a href=\"#4\">Level-Kosten<\/a><\/li>\n<\/ol>\n<div style=\"clear:both\"><\/div>\n<p>Ihr trefft Haedrig in der Kampagne, sobald ihr Deckard Cain aus der Kathedrale in Tristram gerettet habt. Er bittet euch, seine Frau Mira zu erl\u00f6sen, die wie viele andere Dorfbewohner mit dem Zombievirus infiziert wurde. Nachdem ihr Leorics Krone f\u00fcr ihn gefunden habt, bietet euch Headrig dann seine Schmiedek\u00fcnst an.<\/p>\n<p>Einmal freigeschaltet steht euch der Schmied bei allen Charakteren in allen Akten und Schwierigkeitsgraden zur Verf\u00fcgung. Zwar m\u00fcssen neue Charaktere die Quest ein weiteres mal abschlie\u00dfen, sie k\u00f6nnen aber schon vorher auf die F\u00e4higkeiten des Schmieds zugreifen. Auch das Level des Schmieds bleibt f\u00fcr alle Charaktere identisch, neue Charaktere m\u00fcssen also nicht noch einmal die h\u00f6heren Stufen freischalten (Softcore und Hardcore sind hier getrennt, ebenso logischweise Nonseason und Season).<\/p>\n<p>Im Abenteuermodus ist der Schmied von Anfang an verf\u00fcgbar. Die Stufe des Schmiedes im Kampagnenmodus und im Abenteuermodus ist die gleiche.<\/p>\n<h2 id=\"2\">Handwerksmaterialien<\/h2>\n<p>W\u00e4hrend der stundenlangen Beutez\u00fcge durch die Tiefen Sanktuarios findet man leider viele unbrauchbare Gegenst\u00e4nde, die sich weder zum Selbernutzen noch f\u00fcr den Handel mit Mitspielern eignen. In Diablo 3 zerlegt der Schmied nicht ben\u00f6tigte Gegenst\u00e4nde in Handwerksmaterialien, die sp\u00e4ter dazu verwendet werden k\u00f6nnen, neue Ausr\u00fcstung zu schmieden oder anderweitig zu verbessern.<\/p>\n<p>Um eure Gegenst\u00e4nde wiederzuverwerten, m\u00fcsst ihr Haedrig in der Stadt ansprechen und im Men\u00fc auf den Tab \u201eGegenst\u00e4nde wiederverwerten\u201c wechseln. Dort klickt ihr zun\u00e4chst auf den Amboss und anschlie\u00dfend auf die Gegenst\u00e4nde, die ihr wiederverwerten wollt. Welche Craftmaterialien ihr beim Zerlegen erhaltet, h\u00e4ngt vom zerlegten Gegenstand ab:<\/p>\n<table width=\"100%\">\n<tbody>\n<tr>\n<td><\/td>\n<td align=\"right\"><img decoding=\"async\" src=\"http:\/\/diablo3.ingame.de\/files\/2017\/03\/Wiederverwertbare-Teile.png\" style=\"vertical-align:middle;margin-left:10px\"><\/td>\n<td><span style=\"color:#ece8e2!important;\"><b>Wiederverwertbare Teile<\/b><\/span><\/td>\n<td>Durch das Zerlegen von normalen Gegenst\u00e4nden.<\/td>\n<\/tr>\n<tr>\n<td><\/td>\n<td align=\"right\"><img decoding=\"async\" src=\"http:\/\/diablo3.ingame.de\/files\/2017\/03\/Arkanstaub.png\" style=\"vertical-align:middle;margin-left:10px\"><\/td>\n<td><span style=\"color:#7979D4!important;\"><b>Arkanstaub<\/b><\/span><\/td>\n<td>Durch das Zerlegen von magischen Gegenst\u00e4nden.<\/td>\n<\/tr>\n<tr>\n<td><\/td>\n<td align=\"right\"><img decoding=\"async\" src=\"http:\/\/diablo3.ingame.de\/files\/2017\/03\/Tr\u00fcber-Kristall.png\" style=\"vertical-align:middle;margin-left:10px\"><\/td>\n<td><span style=\"color:#F8CC35!important;\"><b>Tr\u00fcber Kristall<\/b><\/span><\/td>\n<td>Durch das Zerlegen von seltenen Gegenst\u00e4nden.<\/td>\n<\/tr>\n<tr>\n<td><\/td>\n<td align=\"right\"><img decoding=\"async\" src=\"http:\/\/diablo3.ingame.de\/files\/2017\/03\/Vergessene-Seele.png\" style=\"vertical-align:middle;margin-left:10px\"><\/td>\n<td><span style=\"color:#D96500!important;\"><b>Vergessene Seele<\/b><\/span><\/td>\n<td>Durch das Zerlegen von legend\u00e4ren Gegenst\u00e4nden.<\/td>\n<\/tr>\n<tr>\n<td><\/td>\n<td align=\"right\"><img decoding=\"async\" src=\"http:\/\/diablo3.ingame.de\/files\/2017\/03\/Atem-des-Todes.png\" style=\"vertical-align:middle;margin-left:10px\"><\/td>\n<td><span style=\"color:#ece8e2!important;\"><b>Atem des Todes<\/b><\/span><\/td>\n<td>Atem des Todes k\u00f6nnen von Elitegegnern und Goblins erhalten werden<\/td>\n<\/tr>\n<\/tbody>\n<\/table>\n<p>Wie viele von den einzelnen Materialien ihr besitzt, k\u00f6nnt ihr \u00fcber das entsprechende Interface f\u00fcr die Handwerksmaterialien sehen. Klickt dazu im Inventar auf den entsprechenden Button:<\/p>\n<p><a href=\"http:\/\/diablo3.ingame.de\/files\/2017\/03\/Screenshot024.jpg\"><img loading=\"lazy\" decoding=\"async\" src=\"http:\/\/diablo3.ingame.de\/files\/2017\/03\/Screenshot024-500x884.jpg\" alt=\"\" class=\"aligncenter size-medium wp-image-577463\" width=\"500\" height=\"884\"><\/a><\/p>\n<h3>Legend\u00e4re Handwerksmaterialien<\/h3>\n<p>Neben den oben erw\u00e4hnten Handwerksmaterialien, die man durch das Zerlegen von Gegenst\u00e4nden und als Beute von Gegnern erh\u00e4lt, gibt es noch legend\u00e4re Materialien, welche nur durch das Abschlie\u00dfen von Kopfgeldern erhalten werden k\u00f6nnen. Genauer gesagt muss man alle 5 Kopfgelder eines Aktes abschlie\u00dfen, erh\u00e4lt als Belohnung eine Horadrische Truhe. Je nach abgeschlossenem Akt enth\u00e4lt diese unter anderem folgende Materialien:<\/p>\n<table width=\"100%\">\n<tbody>\n<tr>\n<td><\/td>\n<td align=\"right\"><img decoding=\"async\" src=\"http:\/\/diablo3.ingame.de\/files\/2017\/03\/Rune-aus-Khanduras.png\" style=\"vertical-align:middle;margin-left:10px\"><\/td>\n<td><b>Rune aus Khanduras<\/b><\/td>\n<td>Aus einer Horadrischen Truhe aus Akt I.<\/td>\n<\/tr>\n<tr>\n<td><\/td>\n<td align=\"right\"><img decoding=\"async\" src=\"http:\/\/diablo3.ingame.de\/files\/2017\/03\/Nachtschatten-aus-Caldeum.png\" style=\"vertical-align:middle;margin-left:10px\"><\/td>\n<td><b>Nachtschatten aus Caldeum<\/b><\/td>\n<td>Aus einer Horadrischen Truhe aus Akt II.<\/td>\n<\/tr>\n<tr>\n<td><\/td>\n<td align=\"right\"><img decoding=\"async\" src=\"http:\/\/diablo3.ingame.de\/files\/2017\/03\/Wandteppich-aus-Arreat.png\" style=\"vertical-align:middle;margin-left:10px\"><\/td>\n<td><b>Wandteppich aus Arreat<\/b><\/td>\n<td>Aus einer Horadrischen Truhe aus Akt III.<\/td>\n<\/tr>\n<tr>\n<td><\/td>\n<td align=\"right\"><img decoding=\"async\" src=\"http:\/\/diablo3.ingame.de\/files\/2017\/03\/Verderbtes-Engelsfleisch.png\" style=\"vertical-align:middle;margin-left:10px\"><\/td>\n<td><b>Verderbtes Engelsfleisch<\/b><\/td>\n<td>Aus einer Horadrischen Truhe aus Akt IV.<\/td>\n<\/tr>\n<tr>\n<td><\/td>\n<td align=\"right\"><img decoding=\"async\" src=\"http:\/\/diablo3.ingame.de\/files\/2017\/03\/Heiliges-Wasser-aus-Westmark.png\" style=\"vertical-align:middle;margin-left:10px\"><\/td>\n<td><b>Wasser aus Westark<\/b><\/td>\n<td>Aus einer Horadrischen Truhe aus Akt V.<\/td>\n<\/tr>\n<\/tbody>\n<\/table>\n<p>Diese legen\u00e4dern Materialien werden zur Herstellung mancher legend\u00e4rer Gegenst\u00e4nde beim Schmied ben\u00f6tigt. Ebenso sind diese legend\u00e4ren Materialien f\u00fcr manche Rezepte aus Kanais W\u00fcrfel notwenig.<\/p>\n<h3>Essenzen<\/h3>\n<p>Wer einen hohen Verschlei\u00df einer bestimmten Edelsteinsorte hat, der kann auf das Rezept &#8222;<a href=\"http:\/\/diablo3.ingame.de\/diablo-3\/guides\/kanais-wuerfel\/#6\" target=\"_blank\" rel=\"noopener\">Radaments Finsternis<\/a>&#8220; aus Kanais W\u00fcrfel zur\u00fcck greifen, um aus einer Edelsteinsorte eine andere Edelsteinsorte herzustellen. Ben\u00f6tigt werden dazu Edelsteine und Essenzen. Diese Essenzen erh\u00e4lt man von Kr\u00fcmelchen aus dem versteckten Lager in Akt II. Folgende Essenzen sind verf\u00fcgbar:<\/p>\n<table width=\"50%\">\n<tbody>\n<tr>\n<td><\/td>\n<td align=\"right\"><img decoding=\"async\" src=\"http:\/\/diablo3.ingame.de\/files\/2017\/03\/Amethystessenz.png\" style=\"vertical-align:middle;margin-left:10px\"><\/td>\n<td><b>Amethystessenz<\/b><\/td>\n<\/tr>\n<tr>\n<td><\/td>\n<td align=\"right\"><img decoding=\"async\" src=\"http:\/\/diablo3.ingame.de\/files\/2017\/03\/Diamantessenz.png\" style=\"vertical-align:middle;margin-left:10px\"><\/td>\n<td><b>Diamantessenz<\/b><\/td>\n<\/tr>\n<tr>\n<td><\/td>\n<td align=\"right\"><img decoding=\"async\" src=\"http:\/\/diablo3.ingame.de\/files\/2017\/03\/Rubinessenz.png\" style=\"vertical-align:middle;margin-left:10px\"><\/td>\n<td><b>Rubinessenz<\/b><\/td>\n<\/tr>\n<tr>\n<td><\/td>\n<td align=\"right\"><img decoding=\"async\" src=\"http:\/\/diablo3.ingame.de\/files\/2017\/03\/Smaragdessenz.png\" style=\"vertical-align:middle;margin-left:10px\"><\/td>\n<td><b>Smaragdessenz<\/b><\/td>\n<\/tr>\n<tr>\n<td><\/td>\n<td align=\"right\"><img decoding=\"async\" src=\"http:\/\/diablo3.ingame.de\/files\/2017\/03\/Topasessenz.png\" style=\"vertical-align:middle;margin-left:10px\"><\/td>\n<td><b>Topasessenz<\/b><\/td>\n<\/tr>\n<\/tbody>\n<\/table>\n<h2 id=\"3\">Gegenst\u00e4nde Schmieden<\/h2>\n<p>Mit den gewonnen Craftmaterialien kann Haedrig neue und m\u00e4chtigere Waffen und R\u00fcstungen mit mehreren zuf\u00e4lligen magischen Eigenschaften erschaffen. Mit steigendem Level des Schmieds werden weitere und bessere Craftrezepte freigeschaltet. So k\u00f6nnt ihr zu Beginn lediglich wenige Waffen und R\u00fcstungsgegenst\u00e4nde auf niedrigem Level schmieden, auf h\u00f6heren Leveln stehen euch dann aber weitaus m\u00e4chtigere Rezepte zur Verf\u00fcgung.<\/p>\n<p>Zus\u00e4tzlich zu den durch Levelaufstiege freigeschalteten Rezepten kann der Schmied mit Hilfe spezieller Schmiedepl\u00e4ne besondere Rezepte zum Craften von seltenen und legend\u00e4ren Gegenst\u00e4nden und Sets erlernen. Diese Pl\u00e4ne k\u00f6nnen in der Welt Sanktuarios gefunden werden.<\/p>\n<h3>Craftrezepte<\/h3>\n<table width=\"100%\">\n<colgroup>\n<col width=\"50%\">\n<col width=\"50%\">\n<\/colgroup>\n<tbody>\n<tr>\n<td>\n<ol>\n<li><a href=\"http:\/\/diablo3.ingame.de\/diablo-3\/artisans-crafting\/der-schmied-haedrig-eamon\/der-schmied-stufe-1-lehrling\/\" target=\"_blank\" rel=\"noopener\">Lehrling<\/a><\/li>\n<li><a href=\"http:\/\/diablo3.ingame.de\/diablo-3\/artisans-crafting\/der-schmied-haedrig-eamon\/der-schmied-stufe-2-geselle\/\" target=\"_blank\" rel=\"noopener\">Geselle<\/a><\/li>\n<li><a href=\"http:\/\/diablo3.ingame.de\/diablo-3\/artisans-crafting\/der-schmied-haedrig-eamon\/der-schmied-stufe-3-adept\/\" target=\"_blank\" rel=\"noopener\">Adept<\/a><\/li>\n<li><a href=\"http:\/\/diablo3.ingame.de\/diablo-3\/artisans-crafting\/der-schmied-haedrig-eamon\/der-schmied-stufe-4-meister\/\" target=\"_blank\" rel=\"noopener\">Meister<\/a><\/li>\n<li><a href=\"http:\/\/diablo3.ingame.de\/diablo-3\/artisans-crafting\/der-schmied-haedrig-eamon\/der-schmied-stufe-5-grosmeister\/\" target=\"_blank\" rel=\"noopener\">Gro\u00dfmeister<\/a><\/li>\n<li><a href=\"http:\/\/diablo3.ingame.de\/diablo-3\/artisans-crafting\/der-schmied-haedrig-eamon\/der-schmied-stufe-6-beruhmt\/\" target=\"_blank\" rel=\"noopener\">Ber\u00fchmt<\/a><\/li>\n<\/ol>\n<\/td>\n<td>\n<ol start=\"7\">\n<li><a href=\"http:\/\/diablo3.ingame.de\/diablo-3\/artisans-crafting\/der-schmied-haedrig-eamon\/der-schmied-stufe-7-fabelhaft\/\" target=\"_blank\" rel=\"noopener\">Fabelhaft<\/a><\/li>\n<li><a href=\"http:\/\/diablo3.ingame.de\/diablo-3\/artisans-crafting\/der-schmied-haedrig-eamon\/der-schmied-stufe-8-grandios\/\" target=\"_blank\" rel=\"noopener\">Grandios<\/a><\/li>\n<li><a href=\"http:\/\/diablo3.ingame.de\/diablo-3\/artisans-crafting\/der-schmied-haedrig-eamon\/der-schmied-stufe-9-glorreich\/\" target=\"_blank\" rel=\"noopener\">Glorreich<\/a><\/li>\n<li><a href=\"http:\/\/diablo3.ingame.de\/diablo-3\/artisans-crafting\/der-schmied-haedrig-eamon\/der-schmied-stufe-10-ehrfurchtgebietend\/\" target=\"_blank\" rel=\"noopener\">Herausragend<\/a><\/li>\n<li><a href=\"http:\/\/diablo3.ingame.de\/diablo-3\/artisans-crafting\/der-schmied-haedrig-eamon\/der-schmied-stufe-10-ehrfurchtgebietend\/\" target=\"_blank\" rel=\"noopener\">Auserlesen<\/a><\/li>\n<li><a href=\"http:\/\/diablo3.ingame.de\/diablo-3\/artisans-crafting\/der-schmied-haedrig-eamon\/der-schmied-stufe-10-ehrfurchtgebietend\/\" target=\"_blank\" rel=\"noopener\">Souver\u00e4n<\/a><\/li>\n<\/ol>\n<\/td>\n<\/tr>\n<\/tbody>\n<\/table>\n<p>Gerade bei Charakteren auf niedrigerem Level hilft der Schmied ungemein bei der Suche nach neuen und besseren Items, wenn man keine passende Ausr\u00fcstung findet. Aber auch im Highlevel-Bereich k\u00f6nnen sehr brauchbare und wertvolle Gegenst\u00e4nde geschmiedet werden, insbesondere bei den durch zus\u00e4tzliche Pl\u00e4ne erlernten Rezepten. Etwas Gl\u00fcck geh\u00f6rt nat\u00fcrlich auch dazu.<\/p>\n<h2 id=\"4\">Level-Kosten<\/h2>\n<p>Um bessere Gegenst\u00e4nde zu craften, ben\u00f6tigt man nicht nur bessere Craftrohstoffe, sondern auch einen erfahreneren Schmied. Mit Gold kann man den Schmied nach und nach auf Level 10 bringen und so immer mehr Craftrezepte freischalten. F\u00fcr Level 11 wird zus\u00e4tzlich 1 Atem des Todes ben\u00f6tigt. Die Kosten f\u00fcr die einzelnen Erfahrungsstufen findet ihr in der folgenden Tabelle:<\/p>\n<h3>Kosten Stufenaufstieg<\/h3>\n<table>\n<tbody>\n<tr>\n<th>Stufe<\/th>\n<th>Kosten<\/th>\n<\/tr>\n<tr>\n<td>Lehrling<\/td>\n<td valign=\"middle\" align=\"right\"><span style=\"color:white!important;\">&#8211;<\/span><img decoding=\"async\" src=\"http:\/\/diablo3.ingame.de\/files\/2012\/06\/D3Coin.png\" style=\"vertical-align:middle;margin-left:1px;margin-right:8px\"><\/td>\n<\/tr>\n<tr>\n<td>Geselle<\/td>\n<td valign=\"middle\" align=\"right\"><span style=\"color:white!important;\">5.000<\/span><img decoding=\"async\" src=\"http:\/\/diablo3.ingame.de\/files\/2012\/06\/D3Coin.png\" style=\"vertical-align:middle;margin-left:1px;margin-right:8px\"><\/td>\n<\/tr>\n<tr>\n<td>Adept<\/td>\n<td valign=\"middle\" align=\"right\"><span style=\"color:white!important;\">6.000<\/span><img decoding=\"async\" src=\"http:\/\/diablo3.ingame.de\/files\/2012\/06\/D3Coin.png\" style=\"vertical-align:middle;margin-left:1px;margin-right:8px\"><\/td>\n<\/tr>\n<tr>\n<td>Meister<\/td>\n<td valign=\"middle\" align=\"right\"><span style=\"color:white!important;\">10.000<\/span><img decoding=\"async\" src=\"http:\/\/diablo3.ingame.de\/files\/2012\/06\/D3Coin.png\" style=\"vertical-align:middle;margin-left:1px;margin-right:8px\"><\/td>\n<\/tr>\n<tr>\n<td>Gro\u00dfmeister<\/td>\n<td valign=\"middle\" align=\"right\"><span style=\"color:white!important;\">15.000<\/span><img decoding=\"async\" src=\"http:\/\/diablo3.ingame.de\/files\/2012\/06\/D3Coin.png\" style=\"vertical-align:middle;margin-left:1px;margin-right:8px\"><\/td>\n<\/tr>\n<tr>\n<td>Ber\u00fchmt<\/td>\n<td valign=\"middle\" align=\"right\"><span style=\"color:white!important;\">20.000<\/span><img decoding=\"async\" src=\"http:\/\/diablo3.ingame.de\/files\/2012\/06\/D3Coin.png\" style=\"vertical-align:middle;margin-left:1px;margin-right:8px\"><\/td>\n<\/tr>\n<tr>\n<td>Fabelhaft<\/td>\n<td valign=\"middle\" align=\"right\"><span style=\"color:white!important;\">25.000<\/span><img decoding=\"async\" src=\"http:\/\/diablo3.ingame.de\/files\/2012\/06\/D3Coin.png\" style=\"vertical-align:middle;margin-left:1px;margin-right:8px\"><\/td>\n<\/tr>\n<tr>\n<td>Grandios<\/td>\n<td valign=\"middle\" align=\"right\"><span style=\"color:white!important;\">30.000<\/span><img decoding=\"async\" src=\"http:\/\/diablo3.ingame.de\/files\/2012\/06\/D3Coin.png\" style=\"vertical-align:middle;margin-left:1px;margin-right:8px\"><\/td>\n<\/tr>\n<tr>\n<td>Glorreich<\/td>\n<td valign=\"middle\" align=\"right\"><span style=\"color:white!important;\">35.000<\/span><img decoding=\"async\" src=\"http:\/\/diablo3.ingame.de\/files\/2012\/06\/D3Coin.png\" style=\"vertical-align:middle;margin-left:1px;margin-right:8px\"><\/td>\n<\/tr>\n<tr>\n<td>Herausragend<\/td>\n<td valign=\"middle\" align=\"right\"><span style=\"color:white!important;\">40.000<\/span><img decoding=\"async\" src=\"http:\/\/diablo3.ingame.de\/files\/2012\/06\/D3Coin.png\" style=\"vertical-align:middle;margin-left:1px;margin-right:8px\"><\/td>\n<\/tr>\n<tr>\n<td>Auserlesen<\/td>\n<td valign=\"middle\" align=\"right\"><span style=\"color:white!important;\">1<\/span><img decoding=\"async\" src=\"http:\/\/diablo3.ingame.de\/files\/2017\/03\/Atem-des-Todes.png\" style=\"vertical-align:middle;margin-left:1px;margin-right:8px;height:19px\"><span style=\"color:white!important;\">50.000<\/span><img decoding=\"async\" src=\"http:\/\/diablo3.ingame.de\/files\/2012\/06\/D3Coin.png\" style=\"vertical-align:middle;margin-left:1px;margin-right:8px\"><\/td>\n<\/tr>\n<tr>\n<td>Souver\u00e4n<\/td>\n<td valign=\"middle\" align=\"right\"><span style=\"color:white!important;\">75.000<\/span><img decoding=\"async\" src=\"http:\/\/diablo3.ingame.de\/files\/2012\/06\/D3Coin.png\" style=\"vertical-align:middle;margin-left:1px;margin-right:8px\"><\/td>\n<\/tr>\n<\/tbody>\n<\/table>\n<p>In der Regel sollte es kein Problem sein, den Schmied auf eine zum Charakterlevel passenden Stufe zu bringen. Beachtet, dass Atem des Todes erst ab Level 61 gefunden werden k\u00f6nnen.<\/p>\n<p style=\"text-align:right;font-style:italic\">Stand: 04\/2017<\/p>\n","protected":false},"excerpt":{"rendered":"<p>W\u00e4hrend in Diablo 2 lediglich einige wenige brauchbare Gegenst\u00e4nde im Horadrimw\u00fcfel gecraftet werden konnten, hat Blizzard das Craftsystem in Diablo 3 deutlich erweitert. Bereits im ersten Akt trefft ihr den Schmied Haedrig Eamon, der unbrauchbare Gegenst\u00e4nde in Craftmaterialien zerlegen kann und mit steigendem Level Rezepte f\u00fcr neue Items erlernt. \u00dcbersicht Allgemeine Informationen Handwerksmaterialien Gegenst\u00e4nde schmieden&hellip; <a class=\"more-link\" href=\"https:\/\/planetdiablo.eu\/de\/diablo-3\/artisans-crafting\/der-schmied-haedrig-eamon\/\"><span class=\"screen-reader-text\">Diablo 3- Der Schmied Haedrig Eamon<\/span> weiterlesen<\/a><\/p>\n","protected":false},"author":847,"featured_media":0,"parent":447149,"menu_order":0,"comment_status":"closed","ping_status":"open","template":"","meta":{"footnotes":""},"class_list":["post-523433","page","type-page","status-publish","hentry","entry"],"_links":{"self":[{"href":"https:\/\/planetdiablo.eu\/de\/wp-json\/wp\/v2\/pages\/523433","targetHints":{"allow":["GET"]}}],"collection":[{"href":"https:\/\/planetdiablo.eu\/de\/wp-json\/wp\/v2\/pages"}],"about":[{"href":"https:\/\/planetdiablo.eu\/de\/wp-json\/wp\/v2\/types\/page"}],"author":[{"embeddable":true,"href":"https:\/\/planetdiablo.eu\/de\/wp-json\/wp\/v2\/users\/847"}],"replies":[{"embeddable":true,"href":"https:\/\/planetdiablo.eu\/de\/wp-json\/wp\/v2\/comments?post=523433"}],"version-history":[{"count":1,"href":"https:\/\/planetdiablo.eu\/de\/wp-json\/wp\/v2\/pages\/523433\/revisions"}],"predecessor-version":[{"id":582068,"href":"https:\/\/planetdiablo.eu\/de\/wp-json\/wp\/v2\/pages\/523433\/revisions\/582068"}],"up":[{"embeddable":true,"href":"https:\/\/planetdiablo.eu\/de\/wp-json\/wp\/v2\/pages\/447149"}],"wp:attachment":[{"href":"https:\/\/planetdiablo.eu\/de\/wp-json\/wp\/v2\/media?parent=523433"}],"curies":[{"name":"wp","href":"https:\/\/api.w.org\/{rel}","templated":true}]}}