{"id":526385,"date":"2012-06-25T20:15:44","date_gmt":"2012-06-25T18:15:44","guid":{"rendered":"http:\/\/diablo3.ingame.de\/?page_id=526385"},"modified":"2012-06-25T20:15:44","modified_gmt":"2012-06-25T18:15:44","slug":"video-anleitung-items-farmen-in-akt-1-inferno","status":"publish","type":"page","link":"https:\/\/planetdiablo.eu\/de\/diablo-3\/guides\/video-anleitung-items-farmen-in-akt-1-inferno\/","title":{"rendered":"Diablo 3 Video-Anleitung: Items farmen in Akt 1 Inferno"},"content":{"rendered":"<p>Wenn ihr auf der Suche nach einer guten Farm-Route in Akt 1 Inferno seid, so k\u00f6nnte die folgende Video-Anleitung von HDDusel etwas f\u00fcr euch sein.<br \/>\nSeit dem Diablo 3 Patch 1.03 k\u00f6nnen auch Items mit dem h\u00f6chsten Itemlevel in Akt 1 Inferno droppen, so dass man nun auch dort sehr n\u00fctzliche und wertvolle Items finden kann, ohne zu gute Items zu ben\u00f6tigen.<\/p>\n<p>\n<iframe loading=\"lazy\" title=\"Diablo 3 Inferno Akt I Farming Route: Gelbe Items alle 2 Minuten!!! Patch 1.0.3, Barbar PoV\" width=\"750\" height=\"422\" src=\"https:\/\/www.youtube.com\/embed\/jtUgc-YprWQ?feature=oembed\" frameborder=\"0\" allow=\"accelerometer; autoplay; clipboard-write; encrypted-media; gyroscope; picture-in-picture\" allowfullscreen><\/iframe><\/p>\n","protected":false},"excerpt":{"rendered":"<p>Wenn ihr auf der Suche nach einer guten Farm-Route in Akt 1 Inferno seid, so k\u00f6nnte die folgende Video-Anleitung von HDDusel etwas f\u00fcr euch sein. Seit dem Diablo 3 Patch 1.03 k\u00f6nnen auch Items mit dem h\u00f6chsten Itemlevel in Akt 1 Inferno droppen, so dass man nun auch dort sehr n\u00fctzliche und wertvolle Items finden&hellip; <a class=\"more-link\" href=\"https:\/\/planetdiablo.eu\/de\/diablo-3\/guides\/video-anleitung-items-farmen-in-akt-1-inferno\/\"><span class=\"screen-reader-text\">Diablo 3 Video-Anleitung: Items farmen in Akt 1 Inferno<\/span> weiterlesen<\/a><\/p>\n","protected":false},"author":749,"featured_media":0,"parent":519808,"menu_order":22,"comment_status":"open","ping_status":"open","template":"","meta":{"footnotes":""},"class_list":["post-526385","page","type-page","status-publish","hentry","entry"],"_links":{"self":[{"href":"https:\/\/planetdiablo.eu\/de\/wp-json\/wp\/v2\/pages\/526385","targetHints":{"allow":["GET"]}}],"collection":[{"href":"https:\/\/planetdiablo.eu\/de\/wp-json\/wp\/v2\/pages"}],"about":[{"href":"https:\/\/planetdiablo.eu\/de\/wp-json\/wp\/v2\/types\/page"}],"author":[{"embeddable":true,"href":"https:\/\/planetdiablo.eu\/de\/wp-json\/wp\/v2\/users\/749"}],"replies":[{"embeddable":true,"href":"https:\/\/planetdiablo.eu\/de\/wp-json\/wp\/v2\/comments?post=526385"}],"version-history":[{"count":0,"href":"https:\/\/planetdiablo.eu\/de\/wp-json\/wp\/v2\/pages\/526385\/revisions"}],"up":[{"embeddable":true,"href":"https:\/\/planetdiablo.eu\/de\/wp-json\/wp\/v2\/pages\/519808"}],"wp:attachment":[{"href":"https:\/\/planetdiablo.eu\/de\/wp-json\/wp\/v2\/media?parent=526385"}],"curies":[{"name":"wp","href":"https:\/\/api.w.org\/{rel}","templated":true}]}}