{"id":529688,"date":"2012-09-03T10:00:02","date_gmt":"2012-09-03T08:00:02","guid":{"rendered":"http:\/\/diablo3.ingame.de\/?page_id=529688"},"modified":"2021-04-14T08:23:16","modified_gmt":"2021-04-14T07:23:16","slug":"erfolge-komplettlosung","status":"publish","type":"page","link":"https:\/\/planetdiablo.eu\/de\/diablo-3\/erfolge-komplettlosung\/","title":{"rendered":"Diablo 3 &#8211; Erfolge Komplettl\u00f6sung"},"content":{"rendered":"<p><img loading=\"lazy\" decoding=\"async\" class=\"wp-image\" style=\"float: right!important; margin-left: 20px!important;\" src=\"https:\/\/planetdiablo.eu\/de\/wp-content\/uploads\/2012\/08\/achievement_list.png\" width=\"100\" height=\"100\">Mit der Modernisierung des Diablo-Spielprinzips hat Blizzard auch ein System eingef\u00fchrt, das seit einiger Zeit ein fester Bestandteil vieler gro\u00dfer Spieletitel ist: die Erfolge (Achievements). Diese decken bei Diablo III die ganze Bandbreite von praktisch nebenbei abgehakten Aufgaben bis zu echten Mammutprojekten ab. Auch der Schwierigkeitsgrad reicht von einfachen \u00dcbungen bis zu Kunstst\u00fccken, die selbst von erfahrenen Spielern gut geplant sein wollen.<\/p>\n<h2>Inhalt:<\/h2>\n<p><img loading=\"lazy\" decoding=\"async\" style=\"float: right!important; margin-bottom: 20px!important;\" src=\"https:\/\/planetdiablo.eu\/de\/wp-content\/uploads\/2012\/08\/standart.png\" width=\"165\" height=\"235\" align=\"middle\"><\/p>\n<ul>\n<li><a href=\"#aw\">Auswirkungen auf das Spiel<\/a><\/li>\n<li><a href=\"#sus\">Spielmodus und Seasons<\/a><\/li>\n<li><a href=\"#bu\">Bugs<\/a><\/li>\n<li><a href=\"#ko\">Komplettl\u00f6sung<\/a><\/li>\n<li><a href=\"#ac\">Achievement Communities<\/a><\/li>\n<\/ul>\n<h2 id=\"aw\">Auswirkungen auf das Spiel<\/h2>\n<p>An den Erfolgen scheiden sich, wie an so vielen Dingen in Diablo 3, die Geister. F\u00fcr die Einen ist es nur eine billige Methode, um mehr Spielinhalt vorzut\u00e4uschen, Andere sehen sie als willkommene Abwechslung zu der Jagd auf Gegenst\u00e4nde, die normalerweise ein Diablo-Spiel dominiert.<br \/>\nDie gut organisierte Erfolge-Sammlung erm\u00f6glicht jedem Spieler zu sehen, welche Teile des Spielinhalts er noch nicht erlebt hat &#8211; seien dies Gespr\u00e4che, Quests oder Tageb\u00fccher.<br \/>\nEin weiterer Nutzen der Erfolge sind die als Belohnung freigeschalteten Bannermotive, die neben den Charakteren eine zweite M\u00f6glichkeit bieten, das Spielkonto zu personalisieren.<br \/>\nDie Suche nach f\u00fcr Erfolge relevanten Monstern und Charakteren kann sich jedoch auch f\u00fcr ausschlie\u00dflich am Wohlstand interessierte Spieler lohnen, denn auf diese wird nicht selten ein stattliches Kopfgeld ausgesetzt.<\/p>\n<h2 id=\"sus\">Spielmodus und Seasons<\/h2>\n<p>Seit der Erweitung &#8222;Reaper of Souls&#8220; gibt es neben dem Kampagnenmodus noch den Abenteuermodus. F\u00fcr die meisten Erfolge ist der Abenteuermodus die angenehmere Wahl, f\u00fcr einige wird der Kampagnenmodus zwingend gebraucht (dies betrifft ironischerweise nicht einmal den Abschnitt Kampagne). Sollte ein Erfolg nur im Kampagnenmodus abzuschlie\u00dfen sein, so steht dies dabei. Viele Aufgaben von Erfolgen k\u00f6nnen (teilweise) als Kopfgelder (Bounties) im Abenteuermodus erscheinen. Dies wird in den entsprechenden Tabellen durch ein &#8222;Bounty&#8220; gekennzeichnet.<\/p>\n<p>Beim Abschlie\u00dfen von Erfolgen gilt: Ein Erfolg der im Spielmodus &#8222;Hardcore&#8220; (HC) abgeschlossen wurde, z\u00e4hlt ebenfalls im Modus &#8222;Softcore&#8220; (SC), daher empfielt es sich z.B. die seltenen Gegner die sowohl f\u00fcr ein HC- wie auch ein SC-Erfolg ben\u00f6tigt werden im HC-Modus zu t\u00f6ten, so dass man den Gegner nicht doppelt suchen und t\u00f6ten muss.<br \/>\nIn Bezug auf die in 2.1 eingef\u00fchrten Seasons gilt \u00e4hnliches. Ein Erfolg, der in einer Season abgeschlossen wird gilt sowohl f\u00fcr die Kategorie &#8222;Season&#8220; wie auch f\u00fcr die Kategorie &#8222;Karriere&#8220; und wird direkt gutgeschrieben. Ebenso werden bei &#8222;Z\u00e4hlerfolgen&#8220; (z.B. T\u00f6te 100.000 D\u00e4monen) der mit einem Seasoncharakter erzielte Fortschritt live zum Karrierefortschritt hinzugez\u00e4hlt. Beispiel: Hat ein Spieler im Karrieremodus 50.000 D\u00e4monen get\u00f6tet und t\u00f6tet anschlie\u00dfend mit einem Seasonchar 10.000, so hat er folgende Z\u00e4hlerst\u00e4nde: Karriere 60.000 und Season 10.000.<\/p>\n<p>Durch die zus\u00e4tzlichen, auf die Saison beschr\u00e4nkten, &#8222;Season only&#8220; und &#8222;Conquest&#8220;-Erfolge ist es m\u00f6glich in einer Season mehr Achievementpunkte zu erhalten als im &#8222;Karriere&#8220;-Modus.<\/p>\n<p>Zum Abschluss einer Season werden alle Erfolge, mit Ausnahme der Heldentaten (Feats of Strength), in der Kategorie &#8222;Season&#8220; zur\u00fcckgesetzt. Die Erfolge in der Kategorie &#8222;Karriere&#8220; bleiben erhalten und behalten ihren aktuellen Stand, d.h. Fortschritt, der in einer Season erspielt wurde, bleibt erhalten.<\/p>\n<h2 id=\"bu\">Bugs<\/h2>\n<p><a href=\"https:\/\/planetdiablo.eu\/de\/wp-content\/uploads\/2012\/09\/achievementbug1.png\"><img loading=\"lazy\" decoding=\"async\" class=\"wp-image\" style=\"float: right!important; margin-left: 10px!important;\" src=\"https:\/\/planetdiablo.eu\/de\/wp-content\/uploads\/2012\/09\/achievementbug1.png\" width=\"250\" height=\"169\"><\/a><\/p>\n<p>Leider gibt es auch bei den Erfolgen diverse Bugs, die das erf\u00fcllen der Bedingungen erschweren oder gar unm\u00f6glich machen. Der schwerwiegendste, weil die meisten Erfolge betreffende, d\u00fcrfte wohl der rechts zu sehende sein &#8211; man hat alle Bedingungen abgehakt, aber der Erfolg wird nicht angerechnet. Dies ist wahrscheinlich eine Folge der am Releasetag zeitweilig nicht erreichbaren Achievement-Server. Der Fehler ist Blizzard bekannt, aber nicht oben auf der Priorit\u00e4tenliste, weil er nicht alle Accounts betrifft. Hier hilft nur warten und hoffen.<br \/>\nEine schw\u00e4chere Art dieses Fehlers tritt bei den Geschichtsb\u00fcchern auf. Hier kann es sein, dass man ein nicht abgehaktes Buch mit einem Charakter nicht mehr finden kann, weil es beim ersten Fund nicht gewertet wurde. Ein neuer Charakter, der das Buch noch aufsammeln kann, verschafft Abhilfe.<br \/>\nWeitere Bugs gibt es bei den Erfolgen, die das T\u00f6ten bestimmter Elitegruppen erfordern. Alle dieser Erfolge f\u00fchren Monster auf, die entweder nicht als Champion bzw. Seltener Gegner auftauchen, oder im Falle des Auftauchens nicht gewertet werden.<br \/>\nNicht markierte Gegner werden in der Regel sp\u00e4testens nach der n\u00e4chsten Wartungsarbeit (i.d.R. Mittwochs) korrekt angezeigt. Wenn man sich sicher ist einen Gegner g\u00fcltig get\u00f6tet zu haben, dann kann man davon ausgehen, dass das System dies erfasst und gespeichert hat und es nur nicht korrekt angezeigt wird. Manchmal hilft schon ein kompletter Neulogin, da diverse Achievements beim Einloggen gepr\u00fcft werden, ob sie erf\u00fcllt worden sind..<\/p>\n<p>Bei &#8222;Z\u00e4hlerfolgen&#8220;, z.B. &#8222;T\u00f6te 100.000 D\u00e4monen&#8220;, aktualisiert sich der Balken NICHT direkt, sondern nur alle ca. 15-20min. Die Z\u00e4hlung erfolgt intern aber korrekt (direkt)! Logt man sich aus dem Spiel aus werden Z\u00e4hlerfolge direkt aktualisiert im Erfolgsfenster.<\/p>\n<h2 id=\"ko\">Komplettl\u00f6sung<\/h2>\n<p>F\u00fcr Spieler, die einfach nicht mehr weiter wissen, haben wir eine Komplettl\u00f6sung der Erfolge zusammengestellt. Ihr k\u00f6nnt in diesem Men\u00fc die Kategorie ausw\u00e4hlen, die euch gerade Probleme bereitet.<\/p>\n<p><em>Ein Tipp vorweg:<\/em> Wenn ein Erfolg das mehrmalige Ablaufen eines Gebietes erfordert, w\u00e4hlt am besten die Quest aus die euch ohnehin durch dieses Gebiet f\u00fchren w\u00fcrde. Dann gibt es am Ein- oder Ausgang des Gebietes wahrscheinlich einen Checkpoint, von dem aus ihr einen k\u00fcrzeren Weg zum Ziel habt.<\/p>\n<h3>Allgemein<\/h3>\n<ul>\n<li><a href=\"https:\/\/planetdiablo.eu\/de\/diablo-3\/erfolge-komplettlosung\/erfolge-allgemein\">Allgemein<\/a><\/li>\n<li><a href=\"https:\/\/planetdiablo.eu\/de\/diablo-3\/erfolge-komplettlosung\/erfolge-allgemein\/#genc\">Gespr\u00e4che<\/a><\/li>\n<li><a href=\"https:\/\/planetdiablo.eu\/de\/diablo-3\/erfolge-komplettlosung\/erfolge-allgemein\/#gene\">Erkundung<\/a><\/li>\n<\/ul>\n<h3>Abenteuermodus<\/h3>\n<ul>\n<li><a href=\"https:\/\/planetdiablo.eu\/de\/diablo-3\/erfolge-komplettlosung\/erfolge-abenteuer\/\">Allgemein<\/a><\/li>\n<li><a href=\"https:\/\/planetdiablo.eu\/de\/diablo-3\/erfolge-komplettlosung\/erfolge-abenteuer\/#kopf\">Kopfgelder<\/a><\/li>\n<li><a href=\"https:\/\/planetdiablo.eu\/de\/diablo-3\/erfolge-komplettlosung\/erfolge-abenteuer\/#genc\">Nephalemportale<\/a><\/li>\n<\/ul>\n<h3>Kampagne<\/h3>\n<ul>\n<li><a href=\"https:\/\/planetdiablo.eu\/de\/diablo-3\/erfolge-komplettlosung\/erfolge-kampagne\">Allgemein<\/a><\/li>\n<li><a href=\"https:\/\/planetdiablo.eu\/de\/diablo-3\/erfolge-komplettlosung\/erfolge-kampagne\/#cam1\">Akt I<\/a><\/li>\n<li><a href=\"https:\/\/planetdiablo.eu\/de\/diablo-3\/erfolge-komplettlosung\/erfolge-kampagne\/#cam2\">Akt II<\/a><\/li>\n<li><a href=\"https:\/\/planetdiablo.eu\/de\/diablo-3\/erfolge-komplettlosung\/erfolge-kampagne\/#cam3\">Akt III<\/a><\/li>\n<li><a href=\"https:\/\/planetdiablo.eu\/de\/diablo-3\/erfolge-komplettlosung\/erfolge-kampagne\/#cam4\">Akt IV<\/a><\/li>\n<li><a href=\"https:\/\/planetdiablo.eu\/de\/diablo-3\/erfolge-komplettlosung\/erfolge-kampagne\/#cam5\">Akt V<\/a><\/li>\n<\/ul>\n<h3>Coop-Modus<\/h3>\n<ul>\n<li><a href=\"https:\/\/planetdiablo.eu\/de\/diablo-3\/erfolge-komplettlosung\/erfolge-co-op-modus\">Allgemein<\/a><\/li>\n<li><a href=\"https:\/\/planetdiablo.eu\/de\/diablo-3\/erfolge-komplettlosung\/erfolge-co-op-modus\/#coo1\">Akt I<\/a><\/li>\n<li><a href=\"https:\/\/planetdiablo.eu\/de\/diablo-3\/erfolge-komplettlosung\/erfolge-co-op-modus\/#coo2\">Akt II<\/a><\/li>\n<li><a href=\"https:\/\/planetdiablo.eu\/de\/diablo-3\/erfolge-komplettlosung\/erfolge-co-op-modus\/#coo3\">Akt III<\/a><\/li>\n<li><a href=\"https:\/\/planetdiablo.eu\/de\/diablo-3\/erfolge-komplettlosung\/erfolge-co-op-modus\/#coo4\">Akt IV<\/a><\/li>\n<\/ul>\n<h3>Hardcore-Modus<\/h3>\n<ul>\n<li><a href=\"https:\/\/planetdiablo.eu\/de\/diablo-3\/erfolge-komplettlosung\/erfolge-hardcore-modus\">Allgemein<\/a><\/li>\n<li><a href=\"https:\/\/planetdiablo.eu\/de\/diablo-3\/erfolge-komplettlosung\/erfolge-hardcore-modus\/#har1\">Akt I<\/a><\/li>\n<li><a href=\"https:\/\/planetdiablo.eu\/de\/diablo-3\/erfolge-komplettlosung\/erfolge-hardcore-modus\/#har2\">Akt II<\/a><\/li>\n<li><a href=\"https:\/\/planetdiablo.eu\/de\/diablo-3\/erfolge-komplettlosung\/erfolge-hardcore-modus\/#har3\">Akt III<\/a><\/li>\n<li><a href=\"https:\/\/planetdiablo.eu\/de\/diablo-3\/erfolge-komplettlosung\/erfolge-hardcore-modus\/#har4\">Akt IV<\/a><\/li>\n<\/ul>\n<h3>Klassen<\/h3>\n<p><span style=\"color: #ff0000!important;\">Klassenspezifische Erfolge k\u00f6nnen nur mit einem Charakter der jeweiligen Klasse abgeschlossen werden!<\/span><\/p>\n<ul>\n<li><a href=\"https:\/\/planetdiablo.eu\/de\/diablo-3\/erfolge-komplettlosung\/erfolge-klassen\">Allgemein<\/a><\/li>\n<li><a href=\"https:\/\/planetdiablo.eu\/de\/diablo-3\/erfolge-komplettlosung\/erfolge-klassen\/#clab\">Barbar<\/a><\/li>\n<li><a href=\"https:\/\/planetdiablo.eu\/de\/diablo-3\/erfolge-komplettlosung\/erfolge-klassen\/#clak\">Kreuzritter<\/a><\/li>\n<li><a href=\"https:\/\/planetdiablo.eu\/de\/diablo-3\/erfolge-komplettlosung\/erfolge-klassen\/#clad\">D\u00e4monenj\u00e4ger<\/a><\/li>\n<li><a href=\"https:\/\/planetdiablo.eu\/de\/diablo-3\/erfolge-komplettlosung\/erfolge-klassen\/#clam\">M\u00f6nch<\/a><\/li>\n<li><a href=\"https:\/\/planetdiablo.eu\/de\/diablo-3\/erfolge-komplettlosung\/erfolge-klassen\/#clawit\">Hexendoktor<\/a><\/li>\n<li><a href=\"https:\/\/planetdiablo.eu\/de\/diablo-3\/erfolge-komplettlosung\/erfolge-klassen\/#clawiz\">Zauberer<\/a><\/li>\n<\/ul>\n<h3>Herausforderungen<\/h3>\n<ul>\n<li><a href=\"https:\/\/planetdiablo.eu\/de\/diablo-3\/erfolge-komplettlosung\/erfolge-herausforderungen\">Allgemein<\/a><\/li>\n<li><a href=\"https:\/\/planetdiablo.eu\/de\/diablo-3\/erfolge-komplettlosung\/erfolge-herausforderungen\/#cha1\">Akt I<\/a><\/li>\n<li><a href=\"https:\/\/planetdiablo.eu\/de\/diablo-3\/erfolge-komplettlosung\/erfolge-herausforderungen\/#cha2\">Akt II<\/a><\/li>\n<li><a href=\"https:\/\/planetdiablo.eu\/de\/diablo-3\/erfolge-komplettlosung\/erfolge-herausforderungen\/#cha3\">Akt III<\/a><\/li>\n<li><a href=\"https:\/\/planetdiablo.eu\/de\/diablo-3\/erfolge-komplettlosung\/erfolge-herausforderungen\/#cha4\">Akt IV<\/a><\/li>\n<\/ul>\n<h3>Handwerk<\/h3>\n<ul>\n<li><a href=\"https:\/\/planetdiablo.eu\/de\/diablo-3\/erfolge-komplettlosung\/erfolge-handwerk\">Allgemein<\/a><\/li>\n<li><a href=\"https:\/\/planetdiablo.eu\/de\/diablo-3\/erfolge-komplettlosung\/erfolge-handwerk\/#crab\">Schmied<\/a><\/li>\n<li><a href=\"https:\/\/planetdiablo.eu\/de\/diablo-3\/erfolge-komplettlosung\/erfolge-handwerk\/#craj\">Juwelenschmied<\/a><\/li>\n<\/ul>\n<h3>Saisons<\/h3>\n<ul>\n<li><a href=\"https:\/\/planetdiablo.eu\/de\/diablo-3\/erfolge-komplettlosung\/erfolge-saison\/#S3\">Saison 3<\/a><\/li>\n<li><a href=\"https:\/\/planetdiablo.eu\/de\/diablo-3\/erfolge-komplettlosung\/erfolge-saison\/#S2\">Saison 2<\/a><\/li>\n<\/ul>\n<h3>Errungenschaften<\/h3>\n<ul>\n<li><a href=\"https:\/\/planetdiablo.eu\/de\/diablo-3\/erfolge-komplettlosung\/erfolge-errungenschaften\/\">Errungenschaften<\/a><\/li>\n<\/ul>\n<h3>Heldentaten<\/h3>\n<ul>\n<li><a href=\"https:\/\/planetdiablo.eu\/de\/diablo-3\/erfolge-komplettlosung\/erfolge-heldentat\">Heldentaten<\/a><\/li>\n<\/ul>\n<h2 id=\"ac\">Achievement Communities<\/h2>\n<p>Viele Spieler, die Erfolge jagen, schlie\u00dfen sich in Communities zusammen. Durch die mit RoS eingef\u00fchrten Ingame-Communities ist dies einfach wie nie und im Chat tauschen sich die &#8222;Achievementhunter&#8220; gegenseitig aus, melden, wenn sie einen sehr seltenen Gegner gefunden haben etc.. Eine der bekanntesten Achievement-Communities in Europa ist die &#8222;Masterlist&#8220;-Community (Name: MasterList Category: Online Communities Sprache: English (British)). Ein Blick lohnt sich!<\/p>\n<div><em>geschrieben von Quaternion, Stand: 08\/2012<\/em><br \/>\n<em>aktualisiert von Bukama und MrGracy, Stand: 10\/2014<\/em><br \/>\n<em>aktualisiert von MrGracy, Stand: 03\/2021<\/em><\/div>\n<div style=\"clear: both;\"><\/div>\n","protected":false},"excerpt":{"rendered":"<p>Mit der Modernisierung des Diablo-Spielprinzips hat Blizzard auch ein System eingef\u00fchrt, das seit einiger Zeit ein fester Bestandteil vieler gro\u00dfer Spieletitel ist: die Erfolge (Achievements). Diese decken bei Diablo III die ganze Bandbreite von praktisch nebenbei abgehakten Aufgaben bis zu echten Mammutprojekten ab. Auch der Schwierigkeitsgrad reicht von einfachen \u00dcbungen bis zu Kunstst\u00fccken, die selbst&hellip; <a class=\"more-link\" href=\"https:\/\/planetdiablo.eu\/de\/diablo-3\/erfolge-komplettlosung\/\"><span class=\"screen-reader-text\">Diablo 3 &#8211; Erfolge Komplettl\u00f6sung<\/span> weiterlesen<\/a><\/p>\n","protected":false},"author":847,"featured_media":0,"parent":47,"menu_order":24,"comment_status":"closed","ping_status":"open","template":"","meta":{"footnotes":""},"class_list":["post-529688","page","type-page","status-publish","hentry","entry"],"_links":{"self":[{"href":"https:\/\/planetdiablo.eu\/de\/wp-json\/wp\/v2\/pages\/529688","targetHints":{"allow":["GET"]}}],"collection":[{"href":"https:\/\/planetdiablo.eu\/de\/wp-json\/wp\/v2\/pages"}],"about":[{"href":"https:\/\/planetdiablo.eu\/de\/wp-json\/wp\/v2\/types\/page"}],"author":[{"embeddable":true,"href":"https:\/\/planetdiablo.eu\/de\/wp-json\/wp\/v2\/users\/847"}],"replies":[{"embeddable":true,"href":"https:\/\/planetdiablo.eu\/de\/wp-json\/wp\/v2\/comments?post=529688"}],"version-history":[{"count":16,"href":"https:\/\/planetdiablo.eu\/de\/wp-json\/wp\/v2\/pages\/529688\/revisions"}],"predecessor-version":[{"id":581036,"href":"https:\/\/planetdiablo.eu\/de\/wp-json\/wp\/v2\/pages\/529688\/revisions\/581036"}],"up":[{"embeddable":true,"href":"https:\/\/planetdiablo.eu\/de\/wp-json\/wp\/v2\/pages\/47"}],"wp:attachment":[{"href":"https:\/\/planetdiablo.eu\/de\/wp-json\/wp\/v2\/media?parent=529688"}],"curies":[{"name":"wp","href":"https:\/\/api.w.org\/{rel}","templated":true}]}}