{"id":530044,"date":"2012-09-03T11:19:13","date_gmt":"2012-09-03T09:19:13","guid":{"rendered":"http:\/\/diablo3.ingame.de\/?page_id=530044"},"modified":"2021-04-30T10:18:33","modified_gmt":"2021-04-30T08:18:33","slug":"erfolge-heldentat","status":"publish","type":"page","link":"https:\/\/planetdiablo.eu\/de\/diablo-3\/erfolge-komplettlosung\/erfolge-heldentat\/","title":{"rendered":"Diablo 3 &#8211; Erfolge: Heldentat"},"content":{"rendered":"\n<p><a name=\"top\"><\/a><\/p>\n\n\n<figure class=\"wp-block-table\">\n<table>\n<tbody>\n<tr>\n<td>\n<figure class=\"wp-block-image\"><a href=\"https:\/\/planetdiablo.eu\/diablo-3\/erfolge-komplettlosung\/\"><img decoding=\"async\" src=\"https:\/\/planetdiablo.eu\/wp-content\/uploads\/2012\/09\/einf.png\" alt=\"Diablo 3 Achievements Einleitung\"><\/a><\/figure>\n<\/td>\n<td>\n<figure class=\"wp-block-image\"><a href=\"https:\/\/planetdiablo.eu\/diablo-3\/erfolge-komplettlosung\/erfolge-allgemein\/\"><img decoding=\"async\" src=\"https:\/\/planetdiablo.eu\/wp-content\/uploads\/2014\/10\/Allgemein.png\" alt=\"Achievements Allgemein\"><\/a><\/figure>\n<\/td>\n<td>\n<figure class=\"wp-block-image\"><a href=\"https:\/\/planetdiablo.eu\/diablo-3\/erfolge-komplettlosung\/erfolge-abenteuer\/\"><img decoding=\"async\" src=\"https:\/\/planetdiablo.eu\/wp-content\/uploads\/2014\/10\/Abenteuermodus.png\" alt=\"Achievements Abenteuermodus\"><\/a><\/figure>\n<\/td>\n<\/tr>\n<tr>\n<td>\n<figure class=\"wp-block-image\"><a href=\"https:\/\/planetdiablo.eu\/diablo-3\/erfolge-komplettlosung\/erfolge-kampagne\/\"><img decoding=\"async\" src=\"https:\/\/planetdiablo.eu\/wp-content\/uploads\/2014\/10\/Kampagne.png\" alt=\"Achievements Kampagne\"><\/a><\/figure>\n<\/td>\n<td>\n<figure class=\"wp-block-image\"><a href=\"https:\/\/planetdiablo.eu\/diablo-3\/erfolge-komplettlosung\/erfolge-co-op-modus\/\"><img decoding=\"async\" src=\"https:\/\/planetdiablo.eu\/wp-content\/uploads\/2014\/10\/Coop-Modus.png\" alt=\"Achievements Coop-Modus\"><\/a><\/figure>\n<\/td>\n<td>\n<figure class=\"wp-block-image\"><a href=\"https:\/\/planetdiablo.eu\/diablo-3\/erfolge-komplettlosung\/erfolge-hardcore-modus\/\"><img decoding=\"async\" src=\"https:\/\/planetdiablo.eu\/wp-content\/uploads\/2014\/10\/Hardcore-Modus.png\" alt=\"Achievements Hardcore\"><\/a><\/figure>\n<\/td>\n<\/tr>\n<tr>\n<td>\n<figure class=\"wp-block-image\"><a href=\"https:\/\/planetdiablo.eu\/diablo-3\/erfolge-komplettlosung\/erfolge-klassen\/\"><img decoding=\"async\" src=\"https:\/\/planetdiablo.eu\/wp-content\/uploads\/2014\/10\/Klassen.png\" alt=\"Achievements Klassen\"><\/a><\/figure>\n<\/td>\n<td>\n<figure class=\"wp-block-image\"><a href=\"https:\/\/planetdiablo.eu\/diablo-3\/erfolge-komplettlosung\/erfolge-herausforderungen\/\"><img decoding=\"async\" src=\"https:\/\/planetdiablo.eu\/wp-content\/uploads\/2014\/10\/Herausforderungen.png\" alt=\"Achievements Herausforderungen\"><\/a><\/figure>\n<\/td>\n<td>\n<figure class=\"wp-block-image\"><a href=\"https:\/\/planetdiablo.eu\/diablo-3\/erfolge-komplettlosung\/erfolge-handwerk\/\"><img decoding=\"async\" src=\"https:\/\/planetdiablo.eu\/wp-content\/uploads\/2014\/10\/Handwerk.png\" alt=\"Achievements Handwerk\"><\/a><\/figure>\n<\/td>\n<\/tr>\n<tr>\n<td>\n<figure class=\"wp-block-image\"><a href=\"https:\/\/planetdiablo.eu\/diablo-3\/erfolge-komplettlosung\/erfolge-heldentat\/\"><img decoding=\"async\" src=\"https:\/\/planetdiablo.eu\/wp-content\/uploads\/2014\/10\/Heldentaten.png\" alt=\"Achievements Heldentaten\"><\/a><\/figure>\n<\/td>\n<td>\n<figure class=\"wp-block-image\"><a href=\"https:\/\/planetdiablo.eu\/diablo-3\/erfolge-komplettlosung\/erfolge-saison\/\"><img decoding=\"async\" src=\"https:\/\/planetdiablo.eu\/wp-content\/uploads\/2014\/10\/Saison.png\" alt=\"Achievements Saisons\"><\/a><\/figure>\n<\/td>\n<td>\n<figure class=\"wp-block-image\"><a href=\"https:\/\/planetdiablo.eu\/diablo-3\/erfolge-komplettlosung\/erfolge-errungenschaften\/\"><img decoding=\"async\" src=\"https:\/\/planetdiablo.eu\/wp-content\/uploads\/2014\/10\/Errungenschaften.png\" alt=\"Achievements Errungenschaften\"><\/a><\/figure>\n<\/td>\n<\/tr>\n<\/tbody>\n<\/table>\n<\/figure>\n\n\n<figure class=\"wp-block-table d3tborder\"><table><thead><tr><th>Symbol<\/th><th>Bedeutung<\/th><\/tr><\/thead><tbody><tr><td><img decoding=\"async\" src=\"https:\/\/planetdiablo.eu\/wp-content\/uploads\/2012\/08\/coop1.png\"><\/td><td>Dieser Erfolg existiert in einer Coop-Version.<\/td><\/tr><tr><td><img decoding=\"async\" src=\"https:\/\/planetdiablo.eu\/wp-content\/uploads\/2012\/08\/selten.png\" alt=\"\"><\/td><td>Bei diesem Erfolg lohnt es sich, sich mit anderen zusammenzutun. Wenn ihr eine seltene Bedingung findet, freut sich eure FL sicher \u00fcber eine Einladung.<\/td><\/tr><tr><td><img decoding=\"async\" src=\"https:\/\/planetdiablo.eu\/wp-content\/uploads\/2012\/08\/hc1.png\" alt=\"\"><\/td><td>Dieser Erfolg existiert in einer Hardcore-Version.<\/td><\/tr><tr><td>AxQy.z<\/td><td>Verweis auf bestimmten Abschnitt einer Quest in der Questauswahl.<br>Beispiel: A2Q8.3 ist The Black Soulstone\/Soulstone Chamber in Akt II.<\/td><\/tr><tr><td><a href=\"https:\/\/planetdiablo.eu\/diablo-3\/erfolge-komplettlosung\/erfolge-allgemein\/#top\"><span style=\"color: #2e2927;\"><u><span style=\"color: #66ff66;\"> \u25b2<\/span><\/u><\/span><\/a><\/td><td>Link zur\u00fcck zum Seitenanfang<\/td><\/tr><\/tbody><\/table><\/figure>\n\n\n\n<p>Heldentaten gibt es inzwischen sehr viele. Alte Erfolge, die aktuell nicht mehr &#8222;sinnvoll&#8220; sind wie &#8222;T\u00f6te Diablo auf dem Schwierigkeitsgrad Inferno&#8220; wurden zu den Heldentaten verschoben. Dadurch ist es Spielern, die erst sp\u00e4ter zu D3 gesto\u00dfen sind nicht m\u00f6glich, diese Heldentaten noch zu erhalten.<\/p>\n\n\n\n<p>Diese Heldentaten sind unter anderem noch erreichbar:<\/p>\n\n\n\n<hr class=\"wp-block-separator\"\/>\n\n\n\n<div class=\"infobox\" style=\"border-color: black;\"><img loading=\"lazy\" decoding=\"async\" class=\"newsimage\" style=\"float: left; margin-right: 20px;\" src=\"https:\/\/planetdiablo.eu\/wp-content\/uploads\/2012\/09\/discriminatingtaste.png\" width=\"64\" height=\"64\"><br><b>Discriminating Taste<\/b>\n<p>&nbsp;<\/p>\n<div class=\"infobox\" style=\"border-color: black;\"><img loading=\"lazy\" decoding=\"async\" class=\"newsimage\" style=\"float: right; margin-right: 20px;\" src=\"https:\/\/planetdiablo.eu\/wp-content\/uploads\/2012\/09\/diabloIIIcollectorsedition.png\" width=\"64\" height=\"64\">\n<p>&nbsp;<\/p>\n<p>Registriere eine Kopie der Diablo III Collector&#8217;s Edition.<\/p>\n<p>Belohnung: Siegel &#8222;Diablo III Collector&#8217;s Edition&#8220;<\/p>\n<hr><\/div>\n<div class=\"infobox\" style=\"border-color: black;\"><img loading=\"lazy\" decoding=\"async\" class=\"newsimage\" style=\"float: left; margin-right: 20px;\" src=\"https:\/\/planetdiablo.eu\/wp-content\/uploads\/2012\/09\/smashjaysmash.png\" width=\"64\" height=\"64\"><br><img loading=\"lazy\" decoding=\"async\" class=\"newsimage\" style=\"float: right; margin-left: 20px;\" src=\"https:\/\/planetdiablo.eu\/wp-content\/uploads\/2012\/09\/beastmonster.png\" width=\"64\" height=\"64\"><br><b>Kl\u00f6ng! Kl\u00f6ng!!<\/b> <span style=\"color: dimgray;\">Smash! Jay, Smash!<\/span><img loading=\"lazy\" decoding=\"async\" style=\"margin-bottom: -5px; margin-left: 10px;\" src=\"https:\/\/planetdiablo.eu\/wp-content\/uploads\/2012\/08\/selten.png\" width=\"20\" height=\"20\"><em>T\u00f6te den Unbegrabenen Jay Wilson.<\/em>\n<p>&nbsp;<\/p>\n<ul>\n<li>Jay Wilson ist ein Unique Gegner in der Entwicklerh\u00f6lle, einem Easteregg-Dungeon das zus\u00e4tzlich zu den Entweihten Krypten auf dem Friedhof der Verlassenen erscheinen kann.<\/li>\n<\/ul>\n<p>Belohnung: Muster &#8222;Beast Monster&#8220;<\/p>\n<hr><\/div>\n<div class=\"infobox\" style=\"border-color: black;\"><img loading=\"lazy\" decoding=\"async\" class=\"newsimage\" style=\"float: left; margin-right: 20px;\" src=\"https:\/\/planetdiablo.eu\/wp-content\/uploads\/2012\/09\/inthelandofkillerunicorns.png\" width=\"64\" height=\"64\"><br><img loading=\"lazy\" decoding=\"async\" class=\"newsimage\" style=\"float: right; margin-left: 20px;\" src=\"https:\/\/planetdiablo.eu\/wp-content\/uploads\/2012\/09\/stars.png\" width=\"64\" height=\"64\"><br><img loading=\"lazy\" decoding=\"async\" class=\"newsimage\" style=\"float: right; margin-left: 20px;\" src=\"https:\/\/planetdiablo.eu\/wp-content\/uploads\/2012\/09\/unicorn.png\" width=\"64\" height=\"64\"><br><b>Im Lande Der Killereinh\u00f6rner<\/b> <span style=\"color: dimgray;\">In The Land Of Killer Unicorns<\/span><em>Finde den Geheimlevel.<\/em>\n<p>&nbsp;<\/p>\n<p>Zugang mit dem Hirtenstab \/ Staff of Herding auf der Stra\u00dfe nach Alttristram oder \u00fcber das Portal eines Regenbogengoblins.<\/p>\n<p>Belohnung: Muster &#8222;Sterne&#8220;, Siegel &#8222;Einhorn&#8220;<\/p>\n<\/div>\n<hr>\n<div class=\"infobox\" style=\"border-color: black;\">\n<p>Diese Heldentaten stammen aus der Zeit der Beta bzw. den Anf\u00e4ngen von D3 und sind inzwischen ebenfalls nicht mehr erf\u00fcllbar:<\/p>\n<hr><\/div>\n<div class=\"infobox\" style=\"border-color: black;\"><img loading=\"lazy\" decoding=\"async\" class=\"newsimage\" style=\"float: left; margin-right: 20px;\" src=\"https:\/\/planetdiablo.eu\/wp-content\/uploads\/2012\/09\/mindfulofthemonk.png\" width=\"64\" height=\"64\"><br><img loading=\"lazy\" decoding=\"async\" class=\"newsimage\" style=\"float: right; margin-left: 20px;\" src=\"https:\/\/planetdiablo.eu\/wp-content\/uploads\/2012\/09\/monkpromotional.png\" width=\"64\" height=\"64\"><br><b>M\u00f6nchsnovize<\/b> <span style=\"color: dimgray;\">Mindful Of The Monk<\/span><em>Nimm an der Online-Promotion f\u00fcr den M\u00f6nch teil (Beendet).<\/em>\n<p>&nbsp;<\/p>\n<p>Belohnung: Siegel &#8222;M\u00f6nch (Promotion)&#8220;<\/p>\n<hr><\/div>\n<div class=\"infobox\" style=\"border-color: black;\"><img loading=\"lazy\" decoding=\"async\" class=\"newsimage\" style=\"float: left; margin-right: 20px;\" src=\"https:\/\/planetdiablo.eu\/wp-content\/uploads\/2012\/09\/witchdoctordiscovered.png\" width=\"64\" height=\"64\"><br><img loading=\"lazy\" decoding=\"async\" class=\"newsimage\" style=\"float: right; margin-left: 20px;\" src=\"https:\/\/planetdiablo.eu\/wp-content\/uploads\/2012\/09\/witchdoctorpromotional.png\" width=\"64\" height=\"64\"><br><b>Hexendoktorenproband<\/b> <span style=\"color: dimgray;\">Witch Doctor Discovered<\/span>\n<p>&nbsp;<\/p>\n<p><em>Nimm an der Online-Promotion f\u00fcr den Hexendoktor teil (Beendet).<\/em><\/p>\n<p>Belohnung: Siegel &#8222;Hexendoktor (Promotion)&#8220;<\/p>\n<hr><\/div>\n<div class=\"infobox\" style=\"border-color: black;\"><img loading=\"lazy\" decoding=\"async\" class=\"newsimage\" style=\"float: left; margin-right: 20px;\" src=\"https:\/\/planetdiablo.eu\/wp-content\/uploads\/2012\/09\/brusheduponthebarb.png\" width=\"64\" height=\"64\"><br><img loading=\"lazy\" decoding=\"async\" class=\"newsimage\" style=\"float: right; margin-left: 20px;\" src=\"https:\/\/planetdiablo.eu\/wp-content\/uploads\/2012\/09\/barbarianpromotional.png\" width=\"64\" height=\"64\"><br><b>Barbarenauffrischung<\/b> <span style=\"color: dimgray;\">Brushed Up On The Barb<\/span>\n<p>&nbsp;<\/p>\n<p><em>Nimm an der Online-Promotion f\u00fcr den Barbaren teil (Beendet).<\/em><\/p>\n<p>Belohnung: Siegel &#8222;Barbar (Promotion)&#8220;<\/p>\n<hr><\/div>\n<div class=\"infobox\" style=\"border-color: black;\"><img loading=\"lazy\" decoding=\"async\" class=\"newsimage\" style=\"float: left; margin-right: 20px;\" src=\"https:\/\/planetdiablo.eu\/wp-content\/uploads\/2012\/09\/delvedintothedemonhunter.png\" width=\"64\" height=\"64\"><br><img loading=\"lazy\" decoding=\"async\" class=\"newsimage\" style=\"float: right; margin-left: 20px;\" src=\"https:\/\/planetdiablo.eu\/wp-content\/uploads\/2012\/09\/demonhunterpromotional.png\" width=\"64\" height=\"64\"><br><b>D\u00e4monenjadgschein<\/b> <span style=\"color: dimgray;\">Delved Into The Demon Hunter<\/span>\n<p>&nbsp;<\/p>\n<p><em>Nimm an der Online-Promotion f\u00fcr den D\u00e4monenj\u00e4ger teil (Beendet).<\/em><\/p>\n<p>Belohnung: Siegel &#8222;D\u00e4monenj\u00e4ger (Promotion)&#8220;<\/p>\n<hr><\/div>\n<div class=\"infobox\" style=\"border-color: black;\"><img loading=\"lazy\" decoding=\"async\" class=\"newsimage\" style=\"float: left; margin-right: 20px;\" src=\"https:\/\/planetdiablo.eu\/wp-content\/uploads\/2012\/09\/wisetothewizard.png\" width=\"64\" height=\"64\"><br><img loading=\"lazy\" decoding=\"async\" class=\"newsimage\" style=\"float: right; margin-left: 20px;\" src=\"https:\/\/planetdiablo.eu\/wp-content\/uploads\/2012\/09\/wizardpromotional.png\" width=\"64\" height=\"64\"><br><b>Zauberlehrling<\/b> <span style=\"color: dimgray;\">Wise To The Wizard<\/span>\n<p>&nbsp;<\/p>\n<p><em>Nimm an der Online-Promotion f\u00fcr den Zauberer teil (Beendet).<\/em><\/p>\n<p>Belohnung: Siegel &#8222;Zauberer (Promotion)&#8220;<\/p>\n<hr><\/div>\n<div class=\"infobox\" style=\"border-color: black;\"><img loading=\"lazy\" decoding=\"async\" class=\"newsimage\" style=\"float: left; margin-right: 20px;\" src=\"https:\/\/planetdiablo.eu\/wp-content\/uploads\/2012\/09\/oneofthechosen.png\" width=\"64\" height=\"64\"><br><b>One of the Chosen<\/b>\n<p>&nbsp;<\/p>\n<p><em>Du hast an der Closed Beta von Diablo III teilgenommen.<\/em><\/p>\n<hr><\/div>\n<div class=\"infobox\" style=\"border-color: black;\"><img loading=\"lazy\" decoding=\"async\" class=\"newsimage\" style=\"float: left; margin-right: 20px;\" src=\"https:\/\/planetdiablo.eu\/wp-content\/uploads\/2012\/09\/pandamonium.png\" width=\"64\" height=\"64\"><br><b>Panda-Monium<\/b>\n<p>&nbsp;<\/p>\n<p><em>Registriere eine Collector&#8217;s Edition von World Of Warcraft: Mists Of Pandaria.<\/em><\/p>\n<\/div>\n<div align=\"right\"><em>geschrieben von Quaternion, Stand: 08\/2012<\/em><\/div>\n<div align=\"right\"><em>Update MrGracy, Stand: 04\/2021<\/em><\/div>\n<\/div>\n","protected":false},"excerpt":{"rendered":"<p>Symbol Bedeutung Dieser Erfolg existiert in einer Coop-Version. Bei diesem Erfolg lohnt es sich, sich mit anderen zusammenzutun. Wenn ihr eine seltene Bedingung findet, freut sich eure FL sicher \u00fcber eine Einladung. Dieser Erfolg existiert in einer Hardcore-Version. AxQy.z Verweis auf bestimmten Abschnitt einer Quest in der Questauswahl.Beispiel: A2Q8.3 ist The Black Soulstone\/Soulstone Chamber in&hellip; <a class=\"more-link\" href=\"https:\/\/planetdiablo.eu\/de\/diablo-3\/erfolge-komplettlosung\/erfolge-heldentat\/\"><span class=\"screen-reader-text\">Diablo 3 &#8211; Erfolge: Heldentat<\/span> weiterlesen<\/a><\/p>\n","protected":false},"author":847,"featured_media":0,"parent":529688,"menu_order":0,"comment_status":"open","ping_status":"open","template":"","meta":{"footnotes":""},"class_list":["post-530044","page","type-page","status-publish","hentry","entry"],"_links":{"self":[{"href":"https:\/\/planetdiablo.eu\/de\/wp-json\/wp\/v2\/pages\/530044","targetHints":{"allow":["GET"]}}],"collection":[{"href":"https:\/\/planetdiablo.eu\/de\/wp-json\/wp\/v2\/pages"}],"about":[{"href":"https:\/\/planetdiablo.eu\/de\/wp-json\/wp\/v2\/types\/page"}],"author":[{"embeddable":true,"href":"https:\/\/planetdiablo.eu\/de\/wp-json\/wp\/v2\/users\/847"}],"replies":[{"embeddable":true,"href":"https:\/\/planetdiablo.eu\/de\/wp-json\/wp\/v2\/comments?post=530044"}],"version-history":[{"count":3,"href":"https:\/\/planetdiablo.eu\/de\/wp-json\/wp\/v2\/pages\/530044\/revisions"}],"predecessor-version":[{"id":582572,"href":"https:\/\/planetdiablo.eu\/de\/wp-json\/wp\/v2\/pages\/530044\/revisions\/582572"}],"up":[{"embeddable":true,"href":"https:\/\/planetdiablo.eu\/de\/wp-json\/wp\/v2\/pages\/529688"}],"wp:attachment":[{"href":"https:\/\/planetdiablo.eu\/de\/wp-json\/wp\/v2\/media?parent=530044"}],"curies":[{"name":"wp","href":"https:\/\/api.w.org\/{rel}","templated":true}]}}