{"id":530767,"date":"2012-08-20T14:35:21","date_gmt":"2012-08-20T12:35:21","guid":{"rendered":"http:\/\/diablo3.ingame.de\/?page_id=530767"},"modified":"2023-02-24T22:35:34","modified_gmt":"2023-02-24T20:35:34","slug":"quests-events","status":"publish","type":"page","link":"https:\/\/planetdiablo.eu\/de\/diablo-3\/quests-events\/","title":{"rendered":"Diablo 3 Quests und Events"},"content":{"rendered":"<p><a href=\"\/wp-content\/uploads\/2013\/02\/Quest-Bild.png\"><br \/>\n<img decoding=\"async\" class=\"newsimage image alignright size-medium wp-image-532191\" src=\"\/wp-content\/uploads\/2013\/02\/Quest-Bild.png\" alt=\"\" width=\"200\"><br \/>\n<\/a><\/p>\n<p><strong>Quests und Ereignisse<\/strong> (engl. events) sind schon aus Diablo I und II bekannt. Doch hat sich die Anzahl im dritten Teil gewaltig erh\u00f6ht. Die Hauptquests f\u00fchren durch die einzelnen Akte, w\u00e4hrend Ereignisse bis auf wenige Ausnahmen zuf\u00e4llig an bestimmten Stellen im Spielverlauf erscheinen k\u00f6nnen und optional sind.<\/p>\n<p>Ein wenig Gold und\/oder Erfahrungspunkte werden als Belohnung f\u00fcr die Erf\u00fcllung einer Quest oder eines Ereignisses gegeben. Diese Belohnung wurde mit Patch v1.04 teilweise stark angehoben, gilt jedoch nur beim erstmaligen Abschlie\u00dfen der Quest. Ab dem zweiten Mal ist die Belohnung dann geringer.<\/p>\n<ul>\n<li><a href=\"\/diablo-3\/quests-events\/d3-quests-akt-1\/\" target=\"_blank\" rel=\"noopener\">alle Akt 1 Quests und Ereignisse<\/a><\/li>\n<li><a href=\"\/diablo-3\/quests-events\/d3-quests-akt-2\/\" target=\"_blank\" rel=\"noopener\">alle Akt 2 Quests und Ereignisse<\/a><\/li>\n<li><a href=\"\/diablo-3\/quests-events\/d3-quests-akt-3\/\" target=\"_blank\" rel=\"noopener\">alle Akt 3 Quests und Ereignisse<\/a><\/li>\n<li><a href=\"\/diablo-3\/quests-events\/d3-quests-akt-4\/\" target=\"_blank\" rel=\"noopener\">alle Akt 4 Quests und Ereignisse<\/a><\/li>\n<\/ul>\n<p>Unter diesen vier Links findet Ihr alle Quests und Ereignisse nach Akt und Schwierigkeitsgrad aufgelistet einschlie\u00dflich der jeweiligen Belohnungen. In <b>wei\u00dfer Schrift<\/b> sind die Belohnungen zu finden, die beim erstmaligen Abschlie\u00dfen vergeben werden. Darunter ist in <span style=\"color: green!important; font-weight: bold;\">gr\u00fcner Schrift<\/span> die Belohnung f\u00fcr das Erf\u00fcllen einer Quest ab dem zweiten Mal angegeben, falls sich diese unterscheiden sollte.<\/p>\n<p>Bei den Ereignissen k\u00f6nnt Ihr zudem nachlesen, in welchen Gebieten diese zu finden sind.<\/p>\n<p>Die Hauptquests sind in <b>wei\u00dfer Schrift<\/b> gehalten, die Namen der <span style=\"color: yellow!important; font-weight: bold;\">Ereignisse in gelb<\/span> und die dazugeh\u00f6rigen <span style=\"color: orange!important; font-weight: bold;\">Gebietsbezeichnungen in orange<\/span>. F\u00fcr die vier Schwierigkeitsgrade ist stets zuerst die Belohnung in Form von Erfahrungspunkten angegeben, dann die Goldst\u00fccke. Auf Inferno gibt es nur Gold als Belohnung, bis auf die Ausnahme zweier Bonus-Aufgaben.<\/p>\n<table width=\"100%\" cellpadding=\"5\" border=\"0\">\n<tbody>\n<tr>\n<td width=\"25%\" align=\"center\">\n<ul>\n<li><a href=\"\/diablo-3\/quests-events\/d3-quests-akt-1\/\" target=\"_blank\" rel=\"noopener\">Akt 1 Quests<\/a><\/li>\n<\/ul>\n<\/td>\n<td width=\"25%\" align=\"center\">\n<ul>\n<li><a href=\"\/diablo-3\/quests-events\/d3-quests-akt-2\/\" target=\"_blank\" rel=\"noopener\">Akt 2 Quests<\/a><\/li>\n<\/ul>\n<\/td>\n<td width=\"25%\" align=\"center\">\n<ul>\n<li><a href=\"\/diablo-3\/quests-events\/d3-quests-akt-3\/\" target=\"_blank\" rel=\"noopener\">Akt 3 Quests<\/a><\/li>\n<\/ul>\n<\/td>\n<td width=\"25%\" align=\"center\">\n<ul>\n<li><a href=\"\/diablo-3\/quests-events\/d3-quests-akt-4\/\" target=\"_blank\" rel=\"noopener\">Akt 4 Quests<\/a><\/li>\n<\/ul>\n<\/td>\n<\/tr>\n<\/tbody>\n<\/table>\n","protected":false},"excerpt":{"rendered":"<p>Quests und Ereignisse (engl. events) sind schon aus Diablo I und II bekannt. Doch hat sich die Anzahl im dritten Teil gewaltig erh\u00f6ht. Die Hauptquests f\u00fchren durch die einzelnen Akte, w\u00e4hrend Ereignisse bis auf wenige Ausnahmen zuf\u00e4llig an bestimmten Stellen im Spielverlauf erscheinen k\u00f6nnen und optional sind. Ein wenig Gold und\/oder Erfahrungspunkte werden als Belohnung&hellip; <a class=\"more-link\" href=\"https:\/\/planetdiablo.eu\/de\/diablo-3\/quests-events\/\"><span class=\"screen-reader-text\">Diablo 3 Quests und Events<\/span> weiterlesen<\/a><\/p>\n","protected":false},"author":852,"featured_media":0,"parent":47,"menu_order":40,"comment_status":"closed","ping_status":"open","template":"","meta":{"footnotes":""},"class_list":["post-530767","page","type-page","status-publish","hentry","entry"],"_links":{"self":[{"href":"https:\/\/planetdiablo.eu\/de\/wp-json\/wp\/v2\/pages\/530767","targetHints":{"allow":["GET"]}}],"collection":[{"href":"https:\/\/planetdiablo.eu\/de\/wp-json\/wp\/v2\/pages"}],"about":[{"href":"https:\/\/planetdiablo.eu\/de\/wp-json\/wp\/v2\/types\/page"}],"author":[{"embeddable":true,"href":"https:\/\/planetdiablo.eu\/de\/wp-json\/wp\/v2\/users\/852"}],"replies":[{"embeddable":true,"href":"https:\/\/planetdiablo.eu\/de\/wp-json\/wp\/v2\/comments?post=530767"}],"version-history":[{"count":2,"href":"https:\/\/planetdiablo.eu\/de\/wp-json\/wp\/v2\/pages\/530767\/revisions"}],"predecessor-version":[{"id":586764,"href":"https:\/\/planetdiablo.eu\/de\/wp-json\/wp\/v2\/pages\/530767\/revisions\/586764"}],"up":[{"embeddable":true,"href":"https:\/\/planetdiablo.eu\/de\/wp-json\/wp\/v2\/pages\/47"}],"wp:attachment":[{"href":"https:\/\/planetdiablo.eu\/de\/wp-json\/wp\/v2\/media?parent=530767"}],"curies":[{"name":"wp","href":"https:\/\/api.w.org\/{rel}","templated":true}]}}