{"id":530777,"date":"2013-01-23T00:05:17","date_gmt":"2013-01-22T23:05:17","guid":{"rendered":"http:\/\/diablo3.ingame.de\/?page_id=530777"},"modified":"2013-01-23T00:05:17","modified_gmt":"2013-01-22T23:05:17","slug":"d3-quests-akt-1","status":"publish","type":"page","link":"https:\/\/planetdiablo.eu\/de\/diablo-3\/quests-events\/d3-quests-akt-1\/","title":{"rendered":"Diablo 3 Quests Akt 1"},"content":{"rendered":"<h2 align=\"center\">1. Der Gefallene Stern<\/h2>\n<table width=\"100%\" border=\"0\" cellpadding=\"5\">\n<tr>\n<th width=\"41%\"><\/th>\n<th colspan=\"2\" align=\"center\" width=\"16%\">Normal<\/th>\n<th colspan=\"2\" align=\"center\" width=\"16%\">Alptraum<\/th>\n<th colspan=\"2\" align=\"center\" width=\"16%\">H\u00f6lle<\/th>\n<th colspan=\"2\" align=\"center\" width=\"11%\">Inferno<\/th>\n<\/tr>\n<tr>\n<td><span style=\"color: yellow!important;\">Bonus: 3 Scheu\u00dfliche M\u00fctter*<\/span><\/td>\n<td align=\"right\">450<\/td>\n<td align=\"right\">175<\/td>\n<td align=\"right\">4.500<\/td>\n<td align=\"right\">400<\/td>\n<td align=\"right\">16.500<\/td>\n<td align=\"right\">600<\/td>\n<td align=\"center\">800<\/td>\n<\/tr>\n<tr>\n<td>Questende<\/td>\n<td align=\"right\">1.125<\/td>\n<td align=\"right\">370<\/td>\n<td align=\"right\">12.000<\/td>\n<td align=\"right\">800<\/td>\n<td align=\"right\">44.000<\/td>\n<td align=\"right\">1.200<\/td>\n<td align=\"center\">1.600<\/td>\n<\/tr>\n<\/table>\n<p>\n<span style=\"color: yellow\">*: Auch auf Inferno gibt es f\u00fcr das Erf\u00fcllen dieser Bonus-Aufgabe Erfahrungspunkte: 24.000.<\/span><\/p>\n<h2 align=\"center\">2. Das Verm\u00e4chtnis von Cain<\/h2>\n<table width=\"100%\" border=\"0\" cellpadding=\"5\">\n<tr>\n<th width=\"41%\"><\/th>\n<th colspan=\"2\" align=\"center\" width=\"16%\">Normal<\/th>\n<th colspan=\"2\" align=\"center\" width=\"16%\">Alptraum<\/th>\n<th colspan=\"2\" align=\"center\" width=\"16%\">H\u00f6lle<\/th>\n<th colspan=\"2\" align=\"center\" width=\"11%\">Inferno<\/th>\n<\/tr>\n<tr>\n<td>Hauptmann Daltyn<\/td>\n<td align=\"right\">330<\/td>\n<td align=\"right\">190<\/td>\n<td align=\"right\">4.500<\/td>\n<td align=\"right\">400<\/td>\n<td align=\"right\">16.500<\/td>\n<td align=\"right\">600<\/td>\n<td align=\"center\">800<\/td>\n<\/tr>\n<tr>\n<td>Questende<\/td>\n<td align=\"right\">3.300<\/td>\n<td align=\"right\">585<\/td>\n<td align=\"right\">16.500<\/td>\n<td align=\"right\">1.200<\/td>\n<td align=\"right\">60.500<\/td>\n<td align=\"right\">1.800<\/td>\n<td align=\"center\">2.400<\/td>\n<\/tr>\n<tr>\n<td><\/td>\n<td align=\"right\"><span style=\"color: green!important;\"><\/td>\n<td align=\"right\"><span style=\"color: green!important;\"><\/td>\n<td align=\"right\"><span style=\"color: green!important;\">4.500<\/td>\n<td align=\"right\"><span style=\"color: green!important;\">400<\/td>\n<td align=\"right\"><span style=\"color: green!important;\">16.500<\/td>\n<td align=\"right\"><span style=\"color: green!important;\">600<\/td>\n<td align=\"center\"><span style=\"color: green!important;\">800<\/td>\n<\/tr>\n<\/table>\n<h2 align=\"center\">3. Die Zerbrochene Krone<\/h2>\n<table width=\"100%\" border=\"0\" cellpadding=\"5\">\n<tr>\n<th width=\"41%\"><\/th>\n<th colspan=\"2\" align=\"center\" width=\"16%\">Normal<\/th>\n<th colspan=\"2\" align=\"center\" width=\"16%\">Alptraum<\/th>\n<th colspan=\"2\" align=\"center\" width=\"16%\">H\u00f6lle<\/th>\n<th colspan=\"2\" align=\"center\" width=\"11%\">Inferno<\/th>\n<\/tr>\n<tr>\n<td>Mira Eamon<\/td>\n<td align=\"right\">900<\/td>\n<td align=\"right\">195<\/td>\n<td align=\"right\">4.500<\/td>\n<td align=\"right\">400<\/td>\n<td align=\"right\">16.500<\/td>\n<td align=\"right\">600<\/td>\n<td align=\"center\">800<\/td>\n<\/tr>\n<tr>\n<td><span style=\"color: yellow!important;\">Die Knochen der Matriarchin<\/span><br \/>\n<span style=\"color: orange!important;\">(Entweihte Krypta)<\/span><\/td>\n<td align=\"right\">2.600<\/td>\n<td align=\"right\">400<\/td>\n<td align=\"right\">12.800<\/td>\n<td align=\"right\">810<\/td>\n<td align=\"right\">44.000<\/td>\n<td align=\"right\">1.200<\/td>\n<td align=\"center\">1.600<\/td>\n<\/tr>\n<tr>\n<td><span style=\"color: yellow!important;\">Seelengef\u00e4\u00df<\/span><br \/>\n<span style=\"color: orange!important;\">(Entweihte Krypta)<\/span><\/td>\n<td align=\"right\">975<\/td>\n<td align=\"right\">200<\/td>\n<td align=\"right\">4.800<\/td>\n<td align=\"right\">405<\/td>\n<td align=\"right\">16.500<\/td>\n<td align=\"right\">600<\/td>\n<td align=\"center\">800<\/td>\n<\/tr>\n<tr>\n<td>Questende<\/td>\n<td align=\"right\">3.575<\/td>\n<td align=\"right\">600<\/td>\n<td align=\"right\">17.600<\/td>\n<td align=\"right\">1.215<\/td>\n<td align=\"right\">60.500<\/td>\n<td align=\"right\">1.800<\/td>\n<td align=\"center\">2.400<\/td>\n<\/tr>\n<tr>\n<td><\/td>\n<td align=\"right\"><span style=\"color: green!important;\">975<\/td>\n<td align=\"right\"><span style=\"color: green!important;\">200<\/td>\n<td align=\"right\"><span style=\"color: green!important;\">4.800<\/td>\n<td align=\"right\"><span style=\"color: green!important;\">405<\/td>\n<td align=\"right\"><span style=\"color: green!important;\">16.500<\/td>\n<td align=\"right\"><span style=\"color: green!important;\">600<\/td>\n<td align=\"center\"><span style=\"color: green!important;\">800<\/td>\n<\/tr>\n<\/table>\n<h2 align=\"center\">4. Im Reich des Finsteren K\u00f6nigs<\/h2>\n<table width=\"100%\" border=\"0\" cellpadding=\"5\">\n<tr>\n<th width=\"41%\"><\/th>\n<th colspan=\"2\" align=\"center\" width=\"16%\">Normal<\/th>\n<th colspan=\"2\" align=\"center\" width=\"16%\">Alptraum<\/th>\n<th colspan=\"2\" align=\"center\" width=\"16%\">H\u00f6lle<\/th>\n<th colspan=\"2\" align=\"center\" width=\"11%\">Inferno<\/th>\n<\/tr>\n<tr>\n<td>Skelettk\u00f6nig<\/td>\n<td align=\"right\">5.250<\/td>\n<td align=\"right\">840<\/td>\n<td align=\"right\">23.800<\/td>\n<td align=\"right\">1.640<\/td>\n<td align=\"right\">80.500<\/td>\n<td align=\"right\">2.420<\/td>\n<td align=\"center\">3.200<\/td>\n<\/tr>\n<tr>\n<td><\/td>\n<td align=\"right\"><span style=\"color: green!important;\">1.125<\/td>\n<td align=\"right\"><span style=\"color: green!important;\">210<\/td>\n<td align=\"right\"><span style=\"color: green!important;\">5.100<\/td>\n<td align=\"right\"><span style=\"color: green!important;\">410<\/td>\n<td align=\"right\"><span style=\"color: green!important;\">17.250<\/td>\n<td align=\"right\"><span style=\"color: green!important;\">605<\/td>\n<td align=\"center\"><span style=\"color: green!important;\">800<\/td>\n<\/tr>\n<tr>\n<td>Questende<\/td>\n<td align=\"right\">375<\/td>\n<td align=\"right\">&#8212;<\/td>\n<td align=\"right\">1.700<\/td>\n<td align=\"right\">&#8212;<\/td>\n<td align=\"right\">5.750<\/td>\n<td align=\"right\">&#8212;<\/td>\n<td align=\"center\">&#8212;<\/td>\n<\/tr>\n<\/table>\n<h2 align=\"center\">5. Das Schwert des Fremden<\/h2>\n<table width=\"100%\" border=\"0\" cellpadding=\"5\">\n<tr>\n<th width=\"41%\"><\/th>\n<th colspan=\"2\" align=\"center\" width=\"16%\">Normal<\/th>\n<th colspan=\"2\" align=\"center\" width=\"16%\">Alptraum<\/th>\n<th colspan=\"2\" align=\"center\" width=\"16%\">H\u00f6lle<\/th>\n<th colspan=\"2\" align=\"center\" width=\"11%\">Inferno<\/th>\n<\/tr>\n<tr>\n<td><span style=\"color: yellow!important;\">Die Familie Rathe<\/span><br \/>\n<span style=\"color: orange!important;\">(Felder des Elends, Verfallende Krypta Ebene 2)<\/span><\/td>\n<td align=\"right\">900<\/td>\n<td align=\"right\">195<\/td>\n<td align=\"right\">4.500<\/td>\n<td align=\"right\">400<\/td>\n<td align=\"right\">16.500<\/td>\n<td align=\"right\">600<\/td>\n<td align=\"center\">800<\/td>\n<\/tr>\n<tr>\n<td><span style=\"color: yellow!important;\">Aashof<\/span><br \/>\n<span style=\"color: orange!important;\">(Felder des Elends)<\/span><\/td>\n<td align=\"right\">1.200<\/td>\n<td align=\"right\">215<\/td>\n<td align=\"right\">5.100<\/td>\n<td align=\"right\">410<\/td>\n<td align=\"right\">17.250<\/td>\n<td align=\"right\">605<\/td>\n<td align=\"center\">800<\/td>\n<\/tr>\n<tr>\n<td><span style=\"color: yellow!important;\">Die Wertvollen Erze<\/span><br \/>\n<span style=\"color: orange!important;\">(Felder des Elends, Verlorene Mine Ebene 2)<\/span><\/td>\n<td align=\"right\">1.200<\/td>\n<td align=\"right\">215<\/td>\n<td align=\"right\">5.100<\/td>\n<td align=\"right\">410<\/td>\n<td align=\"right\">17.250<\/td>\n<td align=\"right\">605<\/td>\n<td align=\"center\">800<\/td>\n<\/tr>\n<tr>\n<td>Kultisten t\u00f6ten<\/td>\n<td align=\"right\">3.000<\/td>\n<td align=\"right\">420<\/td>\n<td align=\"right\">13.600<\/td>\n<td align=\"right\">820<\/td>\n<td align=\"right\">46.000<\/td>\n<td align=\"right\">1.210<\/td>\n<td align=\"center\">1.600<\/td>\n<\/tr>\n<tr>\n<td><\/td>\n<td align=\"right\"><span style=\"color: green!important;\">1.125<\/td>\n<td align=\"right\"><span style=\"color: green!important;\">210<\/td>\n<td align=\"right\"><span style=\"color: green!important;\">5.100<\/td>\n<td align=\"right\"><span style=\"color: green!important;\">410<\/td>\n<td align=\"right\"><span style=\"color: green!important;\">17.250<\/td>\n<td align=\"right\"><span style=\"color: green!important;\">605<\/td>\n<td align=\"center\"><span style=\"color: green!important;\">800<\/td>\n<\/tr>\n<tr>\n<td>Questende<\/td>\n<td align=\"right\">1.125<\/td>\n<td align=\"right\">210<\/td>\n<td align=\"right\">5.100<\/td>\n<td align=\"right\">410<\/td>\n<td align=\"right\">17.250<\/td>\n<td align=\"right\">605<\/td>\n<td align=\"center\">800<\/td>\n<\/tr>\n<\/table>\n<h2 align=\"center\">6. Die Zerbrochene Klinge<\/h2>\n<table width=\"100%\" border=\"0\" cellpadding=\"5\">\n<tr>\n<th width=\"41%\"><\/th>\n<th colspan=\"2\" align=\"center\" width=\"16%\">Normal<\/th>\n<th colspan=\"2\" align=\"center\" width=\"16%\">Alptraum<\/th>\n<th colspan=\"2\" align=\"center\" width=\"16%\">H\u00f6lle<\/th>\n<th colspan=\"2\" align=\"center\" width=\"11%\">Inferno<\/th>\n<\/tr>\n<tr>\n<td>Nigel Halsabschneider<\/td>\n<td align=\"right\">1.125<\/td>\n<td align=\"right\">210<\/td>\n<td align=\"right\">5.100<\/td>\n<td align=\"right\">410<\/td>\n<td align=\"right\">17.250<\/td>\n<td align=\"right\">605<\/td>\n<td align=\"center\">800<\/td>\n<\/tr>\n<tr>\n<td><span style=\"color: yellow!important;\">Das Letzte Gefecht der Uralten<\/span><br \/>\n<span style=\"color: orange!important;\">(Die Schw\u00e4renden W\u00e4lder)<\/span><\/td>\n<td align=\"right\">1.200<\/td>\n<td align=\"right\">215<\/td>\n<td align=\"right\">5.100<\/td>\n<td align=\"right\">410<\/td>\n<td align=\"right\">17.250<\/td>\n<td align=\"right\">605<\/td>\n<td align=\"center\">800<\/td>\n<\/tr>\n<tr>\n<td><span style=\"color: yellow!important;\">Ewiger Krieg<\/span><br \/>\n<span style=\"color: orange!important;\">(Die Schw\u00e4renden W\u00e4lder)<\/span><\/td>\n<td align=\"right\">1.200<\/td>\n<td align=\"right\">215<\/td>\n<td align=\"right\">5.100<\/td>\n<td align=\"right\">410<\/td>\n<td align=\"right\">17.250<\/td>\n<td align=\"right\">605<\/td>\n<td align=\"center\">800<\/td>\n<\/tr>\n<tr>\n<td>Fanale auf Podesten platziert<\/td>\n<td align=\"right\">1.200<\/td>\n<td align=\"right\">215<\/td>\n<td align=\"right\">5.100<\/td>\n<td align=\"right\">410<\/td>\n<td align=\"right\">17.250<\/td>\n<td align=\"right\">605<\/td>\n<td align=\"center\">800<\/td>\n<\/tr>\n<tr>\n<td>Questende<\/td>\n<td align=\"right\">4675<\/td>\n<td align=\"right\">660<\/td>\n<td align=\"right\">19.800<\/td>\n<td align=\"right\">1.245<\/td>\n<td align=\"right\">63.250<\/td>\n<td align=\"right\">1.815<\/td>\n<td align=\"center\">2.400<\/td>\n<\/tr>\n<tr>\n<td><\/td>\n<td align=\"right\"><span style=\"color: green!important;\">1.275<\/td>\n<td align=\"right\"><span style=\"color: green!important;\">220<\/td>\n<td align=\"right\"><span style=\"color: green!important;\">5.400<\/td>\n<td align=\"right\"><span style=\"color: green!important;\">415<\/td>\n<td align=\"right\"><span style=\"color: green!important;\">17.250<\/td>\n<td align=\"right\"><span style=\"color: green!important;\">605<\/td>\n<td align=\"center\"><span style=\"color: green!important;\">800<\/td>\n<\/tr>\n<\/table>\n<h2 align=\"center\">7. Verdammnis in Wortham<\/h2>\n<table width=\"100%\" border=\"0\" cellpadding=\"5\">\n<tr>\n<th width=\"41%\"><\/th>\n<th colspan=\"2\" align=\"center\" width=\"16%\">Normal<\/th>\n<th colspan=\"2\" align=\"center\" width=\"16%\">Alptraum<\/th>\n<th colspan=\"2\" align=\"center\" width=\"16%\">H\u00f6lle<\/th>\n<th colspan=\"2\" align=\"center\" width=\"11%\">Inferno<\/th>\n<\/tr>\n<tr>\n<td>Questende<\/td>\n<td align=\"right\">4.950<\/td>\n<td align=\"right\">675<\/td>\n<td align=\"right\">19.800<\/td>\n<td align=\"right\">1.245<\/td>\n<td align=\"right\">63.250<\/td>\n<td align=\"right\">1.815<\/td>\n<td align=\"center\">2.400<\/td>\n<\/tr>\n<tr>\n<td><\/td>\n<td align=\"right\"><span style=\"color: green!important;\">1.350<\/td>\n<td align=\"right\"><span style=\"color: green!important;\">225<\/td>\n<td align=\"right\"><span style=\"color: green!important;\">5.400<\/td>\n<td align=\"right\"><span style=\"color: green!important;\">415<\/td>\n<td align=\"right\"><span style=\"color: green!important;\">17.250<\/td>\n<td align=\"right\"><span style=\"color: green!important;\">605<\/td>\n<td align=\"center\"><span style=\"color: green!important;\">800<\/td>\n<\/tr>\n<\/table>\n<h2 align=\"center\">8. Dem Zirkel Folgen<\/h2>\n<table width=\"100%\" border=\"0\" cellpadding=\"5\">\n<tr>\n<th width=\"41%\"><\/th>\n<th colspan=\"2\" align=\"center\" width=\"16%\">Normal<\/th>\n<th colspan=\"2\" align=\"center\" width=\"16%\">Alptraum<\/th>\n<th colspan=\"2\" align=\"center\" width=\"16%\">H\u00f6lle<\/th>\n<th colspan=\"2\" align=\"center\" width=\"11%\">Inferno<\/th>\n<\/tr>\n<tr>\n<td><span style=\"color: yellow!important;\">Der Opferbereite Einsiedler<\/span><br \/>\n<span style=\"color: orange!important;\">(Klippen von Wortham)<\/span><\/td>\n<td align=\"right\">1.200<\/td>\n<td align=\"right\">215<\/td>\n<td align=\"right\">6.000<\/td>\n<td align=\"right\">425<\/td>\n<td align=\"right\">18.000<\/td>\n<td align=\"right\">610<\/td>\n<td align=\"center\">800<\/td>\n<\/tr>\n<tr>\n<td>K\u00f6nigin Araneae<\/td>\n<td align=\"right\">1.350<\/td>\n<td align=\"right\">225<\/td>\n<td align=\"right\">5.400<\/td>\n<td align=\"right\">415<\/td>\n<td align=\"right\">17.250<\/td>\n<td align=\"right\">605<\/td>\n<td align=\"center\">800<\/td>\n<\/tr>\n<tr>\n<td><\/td>\n<td align=\"right\"><span style=\"color: green!important;\">450<\/td>\n<td align=\"right\"><span style=\"color: green!important;\">&#8212;<\/td>\n<td align=\"right\"><span style=\"color: green!important;\">1.800<\/td>\n<td align=\"right\"><span style=\"color: green!important;\">&#8212;<\/td>\n<td align=\"right\"><span style=\"color: green!important;\">5.750<\/td>\n<td align=\"right\"><span style=\"color: green!important;\">&#8212;<\/td>\n<td align=\"center\"><span style=\"color: green!important;\">&#8212;<\/td>\n<\/tr>\n<tr>\n<td><span style=\"color: yellow!important;\">Gharbads Rache<\/span><br \/>\n<span style=\"color: orange!important;\">(S\u00fcdliches Hochland, Uralter Scheiterhaufen)<\/span><\/td>\n<td align=\"right\">3.400<\/td>\n<td align=\"right\">440<\/td>\n<td align=\"right\">14.400<\/td>\n<td align=\"right\">830<\/td>\n<td align=\"right\">46.000<\/td>\n<td align=\"right\">1.210<\/td>\n<td align=\"center\">1.600<\/td>\n<\/tr>\n<tr>\n<td><span style=\"color: yellow!important;\">Der Einst\u00fcrzende Turm<\/span><br \/>\n<span style=\"color: orange!important;\">(S\u00fcdliches Hochland, Das Lyzeum)<\/span><\/td>\n<td align=\"right\">3.400<\/td>\n<td align=\"right\">440<\/td>\n<td align=\"right\">14.400<\/td>\n<td align=\"right\">830<\/td>\n<td align=\"right\">46.000<\/td>\n<td align=\"right\">1.210<\/td>\n<td align=\"center\">1.600<\/td>\n<\/tr>\n<tr>\n<td>Khazra Stab<\/td>\n<td align=\"right\">1.425<\/td>\n<td align=\"right\">230<\/td>\n<td align=\"right\">5.700<\/td>\n<td align=\"right\">420<\/td>\n<td align=\"right\">18.000<\/td>\n<td align=\"right\">610<\/td>\n<td align=\"center\">800<\/td>\n<\/tr>\n<tr>\n<td><span style=\"color: yellow!important;\">Die Geraubte Schwertscheide<\/span><br \/>\n<span style=\"color: orange!important;\">(S\u00fcdliches Hochland, Wachturm Ebene 2)<\/span><\/td>\n<td align=\"right\">1.425<\/td>\n<td align=\"right\">230<\/td>\n<td align=\"right\">5.700<\/td>\n<td align=\"right\">420<\/td>\n<td align=\"right\">18.000<\/td>\n<td align=\"right\">610<\/td>\n<td align=\"center\">800<\/td>\n<\/tr>\n<tr>\n<td><span style=\"color: yellow!important;\">Der Bruder des Apothekers<\/span><br \/>\n<span style=\"color: orange!important;\">(Leorics Jagdgr\u00fcnde, Hochlandh\u00f6hle)<\/span><\/td>\n<td align=\"right\">4.000<\/td>\n<td align=\"right\">470<\/td>\n<td align=\"right\">15.200<\/td>\n<td align=\"right\">840<\/td>\n<td align=\"right\">48.000<\/td>\n<td align=\"right\">1.220<\/td>\n<td align=\"center\">1.600<\/td>\n<\/tr>\n<tr>\n<td>Questende<\/td>\n<td align=\"right\">5.500<\/td>\n<td align=\"right\">705<\/td>\n<td align=\"right\">20.900<\/td>\n<td align=\"right\">1.260<\/td>\n<td align=\"right\">66.000<\/td>\n<td align=\"right\">1.830<\/td>\n<td align=\"center\">2.400<\/td>\n<\/tr>\n<tr>\n<td><\/td>\n<td align=\"right\"><span style=\"color: green!important;\">1.500<\/td>\n<td align=\"right\"><span style=\"color: green!important;\">235<\/td>\n<td align=\"right\"><span style=\"color: green!important;\">5.700<\/td>\n<td align=\"right\"><span style=\"color: green!important;\">420<\/td>\n<td align=\"right\"><span style=\"color: green!important;\">18.000<\/td>\n<td align=\"right\"><span style=\"color: green!important;\">610<\/td>\n<td align=\"center\"><span style=\"color: green!important;\">800<\/td>\n<\/tr>\n<\/table>\n<h2 align=\"center\">9. Der Gefangene Engel<\/h2>\n<table width=\"100%\" border=\"0\" cellpadding=\"5\">\n<tr>\n<th width=\"41%\"><\/th>\n<th colspan=\"2\" align=\"center\" width=\"16%\">Normal<\/th>\n<th colspan=\"2\" align=\"center\" width=\"16%\">Alptraum<\/th>\n<th colspan=\"2\" align=\"center\" width=\"16%\">H\u00f6lle<\/th>\n<th colspan=\"2\" align=\"center\" width=\"11%\">Inferno<\/th>\n<\/tr>\n<tr>\n<td><span style=\"color: yellow!important;\">Ein Wiederhergestellter Ruf<\/span><br \/>\n<span style=\"color: orange!important;\">(Hochlandpass)<\/span><\/td>\n<td align=\"right\">1.500<\/td>\n<td align=\"right\">235<\/td>\n<td align=\"right\">5.700<\/td>\n<td align=\"right\">420<\/td>\n<td align=\"right\">18.000<\/td>\n<td align=\"right\">610<\/td>\n<td align=\"center\">800<\/td>\n<\/tr>\n<tr>\n<td><span style=\"color: yellow!important;\">Ein Fremder in Not<\/span><br \/>\n<span style=\"color: orange!important;\">(Hallen der Agonie Ebene 2)<\/span><\/td>\n<td align=\"right\">1.425<\/td>\n<td align=\"right\">230<\/td>\n<td align=\"right\">5.700<\/td>\n<td align=\"right\">420<\/td>\n<td align=\"right\">18.000<\/td>\n<td align=\"right\">610<\/td>\n<td align=\"center\">800<\/td>\n<\/tr>\n<tr>\n<td>Der W\u00e4rter<\/td>\n<td align=\"right\">1.575<\/td>\n<td align=\"right\">240<\/td>\n<td align=\"right\">6.000<\/td>\n<td align=\"right\">425<\/td>\n<td align=\"right\">18.000<\/td>\n<td align=\"right\">610<\/td>\n<td align=\"center\">800<\/td>\n<\/tr>\n<tr>\n<td><\/td>\n<td align=\"right\"><span style=\"color: green!important;\">525<\/td>\n<td align=\"right\"><span style=\"color: green!important;\">&#8212;<\/td>\n<td align=\"right\"><span style=\"color: green!important;\">2.000<\/td>\n<td align=\"right\"><span style=\"color: green!important;\">&#8212;<\/td>\n<td align=\"right\"><span style=\"color: green!important;\">6.000<\/td>\n<td align=\"right\"><span style=\"color: green!important;\">&#8212;<\/td>\n<td align=\"center\"><span style=\"color: green!important;\">&#8212;<\/td>\n<\/tr>\n<tr>\n<td>Der Schl\u00e4chter<\/td>\n<td align=\"right\">1.650<\/td>\n<td align=\"right\">245<\/td>\n<td align=\"right\">6.300<\/td>\n<td align=\"right\">430<\/td>\n<td align=\"right\">18.750<\/td>\n<td align=\"right\">615<\/td>\n<td align=\"center\">810<\/td>\n<\/tr>\n<tr>\n<td>Questende<\/td>\n<td align=\"right\">7.700<\/td>\n<td align=\"right\">980<\/td>\n<td align=\"right\">29.400<\/td>\n<td align=\"right\">1.720<\/td>\n<td align=\"right\">87.500<\/td>\n<td align=\"right\">2.460<\/td>\n<td align=\"center\">3.240<\/td>\n<\/tr>\n<tr>\n<td><\/td>\n<td align=\"right\"><span style=\"color: green!important;\">1.650<\/td>\n<td align=\"right\"><span style=\"color: green!important;\">245<\/td>\n<td align=\"right\"><span style=\"color: green!important;\">6.300<\/td>\n<td align=\"right\"><span style=\"color: green!important;\">430<\/td>\n<td align=\"right\"><span style=\"color: green!important;\">18.750<\/td>\n<td align=\"right\"><span style=\"color: green!important;\">615<\/td>\n<td align=\"center\"><span style=\"color: green!important;\">810<\/td>\n<\/tr>\n<\/table>\n<p><\/p>\n<table width=\"100%\" border=\"0\" cellpadding=\"5\">\n<tr>\n<td align=\"center\" width=\"25%\">\n<ul>\n<li><a href=\"http:\/\/diablo3.ingame.de\/diablo-3\/quests-events\/\" target=\"_blank\" rel=\"noopener\">\u00dcbersicht<\/a><\/li>\n<\/ul>\n<\/td>\n<td align=\"center\" width=\"25%\">\n<ul>\n<li><a href=\"http:\/\/diablo3.ingame.de\/diablo-3\/quests-events\/d3-quests-akt-2\/\" target=\"_blank\" rel=\"noopener\">Akt 2 Quests<\/a><\/li>\n<\/ul>\n<\/td>\n<td align=\"center\" width=\"25%\">\n<ul>\n<li><a href=\"http:\/\/diablo3.ingame.de\/diablo-3\/quests-events\/d3-quests-akt-3\/\" target=\"_blank\" rel=\"noopener\">Akt 3 Quests<\/a><\/li>\n<\/ul>\n<\/td>\n<td align=\"center\" width=\"25%\">\n<ul>\n<li><a href=\"http:\/\/diablo3.ingame.de\/diablo-3\/quests-events\/d3-quests-akt-4\/\" target=\"_blank\" rel=\"noopener\">Akt 4 Quests<\/a><\/li>\n<\/ul>\n<\/td>\n<\/tr>\n<\/table>\n","protected":false},"excerpt":{"rendered":"<p>1. Der Gefallene Stern Normal Alptraum H\u00f6lle Inferno Bonus: 3 Scheu\u00dfliche M\u00fctter* 450 175 4.500 400 16.500 600 800 Questende 1.125 370 12.000 800 44.000 1.200 1.600 *: Auch auf Inferno gibt es f\u00fcr das Erf\u00fcllen dieser Bonus-Aufgabe Erfahrungspunkte: 24.000. 2. Das Verm\u00e4chtnis von Cain Normal Alptraum H\u00f6lle Inferno Hauptmann Daltyn 330 190 4.500 400&hellip; <a class=\"more-link\" href=\"https:\/\/planetdiablo.eu\/de\/diablo-3\/quests-events\/d3-quests-akt-1\/\"><span class=\"screen-reader-text\">Diablo 3 Quests Akt 1<\/span> weiterlesen<\/a><\/p>\n","protected":false},"author":852,"featured_media":0,"parent":530767,"menu_order":0,"comment_status":"open","ping_status":"open","template":"","meta":{"footnotes":""},"class_list":["post-530777","page","type-page","status-publish","hentry","entry"],"_links":{"self":[{"href":"https:\/\/planetdiablo.eu\/de\/wp-json\/wp\/v2\/pages\/530777","targetHints":{"allow":["GET"]}}],"collection":[{"href":"https:\/\/planetdiablo.eu\/de\/wp-json\/wp\/v2\/pages"}],"about":[{"href":"https:\/\/planetdiablo.eu\/de\/wp-json\/wp\/v2\/types\/page"}],"author":[{"embeddable":true,"href":"https:\/\/planetdiablo.eu\/de\/wp-json\/wp\/v2\/users\/852"}],"replies":[{"embeddable":true,"href":"https:\/\/planetdiablo.eu\/de\/wp-json\/wp\/v2\/comments?post=530777"}],"version-history":[{"count":0,"href":"https:\/\/planetdiablo.eu\/de\/wp-json\/wp\/v2\/pages\/530777\/revisions"}],"up":[{"embeddable":true,"href":"https:\/\/planetdiablo.eu\/de\/wp-json\/wp\/v2\/pages\/530767"}],"wp:attachment":[{"href":"https:\/\/planetdiablo.eu\/de\/wp-json\/wp\/v2\/media?parent=530777"}],"curies":[{"name":"wp","href":"https:\/\/api.w.org\/{rel}","templated":true}]}}