{"id":531928,"date":"2013-01-23T00:06:12","date_gmt":"2013-01-22T23:06:12","guid":{"rendered":"http:\/\/diablo3.ingame.de\/?page_id=531928"},"modified":"2013-01-23T00:06:12","modified_gmt":"2013-01-22T23:06:12","slug":"d3-quests-akt-2","status":"publish","type":"page","link":"https:\/\/planetdiablo.eu\/de\/diablo-3\/quests-events\/d3-quests-akt-2\/","title":{"rendered":"Diablo 3 Quests Akt 2"},"content":{"rendered":"<h2 align=\"center\">1. Schatten in der W\u00fcste<\/h2>\n<table width=\"100%\" border=\"0\" cellpadding=\"5\">\n<tr>\n<th width=\"41%\"><\/th>\n<th colspan=\"2\" align=\"center\" width=\"16%\">Normal<\/th>\n<th colspan=\"2\" align=\"center\" width=\"16%\">Alptraum<\/th>\n<th colspan=\"2\" align=\"center\" width=\"16%\">H\u00f6lle<\/th>\n<th colspan=\"2\" align=\"center\" width=\"11%\">Inferno<\/th>\n<\/tr>\n<tr>\n<td><span style=\"color: yellow!important;\">Der Schlupfwinkel der Lacuni<\/span><br \/>\n<span style=\"color: orange!important;\">(Heulendes Plateau, Verlassenes Bergwerk)<\/span><\/td>\n<td align=\"right\">6.600<\/td>\n<td align=\"right\">765<\/td>\n<td align=\"right\">25.300<\/td>\n<td align=\"right\">1.320<\/td>\n<td align=\"right\">71.500<\/td>\n<td align=\"right\">1.860<\/td>\n<td align=\"center\">2.430<\/td>\n<\/tr>\n<tr>\n<td><span style=\"color: yellow!important;\">Das Gold des Minenarbeiters<\/span><br \/>\n<span style=\"color: orange!important;\">(Heulendes Plateau)<\/span><\/td>\n<td align=\"right\">1.575<\/td>\n<td align=\"right\">240<\/td>\n<td align=\"right\">6.000<\/td>\n<td align=\"right\">425<\/td>\n<td align=\"right\">18.000<\/td>\n<td align=\"right\">610<\/td>\n<td align=\"center\">800<\/td>\n<\/tr>\n<tr>\n<td>Questende<\/td>\n<td align=\"right\">4.400<\/td>\n<td align=\"right\">490<\/td>\n<td align=\"right\">16.800<\/td>\n<td align=\"right\">860<\/td>\n<td align=\"right\">50.000<\/td>\n<td align=\"right\">1.230<\/td>\n<td align=\"center\">1.620<\/td>\n<\/tr>\n<tr>\n<td><\/td>\n<td align=\"right\"><span style=\"color: green!important;\">1.650<\/td>\n<td align=\"right\"><span style=\"color: green!important;\">245<\/td>\n<td align=\"right\"><span style=\"color: green!important;\">6.300<\/td>\n<td align=\"right\"><span style=\"color: green!important;\">430<\/td>\n<td align=\"right\"><span style=\"color: green!important;\">18.750<\/td>\n<td align=\"right\"><span style=\"color: green!important;\">615<\/td>\n<td align=\"center\"><span style=\"color: green!important;\">810<\/td>\n<\/tr>\n<\/table>\n<h2 align=\"center\">2. Die Stra\u00dfe nach Alcarnus<\/h2>\n<table width=\"100%\" border=\"0\" cellpadding=\"5\">\n<tr>\n<th width=\"41%\"><\/th>\n<th colspan=\"2\" align=\"center\" width=\"16%\">Normal<\/th>\n<th colspan=\"2\" align=\"center\" width=\"16%\">Alptraum<\/th>\n<th colspan=\"2\" align=\"center\" width=\"16%\">H\u00f6lle<\/th>\n<th colspan=\"2\" align=\"center\" width=\"11%\">Inferno<\/th>\n<\/tr>\n<tr>\n<td><span style=\"color: yellow!important;\">W\u00e4chtergeister*<\/span><br \/>\n<span style=\"color: orange!important;\">(Die Stechenden Winde)<\/span><\/td>\n<td align=\"right\">1.575<\/td>\n<td align=\"right\">240<\/td>\n<td align=\"right\">6.000<\/td>\n<td align=\"right\">425<\/td>\n<td align=\"right\">18.000<\/td>\n<td align=\"right\">610<\/td>\n<td align=\"center\">800<\/td>\n<\/tr>\n<tr>\n<td><span style=\"color: yellow!important;\">Die Ruhelosen Sande*<\/span><br \/>\n<span style=\"color: orange!important;\">(Die Stechenden Winde)<\/span><\/td>\n<td align=\"right\">1.575<\/td>\n<td align=\"right\">240<\/td>\n<td align=\"right\">6.000<\/td>\n<td align=\"right\">425<\/td>\n<td align=\"right\">18.000<\/td>\n<td align=\"right\">610<\/td>\n<td align=\"center\">800<\/td>\n<\/tr>\n<tr>\n<td><span style=\"color: yellow!important;\">Der G\u00f6tze des Rygnar*<\/span><br \/>\n<span style=\"color: orange!important;\">(Die Stechenden Winde)<\/span><\/td>\n<td align=\"right\">4.600<\/td>\n<td align=\"right\">500<\/td>\n<td align=\"right\">17.600<\/td>\n<td align=\"right\">870<\/td>\n<td align=\"right\">50.000<\/td>\n<td align=\"right\">1.230<\/td>\n<td align=\"center\">1.620<\/td>\n<\/tr>\n<tr>\n<td><span style=\"color: yellow!important;\">Das Br\u00f6ckelnde Gew\u00f6lbe*<\/span><br \/>\n<span style=\"color: orange!important;\">(Die Stechenden Winde)<\/span><\/td>\n<td align=\"right\">1.950<\/td>\n<td align=\"right\">265<\/td>\n<td align=\"right\">7.200<\/td>\n<td align=\"right\">445<\/td>\n<td align=\"right\">19.500<\/td>\n<td align=\"right\">620<\/td>\n<td align=\"center\">810<\/td>\n<\/tr>\n<tr>\n<td>Questende<\/td>\n<td align=\"right\">4.600<\/td>\n<td align=\"right\">500<\/td>\n<td align=\"right\">17.600<\/td>\n<td align=\"right\">870<\/td>\n<td align=\"right\">50.000<\/td>\n<td align=\"right\">1.230<\/td>\n<td align=\"center\">1.620<\/td>\n<\/tr>\n<tr>\n<td><\/td>\n<td align=\"right\"><span style=\"color: green!important;\">1.725<\/td>\n<td align=\"right\"><span style=\"color: green!important;\">250<\/td>\n<td align=\"right\"><span style=\"color: green!important;\">6.600<\/td>\n<td align=\"right\"><span style=\"color: green!important;\">435<\/td>\n<td align=\"right\"><span style=\"color: green!important;\">18.750<\/td>\n<td align=\"right\"><span style=\"color: green!important;\">615<\/td>\n<td align=\"center\"><span style=\"color: green!important;\">810<\/td>\n<\/tr>\n<\/table>\n<p>\n<span style=\"color: yellow\">*: Diese Ereignisse k\u00f6nnen auch nach Abschluss der Quest &#8222;Die Stra\u00dfe nach Alcarnus&#8220; w\u00e4hrend der Quest &#8222;Stadt des Blutes&#8220; auftauchen.<\/span><\/p>\n<h2 align=\"center\">3. Stadt des Blutes<\/h2>\n<table width=\"100%\" border=\"0\" cellpadding=\"5\">\n<tr>\n<th width=\"41%\"><\/th>\n<th colspan=\"2\" align=\"center\" width=\"16%\">Normal<\/th>\n<th colspan=\"2\" align=\"center\" width=\"16%\">Alptraum<\/th>\n<th colspan=\"2\" align=\"center\" width=\"16%\">H\u00f6lle<\/th>\n<th colspan=\"2\" align=\"center\" width=\"11%\">Inferno<\/th>\n<\/tr>\n<tr>\n<td><span style=\"color: yellow!important;\">Bonus: 8 Gefangene befreit**<\/span><\/td>\n<td align=\"right\">550<\/td>\n<td align=\"right\">&#8212;<\/td>\n<td align=\"right\">2.100<\/td>\n<td align=\"right\">&#8212;<\/td>\n<td align=\"right\">6.250<\/td>\n<td align=\"right\">&#8212;<\/td>\n<td align=\"center\">&#8212;<\/td>\n<\/tr>\n<tr>\n<td>Questende<\/td>\n<td align=\"right\">6.600<\/td>\n<td align=\"right\">765<\/td>\n<td align=\"right\">25.300<\/td>\n<td align=\"right\">1.320<\/td>\n<td align=\"right\">71.500<\/td>\n<td align=\"right\">1.860<\/td>\n<td align=\"center\">2.430<\/td>\n<\/tr>\n<tr>\n<td><\/td>\n<td align=\"right\"><span style=\"color: green!important;\">1.800<\/td>\n<td align=\"right\"><span style=\"color: green!important;\">255<\/td>\n<td align=\"right\"><span style=\"color: green!important;\">6.900<\/td>\n<td align=\"right\"><span style=\"color: green!important;\">440<\/td>\n<td align=\"right\"><span style=\"color: green!important;\">19.500<\/td>\n<td align=\"right\"><span style=\"color: green!important;\">620<\/td>\n<td align=\"center\"><span style=\"color: green!important;\">810<\/td>\n<\/tr>\n<\/table>\n<p>\n<span style=\"color: yellow\">**: Auch auf Inferno gibt es f\u00fcr das Erf\u00fcllen dieser Bonus-Aufgabe Erfahrungspunkte: 8.000.<\/span><\/p>\n<h2 align=\"center\">4. Eine Kaiserliche Audienz<\/h2>\n<table width=\"100%\" border=\"0\" cellpadding=\"5\">\n<tr>\n<th width=\"41%\"><\/th>\n<th colspan=\"2\" align=\"center\" width=\"16%\">Normal<\/th>\n<th colspan=\"2\" align=\"center\" width=\"16%\">Alptraum<\/th>\n<th colspan=\"2\" align=\"center\" width=\"16%\">H\u00f6lle<\/th>\n<th colspan=\"2\" align=\"center\" width=\"11%\">Inferno<\/th>\n<\/tr>\n<tr>\n<td>Questende<\/td>\n<td align=\"right\">1.875<\/td>\n<td align=\"right\">260<\/td>\n<td align=\"right\">6.900<\/td>\n<td align=\"right\">440<\/td>\n<td align=\"right\">19.500<\/td>\n<td align=\"right\">620<\/td>\n<td align=\"center\">810<\/td>\n<\/tr>\n<\/table>\n<h2 align=\"center\">5. Unerwartete Verb\u00fcndete<\/h2>\n<table width=\"100%\" border=\"0\" cellpadding=\"5\">\n<tr>\n<th width=\"41%\"><\/th>\n<th colspan=\"2\" align=\"center\" width=\"16%\">Normal<\/th>\n<th colspan=\"2\" align=\"center\" width=\"16%\">Alptraum<\/th>\n<th colspan=\"2\" align=\"center\" width=\"16%\">H\u00f6lle<\/th>\n<th colspan=\"2\" align=\"center\" width=\"11%\">Inferno<\/th>\n<\/tr>\n<tr>\n<td>Questende<\/td>\n<td align=\"right\">5.200<\/td>\n<td align=\"right\">530<\/td>\n<td align=\"right\">19.200<\/td>\n<td align=\"right\">890<\/td>\n<td align=\"right\">52.000<\/td>\n<td align=\"right\">1.240<\/td>\n<td align=\"center\">1.620<\/td>\n<\/tr>\n<tr>\n<td><\/td>\n<td align=\"right\"><span style=\"color: green!important;\">1.950<\/td>\n<td align=\"right\"><span style=\"color: green!important;\">265<\/td>\n<td align=\"right\"><span style=\"color: green!important;\">7.200<\/td>\n<td align=\"right\"><span style=\"color: green!important;\">445<\/td>\n<td align=\"right\"><span style=\"color: green!important;\">19.500<\/td>\n<td align=\"right\"><span style=\"color: green!important;\">620<\/td>\n<td align=\"center\"><span style=\"color: green!important;\">810<\/td>\n<\/tr>\n<\/table>\n<h2 align=\"center\">6. Verr\u00e4ter der Horadrim<\/h2>\n<table width=\"100%\" border=\"0\" cellpadding=\"5\">\n<tr>\n<th width=\"41%\"><\/th>\n<th colspan=\"2\" align=\"center\" width=\"16%\">Normal<\/th>\n<th colspan=\"2\" align=\"center\" width=\"16%\">Alptraum<\/th>\n<th colspan=\"2\" align=\"center\" width=\"16%\">H\u00f6lle<\/th>\n<th colspan=\"2\" align=\"center\" width=\"11%\">Inferno<\/th>\n<\/tr>\n<tr>\n<td><span style=\"color: yellow!important;\">Verlorener Schatz des Khan Dakab***<\/span><br \/>\n<span style=\"color: orange!important;\">(Die Oase von Dahlgur)<\/span><\/td>\n<td align=\"right\">2.100<\/td>\n<td align=\"right\">275<\/td>\n<td align=\"right\">7.800<\/td>\n<td align=\"right\">455<\/td>\n<td align=\"right\">20.250<\/td>\n<td align=\"right\">625<\/td>\n<td align=\"center\">810<\/td>\n<\/tr>\n<tr>\n<td><span style=\"color: yellow!important;\">Der Schrein von Rakanishu***<\/span><br \/>\n<span style=\"color: orange!important;\">(Die Oase von Dahlgur)<\/span><\/td>\n<td align=\"right\">1.800<\/td>\n<td align=\"right\">255<\/td>\n<td align=\"right\">6.900<\/td>\n<td align=\"right\">440<\/td>\n<td align=\"right\">19.500<\/td>\n<td align=\"right\">620<\/td>\n<td align=\"center\">810<\/td>\n<\/tr>\n<tr>\n<td><span style=\"color: yellow!important;\">Gefangene von Kamyr***<\/span><br \/>\n<span style=\"color: orange!important;\">(Die Oase von Dahlgur)<\/span><\/td>\n<td align=\"right\">1.800<\/td>\n<td align=\"right\">255<\/td>\n<td align=\"right\">6.900<\/td>\n<td align=\"right\">440<\/td>\n<td align=\"right\">19.500<\/td>\n<td align=\"right\">620<\/td>\n<td align=\"center\">810<\/td>\n<\/tr>\n<tr>\n<td><span style=\"color: yellow!important;\">Sardars Schatz***<\/span><br \/>\n<span style=\"color: orange!important;\">(Die Oase von Dahlgur, Grab von Sardar)<\/span><\/td>\n<td align=\"right\">700<\/td>\n<td align=\"right\">&#8212;<\/td>\n<td align=\"right\">2.600<\/td>\n<td align=\"right\">&#8212;<\/td>\n<td align=\"right\">6.750<\/td>\n<td align=\"right\">&#8212;<\/td>\n<td align=\"center\">&#8212;<\/td>\n<\/tr>\n<tr>\n<td>Questende<\/td>\n<td align=\"right\">7425<\/td>\n<td align=\"right\">810<\/td>\n<td align=\"right\">27.500<\/td>\n<td align=\"right\">1.350<\/td>\n<td align=\"right\">74.250<\/td>\n<td align=\"right\">1.875<\/td>\n<td align=\"center\">2.430<\/td>\n<\/tr>\n<tr>\n<td><\/td>\n<td align=\"right\"><span style=\"color: green!important;\">2.025<\/td>\n<td align=\"right\"><span style=\"color: green!important;\">270<\/td>\n<td align=\"right\"><span style=\"color: green!important;\">7.500<\/td>\n<td align=\"right\"><span style=\"color: green!important;\">450<\/td>\n<td align=\"right\"><span style=\"color: green!important;\">20.250<\/td>\n<td align=\"right\"><span style=\"color: green!important;\">625<\/td>\n<td align=\"center\"><span style=\"color: green!important;\">810<\/td>\n<\/tr>\n<\/table>\n<p>\n<span style=\"color: yellow\">***: Diese Ereignisse k\u00f6nnen auch nach Abschluss der Quest &#8222;Verr\u00e4ter der Horadrim&#8220; w\u00e4hrend der Quest &#8222;Blut und Sand&#8220; auftauchen.<\/span><\/p>\n<h2 align=\"center\">7. Blut und Sand<\/h2>\n<table width=\"100%\" border=\"0\" cellpadding=\"5\">\n<tr>\n<th width=\"41%\"><\/th>\n<th colspan=\"2\" align=\"center\" width=\"16%\">Normal<\/th>\n<th colspan=\"2\" align=\"center\" width=\"16%\">Alptraum<\/th>\n<th colspan=\"2\" align=\"center\" width=\"16%\">H\u00f6lle<\/th>\n<th colspan=\"2\" align=\"center\" width=\"11%\">Inferno<\/th>\n<\/tr>\n<tr>\n<td>Gavin der Dieb<\/td>\n<td align=\"right\">5.200<\/td>\n<td align=\"right\">530<\/td>\n<td align=\"right\">19.200<\/td>\n<td align=\"right\">890<\/td>\n<td align=\"right\">52.000<\/td>\n<td align=\"right\">1.240<\/td>\n<td align=\"center\">1.620<\/td>\n<\/tr>\n<tr>\n<td><\/td>\n<td align=\"right\"><span style=\"color: green!important;\">1.950<\/td>\n<td align=\"right\"><span style=\"color: green!important;\">265<\/td>\n<td align=\"right\"><span style=\"color: green!important;\">7.200<\/td>\n<td align=\"right\"><span style=\"color: green!important;\">445<\/td>\n<td align=\"right\"><span style=\"color: green!important;\">19.500<\/td>\n<td align=\"right\"><span style=\"color: green!important;\">620<\/td>\n<td align=\"center\"><span style=\"color: green!important;\">810<\/td>\n<\/tr>\n<tr>\n<td>Questende<\/td>\n<td align=\"right\">7.700<\/td>\n<td align=\"right\">825<\/td>\n<td align=\"right\">28.600<\/td>\n<td align=\"right\">1.365<\/td>\n<td align=\"right\">74.250<\/td>\n<td align=\"right\">1.875<\/td>\n<td align=\"center\">2.430<\/td>\n<\/tr>\n<tr>\n<td><\/td>\n<td align=\"right\"><span style=\"color: green!important;\">2.100<\/td>\n<td align=\"right\"><span style=\"color: green!important;\">275<\/td>\n<td align=\"right\"><span style=\"color: green!important;\">7.800<\/td>\n<td align=\"right\"><span style=\"color: green!important;\">455<\/td>\n<td align=\"right\"><span style=\"color: green!important;\">20.250<\/td>\n<td align=\"right\"><span style=\"color: green!important;\">625<\/td>\n<td align=\"center\"><span style=\"color: green!important;\">810<\/td>\n<\/tr>\n<\/table>\n<h2 align=\"center\">8. Der Schwarze Seelenstein<\/h2>\n<table width=\"100%\" border=\"0\" cellpadding=\"5\">\n<tr>\n<th width=\"41%\"><\/th>\n<th colspan=\"2\" align=\"center\" width=\"16%\">Normal<\/th>\n<th colspan=\"2\" align=\"center\" width=\"16%\">Alptraum<\/th>\n<th colspan=\"2\" align=\"center\" width=\"16%\">H\u00f6lle<\/th>\n<th colspan=\"2\" align=\"center\" width=\"11%\">Inferno<\/th>\n<\/tr>\n<tr>\n<td>Schattenschl\u00f6sser ge\u00f6ffnet<\/td>\n<td align=\"right\">2.100<\/td>\n<td align=\"right\">275<\/td>\n<td align=\"right\">7.800<\/td>\n<td align=\"right\">455<\/td>\n<td align=\"right\">20.250<\/td>\n<td align=\"right\">625<\/td>\n<td align=\"center\">810<\/td>\n<\/tr>\n<tr>\n<td>Kulls K\u00f6rper<\/td>\n<td align=\"right\">2.175<\/td>\n<td align=\"right\">280<\/td>\n<td align=\"right\">7.800<\/td>\n<td align=\"right\">455<\/td>\n<td align=\"right\">20.250<\/td>\n<td align=\"right\">625<\/td>\n<td align=\"center\">810<\/td>\n<\/tr>\n<tr>\n<td>Questende<\/td>\n<td align=\"right\">10.150<\/td>\n<td align=\"right\">1.120<\/td>\n<td align=\"right\">36.400<\/td>\n<td align=\"right\">1.820<\/td>\n<td align=\"right\">94.500<\/td>\n<td align=\"right\">2.500<\/td>\n<td align=\"center\">3.240<\/td>\n<\/tr>\n<tr>\n<td><\/td>\n<td align=\"right\"><span style=\"color: green!important;\">2.175<\/td>\n<td align=\"right\"><span style=\"color: green!important;\">280<\/td>\n<td align=\"right\"><span style=\"color: green!important;\">7.800<\/td>\n<td align=\"right\"><span style=\"color: green!important;\">455<\/td>\n<td align=\"right\"><span style=\"color: green!important;\">20.250<\/td>\n<td align=\"right\"><span style=\"color: green!important;\">625<\/td>\n<td align=\"center\"><span style=\"color: green!important;\">810<\/td>\n<\/tr>\n<\/table>\n<h2 align=\"center\">9. Die S\u00e4uberung von Caldeum<\/h2>\n<p>Keine Quest-Belohnung, lediglich geringer Erfahrungs- und Gold-Bonus f\u00fcr jeden geretteten Einwohner.<\/p>\n<h2 align=\"center\">10. Herr der L\u00fcgen<\/h2>\n<table width=\"100%\" border=\"0\" cellpadding=\"5\">\n<tr>\n<th width=\"41%\"><\/th>\n<th colspan=\"2\" align=\"center\" width=\"16%\">Normal<\/th>\n<th colspan=\"2\" align=\"center\" width=\"16%\">Alptraum<\/th>\n<th colspan=\"2\" align=\"center\" width=\"16%\">H\u00f6lle<\/th>\n<th colspan=\"2\" align=\"center\" width=\"11%\">Inferno<\/th>\n<\/tr>\n<tr>\n<td>Belials Seele<\/td>\n<td align=\"right\">2.325<\/td>\n<td align=\"right\">290<\/td>\n<td align=\"right\">8.400<\/td>\n<td align=\"right\">465<\/td>\n<td align=\"right\">21.000<\/td>\n<td align=\"right\">630<\/td>\n<td align=\"center\">820<\/td>\n<\/tr>\n<tr>\n<td>Questende<\/td>\n<td align=\"right\">8.525<\/td>\n<td align=\"right\">870<\/td>\n<td align=\"right\">30.800<\/td>\n<td align=\"right\">1.395<\/td>\n<td align=\"right\">77.000<\/td>\n<td align=\"right\">1.890<\/td>\n<td align=\"center\">2.460<\/td>\n<\/tr>\n<tr>\n<td><\/td>\n<td align=\"right\"><span style=\"color: green!important;\">775<\/td>\n<td align=\"right\"><span style=\"color: green!important;\">&#8212;<\/td>\n<td align=\"right\"><span style=\"color: green!important;\">2.800<\/td>\n<td align=\"right\"><span style=\"color: green!important;\">&#8212;<\/td>\n<td align=\"right\"><span style=\"color: green!important;\">7.000<\/td>\n<td align=\"right\"><span style=\"color: green!important;\">&#8212;<\/td>\n<td align=\"center\"><span style=\"color: green!important;\">&#8212;<\/td>\n<\/tr>\n<\/table>\n<p><\/p>\n<table width=\"100%\" border=\"0\" cellpadding=\"5\">\n<tr>\n<td align=\"center\" width=\"25%\">\n<ul>\n<li><a href=\"http:\/\/diablo3.ingame.de\/diablo-3\/quests-events\/\" target=\"_blank\" rel=\"noopener\">\u00dcbersicht<\/a><\/li>\n<\/ul>\n<\/td>\n<td align=\"center\" width=\"25%\">\n<ul>\n<li><a href=\"http:\/\/diablo3.ingame.de\/diablo-3\/quests-events\/d3-quests-akt-1\/\" target=\"_blank\" rel=\"noopener\">Akt 1 Quests<\/a><\/li>\n<\/ul>\n<\/td>\n<td align=\"center\" width=\"25%\">\n<ul>\n<li><a href=\"http:\/\/diablo3.ingame.de\/diablo-3\/quests-events\/d3-quests-akt-3\/\" target=\"_blank\" rel=\"noopener\">Akt 3 Quests<\/a><\/li>\n<\/ul>\n<\/td>\n<td align=\"center\" width=\"25%\">\n<ul>\n<li><a href=\"http:\/\/diablo3.ingame.de\/diablo-3\/quests-events\/d3-quests-akt-4\/\" target=\"_blank\" rel=\"noopener\">Akt 4 Quests<\/a><\/li>\n<\/ul>\n<\/td>\n<\/tr>\n<\/table>\n","protected":false},"excerpt":{"rendered":"<p>1. Schatten in der W\u00fcste Normal Alptraum H\u00f6lle Inferno Der Schlupfwinkel der Lacuni (Heulendes Plateau, Verlassenes Bergwerk) 6.600 765 25.300 1.320 71.500 1.860 2.430 Das Gold des Minenarbeiters (Heulendes Plateau) 1.575 240 6.000 425 18.000 610 800 Questende 4.400 490 16.800 860 50.000 1.230 1.620 1.650 245 6.300 430 18.750 615 810 2. Die Stra\u00dfe&hellip; <a class=\"more-link\" href=\"https:\/\/planetdiablo.eu\/de\/diablo-3\/quests-events\/d3-quests-akt-2\/\"><span class=\"screen-reader-text\">Diablo 3 Quests Akt 2<\/span> weiterlesen<\/a><\/p>\n","protected":false},"author":852,"featured_media":0,"parent":530767,"menu_order":0,"comment_status":"open","ping_status":"open","template":"","meta":{"footnotes":""},"class_list":["post-531928","page","type-page","status-publish","hentry","entry"],"_links":{"self":[{"href":"https:\/\/planetdiablo.eu\/de\/wp-json\/wp\/v2\/pages\/531928","targetHints":{"allow":["GET"]}}],"collection":[{"href":"https:\/\/planetdiablo.eu\/de\/wp-json\/wp\/v2\/pages"}],"about":[{"href":"https:\/\/planetdiablo.eu\/de\/wp-json\/wp\/v2\/types\/page"}],"author":[{"embeddable":true,"href":"https:\/\/planetdiablo.eu\/de\/wp-json\/wp\/v2\/users\/852"}],"replies":[{"embeddable":true,"href":"https:\/\/planetdiablo.eu\/de\/wp-json\/wp\/v2\/comments?post=531928"}],"version-history":[{"count":0,"href":"https:\/\/planetdiablo.eu\/de\/wp-json\/wp\/v2\/pages\/531928\/revisions"}],"up":[{"embeddable":true,"href":"https:\/\/planetdiablo.eu\/de\/wp-json\/wp\/v2\/pages\/530767"}],"wp:attachment":[{"href":"https:\/\/planetdiablo.eu\/de\/wp-json\/wp\/v2\/media?parent=531928"}],"curies":[{"name":"wp","href":"https:\/\/api.w.org\/{rel}","templated":true}]}}