{"id":555113,"date":"2014-04-10T17:37:25","date_gmt":"2014-04-10T15:37:25","guid":{"rendered":"http:\/\/diablo3.ingame.de\/?page_id=555113"},"modified":"2021-06-09T11:42:12","modified_gmt":"2021-06-09T09:42:12","slug":"horadrische-wuerfelchen","status":"publish","type":"page","link":"https:\/\/planetdiablo.eu\/de\/diablo-3\/guides\/horadrische-wuerfelchen\/","title":{"rendered":"Diablo 3: Horadrische W\u00fcrfelchen und deren Legendarys"},"content":{"rendered":"\n<p>Als Belohnung f\u00fcr das Abschlie\u00dfen aller Kopfgelder eines Aktes erh\u00e4lt man von Tyrael in der Stadt Horadrische W\u00fcrfelchen (Horadric Cache). Mit einem Rechtsklick auf das horadrische W\u00fcrfelchen \u00f6ffnet sich dieses und der Inhalt f\u00e4llt auf den Boden. Dieser besteht haupts\u00e4chlich aus Handwerksmaterialien, Edelsteinen, Blutsplittern, seltenen Gegenst\u00e4nden und -wenn man Gl\u00fcck hat- einem Legendary.<\/p>\n\n\n\n<div class=\"wp-block-image\"><figure class=\"alignleft\"><img loading=\"lazy\" decoding=\"async\" width=\"276\" height=\"248\" src=\"https:\/\/planetdiablo.eu\/de\/wp-content\/uploads\/2014\/04\/Kopfgeldbelohnung.jpg\" alt=\"Kopfgeldbelohnung\" class=\"wp-image-555264\"\/><\/figure><\/div>\n\n\n\n<p><br>Die Stufe der Gegenst\u00e4nde aus dem horadrischen W\u00fcrfel und die Qualit\u00e4t werden festgelegt durch das Charakterlevel des aktuellen Helden mit dem man das W\u00fcrfelchen ergattert.<br>Das Legendary kann ein \u201egew\u00f6hnliches\u201c Legendary sein oder auch eines, das man nur aus den horadrischen W\u00fcrfelchen erhalten kann. Bei letzterem wird weiter unterschieden aus welchem der Akte das W\u00fcrfelchen kommt:<\/p>\n\n\n\n<h2 class=\"wp-block-heading\">Inhalt der horadrischen W\u00fcrfelchen nach Akt:<\/h2>\n\n\n\n<ul class=\"wp-block-list\"><li><a href=\"#Akt I\">Akt I<\/a><\/li><li><a href=\"#Akt II\">Akt II<\/a><\/li><li><a href=\"#Akt III\">Akt III<\/a><\/li><li><a href=\"#Akt IV\">Akt IV<\/a><\/li><li><a href=\"#Akt V\">Akt V<\/a><\/li><li><a href=\"#Dropraten\">Dropraten<\/a><\/li><li><a href=\"#Sonstiges\">Sonstiges<\/a><\/li><\/ul>\n\n\n\n<p><a name=\"Akt I\"><\/a><\/p>\n\n\n\n<hr class=\"wp-block-separator\"\/>\n\n\n\n<h3 class=\"wp-block-heading\">Akt I<\/h3>\n\n\n\n<h4 class=\"wp-block-heading\"><a href=\"https:\/\/eu.diablo3.com\/de-de\/item\/golden-gorget-of-leoric-Unique_Amulet_105_x1\"><span class=\"d3legendary\">Leorics goldenes Gorget<\/span><\/a> \/ <span class=\"d3legendary\">Golden Gorget of Leoric<\/span><\/h4>\n\n\n\n<p>Legend\u00e4res Amulett mit folgender legend\u00e4ren Eigenschaft:<\/p>\n\n\n\n<ul class=\"wp-block-list\"><li>Sekund\u00e4r:<br><span class=\"d3legendary\">Nach Erhalt eines Massakerbonus werden 4\u20136 Skelettw\u00e4chter beschworen, die 10 Sek. lang an Eurer Seite k\u00e4mpfen.<\/span><\/li><\/ul>\n\n\n\n<hr class=\"wp-block-separator\"\/>\n\n\n\n<h4 class=\"wp-block-heading\"><a href=\"https:\/\/eu.diablo3.com\/de-de\/item\/mad-monarchs-scepter-Unique_Mace_1H_101_x1\"><span class=\"d3legendary\">Szepter des wahnsinnigen Monarchen<\/span><\/a> \/ <span class=\"d3legendary\">Mad Monarch&#8217;s Scepter<\/span><\/h4>\n\n\n\n<p>Legend\u00e4rer Streitkolben mit folgender legend\u00e4ren Eigenschaft:<\/p>\n\n\n\n<ul class=\"wp-block-list\"><li>Sekund\u00e4r:<br><span class=\"d3legendary\">Wenn Ihr 10 Gegner get\u00f6tet habt, setzt Ihr eine Giftnova frei, die Gegnern innerhalb von 30 Metern 1050\u20131400% Waffenschaden als Giftschaden zuf\u00fcgt<\/span><\/li><\/ul>\n\n\n\n<hr class=\"wp-block-separator\"\/>\n\n\n\n<h4 class=\"wp-block-heading\"><a href=\"https:\/\/eu.diablo3.com\/de-de\/item\/pauldrons-of-the-skeleton-king-Unique_Shoulder_103_x1\"><span class=\"d3legendary\">Schulterpanzer des Skelettk\u00f6nigs<\/span><\/a> \/ <span class=\"d3legendary\">Pauldrons of the Skeleton King<\/span><\/h4>\n\n\n\n<p>Legend\u00e4rer Schulterschutz mit folgender legend\u00e4ren Eigenschaft:<\/p>\n\n\n\n<ul class=\"wp-block-list\"><li>Sekund\u00e4r:<br><span class=\"d3legendary\">Wenn Ihr t\u00f6dlichen Schaden erleidet, besteht eine Chance, dass Ihr um 25% Eures maximalen Lebens geheilt werdet und Gegner in der N\u00e4he von Furcht erf\u00fcllt fliehen<\/span>.<\/li><\/ul>\n\n\n\n<hr class=\"wp-block-separator\"\/>\n\n\n\n<h4 class=\"wp-block-heading\"><a href=\"https:\/\/eu.diablo3.com\/de-de\/item\/ring-of-royal-grandeur-Unique_Ring_107_x1\"><span class=\"d3legendary\">Ring des k\u00f6niglichen Prunks<\/span><\/a> \/ <span class=\"d3legendary\">Ring of Royal Grandeur<\/span><\/h4>\n\n\n\n<p>Legend\u00e4rer Ring mit folgender legend\u00e4ren Eigenschaft:<\/p>\n\n\n\n<ul class=\"wp-block-list\"><li>Sekund\u00e4r:<br><span class=\"d3legendary\">Reduziert die Anzahl der f\u00fcr Setboni ben\u00f6tigten Gegenst\u00e4nde um 1 (auf ein Minimum von 2)<\/span><\/li><\/ul>\n\n\n\n<hr class=\"wp-block-separator\"\/>\n\n\n\n<h4 class=\"wp-block-heading\"><a href=\"https:\/\/eu.diablo3.com\/de-de\/item\/sanguinary-vambraces-Unique_Bracer_105_x1\"><span class=\"d3legendary\">Blutr\u00fcnstige Unterarmschienen<\/span><\/a> \/ <span class=\"d3legendary\">Sanguinary Vambraces<\/span><\/h4>\n\n\n\n<p>Legend\u00e4re Armschienen mit folgender legend\u00e4ren Eigenschaft:<\/p>\n\n\n\n<ul class=\"wp-block-list\"><li>Sekund\u00e4r:<br><span class=\"d3legendary\">Wenn Ihr getroffen werdet, besteht eine Chance, dass Ihr Gegnern in der N\u00e4he 1.000% Eures Dornenschadens zuf\u00fcgt<\/span><\/li><\/ul>\n\n\n\n<hr class=\"wp-block-separator\"\/>\n\n\n\n<h3 class=\"wp-block-heading\">Akt II<\/h3>\n\n\n\n<h4 class=\"wp-block-heading\"><a href=\"https:\/\/eu.diablo3.com\/de-de\/item\/cloak-of-deception-Unique_Cloak_102_x1\"><span class=\"d3legendary\">Umhang der T\u00e4uschung<\/span><\/a> \/ <span class=\"d3legendary\">Cloak of Deception<\/span><\/h4>\n\n\n\n<p>Legend\u00e4rer Umhang mit folgender legend\u00e4ren Eigenschaft:<\/p>\n\n\n\n<ul class=\"wp-block-list\"><li>Sekund\u00e4r:<br><span class=\"d3legendary\">Gegnerische Geschosse fliegen manchmal harmlos durch Euch hindurch<\/span> <\/li><\/ul>\n\n\n\n<hr class=\"wp-block-separator\"\/>\n\n\n\n<h4 class=\"wp-block-heading\"><a href=\"https:\/\/eu.diablo3.com\/de-de\/item\/covens-criterion-Unique_Shield_107_x1\"><span class=\"d3legendary\">Ma\u00df des Zirkels<\/span><\/a> \/ <span class=\"d3legendary\">Coven\u2019s Criterion<\/span><\/h4>\n\n\n\n<p>Legend\u00e4rer Schild mit folgender legend\u00e4ren Eigenschaft:<\/p>\n\n\n\n<ul class=\"wp-block-list\"><li>Sekund\u00e4r:<br><span class=\"d3legendary\">Ihr erleidet 45\u201360% weniger Schaden von geblockten Angriffen<\/span><\/li><\/ul>\n\n\n\n<hr class=\"wp-block-separator\"\/>\n\n\n\n<h4 class=\"wp-block-heading\"><a href=\"https:\/\/eu.diablo3.com\/de-de\/item\/gloves-of-worship-Unique_Gloves_103_x1\"><span class=\"d3legendary\">Handschuhe der Huldigung<\/span><\/a> \/ <span class=\"d3legendary\">Gloves of Worship<\/span><\/h4>\n\n\n\n<p>Legend\u00e4re Handschuhe mit folgender legend\u00e4ren Eigenschaft:<\/p>\n\n\n\n<ul class=\"wp-block-list\"><li>Sekund\u00e4r:<br><span class=\"d3legendary\">Schreineffekte halten 10 Minuten an<\/span><\/li><\/ul>\n\n\n\n<hr class=\"wp-block-separator\"\/>\n\n\n\n<h4 class=\"wp-block-heading\"><a href=\"https:\/\/eu.diablo3.com\/de-de\/item\/illusory-boots-Unique_Boots_103_x1\"><span class=\"d3legendary\">Illusorische Stiefel<\/span><\/a> \/ <span class=\"d3legendary\">Illusory Boots<\/span><\/h4>\n\n\n\n<p>Legend\u00e4re Stiefel mit folgender legend\u00e4ren Eigenschaft:<\/p>\n\n\n\n<ul class=\"wp-block-list\"><li>Sekund\u00e4r:<br><span class=\"d3legendary\">Gestattet es, Euch ungehindert durch Gegner zu bewegen<\/span> <\/li><\/ul>\n\n\n\n<hr class=\"wp-block-separator\"\/>\n\n\n\n<h3 class=\"wp-block-heading\">Akt III<\/h3>\n\n\n\n<h4 class=\"wp-block-heading\"><a href=\"https:\/\/eu.diablo3.com\/de-de\/item\/avarice-band-Unique_Ring_108_x1\"><span class=\"d3legendary\">Band der Habgier<\/span><\/a> \/ <span class=\"d3legendary\">Avarice Band<\/span><\/h4>\n\n\n\n<p>Legend\u00e4rer Ring mit folgender legend\u00e4ren Eigenschaft:<\/p>\n\n\n\n<ul class=\"wp-block-list\"><li>Sekund\u00e4r:<br><span class=\"d3legendary\">Jedes Mal, wenn Ihr Gold aufsammelt, wird Euer Gold- und Kugelsammelradius f\u00fcr 10 Sek. um 1 Meter erh\u00f6ht. Bis zu 30-mal stapelbar<\/span><\/li><\/ul>\n\n\n\n<hr class=\"wp-block-separator\"\/>\n\n\n\n<h4 class=\"wp-block-heading\"><a href=\"https:\/\/eu.diablo3.com\/de-de\/item\/boots-of-disregard-Unique_Boots_102_x1\"><span class=\"d3legendary\">Stiefel der Missachtung<\/span><\/a> \/ <span class=\"d3legendary\">Boots of Disregard<\/span><\/h4>\n\n\n\n<p>Legend\u00e4re Stiefel mit folgender legend\u00e4ren Eigenschaft:<\/p>\n\n\n\n<ul class=\"wp-block-list\"><li>Sekund\u00e4r:<br><span class=\"d3legendary\">Erhaltet f\u00fcr jede Sekunde, die Ihr stillsteht, zus\u00e4tzlich 500 Lebensregeneration pro Sekunde. Dieser Effekt ist bis zu 8-mal stapelbar<\/span> <\/li><\/ul>\n\n\n\n<hr class=\"wp-block-separator\"\/>\n\n\n\n<h4 class=\"wp-block-heading\"><a href=\"https:\/\/eu.diablo3.com\/de-de\/item\/burst-of-wrath-Unique_Axe_2H_103_x1\"><span class=\"d3legendary\">Ausbruch des Zorns<\/span><\/a> \/ <span class=\"d3legendary\">Burst of Wrath<\/span><\/h4>\n\n\n\n<p>Legend\u00e4re Zweihandaxt mit folgender legend\u00e4ren Eigenschaft:<\/p>\n\n\n\n<ul class=\"wp-block-list\"><li>Sekund\u00e4r:<br><span class=\"d3legendary\">Das T\u00f6ten von Gegnern und Zerst\u00f6ren von Objekten hat eine Chance, Euch 20% Eurer maximalen Prim\u00e4rressource zu gew\u00e4hren<\/span> <\/li><\/ul>\n\n\n\n<hr class=\"wp-block-separator\"\/>\n\n\n\n<h4 class=\"wp-block-heading\"><a href=\"https:\/\/eu.diablo3.com\/de-de\/item\/envious-blade-Unique_Dagger_103_x1\"><span class=\"d3legendary\">Klinge des Neids<\/span><\/a> \/ <span class=\"d3legendary\">Envious Blade<\/span><\/h4>\n\n\n\n<p>Legend\u00e4rer Dolch mit folgender legend\u00e4ren Eigenschaft:<\/p>\n\n\n\n<ul class=\"wp-block-list\"><li>Sekund\u00e4r:<br><span class=\"d3legendary\">Eure kritische Trefferchance gegen Gegner mit vollem Leben betr\u00e4gt 100%<\/span> <\/li><\/ul>\n\n\n\n<hr class=\"wp-block-separator\"\/>\n\n\n\n<h4 class=\"wp-block-heading\"><a href=\"https:\/\/eu.diablo3.com\/de-de\/item\/insatiable-belt-Unique_Belt_103_x1\"><span class=\"d3legendary\">G\u00fcrtel der Uners\u00e4ttlichkeit<\/span><\/a> \/ <span class=\"d3legendary\">Insatiable Belt<\/span><\/h4>\n\n\n\n<p>Legend\u00e4rer G\u00fcrtel mit folgender legend\u00e4ren Eigenschaft:<\/p>\n\n\n\n<ul class=\"wp-block-list\"><li>Sekund\u00e4r:<br><span class=\"d3legendary\">Das Aufsammeln einer Heilkugel erh\u00f6ht Euer maximales Leben 15 Sek. lang um 5%. Bis zu 5-mal stapelbar<\/span> <\/li><\/ul>\n\n\n\n<hr class=\"wp-block-separator\"\/>\n\n\n\n<h4 class=\"wp-block-heading\"><a href=\"https:\/\/eu.diablo3.com\/de-de\/item\/overwhelming-desire-Unique_Amulet_106_x1\"><span class=\"d3legendary\">\u00dcberw\u00e4ltigendes Verlangen<\/span><\/a> \/ <span class=\"d3legendary\">Overwhelming Desire<\/span><\/h4>\n\n\n\n<p>Legend\u00e4res Amulett mit folgender legend\u00e4ren Eigenschaft:<\/p>\n\n\n\n<ul class=\"wp-block-list\"><li>Sekund\u00e4r:<br><span class=\"d3legendary\">Jeder Treffer gew\u00e4hrt eine Chance, den Gegner zu bet\u00f6ren. Bet\u00f6rte Gegner erleiden 35% mehr Schaden<\/span><\/li><\/ul>\n\n\n\n<hr class=\"wp-block-separator\"\/>\n\n\n\n<h4 class=\"wp-block-heading\"><a href=\"https:\/\/eu.diablo3.com\/de-de\/item\/prides-fall-Unique_Helm_103_x1\"><span class=\"d3legendary\">Fall des Hochmuts<\/span><\/a> \/ <span class=\"d3legendary\">Pride&#8217;s Fall<\/span><\/h4>\n\n\n\n<p>Legend\u00e4rer Kopfschutz mit folgender legend\u00e4ren Eigenschaft:<\/p>\n\n\n\n<ul class=\"wp-block-list\"><li>Sekund\u00e4r:<br><span class=\"d3legendary\">Wenn Ihr 5 Sek. lang keinen Schaden erleidet, werden Eure Ressourcenkosten um 30% reduziert<\/span> <\/li><\/ul>\n\n\n\n<hr class=\"wp-block-separator\"\/>\n\n\n\n<h3 class=\"wp-block-heading\">Akt IV<\/h3>\n\n\n\n<p>In diesem Akt k\u00f6nnen die Legendarys aus allen 4 anderen Akten fallen.<\/p>\n\n\n\n<hr class=\"wp-block-separator\"\/>\n\n\n\n<h3 class=\"wp-block-heading\">Akt V<\/h3>\n\n\n\n<h4 class=\"wp-block-heading\"><a href=\"https:\/\/eu.diablo3.com\/de-de\/item\/deaths-bargain-Unique_Pants_102_x1\"><span class=\"d3legendary\">Todeshandel<\/span><\/a> \/ <span class=\"d3legendary\">Death&#8217;s Bargain<\/span><\/h4>\n\n\n\n<p>Legend\u00e4rer Beinschutz mit folgender legend\u00e4ren Eigenschaft:<\/p>\n\n\n\n<ul class=\"wp-block-list\"><li>Sekund\u00e4r:<br><span class=\"d3legendary\">Erhaltet eine Todesaura, die Gegnern im Umkreis von 16 Metern physischen Schaden zuf\u00fcgt, der 750\u20131000% Eures Lebens pro Sekunde entspricht. Ihr regeneriert kein Leben mehr<\/span><\/li><\/ul>\n\n\n\n<hr class=\"wp-block-separator\"\/>\n\n\n\n<h4 class=\"wp-block-heading\"><a href=\"https:\/\/eu.diablo3.com\/de-de\/item\/helltrapper-Unique_HandXBow_102_x1\"><span class=\"d3legendary\">H\u00f6llenj\u00e4ger<\/span><\/a> \/ <span class=\"d3legendary\">Helltrapper<\/span><\/h4>\n\n\n\n<p>Legend\u00e4re Handarmbrust mit folgender legend\u00e4ren Eigenschaft:<\/p>\n\n\n\n<ul class=\"wp-block-list\"><li>Sekund\u00e4r:<br><span class=\"d3legendary\">Ihr habt eine Chance von 7\u201310%, bei einem Treffer &#8218;Stachelfalle&#8216;, &#8218;Kr\u00e4henf\u00fc\u00dfe&#8216; oder &#8218;Gesch\u00fctzturm&#8216; auszul\u00f6sen<\/span> <\/li><\/ul>\n\n\n\n<hr class=\"wp-block-separator\"\/>\n\n\n\n<h4 class=\"wp-block-heading\"><a href=\"https:\/\/eu.diablo3.com\/de-de\/item\/pandemonium-loop-Unique_Ring_109_x1\"><span class=\"d3legendary\">Reif des Wahnsinns<\/span><\/a> \/ <span class=\"d3legendary\">Pandemonium Loop<\/span><\/h4>\n\n\n\n<p>Legend\u00e4rer Ring mit folgender legend\u00e4ren Eigenschaft:<\/p>\n\n\n\n<ul class=\"wp-block-list\"><li>Sekund\u00e4r:<br>10,0\u201315,0% Chance pro Treffer, Gegner mit Furcht zu erf\u00fcllen<br><span class=\"d3legendary\">Gegner, die get\u00f6tet werden, w\u00e4hrend sie von Furcht ergriffen sind, sterben in einer blutigen Explosion und lassen Gegner in der N\u00e4he vor Furcht fliehen<\/span> <\/li><\/ul>\n\n\n\n<hr class=\"wp-block-separator\"\/>\n\n\n\n<h4 class=\"wp-block-heading\"><a href=\"https:\/\/eu.diablo3.com\/de-de\/item\/salvation-Unique_CruShield_108_x1\"><span class=\"d3legendary\">Erl\u00f6sung<\/span><\/a> \/ <span class=\"d3legendary\">Salvation<\/span><\/h4>\n\n\n\n<p>Legend\u00e4rer Kreuzritterschild mit folgender legend\u00e4ren Eigenschaft:<\/p>\n\n\n\n<ul class=\"wp-block-list\"><li>Sekund\u00e4r:<br>Wenn Ihr einen Angriff blockt, werdet Ihr und Eure Verb\u00fcndeten um 20\u201330% des geblockten Betrags geheilt<\/li><\/ul>\n\n\n\n<hr class=\"wp-block-separator\"\/>\n\n\n\n<h4 class=\"wp-block-heading\"><a href=\"https:\/\/eu.diablo3.com\/de-de\/item\/soulsmasher-Unique_Mace_2H_104_x1\"><span class=\"d3legendary\">Seelenberster<\/span><\/a> \/ <span class=\"d3legendary\">Soulsmasher<\/span><\/h4>\n\n\n\n<p>Legend\u00e4rer Zweihandstreitkolben mit folgender legend\u00e4ren Eigenschaft:<\/p>\n\n\n\n<ul class=\"wp-block-list\"><li>Sekund\u00e4r:<br><span class=\"d3legendary\">Wenn Ihr einen Gegner t\u00f6tet, explodiert er und f\u00fcgt allen Gegnern im Umkreis von 20 Metern 450\u2013600% Eures Lebens pro get\u00f6tetem Gegner als Schaden zu. Ihr erhaltet kein Leben pro get\u00f6tetem Gegner mehr<\/span> <\/li><\/ul>\n\n\n\n<div class=\"wp-block-group\"><div class=\"wp-block-group__inner-container is-layout-flow wp-block-group-is-layout-flow\">\n<hr class=\"wp-block-separator\"\/>\n<\/div><\/div>\n\n\n\n<hr class=\"wp-block-separator\"\/>\n\n\n\n<p><a name=\"Dropraten\"><\/a><\/p>\n\n\n\n<h3 class=\"wp-block-heading\">Dropraten<\/h3>\n\n\n\n<p>Aus den W\u00fcrfeln droppen -je nach abgeschlossenem Akt- folgende Materialien, die zum Craften in Kanais W\u00fcrfel oder zur Herstellung von Gegenst\u00e4nden beim Schmied verwendet werden k\u00f6nnen:<\/p>\n\n\n\n<figure class=\"wp-block-table\"><table><tbody><tr><td>Akt I<\/td><td>Rune aus Khanduras <img decoding=\"async\" src=\"https:\/\/planetdiablo.eu\/de\/wp-content\/uploads\/2017\/03\/Rune-aus-Khanduras.png\" alt=\"\"><\/td><\/tr><tr><td>Akt II<\/td><td>Nachtschatten aus Caldeum <img loading=\"lazy\" decoding=\"async\" width=\"64\" height=\"64\" src=\"https:\/\/planetdiablo.eu\/de\/wp-content\/uploads\/2017\/03\/Nachtschatten-aus-Caldeum.png\" alt=\"\" class=\"wp-image-577469\"><\/td><\/tr><tr><td>Akt III<\/td><td>Wandteppich aus Arreat <img loading=\"lazy\" decoding=\"async\" width=\"64\" height=\"64\" src=\"https:\/\/planetdiablo.eu\/de\/wp-content\/uploads\/2017\/03\/Wandteppich-aus-Arreat.png\" alt=\"\" class=\"wp-image-577475\"><\/td><\/tr><tr><td>Akt IV<\/td><td>Verderbtes Engelsfleisch <img loading=\"lazy\" decoding=\"async\" width=\"64\" height=\"64\" src=\"https:\/\/planetdiablo.eu\/de\/wp-content\/uploads\/2017\/03\/Verderbtes-Engelsfleisch.png\" alt=\"\" class=\"wp-image-577474\"><\/td><\/tr><tr><td>Akt V<\/td><td>Heiliges Wasser aus Westmark <img loading=\"lazy\" decoding=\"async\" width=\"64\" height=\"64\" src=\"https:\/\/planetdiablo.eu\/de\/wp-content\/uploads\/2017\/03\/Heiliges-Wasser-aus-Westmark.png\" alt=\"\" class=\"wp-image-577468\"><\/td><\/tr><\/tbody><\/table><\/figure>\n\n\n\n<p>Die Anzahl der Materialien richtet sich nach dem Schwierigkeitsgrad, auf dem der W\u00fcrfel bei Tyrael abgeholt wird. Folgende Mengen k\u00f6nnt ihr aus einem W\u00fcrfel erhalten:<\/p>\n\n\n\n<figure class=\"wp-block-table\"><table><tbody><tr><td><strong>Schwierigkeitsgrad<\/strong><\/td><td><strong>Anzahl Mats<\/strong><\/td><\/tr><tr><td>Normal \u2013 Meister<\/td><td>3<\/td><\/tr><tr><td>Qual 1 \u2013 Qual 6<\/td><td>6<\/td><\/tr><tr><td>Qual 7 \u2013 Qual 9<\/td><td>8<\/td><\/tr><tr><td>Qual 10<\/td><td>10<\/td><\/tr><tr><td>Qual 11<\/td><td>12<\/td><\/tr><tr><td>Qual 12<\/td><td>14<\/td><\/tr><tr><td>Qual 13<\/td><td>16<\/td><\/tr><tr><td>Qual 14<\/td><td>18<\/td><\/tr><tr><td>Qual 15<\/td><td>20<\/td><\/tr><tr><td>Qual 16<\/td><td>22<\/td><\/tr><\/tbody><\/table><\/figure>\n\n\n\n<p>Auch auf die Anzahl an Legendaries, die aus dem W\u00fcrfel kommen, hat der Schwierigkeitsgrad einen Einfluss:<\/p>\n\n\n\n<figure class=\"wp-block-table\"><table><tbody><tr><td>Normal \u2013 Qual 1<\/td><td>10%<\/td><\/tr><tr><td>Qual 2<\/td><td>50%<\/td><\/tr><tr><td>Qual 3<\/td><td>60%<\/td><\/tr><tr><td>Qual 4<\/td><td>75%<\/td><\/tr><tr><td>Qual 5<\/td><td>90%<\/td><\/tr><tr><td>Qual 6<\/td><td>100%<\/td><\/tr><tr><td>Qual 7<\/td><td>1 + 5%<\/td><\/tr><tr><td>Qual 8<\/td><td>1 + 15%<\/td><\/tr><tr><td>Qual 9<\/td><td>1 + 25%<\/td><\/tr><tr><td>Qual 10<\/td><td>1 + 50%<\/td><\/tr><tr><td>Qual 11<\/td><td>1 + 65%<\/td><\/tr><tr><td>Qual 12<\/td><td>1 + 80%<\/td><\/tr><tr><td>Qual 13<\/td><td>2<\/td><\/tr><tr><td>Qual 14<\/td><td>2 + 25%<\/td><\/tr><tr><td>Qual 15<\/td><td>2 + 50%<\/td><\/tr><tr><td>Qual 16<\/td><td>2 + 80%<\/td><\/tr><\/tbody><\/table><\/figure>\n\n\n\n<hr class=\"wp-block-separator\"\/>\n\n\n\n<p><a name=\"Sonstiges\"><\/a><\/p>\n\n\n\n<h3 class=\"wp-block-heading\">Sonstiges<\/h3>\n\n\n\n<p>Die Werte der Attribute k\u00f6nnen mit dem Level des Gegenstandes skalieren, ein Level 70 Held wird also andere Werte erhalten als ein Held mit niedrigerem Level.<\/p>\n\n\n\n<p>Auf welchem Schwierigkeitsgrad das W\u00fcrfelchen ge\u00f6ffnet wird hat auf die Beute keinen Einfluss, ebenso der Schwierigkeitsgrad zum Zeitpunkt des Erhaltens.<br>Folgende Varianten (hier extrem und exemplarisch dargestellt) sind bei den W\u00fcrfelchen m\u00f6glich:<\/p>\n\n\n\n<ol class=\"wp-block-list\"><li>Lvl1-Char ergattert ein W\u00fcrfelchen <ul><li>Lvl1-Barbar \u00f6ffnet das W\u00fcrfelchen &#8211;&gt; Gegenst\u00e4nde sind Lvl1, Smartloot f\u00fcr Barbar<\/li><li>Lvl70-D\u00e4monenj\u00e4ger \u00f6ffnet das W\u00fcrfelchen &#8211;&gt; Gegenst\u00e4nde sind Lvl1, Smartloot f\u00fcr D\u00e4monenj\u00e4ger <\/li><\/ul><\/li><li>Lvl70-Char ergattert ein W\u00fcrfelchen <ul><li>Lvl1-Barbar \u00f6ffnet das W\u00fcrfelchen &#8211;&gt; Gegenst\u00e4nde sind Lvl70; Smartloot f\u00fcr Barbar<\/li><li>Lvl70-D\u00e4monenj\u00e4ger \u00f6ffnet das W\u00fcrfelchen &#8211;&gt; Gegenst\u00e4nde sind Lvl70; Smartloot f\u00fcr D\u00e4monenj\u00e4ger <\/li><\/ul><\/li><\/ol>\n\n\n\n<p>Viel Gl\u00fcck bei der Jagd nach diesen Dingern!<\/p>\n\n\n\n<div class=\"wp-block-image\"><figure class=\"aligncenter\"><img loading=\"lazy\" decoding=\"async\" width=\"473\" height=\"302\" src=\"https:\/\/planetdiablo.eu\/wp-content\/uploads\/2014\/04\/Horadrisches_Wuerfelchen.jpg\" alt=\"Horadrische W\u00fcrfelchen\" class=\"wp-image-555266\"\/><\/figure><\/div>\n\n\n\n<p><em>Falls Ihr weitere Tipps zu den W\u00fcrfelchen habt lasst es uns im Forum wissen.<\/em><\/p>\n\n\n\n<p><em>Stand: 04\/2021<\/em><\/p>\n","protected":false},"excerpt":{"rendered":"<p>Als Belohnung f\u00fcr das Abschlie\u00dfen aller Kopfgelder eines Aktes erh\u00e4lt man von Tyrael in der Stadt Horadrische W\u00fcrfelchen (Horadric Cache). Mit einem Rechtsklick auf das horadrische W\u00fcrfelchen \u00f6ffnet sich dieses und der Inhalt f\u00e4llt auf den Boden. Dieser besteht haupts\u00e4chlich aus Handwerksmaterialien, Edelsteinen, Blutsplittern, seltenen Gegenst\u00e4nden und -wenn man Gl\u00fcck hat- einem Legendary. Die Stufe&hellip; <a class=\"more-link\" href=\"https:\/\/planetdiablo.eu\/de\/diablo-3\/guides\/horadrische-wuerfelchen\/\"><span class=\"screen-reader-text\">Diablo 3: Horadrische W\u00fcrfelchen und deren Legendarys<\/span> weiterlesen<\/a><\/p>\n","protected":false},"author":847,"featured_media":573364,"parent":519808,"menu_order":21,"comment_status":"closed","ping_status":"open","template":"","meta":{"footnotes":""},"class_list":["post-555113","page","type-page","status-publish","has-post-thumbnail","hentry","entry"],"_links":{"self":[{"href":"https:\/\/planetdiablo.eu\/de\/wp-json\/wp\/v2\/pages\/555113","targetHints":{"allow":["GET"]}}],"collection":[{"href":"https:\/\/planetdiablo.eu\/de\/wp-json\/wp\/v2\/pages"}],"about":[{"href":"https:\/\/planetdiablo.eu\/de\/wp-json\/wp\/v2\/types\/page"}],"author":[{"embeddable":true,"href":"https:\/\/planetdiablo.eu\/de\/wp-json\/wp\/v2\/users\/847"}],"replies":[{"embeddable":true,"href":"https:\/\/planetdiablo.eu\/de\/wp-json\/wp\/v2\/comments?post=555113"}],"version-history":[{"count":3,"href":"https:\/\/planetdiablo.eu\/de\/wp-json\/wp\/v2\/pages\/555113\/revisions"}],"predecessor-version":[{"id":582564,"href":"https:\/\/planetdiablo.eu\/de\/wp-json\/wp\/v2\/pages\/555113\/revisions\/582564"}],"up":[{"embeddable":true,"href":"https:\/\/planetdiablo.eu\/de\/wp-json\/wp\/v2\/pages\/519808"}],"wp:featuredmedia":[{"embeddable":true,"href":"https:\/\/planetdiablo.eu\/de\/wp-json\/wp\/v2\/media\/573364"}],"wp:attachment":[{"href":"https:\/\/planetdiablo.eu\/de\/wp-json\/wp\/v2\/media?parent=555113"}],"curies":[{"name":"wp","href":"https:\/\/api.w.org\/{rel}","templated":true}]}}