{"id":557384,"date":"2014-06-22T22:53:00","date_gmt":"2014-06-22T20:53:00","guid":{"rendered":"http:\/\/diablo3.ingame.de\/?page_id=557384"},"modified":"2023-02-23T18:36:06","modified_gmt":"2023-02-23T16:36:06","slug":"tips","status":"publish","type":"page","link":"https:\/\/planetdiablo.eu\/de\/diablo-2\/tips\/","title":{"rendered":"Diablo 2 &#8211; Tipps &amp; Tricks"},"content":{"rendered":"<p>Die Tipps &amp; Tricks Sektion gibt euch einen \u00dcberblick \u00fcber Charakterguides, Calculatoren und einige andere hilfreiche Dinge, die das Spiel Diablo 2 betreffen.<\/p>\n<ul>\n<li><a href=\"\/diablo-2\/guides\/\">Die Charakterguides<\/a><\/li>\n<\/ul>\n<p>Hier erfahrt ihr alles \u00fcber die Charaktere und deren Varianten in der Welt von Diablo 2.<br \/>\nEs wird genau auf die Skillung, die Verteilung der Statuspunkte und die Ausr\u00fcstung der Charaktere eingegangen.<\/p>\n<ul>\n<li><a href=\"\/diablo-2\/calculatoren\/\">Die Calculatoren<\/a><\/li>\n<\/ul>\n<p>Ihr wolltet schon immer wissen, wie viel Schaden eine F\u00e4higkeit auf einem bestimmten Level macht? Oder wie viel Geschick ihr mit eurem Schild auf einem bestimmten Level f\u00fcr Maxblock braucht? F\u00fcr die h\u00e4ufigsten Fragen haben wir hier Calculatoren zusammengestellt, die euch helfen, bestimmte Werte auszurechnen.<\/p>\n<ul>\n<li><a href=\"\/diablo-2\/tips\/exp-guide-lod\/\">Der Erfahrungsguide<\/a><\/li>\n<\/ul>\n<p>Wie erreicht man am schnellsten das n\u00e4chste Charakterlevel? Wo bekommt man am meisten Erfahrung? Wie wirkt sich die Spieleranzahl auf die Erfahrung aus? Diese Fragen werden hier gekl\u00e4rt.<\/p>\n<ul>\n<li><a href=\"\/diablo-2\/tips\/gluecksspiel\/\">Das Gl\u00fccksspiel<\/a><\/li>\n<\/ul>\n<p>Hier wird gekl\u00e4rt, was man beim Gl\u00fccksspiel beachten muss, um m\u00f6glichst gute Gegenst\u00e4nde zu erhalten.<\/p>\n<ul>\n<li><a href=\"\/diablo-2\/tips\/imbue\/\">Das Verzaubern<\/a><\/li>\n<\/ul>\n<p>In diesem Guide wird erkl\u00e4rt, was man beim Verzaubern bei Charsi beachten muss, um gute Ergebnisse zu erzielen.<\/p>\n<ul>\n<li><a href=\"\/diablo-2\/tips\/crafted\/\">Das Crafting<\/a><\/li>\n<\/ul>\n<p>Hier erfahrt ihr, wie ihr mit dem Horadrimw\u00fcrfel aus Runen und Edelsteinen Gegenst\u00e4nde herstellt, die ihr sonst nirgendwo im Spiel findet.<\/p>\n<ul>\n<li><a href=\"\/diablo-2\/tips\/sicherheit\/\">Accountsicherheit<\/a><\/li>\n<\/ul>\n<p>Was sollte man tun, damit der Diablo 2 Battle.net-Account nicht &#8222;gehackt&#8220; wird? Diese Zusammenfassung bringt euch die wichtigsten Ma\u00dfnahmen nahe.<\/p>\n<ul>\n<li><a href=\"\/diablo-2\/tips\/modenschau\/\">Modenschau<\/a> (D2 legacy)<\/li>\n<\/ul>\n<p>Du willst stylish spielen? Einen Charakter erstellen der gut aussieht ? Aber weisst nicht wie?<br \/>\nDiese Seite soll kleine Anregungen bei der Auswahl der Items geben.<\/p>\n","protected":false},"excerpt":{"rendered":"<p>Die Tipps &amp; Tricks Sektion gibt euch einen \u00dcberblick \u00fcber Charakterguides, Calculatoren und einige andere hilfreiche Dinge, die das Spiel Diablo 2 betreffen. Die Charakterguides Hier erfahrt ihr alles \u00fcber die Charaktere und deren Varianten in der Welt von Diablo 2. Es wird genau auf die Skillung, die Verteilung der Statuspunkte und die Ausr\u00fcstung der&hellip; <a class=\"more-link\" href=\"https:\/\/planetdiablo.eu\/de\/diablo-2\/tips\/\"><span class=\"screen-reader-text\">Diablo 2 &#8211; Tipps &amp; Tricks<\/span> weiterlesen<\/a><\/p>\n","protected":false},"author":748,"featured_media":570906,"parent":71,"menu_order":35,"comment_status":"closed","ping_status":"open","template":"","meta":{"footnotes":""},"class_list":["post-557384","page","type-page","status-publish","has-post-thumbnail","hentry","entry"],"_links":{"self":[{"href":"https:\/\/planetdiablo.eu\/de\/wp-json\/wp\/v2\/pages\/557384","targetHints":{"allow":["GET"]}}],"collection":[{"href":"https:\/\/planetdiablo.eu\/de\/wp-json\/wp\/v2\/pages"}],"about":[{"href":"https:\/\/planetdiablo.eu\/de\/wp-json\/wp\/v2\/types\/page"}],"author":[{"embeddable":true,"href":"https:\/\/planetdiablo.eu\/de\/wp-json\/wp\/v2\/users\/748"}],"replies":[{"embeddable":true,"href":"https:\/\/planetdiablo.eu\/de\/wp-json\/wp\/v2\/comments?post=557384"}],"version-history":[{"count":2,"href":"https:\/\/planetdiablo.eu\/de\/wp-json\/wp\/v2\/pages\/557384\/revisions"}],"predecessor-version":[{"id":586650,"href":"https:\/\/planetdiablo.eu\/de\/wp-json\/wp\/v2\/pages\/557384\/revisions\/586650"}],"up":[{"embeddable":true,"href":"https:\/\/planetdiablo.eu\/de\/wp-json\/wp\/v2\/pages\/71"}],"wp:featuredmedia":[{"embeddable":true,"href":"https:\/\/planetdiablo.eu\/de\/wp-json\/wp\/v2\/media\/570906"}],"wp:attachment":[{"href":"https:\/\/planetdiablo.eu\/de\/wp-json\/wp\/v2\/media?parent=557384"}],"curies":[{"name":"wp","href":"https:\/\/api.w.org\/{rel}","templated":true}]}}