{"id":557444,"date":"2014-06-23T00:30:45","date_gmt":"2014-06-22T22:30:45","guid":{"rendered":"http:\/\/diablo3.ingame.de\/?page_id=557444"},"modified":"2021-07-30T10:30:47","modified_gmt":"2021-07-30T08:30:47","slug":"zauberer-110","status":"publish","type":"page","link":"https:\/\/planetdiablo.eu\/de\/diablo-2\/tips\/crafted\/zauberer-110\/","title":{"rendered":"Diablo 2 &#8211; Zauberer-Rezepte"},"content":{"rendered":"<p>Zaubererrezepte sind speziell n\u00fctzlich f\u00fcr (wer h\u00e4tte das gedacht)<br \/>\nZauberinnen. S\u00e4mtliche Attribute sind auf effizienteres Zaubern ausgelegt,<br \/>\nso dass man hier Eigenschaften findet wie eine schnellere Manaregeneration,<br \/>\nerh\u00f6htes Mana und etwas seltener auch erh\u00f6hte Zaubergeschwindigkeit<br \/>\noder +Mana nach Volltreffer.<\/p>\n<p>Zus\u00e4tzlich zu den aufgelisteten Eigenschaften hat der entstehende Gegenstand auch noch zuf\u00e4llige F\u00e4higkeiten, wie z.B. auch seltene Items. Auf Stiefeln k\u00f6nnen also auch noch Widerst\u00e4nde-, oder auf einem Amulett Fertigkeitsboni enthalten sein&#8230; Alle m\u00f6glichen Eigenschaften k\u00f6nnen <a href=\"\/diablo2\/itemdb\/affix_index.php\" target=\"_blank\" rel=\"noopener\">hier<\/a> nachgelesen werden.<\/p>\n<p>Die Grunditems m\u00fcssen immer magisch sein, normale oder rares gehen nicht.<br \/>\nIn den Rezepten k\u00f6nnen statt einem normalen Gegenstand auch die entsprechenden<br \/>\nExceptionals oder Elites genommen werden (etwa statt einem Hohen Schild eine<br \/>\nPavese oder Aegis).<\/p>\n<hr>\n<table>\n<tbody>\n<tr>\n<th>Gegenstand<\/th>\n<th>Zutaten<\/th>\n<th>Eigenschaften<\/th>\n<\/tr>\n<tr>\n<td><img loading=\"lazy\" decoding=\"async\" src=\"\/wp-content\/uploads\/2014\/06\/INVMSK.gif\" alt=\"Zauberer-Helm\" width=\"56\" height=\"56\"><\/td>\n<td><a href=\"\/diablo2\/itemdb\/base_display.php?type=helm&amp;quality=1\" target=\"_blank\" rel=\"noopener\">Maske<\/a>, <a href=\"\/diablo2\/itemdb\/base_display.php?type=helm&amp;quality=2\" target=\"_blank\" rel=\"noopener\">Totenmaske<\/a> oder <a href=\"\/diablo2\/itemdb\/base_display.php?type=helm&amp;quality=3\" target=\"_blank\" rel=\"noopener\">D\u00e4monensch\u00e4del<\/a><br \/>\n+ Nef-Rune<br \/>\n+ Juwel<br \/>\n+ Perfekter Amethyst<\/td>\n<td>+4-10% Manaregeneration<br \/>\n+10-20 zu Mana<br \/>\n1-4% Manaabsaugung<br \/>\n+ 1-4 zuf\u00e4llige Eigenschaften aus <a href=\"\/diablo2\/itemdb\/affix_index.php\" target=\"_blank\" rel=\"noopener\">diesen Listen<\/a><\/td>\n<\/tr>\n<tr>\n<td><img loading=\"lazy\" decoding=\"async\" src=\"\/wp-content\/uploads\/2014\/06\/INVLBT.gif\" alt=\"Zauberer-Stiefel\" width=\"56\" height=\"56\"><\/td>\n<td><a href=\"\/diablo2\/itemdb\/base_display.php?type=boot&amp;quality=1\" target=\"_blank\" rel=\"noopener\">Stiefel<\/a>, <a href=\"\/diablo2\/itemdb\/base_display.php?type=boot&amp;quality=2\" target=\"_blank\" rel=\"noopener\">D\u00e4monenlederstiefel<\/a> oder <a href=\"\/diablo2\/itemdb\/base_display.php?type=boot&amp;quality=3\" target=\"_blank\" rel=\"noopener\">Wyrmleder-Stiefel<\/a><br \/>\n+ Thul-Rune<br \/>\n+ Juwel<br \/>\n+ Perfekter Amethyst<\/td>\n<td>+4-10% Manaregeneration<br \/>\n+10-20 zu Mana<br \/>\n+2-5% zu Mana<br \/>\n+ 1-4 zuf\u00e4llige Eigenschaften aus <a href=\"\/diablo2\/itemdb\/affix_index.php\" target=\"_blank\" rel=\"noopener\">diesen Listen<\/a><\/td>\n<\/tr>\n<tr>\n<td><img loading=\"lazy\" decoding=\"async\" src=\"\/wp-content\/uploads\/2014\/06\/INVLGL.gif\" alt=\"Zauberer-Handschuhe\" width=\"56\" height=\"56\"><\/td>\n<td><a href=\"\/diablo2\/itemdb\/base_display.php?type=glov&amp;quality=1\" target=\"_blank\" rel=\"noopener\">Lederhandschuhe<\/a>, <a href=\"\/diablo2\/itemdb\/base_display.php?type=glov&amp;quality=2\" target=\"_blank\" rel=\"noopener\">D\u00e4monenlederhandschuhe<\/a> oder <a href=\"\/diablo2\/itemdb\/base_display.php?type=glov&amp;quality=3\" target=\"_blank\" rel=\"noopener\">Dornenhandschuhe<\/a><br \/>\n+ Ort-Rune<br \/>\n+ Juwel<br \/>\n+ Perfekter Amethyst<\/td>\n<td>+4-10% Manaregeneration<br \/>\n+10-20 zu Mana<br \/>\n+1-3 Mana bei Volltreffer<br \/>\n+ 1-4 zuf\u00e4llige Eigenschaften aus <a href=\"\/diablo2\/itemdb\/affix_index.php\" target=\"_blank\" rel=\"noopener\">diesen Listen<\/a><\/td>\n<\/tr>\n<tr>\n<td><img loading=\"lazy\" decoding=\"async\" src=\"\/wp-content\/uploads\/2014\/06\/INVVBL.gif\" alt=\"Zauberer-G\u00fcrtel\" width=\"56\" height=\"28\"><\/td>\n<td><a href=\"\/diablo2\/itemdb\/base_display.php?type=belt&amp;quality=1\" target=\"_blank\" rel=\"noopener\">Leichter G\u00fcrtel<\/a>, <a href=\"\/diablo2\/itemdb\/base_display.php?type=belt&amp;quality=2\" target=\"_blank\" rel=\"noopener\">Hailederg\u00fcrtel<\/a> oder <a href=\"\/diablo2\/itemdb\/base_display.php?type=belt&amp;quality=3\" target=\"_blank\" rel=\"noopener\">Vampirzahng\u00fcrtel<\/a><br \/>\n+ Ith-Rune<br \/>\n+ Juwel<br \/>\n+ Perfekter Amethyst<\/td>\n<td>+4-10% Manaregeneration<br \/>\n+10-20 zu Mana<br \/>\n5-10% schnellere Zauberrate<br \/>\n+ 1-4 zuf\u00e4llige Eigenschaften aus <a href=\"\/diablo2\/itemdb\/affix_index.php\" target=\"_blank\" rel=\"noopener\">diesen Listen<\/a><\/td>\n<\/tr>\n<tr>\n<td><img loading=\"lazy\" decoding=\"async\" src=\"\/wp-content\/uploads\/2014\/06\/INVSML.gif\" alt=\"Zauberer-Schild\" width=\"56\" height=\"56\"><\/td>\n<td><a href=\"\/diablo2\/itemdb\/base_display.php?type=shie&amp;quality=1\" target=\"_blank\" rel=\"noopener\">Kleines Schild<\/a>, <a href=\"\/diablo2\/itemdb\/base_display.php?type=shie&amp;quality=2\" target=\"_blank\" rel=\"noopener\">Rundschild<\/a> oder <a href=\"\/diablo2\/itemdb\/base_display.php?type=shie&amp;quality=3\" target=\"_blank\" rel=\"noopener\">Luna<\/a><br \/>\n+ Eth-Rune<br \/>\n+ Juwel<br \/>\n+ Perfekter Amethyst<\/td>\n<td>+4-10% Manaregeneration<br \/>\n+10-20 zu Mana<br \/>\n5-10% h\u00f6here Chance zum Blocken<br \/>\n+ 1-4 zuf\u00e4llige Eigenschaften aus <a href=\"\/diablo2\/itemdb\/affix_index.php\" target=\"_blank\" rel=\"noopener\">diesen Listen<\/a><\/td>\n<\/tr>\n<tr>\n<td><img loading=\"lazy\" decoding=\"async\" src=\"\/wp-content\/uploads\/2014\/06\/INVLTP.gif\" alt=\"Zauberer-R\u00fcstung\" width=\"56\" height=\"84\"><\/td>\n<td><a href=\"\/diablo2\/itemdb\/base_display.php?type=tors&amp;quality=1\" target=\"_blank\" rel=\"noopener\">Leichte Plattenr\u00fcstung<\/a>, <a href=\"\/diablo2\/itemdb\/base_display.php?type=tors&amp;quality=2\" target=\"_blank\" rel=\"noopener\">Magier-Plattenr\u00fcstung<\/a> oder <a href=\"\/diablo2\/itemdb\/base_display.php?type=tors&amp;quality=3\" target=\"_blank\" rel=\"noopener\">Archon-Plattenr\u00fcstung<\/a><br \/>\n+ Tal-Rune<br \/>\n+ Juwel<br \/>\n+ Perfekter Amethyst<\/td>\n<td>+4-10% Manaregeneration<br \/>\n+10-20 zu Mana<br \/>\n+1-3 Mana bei Volltreffer<br \/>\n+ 1-4 zuf\u00e4llige Eigenschaften aus <a href=\"\/diablo2\/itemdb\/affix_index.php\" target=\"_blank\" rel=\"noopener\">diesen Listen<\/a><\/td>\n<\/tr>\n<tr>\n<td><img loading=\"lazy\" decoding=\"async\" src=\"\/wp-content\/uploads\/2014\/06\/INVAMU1.gif\" alt=\"Zauberer-Amulett\" width=\"28\" height=\"28\"><\/td>\n<td>irgendein Amulett<br \/>\n+ Ral-Rune<br \/>\n+ Juwel<br \/>\n+ Perfekter Amethyst<\/td>\n<td>+4-10% Manaregeneration<br \/>\n+10-20 zu Mana<br \/>\n5-10% schnellere Zauberrate<br \/>\n+ 1-4 zuf\u00e4llige Eigenschaften aus <a href=\"\/diablo2\/itemdb\/affix_index.php\" target=\"_blank\" rel=\"noopener\">diesen Listen<\/a><\/td>\n<\/tr>\n<tr>\n<td><img loading=\"lazy\" decoding=\"async\" src=\"\/wp-content\/uploads\/2014\/06\/INVRIN1.gif\" alt=\"Zauberer-Ring\" width=\"28\" height=\"28\"><\/td>\n<td>irgendein Ring<br \/>\n+ Amn-Rune<br \/>\n+ Juwel<br \/>\n+ Perfekter Amethyst<\/td>\n<td>+4-10% Manaregeneration<br \/>\n+10-20 zu Mana<br \/>\n+1-5 zu Energie<br \/>\n+ 1-4 zuf\u00e4llige Eigenschaften aus <a href=\"\/diablo2\/itemdb\/affix_index.php\" target=\"_blank\" rel=\"noopener\">diesen Listen<\/a><\/td>\n<\/tr>\n<tr>\n<td><img loading=\"lazy\" decoding=\"async\" src=\"\/wp-content\/uploads\/2014\/06\/INVBST.gif\" alt=\"Zauberer-Waffe\" width=\"28\" height=\"112\"><\/td>\n<td><a href=\"\/diablo2\/itemdb\/base_display.php?type=staf\" target=\"_blank\" rel=\"noopener\">irgendeine Stabwaffe<\/a><br \/>\n+ Tir-Rune<br \/>\n+ Juwel<br \/>\n+ Perfekter Amethyst<\/td>\n<td>+4-10% Manaregeneration<br \/>\n+10-20 zu Mana<br \/>\n+1-5% zu Mana<br \/>\n+ 1-4 zuf\u00e4llige Eigenschaften aus <a href=\"\/diablo2\/itemdb\/affix_index.php\" target=\"_blank\" rel=\"noopener\">diesen Listen<\/a><\/td>\n<\/tr>\n<\/tbody>\n<\/table>\n<hr>\n<p><a href=\"\/diablo-2\/tips\/crafted\/\">Zur\u00fcck zur \u00dcbersichtsseite<\/a><\/p>\n","protected":false},"excerpt":{"rendered":"<p>Zaubererrezepte sind speziell n\u00fctzlich f\u00fcr (wer h\u00e4tte das gedacht) Zauberinnen. S\u00e4mtliche Attribute sind auf effizienteres Zaubern ausgelegt, so dass man hier Eigenschaften findet wie eine schnellere Manaregeneration, erh\u00f6htes Mana und etwas seltener auch erh\u00f6hte Zaubergeschwindigkeit oder +Mana nach Volltreffer. Zus\u00e4tzlich zu den aufgelisteten Eigenschaften hat der entstehende Gegenstand auch noch zuf\u00e4llige F\u00e4higkeiten, wie z.B. auch&hellip; <a class=\"more-link\" href=\"https:\/\/planetdiablo.eu\/de\/diablo-2\/tips\/crafted\/zauberer-110\/\"><span class=\"screen-reader-text\">Diablo 2 &#8211; Zauberer-Rezepte<\/span> weiterlesen<\/a><\/p>\n","protected":false},"author":748,"featured_media":0,"parent":557398,"menu_order":0,"comment_status":"closed","ping_status":"open","template":"","meta":{"footnotes":""},"class_list":["post-557444","page","type-page","status-publish","hentry","entry"],"_links":{"self":[{"href":"https:\/\/planetdiablo.eu\/de\/wp-json\/wp\/v2\/pages\/557444","targetHints":{"allow":["GET"]}}],"collection":[{"href":"https:\/\/planetdiablo.eu\/de\/wp-json\/wp\/v2\/pages"}],"about":[{"href":"https:\/\/planetdiablo.eu\/de\/wp-json\/wp\/v2\/types\/page"}],"author":[{"embeddable":true,"href":"https:\/\/planetdiablo.eu\/de\/wp-json\/wp\/v2\/users\/748"}],"replies":[{"embeddable":true,"href":"https:\/\/planetdiablo.eu\/de\/wp-json\/wp\/v2\/comments?post=557444"}],"version-history":[{"count":3,"href":"https:\/\/planetdiablo.eu\/de\/wp-json\/wp\/v2\/pages\/557444\/revisions"}],"predecessor-version":[{"id":583173,"href":"https:\/\/planetdiablo.eu\/de\/wp-json\/wp\/v2\/pages\/557444\/revisions\/583173"}],"up":[{"embeddable":true,"href":"https:\/\/planetdiablo.eu\/de\/wp-json\/wp\/v2\/pages\/557398"}],"wp:attachment":[{"href":"https:\/\/planetdiablo.eu\/de\/wp-json\/wp\/v2\/media?parent=557444"}],"curies":[{"name":"wp","href":"https:\/\/api.w.org\/{rel}","templated":true}]}}