{"id":557454,"date":"2014-06-23T00:35:53","date_gmt":"2014-06-22T22:35:53","guid":{"rendered":"http:\/\/diablo3.ingame.de\/?page_id=557454"},"modified":"2021-08-19T23:11:15","modified_gmt":"2021-08-19T21:11:15","slug":"schlagkraft-110","status":"publish","type":"page","link":"https:\/\/planetdiablo.eu\/de\/diablo-2\/tips\/crafted\/schlagkraft-110\/","title":{"rendered":"Diablo 2 &#8211; Schlagkraft-Rezepte"},"content":{"rendered":"<p>Diese Rezepte dienen vor allem der Sicherheit des Charakters. Sie haben als<br \/>\nfeste Eigenschaft immer das Ausl\u00f6sen von Frostnovas wenn man getroffen<br \/>\nwird und einen kleinen Dorneneffekt. Eine weitere F\u00e4higkeit kommt noch<br \/>\ndazu die auch \u00e4hnlichen Zielen dient, wie etwa schnellere Erholung oder<br \/>\n&#8222;Schaden zu Mana&#8220;.<\/p>\n<p>Zus\u00e4tzlich zu den aufgelisteten Eigenschaften hat der entstehende Gegenstand auch noch zuf\u00e4llige F\u00e4higkeiten, wie z.B. auch seltene Items. Auf Stiefeln k\u00f6nnen also auch noch Widerst\u00e4nde-, oder auf einem Amulett Fertigkeitsboni enthalten sein&#8230; Alle m\u00f6glichen Eigenschaften k\u00f6nnen <a href=\"https:\/\/planetdiablo.eu\/diablo2\/itemdb\/affix_index.php\" target=\"_blank\" rel=\"noopener\">hier<\/a> nachgelesen werden.<\/p>\n<p><span style=\"color: #ff0000\">Die Grunditems m\u00fcssen immer magisch sein, normale oder rares gehen nicht.<\/span><br \/>\nIn den Rezepten k\u00f6nnen statt einem normalen Gegenstand auch die entsprechenden<br \/>\nExceptionals oder Elites genommen werden (etwa statt einem Hohen Schild eine<br \/>\nPavese oder Aegis).<\/p>\n<hr>\n<table>\n<tbody>\n<tr>\n<th>Gegenstand<\/th>\n<th>Zutaten<\/th>\n<th>Eigenschaften<\/th>\n<\/tr>\n<tr>\n<td><img loading=\"lazy\" decoding=\"async\" src=\"\/wp-content\/uploads\/2014\/06\/INVFHL.gif\" alt=\"Schlagkraft-Helm\" width=\"56\" height=\"56\"><\/td>\n<td><a href=\"\/diablo2\/\/itemdb\/base_display.php?type=helm&amp;quality=1\" target=\"_blank\" rel=\"noopener\">Vollhelm<\/a>, <a href=\"\/diablo2\/\/itemdb\/base_display.php?type=helm&amp;quality=2\" target=\"_blank\" rel=\"noopener\">Kesselhelm<\/a> oder <a href=\"\/diablo2\/\/itemdb\/base_display.php?type=helm&amp;quality=3\" target=\"_blank\" rel=\"noopener\">Riesenmuschel<\/a><br \/>\n+ Ith-Rune<br \/>\n+ Juwel<br \/>\n+ Perfekter Saphir<\/td>\n<td>5% Chance, Level 4 Frostnova zu zaubern wenn getroffen<br \/>\nAngreifer erleidet Schaden von 3-7<br \/>\n+25-50 Verteidigung gegen Fernangriffe<br \/>\n+ 1-4 zuf\u00e4llige Eigenschaften aus <a href=\"\/diablo2\/\/itemdb\/affix_index.php\" target=\"_blank\" rel=\"noopener\">diesen Listen<\/a><\/td>\n<\/tr>\n<tr>\n<td><img loading=\"lazy\" decoding=\"async\" src=\"\/wp-content\/uploads\/2014\/06\/INVMBT.gif\" alt=\"Schlagkraft-Stiefel\" width=\"56\" height=\"56\"><\/td>\n<td><a href=\"\/diablo2\/\/itemdb\/base_display.php?type=boot&amp;quality=1\" target=\"_blank\" rel=\"noopener\">Kettenstiefel<\/a>, <a href=\"\/diablo2\/\/itemdb\/base_display.php?type=boot&amp;quality=2\" target=\"_blank\" rel=\"noopener\">Ringstiefel<\/a> oder <a href=\"\/diablo2\/\/itemdb\/base_display.php?type=boot&amp;quality=3\" target=\"_blank\" rel=\"noopener\">Knochengespinst-Stiefel<\/a><br \/>\n+ Ral-Rune<br \/>\n+ Juwel<br \/>\n+ Perfekter Saphir<\/td>\n<td>5% Chance, Level 4 Frostnova zu zaubern wenn getroffen<br \/>\nAngreifer erleidet Schaden von 3-7<br \/>\n+25-60 Verteidigung gegen Nahkampfangriffe<br \/>\n+ 1-4 zuf\u00e4llige Eigenschaften aus <a href=\"\/diablo2\/\/itemdb\/affix_index.php\" target=\"_blank\" rel=\"noopener\">diesen Listen<\/a><\/td>\n<\/tr>\n<tr>\n<td width=\"13%\"><img loading=\"lazy\" decoding=\"async\" src=\"\/wp-content\/uploads\/2014\/06\/INVMGL.gif\" alt=\"Schlagkraft-Handschuhe\" width=\"56\" height=\"56\"><\/td>\n<td><a href=\"\/diablo2\/\/itemdb\/base_display.php?type=glov&amp;quality=1\" target=\"_blank\" rel=\"noopener\">Kettenhandschuhe<\/a>, <a href=\"\/diablo2\/\/itemdb\/base_display.php?type=glov&amp;quality=2\" target=\"_blank\" rel=\"noopener\">Armschienen<\/a> oder <a href=\"\/diablo2\/\/itemdb\/base_display.php?type=glov&amp;quality=3\" target=\"_blank\" rel=\"noopener\">Vampirschienen<\/a><br \/>\n+ Ort-Rune<br \/>\n+ Juwel<br \/>\n+ Perfekter Saphir<\/td>\n<td width=\"51%\">5% Chance, Level 4 Frostnova zu zaubern wenn getroffen<br \/>\nAngreifer erleidet Schaden von 3-7<br \/>\nWegstossung<br \/>\n+ 1-4 zuf\u00e4llige Eigenschaften aus <a href=\"\/diablo2\/\/itemdb\/affix_index.php\" target=\"_blank\" rel=\"noopener\">diesen Listen<\/a><\/td>\n<\/tr>\n<tr>\n<td><img loading=\"lazy\" decoding=\"async\" src=\"\/wp-content\/uploads\/2014\/06\/INVTBL.gif\" alt=\"Schlagkraft-G\u00fcrtel\" width=\"56\" height=\"28\"><\/td>\n<td><a href=\"\/diablo2\/\/itemdb\/base_display.php?type=belt&amp;quality=1\" target=\"_blank\" rel=\"noopener\">Schwerer G\u00fcrtel<\/a>, <a href=\"\/diablo2\/\/itemdb\/base_display.php?type=belt&amp;quality=2\" target=\"_blank\" rel=\"noopener\">Kampfg\u00fcrtel<\/a> oder <a href=\"\/diablo2\/\/itemdb\/base_display.php?type=belt&amp;quality=3\" target=\"_blank\" rel=\"noopener\">Trollg\u00fcrtel<\/a><br \/>\n+ Tal-Rune<br \/>\n+ Juwel<br \/>\n+ Perfekter Saphir<\/td>\n<td>5% Chance, Level 4 Frostnova zu zaubern wenn getroffen<br \/>\nAngreifer erleidet Schaden von 3-7<br \/>\n5-10% Schaden auf Mana<br \/>\n+ 1-4 zuf\u00e4llige Eigenschaften aus <a href=\"\/diablo2\/\/itemdb\/affix_index.php\" target=\"_blank\" rel=\"noopener\">diesen Listen<\/a><\/td>\n<\/tr>\n<tr>\n<td><img loading=\"lazy\" decoding=\"async\" src=\"\/wp-content\/uploads\/2014\/06\/INVGTS.gif\" alt=\"Schlagkraft-Schild\" width=\"56\" height=\"112\"><\/td>\n<td><a href=\"\/diablo2\/\/itemdb\/base_display.php?type=shie&amp;quality=1\" target=\"_blank\" rel=\"noopener\">Prunkschild<\/a>, <a href=\"\/diablo2\/\/itemdb\/base_display.php?type=shie&amp;quality=2\" target=\"_blank\" rel=\"noopener\">alter Schild<\/a> oder <a href=\"\/diablo2\/\/itemdb\/base_display.php?type=shie&amp;quality=3\" target=\"_blank\" rel=\"noopener\">Schutz<\/a><br \/>\n+ Eth-Rune<br \/>\n+ Juwel<br \/>\n+ Perfekter Saphir<\/td>\n<td>5% Chance, Level 4 Frostnova zu zaubern wenn getroffen<br \/>\nAngreifer erleidet Schaden von 3-10<br \/>\n5-10% h\u00f6here Chance zum Blocken<br \/>\n+ 1-4 zuf\u00e4llige Eigenschaften aus <a href=\"\/diablo2\/\/itemdb\/affix_index.php\" target=\"_blank\" rel=\"noopener\">diesen Listen<\/a><\/td>\n<\/tr>\n<tr>\n<td><img loading=\"lazy\" decoding=\"async\" src=\"\/wp-content\/uploads\/2014\/06\/INVFLD.gif\" alt=\"Schlagkraft-R\u00fcstung\" width=\"56\" height=\"84\"><\/td>\n<td><a href=\"\/diablo2\/\/itemdb\/base_display.php?type=tors&amp;quality=1\" target=\"_blank\" rel=\"noopener\">Feldharnisch<\/a>, <a href=\"\/diablo2\/\/itemdb\/base_display.php?type=tors&amp;quality=2\" target=\"_blank\" rel=\"noopener\">Haizahnr\u00fcstung<\/a> oder <a href=\"\/diablo2\/\/itemdb\/base_display.php?type=tors&amp;quality=3\" target=\"_blank\" rel=\"noopener\">Krakenschale<\/a><br \/>\n+ Nef-Rune<br \/>\n+ Juwel<br \/>\n+ Perfekter Saphir<\/td>\n<td>5% Chance, Level 4 Frostnova zu zaubern wenn getroffen<br \/>\nAngreifer erleidet Schaden von 3-10<br \/>\n10-20% Schnellere Erholung nach Treffer<br \/>\n+ 1-4 zuf\u00e4llige Eigenschaften aus <a href=\"\/diablo2\/\/itemdb\/affix_index.php\" target=\"_blank\" rel=\"noopener\">diesen Listen<\/a><\/td>\n<\/tr>\n<tr>\n<td><img loading=\"lazy\" decoding=\"async\" src=\"\/wp-content\/uploads\/2014\/06\/INVAMU1.gif\" alt=\"Schlagkraft-Amulett\" width=\"28\" height=\"28\"><\/td>\n<td>irgendein Amulett<br \/>\n+ Thul-Rune<br \/>\n+ Juwel<br \/>\n+ Perfekter Saphir<\/td>\n<td>5% Chance, Level 4 Frostnova zu zaubern wenn getroffen<br \/>\nAngreifer erleidet Schaden von 3-10<br \/>\n2-8% Monsterflucht<br \/>\n+ 1-4 zuf\u00e4llige Eigenschaften aus <a href=\"\/diablo2\/\/itemdb\/affix_index.php\" target=\"_blank\" rel=\"noopener\">diesen Listen<\/a><\/td>\n<\/tr>\n<tr>\n<td><img loading=\"lazy\" decoding=\"async\" src=\"\/wp-content\/uploads\/2014\/06\/INVRIN1.gif\" alt=\"Schlagkraft-Ring\" width=\"28\" height=\"28\"><\/td>\n<td>irgendein Ring<br \/>\n+ Amn-Rune<br \/>\n+ Juwel<br \/>\n+ Perfekter Saphir<\/td>\n<td>5% Chance, Level 4 Frostnova zu zaubern wenn getroffen<br \/>\nAngreifer erleidet Schaden von 3-6<br \/>\n+1-5 zu Geschicklichkeit<br \/>\n+ 1-4 zuf\u00e4llige Eigenschaften aus <a href=\"\/diablo2\/\/itemdb\/affix_index.php\" target=\"_blank\" rel=\"noopener\">diesen Listen<\/a><\/td>\n<\/tr>\n<tr>\n<td><img loading=\"lazy\" decoding=\"async\" src=\"\/wp-content\/uploads\/2014\/06\/INVWHM.gif\" alt=\"Schlagkraft-Waffe\" width=\"56\" height=\"84\"><\/td>\n<td>irgendeine stumpfe Waffe (d.h. mit +50% Schaden an Untoten) <a href=\"\/diablo2\/\/itemdb\/base_display.php?type=mace\" target=\"_blank\" rel=\"noopener\">Kn\u00fcppel<\/a> <a href=\"\/diablo2\/\/itemdb\/base_display.php?type=hamm\" target=\"_blank\" rel=\"noopener\">H\u00e4mmer<\/a> <a href=\"\/diablo2\/\/itemdb\/base_display.php?type=scep\" target=\"_blank\" rel=\"noopener\">Szepter<\/a> <a href=\"\/diablo2\/\/itemdb\/base_display.php?type=club\" target=\"_blank\" rel=\"noopener\">Keule<\/a> <a href=\"\/diablo2\/\/itemdb\/base_display.php?type=staf\" target=\"_blank\" rel=\"noopener\">Stab<\/a><br \/>\n+ Tir-Rune<br \/>\n+ Juwel<br \/>\n+ Perfekter Saphir<\/td>\n<td>5% Chance, Level 4 Frostnova zu zaubern wenn getroffen<br \/>\nAngreifer erleidet Schaden von 3-7<br \/>\nSchaden erh\u00f6ht um 35-60%<br \/>\n+ 1-4 zuf\u00e4llige Eigenschaften aus <a href=\"\/diablo2\/\/itemdb\/affix_index.php\" target=\"_blank\" rel=\"noopener\">diesen Listen<\/a><\/td>\n<\/tr>\n<\/tbody>\n<\/table>\n<hr>\n<p><a href=\"\/diablo-2\/tips\/crafted\/\">Zur\u00fcck zur \u00dcbersichtsseite<\/a><\/p>\n","protected":false},"excerpt":{"rendered":"<p>Diese Rezepte dienen vor allem der Sicherheit des Charakters. Sie haben als feste Eigenschaft immer das Ausl\u00f6sen von Frostnovas wenn man getroffen wird und einen kleinen Dorneneffekt. Eine weitere F\u00e4higkeit kommt noch dazu die auch \u00e4hnlichen Zielen dient, wie etwa schnellere Erholung oder &#8222;Schaden zu Mana&#8220;. Zus\u00e4tzlich zu den aufgelisteten Eigenschaften hat der entstehende Gegenstand&hellip; <a class=\"more-link\" href=\"https:\/\/planetdiablo.eu\/de\/diablo-2\/tips\/crafted\/schlagkraft-110\/\"><span class=\"screen-reader-text\">Diablo 2 &#8211; Schlagkraft-Rezepte<\/span> weiterlesen<\/a><\/p>\n","protected":false},"author":748,"featured_media":0,"parent":557398,"menu_order":0,"comment_status":"closed","ping_status":"open","template":"","meta":{"footnotes":""},"class_list":["post-557454","page","type-page","status-publish","hentry","entry"],"_links":{"self":[{"href":"https:\/\/planetdiablo.eu\/de\/wp-json\/wp\/v2\/pages\/557454","targetHints":{"allow":["GET"]}}],"collection":[{"href":"https:\/\/planetdiablo.eu\/de\/wp-json\/wp\/v2\/pages"}],"about":[{"href":"https:\/\/planetdiablo.eu\/de\/wp-json\/wp\/v2\/types\/page"}],"author":[{"embeddable":true,"href":"https:\/\/planetdiablo.eu\/de\/wp-json\/wp\/v2\/users\/748"}],"replies":[{"embeddable":true,"href":"https:\/\/planetdiablo.eu\/de\/wp-json\/wp\/v2\/comments?post=557454"}],"version-history":[{"count":5,"href":"https:\/\/planetdiablo.eu\/de\/wp-json\/wp\/v2\/pages\/557454\/revisions"}],"predecessor-version":[{"id":583264,"href":"https:\/\/planetdiablo.eu\/de\/wp-json\/wp\/v2\/pages\/557454\/revisions\/583264"}],"up":[{"embeddable":true,"href":"https:\/\/planetdiablo.eu\/de\/wp-json\/wp\/v2\/pages\/557398"}],"wp:attachment":[{"href":"https:\/\/planetdiablo.eu\/de\/wp-json\/wp\/v2\/media?parent=557454"}],"curies":[{"name":"wp","href":"https:\/\/api.w.org\/{rel}","templated":true}]}}