{"id":557484,"date":"2014-06-23T00:56:17","date_gmt":"2014-06-22T22:56:17","guid":{"rendered":"http:\/\/diablo3.ingame.de\/?page_id=557484"},"modified":"2021-07-30T10:33:47","modified_gmt":"2021-07-30T08:33:47","slug":"zauberer-108","status":"publish","type":"page","link":"https:\/\/planetdiablo.eu\/de\/diablo-2\/tips\/crafted\/zauberer-108\/","title":{"rendered":"Diablo 2 &#8211; Zauberer-Rezepte in Patch 1.08"},"content":{"rendered":"<p>Zaubererrezepte sind speziell n\u00fctzlich f\u00fcr (wer h\u00e4tte das gedacht)<br \/>\nZauberinnen. S\u00e4mtliche Attribute sind auf effizienteres Zaubern ausgelegt,<br \/>\nso dass man hier Eigenschaften findet wie eine schnellere Manaregeneration,<br \/>\nerh\u00f6htes Mana und etwas seltener auch erh\u00f6hte Zaubergeschwindigkeit<br \/>\noder +Mana nach Volltreffer.<\/p>\n<p>Von jedem Gegenstand, der mit diesem Rezept verwandelt werden kann gibt es<br \/>\nzwei Versionen, eine schw\u00e4chere, und eine st\u00e4rkere. Die st\u00e4rkere<br \/>\ngibts zwar bessere Ergebnisse, allerdings ben\u00f6tigt sie auch seltenere Zutaten.<\/p>\n<p>Zus\u00e4tzlich zu den aufgelisteten Eigenschaften hat der entstehende Gegenstand<br \/>\nauch noch zuf\u00e4llige F\u00e4higkeiten, wie z.B. auch seltene Items. Auf<br \/>\nStiefeln k\u00f6nnen also auch noch St\u00e4rke-, oder auf einem Amulett Fertigkeitsboni<br \/>\nenthalten sein&#8230;<\/p>\n<p>Die Grunditems m\u00fcssen immer magisch sein, normale oder rares gehen nicht.<br \/>\nIn den schwachen Rezepten k\u00f6nnen statt einem normalen Gegenstand auch die<br \/>\nentsprechenden Exceptionals oder Elites genommen werden (etwa statt einem Hohen<br \/>\nSchild eine Pavese oder Aegis). Die starken Rezepte funktionieren nur mit Elites.<\/p>\n<table>\n<tbody>\n<tr>\n<th>Helm<\/th>\n<th>Rezept<\/th>\n<th>Zutaten<\/th>\n<th>Eigenschaften<\/th>\n<\/tr>\n<tr>\n<td rowspan=\"2\"><img loading=\"lazy\" decoding=\"async\" src=\"\/wp-content\/uploads\/2014\/06\/INVMSK.gif\" width=\"56\" height=\"56\"><\/td>\n<td valign=\"top\">Schwaches Rezept:<\/td>\n<td>Maske<br \/>\n+ El-Rune<br \/>\n+ Juwel<br \/>\n+ Perfekter Amethyst<\/td>\n<td>+4-12% Manaregeneration<br \/>\n+10-20 zu Mana<br \/>\n1-4% Manaabsaugung<\/td>\n<\/tr>\n<tr>\n<td valign=\"top\">Starkes Rezept:<\/td>\n<td>Elite Maske<br \/>\n+ Amn-Rune<br \/>\n+ Juwel<br \/>\n+ Perfekter Amethyst<\/td>\n<td>+7-21% Manaregeneration<br \/>\n+15-25 zu Mana<br \/>\n2-7% Manaabsaugung<\/td>\n<\/tr>\n<\/tbody>\n<\/table>\n<table>\n<tbody>\n<tr>\n<th>Stiefel<\/th>\n<th>Rezept<\/th>\n<th>Zutaten<\/th>\n<th>Eigenschaften<\/th>\n<\/tr>\n<tr>\n<td rowspan=\"2\"><img loading=\"lazy\" decoding=\"async\" src=\"\/wp-content\/uploads\/2014\/06\/INVLBT.gif\" width=\"56\" height=\"56\"><\/td>\n<td valign=\"top\">Schwaches Rezept:<\/td>\n<td>Stiefel<br \/>\n+ Eld-Rune<br \/>\n+ Juwel<br \/>\n+ Perfekter Amethyst<\/td>\n<td>+4-12% Manaregeneration<br \/>\n+10-20 zu Mana<br \/>\n+5-10% zu Mana<\/td>\n<\/tr>\n<tr>\n<td valign=\"top\">Starkes Rezept:<\/td>\n<td>Elite Stiefel<br \/>\n+ Sol-Rune<br \/>\n+ Juwel<br \/>\n+ Perfekter Amethyst<\/td>\n<td>+7-21% Manaregeneration<br \/>\n+15-25 zu Mana<br \/>\n+8-15% zu Mana<\/td>\n<\/tr>\n<\/tbody>\n<\/table>\n<table>\n<tbody>\n<tr>\n<th>Handschuhe<\/th>\n<th>Rezept<\/th>\n<th>Zutaten<\/th>\n<th>Eigenschaften<\/th>\n<\/tr>\n<tr>\n<td rowspan=\"2\"><img loading=\"lazy\" decoding=\"async\" src=\"\/wp-content\/uploads\/2014\/06\/INVMGL.gif\" width=\"56\" height=\"56\"><\/td>\n<td valign=\"top\">Schwaches Rezept:<\/td>\n<td>Kettenhandschuhe<br \/>\n+ Tir-Rune<br \/>\n+ Juwel<br \/>\n+ Perfekter Amethyst<\/td>\n<td>+4-12% Manaregeneration<br \/>\n+10-20 zu Mana<br \/>\n+1-3 Mana bei Volltreffer<\/td>\n<\/tr>\n<tr>\n<td valign=\"top\">Starkes Rezept:<\/td>\n<td>Elite Kettenhandschuhe<br \/>\n+ Shae-Rune<br \/>\n+ Juwel<br \/>\n+ Perfekter Amethyst<\/td>\n<td>+7-21% Manaregeneration<br \/>\n+15-25 zu Mana<br \/>\n+2-5 Mana bei Volltreffer<\/td>\n<\/tr>\n<\/tbody>\n<\/table>\n<table>\n<tbody>\n<tr>\n<th>G\u00fcrtel<\/th>\n<th>Rezept<\/th>\n<th>Zutaten<\/th>\n<th>Eigenschaften<\/th>\n<\/tr>\n<tr>\n<td rowspan=\"2\"><img loading=\"lazy\" decoding=\"async\" src=\"\/wp-content\/uploads\/2014\/06\/INVTBL.gif\" width=\"56\" height=\"28\"><\/td>\n<td valign=\"top\">Schwaches Rezept:<\/td>\n<td>Schwerer G\u00fcrtel<br \/>\n+ Nef-Rune<br \/>\n+ Juwel<br \/>\n+ Perfekter Amethyst<\/td>\n<td>+4-12% Manaregeneration<br \/>\n+10-20 zu Mana<br \/>\n1-15% schnellere Zauberrate<\/td>\n<\/tr>\n<tr>\n<td valign=\"top\">Starkes Rezept:<\/td>\n<td>Elite Schwerer G\u00fcrtel<br \/>\n+ Dol-Rune<br \/>\n+ Juwel<br \/>\n+ Perfekter Amethyst<\/td>\n<td>+7-21% Manaregeneration<br \/>\n+15-25 zu Mana<br \/>\n1-15% schnellere Zauberrate<\/td>\n<\/tr>\n<\/tbody>\n<\/table>\n<table>\n<tbody>\n<tr>\n<th>Schild<\/th>\n<th>Rezept<\/th>\n<th>Zutaten<\/th>\n<th>Eigenschaften<\/th>\n<\/tr>\n<tr>\n<td rowspan=\"2\"><img loading=\"lazy\" decoding=\"async\" src=\"\/wp-content\/uploads\/2014\/06\/INVSML.gif\" width=\"56\" height=\"56\"><\/td>\n<td valign=\"top\">Schwaches Rezept:<\/td>\n<td>Kleines Schild<br \/>\n+ Eth-Rune<br \/>\n+ Juwel<br \/>\n+ Perfekter Amethyst<\/td>\n<td>+4-12% Manaregeneration<br \/>\n+10-20 zu Mana<br \/>\n5-10% h\u00f6here Chance zum Blocken<\/td>\n<\/tr>\n<tr>\n<td valign=\"top\">Starkes Rezept:<\/td>\n<td>Elite Kleines Schild<br \/>\n+ Hel-Rune<br \/>\n+ Juwel<br \/>\n+ Perfekter Amethyst<\/td>\n<td>+7-21% Manaregeneration<br \/>\n+15-25 zu Mana<br \/>\n8-15% h\u00f6here Chance zum Blocken<\/td>\n<\/tr>\n<\/tbody>\n<\/table>\n<table>\n<tbody>\n<tr>\n<th>R\u00fcstung<\/th>\n<th>Rezept<\/th>\n<th>Zutaten<\/th>\n<th>Eigenschaften<\/th>\n<\/tr>\n<tr>\n<td rowspan=\"2\"><img loading=\"lazy\" decoding=\"async\" src=\"\/wp-content\/uploads\/2014\/06\/INVFUL.gif\" width=\"56\" height=\"84\"><\/td>\n<td valign=\"top\">Schwaches Rezept:<\/td>\n<td>Voller Harnisch<br \/>\n+ Ith-Rune<br \/>\n+ Juwel<br \/>\n+ Perfekter Amethyst<\/td>\n<td>+4-12% Manaregeneration<br \/>\n+10-20 zu Mana<br \/>\n+1-3 Mana bei Volltreffer<\/td>\n<\/tr>\n<tr>\n<td valign=\"top\">Starkes Rezept:<\/td>\n<td>Elite Voller Harnisch<br \/>\n+ Po-Rune<br \/>\n+ Juwel<br \/>\n+ Perfekter Amethyst<\/td>\n<td>+7-21% Manaregeneration<br \/>\n+15-25 zu Mana<br \/>\n+2-5 Mana bei Volltreffer<\/td>\n<\/tr>\n<\/tbody>\n<\/table>\n<table>\n<tbody>\n<tr>\n<th>Amulett<\/th>\n<th>Rezept<\/th>\n<th>Zutaten<\/th>\n<th>Eigenschaften<\/th>\n<\/tr>\n<tr>\n<td rowspan=\"2\"><img loading=\"lazy\" decoding=\"async\" src=\"\/wp-content\/uploads\/2014\/06\/INVAMU1.gif\" width=\"28\" height=\"28\"><\/td>\n<td valign=\"top\">Schwaches Rezept:<\/td>\n<td>irgendein Amulett<br \/>\n+ Tal-Rune<br \/>\n+ Juwel<br \/>\n+ Perfekter Amethyst<\/td>\n<td>+4-12% Manaregeneration<br \/>\n+10-20 zu Mana<br \/>\n1-15% schnellere Zauberrate<\/td>\n<\/tr>\n<tr>\n<td valign=\"top\">Starkes Rezept:<\/td>\n<td>irgendein Amulett<br \/>\n+ Lum-Rune<br \/>\n+ Juwel<br \/>\n+ Perfekter Amethyst<\/td>\n<td>+7-21% Manaregeneration<br \/>\n+15-25 zu Mana<br \/>\n1-15% schnellere Zauberrate<\/td>\n<\/tr>\n<\/tbody>\n<\/table>\n<table>\n<tbody>\n<tr>\n<th>Ring<\/th>\n<th>Rezept<\/th>\n<th>Zutaten<\/th>\n<th>Eigenschaften<\/th>\n<\/tr>\n<tr>\n<td rowspan=\"2\"><img loading=\"lazy\" decoding=\"async\" src=\"\/wp-content\/uploads\/2014\/06\/INVRIN1.gif\" width=\"28\" height=\"28\"><\/td>\n<td valign=\"top\">Schwaches Rezept:<\/td>\n<td>irgendein Ring<br \/>\n+ Ral-Rune<br \/>\n+ Juwel<br \/>\n+ Perfekter Amethyst<\/td>\n<td>+4-12% Manaregeneration<br \/>\n+10-20 zu Mana<br \/>\n+5-10 zu Energie<\/td>\n<\/tr>\n<tr>\n<td valign=\"top\">Starkes Rezept:<\/td>\n<td>irgendein Ring<br \/>\n+ Ko-Rune<br \/>\n+ Juwel<br \/>\n+ Perfekter Amethyst<\/td>\n<td>+7-21% Manaregeneration<br \/>\n+15-25 zu Mana<br \/>\n+8-15 zu Energie<\/td>\n<\/tr>\n<\/tbody>\n<\/table>\n<table>\n<tbody>\n<tr>\n<th>Waffe<\/th>\n<th>Rezept<\/th>\n<th>Zutaten<\/th>\n<th>Eigenschaften<\/th>\n<\/tr>\n<tr>\n<td rowspan=\"2\"><img loading=\"lazy\" decoding=\"async\" src=\"\/wp-content\/uploads\/2014\/06\/INVGIX.gif\" width=\"56\" height=\"84\"><\/td>\n<td valign=\"top\">Schwaches Rezept:<\/td>\n<td>irgendeine Normale Waffe<br \/>\n+ Ort-Rune<br \/>\n+ Juwel<br \/>\n+ Perfekter Amethyst<\/td>\n<td>+4-12% Manaregeneration<br \/>\n+10-20 zu Mana<br \/>\nSchaden erh\u00f6ht um 34-67%<\/td>\n<\/tr>\n<tr>\n<td valign=\"top\">Starkes Rezept:<\/td>\n<td>irgendeine Elite Waffe<br \/>\n+ Fal-Rune<br \/>\n+ Juwel<br \/>\n+ Perfekter Amethyst<\/td>\n<td>+7-21% Manaregeneration<br \/>\n+15-25 zu Mana<br \/>\nSchaden erh\u00f6ht um 40-80%<\/td>\n<\/tr>\n<\/tbody>\n<\/table>\n<p><a href=\"\/diablo-2\/tips\/crafted\/\">Zur\u00fcck zur \u00dcbersichtsseite<\/a><\/p>\n","protected":false},"excerpt":{"rendered":"<p>Zaubererrezepte sind speziell n\u00fctzlich f\u00fcr (wer h\u00e4tte das gedacht) Zauberinnen. S\u00e4mtliche Attribute sind auf effizienteres Zaubern ausgelegt, so dass man hier Eigenschaften findet wie eine schnellere Manaregeneration, erh\u00f6htes Mana und etwas seltener auch erh\u00f6hte Zaubergeschwindigkeit oder +Mana nach Volltreffer. Von jedem Gegenstand, der mit diesem Rezept verwandelt werden kann gibt es zwei Versionen, eine schw\u00e4chere,&hellip; <a class=\"more-link\" href=\"https:\/\/planetdiablo.eu\/de\/diablo-2\/tips\/crafted\/zauberer-108\/\"><span class=\"screen-reader-text\">Diablo 2 &#8211; Zauberer-Rezepte in Patch 1.08<\/span> weiterlesen<\/a><\/p>\n","protected":false},"author":748,"featured_media":0,"parent":557398,"menu_order":0,"comment_status":"closed","ping_status":"open","template":"","meta":{"footnotes":""},"class_list":["post-557484","page","type-page","status-publish","hentry","entry"],"_links":{"self":[{"href":"https:\/\/planetdiablo.eu\/de\/wp-json\/wp\/v2\/pages\/557484","targetHints":{"allow":["GET"]}}],"collection":[{"href":"https:\/\/planetdiablo.eu\/de\/wp-json\/wp\/v2\/pages"}],"about":[{"href":"https:\/\/planetdiablo.eu\/de\/wp-json\/wp\/v2\/types\/page"}],"author":[{"embeddable":true,"href":"https:\/\/planetdiablo.eu\/de\/wp-json\/wp\/v2\/users\/748"}],"replies":[{"embeddable":true,"href":"https:\/\/planetdiablo.eu\/de\/wp-json\/wp\/v2\/comments?post=557484"}],"version-history":[{"count":1,"href":"https:\/\/planetdiablo.eu\/de\/wp-json\/wp\/v2\/pages\/557484\/revisions"}],"predecessor-version":[{"id":583174,"href":"https:\/\/planetdiablo.eu\/de\/wp-json\/wp\/v2\/pages\/557484\/revisions\/583174"}],"up":[{"embeddable":true,"href":"https:\/\/planetdiablo.eu\/de\/wp-json\/wp\/v2\/pages\/557398"}],"wp:attachment":[{"href":"https:\/\/planetdiablo.eu\/de\/wp-json\/wp\/v2\/media?parent=557484"}],"curies":[{"name":"wp","href":"https:\/\/api.w.org\/{rel}","templated":true}]}}