{"id":557490,"date":"2014-06-23T01:25:29","date_gmt":"2014-06-22T23:25:29","guid":{"rendered":"http:\/\/diablo3.ingame.de\/?page_id=557490"},"modified":"2021-07-30T10:23:57","modified_gmt":"2021-07-30T08:23:57","slug":"schlagkraft-108","status":"publish","type":"page","link":"https:\/\/planetdiablo.eu\/de\/diablo-2\/tips\/crafted\/schlagkraft-108\/","title":{"rendered":"Diablo 2 &#8211; Schlagkraft-Rezepte in Patch 1.08"},"content":{"rendered":"<p>Diese Rezepte dienen vor allem der Sicherheit des Charakters. Sie haben als<br \/>\nfeste Eigenschaft immer das Ausl\u00f6sen von Frostnovas wenn man getroffen<br \/>\nwird und einen kleinen Dorneneffekt. Eine weitere F\u00e4higkeit kommt noch<br \/>\ndazu die auch \u00e4hnlichen Zielen dient, wie etwa schnellere Erholung oder<br \/>\n&#8222;Schaden zu Mana&#8220;.<\/p>\n<p>Von jedem Gegenstand, der mit diesem Rezept verwandelt werden kann gibt es<br \/>\nzwei Versionen, eine schw\u00e4chere, und eine st\u00e4rkere. Die st\u00e4rkere<br \/>\ngibts zwar bessere Ergebnisse, allerdings ben\u00f6tigt sie auch seltenere Zutaten.<\/p>\n<p>Zus\u00e4tzlich zu den aufgelisteten Eigenschaften hat der entstehende Gegenstand<br \/>\nauch noch zuf\u00e4llige F\u00e4higkeiten, wie z.B. auch seltene Items. Auf<br \/>\nStiefeln k\u00f6nnen also auch noch St\u00e4rke-, oder auf einem Amulett Fertigkeitsboni<br \/>\nenthalten sein&#8230;<\/p>\n<p>Die Grunditems m\u00fcssen immer magisch sein, normale oder rares gehen nicht.<br \/>\nIn den schwachen Rezepten k\u00f6nnen statt einem normalen Gegenstand auch die<br \/>\nentsprechenden Exceptionals oder Elites genommen werden (etwa statt einem Hohen<br \/>\nSchild eine Pavese oder Aegis). Die starken Rezepte funktionieren nur mit Elites.<\/p>\n<table>\n<tbody>\n<tr>\n<th>Helm<\/th>\n<th>Rezept<\/th>\n<th>Zutaten<\/th>\n<th>Eigenschaften<\/th>\n<\/tr>\n<tr>\n<td rowspan=\"2\"><img loading=\"lazy\" decoding=\"async\" src=\"\/wp-content\/uploads\/2014\/06\/INVFHL.gif\" width=\"56\" height=\"56\"><\/td>\n<td valign=\"top\">Schwaches Rezept:<\/td>\n<td>Vollhelm<br \/>\n+ El-Rune<br \/>\n+ Juwel<br \/>\n+ Perfekter Saphir<\/td>\n<td>5% Chance, Level 8 Frostnova zu zaubern wenn getroffen<br \/>\nAngreifer erleidet Schaden von 5-10<br \/>\nWegstossung<\/td>\n<\/tr>\n<tr>\n<td valign=\"top\">Starkes Rezept:<\/td>\n<td>Elite Vollhelm<br \/>\n+ Amn-Rune<br \/>\n+ Juwel<br \/>\n+ Perfekter Saphir<\/td>\n<td>7% Chance, Level 12 Frostnova zu zaubern wenn getroffen<br \/>\nAngreifer erleidet Schaden von 8-20<br \/>\nWegstossung<\/td>\n<\/tr>\n<\/tbody>\n<\/table>\n<table>\n<tbody>\n<tr>\n<th>Stiefel<\/th>\n<th>Rezept<\/th>\n<th>Zutaten<\/th>\n<th>Eigenschaften<\/th>\n<\/tr>\n<tr>\n<td rowspan=\"2\"><img loading=\"lazy\" decoding=\"async\" src=\"\/wp-content\/uploads\/2014\/06\/INVMBT.gif\" width=\"56\" height=\"56\"><\/td>\n<td valign=\"top\">Schwaches Rezept:<\/td>\n<td>Kettenstiefel<br \/>\n+ Eld-Rune<br \/>\n+ Juwel<br \/>\n+ Perfekter Saphir<\/td>\n<td>5% Chance, Level 8 Frostnova zu zaubern wenn getroffen<br \/>\nAngreifer erleidet Schaden von 5-10<br \/>\n+10-20 Verteidigung gegen Fernangriffe<\/td>\n<\/tr>\n<tr>\n<td valign=\"top\">Starkes Rezept:<\/td>\n<td>Elite Kettenstiefel<br \/>\n+ Sol-Rune<br \/>\n+ Juwel<br \/>\n+ Perfekter Saphir<\/td>\n<td>7% Chance, Level 12 Frostnova zu zaubern wenn getroffen<br \/>\nAngreifer erleidet Schaden von 8-20<br \/>\n+20-35 Verteidigung gegen Fernangriffe<\/td>\n<\/tr>\n<\/tbody>\n<\/table>\n<table>\n<tbody>\n<tr>\n<th>Handschuhe<\/th>\n<th>Rezept<\/th>\n<th>Zutaten<\/th>\n<th>Eigenschaften<\/th>\n<\/tr>\n<tr>\n<td rowspan=\"2\"><img loading=\"lazy\" decoding=\"async\" src=\"\/wp-content\/uploads\/2014\/06\/INVLGL.gif\" width=\"56\" height=\"56\"><\/td>\n<td valign=\"top\">Schwaches Rezept:<\/td>\n<td>Handschuhe<br \/>\n+ Tir-Rune<br \/>\n+ Juwel<br \/>\n+ Perfekter Saphir<\/td>\n<td>5% Chance, Level 8 Frostnova zu zaubern wenn getroffen<br \/>\nAngreifer erleidet Schaden von 5-10<br \/>\n+10-20 Verteidigung gegen Nahkampfangriffe<\/td>\n<\/tr>\n<tr>\n<td valign=\"top\">Starkes Rezept:<\/td>\n<td>Elite Handschuhe<br \/>\n+ Shae-Rune<br \/>\n+ Juwel<br \/>\n+ Perfekter Saphir<\/td>\n<td>7% Chance, Level 12 Frostnova zu zaubern wenn getroffen<br \/>\nAngreifer erleidet Schaden von 8-20<br \/>\n+10-20 Verteidigung gegen Nahkampfangriffe<\/td>\n<\/tr>\n<\/tbody>\n<\/table>\n<table>\n<tbody>\n<tr>\n<th>G\u00fcrtel<\/th>\n<th>Rezept<\/th>\n<th>Zutaten<\/th>\n<th>Eigenschaften<\/th>\n<\/tr>\n<tr>\n<td rowspan=\"2\"><img loading=\"lazy\" decoding=\"async\" src=\"\/wp-content\/uploads\/2014\/06\/INVVBL.gif\" width=\"56\" height=\"28\"><\/td>\n<td valign=\"top\">Schwaches Rezept:<\/td>\n<td>Leichter G\u00fcrtel<br \/>\n+ Nef-Rune<br \/>\n+ Juwel<br \/>\n+ Perfekter Saphir<\/td>\n<td>5% Chance, Level 8 Frostnova zu zaubern wenn getroffen<br \/>\nAngreifer erleidet Schaden von 5-10<br \/>\n10-20% Schaden auf Mana<\/td>\n<\/tr>\n<tr>\n<td valign=\"top\">Starkes Rezept:<\/td>\n<td>Elite Leichter G\u00fcrtel<br \/>\n+ Dol-Rune<br \/>\n+ Juwel<br \/>\n+ Perfekter Saphir<\/td>\n<td>7% Chance, Level 12 Frostnova zu zaubern wenn getroffen<br \/>\nAngreifer erleidet Schaden von 8-20<br \/>\n20-35% Schaden auf Mana<\/td>\n<\/tr>\n<\/tbody>\n<\/table>\n<table>\n<tbody>\n<tr>\n<th>Schild<\/th>\n<th>Rezept<\/th>\n<th>Zutaten<\/th>\n<th>Eigenschaften<\/th>\n<\/tr>\n<tr>\n<td rowspan=\"2\"><img loading=\"lazy\" decoding=\"async\" src=\"\/wp-content\/uploads\/2014\/06\/INVGTS.gif\" width=\"56\" height=\"112\"><\/td>\n<td valign=\"top\">Schwaches Rezept:<\/td>\n<td>Prunkschild<br \/>\n+ Eth-Rune<br \/>\n+ Juwel<br \/>\n+ Perfekter Saphir<\/td>\n<td>5% Chance, Level 8 Frostnova zu zaubern wenn getroffen<br \/>\nAngreifer erleidet Schaden von 5-10<br \/>\n5-10% h\u00f6here Chance zum Blocken<\/td>\n<\/tr>\n<tr>\n<td valign=\"top\">Starkes Rezept:<\/td>\n<td>Elite Prunkschild<br \/>\n+ Hel-Rune<br \/>\n+ Juwel<br \/>\n+ Perfekter Saphir<\/td>\n<td>7% Chance, Level 12 Frostnova zu zaubern wenn getroffen<br \/>\nAngreifer erleidet Schaden von 8-20<br \/>\n8-15% h\u00f6here Chance zum Blocken<\/td>\n<\/tr>\n<\/tbody>\n<\/table>\n<table>\n<tbody>\n<tr>\n<th>R\u00fcstung<\/th>\n<th>Rezept<\/th>\n<th>Zutaten<\/th>\n<th>Eigenschaften<\/th>\n<\/tr>\n<tr>\n<td rowspan=\"2\"><img loading=\"lazy\" decoding=\"async\" src=\"\/wp-content\/uploads\/2014\/06\/INVLTP.gif\" width=\"56\" height=\"84\"><\/td>\n<td valign=\"top\">Schwaches Rezept:<\/td>\n<td>Leichte Plattenr\u00fcstung<br \/>\n+ Ith-Rune<br \/>\n+ Juwel<br \/>\n+ Perfekter Saphir<\/td>\n<td>5% Chance, Level 8 Frostnova zu zaubern wenn getroffen<br \/>\nAngreifer erleidet Schaden von 5-10<br \/>\n7-15% Monsterflucht<\/td>\n<\/tr>\n<tr>\n<td valign=\"top\">Starkes Rezept:<\/td>\n<td>Elite Leichte Plattenr\u00fcstung<br \/>\n+ Po-Rune<br \/>\n+ Juwel<br \/>\n+ Perfekter Saphir<\/td>\n<td>7% Chance, Level 12 Frostnova zu zaubern wenn getroffen<br \/>\nAngreifer erleidet Schaden von 8-20<br \/>\n20-35% Monsterflucht<\/td>\n<\/tr>\n<\/tbody>\n<\/table>\n<table>\n<tbody>\n<tr>\n<th>Amulett<\/th>\n<th>Rezept<\/th>\n<th>Zutaten<\/th>\n<th>Eigenschaften<\/th>\n<\/tr>\n<tr>\n<td rowspan=\"2\"><img loading=\"lazy\" decoding=\"async\" src=\"\/wp-content\/uploads\/2014\/06\/INVAMU1.gif\" width=\"28\" height=\"28\"><\/td>\n<td valign=\"top\">Schwaches Rezept:<\/td>\n<td>irgendein Amulett<br \/>\n+ Tal-Rune<br \/>\n+ Juwel<br \/>\n+ Perfekter Saphir<\/td>\n<td>5% Chance, Level 8 Frostnova zu zaubern wenn getroffen<br \/>\nAngreifer erleidet Schaden von 5-10<br \/>\n1-15% schnellere Erholung nach Treffer<\/td>\n<\/tr>\n<tr>\n<td valign=\"top\">Starkes Rezept:<\/td>\n<td>irgendein Amulett<br \/>\n+ Lum-Rune<br \/>\n+ Juwel<br \/>\n+ Perfekter Saphir<\/td>\n<td>7% Chance, Level 12 Frostnova zu zaubern wenn getroffen<br \/>\nAngreifer erleidet Schaden von 8-20<br \/>\n1-15% schnellere Erholung nach Treffer<\/td>\n<\/tr>\n<\/tbody>\n<\/table>\n<table>\n<tbody>\n<tr>\n<th>Ring<\/th>\n<th>Rezept<\/th>\n<th>Zutaten<\/th>\n<th>Eigenschaften<\/th>\n<\/tr>\n<tr>\n<td rowspan=\"2\"><img loading=\"lazy\" decoding=\"async\" src=\"\/wp-content\/uploads\/2014\/06\/INVRIN1.gif\" width=\"28\" height=\"28\"><\/td>\n<td valign=\"top\">Schwaches Rezept:<\/td>\n<td>irgendein Ring<br \/>\n+ Ral-Rune<br \/>\n+ Juwel<br \/>\n+ Perfekter Saphir<\/td>\n<td>5% Chance, Level 8 Frostnova zu zaubern wenn getroffen<br \/>\nAngreifer erleidet Schaden von 5-10<br \/>\n+5-10 zu Geschicklichkeit<\/td>\n<\/tr>\n<tr>\n<td valign=\"top\">Starkes Rezept:<\/td>\n<td>irgendein Ring<br \/>\n+ Ko-Rune<br \/>\n+ Juwel<br \/>\n+ Perfekter Saphir<\/td>\n<td>7% Chance, Level 12 Frostnova zu zaubern wenn getroffen<br \/>\nAngreifer erleidet Schaden von 8-20<br \/>\n+8-15 zu Geschicklichkeit<\/td>\n<\/tr>\n<\/tbody>\n<\/table>\n<table>\n<tbody>\n<tr>\n<th>Waffe<\/th>\n<th>Rezept<\/th>\n<th>Zutaten<\/th>\n<th>Eigenschaften<\/th>\n<\/tr>\n<tr>\n<td rowspan=\"2\"><img loading=\"lazy\" decoding=\"async\" src=\"\/wp-content\/uploads\/2014\/06\/INVGIX.gif\" width=\"56\" height=\"84\"><\/td>\n<td valign=\"top\">Schwaches Rezept:<\/td>\n<td>irgendeine Normale Waffe<br \/>\n+ Ort-Rune<br \/>\n+ Juwel<br \/>\n+ Perfekter Saphir<\/td>\n<td>5% Chance, Level 8 Frostnova zu zaubern wenn getroffen<br \/>\nAngreifer erleidet Schaden von 5-10<br \/>\nSchaden erh\u00f6ht um 34-67%<\/td>\n<\/tr>\n<tr>\n<td valign=\"top\">Starkes Rezept:<\/td>\n<td>irgendeine Elite Waffe<br \/>\n+ Fal-Rune<br \/>\n+ Juwel<br \/>\n+ Perfekter Saphir<\/td>\n<td>7% Chance, Level 12 Frostnova zu zaubern wenn getroffen<br \/>\nAngreifer erleidet Schaden von 8-20<br \/>\nSchaden erh\u00f6ht um 40-80%<\/td>\n<\/tr>\n<\/tbody>\n<\/table>\n<p><img loading=\"lazy\" decoding=\"async\" src=\"\/wp-content\/uploads\/2014\/06\/crafted_hitpower_1.jpg\" class=\"aligncenter\" width=\"417\" height=\"151\"><\/p>\n<p>Dieser<br \/>\nRing ist durch das schwache Schlagkraft-Rezept entstanden. Die Eigenschaften<br \/>\n&#8222;5% Chance, Level 8 Frostnova zu zaubern wenn getroffen&#8220;, &#8222;Angreifer<br \/>\nerleidet Schaden von 5&#8220; und &#8222;+9 zu Geschicklichkeit&#8220; kommen vom<br \/>\nRezept, der Rest ist Zufall. Dieser Spieler hatte Gl\u00fcck und gewann zus\u00e4tzlich<br \/>\neine h\u00f6here Chance, magische Gegenst\u00e4nde zu finden. Mit etwas mehr<br \/>\nGl\u00fcck h\u00e4tte auch Lebens- und Manaabsaugung enthalten sein k\u00f6nnen&#8230;<\/p>\n<p><a href=\"\/diablo-2\/tips\/crafted\/\">Zur\u00fcck zur \u00dcbersichtsseite<\/a><\/p>\n","protected":false},"excerpt":{"rendered":"<p>Diese Rezepte dienen vor allem der Sicherheit des Charakters. Sie haben als feste Eigenschaft immer das Ausl\u00f6sen von Frostnovas wenn man getroffen wird und einen kleinen Dorneneffekt. Eine weitere F\u00e4higkeit kommt noch dazu die auch \u00e4hnlichen Zielen dient, wie etwa schnellere Erholung oder &#8222;Schaden zu Mana&#8220;. Von jedem Gegenstand, der mit diesem Rezept verwandelt werden&hellip; <a class=\"more-link\" href=\"https:\/\/planetdiablo.eu\/de\/diablo-2\/tips\/crafted\/schlagkraft-108\/\"><span class=\"screen-reader-text\">Diablo 2 &#8211; Schlagkraft-Rezepte in Patch 1.08<\/span> weiterlesen<\/a><\/p>\n","protected":false},"author":748,"featured_media":0,"parent":557398,"menu_order":0,"comment_status":"open","ping_status":"open","template":"","meta":{"footnotes":""},"class_list":["post-557490","page","type-page","status-publish","hentry","entry"],"_links":{"self":[{"href":"https:\/\/planetdiablo.eu\/de\/wp-json\/wp\/v2\/pages\/557490","targetHints":{"allow":["GET"]}}],"collection":[{"href":"https:\/\/planetdiablo.eu\/de\/wp-json\/wp\/v2\/pages"}],"about":[{"href":"https:\/\/planetdiablo.eu\/de\/wp-json\/wp\/v2\/types\/page"}],"author":[{"embeddable":true,"href":"https:\/\/planetdiablo.eu\/de\/wp-json\/wp\/v2\/users\/748"}],"replies":[{"embeddable":true,"href":"https:\/\/planetdiablo.eu\/de\/wp-json\/wp\/v2\/comments?post=557490"}],"version-history":[{"count":1,"href":"https:\/\/planetdiablo.eu\/de\/wp-json\/wp\/v2\/pages\/557490\/revisions"}],"predecessor-version":[{"id":583171,"href":"https:\/\/planetdiablo.eu\/de\/wp-json\/wp\/v2\/pages\/557490\/revisions\/583171"}],"up":[{"embeddable":true,"href":"https:\/\/planetdiablo.eu\/de\/wp-json\/wp\/v2\/pages\/557398"}],"wp:attachment":[{"href":"https:\/\/planetdiablo.eu\/de\/wp-json\/wp\/v2\/media?parent=557490"}],"curies":[{"name":"wp","href":"https:\/\/api.w.org\/{rel}","templated":true}]}}