{"id":557498,"date":"2014-06-23T01:35:29","date_gmt":"2014-06-22T23:35:29","guid":{"rendered":"http:\/\/diablo3.ingame.de\/?page_id=557498"},"modified":"2021-07-30T10:40:39","modified_gmt":"2021-07-30T08:40:39","slug":"sicherheit-108","status":"publish","type":"page","link":"https:\/\/planetdiablo.eu\/de\/diablo-2\/tips\/crafted\/sicherheit-108\/","title":{"rendered":"Diablo 2 &#8211; Sicherheits-Rezepte in Patch 1.08"},"content":{"rendered":"<p>Diese Gegenst\u00e4nde dienen dem reinen \u00dcberleben. Durch sie verringert<br \/>\nman den Schaden pro Treffer, Magieschaden pro Treffer und bekommt auch zus\u00e4tzliche<br \/>\nResistenzen oder verschnellert das Blocken.<\/p>\n<p>Von jedem Gegenstand, der mit diesem Rezept verwandelt werden kann gibt es<br \/>\nzwei Versionen, eine schw\u00e4chere, und eine st\u00e4rkere. Die st\u00e4rkere<br \/>\ngibts zwar bessere Ergebnisse, allerdings ben\u00f6tigt sie auch seltenere Zutaten.<\/p>\n<p>Zus\u00e4tzlich zu den aufgelisteten Eigenschaften hat der entstehende Gegenstand<br \/>\nauch noch zuf\u00e4llige F\u00e4higkeiten, wie z.B. auch seltene Items. Auf<br \/>\nStiefeln k\u00f6nnen also auch noch St\u00e4rke-, oder auf einem Amulett Fertigkeitsboni<br \/>\nenthalten sein&#8230;<\/p>\n<p>Die Grunditems m\u00fcssen immer magisch sein, normale oder rares gehen nicht.<br \/>\nIn den schwachen Rezepten k\u00f6nnen statt einem normalen Gegenstand auch die<br \/>\nentsprechenden Exceptionals oder Elites genommen werden (etwa statt einem Hohen<br \/>\nSchild eine Pavese oder Aegis). Die starken Rezepte funktionieren nur mit Elites.<\/p>\n<table>\n<tbody>\n<tr>\n<th>Helm<\/th>\n<th>Rezept<\/th>\n<th>Zutaten<\/th>\n<th>Eigenschaften<\/th>\n<\/tr>\n<tr>\n<td rowspan=\"2\"><img loading=\"lazy\" decoding=\"async\" src=\"\/wp-content\/uploads\/2014\/06\/INVCRN.gif\" width=\"56\" height=\"56\"><\/td>\n<td valign=\"top\">Schwaches Rezept:<\/td>\n<td>Krone<br \/>\n+ El-Rune<br \/>\n+ Juwel<br \/>\n+ Perfekter Smaragd<\/td>\n<td>Schaden reduziert um 3-9<br \/>\nMagieschaden reduziert um 2-5<br \/>\n5-15% Blitzresistenz<\/td>\n<\/tr>\n<tr>\n<td valign=\"top\">Starkes Rezept:<\/td>\n<td>Elite Krone<br \/>\n+ Amn-Rune<br \/>\n+ Juwel<br \/>\n+ Perfekter Smaragd<\/td>\n<td>Schaden reduziert um 6-15<br \/>\nMagieschaden reduziert um 3-10<br \/>\n10-25% Blitzresistenz<\/td>\n<\/tr>\n<\/tbody>\n<\/table>\n<table>\n<tbody>\n<tr>\n<th>Stiefel<\/th>\n<th>Rezept<\/th>\n<th>Zutaten<\/th>\n<th>Eigenschaften<\/th>\n<\/tr>\n<tr>\n<td rowspan=\"2\"><img loading=\"lazy\" decoding=\"async\" src=\"\/wp-content\/uploads\/2014\/06\/INVHBT.gif\" width=\"56\" height=\"56\"><\/td>\n<td valign=\"top\">Schwaches Rezept:<\/td>\n<td>Beinschienen<br \/>\n+ Eld-Rune<br \/>\n+ Juwel<br \/>\n+ Perfekter Smaragd<\/td>\n<td>Schaden reduziert um 3-9<br \/>\nMagieschaden reduziert um 2-5<br \/>\n5-15% Feuerresistenz<\/td>\n<\/tr>\n<tr>\n<td valign=\"top\">Starkes Rezept:<\/td>\n<td>Elite Beinschienen<br \/>\n+ Sol-Rune<br \/>\n+ Juwel<br \/>\n+ Perfekter Smaragd<\/td>\n<td>Schaden reduziert um 6-15<br \/>\nMagieschaden reduziert um 3-10<br \/>\n10-25% Feuerresistenz<\/td>\n<\/tr>\n<\/tbody>\n<\/table>\n<table>\n<tbody>\n<tr>\n<th>Handschuhe<\/th>\n<th>Rezept<\/th>\n<th>Zutaten<\/th>\n<th>Eigenschaften<\/th>\n<\/tr>\n<tr>\n<td rowspan=\"2\"><img loading=\"lazy\" decoding=\"async\" src=\"\/wp-content\/uploads\/2014\/06\/INVHGL.gif\" width=\"56\" height=\"56\"><\/td>\n<td valign=\"top\">Schwaches Rezept:<\/td>\n<td>Panzerhandschuhe<br \/>\n+ Tir-Rune<br \/>\n+ Juwel<br \/>\n+ Perfekter Smaragd<\/td>\n<td>Schaden reduziert um 3-9<br \/>\nMagieschaden reduziert um 2-5<br \/>\n5-15% K\u00e4lteresistenz<\/td>\n<\/tr>\n<tr>\n<td valign=\"top\">Starkes Rezept:<\/td>\n<td>Elite Panzerhandschuhe<br \/>\n+ Shae-Rune<br \/>\n+ Juwel<br \/>\n+ Perfekter Smaragd<\/td>\n<td>Schaden reduziert um 6-15<br \/>\nMagieschaden reduziert um 3-10<br \/>\n10-25% K\u00e4lteresistenz<\/td>\n<\/tr>\n<\/tbody>\n<\/table>\n<table>\n<tbody>\n<tr>\n<th>G\u00fcrtel<\/th>\n<th>Rezept<\/th>\n<th>Zutaten<\/th>\n<th>Eigenschaften<\/th>\n<\/tr>\n<tr>\n<td rowspan=\"2\"><img loading=\"lazy\" decoding=\"async\" src=\"\/wp-content\/uploads\/2014\/06\/INVLBL.gif\" width=\"56\" height=\"28\"><\/td>\n<td valign=\"top\">Schwaches Rezept:<\/td>\n<td>Sch\u00e4rpe<br \/>\n+ Nef-Rune<br \/>\n+ Juwel<br \/>\n+ Perfekter Smaragd<\/td>\n<td>Schaden reduziert um 3-9<br \/>\nMagieschaden reduziert um 2-5<br \/>\n5-15% Giftresistenz<\/td>\n<\/tr>\n<tr>\n<td valign=\"top\">Starkes Rezept:<\/td>\n<td>Elite Sch\u00e4rpe<br \/>\n+ Dol-Rune<br \/>\n+ Juwel<br \/>\n+ Perfekter Smaragd<\/td>\n<td>Schaden reduziert um 6-15<br \/>\nMagieschaden reduziert um 3-10<br \/>\n10-25% Giftresistenz<\/td>\n<\/tr>\n<\/tbody>\n<\/table>\n<table>\n<tbody>\n<tr>\n<th>Schild<\/th>\n<th>Rezept<\/th>\n<th>Zutaten<\/th>\n<th>Eigenschaften<\/th>\n<\/tr>\n<tr>\n<td rowspan=\"2\"><img loading=\"lazy\" decoding=\"async\" src=\"\/wp-content\/uploads\/2014\/06\/INVKIT.gif\" width=\"56\" height=\"84\"><\/td>\n<td valign=\"top\">Schwaches Rezept:<\/td>\n<td>Eckiger Schild<br \/>\n+ Eth-Rune<br \/>\n+ Juwel<br \/>\n+ Perfekter Smaragd<\/td>\n<td>Schaden reduziert um 3-9<br \/>\nMagieschaden reduziert um 2-5<br \/>\n5-15% Magieresistenz<\/td>\n<\/tr>\n<tr>\n<td valign=\"top\">Starkes Rezept:<\/td>\n<td>Elite Eckiger Schild<br \/>\n+ Hel-Rune<br \/>\n+ Juwel<br \/>\n+ Perfekter Smaragd<\/td>\n<td>Schaden reduziert um 6-15<br \/>\nMagieschaden reduziert um 3-10<br \/>\n10-25% Magieresistenz<\/td>\n<\/tr>\n<\/tbody>\n<\/table>\n<table>\n<tbody>\n<tr>\n<th>R\u00fcstung<\/th>\n<th>Rezept<\/th>\n<th>Zutaten<\/th>\n<th>Eigenschaften<\/th>\n<\/tr>\n<tr>\n<td rowspan=\"2\"><img loading=\"lazy\" decoding=\"async\" src=\"\/wp-content\/uploads\/2014\/06\/INVBRS.gif\" width=\"56\" height=\"84\"><\/td>\n<td valign=\"top\">Schwaches Rezept:<\/td>\n<td>Brustpanzer<br \/>\n+ Ith-Rune<br \/>\n+ Juwel<br \/>\n+ Perfekter Smaragd<\/td>\n<td>Schaden reduziert um 3-9<br \/>\nMagieschaden reduziert um 2-5<br \/>\nHalbe Dauer der Erstarrung<\/td>\n<\/tr>\n<tr>\n<td valign=\"top\">Starkes Rezept:<\/td>\n<td>Elite Brustpanzer<br \/>\n+ Po-Rune<br \/>\n+ Juwel<br \/>\n+ Perfekter Smaragd<\/td>\n<td>Schaden reduziert um 6-15<br \/>\nMagieschaden reduziert um 3-10<br \/>\nHalbe Dauer der Erstarrung<\/td>\n<\/tr>\n<\/tbody>\n<\/table>\n<table>\n<tbody>\n<tr>\n<th>Amulett<\/th>\n<th>Rezept<\/th>\n<th>Zutaten<\/th>\n<th>Eigenschaften<\/th>\n<\/tr>\n<tr>\n<td rowspan=\"2\"><img loading=\"lazy\" decoding=\"async\" src=\"\/wp-content\/uploads\/2014\/06\/INVAMU1.gif\" width=\"28\" height=\"28\"><\/td>\n<td valign=\"top\">Schwaches Rezept:<\/td>\n<td>irgendein Amulett<br \/>\n+ Tal-Rune<br \/>\n+ Juwel<br \/>\n+ Perfekter Smaragd<\/td>\n<td>Schaden reduziert um 3-9<br \/>\nMagieschaden reduziert um 2-5<br \/>\n1-15% schnelleres Blocken<\/td>\n<\/tr>\n<tr>\n<td valign=\"top\">Starkes Rezept:<\/td>\n<td>irgendein Amulett<br \/>\n+ Lum-Rune<br \/>\n+ Juwel<br \/>\n+ Perfekter Smaragd<\/td>\n<td>Schaden reduziert um 6-15<br \/>\nMagieschaden reduziert um 3-10<br \/>\n1-15% schnelleres Blocken<\/td>\n<\/tr>\n<\/tbody>\n<\/table>\n<table>\n<tbody>\n<tr>\n<th>Ring<\/th>\n<th>Rezept<\/th>\n<th>Zutaten<\/th>\n<th>Eigenschaften<\/th>\n<\/tr>\n<tr>\n<td rowspan=\"2\"><img loading=\"lazy\" decoding=\"async\" src=\"\/wp-content\/uploads\/2014\/06\/INVRIN1.gif\" width=\"28\" height=\"28\"><\/td>\n<td valign=\"top\">Schwaches Rezept:<\/td>\n<td>irgendein Ring<br \/>\n+ Ral-Rune<br \/>\n+ Juwel<br \/>\n+ Perfekter Smaragd<\/td>\n<td>Schaden reduziert um 3-9<br \/>\nMagieschaden reduziert um 2-5<br \/>\n+5-10 zu Vitalit\u00e4t<\/td>\n<\/tr>\n<tr>\n<td valign=\"top\">Starkes Rezept:<\/td>\n<td>irgendein Ring<br \/>\n+ Ko-Rune<br \/>\n+ Juwel<br \/>\n+ Perfekter Smaragd<\/td>\n<td>Schaden reduziert um 6-15<br \/>\nMagieschaden reduziert um 3-10<br \/>\n+8-15 zu Vitalit\u00e4t<\/td>\n<\/tr>\n<\/tbody>\n<\/table>\n<table>\n<tbody>\n<tr>\n<th>Waffe<\/th>\n<th>Rezept<\/th>\n<th>Zutaten<\/th>\n<th>Eigenschaften<\/th>\n<\/tr>\n<tr>\n<td rowspan=\"2\"><img loading=\"lazy\" decoding=\"async\" src=\"\/wp-content\/uploads\/2014\/06\/INVGIX.gif\" width=\"56\" height=\"84\"><\/td>\n<td valign=\"top\">Schwaches Rezept:<\/td>\n<td>irgendeine Normale Waffe<br \/>\n+ Ort-Rune<br \/>\n+ Juwel<br \/>\n+ Perfekter Smaragd<\/td>\n<td>Schaden reduziert um 3-9<br \/>\nMagieschaden reduziert um 2-5<br \/>\nSchaden erh\u00f6ht um 34-67%<\/td>\n<\/tr>\n<tr>\n<td valign=\"top\">Starkes Rezept:<\/td>\n<td>irgendeine Elite Waffe<br \/>\n+ Fal-Rune<br \/>\n+ Juwel<br \/>\n+ Perfekter Smaragd<\/td>\n<td>Schaden reduziert um 6-15<br \/>\nMagieschaden reduziert um 3-10<br \/>\nSchaden erh\u00f6ht um 40-80%<\/td>\n<\/tr>\n<\/tbody>\n<\/table>\n<p><img loading=\"lazy\" decoding=\"async\" src=\"\/wp-content\/uploads\/2014\/06\/crafted_safety_1.jpg\" class=\"aligncenter\" width=\"352\" height=\"237\"><\/p>\n<p>Dieser<br \/>\nOrb wurde mit dem schwachen Sicherheits-Rezept hergestellt. Die Eigenschaften<br \/>\n&#8222;Schaden reduziert um 5&#8220;, &#8222;Magieschaden reduziert um 4&#8220;<br \/>\nund &#8222;+63% erh\u00f6hter Schaden&#8220; kommen vom Rezept, der Rest ist Zufall.<\/p>\n<p><a href=\"\/diablo-2\/tips\/crafted\/\">Zur\u00fcck zur \u00dcbersichtsseite<\/a><\/p>\n","protected":false},"excerpt":{"rendered":"<p>Diese Gegenst\u00e4nde dienen dem reinen \u00dcberleben. Durch sie verringert man den Schaden pro Treffer, Magieschaden pro Treffer und bekommt auch zus\u00e4tzliche Resistenzen oder verschnellert das Blocken. Von jedem Gegenstand, der mit diesem Rezept verwandelt werden kann gibt es zwei Versionen, eine schw\u00e4chere, und eine st\u00e4rkere. Die st\u00e4rkere gibts zwar bessere Ergebnisse, allerdings ben\u00f6tigt sie auch&hellip; <a class=\"more-link\" href=\"https:\/\/planetdiablo.eu\/de\/diablo-2\/tips\/crafted\/sicherheit-108\/\"><span class=\"screen-reader-text\">Diablo 2 &#8211; Sicherheits-Rezepte in Patch 1.08<\/span> weiterlesen<\/a><\/p>\n","protected":false},"author":748,"featured_media":0,"parent":557398,"menu_order":0,"comment_status":"open","ping_status":"open","template":"","meta":{"footnotes":""},"class_list":["post-557498","page","type-page","status-publish","hentry","entry"],"_links":{"self":[{"href":"https:\/\/planetdiablo.eu\/de\/wp-json\/wp\/v2\/pages\/557498","targetHints":{"allow":["GET"]}}],"collection":[{"href":"https:\/\/planetdiablo.eu\/de\/wp-json\/wp\/v2\/pages"}],"about":[{"href":"https:\/\/planetdiablo.eu\/de\/wp-json\/wp\/v2\/types\/page"}],"author":[{"embeddable":true,"href":"https:\/\/planetdiablo.eu\/de\/wp-json\/wp\/v2\/users\/748"}],"replies":[{"embeddable":true,"href":"https:\/\/planetdiablo.eu\/de\/wp-json\/wp\/v2\/comments?post=557498"}],"version-history":[{"count":2,"href":"https:\/\/planetdiablo.eu\/de\/wp-json\/wp\/v2\/pages\/557498\/revisions"}],"predecessor-version":[{"id":583177,"href":"https:\/\/planetdiablo.eu\/de\/wp-json\/wp\/v2\/pages\/557498\/revisions\/583177"}],"up":[{"embeddable":true,"href":"https:\/\/planetdiablo.eu\/de\/wp-json\/wp\/v2\/pages\/557398"}],"wp:attachment":[{"href":"https:\/\/planetdiablo.eu\/de\/wp-json\/wp\/v2\/media?parent=557498"}],"curies":[{"name":"wp","href":"https:\/\/api.w.org\/{rel}","templated":true}]}}