{"id":557967,"date":"2014-06-23T23:25:38","date_gmt":"2014-06-23T21:25:38","guid":{"rendered":"http:\/\/diablo3.ingame.de\/?page_id=557967"},"modified":"2021-11-01T23:58:15","modified_gmt":"2021-11-01T21:58:15","slug":"sicherheit","status":"publish","type":"page","link":"https:\/\/planetdiablo.eu\/de\/diablo-2\/tips\/sicherheit\/","title":{"rendered":"Diablo 2 &#8211; Account-Sicherheit und Schutz vor Hacks im Battle.net"},"content":{"rendered":"<p>Wie verhindere ich, dass mein Account &#8222;gehackt&#8220; wird? Die folgenden Tipps sollen dabei helfen.<\/p>\n<h2>F\u00fcr verschiedene Dienste verschiedene Passw\u00f6rter benutzen<\/h2>\n<p>Auch das allerbeste Passwort n\u00fctzt nichts, wenn man dieses in mehr als<br \/>\neinem Dienst benutzt! (und damit mehreren Leuten anvertraut)<br \/>\nAls Beispiel: Wer sein battle.net Passwort in einem Forum benutzt, in dem die Administratoren die Passw\u00f6rter in Klartext einsehen k\u00f6nnen, gibt damit grunds\u00e4tzlich jedem Administrator die M\u00f6glichkeit, seinen Account zu klauen. Das selbe gilt f\u00fcr jeden anderen Dienst (Freemailer, Charakterdatenbanken, Tradeseiten).<br \/>\nUnd auch wenn die Betreiber der Webseiten v\u00f6llig ehrlich sind, setzt man sich einem Risiko aus. Denn wenn das Passwort auf mehreren Seiten gespeichert wird steigt die Chance dass ein Hacker Zugriff auf eine von diesen bekommt.<br \/>\nUnd dann liegt es nahe, dass er versucht mit den so gewonnenen Passw\u00f6rtern auf die battle.net Accounts zuzugreifen!<br \/>\nAlso: Das battle.net Passwort auf keinen Fall an irgendeiner Stelle wiederverwenden!<\/p>\n<h2>Das Passwort richtig w\u00e4hlen<\/h2>\n<p>Es gibt im Allgemeinen drei Arten von Passw\u00f6rtern:<\/p>\n<ol>\n<li><b>V\u00f6llig Schwachsinnige<\/b><br \/>\nDazu geh\u00f6ren Passw\u00f6rter wie &#8222;duriel&#8220;, &#8222;jordan&#8220;,<br \/>\n&#8222;geheim&#8220; oder den Klassiker &#8222;passwort&#8220;. Wer so ein Passwort benutzt<br \/>\nsollte sich nicht wundern, wenn der Account pl\u00f6tzlich weg ist&#8230;<\/li>\n<li><b>Halbwegs Brauchbare<\/b><br \/>\nBeispiele daf\u00fcr sind &#8222;tulpe2392&#8220;, &#8222;273027&#8220; oder &#8222;diablogfrk&#8220;.<br \/>\nDiese sind nicht ganz so einfach zu knacken und bringen einen einigermassen<br \/>\nn\u00fctzlichen Schutz. Wer eine etwas vergessliche Natur hat und nicht ein<br \/>\nTop-Ziel von Hackern ist sollte ein Passwort nach diesem Schema w\u00e4hlen<\/li>\n<li><b>Sichere<\/b><br \/>\nSichere Passw\u00f6rter sind solche die v\u00f6llig zuf\u00e4llig sind wie<br \/>\nz.B. &#8222;%y3v7ay&amp;fa&#8220;. Diese bieten den gr\u00f6ssten Schutz und<br \/>\nsind vor allem f\u00fcr Leute die ein empfindliches Ziel darstellen (vor allem<br \/>\nf\u00fcr solche mit Laddercharakteren) empfohlen. Aber auch andere k\u00f6nnen<br \/>\nvon dieser Crack-Sicherheit profitieren.<\/li>\n<\/ol>\n<h2>Niemals das Passwort verraten!<\/h2>\n<p>Im battle.net und auf vielen Internetseiten werden einem Dinge gesagt wie<br \/>\n&#8222;Wenn du hier deinen Account und dein Passwort eingibst kriegst du eine kostenlose<br \/>\nWindforce&#8220; oder &#8222;Blizzard wird ungenutzte Accounts l\u00f6schen. Um deinen Account zu<br \/>\nspeichern tippe: \/w *BlizzSave &lt;Account&gt; &lt;Passwort&gt;&#8220;. Das sind nat\u00fcrlich alles L\u00fcgen.<br \/>\n<b>Wer nach deinem Passwort fragt will nur deinen Account pl\u00fcndern!<\/b><br \/>\nAlso, niemals das Passwort weitergeben, egal wie &#8222;seri\u00f6s&#8220; die Aufforderung klingt.<\/p>\n<h2>Diablo 2 auf Battle.net-Account registrieren<\/h2>\n<p>Wer seine Diablo 2 Version noch nicht auf seinem Battle.net Account registriert hat, sollte dies noch nachholen. Selbst wenn man dann gehackt wird (was eher unwahrscheinlich ist), kann man sich den Account auf diese Weise wieder zur\u00fcck holen.<\/p>\n<h2>Das Passwort nicht auf dem Computer abspeichern<\/h2>\n<p>Wenn man schon so vergesslich ist, dass man bef\u00fcrchtet sein Passwort zu verlieren, ist ein Blatt Papier immer noch die bessere Methode zum abspeichern desselben. Dieses kann wenigstens nicht \u00fcbers Internet gehackt werden! Man sollte das Blatt dann allerdings nicht offen rumliegen lassen \ud83d\ude09<\/p>\n<h2>Aktuelles Betriebssystem verwenden<\/h2>\n<p>Durch L\u00fccken in alten Betriebssystemen, kann man Hackern unter Umst\u00e4nden den Zugriff auf den eigenen PC vereinfachen. Um dies zu verhindern, sollte man immer das aktuelle Betriebssystem nutzen oder zumindest ein Betriebssystem, das noch laufend aktualisiert wird.<br \/>\nBeim Windows 10 kann der Windows Defender verwendet werden, um f\u00fcr zus\u00e4tzlichen Schutz zu sorgen.<\/p>\n<h2>Keine unsichere Software benutzen<\/h2>\n<p>Zu unsicherer Software geh\u00f6rt sowohl professionelle Programme von niedriger<br \/>\nQualit\u00e4t wie auch Hack-Programme wo man sich \u00fcber die Seri\u00f6sit\u00e4t<br \/>\ndes Programmierers nicht sicher sein kann.<br \/>\nZu der ersten Kategorie geh\u00f6ren vor allem Microsoft-Programme, die durch<br \/>\neine Unzahl von Sicherheitslecks immer wieder negative Schlagzeilen machen.<br \/>\nAuf Windows selber kann man schlecht verzichten, da man ja Diablo 2 spielen<br \/>\nwill. Andere Risiken wie etwa der Internet Explorer oder Outlook (Express) sollte<br \/>\nman aber wenn m\u00f6glich vermeiden. Als Browser kann man z.B. <a href=\"http:\/\/www.mozilla.org\/\">Mozilla<\/a><br \/>\noder <a href=\"http:\/\/www.opera.com\/\">Opera<\/a> verwenden und als Email-Programm<br \/>\n<a href=\"http:\/\/www.eudora.com\/\">Eudora<\/a>.<br \/>\nIn die zweite Kategorie geh\u00f6ren vor allem die gern angepriesenen Diablo<br \/>\n2 Cheatprogramme. Die meisten geben an, im Closed battle.net zu funktionieren<br \/>\nund die abenteuerlichsten Cheats zu erm\u00f6glichen. In Tat und Wahrheit dienen<br \/>\naber beinahe alle nur dazu die Passw\u00f6rter von etwaigen Benutzern zu stehlen.<br \/>\nDeshalb sollte man grunds\u00e4tzlich keine von diesen Cheatprogrammen runterladen!<\/p>\n<h2>Internetprogramme stets auf der neuesten Version haben<\/h2>\n<p>Jegliche Programme die eine Verbindung zum Internet aufbauen k\u00f6nnen stellen<br \/>\nein Sicherheitsrisiko dar und sollten deswegen stets auf dem neuesten Stand<br \/>\ngehalten werden. Dazu geh\u00f6ren etwa der Internet-Browser, Email-Programme,<br \/>\nFTP-Clients und -Server, Chatprogramme, aber auch weniger offensichtliche wie<br \/>\nz.B. Spiele mit Netzwerkf\u00e4higkeiten und Offline-Programme die sich \u00fcbers<br \/>\nInternet automatisch updaten lassen.<br \/>\nAlles, das in irgendeiner Form ins Internet verbinden kann sollte so oft<br \/>\nwie m\u00f6glich geupdatet werden. Oft bietet der Hersteller einen email-Newsletter<br \/>\nan, der \u00fcber neue Versionen informiert. So ein Dienst sollte unbedingt<br \/>\nbenutzt werden (wenn m\u00f6glich allerdings mit einem Freemailer als Spam-Schutz).<\/p>\n<h2>Virenscanner benutzen<\/h2>\n<p>Virenscanner k\u00f6nnen zwar nur gegen bekannte Viren und Trojaner sch\u00fctzen,<br \/>\nda jedoch die Mehrzahl der battle.net M\u00f6chtegernhacker Null Ahnung vom<br \/>\nProgrammieren hat und nur aus dem Internet heruntergeladene Tools benutzt k\u00f6nnen<br \/>\nsie dennoch sehr n\u00fctzlich sein!<br \/>\n<em>Guide geschrieben von Taktaal, \u00fcberarbeitet von Tub.<\/em><\/p>\n","protected":false},"excerpt":{"rendered":"<p>Wie verhindere ich, dass mein Account &#8222;gehackt&#8220; wird? Die folgenden Tipps sollen dabei helfen. F\u00fcr verschiedene Dienste verschiedene Passw\u00f6rter benutzen Auch das allerbeste Passwort n\u00fctzt nichts, wenn man dieses in mehr als einem Dienst benutzt! (und damit mehreren Leuten anvertraut) Als Beispiel: Wer sein battle.net Passwort in einem Forum benutzt, in dem die Administratoren die&hellip; <a class=\"more-link\" href=\"https:\/\/planetdiablo.eu\/de\/diablo-2\/tips\/sicherheit\/\"><span class=\"screen-reader-text\">Diablo 2 &#8211; Account-Sicherheit und Schutz vor Hacks im Battle.net<\/span> weiterlesen<\/a><\/p>\n","protected":false},"author":748,"featured_media":0,"parent":557384,"menu_order":0,"comment_status":"closed","ping_status":"open","template":"","meta":{"footnotes":""},"class_list":["post-557967","page","type-page","status-publish","hentry","entry"],"_links":{"self":[{"href":"https:\/\/planetdiablo.eu\/de\/wp-json\/wp\/v2\/pages\/557967","targetHints":{"allow":["GET"]}}],"collection":[{"href":"https:\/\/planetdiablo.eu\/de\/wp-json\/wp\/v2\/pages"}],"about":[{"href":"https:\/\/planetdiablo.eu\/de\/wp-json\/wp\/v2\/types\/page"}],"author":[{"embeddable":true,"href":"https:\/\/planetdiablo.eu\/de\/wp-json\/wp\/v2\/users\/748"}],"replies":[{"embeddable":true,"href":"https:\/\/planetdiablo.eu\/de\/wp-json\/wp\/v2\/comments?post=557967"}],"version-history":[{"count":1,"href":"https:\/\/planetdiablo.eu\/de\/wp-json\/wp\/v2\/pages\/557967\/revisions"}],"predecessor-version":[{"id":582796,"href":"https:\/\/planetdiablo.eu\/de\/wp-json\/wp\/v2\/pages\/557967\/revisions\/582796"}],"up":[{"embeddable":true,"href":"https:\/\/planetdiablo.eu\/de\/wp-json\/wp\/v2\/pages\/557384"}],"wp:attachment":[{"href":"https:\/\/planetdiablo.eu\/de\/wp-json\/wp\/v2\/media?parent=557967"}],"curies":[{"name":"wp","href":"https:\/\/api.w.org\/{rel}","templated":true}]}}