{"id":559042,"date":"2014-06-26T11:53:44","date_gmt":"2014-06-26T09:53:44","guid":{"rendered":"http:\/\/diablo3.ingame.de\/?page_id=559042"},"modified":"2023-02-23T22:57:41","modified_gmt":"2023-02-23T20:57:41","slug":"akt-5","status":"publish","type":"page","link":"https:\/\/planetdiablo.eu\/de\/diablo-2\/quests\/akt-5\/","title":{"rendered":"Diablo 2 Quests &#8211; Akt 5"},"content":{"rendered":"<h2>Inhalt<\/h2>\n<ul>\n<li><a href=\"\/diablo-2\/quests\/\">Allgemeines und Einf\u00fchrung<\/a><\/li>\n<li><a href=\"\/diablo-2\/quests\/akt-1\/\">Quests des I. Akts<\/a><\/li>\n<li><a href=\"\/diablo-2\/quests\/akt-2\/\">Quests des II. Akts<\/a><\/li>\n<li><a href=\"\/diablo-2\/quests\/akt-3\/\">Quests des III. Akts<\/a><\/li>\n<li><a href=\"\/diablo-2\/quests\/akt-4\/\">Quests des IV. Akts<\/a><\/li>\n<li><a href=\"#los\">Quests des V. Akts<\/a><\/li>\n<\/ul>\n<h2 id=\"los\">Die Quests des F\u00fcnften Aktes<\/h2>\n<p><img decoding=\"async\" class=\"aligncenter\" src=\"\/wp-content\/uploads\/2014\/06\/qlakt5.gif\" alt=\"Questlog - Akt V\"><\/p>\n<p>Die einzelnen Quests:<\/p>\n<ul>\n<li><a href=\"#q1\">Belagerung von Harrogath<\/a><\/li>\n<li><a href=\"#q2\">Rettung auf dem Berg Arreat<\/a><\/li>\n<li><a href=\"#q3\">Eisgef\u00e4ngnis<\/a><\/li>\n<li><a href=\"#q4\">Verrat in Harrogath<\/a><\/li>\n<li><a href=\"#q5\">Initiationsritus<\/a><\/li>\n<li><a href=\"#q6\">Vorabend der Vernichtung<\/a><\/li>\n<\/ul>\n<h2 id=\"q1\">Belagerung von Harrogath<\/h2>\n<p><img decoding=\"async\" class=\"aligncenter\" src=\"\/wp-content\/uploads\/2014\/06\/akt5q1.gif\" alt=\"Belagerung von Harrogath\"><\/p>\n<ul>\n<li><b>Kurzbeschreibung:<\/b> Shenk, den Aufseher t\u00f6ten und damit die Belagerung durchbrechen<\/li>\n<li><b>Auftraggeber:<\/b> Larzuk<\/li>\n<li><b>Lokalit\u00e4t:<\/b> Blutiges Vorgebirge<\/li>\n<li><b>Belohnung:<\/b> Gegenstand sockeln, Items identifizieren<\/li>\n<\/ul>\n<p>Der 5. Akt startet mit dem Angriff von Baals Dienern auf die Stadt<br \/>\nHarrogath. Daran sind vor allem von D\u00e4monen besessene Sklaven und<br \/>\nTodespr\u00fcgler beteiligt, die Tentakel durch das Erdreich bohren um<br \/>\nihre Gegner aus der Ferne aufzuspie\u00dfen. Die Hauptaufgabe besteht<br \/>\ndarin Shenk, den Anf\u00fchrer der Belagerung, zu t\u00f6ten.<\/p>\n<p>Wen man die Stadttore verl\u00e4sst und sich immer geradeaus seinen<br \/>\nWeg durch die Monsterhorden k\u00e4mpft, kann man Shenk eigentlich nicht<br \/>\nverfehlen. Er ist von unz\u00e4hligen Sklaven umgeben und kann diese mit<br \/>\nseiner Peitsche zu selbstm\u00f6rderischen Attacken verleiten, bei denen<br \/>\nsie in die N\u00e4he der Spieler st\u00fcrmen und teilweise explodieren.<br \/>\nEr kann sie jedoch weder heilen noch wiederbeleben, so dass es nur eine<br \/>\nFrage der Zeit ist, bis man ihm pers\u00f6nlich gegen\u00fcbersteht. Und<br \/>\nalleine ist er keine harte Nuss.<\/p>\n<p><img decoding=\"async\" class=\"aligncenter\" src=\"\/wp-content\/uploads\/2014\/06\/a5quest1p1s.jpg\" alt=\"Ein Barbar bei Shenk\"><br \/>\n<img decoding=\"async\" class=\"aligncenter\" src=\"\/wp-content\/uploads\/2014\/06\/a5quest1p2s.jpg\" alt=\"Ein Geschoss setzt die Umgebung in Brand\"><\/p>\n<p>Nachdem man sich seiner entledigt hat, sollte man in die Stadt gehen,<br \/>\nin der Larzuk nun seine Preise senkt und einem die M\u00f6glichkeit bietet,<br \/>\neinen Gegenstand mit Sockeln zu versehen. Hierbei erhalten weisse Gegenst\u00e4nde<br \/>\nihre maximale Sockelanzahl, magische Gegenst\u00e4nde 1-2 Sockel und alle<br \/>\nanderen ungesockelten Arten einen Sockel, nat\u00fcrlich nur soweit der<br \/>\nGegenstandstyp \u00fcberhaupt Sockel zul\u00e4sst, Handschuhe k\u00f6nnen<br \/>\netwa nicht gesockelt werden. Bereits gesockelte Gegenst\u00e4nde k\u00f6nnen<br \/>\nnicht mit weiteren Sockeln versehen werden.<br \/>\nNach Abschlu\u00df des Quests sinken alle H\u00e4ndlerpreise um 50%, so kostet eine TP-Rolle bei Malah z.B. nur noch 100 anstatt 200 Gold.<\/p>\n<h2 id=\"q2\">Rettung auf dem Berg Arreat<\/h2>\n<p><img decoding=\"async\" class=\"aligncenter\" src=\"\/wp-content\/uploads\/2014\/06\/akt5q2.gif\" alt=\"Rettung auf dem Berg Arreat\"><\/p>\n<ul>\n<li><b>Kurzbeschreibung:<\/b> 15 gefangene Barbaren befreien<\/li>\n<li><b>Auftraggeber:<\/b> Qual-Kehk<\/li>\n<li><b>Lokalit\u00e4t:<\/b> Eishochland<\/li>\n<li><b>Belohnung:<\/b> 3 Runen und die M\u00f6glichkeit S\u00f6ldner anzuheuern<\/li>\n<\/ul>\n<p>Diesmal m\u00fcssen einige Krieger aus ihrem Gef\u00e4ngnis im<br \/>\nEishochland befreit werden. Es handelt sich dabei um 15 Barbaren, die in<br \/>\nin Gruppen zu je f\u00fcnf in drei h\u00f6lzernen K\u00e4figen gefangen<br \/>\ngehalten werden.<\/p>\n<p>Ihre Gef\u00e4ngnisse befinden sich etwa in der Mitte des Eishochlandes,<br \/>\ndas haupts\u00e4chlich von Kobolden unsicher gemacht werden, die sich teleportieren,<br \/>\nmagische Geschosse verschiessen sowie gro\u00dfe Kampfkolosse und Befestigungsanlagen<br \/>\nbemannen.<\/p>\n<p>Hat man einen der drei K\u00e4fige gefunden, muss man die T\u00fcre<br \/>\nzerst\u00f6ren, woraufhin sich die Barbaren durch ein Stadtportal in Sicherheit<br \/>\nbringen. Man sollte jedoch nicht allzu langsam vorgehen, denn sobald man<br \/>\neinen K\u00e4fig entdeckt hat, beginnen die umliegenden Monster die darin<br \/>\ngefangenen Barbaren anzugreifen. Gelingt es ihnen dabei einen der Barbaren<br \/>\nzu t\u00f6ten gilt die Quest als nicht l\u00f6sbar und man muss es in einem<br \/>\nneuen Spiel wieder versuchen.<\/p>\n<p>Ab dann kann man bei Qual-Kehk S\u00f6ldner anheuern. Ebenso erh\u00e4lt<br \/>\nman von ihm als Belohnung die Runen Tal, Ral und Ort, mit denen sich das<br \/>\nRunenwort <a href=\"https:\/\/planetdiablo.eu\/d2dbneu\/itemdb\/runeword_index.php?id=1\">Schwur der Urahnen<\/a> bilden l\u00e4sst.<\/p>\n<h2 id=\"q3\">Eisgef\u00e4ngnis<\/h2>\n<p><img decoding=\"async\" class=\"aligncenter\" src=\"\/wp-content\/uploads\/2014\/06\/akt5q3.gif\" alt=\"Eisgef\u00e4ngnis\"><\/p>\n<ul>\n<li><b>Kurzbeschreibung:<\/b> Anya aus dem Eisblock befreien<\/li>\n<li><b>Auftraggeber:<\/b> Malah<\/li>\n<li><b>Lokalit\u00e4t:<\/b> Frostfluss<\/li>\n<li><b>Belohnung:<\/b> +10% Resistenzschriftrolle, charakterspezifischer Rare Gegenstand<\/li>\n<\/ul>\n<p>Malah bittet den Helden Anya wiederzufinden und sie glaubt, da\u00df<br \/>\nNihlathak (der zu Beginn nicht sehr freundlich ist) ewas mit ihrem Verschwinden<br \/>\nzu tun hat. Man findet Anya halb eingefroren am Frostfluss unter dem Kristalldurchgang,<br \/>\nbewacht von einem Bossmonster und dessen Dienern.<\/p>\n<p>Sie beschuldigt Nihlathak f\u00fcr ihre Lage und bittet den Spieler<br \/>\nHilfe zu holen. Diese findet man bei Malah, die einen ein Auftauelixier<br \/>\n\u00fcberrreicht, sobald man ihr Anyas Lage mitteilt.Mit diesem Trank kann<br \/>\nman nun Anya auftauen indem man sie anklickt, die daraufhin per Stadtportal<br \/>\nzur\u00fcckreist.<\/p>\n<p>Als Belohnung f\u00fcr die Errettung bekommt man von Malah eine Schriftrolle,<br \/>\ndie einem permanent +10% zu allen Resistenzen gibt. Von Anya erh\u00e4lt<br \/>\nman ein zuf\u00e4lligen seltenen Gegenstand, der immer charakterspezifisch<br \/>\nund in der Regel \u00e4u\u00dferst n\u00fctzlich ist. Zauberinnen erhalten<br \/>\nhierbei Orbs, Barbaren Helme, Paladine Schilde, Druiden Tierpelze, Assassinen<br \/>\nSchlagdolche und Amazonen B\u00f6gen, Speere oder Wurfspeere.<\/p>\n<h2 id=\"q4\">Verrat in Harrogath<\/h2>\n<p><img decoding=\"async\" class=\"aligncenter\" src=\"\/wp-content\/uploads\/\/2014\/06\/akt5q4.gif\" alt=\"Verrat in Harrogath\"><\/p>\n<ul>\n<li><b>Kurzbeschreibung:<\/b> Nihlatak t\u00f6ten<\/li>\n<li><b>Auftraggeber:<\/b> Anya<\/li>\n<li><b>Lokalit\u00e4t:<\/b> Hallen von Vaught<\/li>\n<li><b>Belohnung:<\/b> Personalisierung eines Gegenstandes<\/li>\n<\/ul>\n<p><img decoding=\"async\" class=\"aligncenter\" src=\"\/wp-content\/uploads\/2014\/06\/a5quest4p2s.jpg\" alt=\"Nihlataks Ableben\"><br \/>\nAnya erz\u00e4hlt dem Helden, da\u00df Nihlathak sie im Eisblock eingeschlossen<br \/>\nhatte und nun geflohen ist. Er hat die Bewohner von Harrogath also verraten!<br \/>\nMan nimmt ihr neu entstandenes rotes Portal zu Nihlathaks Tempel und<br \/>\nfindet ihn tief unten in einem drei Level tiefen H\u00f6hlensystem. Dabei<br \/>\nsollte man sich vor seinen Fl\u00fcchen und seinem hochentwickelten Kadaverexplosionsskill<br \/>\nin acht nehmen. Besonders seine F\u00e4higkeit Kadaver explodieren zu lassen<br \/>\nmacht diese Quest ab Alptraum besonders gef\u00e4hrlich. Der Schaden einer<br \/>\nohne mehrerer aufeinanderfolgenden Explosionen kann selbst Barbaren und<br \/>\nDruiden mit viel Leben leicht selbiges kosten. Ebenso haben die Explosionen<br \/>\neinen sehr hohen Radius, der den Bildschirm \u00fcberragen kann.<\/p>\n<p><img decoding=\"async\" class=\"aligncenter\" src=\"\/wp-content\/uploads\/2014\/06\/a5quest4p1s.jpg\" alt=\"Nihlatak umgeben von einer Horde Monster\">Besonders als Profi Charakter empfiehlt es sich daher dieses Quest nur<br \/>\nin einer starken Party zu l\u00f6sen und zu versuchen au\u00dferhalb der<br \/>\nReichweite der Leichen zu bleiben. Auch sollte man versuchen, die Nihlathak<br \/>\numgebenden Monster wegzulocken und ausserhalb seiner Reichweite zu t\u00f6ten,<br \/>\nbeziehungsweise mit K\u00e4lteschaden\/-skills daf\u00fcr sorgen, dass keine<br \/>\nLeichen zur\u00fcckbleiben. Nihlathak selber ist hingegen recht einfach<br \/>\nzu besiegen.<\/p>\n<p>Als Belohnung personalisiert Anya einen beliebigen Gegenstand, so dass<br \/>\nder eigene Charaktername davor steht. Das ist zwar eher als Fun einzustufen,<br \/>\naber ich kann mir gut vorstellen, dass in Zukunft eigene &#8222;Name Chars&#8220; entstehen<br \/>\nwerden, die keinen anderen Sinn haben als verschiedenste Items mit interessanten<br \/>\nNamen zu versehen \ud83d\ude09<\/p>\n<h2 id=\"q5\">Initiationsritus<\/h2>\n<p><img decoding=\"async\" class=\"aligncenter\" src=\"\/wp-content\/uploads\/\/2014\/06\/akt5q5.gif\" alt=\"Initiationsritus\"><\/p>\n<ul>\n<li><b>Kurzbeschreibung:<\/b> Die 3 Urahnen der Barbaren besiegen<\/li>\n<li><b>Auftraggeber:<\/b> Qual-Kehk<\/li>\n<li><b>Lokalit\u00e4t:<\/b> Gipfel des Berg Arreat<\/li>\n<li><b>Belohnung:<\/b> Erfahrungspunkte<\/li>\n<\/ul>\n<p><img decoding=\"async\" class=\"aligncenter\" src=\"\/wp-content\/uploads\/2014\/06\/a5quest5p1s.jpg\" alt=\"Madawc der W\u00e4chter\"><br \/>\nIn dieser Quest k\u00e4mpft man gegen die Urahnen der Barbarenst\u00e4mme,<br \/>\ndrei m\u00e4chtige Barbarenkrieger. Diese sind &#8222;Madawc, der W\u00e4chter&#8220;,<br \/>\n&#8222;Talic, der Verteidiger&#8220; und &#8222;Korlic, der Besch\u00fctzer&#8220;. Sobald man<br \/>\ndie Schrift des Altars auf dem Gipfel des Arreat gelesen hat, erwachen<br \/>\nihre drei Statuen zum Leben um durch einen Kampf entzscheiden, ob der Spieler<br \/>\nes wert ist weiter in das Innere des heiligen Berges Arreat vorzudringen.<br \/>\nBesonders in h\u00f6heren Schwierigkeitsgraden sind diese eine harte Nuss,<br \/>\nda sie gro\u00dfen Schaden anrichten, Skills wie Sprungangriff oder Wirbelwind<br \/>\nmeisterlich beherrschen und bis zu zwei von ihnen schon ab Alptraum physisch<br \/>\nimmun sind.<\/p>\n<p><img decoding=\"async\" class=\"aligncenter\" src=\"\/wp-content\/uploads\/2014\/06\/a5quest5p3s.jpg\" alt=\"Korlic der Besch\u00fctzer\">Zudem ist es dem Spieler nicht erlaubt zwischendurch den Kampfplatz<br \/>\nzu verlassen, da sonst der Kampf erneut startet. Genau diese Tatsache l\u00e4sst<br \/>\nsich aber vortrefflich zu eigenem Nutzen verwenden. Man kann die Statuen<br \/>\ndurch Lesen des Altars aktivieren, und falls die Krieger allzu ung\u00fcnstige<br \/>\nmagische Eigenschaften\/Immunit\u00e4ten haben, einfach ein Stadtportal<br \/>\ncasten, wodurch sich die Krieger wieder in Statuen verwandeln. Dies kann man immer wieder versuchen.<br \/>\nEin weiterer Tip f\u00fcr den wohl h\u00e4rtesten Kampf des Spiels<br \/>\nist, vorher einige Regenerationstr\u00e4nke auf dem Kampfplatz zu verteilen,<br \/>\ndie man dann im Gefecht schnell aufheben kann um seinen G\u00fcrtel wieder<br \/>\naufzuf\u00fcllen.<\/p>\n<p><img decoding=\"async\" class=\"aligncenter\" src=\"\/wp-content\/uploads\/2014\/06\/a5quest5p2s.jpg\" alt=\"Talic der Verteidiger\"><br \/>\nNach ihrer Niederlage geben die 3 tapferen Recken den Weg zum Weltsteinturm<br \/>\nfrei und belohnen den Spieler mit reichlich Erfahrungspunkten. Im Schwierigkeitsgrad<br \/>\nNormal erh\u00e4lt man 1,4 Millionen Erfahrungspunkte und muss mindestens<br \/>\n20 sein um diese zu erhalten.<br \/>\nIn Alptraum erh\u00e4lt man 20 Millionen<br \/>\nund muss mindestens Level 40 sein, in H\u00f6lle erh\u00e4lt man 40 Millionen<br \/>\nwenn man Level 60 oder hochstufiger ist. Diese Erfahrungspunkte werden<br \/>\nnicht durch die Erfahrungsmali ab Level 75 beeinflusst. Seit Patch 1.10 kann man<br \/>\nnur noch maximal ein Level aufsteigen &#8211; es lohnt sich also<br \/>\ndurchaus l\u00e4nger mit der Quest zu warten.<\/p>\n<h2 id=\"q6\">Vorabend der Vernichtung<\/h2>\n<p><img decoding=\"async\" class=\"aligncenter\" src=\"\/wp-content\/uploads\/\/2014\/06\/akt5q6.gif\" alt=\"Vorabend der Vernichtung\"><\/p>\n<ul>\n<li><b>Kurzbeschreibung:<\/b> Baal besiegen<\/li>\n<li><b>Auftraggeber:<\/b> Die Urahnen<\/li>\n<li><b>Lokalit\u00e4t:<\/b> Weltsteinkammer<\/li>\n<li><b>Belohnung:<\/b> Der Sieg<\/li>\n<\/ul>\n<p>Dies ist die letzte Quest und hat als Aufgabe die Vernichtung von Baal.<\/p>\n<p>Man geht durch den Weltsteinturm hinab, um zum Thron der Zerst\u00f6rung<br \/>\nzu gelangen. Baal sitzt dort und spricht Fl\u00fcche auf den Helden und<br \/>\nbeschw\u00f6rt ein Bossmonster mit seinen Dienern. Hat man diese besiegt,<br \/>\nverschwinden ihre Leichen und Baal beschw\u00f6rt ein weiteres Bossmonster<br \/>\ninklusive Dienern. Dies geschieht insgesamt f\u00fcnf Mal, mit recht unterschiedlichen<br \/>\nMonstern, die etwa die f\u00fcnf Akte repr\u00e4sentieren:<\/p>\n<ul>\n<li>Colenzo der Vernichter &#8211; Gefallener Schamane<\/li>\n<li>Achmel der Verfluchte &#8211; Vernichter<\/li>\n<li>Bartuc der Blutige &#8211; Hoher Rat<\/li>\n<li>Ventar der Unheilige &#8211; Balrog<\/li>\n<li>Lister der Folterer &#8211; Baals Krieger<\/li>\n<\/ul>\n<p>Beim f\u00fcnften Mal werden Baals Krieger beschworen, m\u00e4chtige Kreaturen<br \/>\ndie sonst nirgendwo im Spiel auftauchen und den Spielern mit bet\u00e4ubenden<br \/>\nNahkampfangriffen zu schaffen machen.<\/p>\n<p>Vorsicht ist bei den jeweiligen Beschw\u00f6rungen geboten, da diese<br \/>\nordentlich Lag verursachen, besonders beim Erscheinen der Krieger Baals<br \/>\nkann dieses mehrere Sekunden betragen. Man sollte sich also m\u00f6glichst<br \/>\nerstmal etwas zur\u00fcckziehen und sichergehen, dass Diener wie Walk\u00fcre,<br \/>\nGolems, etc. frisch zur Verf\u00fcgung stehen.<\/p>\n<p><img decoding=\"async\" class=\"aligncenter\" src=\"\/wp-content\/uploads\/2014\/06\/a5quest6p1s.jpg\" alt=\"Baal mit Lockvogel\"><br \/>\n<img decoding=\"async\" class=\"aligncenter\" src=\"\/wp-content\/uploads\/2014\/06\/a5quest6p2s.jpg\" alt=\"Der Weltstein\"><br \/>\n<img decoding=\"async\" class=\"aligncenter\" src=\"\/wp-content\/uploads\/2014\/06\/a5quest6p3s.jpg\" alt=\"Baals Tod\"><\/p>\n<p>Hat man alle beschworenen Monster vernichtet, fl\u00fcchtet Baal durch<br \/>\nein Portal in die Weltsteinkammer. Er zaubert einige Ranken, die versuchen<br \/>\neinen zu treffen und schleudert dem Spieler K\u00e4lte- und Feuerattacken<br \/>\nentgegen. Ebenfalls beherrscht er den Spruch &#8222;Lockvogel&#8220; der Amazone.<\/p>\n<p>Bei seinem Ableben l\u00e4sst er sich aber nicht lumpen und droppt einige<br \/>\ngute Sachen (mehrere Uniques\/Rares\/Sets). Tyrael erscheint und erz\u00e4hlt,<br \/>\nwie der Weltstein entweiht wurde und dass er zerst\u00f6rt werden muss,<br \/>\nwas weitreichende Konsequenzen f\u00fcr die Welt haben wird. Dann nimmt<br \/>\nman ein Portal, welches das Ende markiert, und darf sich an der Endsequenz<br \/>\nlaben.<\/p>\n<p>Zur\u00fcck zur <a href=\"\/diablo-2\/quests\/\" rel=\"up\">Quest\u00fcbersicht<\/a><\/p>\n<p><i>Inhalte von WerthersEchte und Heri<\/i><\/p>\n","protected":false},"excerpt":{"rendered":"<p>Inhalt Allgemeines und Einf\u00fchrung Quests des I. Akts Quests des II. Akts Quests des III. Akts Quests des IV. Akts Quests des V. Akts Die Quests des F\u00fcnften Aktes Die einzelnen Quests: Belagerung von Harrogath Rettung auf dem Berg Arreat Eisgef\u00e4ngnis Verrat in Harrogath Initiationsritus Vorabend der Vernichtung Belagerung von Harrogath Kurzbeschreibung: Shenk, den Aufseher&hellip; <a class=\"more-link\" href=\"https:\/\/planetdiablo.eu\/de\/diablo-2\/quests\/akt-5\/\"><span class=\"screen-reader-text\">Diablo 2 Quests &#8211; Akt 5<\/span> weiterlesen<\/a><\/p>\n","protected":false},"author":748,"featured_media":0,"parent":558970,"menu_order":0,"comment_status":"closed","ping_status":"open","template":"","meta":{"footnotes":""},"class_list":["post-559042","page","type-page","status-publish","hentry","entry"],"_links":{"self":[{"href":"https:\/\/planetdiablo.eu\/de\/wp-json\/wp\/v2\/pages\/559042","targetHints":{"allow":["GET"]}}],"collection":[{"href":"https:\/\/planetdiablo.eu\/de\/wp-json\/wp\/v2\/pages"}],"about":[{"href":"https:\/\/planetdiablo.eu\/de\/wp-json\/wp\/v2\/types\/page"}],"author":[{"embeddable":true,"href":"https:\/\/planetdiablo.eu\/de\/wp-json\/wp\/v2\/users\/748"}],"replies":[{"embeddable":true,"href":"https:\/\/planetdiablo.eu\/de\/wp-json\/wp\/v2\/comments?post=559042"}],"version-history":[{"count":3,"href":"https:\/\/planetdiablo.eu\/de\/wp-json\/wp\/v2\/pages\/559042\/revisions"}],"predecessor-version":[{"id":586666,"href":"https:\/\/planetdiablo.eu\/de\/wp-json\/wp\/v2\/pages\/559042\/revisions\/586666"}],"up":[{"embeddable":true,"href":"https:\/\/planetdiablo.eu\/de\/wp-json\/wp\/v2\/pages\/558970"}],"wp:attachment":[{"href":"https:\/\/planetdiablo.eu\/de\/wp-json\/wp\/v2\/media?parent=559042"}],"curies":[{"name":"wp","href":"https:\/\/api.w.org\/{rel}","templated":true}]}}