{"id":559051,"date":"2014-06-28T01:42:26","date_gmt":"2014-06-27T23:42:26","guid":{"rendered":"http:\/\/diablo3.ingame.de\/?page_id=559051"},"modified":"2021-05-17T11:38:13","modified_gmt":"2021-05-17T09:38:13","slug":"skills","status":"publish","type":"page","link":"https:\/\/planetdiablo.eu\/de\/diablo-2\/skills\/","title":{"rendered":"Diablo 2 &#8211; Skills"},"content":{"rendered":"<h2>Inhalt<\/h2>\n<p>Diese Seite:<\/p>\n<ul>\n<li><a href=\"#einleitung\">Einleitung<\/a><\/li>\n<\/ul>\n<p>Auf den n\u00e4chsten Seiten findet ihr die Skills:<\/p>\n<ul>\n<li>der <a href=\"\/diablo-2\/skills\/amazone\/\">Amazone<\/a><\/li>\n<li>der <a href=\"\/diablo-2\/skills\/assassine\/\">Assassine<\/a><\/li>\n<li>des <a href=\"\/diablo-2\/skills\/barbar\/\">Barbaren<\/a><\/li>\n<li>des <a href=\"\/diablo-2\/skills\/druide\/\">Druiden<\/a><\/li>\n<li>des <a href=\"\/diablo-2\/skills\/paladin\/\">Paladins<\/a><\/li>\n<li>des <a href=\"\/diablo-2\/skills\/necromancer\/\">Totenbeschw\u00f6rers<\/a><\/li>\n<li>der <a href=\"\/diablo-2\/skills\/zauberin\/\">Zauberin<\/a><\/li>\n<\/ul>\n<p><a name=\"einleitung\"><\/a><\/p>\n<h2>Skills &#8211; Einleitung<\/h2>\n<p><a name=\"einleitung\"><\/a><\/p>\n<p>Blizzard hat f\u00fcr jede Charakterklasse 30 verschiedenartige Skills entwickelt, diese wurden an die jeweiligen Eigenschaften des Helden angepasst. Die Amazone zum Beispiel kann ihre Erfahrungspunkte in den Bereichen Speerkampf, Bogen und Armbrust oder passive Fertigkeiten investieren.<br \/>\nAber nicht jeder Charakterklasse stehen alle Skills offen. Jeder Charakter kann nur die 30 Skills erlernen, die f\u00fcr ihn vorgesehen wurden.<\/p>\n<p>Es gibt nicht mehr die Magie im Sinne wie bei Diablo 1. Damals gab es festgelegte Spr\u00fcche wie Feuerball oder Blitzschlag, die jeder Charakter erlernen konnte, wenn er die Vorraussetzungen erf\u00fcllte. \u00dcber Ladungen oder seit neuestem auch Fremdskills auf Gegenst\u00e4nden ist es trotzdem allen Charakteren m\u00f6glich, ein paar Skills anderer Charakterklassen zu nutzen. Das volle Potential einer Fertigkeit entwickelt sich hingegen meist nur beim eigentlichen Ursprungscharakter der Fertigkeit.<\/p>\n<p>Sobald man genug Erfahrung gesammelt hat, bekommt man ein &#8222;Level Up&#8220;. Mit diesem Level Up sind, wie schon bei Diablo 1, die Charakterwerte verbunden. F\u00fcr jedes &#8222;Level Up&#8220; bekommt man 5 Punkte, welche man frei auf die 4 Eigenschaften (St\u00e4rke, Geschicklichkeit, Vitalit\u00e4t, Energie) verteilen kann.<br \/>\nNeu ist der eine Punkt f\u00fcr die Fertigkeiten welchen man bekommt. Damit kann man eine der 30 Fertigkeiten steigern. F\u00fcr manche Skills ist jedoch entweder ein bestimmter Charakterlevel erforderlich oder man muss, wie bei den meisten st\u00e4rkeren Spr\u00fcchen, bereits \u00fcber andere, leichtere Fertigkeiten (wird durch Pfeile gekennzeichnet) verf\u00fcgen. So muss sich z.B. der Druide erst in einen <i>Werwolf<\/i> verwandeln k\u00f6nnen bevor er die Fertigkeit <i>Biss<\/i> erlernen kann.<\/p>\n<p>Zu Beginn wird normalerweise noch keine Fertigkeit verf\u00fcgbar sein. Nur der Totenbeschw\u00f6rer und die Zauberin verf\u00fcgen am Anfang \u00fcber einen Stab, der +1 zu <i>Skelett beleben<\/i> bzw. <i>Feuerblitz<\/i> bringt.<\/p>\n","protected":false},"excerpt":{"rendered":"<p>Inhalt Diese Seite: Einleitung Auf den n\u00e4chsten Seiten findet ihr die Skills: der Amazone der Assassine des Barbaren des Druiden des Paladins des Totenbeschw\u00f6rers der Zauberin Skills &#8211; Einleitung Blizzard hat f\u00fcr jede Charakterklasse 30 verschiedenartige Skills entwickelt, diese wurden an die jeweiligen Eigenschaften des Helden angepasst. Die Amazone zum Beispiel kann ihre Erfahrungspunkte in&hellip; <a class=\"more-link\" href=\"https:\/\/planetdiablo.eu\/de\/diablo-2\/skills\/\"><span class=\"screen-reader-text\">Diablo 2 &#8211; Skills<\/span> weiterlesen<\/a><\/p>\n","protected":false},"author":748,"featured_media":0,"parent":71,"menu_order":35,"comment_status":"closed","ping_status":"open","template":"","meta":{"footnotes":""},"class_list":["post-559051","page","type-page","status-publish","hentry","entry"],"_links":{"self":[{"href":"https:\/\/planetdiablo.eu\/de\/wp-json\/wp\/v2\/pages\/559051","targetHints":{"allow":["GET"]}}],"collection":[{"href":"https:\/\/planetdiablo.eu\/de\/wp-json\/wp\/v2\/pages"}],"about":[{"href":"https:\/\/planetdiablo.eu\/de\/wp-json\/wp\/v2\/types\/page"}],"author":[{"embeddable":true,"href":"https:\/\/planetdiablo.eu\/de\/wp-json\/wp\/v2\/users\/748"}],"replies":[{"embeddable":true,"href":"https:\/\/planetdiablo.eu\/de\/wp-json\/wp\/v2\/comments?post=559051"}],"version-history":[{"count":1,"href":"https:\/\/planetdiablo.eu\/de\/wp-json\/wp\/v2\/pages\/559051\/revisions"}],"predecessor-version":[{"id":582628,"href":"https:\/\/planetdiablo.eu\/de\/wp-json\/wp\/v2\/pages\/559051\/revisions\/582628"}],"up":[{"embeddable":true,"href":"https:\/\/planetdiablo.eu\/de\/wp-json\/wp\/v2\/pages\/71"}],"wp:attachment":[{"href":"https:\/\/planetdiablo.eu\/de\/wp-json\/wp\/v2\/media?parent=559051"}],"curies":[{"name":"wp","href":"https:\/\/api.w.org\/{rel}","templated":true}]}}