{"id":559067,"date":"2014-06-28T02:11:10","date_gmt":"2014-06-28T00:11:10","guid":{"rendered":"http:\/\/diablo3.ingame.de\/?page_id=559067"},"modified":"2021-04-18T16:24:28","modified_gmt":"2021-04-18T14:24:28","slug":"assassine","status":"publish","type":"page","link":"https:\/\/planetdiablo.eu\/de\/diablo-2\/die-charaktere\/die-assassine\/assassine\/","title":{"rendered":"Diablo 2 &#8211; Skills der Assassine"},"content":{"rendered":"<div align=\"justify\">Die Skills der Assassine unterteilen sich in folgende drei Bereiche:<\/p>\n<ul>\n<li><a href=\"\/diablo-2\/die-charaktere\/die-assassine\/assassine\/skilltree1\/\">Kampfk\u00fcnste \/ Martial Arts<\/a><\/li>\n<li><a href=\"\/diablo-2\/die-charaktere\/die-assassine\/assassine\/skilltree2\/\">Schattendisziplinen \/ Shadow Disciplines<\/a><\/li>\n<li><a href=\"\/diablo-2\/die-charaktere\/die-assassine\/assassine\/skilltree3\/\">Fallen \/ Traps<\/a><\/li>\n<\/ul>\n<p><strong>Kampfk\u00fcnste<\/strong> sind Nahkampf-Angriffe. Sie unterteilen sich in <b>Charger<\/b> und <b>Finisher<\/b>. Charger werden durch einen Angriff aufgeladen und verst\u00e4rken so den Finisher, der am meisten Schaden macht.<\/p>\n<p><strong>Schattendisziplinen<\/strong> sind jede Menge n\u00fctzliche Skills, die sich schlecht zusammenfassen lassen.<\/p>\n<p><strong>Fallen<\/strong> sind eine hervorragende M\u00f6glichkeit f\u00fcr die Assassine in der Nahrungskette gegen\u00fcber ihren Gegnern aufzusteigen ;). Sie unterteilen sich in die original Fallen Skills und in Wurfstern Skills.<\/p>\n<\/div>\n<p><i>Inhalt von Tub. Edited by RAMsesist.<\/i><\/p>\n","protected":false},"excerpt":{"rendered":"<p>Die Skills der Assassine unterteilen sich in folgende drei Bereiche: Kampfk\u00fcnste \/ Martial Arts Schattendisziplinen \/ Shadow Disciplines Fallen \/ Traps Kampfk\u00fcnste sind Nahkampf-Angriffe. Sie unterteilen sich in Charger und Finisher. Charger werden durch einen Angriff aufgeladen und verst\u00e4rken so den Finisher, der am meisten Schaden macht. Schattendisziplinen sind jede Menge n\u00fctzliche Skills, die sich&hellip; <a class=\"more-link\" href=\"https:\/\/planetdiablo.eu\/de\/diablo-2\/die-charaktere\/die-assassine\/assassine\/\"><span class=\"screen-reader-text\">Diablo 2 &#8211; Skills der Assassine<\/span> weiterlesen<\/a><\/p>\n","protected":false},"author":748,"featured_media":0,"parent":445503,"menu_order":0,"comment_status":"open","ping_status":"open","template":"","meta":{"footnotes":""},"class_list":["post-559067","page","type-page","status-publish","hentry","entry"],"_links":{"self":[{"href":"https:\/\/planetdiablo.eu\/de\/wp-json\/wp\/v2\/pages\/559067","targetHints":{"allow":["GET"]}}],"collection":[{"href":"https:\/\/planetdiablo.eu\/de\/wp-json\/wp\/v2\/pages"}],"about":[{"href":"https:\/\/planetdiablo.eu\/de\/wp-json\/wp\/v2\/types\/page"}],"author":[{"embeddable":true,"href":"https:\/\/planetdiablo.eu\/de\/wp-json\/wp\/v2\/users\/748"}],"replies":[{"embeddable":true,"href":"https:\/\/planetdiablo.eu\/de\/wp-json\/wp\/v2\/comments?post=559067"}],"version-history":[{"count":3,"href":"https:\/\/planetdiablo.eu\/de\/wp-json\/wp\/v2\/pages\/559067\/revisions"}],"predecessor-version":[{"id":582230,"href":"https:\/\/planetdiablo.eu\/de\/wp-json\/wp\/v2\/pages\/559067\/revisions\/582230"}],"up":[{"embeddable":true,"href":"https:\/\/planetdiablo.eu\/de\/wp-json\/wp\/v2\/pages\/445503"}],"wp:attachment":[{"href":"https:\/\/planetdiablo.eu\/de\/wp-json\/wp\/v2\/media?parent=559067"}],"curies":[{"name":"wp","href":"https:\/\/api.w.org\/{rel}","templated":true}]}}