{"id":559071,"date":"2014-06-28T02:15:16","date_gmt":"2014-06-28T00:15:16","guid":{"rendered":"http:\/\/diablo3.ingame.de\/?page_id=559071"},"modified":"2023-02-24T17:09:43","modified_gmt":"2023-02-24T15:09:43","slug":"barbar","status":"publish","type":"page","link":"https:\/\/planetdiablo.eu\/de\/diablo-2\/die-charaktere\/der-barbar\/barbar\/","title":{"rendered":"Diablo 2 &#8211; Skills des Barbaren"},"content":{"rendered":"<div align=\"justify\">Die Skills des Barbaren unterteilen sich in folgende drei Bereiche:<\/p>\n<ul>\n<li><a href=\"\/diablo-2\/die-charaktere\/der-barbar\/barbar\/skilltree1\/\">Kriegsschreie \/ Warcries<\/a><\/li>\n<li><a href=\"\/diablo-2\/die-charaktere\/der-barbar\/barbar\/skilltree2\/\">Kampf-Beherrschung \/ Combat Masteries<\/a><\/li>\n<li><a href=\"\/diablo-2\/die-charaktere\/der-barbar\/barbar\/skilltree3\/\">Kampf-Fertigkeiten \/ Combat Skills<\/a><\/li>\n<\/ul>\n<p><strong>Kriegsschreie <\/strong>sind n\u00fctzliche Support-Skills. Der Barbar hat sowohl defensive Schreie, die die Party st\u00e4rken, als auch offensive Schreie um Monster zu \u00e4rgern.<\/p>\n<p><strong>Kampf-Beherrschung<\/strong> sind passive Skills die den Schaden erh\u00f6hen oder den Barbar widerstandsf\u00e4higer machen.<\/p>\n<p><strong>Kampf-Fertigkeiten<\/strong> sind die verschiedenen Angriffsskills mit einem gemeinsamen Zweck: Monster verkloppen. Am beliebtesten ist sicherlich Wirbelwind, aber auch die anderen Skills k\u00f6nnen t\u00f6dlich sein.<\/p>\n<\/div>\n<p><i>Inhalt von Tub und dt. Edited by RAMsesist.<\/i><\/p>\n","protected":false},"excerpt":{"rendered":"<p>Die Skills des Barbaren unterteilen sich in folgende drei Bereiche: Kriegsschreie \/ Warcries Kampf-Beherrschung \/ Combat Masteries Kampf-Fertigkeiten \/ Combat Skills Kriegsschreie sind n\u00fctzliche Support-Skills. Der Barbar hat sowohl defensive Schreie, die die Party st\u00e4rken, als auch offensive Schreie um Monster zu \u00e4rgern. Kampf-Beherrschung sind passive Skills die den Schaden erh\u00f6hen oder den Barbar widerstandsf\u00e4higer&hellip; <a class=\"more-link\" href=\"https:\/\/planetdiablo.eu\/de\/diablo-2\/die-charaktere\/der-barbar\/barbar\/\"><span class=\"screen-reader-text\">Diablo 2 &#8211; Skills des Barbaren<\/span> weiterlesen<\/a><\/p>\n","protected":false},"author":748,"featured_media":0,"parent":445513,"menu_order":0,"comment_status":"open","ping_status":"open","template":"","meta":{"footnotes":""},"class_list":["post-559071","page","type-page","status-publish","hentry","entry"],"_links":{"self":[{"href":"https:\/\/planetdiablo.eu\/de\/wp-json\/wp\/v2\/pages\/559071","targetHints":{"allow":["GET"]}}],"collection":[{"href":"https:\/\/planetdiablo.eu\/de\/wp-json\/wp\/v2\/pages"}],"about":[{"href":"https:\/\/planetdiablo.eu\/de\/wp-json\/wp\/v2\/types\/page"}],"author":[{"embeddable":true,"href":"https:\/\/planetdiablo.eu\/de\/wp-json\/wp\/v2\/users\/748"}],"replies":[{"embeddable":true,"href":"https:\/\/planetdiablo.eu\/de\/wp-json\/wp\/v2\/comments?post=559071"}],"version-history":[{"count":5,"href":"https:\/\/planetdiablo.eu\/de\/wp-json\/wp\/v2\/pages\/559071\/revisions"}],"predecessor-version":[{"id":586711,"href":"https:\/\/planetdiablo.eu\/de\/wp-json\/wp\/v2\/pages\/559071\/revisions\/586711"}],"up":[{"embeddable":true,"href":"https:\/\/planetdiablo.eu\/de\/wp-json\/wp\/v2\/pages\/445513"}],"wp:attachment":[{"href":"https:\/\/planetdiablo.eu\/de\/wp-json\/wp\/v2\/media?parent=559071"}],"curies":[{"name":"wp","href":"https:\/\/api.w.org\/{rel}","templated":true}]}}