{"id":559075,"date":"2014-06-28T02:18:28","date_gmt":"2014-06-28T00:18:28","guid":{"rendered":"http:\/\/diablo3.ingame.de\/?page_id=559075"},"modified":"2023-02-24T14:27:35","modified_gmt":"2023-02-24T12:27:35","slug":"druide","status":"publish","type":"page","link":"https:\/\/planetdiablo.eu\/de\/diablo-2\/die-charaktere\/der-druide\/druide\/","title":{"rendered":"Diablo 2 &#8211; Skills des Druiden"},"content":{"rendered":"<div align=\"justify\">Die Skills des Druiden unterteilen sich in folgende drei Bereiche:<\/p>\n<ul>\n<li><a href=\"\/diablo-2\/die-charaktere\/der-druide\/druide\/skilltree1\/\">Elementar Fertigkeiten \/ Elemental<\/a><\/li>\n<li><a href=\"\/diablo-2\/die-charaktere\/der-druide\/druide\/skilltree2\/\">Gestaltwandel Fertigkeiten \/ Shape Shifting<\/a><\/li>\n<li><a href=\"\/diablo-2\/die-charaktere\/der-druide\/druide\/skilltree3\/\">Herbeirufungs Fertigkeiten \/ Summoning<\/a><\/li>\n<\/ul>\n<p><strong>Elementar Fertigkeiten<\/strong> verleihen dem Druiden<br \/>\ndie Beherschung \u00fcber die Naturgewalten. Ein Elementar Druide richtet den Gro\u00dfteil seines Schadens mit Feuer oder K\u00e4lte an. Wer sich entscheidet, einen Elementar Druiden zu spielen, sollte besonders die Fertigkeiten &#8222;Armageddon bzw. Hurrikan&#8220; ausbauen.<\/p>\n<p><strong>Gestaltwandel Fertigkeiten<\/strong> erm\u00f6glichen es dem Druiden, sich in einen Werwolf oder Werb\u00e4r zu verwandeln. In ververwandel Form ist es dem Druiden m\u00f6glich, durch verschiedene Skills sein LebeLe Angriffswert und Schaden enorm zu erh\u00f6hen. Wenn ein Druide seine Gestallt ver\u00e4ndert hat, kann er nur noch eine seiner Elementar F\u00e4higkeiten nutzen: Armageddon. Wer sich entscheiden sollte, einen<br \/>\nWandler Druiden zu spielen, sollte es als erstes mit einem Werwolf probieren, da<br \/>\ndieser leichter zu spielen ist. Da es sich bei den Boni, die die W\u00f6lfe und der Grizzly sich gegenseitig geben, um keine Synergien handelt, sondern um passive Boni, z\u00e4hlen hier +Skill Items, um die Bonuseigenschaften zu erh\u00f6hen.<\/p>\n<p><strong>Herbeirufungs Fertigkeiten<\/strong> sind ein wichtiger Bestandteil eines Druiden. Er hat dadurch die M\u00f6glichkeit, treue Helfer aus dea Nichts zu beschw\u00f6ren. Zur Auswahl stehen 3 Gruppen, von denen je ein Begleiter gew\u00e4hlt werden kann. Zur Auswahl stehen Geister, die Leben und Schaden erh\u00f6hen, sowie Schaden zur\u00fcck werfen; zwei Arten von Tieren, entweder mehrere W\u00f6lfe odod einen B\u00e4ren; sowie Ranken, die Leben und Mana absaugen und vergiften.<\/p>\n<\/div>\n<p><i>Inhalt von snowy22. Edited by RAMsesist.<\/i><\/p>\n","protected":false},"excerpt":{"rendered":"<p>Die Skills des Druiden unterteilen sich in folgende drei Bereiche: Elementar Fertigkeiten \/ Elemental Gestaltwandel Fertigkeiten \/ Shape Shifting Herbeirufungs Fertigkeiten \/ Summoning Elementar Fertigkeiten verleihen dem Druiden die Beherschung \u00fcber die Naturgewalten. Ein Elementar Druide richtet den Gro\u00dfteil seines Schadens mit Feuer oder K\u00e4lte an. Wer sich entscheidet, einen Elementar Druiden zu spielen, sollte&hellip; <a class=\"more-link\" href=\"https:\/\/planetdiablo.eu\/de\/diablo-2\/die-charaktere\/der-druide\/druide\/\"><span class=\"screen-reader-text\">Diablo 2 &#8211; Skills des Druiden<\/span> weiterlesen<\/a><\/p>\n","protected":false},"author":748,"featured_media":0,"parent":445531,"menu_order":0,"comment_status":"closed","ping_status":"open","template":"","meta":{"footnotes":""},"class_list":["post-559075","page","type-page","status-publish","hentry","entry"],"_links":{"self":[{"href":"https:\/\/planetdiablo.eu\/de\/wp-json\/wp\/v2\/pages\/559075","targetHints":{"allow":["GET"]}}],"collection":[{"href":"https:\/\/planetdiablo.eu\/de\/wp-json\/wp\/v2\/pages"}],"about":[{"href":"https:\/\/planetdiablo.eu\/de\/wp-json\/wp\/v2\/types\/page"}],"author":[{"embeddable":true,"href":"https:\/\/planetdiablo.eu\/de\/wp-json\/wp\/v2\/users\/748"}],"replies":[{"embeddable":true,"href":"https:\/\/planetdiablo.eu\/de\/wp-json\/wp\/v2\/comments?post=559075"}],"version-history":[{"count":4,"href":"https:\/\/planetdiablo.eu\/de\/wp-json\/wp\/v2\/pages\/559075\/revisions"}],"predecessor-version":[{"id":586674,"href":"https:\/\/planetdiablo.eu\/de\/wp-json\/wp\/v2\/pages\/559075\/revisions\/586674"}],"up":[{"embeddable":true,"href":"https:\/\/planetdiablo.eu\/de\/wp-json\/wp\/v2\/pages\/445531"}],"wp:attachment":[{"href":"https:\/\/planetdiablo.eu\/de\/wp-json\/wp\/v2\/media?parent=559075"}],"curies":[{"name":"wp","href":"https:\/\/api.w.org\/{rel}","templated":true}]}}