{"id":559079,"date":"2014-06-28T02:21:09","date_gmt":"2014-06-28T00:21:09","guid":{"rendered":"http:\/\/diablo3.ingame.de\/?page_id=559079"},"modified":"2023-02-24T18:40:58","modified_gmt":"2023-02-24T16:40:58","slug":"necromancer","status":"publish","type":"page","link":"https:\/\/planetdiablo.eu\/de\/diablo-2\/die-charaktere\/der-totenbeschworer\/necromancer\/","title":{"rendered":"Diablo 2 &#8211; Skills des Totenbeschw\u00f6rers"},"content":{"rendered":"<div align=\"justify\">Die Skills des Totenbeschw\u00f6rer unterteilen sich in folgende drei Bereiche:<\/p>\n<ul>\n<li><a href=\"\/diablo-2\/die-charaktere\/der-totenbeschworer\/necromancer\/skilltree1\/\">Fl\u00fcche \/ Curses<\/a><\/li>\n<li><a href=\"\/diablo-2\/die-charaktere\/der-totenbeschworer\/necromancer\/skilltree2\/\">Gift- und Knochenzauber \/ Poison and Bone Spells<\/a><\/li>\n<li><a href=\"\/diablo-2\/die-charaktere\/der-totenbeschworer\/necromancer\/skilltree3\/\">Herbeirufungszauber \/ Summoning Spells<\/a><\/li>\n<\/ul>\n<p><strong>Fl\u00fcche<\/strong> dienen dem Necro als offensive, defensive sowie KI-modifizierende Unterst\u00fctzungszauber, mittels deren er die Effizienz seiner Kreaturen und Partymitglieder deutlich erh\u00f6hen kann.<\/p>\n<p><strong>Gift und Knochenzauber<\/strong> beinhalten einige Angriffszauber, die entweder magischen oder Giftschaden austeilen.<br \/>\nAber auch Fertigkeiten, die Schutz bieten, finden sich hier wieder.<\/p>\n<p><strong>Herbeirufungszauber<\/strong> gebraucht der Totenbeschw\u00f6rer, um sich Unterst\u00fctzung zu rufen. Seien es Skelette, die ihm als Krieger oder Magier zur Seite stehen, Golems aus den verschiedensten Substanzen, bis schliesslich zu get\u00f6teten Gegnern, die man wieder aus dem Reich der Toten ruft.<\/p>\n<\/div>\n<p><i>Inhalt von henceforward. Edited by RAMsesist.<\/i><\/p>\n","protected":false},"excerpt":{"rendered":"<p>Die Skills des Totenbeschw\u00f6rer unterteilen sich in folgende drei Bereiche: Fl\u00fcche \/ Curses Gift- und Knochenzauber \/ Poison and Bone Spells Herbeirufungszauber \/ Summoning Spells Fl\u00fcche dienen dem Necro als offensive, defensive sowie KI-modifizierende Unterst\u00fctzungszauber, mittels deren er die Effizienz seiner Kreaturen und Partymitglieder deutlich erh\u00f6hen kann. Gift und Knochenzauber beinhalten einige Angriffszauber, die entweder&hellip; <a class=\"more-link\" href=\"https:\/\/planetdiablo.eu\/de\/diablo-2\/die-charaktere\/der-totenbeschworer\/necromancer\/\"><span class=\"screen-reader-text\">Diablo 2 &#8211; Skills des Totenbeschw\u00f6rers<\/span> weiterlesen<\/a><\/p>\n","protected":false},"author":748,"featured_media":0,"parent":445559,"menu_order":0,"comment_status":"closed","ping_status":"open","template":"","meta":{"footnotes":""},"class_list":["post-559079","page","type-page","status-publish","hentry","entry"],"_links":{"self":[{"href":"https:\/\/planetdiablo.eu\/de\/wp-json\/wp\/v2\/pages\/559079","targetHints":{"allow":["GET"]}}],"collection":[{"href":"https:\/\/planetdiablo.eu\/de\/wp-json\/wp\/v2\/pages"}],"about":[{"href":"https:\/\/planetdiablo.eu\/de\/wp-json\/wp\/v2\/types\/page"}],"author":[{"embeddable":true,"href":"https:\/\/planetdiablo.eu\/de\/wp-json\/wp\/v2\/users\/748"}],"replies":[{"embeddable":true,"href":"https:\/\/planetdiablo.eu\/de\/wp-json\/wp\/v2\/comments?post=559079"}],"version-history":[{"count":4,"href":"https:\/\/planetdiablo.eu\/de\/wp-json\/wp\/v2\/pages\/559079\/revisions"}],"predecessor-version":[{"id":582220,"href":"https:\/\/planetdiablo.eu\/de\/wp-json\/wp\/v2\/pages\/559079\/revisions\/582220"}],"up":[{"embeddable":true,"href":"https:\/\/planetdiablo.eu\/de\/wp-json\/wp\/v2\/pages\/445559"}],"wp:attachment":[{"href":"https:\/\/planetdiablo.eu\/de\/wp-json\/wp\/v2\/media?parent=559079"}],"curies":[{"name":"wp","href":"https:\/\/api.w.org\/{rel}","templated":true}]}}