{"id":559087,"date":"2014-06-28T02:26:33","date_gmt":"2014-06-28T00:26:33","guid":{"rendered":"http:\/\/diablo3.ingame.de\/?page_id=559087"},"modified":"2021-04-18T21:04:30","modified_gmt":"2021-04-18T19:04:30","slug":"zauberin","status":"publish","type":"page","link":"https:\/\/planetdiablo.eu\/de\/diablo-2\/die-charaktere\/die-zauberin\/zauberin\/","title":{"rendered":"Diablo 2 &#8211; Skills der Zauberin"},"content":{"rendered":"<div align=\"justify\">Die Fertigkeiten der Zauberin unterteilen sich in folgende drei Bereiche:<\/p>\n<ul>\n<li><a href=\"\/diablo-2\/die-charaktere\/die-zauberin\/zauberin\/skilltree1\/\">K\u00e4ltezauber \/ Cold Spells<\/a><\/li>\n<li><a href=\"\/diablo-2\/die-charaktere\/die-zauberin\/zauberin\/skilltree2\/\">Blitzzauber \/ Lightning Spells<\/a><\/li>\n<li><a href=\"\/diablo-2\/die-charaktere\/die-zauberin\/zauberin\/skilltree3\/\">Feuerzauber \/ Fire Spells<\/a><\/li>\n<\/ul>\n<p><strong>K\u00e4ltezauber<\/strong> beinhalten neben Angriffszaubern auch einige R\u00fcstungen, welche die Verteidigung der Zauberin deutlich anheben.<\/p>\n<p><strong>Blitzzauber<\/strong> sind eine sehr beliebte Wahl bei vielen Spielern. Hier findet sich neben zahlreichen Angriffszaubern auch ein wichtiges Schutzschild f\u00fcr die Zauberin.<\/p>\n<p><strong>Feuerzauber <\/strong>bieten der Zauberin einige \u00e4usserst m\u00e4chtige Spr\u00fcche, die in h\u00f6heren Leveln enormen Schaden entwickeln.<\/p>\n<\/div>\n<p><i>Inhalt von snowy22. Edited by RAMsesist.<\/i><\/p>\n","protected":false},"excerpt":{"rendered":"<p>Die Fertigkeiten der Zauberin unterteilen sich in folgende drei Bereiche: K\u00e4ltezauber \/ Cold Spells Blitzzauber \/ Lightning Spells Feuerzauber \/ Fire Spells K\u00e4ltezauber beinhalten neben Angriffszaubern auch einige R\u00fcstungen, welche die Verteidigung der Zauberin deutlich anheben. Blitzzauber sind eine sehr beliebte Wahl bei vielen Spielern. Hier findet sich neben zahlreichen Angriffszaubern auch ein wichtiges Schutzschild&hellip; <a class=\"more-link\" href=\"https:\/\/planetdiablo.eu\/de\/diablo-2\/die-charaktere\/die-zauberin\/zauberin\/\"><span class=\"screen-reader-text\">Diablo 2 &#8211; Skills der Zauberin<\/span> weiterlesen<\/a><\/p>\n","protected":false},"author":748,"featured_media":0,"parent":445569,"menu_order":0,"comment_status":"open","ping_status":"open","template":"","meta":{"footnotes":""},"class_list":["post-559087","page","type-page","status-publish","hentry","entry"],"_links":{"self":[{"href":"https:\/\/planetdiablo.eu\/de\/wp-json\/wp\/v2\/pages\/559087","targetHints":{"allow":["GET"]}}],"collection":[{"href":"https:\/\/planetdiablo.eu\/de\/wp-json\/wp\/v2\/pages"}],"about":[{"href":"https:\/\/planetdiablo.eu\/de\/wp-json\/wp\/v2\/types\/page"}],"author":[{"embeddable":true,"href":"https:\/\/planetdiablo.eu\/de\/wp-json\/wp\/v2\/users\/748"}],"replies":[{"embeddable":true,"href":"https:\/\/planetdiablo.eu\/de\/wp-json\/wp\/v2\/comments?post=559087"}],"version-history":[{"count":3,"href":"https:\/\/planetdiablo.eu\/de\/wp-json\/wp\/v2\/pages\/559087\/revisions"}],"predecessor-version":[{"id":582243,"href":"https:\/\/planetdiablo.eu\/de\/wp-json\/wp\/v2\/pages\/559087\/revisions\/582243"}],"up":[{"embeddable":true,"href":"https:\/\/planetdiablo.eu\/de\/wp-json\/wp\/v2\/pages\/445569"}],"wp:attachment":[{"href":"https:\/\/planetdiablo.eu\/de\/wp-json\/wp\/v2\/media?parent=559087"}],"curies":[{"name":"wp","href":"https:\/\/api.w.org\/{rel}","templated":true}]}}