{"id":559093,"date":"2014-06-29T01:20:07","date_gmt":"2014-06-28T23:20:07","guid":{"rendered":"http:\/\/diablo3.ingame.de\/?page_id=559093"},"modified":"2023-02-24T17:08:34","modified_gmt":"2023-02-24T15:08:34","slug":"skilltree1","status":"publish","type":"page","link":"https:\/\/planetdiablo.eu\/de\/diablo-2\/die-charaktere\/die-amazone\/amazone\/skilltree1\/","title":{"rendered":"Diablo 2 &#8211; Wurfspie\u00df- und Speer-Fertigkeiten der Amazone"},"content":{"rendered":"\n<p>Diese Skillbeschreibungen sind f\u00fcr D2 wie D2R gleichermassen n\u00fctzlich. Verlinkt ist jedoch auf den D2R-Skillcalculator weil wesentlich mehr Leute D2R spielen als D2 Legacy. Wer die Skillentwicklung in D2 Legacy verfolgen will, nimmt statt dessen diesen Link zum <a href=\"https:\/\/planetdiablo.eu\/diablo2\/calcs\/skills\/110\/index.php?char=ama&amp;lang=de\">D2 LoD (Legacy) Calc<\/a>.<\/p>\n\n\n<p><img decoding=\"async\" style=\"float: left!important; margin-right: 25px;\" src=\"\/wp-content\/uploads\/2014\/06\/tree1_ama.jpg\" alt=\"Skilltree Javelin&amp;Spear\" usemap=\"#jump\" border=\"0\"><\/p>\n<ul>\n<li><a href=\"#s1\">Sto\u00df \/ Jab<\/a><\/li>\n<li><a href=\"#s2\">Energieschlag \/ Power Strike<\/a><\/li>\n<li><a href=\"#s3\">Giftwurfspie\u00df \/ Poison Javelin<\/a><\/li>\n<li><a href=\"#s4\">Aufspie\u00dfen \/ Impale<\/a><\/li>\n<li><a href=\"#s5\">Blitzschlag \/ Lightning Bolt<\/a><\/li>\n<li><a href=\"#s6\">Geladener Schlag \/ Charged Strike<\/a><\/li>\n<li><a href=\"#s7\">Pestwurfspie\u00df \/ Plague Javelin<\/a><\/li>\n<li><a href=\"#s8\">Widersetzen \/ Fend<\/a><\/li>\n<li><a href=\"#s9\">Kettenblitzschlag \/ Lightning Strike<\/a><\/li>\n<li><a href=\"#s10\">Blitzendes Unheil \/ Lightning Fury<\/a><\/li>\n<\/ul>\n<div style=\"clear: both;\"><\/div>\n<h2 id=\"s1\">Sto\u00df \/ Jab<\/h2>\n<p><img loading=\"lazy\" decoding=\"async\" class=\"alignnone size-full wp-image-584369 alignleft\" src=\"https:\/\/planetdiablo.eu\/de\/wp-content\/uploads\/2022\/02\/D2R-Amazon-jab-pressed_klein.jpg\" alt=\"\" width=\"65\" height=\"65\"><\/p>\n<p><i>Zweifache Attacke.<\/i><br>\nEs werden zwei Attacken in Folge ausgef\u00fchrt, man kann dazu<br>\nSpeere aber auch Wurfspeere nutzen.<br>\nW\u00e4hrend bei den ersten f\u00fcnf Level noch der Schaden<br>\ngesenkt wird, bekommt man ab Skill-Level sechs immer<br>\nweiter steigende Boni (Schaden und Angriffswert).<\/p>\n<table>\n<tbody>\n<tr>\n<th colspan=\"2\">Skill-Details<\/th>\n<\/tr>\n<tr>\n<td>Art:<\/td>\n<td>Nahkampf Skill<br>\n(Speere und Wurfspeere)<\/td>\n<\/tr>\n<tr>\n<td>Voraussetzungen:<\/td>\n<td>\n<ul>\n<li>Charakterlevel: 1<\/li>\n<li>Skills: Keine<\/li>\n<\/ul>\n<\/td>\n<\/tr>\n<tr>\n<td>Wirkung:<\/td>\n<td>2 Schl\u00e4ge \/ Schaden und<br>\nAngriffswertsboni<\/td>\n<\/tr>\n<tr>\n<td>Skillentwicklung:<\/td>\n<td><a href=\"https:\/\/planetdiablo.eu\/d2dbneu\/calcs\/skills\/d2r\/index.php?lang=de&amp;char=ama\">im Skill-Kalkulator ansehen<\/a><\/td>\n<\/tr>\n<tr>\n<td>Synergie:<\/td>\n<td>keine<\/td>\n<\/tr>\n<tr>\n<td>Casting Delay:<\/td>\n<td>keines<\/td>\n<\/tr>\n<\/tbody>\n<\/table>\n<h2 id=\"s2\">Energieschlag \/ Power Strike<\/h2>\n<p><img loading=\"lazy\" decoding=\"async\" class=\"alignnone size-full wp-image-584405 alignleft\" src=\"https:\/\/planetdiablo.eu\/de\/wp-content\/uploads\/2022\/02\/D2R-Amazon-power-strike-pressed_klein.jpg\" alt=\"\" width=\"65\" height=\"65\"><\/p>\n<p><i>Zus\u00e4tzlicher<br>\nBlitzschaden.<\/i><br>\nEin Hilfsmittel f\u00fcr &#8222;junge&#8220; Amazonen. Der normale Angriff wird durch Blitzschaden und erh\u00f6hten Angriffswert verst\u00e4rkt.<\/p>\n<table>\n<tbody>\n<tr>\n<th colspan=\"2\">Skill-Details<\/th>\n<\/tr>\n<tr>\n<td>Art:<\/td>\n<td>Nahkampf Skill<br>\n(Speere und Wurfspeere)<\/td>\n<\/tr>\n<tr>\n<td>Voraussetzungen:<\/td>\n<td>\n<ul>\n<li>Charakterlevel: 6<\/li>\n<li>Sto\u00df \/ Jab<\/li>\n<\/ul>\n<\/td>\n<\/tr>\n<tr>\n<td>Wirkung:<\/td>\n<td>Blitzschaden und<br>\nAngriffswertsboni<\/td>\n<\/tr>\n<tr>\n<td>Skillentwicklung:<\/td>\n<td><a href=\"https:\/\/planetdiablo.eu\/d2dbneu\/calcs\/skills\/d2r\/index.php?lang=de&amp;char=ama\">im Skill-Kalkulator ansehen<\/a><\/td>\n<\/tr>\n<tr>\n<td>Synergie:<\/td>\n<td>keine<\/td>\n<\/tr>\n<tr>\n<td>Casting Delay:<\/td>\n<td>keines<\/td>\n<\/tr>\n<\/tbody>\n<\/table>\n<h2 id=\"s3\">Giftwurfspie\u00df \/ Poison Javelin<\/h2>\n<p><img loading=\"lazy\" decoding=\"async\" class=\"alignnone size-full wp-image-584401 alignleft\" src=\"https:\/\/planetdiablo.eu\/de\/wp-content\/uploads\/2022\/02\/D2R-Amazon-poison-javelin-pressed_klein.jpg\" alt=\"\" width=\"65\" height=\"65\"><\/p>\n<p><i>Wurfspeer der Giftwolken<br>\nhinterl\u00e4sst.<\/i><\/p>\n<p>Nicht nur, dass das getroffene Monster<br>\nGiftschaden einstecken muss, der geworfene Spie\u00df<br>\nhinterl\u00e4sst auch Giftwolken, die allen feindlichen<br>\nKreaturen ebenfalls Schaden zuf\u00fcgen, die mit ihnen in<br>\nKontakt kommen.<\/p>\n<table>\n<tbody>\n<tr>\n<th colspan=\"2\">Skill-Details<\/th>\n<\/tr>\n<tr>\n<td>Art:<\/td>\n<td>Wurfspeer Skill<\/td>\n<\/tr>\n<tr>\n<td>Voraussetzungen:<\/td>\n<td>\n<ul>\n<li>Charakterlevel: 6<\/li>\n<li>Skills: Keine<\/li>\n<\/ul>\n<\/td>\n<\/tr>\n<tr>\n<td>Wirkung:<\/td>\n<td>Giftwolken und<br>\nGiftschaden<\/td>\n<\/tr>\n<tr>\n<td>Skillentwicklung:<\/td>\n<td><a href=\"https:\/\/planetdiablo.eu\/d2dbneu\/calcs\/skills\/d2r\/index.php?lang=de&amp;char=ama\">im Skill-Kalkulator ansehen<\/a><\/td>\n<\/tr>\n<tr>\n<td>Synergie:<\/td>\n<td>\n<ul>\n<li>Pestwurfspie\u00df (+12% Giftschaden \/ LvL)<\/li>\n<\/ul>\n<\/td>\n<\/tr>\n<tr>\n<td>Casting Delay:<\/td>\n<td>0,6sec<\/td>\n<\/tr>\n<\/tbody>\n<\/table>\n<h2 id=\"s4\">Aufspie\u00dfen \/ Impale<\/h2>\n<p><img loading=\"lazy\" decoding=\"async\" class=\"alignnone size-full wp-image-584361\" src=\"https:\/\/planetdiablo.eu\/de\/wp-content\/uploads\/2022\/02\/D2R-Amazon-impale-pressed_klein.jpg\" alt=\"\" width=\"65\" height=\"65\"><i>Viel Schaden auf Kosten der Haltbarkeit der Waffe.<\/i><br>\nMit diesem Skill kann der Char eine Menge Schaden austeilen, allerdings spielt der<br>\nSpeer nicht lange mit. Die Waffe wird sehr schnell ihre Haltbarkeit verlieren&#8230;(ACHTUNG: Auch WuWurfspee verlieren Haltbarkeit, selbst wenn keine angezeigt wird!)<\/p>\n<table>\n<tbody>\n<tr>\n<th colspan=\"2\">Skill-Details<\/th>\n<\/tr>\n<tr>\n<td>Art:<\/td>\n<td>Nahkampf Skill<br>\n(Speere und Wurfspeere)<\/td>\n<\/tr>\n<tr>\n<td>Voraussetzungen:<\/td>\n<td>\n<ul>\n<li>Charakterlevel: 12<\/li>\n<li>Sto\u00df \/ Jab<\/li>\n<\/ul>\n<\/td>\n<\/tr>\n<tr>\n<td>Wirkung:<\/td>\n<td>Schaden und<br>\nAngriffswertsboni \/ Waffe verliert Haltbarkeit<\/td>\n<\/tr>\n<tr>\n<td>Skillentwicklung:<\/td>\n<td><a href=\"https:\/\/planetdiablo.eu\/d2dbneu\/calcs\/skills\/d2r\/index.php?lang=de&amp;char=ama\">im Skill-Kalkulator ansehen<\/a><\/td>\n<\/tr>\n<tr>\n<td>Synergie:<\/td>\n<td>keine<\/td>\n<\/tr>\n<tr>\n<td>Casting Delay:<\/td>\n<td>keines<\/td>\n<\/tr>\n<\/tbody>\n<\/table>\n<h2 id=\"s5\">Blitzschlag \/ Lightning Bolt<\/h2>\n<p><img loading=\"lazy\" decoding=\"async\" class=\"alignnone size-full wp-image-584373 alignleft\" src=\"https:\/\/planetdiablo.eu\/de\/wp-content\/uploads\/2022\/02\/D2R-Amazon-lightning-bold-pressed_klein.jpg\" alt=\"\" width=\"65\" height=\"65\"><\/p>\n<p><i>Wurf eines Blitzspie\u00dfes.<br>\n<\/i>Da gibt&#8217;s nicht viel zu sagen. Wurfspeere werden<br>\ndurch den zus\u00e4tzlichen Blitzschaden st\u00e4rker. Der<br>\nphysische Schaden wirkt nur zu 75% und wird in<br>\nBlitzschaden konvertiert!<\/p>\n<table>\n<tbody>\n<tr>\n<th colspan=\"2\">Skill-Details<\/th>\n<\/tr>\n<tr>\n<td>Art:<\/td>\n<td>Wurfspeer Skill<\/td>\n<\/tr>\n<tr>\n<td>Voraussetzungen:<\/td>\n<td>\n<ul>\n<li>Charakterlevel: 12<\/li>\n<li>Giftwurfspie\u00df \/ Poison Javelin<\/li>\n<\/ul>\n<\/td>\n<\/tr>\n<tr>\n<td>Wirkung:<\/td>\n<td>3\/4 Waffenschaden \/ 100%<br>\nKonvertierung von physischem in elementaren Schaden \/<br>\nBlitzschadensbonus<\/td>\n<\/tr>\n<tr>\n<td>Skillentwicklung:<\/td>\n<td><a href=\"https:\/\/planetdiablo.eu\/d2dbneu\/calcs\/skills\/d2r\/index.php?lang=de&amp;char=ama\">im Skill-Kalkulator ansehen<\/a><\/td>\n<\/tr>\n<tr>\n<td>Synergie:<\/td>\n<td>\n<ul>\n<li>Kettenblitzschlag (+3% Blitzschaden \/ LvL)<\/li>\n<li>Energieschlag (+3% Blitzschaden \/ LvL)<\/li>\n<li>Geladener Schlag (+3% Blitzschaden \/ LvL)<\/li>\n<li>Blitzendes Unheil (+3% Blitzschaden \/ LvL)<\/li>\n<\/ul>\n<\/td>\n<\/tr>\n<tr>\n<td>Casting Delay:<\/td>\n<td>keines<\/td>\n<\/tr>\n<\/tbody>\n<\/table>\n<h2 id=\"s6\">Geladener Schlag \/ Charged<br>\nStrike<\/h2>\n<blockquote>\n<p><img loading=\"lazy\" decoding=\"async\" class=\"alignnone size-full wp-image-585064 alignleft\" src=\"https:\/\/planetdiablo.eu\/de\/wp-content\/uploads\/2022\/02\/D2R-Sorceress-charged-bolt-pressed_klein.jpg\" alt=\"\" width=\"65\" height=\"65\"><\/p>\n<\/blockquote>\n<p><i>Erzeugt Blitzschaden und<br>\n&#8222;Charged Bolts&#8220;. <\/i>Bei einem Treffer werden<br>\nCombo-Blitze (vergleichbar mit dem Skill der Zauberin)<br>\nfreigesetzt. Die Anzahl an Combo-Blitzen steigt mit dem<br>\nSkill-Level.<\/p>\n<table>\n<tbody>\n<tr>\n<th colspan=\"2\">Skill-Details<\/th>\n<\/tr>\n<tr>\n<td>Art:<\/td>\n<td>Nahkampf Skill<br>\n(Speere und Wurfspeere)<\/td>\n<\/tr>\n<tr>\n<td>Voraussetzungen:<\/td>\n<td>\n<ul>\n<li>Charakterlevel: 18<\/li>\n<li>Sto\u00df \/ Jab<\/li>\n<li>Energieschlag \/ Power Strike<\/li>\n<li>Giftwurfspie\u00df \/ Poison Javelin<\/li>\n<li>Blitzschlag \/ Lightning Bolt<\/li>\n<\/ul>\n<\/td>\n<\/tr>\n<tr>\n<td>Wirkung:<\/td>\n<td>Combo-Blitze auf Treffer<\/td>\n<\/tr>\n<tr>\n<td>Skillentwicklung:<\/td>\n<td><a href=\"https:\/\/planetdiablo.eu\/d2dbneu\/calcs\/skills\/d2r\/index.php?lang=de&amp;char=ama\">im Skill-Kalkulator ansehen<\/a><\/td>\n<\/tr>\n<tr>\n<td>Synergie:<\/td>\n<td>\n<ul>\n<li>Kettenblitzschlag (+10% Blitzschaden \/ LvL)<\/li>\n<li>Energieschlag (+10% Blitzschaden \/ LvL)<\/li>\n<li>Blitzschlag (+10% Blitzschaden \/ LvL)<\/li>\n<li>Blitzendes Unheil (+10% Blitzschaden \/ LvL)<\/li>\n<\/ul>\n<\/td>\n<\/tr>\n<tr>\n<td>Casting Delay:<\/td>\n<td>keines<\/td>\n<\/tr>\n<\/tbody>\n<\/table>\n<h2 id=\"s7\">Pestwurfspie\u00df \/ Plague Javelin<\/h2>\n<p><img loading=\"lazy\" decoding=\"async\" class=\"alignnone size-full wp-image-584397 alignleft\" src=\"https:\/\/planetdiablo.eu\/de\/wp-content\/uploads\/2022\/02\/D2R-Amazon-plague-javelin-pressed_klein.jpg\" alt=\"\" width=\"65\" height=\"65\"><\/p>\n<p><i>Erzeugt einen Wurfspeer<br>\nmit folgenden Giftexplosionen.<br>\n<\/i>Dies ist die Verbesserung des Giftwurfspie\u00dfes. Auf seiner Flugbahn<br>\nzieht der Pestwurfspie\u00df ebenfalls Giftwolken hinter sich her. Beim Auftreffen auf das Ziel entstehen jedoch noch zus\u00e4tzliche Giftwolken. Au\u00dferdem wird der Angriffswert<br>\nbeim Werfen erh\u00f6ht.<\/p>\n<table>\n<tbody>\n<tr>\n<th colspan=\"2\">Skill-Details<\/th>\n<\/tr>\n<tr>\n<td>Art:<\/td>\n<td>Wurfspeer Skill<\/td>\n<\/tr>\n<tr>\n<td>Voraussetzungen:<\/td>\n<td>\n<ul>\n<li>Charakterlevel: 18<\/li>\n<li>Giftwurfspie\u00df \/ Poison Javelin<\/li>\n<li>Blitzschlag \/ Lightning Bolt<\/li>\n<\/ul>\n<\/td>\n<\/tr>\n<tr>\n<td>Wirkung:<\/td>\n<td>Giftwolken und<br>\nGiftschaden \/ Angriffswertsbonus<\/td>\n<\/tr>\n<tr>\n<td>Skillentwicklung:<\/td>\n<td><a href=\"https:\/\/planetdiablo.eu\/d2dbneu\/calcs\/skills\/d2r\/index.php?lang=de&amp;char=ama\">im Skill-Kalkulator ansehen<\/a><\/td>\n<\/tr>\n<tr>\n<td>Synergie:<\/td>\n<td>\n<ul>\n<li>Giftwurfspie\u00df (+10% Giftschaden \/ LvL)<\/li>\n<\/ul>\n<\/td>\n<\/tr>\n<tr>\n<td>Casting Delay:<\/td>\n<td>4sec<\/td>\n<\/tr>\n<\/tbody>\n<\/table>\n<h2 id=\"s8\">Widersetzen \/ Fend<\/h2>\n<p><img loading=\"lazy\" decoding=\"async\" class=\"alignnone size-full wp-image-584337 alignleft\" src=\"https:\/\/planetdiablo.eu\/de\/wp-content\/uploads\/2022\/02\/D2R-Amazon-fend-pressed_klein.jpg\" alt=\"\" width=\"65\" height=\"65\"><\/p>\n<p><i>Angriff aller nahen<br>\nZiele.<\/i> Ein Skill, mit dem der Char alle angrenzenden<br>\nZiele angreift. Widersetzen\/Fend kann nicht unterbrochen werden.<\/p>\n<table>\n<tbody>\n<tr>\n<th colspan=\"2\">Skill-Details<\/th>\n<\/tr>\n<tr>\n<td>Art:<\/td>\n<td>Nahkampf Skill<br>\n(Speere und Wurfspeere)<\/td>\n<\/tr>\n<tr>\n<td>Voraussetzungen:<\/td>\n<td>\n<ul>\n<li>Charakterlevel: 24<\/li>\n<li>Sto\u00df \/ Jab<\/li>\n<li>Aufspie\u00dfen \/ Impale<\/li>\n<\/ul>\n<\/td>\n<\/tr>\n<tr>\n<td>Wirkung:<\/td>\n<td>Schadens und<br>\nAngriffswertsboni<\/td>\n<\/tr>\n<tr>\n<td>Skillentwicklung:<\/td>\n<td><a href=\"https:\/\/planetdiablo.eu\/d2dbneu\/calcs\/skills\/d2r\/index.php?lang=de&amp;char=ama\">im Skill-Kalkulator ansehen<\/a><\/td>\n<\/tr>\n<tr>\n<td>Synergie:<\/td>\n<td>keine<\/td>\n<\/tr>\n<tr>\n<td>Casting Delay:<\/td>\n<td>keines<\/td>\n<\/tr>\n<\/tbody>\n<\/table>\n<h2 id=\"s9\">Kettenblitzschlag \/ Lightning<br>\nStrike<\/h2>\n<p><img loading=\"lazy\" decoding=\"async\" class=\"alignnone size-full wp-image-584381 alignleft\" src=\"https:\/\/planetdiablo.eu\/de\/wp-content\/uploads\/2022\/02\/D2R-Amazon-lightning-strike-pressed_klein.jpg\" alt=\"\" width=\"65\" height=\"65\"><\/p>\n<p><i>Blitztreffer und<br>\nKettenblitz.<\/i> Bei einem Treffer wird ein<br>\n&#8222;Kettenblitz&#8220; (der gleiche Skill wie der der<br>\nZauberin) ausgel\u00f6st.<\/p>\n<table>\n<tbody>\n<tr>\n<th colspan=\"2\">Skill-Details<\/th>\n<\/tr>\n<tr>\n<td>Art:<\/td>\n<td>Nahkampf Skill<br>\n(Speere und Wurfspeere)<\/td>\n<\/tr>\n<tr>\n<td>Voraussetzungen:<\/td>\n<td>\n<ul>\n<li>Charakterlevel: 30<\/li>\n<li>Sto\u00df \/ Jab<\/li>\n<li>Energieschlag \/ Power Strike<\/li>\n<li>Giftwurfspie\u00df \/ Poison Javelin<\/li>\n<li>Blitzschlag \/ Lightning Bolt<\/li>\n<li>Geladener Schlag \/ Charged Strike<\/li>\n<\/ul>\n<\/td>\n<\/tr>\n<tr>\n<td>Wirkung:<\/td>\n<td>Kettenblitz auf Treffer<\/td>\n<\/tr>\n<tr>\n<td>Skillentwicklung:<\/td>\n<td><a href=\"https:\/\/planetdiablo.eu\/d2dbneu\/calcs\/skills\/d2r\/index.php?lang=de&amp;char=ama\">im Skill-Kalkulator ansehen<\/a><\/td>\n<\/tr>\n<tr>\n<td>Synergie:<\/td>\n<td>\n<ul>\n<li>Geladener Schlag (+8% Blitzschaden \/ LvL)<\/li>\n<li>Blitzschlag (+8% Blitzschaden \/ LvL)<\/li>\n<li>Energieschlag (+8% Blitzschaden \/ LvL)<\/li>\n<li>Blitzendes Unheil (+8% Blitzschaden \/ LvL)<\/li>\n<\/ul>\n<\/td>\n<\/tr>\n<tr>\n<td>Casting Delay:<\/td>\n<td>keines<\/td>\n<\/tr>\n<\/tbody>\n<\/table>\n<h2 id=\"s10\">Blitzendes Unheil \/ Lightning<br>\nFury<\/h2>\n<p><img loading=\"lazy\" decoding=\"async\" class=\"alignnone size-full wp-image-584377 alignleft\" src=\"https:\/\/planetdiablo.eu\/de\/wp-content\/uploads\/2022\/02\/D2R-Amazon-lightning-fury-pressed_klein.jpg\" alt=\"\" width=\"65\" height=\"65\"><\/p>\n<p><i>Erzeugt viele Blitze.<\/i><br>\nDer m\u00e4chtigste Skill einer Javazone (von Javelin<br>\nabgeleitet). Der Char wirft eine Art Blitzwurfspie\u00df, aus<br>\nwelchem bei einem Treffer weitere Blitze entstehen. Die<br>\nneu entstandenen Blitze k\u00f6nnen sich ebenfalls beim<br>\nAuftreffen &#8222;vervielfachen&#8220;.<\/p>\n<table>\n<tbody>\n<tr>\n<th colspan=\"2\">Skill-Details<\/th>\n<\/tr>\n<tr>\n<td>Art:<\/td>\n<td>Wurfspeer Skill<\/td>\n<\/tr>\n<tr>\n<td>Voraussetzungen:<\/td>\n<td>\n<ul>\n<li>Charakterlevel: 30<\/li>\n<li>Giftwurfspie\u00df \/ Poison Javelin<\/li>\n<li>Blitzschlag \/ Lightning Bolt<\/li>\n<li>Pestwurfspie\u00df \/ Plague Javelin<\/li>\n<\/ul>\n<\/td>\n<\/tr>\n<tr>\n<td>Wirkung:<\/td>\n<td>Blitzwurfspie\u00df auf<br>\nTreffer<\/td>\n<\/tr>\n<tr>\n<td>Skillentwicklung:<\/td>\n<td><a href=\"https:\/\/planetdiablo.eu\/d2dbneu\/calcs\/skills\/d2r\/index.php?lang=de&amp;char=ama\">im Skill-Kalkulator ansehen<\/a><\/td>\n<\/tr>\n<tr>\n<td>Synergie:<\/td>\n<td>\n<ul>\n<li>Geladener Schlag (+1% Blitzschaden \/ LvL)<\/li>\n<li>Blitzschlag (+1% Blitzschaden \/ LvL)<\/li>\n<li>Energieschlag (+1% Blitzschaden \/ LvL)<\/li>\n<li>Kettenblitzschlag (+1% Blitzschaden \/ LvL)<\/li>\n<\/ul>\n<\/td>\n<\/tr>\n<tr>\n<td>Casting Delay:<\/td>\n<td>keines<\/td>\n<\/tr>\n<\/tbody>\n<\/table>\n<p>Siehe auch :<\/p>\n<ul>\n<li><a href=\"\/diablo-2\/die-charaktere\/die-amazone\/amazone\/\">Skill\u00fcbersicht Amazone<\/a><\/li>\n<li><a href=\"\/diablo-2\/die-charaktere\/die-amazone\/amazone\/skilltree2\/\">Skilltree: Passive &amp; Magische Fertigkeiten<\/a><\/li>\n<li><a href=\"\/diablo-2\/die-charaktere\/die-amazone\/amazone\/skilltree3\/\">Skilltree: Bogen &amp; Armbrust<\/a><\/li>\n<\/ul>\n<p><i>Inhalt von Madjai. Edited by RAMsesist.<\/i><\/p>\n<map name=\"jump\">\n<area alt=\"Sto\u00df \/ Jab\" coords=\"10,10,51,51\" shape=\"RECT\" href=\"#s1\">\n<area alt=\"Energieschlag \/ Power Strike\" coords=\"69,68,110,110\" shape=\"RECT\" href=\"#s2\">\n<area alt=\"Giftwurfspie\u00df \/ Poison Javelin\" coords=\"127,68,168,109\" shape=\"RECT\" href=\"#s3\">\n<area alt=\"Aufspie\u00dfen \/ Impale\" coords=\"10,126,51,168\" shape=\"RECT\" href=\"#s4\">\n<area alt=\"Blitzschlag \/ Lightning Bolt\" coords=\"127,127,168,168\" shape=\"RECT\" href=\"#s5\">\n<area alt=\"Geladener Schlag \/ Charged Strike\" coords=\"69,184,110,225\" shape=\"RECT\" href=\"#s6\">\n<area alt=\"Pestwurfspie\u00df \/ Plague Javelin\" coords=\"127,184,168,226\" shape=\"RECT\" href=\"#s7\">\n<area alt=\"Widersetzen \/ Fend\" coords=\"10,241,51,283\" shape=\"RECT\" href=\"#s8\">\n<area alt=\"Kettenblitzschlag \/ Lightning Strike\" coords=\"68,299,109,341\" shape=\"RECT\" href=\"#s9\">\n<area alt=\"Blitzendes Unheil \/ Lightning Fury\" coords=\"127,299,168,341\" shape=\"RECT\" href=\"#s10\">\n <\/map>","protected":false},"excerpt":{"rendered":"<p>Diese Skillbeschreibungen sind f\u00fcr D2 wie D2R gleichermassen n\u00fctzlich. Verlinkt ist jedoch auf den D2R-Skillcalculator weil wesentlich mehr Leute D2R spielen als D2 Legacy. Wer die Skillentwicklung in D2 Legacy verfolgen will, nimmt statt dessen diesen Link zum D2 LoD (Legacy) Calc. Sto\u00df \/ Jab Energieschlag \/ Power Strike Giftwurfspie\u00df \/ Poison Javelin Aufspie\u00dfen \/&hellip; <a class=\"more-link\" href=\"https:\/\/planetdiablo.eu\/de\/diablo-2\/die-charaktere\/die-amazone\/amazone\/skilltree1\/\"><span class=\"screen-reader-text\">Diablo 2 &#8211; Wurfspie\u00df- und Speer-Fertigkeiten der Amazone<\/span> weiterlesen<\/a><\/p>\n","protected":false},"author":748,"featured_media":0,"parent":559057,"menu_order":0,"comment_status":"closed","ping_status":"open","template":"","meta":{"footnotes":""},"class_list":["post-559093","page","type-page","status-publish","hentry","entry"],"_links":{"self":[{"href":"https:\/\/planetdiablo.eu\/de\/wp-json\/wp\/v2\/pages\/559093","targetHints":{"allow":["GET"]}}],"collection":[{"href":"https:\/\/planetdiablo.eu\/de\/wp-json\/wp\/v2\/pages"}],"about":[{"href":"https:\/\/planetdiablo.eu\/de\/wp-json\/wp\/v2\/types\/page"}],"author":[{"embeddable":true,"href":"https:\/\/planetdiablo.eu\/de\/wp-json\/wp\/v2\/users\/748"}],"replies":[{"embeddable":true,"href":"https:\/\/planetdiablo.eu\/de\/wp-json\/wp\/v2\/comments?post=559093"}],"version-history":[{"count":5,"href":"https:\/\/planetdiablo.eu\/de\/wp-json\/wp\/v2\/pages\/559093\/revisions"}],"predecessor-version":[{"id":586708,"href":"https:\/\/planetdiablo.eu\/de\/wp-json\/wp\/v2\/pages\/559093\/revisions\/586708"}],"up":[{"embeddable":true,"href":"https:\/\/planetdiablo.eu\/de\/wp-json\/wp\/v2\/pages\/559057"}],"wp:attachment":[{"href":"https:\/\/planetdiablo.eu\/de\/wp-json\/wp\/v2\/media?parent=559093"}],"curies":[{"name":"wp","href":"https:\/\/api.w.org\/{rel}","templated":true}]}}