{"id":559595,"date":"2014-06-29T01:38:33","date_gmt":"2014-06-28T23:38:33","guid":{"rendered":"http:\/\/diablo3.ingame.de\/?page_id=559595"},"modified":"2023-02-23T18:02:23","modified_gmt":"2023-02-23T16:02:23","slug":"skilltree3","status":"publish","type":"page","link":"https:\/\/planetdiablo.eu\/de\/diablo-2\/die-charaktere\/die-amazone\/amazone\/skilltree3\/","title":{"rendered":"Diablo 2 &#8211; Bogen- und Armbrust-Fertigkeiten der Amazone"},"content":{"rendered":"\n<p>Diese Skillbeschreibungen sind f\u00fcr D2 wie D2R gleichermassen n\u00fctzlich. Verlinkt ist jedoch auf den D2R-Skillcalculator weil wesentlich mehr Leute D2R spielen als D2 Legacy. Wer die Skillentwicklung in D2 Legacy verfolgen will, nimmt statt dessen diesen Link zum <a href=\"https:\/\/planetdiablo.eu\/diablo2\/calcs\/skills\/110\/index.php?char=ama&amp;lang=de\">D2 LoD (Legacy) Calc<\/a>.<\/p>\n\n\n<p><img decoding=\"async\" style=\"float: left!important; margin-right: 25px;\" src=\"\/wp-content\/uploads\/2014\/06\/tree3_ama.jpg\" alt=\"Skilltree Bow &amp; Crossbow \/ Bogen und Armbrust\" usemap=\"#jump\" border=\"0\"><\/p>\n<ul>\n<li><a href=\"#s1\">Zauberpfeil \/ Magic Arrow <\/a><\/li>\n<li><a href=\"#s2\">Feuerpfeil \/ Fire Arrow<\/a><\/li>\n<li><a href=\"#s3\">K\u00e4ltepfeil \/ Cold Arrow<\/a><\/li>\n<li><a href=\"#s4\">Mehrfachschuss \/ Multiple Shot<\/a><\/li>\n<li><a href=\"#s5\">Explodierender Pfeil \/ Exploding Arrow<\/a><\/li>\n<li><a href=\"#s6\">Eispfeil \/ Ice Arrow<\/a><\/li>\n<li><a href=\"#s7\">Gelenkter Pfeil \/ Guided Arrow<\/a><\/li>\n<li><a href=\"#s8\">Streuen \/ Strafe<\/a><\/li>\n<li><a href=\"#s9\">Feuerbrandpfeil \/ Immolation Arrow<\/a><\/li>\n<li><a href=\"#s10\">Frostpfeil \/ Freezing Arrow<\/a><\/li>\n<\/ul>\n<div style=\"clear: both;\"><\/div>\n<h2 id=\"s1\">Zauberpfeil \/ Magic Arrow<\/h2>\n<p><img decoding=\"async\" style=\"float: left!important; margin-right: 15px; margin-bottom: 10px;\" src=\"\/wp-content\/uploads\/2022\/02\/D2R-Amazon-magic-arrow-pressed_klein.jpg\" alt=\"Magic Arrow\"><\/p>\n<p><i>Schuss eines magischen<br>\nPfeils.<\/i> Dieser Skill erzeugt einen magischen Pfeil,<br>\nes wird also kein Pfeil oder Bolzen aus dem K\u00f6cher<br>\ngenommen. Allerdings ist der Schadenszuwachs sehr gering,<br>\nund in Pfeilnot ger\u00e4t eine Ama eher selten. Desweiteren<br>\nwird ein Teil des physischen Schadens in magischen<br>\nSchaden umgewandelt und der Angriffswert beim Schie\u00dfen<br>\nerh\u00f6ht.<\/p>\n<table>\n<tbody>\n<tr>\n<th colspan=\"2\">Skill-Details<\/th>\n<\/tr>\n<tr>\n<td>Art:<\/td>\n<td>Bogen Skill<\/td>\n<\/tr>\n<tr>\n<td>Voraussetzungen:<\/td>\n<td>\n<ul>\n<li>Charakterlevel: 1<\/li>\n<li>Skills: Keine<\/li>\n<\/ul>\n<\/td>\n<\/tr>\n<tr>\n<td>Wirkung:<\/td>\n<td>Konvertierung von<br>\nphysischem in elementaren Schaden \/ verbraucht keine<br>\nPfeile \/ Schaden und Angriffswertsboni<\/td>\n<\/tr>\n<tr>\n<td>Skillentwicklung:<\/td>\n<td><a href=\"https:\/\/planetdiablo.eu\/d2dbneu\/calcs\/skills\/d2r\/index.php?lang=de&amp;char=ama\">im Skill-Kalkulator ansehen<\/a><\/td>\n<\/tr>\n<tr>\n<td>Synergie:<\/td>\n<td>keine<\/td>\n<\/tr>\n<tr>\n<td>Casting Delay:<\/td>\n<td>keines<\/td>\n<\/tr>\n<\/tbody>\n<\/table>\n<h2 id=\"s2\">Feuerpfeil \/ Fire Arrow<\/h2>\n<p><img decoding=\"async\" style=\"float: left!important; margin-right: 15px; margin-bottom: 10px;\" src=\"\/wp-content\/uploads\/2022\/02\/D2R-Amazon-fire-arrow-pressed_klein.jpg\" alt=\"Fire Arrow\"><\/p>\n<p><i>Schuss eines brennenden<br>\nPfeils. <\/i>Hier gibt es nicht viel zu sagen, der Skill<br>\nf\u00fcgt dem Pfeil zus\u00e4tzlichen Feuerschaden hinzu,<br>\nkonvertiert einen Teil des physischen Schadens in<br>\nelementaren Schaden und erh\u00f6ht den Angriffswert beim<br>\nSchie\u00dfen.<\/p>\n<table>\n<tbody>\n<tr>\n<th colspan=\"2\">Skill-Details<\/th>\n<\/tr>\n<tr>\n<td>Art:<\/td>\n<td>Bogen Skill<\/td>\n<\/tr>\n<tr>\n<td>Voraussetzungen:<\/td>\n<td>\n<ul>\n<li>Charakterlevel: 1<\/li>\n<li>Skills: Keine<\/li>\n<\/ul>\n<\/td>\n<\/tr>\n<tr>\n<td>Wirkung:<\/td>\n<td>Feuerschaden und<br>\nAngriffswertsboni \/ Konvertierung von physischem in<br>\nelementaren Schaden<\/td>\n<\/tr>\n<tr>\n<td>Skillentwicklung:<\/td>\n<td><a href=\"https:\/\/planetdiablo.eu\/d2dbneu\/calcs\/skills\/d2r\/index.php?lang=de&amp;char=ama\">im Skill-Kalkulator ansehen<\/a><\/td>\n<\/tr>\n<tr>\n<td>Synergie:<\/td>\n<td>\n<ul type=\"disc\">\n<li>Explodierender Pfeil (+12% Feuerschaden \/ LvL)<\/li>\n<\/ul>\n<\/td>\n<\/tr>\n<tr>\n<td>Casting Delay:<\/td>\n<td>keines<\/td>\n<\/tr>\n<\/tbody>\n<\/table>\n<h2 id=\"s3\">K\u00e4ltepfeil \/ Cold Arrow<\/h2>\n<p><img decoding=\"async\" style=\"float: left!important; margin-right: 15px; margin-bottom: 10px;\" src=\"\/wp-content\/uploads\/2022\/02\/D2R-Amazon-cold-arrow-pressed_klein.jpg\" alt=\"Cold Arrow\"><\/p>\n<p><i>Schuss eines<br>\nK\u00e4ltepfeils.<\/i> Ein Pfeil, der dem Ziel K\u00e4lteschaden<br>\nzuf\u00fcgt und es kurzzeitig verlangsamt. Nat\u00fcrlich werden<br>\nauch hier Angriffswert erh\u00f6ht und ein Teil des<br>\nphysischen Schaden in elementaren Schaden verwandelt.<\/p>\n<table>\n<tbody>\n<tr>\n<th colspan=\"2\">Skill-Details<\/th>\n<\/tr>\n<tr>\n<td>Art:<\/td>\n<td>Bogen Skill<\/td>\n<\/tr>\n<tr>\n<td>Voraussetzungen:<\/td>\n<td>\n<ul>\n<li>Charakterlevel: 6<\/li>\n<li>Skills: Keine<\/li>\n<\/ul>\n<\/td>\n<\/tr>\n<tr>\n<td>Wirkung:<\/td>\n<td>K\u00e4lteschaden und<br>\nAngriffswertsboni \/ Konvertierung von physischem in<br>\nelementaren Schaden<\/td>\n<\/tr>\n<tr>\n<td>Skillentwicklung:<\/td>\n<td>im Skill-Kalkulator ansehen<\/td>\n<\/tr>\n<tr>\n<td>Synergie:<\/td>\n<td>\n<ul>\n<li>Eispfeil (+12% K\u00e4lteschaden \/ LvL)<\/li>\n<\/ul>\n<\/td>\n<\/tr>\n<tr>\n<td>Casting Delay:<\/td>\n<td>keines<\/td>\n<\/tr>\n<\/tbody>\n<\/table>\n<h2 id=\"s4\">Mehrfachschuss \/ Multiple Shot<\/h2>\n<p><img decoding=\"async\" style=\"float: left!important; margin-right: 15px; margin-bottom: 10px;\" src=\"\/wp-content\/uploads\/2022\/04\/D2R-Amazon-multiple-shot-pressed_klein.png\" alt=\"Multi-shot\"><\/p>\n<p><i>Schie\u00dfen von mehreren<br>\nPfeilen. <\/i>Mit jedem Punkt in diesem Skill schie\u00dft man<br>\neinen Pfeil mehr ab. Bei Level 20 sind es dann 21<br>\nf\u00e4cherf\u00f6rmig fliegende Pfeile mit einem Schuss! Es wird<br>\ntrotzdem nur ein Pfeil aus dem K\u00f6cher genommen. Multi<br>\n(so wird der Skill auch genannt) hat die gr\u00f6\u00dfte<br>\nFl\u00e4chenwirkung aller Fertigkeiten in diesem Bereich.<br>\nBeachte den Waffenschadensverlust von 25%!<\/p>\n<table>\n<tbody>\n<tr>\n<th colspan=\"2\">Skill-Details<\/th>\n<\/tr>\n<tr>\n<td>Art:<\/td>\n<td>Bogen Skill<\/td>\n<\/tr>\n<tr>\n<td>Voraussetzungen:<\/td>\n<td>\n<ul>\n<li>Charakterlevel: 6<\/li>\n<li>Zauberpfeil \/ Magic Arrow<\/li>\n<\/ul>\n<\/td>\n<\/tr>\n<tr>\n<td>Wirkung:<\/td>\n<td>3\/4 Waffenschaden \/<br>\nVerschiesst mehrere Pfeile auf einmal<\/td>\n<\/tr>\n<tr>\n<td>Skillentwicklung:<\/td>\n<td><a href=\"https:\/\/planetdiablo.eu\/d2dbneu\/calcs\/skills\/d2r\/index.php?lang=de&amp;char=ama\">im Skill-Kalkulator ansehen<\/a><\/td>\n<\/tr>\n<tr>\n<td>Synergie:<\/td>\n<td>keine<\/td>\n<\/tr>\n<tr>\n<td>Casting Delay:<\/td>\n<td>keines<\/td>\n<\/tr>\n<\/tbody>\n<\/table>\n<h2 id=\"s5\">Explodierender Pfeil \/<br>\nExploding Arrow<\/h2>\n<p><img decoding=\"async\" style=\"float: left!important; margin-right: 15px; margin-bottom: 10px;\" src=\"\/wp-content\/uploads\/2022\/02\/D2R-Amazon-exploding-arrow-pressed_klein.jpg\" alt=\"Exploding Arrow\"><\/p>\n<p><i>Schuss eines<br>\nExplosionspfeils. <\/i>Diese Steigerung des Feuerpfeils<br>\nf\u00fcgt nicht nur dem Ziel, sondern auch den im<br>\nEinzugsbereich der Explosion stehenden Gegnern<br>\nFeuerschaden zu. Au\u00dferdem wird der Angriffswert erh\u00f6ht.<\/p>\n<table>\n<tbody>\n<tr>\n<th colspan=\"2\">Skill-Details<\/th>\n<\/tr>\n<tr>\n<td>Art:<\/td>\n<td>Bogen Skill<\/td>\n<\/tr>\n<tr>\n<td>Voraussetzungen:<\/td>\n<td>\n<ul>\n<li>Charakterlevel: 12<\/li>\n<li>Zauberpfeil \/ Magic Arrow<\/li>\n<li>Feuerpfeil \/ Fire Arrow<\/li>\n<li>Mehrfachschuss \/ Multiple Shot<\/li>\n<\/ul>\n<\/td>\n<\/tr>\n<tr>\n<td>Wirkung:<\/td>\n<td>Fl\u00e4chenschaden \/<br>\nFeuerschaden und Angriffswertsboni<\/td>\n<\/tr>\n<tr>\n<td>Skillentwicklung:<\/td>\n<td><a href=\"https:\/\/planetdiablo.eu\/d2dbneu\/calcs\/skills\/d2r\/index.php?lang=de&amp;char=ama\">im Skill-Kalkulator ansehen<\/a><\/td>\n<\/tr>\n<tr>\n<td>Synergie:<\/td>\n<td>\n<ul>\n<li>Feuerpfeil (+12% Feuerschaden \/ LvL)<\/li>\n<\/ul>\n<\/td>\n<\/tr>\n<tr>\n<td>Casting Delay:<\/td>\n<td>keines<\/td>\n<\/tr>\n<\/tbody>\n<\/table>\n<h2 id=\"s6\">Eispfeil \/ Ice Arrow<\/h2>\n<p><img decoding=\"async\" style=\"float: left!important; margin-right: 15px; margin-bottom: 10px;\" src=\"\/wp-content\/uploads\/2022\/02\/D2R-Amazon-ice-arrow-pressed_klein.jpg\" alt=\"Ice Arrow\"><\/p>\n<p><i>Schuss eines Eispfeils. <\/i>Das<br>\nist die Verbesserung des K\u00e4ltepfeils. Der Pfeil<br>\nverlangsamt nicht nur, sondern friert das Ziel g\u00e4nzlich<br>\nein. Je h\u00f6her der Skilllevel desto l\u00e4nger h\u00e4lt das<br>\nEinfrieren der Monster an.Auch der Angriffswert wird<br>\nwieder erh\u00f6ht.<\/p>\n<table>\n<tbody>\n<tr>\n<th colspan=\"2\">Skill-Details<\/th>\n<\/tr>\n<tr>\n<td>Art:<\/td>\n<td>Bogen Skill<\/td>\n<\/tr>\n<tr>\n<td>Voraussetzungen:<\/td>\n<td>\n<ul>\n<li>Charakterlevel: 18<\/li>\n<li>K\u00e4ltepfeil \/ Cold Arrow<\/li>\n<\/ul>\n<\/td>\n<\/tr>\n<tr>\n<td>Wirkung:<\/td>\n<td>K\u00e4lteschaden und<br>\nAngriffswertsboni \/ friert Gegner ein<\/td>\n<\/tr>\n<tr>\n<td>Skillentwicklung:<\/td>\n<td><a href=\"https:\/\/planetdiablo.eu\/d2dbneu\/calcs\/skills\/d2r\/index.php?lang=de&amp;char=ama\">im Skill-Kalkulator ansehen<\/a><\/td>\n<\/tr>\n<tr>\n<td>Synergie:<\/td>\n<td>\n<ul>\n<li>K\u00e4ltepfeil (+8% K\u00e4lteschaden \/ LvL)<\/li>\n<li>Frostpfeil (+5% K\u00e4ltedauer \/ LvL)<\/li>\n<\/ul>\n<\/td>\n<\/tr>\n<tr>\n<td>Casting Delay:<\/td>\n<td>keines<\/td>\n<\/tr>\n<\/tbody>\n<\/table>\n<h2 id=\"s7\">Gelenkter Pfeil \/ Guided Arrow<\/h2>\n<p><img decoding=\"async\" style=\"float: left!important; margin-right: 15px; margin-bottom: 10px;\" src=\"\/wp-content\/uploads\/2022\/02\/D2R-Amazon-guided-arrow-pressed_klein.jpg\" alt=\"Guided Arrow\"><\/p>\n<p><i>&#8222;Intelligente<br>\nPfeile&#8220;<\/i>.Das Geschoss verfolgt den Gegner so<br>\nlange, bis es entweder trifft oder aus dem Sichtbereich<br>\nder Amazone verschwindet. Wird nicht auf ein bestimmtes<br>\nZiel geschossen, so sucht sich der Gelenkte Pfeil<br>\n(innerhalb eines gewissen Radius) selber sein Ziel. Der<br>\nSchaden des Pfeils wird zus\u00e4tzlich auch noch erh\u00f6ht.<br>\nDurchbohren wirkt nicht mehr auf diesen Skill!<\/p>\n<table>\n<tbody>\n<tr>\n<th colspan=\"2\">Skill-Details<\/th>\n<\/tr>\n<tr>\n<td>Art:<\/td>\n<td>Bogen Skill<\/td>\n<\/tr>\n<tr>\n<td>Voraussetzungen:<\/td>\n<td>\n<ul>\n<li>Charakterlevel: 18<\/li>\n<li>Zauberpfeil \/ Magic Arrow<\/li>\n<li>K\u00e4ltepfeil \/ Cold Arrow<\/li>\n<li>Mehrfachschuss \/ Multiple Shot<\/li>\n<\/ul>\n<\/td>\n<\/tr>\n<tr>\n<td>Wirkung:<\/td>\n<td>Pfeil verfolgt Gegner \/<br>\nSchadensbonus<\/td>\n<\/tr>\n<tr>\n<td>Skillentwicklung:<\/td>\n<td><a href=\"https:\/\/planetdiablo.eu\/d2dbneu\/calcs\/skills\/d2r\/index.php?lang=de&amp;char=ama\">im Skill-Kalkulator ansehen<\/a><\/td>\n<\/tr>\n<tr>\n<td>Synergie:<\/td>\n<td>keine<\/td>\n<\/tr>\n<tr>\n<td>Casting Delay:<\/td>\n<td>keines<\/td>\n<\/tr>\n<\/tbody>\n<\/table>\n<h2 id=\"s8\">Streuen \/ Strafe<\/h2>\n<p><img decoding=\"async\" style=\"float: left!important; margin-right: 15px; margin-bottom: 10px;\" src=\"\/wp-content\/uploads\/2022\/02\/D2R-Amazon-strafe-pressed_klein.jpg\" alt=\"Strafe\"><\/p>\n<p><i>Gleichzeitiges Schie\u00dfen<br>\nauf verschiedene Ziele. <\/i>In gewisser Weise<br>\nvergleichbar mit <a href=\"#s4\">Multi<\/a>. Auch hier<br>\nwerden mehrere Pfeile abgeschossen, allerdings nicht<br>\ngleichzeitig, sondern schnell nacheinander. Besonders zum<br>\nAngriff gegen locker verstreute Monster ist dieser Skill<br>\nn\u00fctzlich, da die Pfeile sich selber aufs Ziel<br>\nausrichten. Der Schaden der Pfeile wird auch erh\u00f6ht.<br>\nBeachte den Waffenschadensverlust von 25%!<\/p>\n<table>\n<tbody>\n<tr>\n<th colspan=\"2\">Skill-Details<\/th>\n<\/tr>\n<tr>\n<td>Art:<\/td>\n<td>Bogen Skill<\/td>\n<\/tr>\n<tr>\n<td>Voraussetzungen:<\/td>\n<td>\n<ul>\n<li>Charakterlevel: 24<\/li>\n<li>Zauberpfeil \/ Magic Arrow<\/li>\n<li>K\u00e4ltepfeil \/ Cold Arrow<\/li>\n<li>Mehrfachschuss \/ Multiple Shot<\/li>\n<li>Gelenkter Pfeil \/ Guided Arrow<\/li>\n<\/ul>\n<\/td>\n<\/tr>\n<tr>\n<td>Wirkung:<\/td>\n<td>3\/4 Waffenschaden \/<br>\nVerschiesst mehrere Pfeile sehr schnell hintereinander \/<br>\nSchadensbonus<\/td>\n<\/tr>\n<tr>\n<td>Skillentwicklung:<\/td>\n<td><a href=\"https:\/\/planetdiablo.eu\/d2dbneu\/calcs\/skills\/d2r\/index.php?lang=de&amp;char=ama\">im Skill-Kalkulator ansehen<\/a><\/td>\n<\/tr>\n<tr>\n<td>Synergie:<\/td>\n<td>keine<\/td>\n<\/tr>\n<tr>\n<td>Casting Delay:<\/td>\n<td>keines<\/td>\n<\/tr>\n<\/tbody>\n<\/table>\n<h2 id=\"s9\">Feuerbrandpfeil \/ Immolation<br>\nArrow<\/h2>\n<p><img decoding=\"async\" style=\"float: left!important; margin-right: 15px; margin-bottom: 10px;\" src=\"\/wp-content\/uploads\/2022\/02\/D2R-Amazon-immolation-arrow-pressed_klein.jpg\" alt=\"Immolation Arrow\"><\/p>\n<p><i>Schuss eines m\u00e4chtigen<br>\nFeuerbrandpfeils. <\/i>Neben einem betr\u00e4chtlichen<br>\nExplosionsschaden entsteht am Einschlagsort auch noch<br>\neine 3 Sekunden anhaltende Feuerwand, die wiederum allen<br>\nMonstern im Einzugsbereich Schaden zuf\u00fcgt. Zus\u00e4tzlich<br>\nerh\u00e4lt man durch Nutzung dieses Skills auch noch einen<br>\nAngriffswertsbonus.<br>\nDer Skill hat jedoch ein &#8222;Casting Delay&#8220; von<br>\neiner Sekunde, das hei\u00dft man kann ihn blo\u00df einmal pro<br>\nSekunde nutzen.<\/p>\n<table>\n<tbody>\n<tr>\n<th colspan=\"2\">Skill-Details<\/th>\n<\/tr>\n<tr>\n<td>Art:<\/td>\n<td>Bogen Skill<\/td>\n<\/tr>\n<tr>\n<td>Voraussetzungen:<\/td>\n<td>\n<ul>\n<li>Charakterlevel: 24<\/li>\n<li>Zauberpfeil \/ Magic Arrow<\/li>\n<li>Feuerpfeil \/ Fire Arrow<\/li>\n<li>Mehrfachschuss \/ Multiple Shot<\/li>\n<li>Explodierender Pfeil \/ Exploding Arrow<\/li>\n<\/ul>\n<\/td>\n<\/tr>\n<tr>\n<td>Wirkung:<\/td>\n<td>Fl\u00e4chenschaden \/<br>\nFeuerschaden und Angriffswertsboni<\/td>\n<\/tr>\n<tr>\n<td>Skillentwicklung:<\/td>\n<td><a href=\"https:\/\/planetdiablo.eu\/d2dbneu\/calcs\/skills\/d2r\/index.php?lang=de&amp;char=ama\">im Skill-Kalkulator ansehen<\/a><\/td>\n<\/tr>\n<tr>\n<td>Synergie:<\/td>\n<td>\n<ul>\n<li>Explodierender Pfeil (+10% Feuerschaden \/ LvL)<\/li>\n<li>Feuerpfeil (+5% Feuerschaden je Sekunde \/ LvL)<\/li>\n<\/ul>\n<\/td>\n<\/tr>\n<tr>\n<td>Casting Delay:<\/td>\n<td>1sec<\/td>\n<\/tr>\n<\/tbody>\n<\/table>\n<h2 id=\"s10\">Frostpfeil \/ Freezing Arrow<\/h2>\n<p><img decoding=\"async\" style=\"float: left!important; margin-right: 15px; margin-bottom: 10px;\" src=\"\/wp-content\/uploads\/2022\/02\/D2R-Amazon-freezing-arrow-pressed_klein.jpg\"><\/p>\n<p><i>Fl\u00e4chendeckender<br>\nK\u00e4lteschaden. <\/i>Der ultimative Eispfeil, diesmal ist<br>\ndie Wirkung (der K\u00e4lteschaden) noch st\u00e4rker als beim<br>\nEispfeil. Durch die Fl\u00e4chenwirkung kann man mit Freezing<br>\nArrow (&#8222;FA&#8220;) engstehende Monsterhorden<br>\npraktisch gefahrlos ausschalten, denn eingefrorene<br>\nMonster k\u00f6nnen keinen Schaden anrichten \ud83d\ude09<br>\nHilfreich ist es, <a href=\"\/spiel\/skills\/amazon\/skilltree2.php#s10\">Durchbohren\/Pierce<\/a><br>\nauf einen m\u00f6glichst hohen Wert zu bringen, da der<br>\nFl\u00e4chenschaden dann mehrfach ausgel\u00f6st werden kann.<br>\nBeachte, dass die Zeit in der die Monster eingefroren<br>\nsind in Alptraum halbiert und in H\u00f6lle sogar geviertelt<br>\nwird! Der angriffswert wird auch erh\u00f6ht.<\/p>\n<table>\n<tbody>\n<tr>\n<th colspan=\"2\">Skill-Details<\/th>\n<\/tr>\n<tr>\n<td>Art:<\/td>\n<td>Bogen Skill<\/td>\n<\/tr>\n<tr>\n<td>Voraussetzungen:<\/td>\n<td>\n<ul>\n<li>Charakterlevel: 30<\/li>\n<li>K\u00e4ltepfeil \/ Cold Arrow<\/li>\n<li>Eispfeil \/ Ice Arrow<\/li>\n<\/ul>\n<\/td>\n<\/tr>\n<tr>\n<td>Wirkung:<\/td>\n<td>Fl\u00e4chenschaden \/<br>\nK\u00e4lteschaden und Angriffswertsboni \/ friert Gegner ein<\/td>\n<\/tr>\n<tr>\n<td>Skillentwicklung:<\/td>\n<td><a href=\"https:\/\/planetdiablo.eu\/d2dbneu\/calcs\/skills\/d2r\/index.php?lang=de&amp;char=ama\">im Skill-Kalkulator ansehen<\/a><\/td>\n<\/tr>\n<tr>\n<td>Synergie:<\/td>\n<td>\n<ul>\n<li>K\u00e4ltepfeil (+12% K\u00e4lteschaden \/ LvL)<\/li>\n<li>Eispfeil (+5% K\u00e4ltedauer \/ LvL)<\/li>\n<\/ul>\n<\/td>\n<\/tr>\n<tr>\n<td>Casting Delay:<\/td>\n<td>keines<\/td>\n<\/tr>\n<\/tbody>\n<\/table>\n<p>Siehe auch :<\/p>\n<ul>\n<li><a href=\"\/diablo-2\/die-charaktere\/die-amazone\/amazone\/skilltree3\/<\/a>Skilltree: Bogen und Armbrust<\/li>\n<li><a href=\">Skilltree: Speer und Wurfspeer<\/a><\/li>\n<li><a href=\"\/diablo-2\/die-charaktere\/die-amazone\/amazone\/skilltree3\/\">Skilltree: Passive und Magische Fertigkeiten<\/a><\/li>\n<\/ul>\n<p><i>Inhalt von Madjai. Edited by RAMsesist. Repariert 2022 by DV<\/i><\/p>\n<map name=\"jump\">\n<area alt=\"Zauberpfeil \/ Magic Arrow\" coords=\"70,11,111,53\" shape=\"RECT\" href=\"#s1\">\n<area alt=\"Feuerpfeil \/ Fire Arrow\" coords=\"128,11,169,53\" shape=\"RECT\" href=\"#s2\">\n<area alt=\"K\u00e4ltepfeil \/ Cold Arrow\" coords=\"11,69,52,111\" shape=\"RECT\" href=\"#s3\">\n<area alt=\"Mehrfachschuss \/ Multiple Shot\" coords=\"70,69,111,110\" shape=\"RECT\" href=\"#s4\">\n<area alt=\"Explodierender Pfeil \/ Exploding Arrow\" coords=\"128,127,169,169\" shape=\"RECT\" href=\"#s5\">\n<area alt=\"Eispfeil \/ Ice Arrow\" coords=\"11,185,52,227\" shape=\"RECT\" href=\"#s6\">\n<area alt=\"Gelenkter Pfeil \/ Guided Arrow\" coords=\"70,185,111,226\" shape=\"RECT\" href=\"#s7\">\n<area alt=\"Streuen \/ Strafe\" coords=\"70,242,111,285\" shape=\"RECT\" href=\"#s8\">\n<area alt=\"Feuerbrandpfeil \/ Immolation Arrow\" coords=\"128,242,169,284\" shape=\"RECT\" href=\"#s9\">\n<area alt=\"Frostpfeil \/ Freezing Arrow\" coords=\"11,300,52,342\" shape=\"RECT\" href=\"#s10\">\n <\/map>","protected":false},"excerpt":{"rendered":"<p>Diese Skillbeschreibungen sind f\u00fcr D2 wie D2R gleichermassen n\u00fctzlich. Verlinkt ist jedoch auf den D2R-Skillcalculator weil wesentlich mehr Leute D2R spielen als D2 Legacy. Wer die Skillentwicklung in D2 Legacy verfolgen will, nimmt statt dessen diesen Link zum D2 LoD (Legacy) Calc. Zauberpfeil \/ Magic Arrow Feuerpfeil \/ Fire Arrow K\u00e4ltepfeil \/ Cold Arrow Mehrfachschuss&hellip; <a class=\"more-link\" href=\"https:\/\/planetdiablo.eu\/de\/diablo-2\/die-charaktere\/die-amazone\/amazone\/skilltree3\/\"><span class=\"screen-reader-text\">Diablo 2 &#8211; Bogen- und Armbrust-Fertigkeiten der Amazone<\/span> weiterlesen<\/a><\/p>\n","protected":false},"author":748,"featured_media":0,"parent":559057,"menu_order":0,"comment_status":"closed","ping_status":"open","template":"","meta":{"footnotes":""},"class_list":["post-559595","page","type-page","status-publish","hentry","entry"],"_links":{"self":[{"href":"https:\/\/planetdiablo.eu\/de\/wp-json\/wp\/v2\/pages\/559595","targetHints":{"allow":["GET"]}}],"collection":[{"href":"https:\/\/planetdiablo.eu\/de\/wp-json\/wp\/v2\/pages"}],"about":[{"href":"https:\/\/planetdiablo.eu\/de\/wp-json\/wp\/v2\/types\/page"}],"author":[{"embeddable":true,"href":"https:\/\/planetdiablo.eu\/de\/wp-json\/wp\/v2\/users\/748"}],"replies":[{"embeddable":true,"href":"https:\/\/planetdiablo.eu\/de\/wp-json\/wp\/v2\/comments?post=559595"}],"version-history":[{"count":20,"href":"https:\/\/planetdiablo.eu\/de\/wp-json\/wp\/v2\/pages\/559595\/revisions"}],"predecessor-version":[{"id":586647,"href":"https:\/\/planetdiablo.eu\/de\/wp-json\/wp\/v2\/pages\/559595\/revisions\/586647"}],"up":[{"embeddable":true,"href":"https:\/\/planetdiablo.eu\/de\/wp-json\/wp\/v2\/pages\/559057"}],"wp:attachment":[{"href":"https:\/\/planetdiablo.eu\/de\/wp-json\/wp\/v2\/media?parent=559595"}],"curies":[{"name":"wp","href":"https:\/\/api.w.org\/{rel}","templated":true}]}}