{"id":559599,"date":"2014-06-29T01:45:10","date_gmt":"2014-06-28T23:45:10","guid":{"rendered":"http:\/\/diablo3.ingame.de\/?page_id=559599"},"modified":"2023-02-27T17:23:54","modified_gmt":"2023-02-27T15:23:54","slug":"skilltree1","status":"publish","type":"page","link":"https:\/\/planetdiablo.eu\/de\/diablo-2\/die-charaktere\/die-assassine\/assassine\/skilltree1\/","title":{"rendered":"Diablo 2 &#8211; Kampfk\u00fcnste der Assassine"},"content":{"rendered":"<p><img decoding=\"async\" style=\"float: left!important; margin-right: 25px;\" src=\"\/wp-content\/uploads\/2014\/06\/tree1_assa.jpg\" alt=\"Skilltree Martial Arts \/ Kampfk\u00fcnste\" usemap=\"#jump\" border=\"0\" \/><\/p>\n<ul>\n<li><a href=\"#s1\">Tiger-Schlag \/ Tiger Strike<\/a><\/li>\n<li><a href=\"#s2\">Drachen-Kralle \/ Dragon Talon<\/a><\/li>\n<li><a href=\"#s3\">Feuerf\u00e4uste \/ Fists of Fire<\/a><\/li>\n<li><a href=\"#s4\">Drachen-Klaue \/ Dragon Claw<\/a><\/li>\n<li><a href=\"#s5\">Kobra-Schlag \/ Cobra Strike<\/a><\/li>\n<li><a href=\"#s6\">Donnerklauen \/ Claws of Thunder<\/a><\/li>\n<li><a href=\"#s7\">Drachen-Schwanz \/ Dragon Tail<\/a><\/li>\n<li><a href=\"#s8\">Eisklingen \/ Blades of Ice<\/a><\/li>\n<li><a href=\"#s9\">Drachenflug \/ Dragon Flight<\/a><\/li>\n<li><a href=\"#s10\">Ph\u00f6nix-Schlag \/ Phoenix Strike<\/a><\/li>\n<\/ul>\n<div style=\"clear: both;\"><\/div>\n<div><span style=\"color: #800000;\">Stand: Patch 2.6<\/span><\/div>\n<p>Ein <b>Charger<\/b> (&#8222;Auflader&#8220;) ist ein normaler Schlag mit erh\u00f6htem Angriffswert. Wenn die Assassine damit einen Gegner trifft kriegt sie von dem entsprechenden Skill einen <b>Charge<\/b> (&#8222;Ladung&#8220;), sichtbar durch eine bunte Kugel die um die Assassine kreist. Von jedem Skill k\u00f6nnen 3 Charges gleichzeitig gehalten werden. Wenn die Assassine eine Zeit lang nichts angreift verschwinden alle Charges wieder.<\/p>\n<p>Ein <b>Finisher<\/b> l\u00f6st alle Charges aus. Ein Finisher ist entweder ein normaler Angriff oder einer der 4 Finisher-Skills, die noch einmal zus\u00e4tzliche Boni geben.<\/p>\n<p>Dabei sollte man die Charger auch wirklich als Charger sehen, viel Schaden m\u00fcssen sie nicht machen. Daf\u00fcr schl\u00e4gt der Finisher um so h\u00e4rter zu.<\/p>\n<p>Drei der vier Finisher sind Kick (Tritt)-Finisher. Der Tritt-Schaden h\u00e4ngt ausschlie\u00dflich vom Tritt Schaden der Schuhe und den St\u00e4rke\/Geschicklichkeits Werten der Assassine ab, wobei St\u00e4rke den Schaden um einiges mehr erh\u00f6ht als Geschicklichkeit. Gegenst\u00e4nde, die den Schaden erh\u00f6hen wirken auf Tritte nicht!<\/p>\n<h2 id=\"s1\">Tiger-Schlag \/ Tiger Strike<\/h2>\n<p><img loading=\"lazy\" decoding=\"async\" class=\"size-full wp-image-584527 alignleft\" src=\"https:\/\/planetdiablo.eu\/de\/wp-content\/uploads\/2022\/02\/D2R-Assassin-tiger-strike-pressed_klein.jpg\" alt=\"\" width=\"65\" height=\"65\" \/><\/p>\n<p><i>Erh\u00f6ht den Schaden des<br \/>\nFinishers.<\/i><\/p>\n<p>Ladung 1: Schaden: +100%<br \/>\nLadung 2: Schaden: +200%<br \/>\nLadung 3: Schaden: +300%<br \/>\nAR-Bonus: Lvl 1 25%, je weiteres Level + 10%<\/p>\n<p>Gibt einen guten Schadensbonus auf<br \/>\nphysikalischen Schaden. Verst\u00e4rkt jedoch nicht den<br \/>\nElementarschaden von z.B. Ph\u00f6nix-Schlag. au\u00dferdem wird<br \/>\nder Angriffswert der Assa erh\u00f6ht!<\/p>\n<table>\n<tbody>\n<tr>\n<th colspan=\"2\">Skill-Details<\/th>\n<\/tr>\n<tr>\n<td>Art:<\/td>\n<td>Charger Skill<\/td>\n<\/tr>\n<tr>\n<td>Voraussetzungen:<\/td>\n<td>\n<ul>\n<li>Charakterlevel: 1<\/li>\n<li>Skills: Keine<\/li>\n<\/ul>\n<\/td>\n<\/tr>\n<tr>\n<td>Wirkung:<\/td>\n<td>Schadens und<br \/>\nAngriffswertsboni f\u00fcr Finisher Skill<\/td>\n<\/tr>\n<tr>\n<td>Skillentwicklung:<\/td>\n<td><a href=\"\/d2dbneu\/calcs\/skills\/d2r\/index.php?lang=de&amp;char=assa\" target=\"_blank\" rel=\"noopener\">im Skill-Kalkulator ansehen<\/a><\/td>\n<\/tr>\n<tr>\n<td>Synergie:<\/td>\n<td>keine<\/td>\n<\/tr>\n<tr>\n<td>Casting Delay:<\/td>\n<td>keines<\/td>\n<\/tr>\n<\/tbody>\n<\/table>\n<h2 id=\"s2\">Drachen-Kralle \/ Dragon Talon<\/h2>\n<p><img loading=\"lazy\" decoding=\"async\" class=\"size-full wp-image-584477 alignleft\" src=\"https:\/\/planetdiablo.eu\/de\/wp-content\/uploads\/2022\/02\/D2R-Assassin-dragon-talon-pressed_klein.jpg\" alt=\"\" width=\"65\" height=\"65\" \/><\/p>\n<p><i>Ein Kick-Finisher.<\/i><\/p>\n<p>Ar-Bonus: Lvl 1: + 20% , jedes weitere Level +25% AR<br \/>\nSchaden-Bonus Lvl 1: +5%, jedes weitere Lvl +7% Schaden<\/p>\n<p>Ein verst\u00e4rkter Tritt, der den\/die Gegner<br \/>\nzur\u00fcckst\u00f6\u00dft. Auf h\u00f6heren Skilleveln werden mehrere<br \/>\nTritte direkt nacheinander ausgef\u00fchrt, die Boni von Chargern wirken allerdings nur auf den ersten. Drachen-Klaue ist ein extrem schneller Nahkampfangriff und verbraucht<br \/>\nausserdem sehr wenig Mana, wodurch er auch in &#8222;Notf\u00e4llen&#8220; noch einsetzbar ist.<\/p>\n<table>\n<tbody>\n<tr>\n<th colspan=\"2\">Skill-Details<\/th>\n<\/tr>\n<tr>\n<td>Art:<\/td>\n<td>Finisher Skill<\/td>\n<\/tr>\n<tr>\n<td>Voraussetzungen:<\/td>\n<td>\n<ul>\n<li>Charakterlevel: 1<\/li>\n<li>Skills: Keine<\/li>\n<\/ul>\n<\/td>\n<\/tr>\n<tr>\n<td>Wirkung:<\/td>\n<td>Schadens und<br \/>\nAngriffswertsboni \/ Wegsto\u00dfung \/ mehrere Tritte<br \/>\nhintereinander<\/td>\n<\/tr>\n<tr>\n<td>Skillentwicklung:<\/td>\n<td><a href=\"\/d2dbneu\/calcs\/skills\/d2r\/index.php?lang=de&amp;char=assa\" target=\"_blank\" rel=\"noopener\">im Skill-Kalkulator ansehen<\/a><\/td>\n<\/tr>\n<tr>\n<td>Synergie:<\/td>\n<td>keine<\/td>\n<\/tr>\n<tr>\n<td>Casting Delay:<\/td>\n<td>keines<\/td>\n<\/tr>\n<\/tbody>\n<\/table>\n<h2 id=\"s3\">Feuerf\u00e4uste \/ Fists of Fire<\/h2>\n<p><img loading=\"lazy\" decoding=\"async\" class=\"alignnone size-full wp-image-584489 alignleft\" src=\"https:\/\/planetdiablo.eu\/de\/wp-content\/uploads\/2022\/02\/D2R-Assassin-fists-of-fire-pressed_klein.jpg\" alt=\"\" width=\"65\" height=\"65\" \/><\/p>\n<p><i>F\u00fcgt dem Finisher<br \/>\nFeuer-Schaden hinzu.<\/i><\/p>\n<p>1. Ladung: Feuerschaden 6-10 unregelm\u00e4ssig steigend<br \/>\n2. Ladung: Fl\u00e4chenschaden Radius 2 Meter, nicht \u00e4ndernd<br \/>\n3. Ladung: Feuerschaden \/sec 9-15, unregelm. ansteigend<br \/>\nInzwischen l\u00e4sst sich dieser Skill durchaus als m\u00f6gliche Alternative zu Ph\u00f6nix betrachten.<\/p>\n<table>\n<tbody>\n<tr>\n<th colspan=\"2\">Skill-Details<\/th>\n<\/tr>\n<tr>\n<td>Art:<\/td>\n<td>Charger Skill<\/td>\n<\/tr>\n<tr>\n<td>Voraussetzungen:<\/td>\n<td>\n<ul>\n<li>Charakterlevel: 6<\/li>\n<li>Skills: Keine<\/li>\n<\/ul>\n<\/td>\n<\/tr>\n<tr>\n<td>Wirkung:<\/td>\n<td>Feuerschadensboni f\u00fcr<br \/>\nFinisher Skill<\/td>\n<\/tr>\n<tr>\n<td>Skillentwicklung:<\/td>\n<td><a href=\"\/d2dbneu\/calcs\/skills\/d2r\/index.php?lang=de&amp;char=assa\" target=\"_blank\" rel=\"noopener\">im Skill-Kalkulator ansehen<\/a><\/td>\n<\/tr>\n<tr>\n<td>Synergie:<\/td>\n<td>\n<ul>\n<li>Ph\u00f6nix-Schlag (+12% Feuerschaden \/ LvL)<\/li>\n<\/ul>\n<\/td>\n<\/tr>\n<tr>\n<td>Casting Delay:<\/td>\n<td>keines<\/td>\n<\/tr>\n<\/tbody>\n<\/table>\n<h2 id=\"s4\">Drachenklaue \/ Dragon Claw<\/h2>\n<p><img loading=\"lazy\" decoding=\"async\" class=\"alignnone size-full wp-image-584465\" src=\"https:\/\/planetdiablo.eu\/de\/wp-content\/uploads\/2022\/02\/D2R-Assassin-dragon-claw-pressed_klein.jpg\" alt=\"\" width=\"65\" height=\"65\" \/><i>Ein Finisher: Doppelschlag mit 2 Klauen.<\/i><\/p>\n<p>Ar-Bonus: Lvl 1 40%, jedes weitere Level + 25%<br \/>\nSchaden-Bonus Lvl 1: 50%, jedes weitere Level +10%<\/p>\n<p>Der einzige Finisher, der nicht tritt, sondern zuschl\u00e4gt. Hat dadurch je nach<br \/>\nKlauen (und Klauenbeherrschung) einen enormen Schaden (erh\u00f6ht selber auch noch den Schaden und Angriffswert der Klauen!), aber keine Fl\u00e4chenwirkung. Ben\u00f6tigt 2<br \/>\nKlauen.<\/p>\n<table>\n<tbody>\n<tr>\n<th colspan=\"2\">Skill-Details<\/th>\n<\/tr>\n<tr>\n<td>Art:<\/td>\n<td>Finisher Skill<\/td>\n<\/tr>\n<tr>\n<td>Voraussetzungen:<\/td>\n<td>\n<ul>\n<li>Charakterlevel: 12<\/li>\n<li>Drachenkralle \/ Dragon Talon<\/li>\n<\/ul>\n<\/td>\n<\/tr>\n<tr>\n<td>Wirkung:<\/td>\n<td>Schadens und<br \/>\nAngriffswertsboni \/ Charges wirken auf beide<br \/>\nKlauenangriffe \/ ben\u00f6tigt 2 Klauen<\/td>\n<\/tr>\n<tr>\n<td>Skillentwicklung:<\/td>\n<td><a href=\"\/d2dbneu\/calcs\/skills\/d2r\/index.php?lang=de&amp;char=assa\" target=\"_blank\" rel=\"noopener\">im Skill-Kalkulator ansehen<\/a><\/td>\n<\/tr>\n<tr>\n<td>Synergie:<\/td>\n<td>keine<\/td>\n<\/tr>\n<tr>\n<td>Casting Delay:<\/td>\n<td>keines<\/td>\n<\/tr>\n<\/tbody>\n<\/table>\n<h2 id=\"s5\">Kobra-Schlag \/ Cobra Strike<\/h2>\n<p><img loading=\"lazy\" decoding=\"async\" class=\"alignnone size-full wp-image-584457\" src=\"https:\/\/planetdiablo.eu\/de\/wp-content\/uploads\/2022\/02\/D2R-Assassin-cobra-strike-pressed_klein.jpg\" alt=\"\" width=\"65\" height=\"65\" \/><i>F\u00fcgt dem Finisher Lebens- und Mana-Absaugung hinzu.<\/i><\/p>\n<p>Ladung 1: Lebensabsaugung: 100%<br \/>\nLadung 2: Lebens\/Mana-absaugung: 100%<br \/>\nLadung 3: Lebens\/Mana-absaugung: 200%<br \/>\nDie Werte m\u00f6gen nach viel klingen, allerdings muss man auch immer erst 3x Kobra-Schlag und am besten noch 3x Tiger-Schlag aufladen um zu saugen. Meistens sind dann aber auch mit nur 1 Punkt auf Kobra-Schlag Leben und Mana wieder voll. Auf Ausr\u00fcstung mit Lebens \/ Manaabsaugung sollte man trotzdem nicht verzichten.<\/p>\n<table>\n<tbody>\n<tr>\n<th colspan=\"2\">Skill-Details<\/th>\n<\/tr>\n<tr>\n<td>Art:<\/td>\n<td>Charger Skill<\/td>\n<\/tr>\n<tr>\n<td>Voraussetzungen:<\/td>\n<td>\n<ul>\n<li>Charakterlevel: 12<\/li>\n<li>Tiger-Schlag \/ Tigerstrike<\/li>\n<\/ul>\n<\/td>\n<\/tr>\n<tr>\n<td>Wirkung:<\/td>\n<td>Life und Manaleech Boni<br \/>\nf\u00fcr den Finisher Skill<\/td>\n<\/tr>\n<tr>\n<td>Skillentwicklung:<\/td>\n<td><a href=\"\/d2dbneu\/calcs\/skills\/d2r\/index.php?lang=de&amp;char=assa\" target=\"_blank\" rel=\"noopener\">im Skill-Kalkulator ansehen<\/a><\/td>\n<\/tr>\n<tr>\n<td>Synergie:<\/td>\n<td>keine<\/td>\n<\/tr>\n<tr>\n<td>Casting Delay:<\/td>\n<td>keines<\/td>\n<\/tr>\n<\/tbody>\n<\/table>\n<h2 id=\"s6\">Donner-Klauen \/ Claws of<br \/>\nThunder<\/h2>\n<p><img loading=\"lazy\" decoding=\"async\" class=\"alignnone size-full wp-image-584449\" src=\"https:\/\/planetdiablo.eu\/de\/wp-content\/uploads\/2022\/02\/D2R-Assassin-claws-of-thunder-pressed_klein.jpg\" alt=\"\" width=\"65\" height=\"65\" \/><i>F\u00fcgt dem Finisher Blitzschaden hinzu.<\/i><br \/>\nLadung 1: Blitzschaden: 1 &#8211; 80 (\u00f840.5)<br \/>\nLadung 2: Nova Schaden: 1 &#8211; 30 (\u00f815.5)<br \/>\nLadung 3: Comboblitz-Schaden: 1 &#8211; 40 (\u00f820.5)<br \/>\nUnregelm\u00e4ssig ansteigend.<br \/>\nAr-Bonus: Lvl 1: 25%, jedes weitere Level 10%<br \/>\nDer Angriffswert und damit die Trefferchance sind auch<br \/>\nerh\u00f6ht! Ein Skill, der gerade bei Assassinen mit 2 Klauen beliebt<br \/>\nist, da er eine Menge elementar-Schaden verursacht und<br \/>\nmit Ladung 2 oder 3 sogar Fl\u00e4chendeckend ist.<br \/>\nFunktioniert nur mit Klauen, nicht mit anderen Waffen.<\/p>\n<table>\n<tbody>\n<tr>\n<th colspan=\"2\">Skill-Details<\/th>\n<\/tr>\n<tr>\n<td>Art:<\/td>\n<td>Charger Skill<\/td>\n<\/tr>\n<tr>\n<td>Voraussetzungen:<\/td>\n<td>\n<ul>\n<li>Charakterlevel: 18<\/li>\n<li>Feuerf\u00e4uste \/ Fists of Fire<\/li>\n<\/ul>\n<\/td>\n<\/tr>\n<tr>\n<td>Wirkung:<\/td>\n<td>Angriffswertsbonus \/<br \/>\nBlitzschadensboni f\u00fcr den Finisher Skill<\/td>\n<\/tr>\n<tr>\n<td>Skillentwicklung:<\/td>\n<td><a href=\"\/d2dbneu\/calcs\/skills\/d2r\/index.php?lang=de&amp;char=assa\" target=\"_blank\" rel=\"noopener\">im Skill-Kalkulator ansehen<\/a><\/td>\n<\/tr>\n<tr>\n<td>Synergie:<\/td>\n<td>\n<ul>\n<li>Ph\u00f6nix-Schlag (+8% Blitzschaden \/ LvL)<\/li>\n<\/ul>\n<\/td>\n<\/tr>\n<tr>\n<td>Casting Delay:<\/td>\n<td>keines<\/td>\n<\/tr>\n<\/tbody>\n<\/table>\n<h2 id=\"s7\">Drachenschwanz \/ Dragon Tail<\/h2>\n<p><img loading=\"lazy\" decoding=\"async\" class=\"alignnone size-full wp-image-584473\" src=\"https:\/\/planetdiablo.eu\/de\/wp-content\/uploads\/2022\/02\/D2R-Assassin-dragon-tail-pressed_klein.jpg\" alt=\"\" width=\"65\" height=\"65\" \/><i>Ein Kick-Finisher, der fl\u00e4chendeckenden Feuer-Explosions-Schaden verursacht.<\/i><\/p>\n<p>Ar-Bonus Lvl 1: 20%, jedes weitere Level + 15%<br \/>\nSchaden-Bonus Lvl 1: 50%, jedes weitere Level +20%<br \/>\nReichweite: 4 <a href=\"https:\/\/planetdiablo.eu\/d2dbneu\/itemdb\/d2-lexikon.php#ylink\"> Meter\/Yards<\/a><\/p>\n<p>In Verbindung mit Tiger-Schlag eine sehr wirksame<br \/>\nKombination. Da der Feuer-Schaden vom verursachten<br \/>\nphysikalischen Schaden abh\u00e4ngt ist es sinnlos einen<br \/>\nphysisch immunen zu treten, da der Feuerschaden dann auch<br \/>\n0 ist. Man kann aber einen nicht-immunen in der N\u00e4he<br \/>\neines immunen Monsters treten, so dass das immune Monster<br \/>\nden fl\u00e4chendeckenden Feuerschaden abkriegt.<\/p>\n<table>\n<tbody>\n<tr>\n<th colspan=\"2\">Skill-Details<\/th>\n<\/tr>\n<tr>\n<td>Art:<\/td>\n<td>Finisher Skill<\/td>\n<\/tr>\n<tr>\n<td>Voraussetzungen:<\/td>\n<td>\n<ul>\n<li>Charakterlevel: 18<\/li>\n<li>Drachen-Kralle \/ Dragon Talon<\/li>\n<li>Drachen-Klaue \/ Dragon Claw<\/li>\n<\/ul>\n<\/td>\n<\/tr>\n<tr>\n<td>Wirkung:<\/td>\n<td>Feuerschadens und<br \/>\nAngriffswertsboni \/ Fl\u00e4chenschaden<\/td>\n<\/tr>\n<tr>\n<td>Skillentwicklung:<\/td>\n<td><a href=\"\/d2dbneu\/calcs\/skills\/d2r\/index.php?lang=de&amp;char=assa\" target=\"_blank\" rel=\"noopener\">im Skill-Kalkulator ansehen<\/a><\/td>\n<\/tr>\n<tr>\n<td>Synergie:<\/td>\n<td>keine<\/td>\n<\/tr>\n<tr>\n<td>Casting Delay:<\/td>\n<td>keines<\/td>\n<\/tr>\n<\/tbody>\n<\/table>\n<h2 id=\"s8\">Eisklingen \/ Blades of Ice<\/h2>\n<p><img loading=\"lazy\" decoding=\"async\" class=\"alignnone size-full wp-image-584433\" src=\"https:\/\/planetdiablo.eu\/de\/wp-content\/uploads\/2022\/02\/D2R-Assassin-Blades-of-ice-pressed_klein.jpg\" alt=\"\" width=\"65\" height=\"65\" \/><em>F\u00fcgt dem Finisher K\u00e4lteschaden hinzu.<br \/>\n<\/em>1. Ladung: K\u00e4lteschaden (ansteigend)<br \/>\n2.Ladung: fl\u00e4chendeckender Schaden ( 4 <a href=\"https:\/\/planetdiablo.eu\/d2dbneu\/itemdb\/d2-lexikon.php#ylink\">Meter<\/a>)<br \/>\n3. Ladung: K\u00e4ltedauer (ansteigend).<br \/>\nKann Gegner nur verlangsamen, nicht komplett einfrieren.<br \/>\nDiesen Effekt kann man mit 3 Ph\u00f6nix-Schlag-Charges aber<br \/>\nauch erzielen, von daher ein eher selten genutzter Skill.<br \/>\nFunktioniert nur mit Klauen. Erh\u00f6ht zus\u00e4tzlich den<br \/>\nAngriffswert.<\/p>\n<table>\n<tbody>\n<tr>\n<th colspan=\"2\">Skill-Details<\/th>\n<\/tr>\n<tr>\n<td>Art:<\/td>\n<td>Charger Skill<\/td>\n<\/tr>\n<tr>\n<td>Voraussetzungen:<\/td>\n<td>\n<ul>\n<li>Charakterlevel: 24<\/li>\n<li>Feuerf\u00e4uste \/ Fists of Fire<\/li>\n<li>Donnerklauen \/ Claws of Thunder<\/li>\n<\/ul>\n<\/td>\n<\/tr>\n<tr>\n<td>Wirkung:<\/td>\n<td>K\u00e4lteschaden und<br \/>\nAngriffswertsboni f\u00fcr den Finisher Skill<\/td>\n<\/tr>\n<tr>\n<td>Skillentwicklung:<\/td>\n<td><a href=\"\/d2dbneu\/calcs\/skills\/d2r\/index.php?lang=de&amp;char=assa\" target=\"_blank\" rel=\"noopener\">im Skill-Kalkulator ansehen<\/a><\/td>\n<\/tr>\n<tr>\n<td>Synergie:<\/td>\n<td>\n<ul>\n<li>Ph\u00f6nix-Schlag (+8% K\u00e4lteschaden \/ LvL)<\/li>\n<\/ul>\n<\/td>\n<\/tr>\n<tr>\n<td>Casting Delay:<\/td>\n<td>keines<\/td>\n<\/tr>\n<\/tbody>\n<\/table>\n<h2 id=\"s9\">Drachenflug \/ Dragon Flight<\/h2>\n<p><img loading=\"lazy\" decoding=\"async\" class=\"alignnone size-full wp-image-584467\" src=\"https:\/\/planetdiablo.eu\/de\/wp-content\/uploads\/2022\/02\/D2R-Assassin-dragon-flight_klein.jpg\" alt=\"\" width=\"65\" height=\"65\" \/><i>Ein Kick-Finisher, der zum Gegner hinteleportiert.<\/i><\/p>\n<p>Reichweite: 18 <a href=\"https:\/\/planetdiablo.eu\/d2dbneu\/itemdb\/d2-lexikon.php#ylink\">Meter<\/a><\/p>\n<p>Angriffswert Lvl 1: +50%, mit jedm weiteren Level +25%<br \/>\nSchaden Lvl 1: +100%, mit jedem weiteren Level + 35%<br \/>\nVerursacht zus\u00e4tzlichen Schaden, trifft aber nur einen Gegner gleichzeitig &#8211; den<br \/>\ndurch den erh\u00f6hten Angriffswert daf\u00fcr aber umso genauer ;). Allerdings n\u00fctzlich wegen des Teleport-Effekts, kann aber nur auf ein Monster teleportieren, nicht an jede<br \/>\nbeliebige Stelle. Hat ein Casting Delay von einer Sekunde, ist daher f\u00fcr den &#8222;Normalgebrauch&#8220; kaum geeignet, im PvP schon eher.<\/p>\n<table>\n<tbody>\n<tr>\n<th colspan=\"2\">Skill-Details<\/th>\n<\/tr>\n<tr>\n<td>Art:<\/td>\n<td>Finisher Skill<\/td>\n<\/tr>\n<tr>\n<td>Voraussetzungen:<\/td>\n<td>\n<ul>\n<li>Charakterlevel: 24<\/li>\n<li>Drachen-Kralle \/ Dragon Talon<\/li>\n<li>Drachen-Klaue \/ Dragon Claw<\/li>\n<li>Drachen-Schwanz \/ Dragon Tail<\/li>\n<\/ul>\n<\/td>\n<\/tr>\n<tr>\n<td>Wirkung:<\/td>\n<td>Schadens und<br \/>\nAngriffswertsboni \/ teleportiert zum Gegner<\/td>\n<\/tr>\n<tr>\n<td>Skillentwicklung:<\/td>\n<td><a href=\"\/d2dbneu\/calcs\/skills\/d2r\/index.php?lang=de&amp;char=assa\" target=\"_blank\" rel=\"noopener\">im Skill-Kalkulator ansehen<\/a><\/td>\n<\/tr>\n<tr>\n<td>Synergie:<\/td>\n<td>keine<\/td>\n<\/tr>\n<tr>\n<td>Casting Delay:<\/td>\n<td>1sec<\/td>\n<\/tr>\n<\/tbody>\n<\/table>\n<h2 id=\"s10\">Ph\u00f6nix-Schlag \/ Phoenix Strike<\/h2>\n<p><img loading=\"lazy\" decoding=\"async\" class=\"alignnone size-full wp-image-584501\" src=\"https:\/\/planetdiablo.eu\/de\/wp-content\/uploads\/2022\/02\/D2R-Assassin-phoenix-strike-pressed_klein.jpg\" alt=\"\" width=\"65\" height=\"65\" \/><i>F\u00fcgt verschiedene Elementar-Sch\u00e4den hinzu.<\/i><\/p>\n<p>1. Ladung: Meteor, Radius 4 <a href=\"https:\/\/planetdiablo.eu\/d2dbneu\/itemdb\/d2-lexikon.php#ylink\">Meter<\/a><br \/>\n2. Ladung: Kettenblitz<br \/>\n3. Ladung: Eischaos.<br \/>\nAngriffswertbonus lvl 1 +125% mitjedem weiteren Level +10%<br \/>\nDER Universalskill gegen (fast) alles. Ladung 3 um gr\u00f6ssere Gruppen einzufrieren, Ladung 1 (schnell hintereinander ausgel\u00f6st) gegen physisch Immune, Ladung<br \/>\n2 f\u00fcr Schaden in gr\u00f6sseren Monsterhorden. Wird von vielen Nahkampf-Assassinen gemaxt, ist aber auf jeden Fall einen Punkt (wegen dem Freeze-Effekt auf Charge 3)<br \/>\nwert.<\/p>\n<table>\n<tbody>\n<tr>\n<th colspan=\"2\">Skill-Details<\/th>\n<\/tr>\n<tr>\n<td>Art:<\/td>\n<td>Charger Skill<\/td>\n<\/tr>\n<tr>\n<td>Voraussetzungen:<\/td>\n<td>\n<ul>\n<li>Charakterlevel: 30<\/li>\n<li>Tiger-Schlag \/ Tigerstrike<\/li>\n<li>Feuerf\u00e4uste \/ Fists of Fire<\/li>\n<li>Kobra-Schlag \/ Cobrastrike<\/li>\n<li>Donnerklauen \/ Claws of Thunder<\/li>\n<li>Eisklingen \/ Blades of Ice<\/li>\n<\/ul>\n<\/td>\n<\/tr>\n<tr>\n<td>Wirkung:<\/td>\n<td>Elementarschadens und<br \/>\nAngriffswertsboni f\u00fcr den Finisher Skill<\/td>\n<\/tr>\n<tr>\n<td>Skillentwicklung:<\/td>\n<td><a href=\"\/d2dbneu\/calcs\/skills\/d2r\/index.php?lang=de&amp;char=assa\" target=\"_blank\" rel=\"noopener\">im Skill-Kalkulator ansehen<\/a><\/td>\n<\/tr>\n<tr>\n<td>Synergie:<\/td>\n<td>\n<ul>\n<li>Feuerf\u00e4uste (+10% Feuerschaden und +6%<br \/>\nFeuerschaden pro Sekunden \/ LvL)<\/li>\n<li>Donnerklauen (+13% Blitzschaden \/ LvL)<\/li>\n<li>Eisklingen (+10% K\u00e4lteschaden \/ LvL)<\/li>\n<\/ul>\n<\/td>\n<\/tr>\n<tr>\n<td>Casting Delay:<\/td>\n<td>keines<\/td>\n<\/tr>\n<\/tbody>\n<\/table>\n<p>Siehe auch :<\/p>\n<ul>\n<li><a href=\"diablo-2\/die-charaktere\/die-assassine\/assassine\/\">Skill\u00fcbersicht Assassine<\/a><\/li>\n<li><a href=\"\/diablo-2\/die-charaktere\/die-assassine\/assassine\/skilltree2\/\">Skilltree: Schattendisziplinen<\/a><\/li>\n<li><a href=\"\/diablo-2\/die-charaktere\/die-assassine\/assassine\/\">Skilltree: Fallen<\/a><\/li>\n<\/ul>\n<p><i>Inhalt von Tub. Edited by RAMsesist. \u00dcberarbeitet von DameVenusia.<br \/>\n<\/i><\/p>\n<map name=\"jump\">\n<area alt=\"Ph\u00f6nixschlag \/ Phoenix Strike\" coords=\"84,355,133,404\" shape=\"rect\" href=\"#s10\" \/>\n<area alt=\"Drachenflug \/ Dragon Flight\" coords=\"153,286,202,336\" shape=\"rect\" href=\"#s9\" \/>\n<area alt=\"Eisklingen \/ Blades of Ice\" coords=\"15,287,65,336\" shape=\"rect\" href=\"#s8\" \/>\n<area alt=\"Drachenschwanz \/ Dragon Tail\" coords=\"153,218,202,267\" shape=\"rect\" href=\"#s7\" \/>\n<area alt=\"Donnerklauen \/ Claws of Thunder\" coords=\"15,218,64,267\" shape=\"rect\" href=\"#s6\" \/>\n<area alt=\"Kobra-Schlag \/ Cobra Strike\" coords=\"84,150,133,199\" shape=\"rect\" href=\"#s5\" \/>\n<area alt=\"Drachenklaue \/ Dragon Claw\" coords=\"153,82,202,131\" shape=\"rect\" href=\"#s4\" \/>\n<area alt=\"Feuerf\u00e4uste \/ Fists of Fire\" coords=\"15,82,64,131\" shape=\"rect\" href=\"#s3\" \/>\n<area alt=\"Drachenkralle \/ Dragon Talon\" coords=\"153,14,202,63\" shape=\"rect\" href=\"#s2\" \/>\n<area alt=\"Tiger-Schlag \/ Tiger Strike\" coords=\"84,14,133,63\" shape=\"rect\" href=\"#s1\" \/>\n <\/map>\n","protected":false},"excerpt":{"rendered":"<p>Tiger-Schlag \/ Tiger Strike Drachen-Kralle \/ Dragon Talon Feuerf\u00e4uste \/ Fists of Fire Drachen-Klaue \/ Dragon Claw Kobra-Schlag \/ Cobra Strike Donnerklauen \/ Claws of Thunder Drachen-Schwanz \/ Dragon Tail Eisklingen \/ Blades of Ice Drachenflug \/ Dragon Flight Ph\u00f6nix-Schlag \/ Phoenix Strike Stand: Patch 2.6 Ein Charger (&#8222;Auflader&#8220;) ist ein normaler Schlag mit erh\u00f6htem&hellip; <a class=\"more-link\" href=\"https:\/\/planetdiablo.eu\/de\/diablo-2\/die-charaktere\/die-assassine\/assassine\/skilltree1\/\"><span class=\"screen-reader-text\">Diablo 2 &#8211; Kampfk\u00fcnste der Assassine<\/span> weiterlesen<\/a><\/p>\n","protected":false},"author":748,"featured_media":0,"parent":559067,"menu_order":10,"comment_status":"closed","ping_status":"open","template":"","meta":{"footnotes":""},"class_list":["post-559599","page","type-page","status-publish","hentry","entry"],"_links":{"self":[{"href":"https:\/\/planetdiablo.eu\/de\/wp-json\/wp\/v2\/pages\/559599","targetHints":{"allow":["GET"]}}],"collection":[{"href":"https:\/\/planetdiablo.eu\/de\/wp-json\/wp\/v2\/pages"}],"about":[{"href":"https:\/\/planetdiablo.eu\/de\/wp-json\/wp\/v2\/types\/page"}],"author":[{"embeddable":true,"href":"https:\/\/planetdiablo.eu\/de\/wp-json\/wp\/v2\/users\/748"}],"replies":[{"embeddable":true,"href":"https:\/\/planetdiablo.eu\/de\/wp-json\/wp\/v2\/comments?post=559599"}],"version-history":[{"count":20,"href":"https:\/\/planetdiablo.eu\/de\/wp-json\/wp\/v2\/pages\/559599\/revisions"}],"predecessor-version":[{"id":586840,"href":"https:\/\/planetdiablo.eu\/de\/wp-json\/wp\/v2\/pages\/559599\/revisions\/586840"}],"up":[{"embeddable":true,"href":"https:\/\/planetdiablo.eu\/de\/wp-json\/wp\/v2\/pages\/559067"}],"wp:attachment":[{"href":"https:\/\/planetdiablo.eu\/de\/wp-json\/wp\/v2\/media?parent=559599"}],"curies":[{"name":"wp","href":"https:\/\/api.w.org\/{rel}","templated":true}]}}