{"id":559603,"date":"2014-06-29T01:51:12","date_gmt":"2014-06-28T23:51:12","guid":{"rendered":"http:\/\/diablo3.ingame.de\/?page_id=559603"},"modified":"2023-02-27T17:23:42","modified_gmt":"2023-02-27T15:23:42","slug":"skilltree2","status":"publish","type":"page","link":"https:\/\/planetdiablo.eu\/de\/diablo-2\/die-charaktere\/die-assassine\/assassine\/skilltree2\/","title":{"rendered":"Diablo 2 &#8211; Schattendisziplinen der Assassine"},"content":{"rendered":"<p><img decoding=\"async\" style=\"float: left!important; margin-right: 25px;\" src=\"\/wp-content\/uploads\/2014\/06\/tree2_assa.jpg\" alt=\"Skilltree Shadow Disciplines \/ Schattendisziplinen\" usemap=\"#jump\" border=\"0\" \/><\/p>\n<ul>\n<li><a href=\"#s1\">Klauen-Beherrschung &#8211; Claw Mastery<\/a><\/li>\n<li><a href=\"#s2\">Psycho-Hammer &#8211; Psychic Hammer<\/a><\/li>\n<li><a href=\"#s3\">Tempoblitz &#8211; Burst of Speed<\/a><\/li>\n<li><a href=\"#s4\">Waffenblocker &#8211; Weapon Block<\/a><\/li>\n<li><a href=\"#s5\">Schattenmantel &#8211; Cloak of Shadows<\/a><\/li>\n<li><a href=\"#s6\">Verblassen &#8211; Fade<\/a><\/li>\n<li><a href=\"#s7\">Schattenkrieger &#8211; Shadow Warrior<\/a><\/li>\n<li><a href=\"#s8\">Gedankenschlag &#8211; Mind Blast<\/a><\/li>\n<li><a href=\"#s9\">Giftgeifer &#8211; Venom<\/a><\/li>\n<li><a href=\"#s10\">Schattenmeister &#8211; Shadow Master<\/a><\/li>\n<\/ul>\n<div style=\"clear: both;\"><\/div>\n<div>\n<div><\/div>\n<div><span style=\"color: #800000;\">Stand: Patch 2.6<\/span><\/div>\n<\/div>\n<h2 id=\"s1\">Klauen-Beherrschung \/ Claw<br \/>\nMastery<\/h2>\n<p><img loading=\"lazy\" decoding=\"async\" class=\"alignnone size-full wp-image-584445\" src=\"https:\/\/planetdiablo.eu\/de\/wp-content\/uploads\/2022\/02\/D2R-Assassin-claw-mastery-pressed_klein.jpg\" alt=\"\" width=\"65\" height=\"65\" \/><i>Erh\u00f6ht Schaden und Angriffswert von Klauen.<\/i><\/p>\n<p>Ar-Bonus: Lvl 1 20%, jedes weitere Level +25% Bonus<br \/>\nSchaden-Bonus:<\/p>\n<p>Zus\u00e4tzlich wird die Chance auf doppelten Schaden mit jedem Skilllevel erh\u00f6ht.<br \/>\nSollte bei Drachen-Klaue\/Dragon Claw als Finisher und Wurfstern Assassinen, die sich auf Klauen spezialisieren wollen, auf jeden Fall gesteigert werden. Wirkt NUR bei Klauen!<\/p>\n<table>\n<tbody>\n<tr>\n<th colspan=\"2\">Skill-Details<\/th>\n<\/tr>\n<tr>\n<td>Art:<\/td>\n<td>Passiver Skill<\/td>\n<\/tr>\n<tr>\n<td>Voraussetzungen:<\/td>\n<td>\n<ul>\n<li>Charakterlevel: 1<\/li>\n<li>Skills: Keine<\/li>\n<\/ul>\n<\/td>\n<\/tr>\n<tr>\n<td>Wirkung:<\/td>\n<td>Schadens und<br \/>\nAngriffswertsboni \/ Chance auf doppelten Schaden \/ nur<br \/>\nf\u00fcr Klauen<\/td>\n<\/tr>\n<tr>\n<td>Skillentwicklung:<\/td>\n<td><a href=\"\/d2dbneu\/calcs\/skills\/d2r\/index.php?lang=de&amp;char=assa\" target=\"_blank\" rel=\"noopener\">im Skill-Kalkulator ansehen<\/a><\/td>\n<\/tr>\n<tr>\n<td>Synergie:<\/td>\n<td>keine<\/td>\n<\/tr>\n<tr>\n<td>Casting Delay:<\/td>\n<td>keines<\/td>\n<\/tr>\n<\/tbody>\n<\/table>\n<h2 id=\"s2\">Psycho-Hammer \/ Psychic Hammer<\/h2>\n<p><img loading=\"lazy\" decoding=\"async\" class=\"alignnone size-full wp-image-584505\" src=\"https:\/\/planetdiablo.eu\/de\/wp-content\/uploads\/2022\/02\/D2R-Assassin-psychic-hammer-pressed_klein.jpg\" alt=\"\" width=\"65\" height=\"65\" \/><i>Sch\u00e4digt den Gegner und st\u00f6sst ihn zur\u00fcck.<\/i><\/p>\n<p>Relativ nutzlos im Vergleich zum sp\u00e4ter erh\u00e4ltlichen Gedankenschlag\/Mindblast.<\/p>\n<table>\n<tbody>\n<tr>\n<th colspan=\"2\">Skill-Details<\/th>\n<\/tr>\n<tr>\n<td>Art:<\/td>\n<td>Angriffs Skill<\/td>\n<\/tr>\n<tr>\n<td>Voraussetzungen:<\/td>\n<td>\n<ul>\n<li>Charakterlevel: 1<\/li>\n<li>Skills: Keine<\/li>\n<\/ul>\n<\/td>\n<\/tr>\n<tr>\n<td>Wirkung:<\/td>\n<td>Sch\u00e4digt Gegner \/<br \/>\nWegsto\u00dfung<\/td>\n<\/tr>\n<tr>\n<td>Skillentwicklung:<\/td>\n<td><a href=\"\/d2dbneu\/calcs\/skills\/d2r\/index.php?lang=de&amp;char=assa\" target=\"_blank\" rel=\"noopener\">im Skill-Kalkulator ansehen<\/a><\/td>\n<\/tr>\n<tr>\n<td>Synergie:<\/td>\n<td>keine<\/td>\n<\/tr>\n<tr>\n<td>Casting Delay:<\/td>\n<td>keines<\/td>\n<\/tr>\n<\/tbody>\n<\/table>\n<h2 id=\"s3\">Tempoblitz \/ Burst of Speed<\/h2>\n<p><img loading=\"lazy\" decoding=\"async\" class=\"alignnone size-full wp-image-584437\" src=\"https:\/\/planetdiablo.eu\/de\/wp-content\/uploads\/2022\/02\/D2R-Assassin-burst-of-speed-pressed_klein.jpg\" alt=\"\" width=\"65\" height=\"65\" \/><i>Erh\u00f6ht Lauf- und Angriffsgeschwindigkeit.<\/i><\/p>\n<p>Ein von Nahkampfassassinen gerne benutzer Skill. Funktioniert nicht zusammen mit<br \/>\nVerblassen\/Fade und wirkt nur auf die Assassine selber!<\/p>\n<table>\n<tbody>\n<tr>\n<th colspan=\"2\">Skill-Details<\/th>\n<\/tr>\n<tr>\n<td>Art:<\/td>\n<td>Boost Skill<\/td>\n<\/tr>\n<tr>\n<td>Voraussetzungen:<\/td>\n<td>\n<ul>\n<li>Charakterlevel: 6<\/li>\n<li>Klauen-Beherrschung \/ Claw Mastery<\/li>\n<\/ul>\n<\/td>\n<\/tr>\n<tr>\n<td>Wirkung:<\/td>\n<td>Laufgeschwindigkeit und<br \/>\nAngriffsgeschwindigkeitsboni<\/td>\n<\/tr>\n<tr>\n<td>Skillentwicklung:<\/td>\n<td><a href=\"\/d2dbneu\/calcs\/skills\/d2r\/index.php?lang=de&amp;char=assa\" target=\"_blank\" rel=\"noopener\">im Skill-Kalkulator ansehen<\/a><\/td>\n<\/tr>\n<tr>\n<td>Synergie:<\/td>\n<td>keine<\/td>\n<\/tr>\n<tr>\n<td>Casting Delay:<\/td>\n<td>keines<\/td>\n<\/tr>\n<\/tbody>\n<\/table>\n<h2 id=\"s4\">Waffenblocker \/ Weapon Block<\/h2>\n<p><img loading=\"lazy\" decoding=\"async\" class=\"alignnone size-full wp-image-584543\" src=\"https:\/\/planetdiablo.eu\/de\/wp-content\/uploads\/2022\/02\/D2R-Assassin-weapon-block-pressed_klein.jpg\" alt=\"\" width=\"65\" height=\"65\" \/><i>Blockt mit 2 Klauen.<\/i><br \/>\nDieser Skill ersetzt bei einer Assassine mit 2 Klauen den Schild. Die Effektive Blockrate ist hierbei nicht von der Geschicklichkeit (Dex) abh\u00e4ngig und kann auch durch<br \/>\nGegenst\u00e4nde mit &#8222;erh\u00f6hter Blockchance&#8220; nicht gesteigert werden. Die Blockgeschwindigkeit l\u00e4sst sich auch nicht \u00fcber Gegenstandsboni erh\u00f6hen!<\/p>\n<table>\n<tbody>\n<tr>\n<th colspan=\"2\">Skill-Details<\/th>\n<\/tr>\n<tr>\n<td>Art:<\/td>\n<td>Passiver Skill<\/td>\n<\/tr>\n<tr>\n<td>Voraussetzungen:<\/td>\n<td>\n<ul>\n<li>Charakterlevel: 12<\/li>\n<li>Klauen-Beherrschung \/ Claw Mastery<\/li>\n<\/ul>\n<\/td>\n<\/tr>\n<tr>\n<td>Wirkung:<\/td>\n<td>Blockchance bei Nutzung<br \/>\nvon 2 Klauen<\/td>\n<\/tr>\n<tr>\n<td>Skillentwicklung:<\/td>\n<td><a href=\"\/d2dbneu\/calcs\/skills\/d2r\/index.php?lang=de&amp;char=assa\" target=\"_blank\" rel=\"noopener\">im Skill-Kalkulator ansehen<\/a><\/td>\n<\/tr>\n<tr>\n<td>Synergie:<\/td>\n<td>keine<\/td>\n<\/tr>\n<tr>\n<td>Casting Delay:<\/td>\n<td>keines<\/td>\n<\/tr>\n<\/tbody>\n<\/table>\n<h2 id=\"s5\">Schattenmantel \/ Cloak of<br \/>\nShadows<\/h2>\n<p><img loading=\"lazy\" decoding=\"async\" class=\"alignnone size-full wp-image-584453\" src=\"https:\/\/planetdiablo.eu\/de\/wp-content\/uploads\/2022\/02\/D2R-Assassin-cloak-of-shadows-pressed_klein.jpg\" alt=\"\" width=\"65\" height=\"65\" \/><i>Verdunkelt das Gebiet, so dass Gegner einen nicht mehr sehen.<\/i><\/p>\n<p>Senkt gleichzeitig die Verteidigung der Gegner (erkennbar an der &#8222;Rauchwolke&#8220; \u00fcber dem Kopf), und erh\u00f6ht die eigene Verteidigung. Sehr defensiver Skill f\u00fcr Fernk\u00e4mpfer. Lieber nicht in der Party anwenden, man macht sich damit keine Freunde!<\/p>\n<table>\n<tbody>\n<tr>\n<th colspan=\"2\">Skill-Details<\/th>\n<\/tr>\n<tr>\n<td>Art:<\/td>\n<td>Support Skill<\/td>\n<\/tr>\n<tr>\n<td>Voraussetzungen:<\/td>\n<td>\n<ul>\n<li>Charakterlevel: 12<\/li>\n<li>Psycho-Hammer \/ Psychic Hammer<\/li>\n<\/ul>\n<\/td>\n<\/tr>\n<tr>\n<td>Wirkung:<\/td>\n<td>Senkt Gegnerverteidigung<br \/>\nund Sicht \/ erh\u00f6ht eigene Verteidigung<\/td>\n<\/tr>\n<tr>\n<td>Skillentwicklung:<\/td>\n<td><a href=\"\/d2dbneu\/calcs\/skills\/d2r\/index.php?lang=de&amp;char=assa\" target=\"_blank\" rel=\"noopener\">im Skill-Kalkulator ansehen<\/a><\/td>\n<\/tr>\n<tr>\n<td>Synergie:<\/td>\n<td>keine<\/td>\n<\/tr>\n<tr>\n<td>Casting Delay:<\/td>\n<td>keines<\/td>\n<\/tr>\n<\/tbody>\n<\/table>\n<h2 id=\"s6\">Verblassen \/ Fade<\/h2>\n<p><img loading=\"lazy\" decoding=\"async\" class=\"alignnone size-full wp-image-584481\" src=\"https:\/\/planetdiablo.eu\/de\/wp-content\/uploads\/2022\/02\/D2R-Assassin-fade-pressed_klein.jpg\" alt=\"\" width=\"65\" height=\"65\" \/><i>Erh\u00f6ht die Widerst\u00e4nde und senkt die Dauer von Fl\u00fcchen.<\/i><br \/>\nN\u00fctzlich vor allem in Akt 4 gegen die Magier. Nicht angezeigt aber trotzdem<br \/>\nvorhanden ist eine gewisse Prozentzahl an physischer Schadensresistenz! Kann nicht zusammen mit Tempoblitz\/Burst of Speed verwendet werden.<\/p>\n<table>\n<tbody>\n<tr>\n<th colspan=\"2\">Skill-Details<\/th>\n<\/tr>\n<tr>\n<td>Art:<\/td>\n<td>Boost Skill<\/td>\n<\/tr>\n<tr>\n<td>Voraussetzungen:<\/td>\n<td>\n<ul>\n<li>Charakterlevel: 18<\/li>\n<li>Klauen-Beherrschung \/ Claw Mastery<\/li>\n<li>Tempoblitz \/ Burst of Speed<\/li>\n<\/ul>\n<\/td>\n<\/tr>\n<tr>\n<td>Wirkung:<\/td>\n<td>Erh\u00f6ht eigene<br \/>\nResistenzen \/ verk\u00fcrzt Fluchdauer \/ phys.<br \/>\nSchadensresistenz<\/td>\n<\/tr>\n<tr>\n<td>Skillentwicklung:<\/td>\n<td><a href=\"\/d2dbneu\/calcs\/skills\/d2r\/index.php?lang=de&amp;char=assa\" target=\"_blank\" rel=\"noopener\">im Skill-Kalkulator ansehen<\/a><\/td>\n<\/tr>\n<tr>\n<td>Synergie:<\/td>\n<td>keine<\/td>\n<\/tr>\n<tr>\n<td>Casting Delay:<\/td>\n<td>keines<\/td>\n<\/tr>\n<\/tbody>\n<\/table>\n<h2 id=\"s7\">Schattenkrieger \/ Shadow<br \/>\nWarrior<\/h2>\n<p><img loading=\"lazy\" decoding=\"async\" class=\"alignnone size-full wp-image-584513\" src=\"https:\/\/planetdiablo.eu\/de\/wp-content\/uploads\/2022\/02\/D2R-Assassin-shadow-warrior-pressed_klein.jpg\" alt=\"\" width=\"65\" height=\"65\" \/><i>Ein Schattenbild, das mitk\u00e4mpft.<\/i><br \/>\nDer Schattenkrieger benutzt genau die Skills, die man selber aktiv hat, allerdings mit einer leichten Verz\u00f6gerung. Er ist daher besser kontrollierbar als der Schattenmeister. Es kann nicht gleichzeitig ein Schattenkrieger und ein Schattenmeister benutzt werden.<\/p>\n<table>\n<tbody>\n<tr>\n<th colspan=\"2\">Skill-Details<\/th>\n<\/tr>\n<tr>\n<td>Art:<\/td>\n<td>Herbeirufungs<br \/>\nSkill<\/td>\n<\/tr>\n<tr>\n<td>Voraussetzungen:<\/td>\n<td>\n<ul>\n<li>Charakterlevel: 18<\/li>\n<li>Klauen-Beherrschung \/ Claw Mastery<\/li>\n<li>Psycho-Hammer \/ Psychic Hammer<\/li>\n<li>Waffenblocker \/ Weapon Block<\/li>\n<li>Schattenmantel \/ Cloak of Shadows<\/li>\n<\/ul>\n<\/td>\n<\/tr>\n<tr>\n<td>Wirkung:<\/td>\n<td>Herbeirufung eines<br \/>\nSchattenkriegers<\/td>\n<\/tr>\n<tr>\n<td>Skillentwicklung:<\/td>\n<td><a href=\"\/d2dbneu\/calcs\/skills\/d2r\/index.php?lang=de&amp;char=assa\" target=\"_blank\" rel=\"noopener\">im Skill-Kalkulator ansehen<\/a><\/td>\n<\/tr>\n<tr>\n<td>Synergie:<\/td>\n<td>keine<\/td>\n<\/tr>\n<tr>\n<td>Casting Delay:<\/td>\n<td>6sec<\/td>\n<\/tr>\n<\/tbody>\n<\/table>\n<h2 id=\"s8\">Gedankenschlag \/ Mind Blast<\/h2>\n<p><img loading=\"lazy\" decoding=\"async\" class=\"alignnone size-full wp-image-584497\" src=\"https:\/\/planetdiablo.eu\/de\/wp-content\/uploads\/2022\/02\/D2R-Assassin-mind-blast-pressed_klein.jpg\" alt=\"\" width=\"65\" height=\"65\" \/><i>L\u00e4hmt mehrere Gegner und bekehrt einige.<\/i><br \/>\nAlle Gegner in einem bestimmten Umkreis werden kurz gel\u00e4hmt. Mit einer bestimmten Chance werden sie konvertiert und k\u00e4mpfen eine Zeitlang f\u00fcr<br \/>\neuch. Die Bekehrung funktioniert nicht bei Bossmonstern. Sehr praktisch um eine \u00fcberm\u00e4chtige Horde ein wenig mit sich selbst zu besch\u00e4ftigen. Da man bekehrte Gegner nicht selber t\u00f6ten kann sollte man aber nicht den letzten \u00fcberlebenden einer Gruppe bekehren. Auch mit diesem Skill kann man sich bei falscher Anwendung schnell unbeliebt in einer Party machen. Im PvP wird dieser Skill gerne in Verbindung mit viel FastCast benutzt um den Gegner im Dauer-Stun zu halten.<\/p>\n<table>\n<tbody>\n<tr>\n<th colspan=\"2\">Skill-Details<\/th>\n<\/tr>\n<tr>\n<td>Art:<\/td>\n<td>Angriffs Skill<\/td>\n<\/tr>\n<tr>\n<td>Voraussetzungen:<\/td>\n<td>\n<ul>\n<li>Charakterlevel: 24<\/li>\n<li>Psycho-Hammer \/ Psychic Hammer<\/li>\n<li>Schattenmantel \/ Cloak of Shadows<\/li>\n<\/ul>\n<\/td>\n<\/tr>\n<tr>\n<td>Wirkung:<\/td>\n<td>L\u00e4hmt Gegner \/<br \/>\nkonvertiert Gegner<\/td>\n<\/tr>\n<tr>\n<td>Skillentwicklung:<\/td>\n<td><a href=\"\/d2dbneu\/calcs\/skills\/d2r\/index.php?lang=de&amp;char=assa\" target=\"_blank\" rel=\"noopener\">im Skill-Kalkulator ansehen<\/a><\/td>\n<\/tr>\n<tr>\n<td>Synergie:<\/td>\n<td>keine<\/td>\n<\/tr>\n<tr>\n<td>Casting Delay:<\/td>\n<td>keines<\/td>\n<\/tr>\n<\/tbody>\n<\/table>\n<h2 id=\"s9\">Giftgeifer \/ Venom<\/h2>\n<p><img loading=\"lazy\" decoding=\"async\" class=\"alignnone size-full wp-image-584531\" src=\"https:\/\/planetdiablo.eu\/de\/wp-content\/uploads\/2022\/02\/D2R-Assassin-venom-pressed_klein.jpg\" alt=\"\" width=\"65\" height=\"65\" \/><i>F\u00fcgt der Waffe Giftschaden hinzu.<\/i><br \/>\nBei diesem Skill gilt: MAX oder gar nicht.<\/p>\n<table>\n<tbody>\n<tr>\n<th colspan=\"2\">Skill-Details<\/th>\n<\/tr>\n<tr>\n<td>Art:<\/td>\n<td>Boost Skill<\/td>\n<\/tr>\n<tr>\n<td>Voraussetzungen:<\/td>\n<td>\n<ul>\n<li>Charakterlevel: 30<\/li>\n<li>Klauenbeherrschung \/ Claw Mastery<\/li>\n<li>Tempoblitz \/ Burst of Speed<\/li>\n<li>Verblassen \/ Fade<\/li>\n<\/ul>\n<\/td>\n<\/tr>\n<tr>\n<td>Wirkung:<\/td>\n<td>erh\u00f6ht Giftschaden<\/td>\n<\/tr>\n<tr>\n<td>Skillentwicklung:<\/td>\n<td><a href=\"\/d2dbneu\/calcs\/skills\/d2r\/index.php?lang=de&amp;char=assa\" target=\"_blank\" rel=\"noopener\">im Skill-Kalkulator ansehen<\/a><\/td>\n<\/tr>\n<tr>\n<td>Synergie:<\/td>\n<td>keine<\/td>\n<\/tr>\n<tr>\n<td>Casting Delay:<\/td>\n<td>keines<\/td>\n<\/tr>\n<\/tbody>\n<\/table>\n<h2 id=\"s10\">Schattenmeister \/ Shadow Master<\/h2>\n<p><img loading=\"lazy\" decoding=\"async\" class=\"alignnone size-full wp-image-584509\" src=\"https:\/\/planetdiablo.eu\/de\/wp-content\/uploads\/2022\/02\/D2R-Assassin-shadow-master-pressed_klein.jpg\" alt=\"\" width=\"65\" height=\"65\" \/><i>Ein Schattenbild, das mitk\u00e4mpft.<\/i><br \/>\n\u00c4hnlich dem Schattenkrieger. Der Schattenmeister kann jedoch alle Assassinenskills<br \/>\nselbstst\u00e4ndig benutzen (was bei Schattenmantel und Gedankenschlag aber auch nerven kann!). Ausserdem hat der Schattenmeister mehr Leben. Es kann nicht gleichzeitig ein Schattenkrieger und ein Schattenmeister benutzt<br \/>\nwerden.<\/p>\n<table>\n<tbody>\n<tr>\n<th colspan=\"2\">Skill-Details<\/th>\n<\/tr>\n<tr>\n<td>Art:<\/td>\n<td>Herbeirufungs<br \/>\nSkill<\/td>\n<\/tr>\n<tr>\n<td>Voraussetzungen:<\/td>\n<td>\n<ul>\n<li>Charakterlevel: 30<\/li>\n<li>Klauen-Beherrschung \/ Claw Mastery<\/li>\n<li>Psycho-Hammer \/ Psychic Hammer<\/li>\n<li>Waffenblocker \/ Weapon Block<\/li>\n<li>Schattenmantel \/ Cloak of Shadows<\/li>\n<li>Schattenkrieger \/ Shadow Warrior<\/li>\n<\/ul>\n<\/td>\n<\/tr>\n<tr>\n<td>Wirkung:<\/td>\n<td>Herbeirufung eines<br \/>\nSchattenmeisters<\/td>\n<\/tr>\n<tr>\n<td>Skillentwicklung:<\/td>\n<td><a href=\"\/d2dbneu\/calcs\/skills\/d2r\/index.php?lang=de&amp;char=assa\" target=\"_blank\" rel=\"noopener\">im Skill-Kalkulator ansehen<\/a><\/td>\n<\/tr>\n<tr>\n<td>Synergie:<\/td>\n<td>keine<\/td>\n<\/tr>\n<tr>\n<td>Casting Delay:<\/td>\n<td>6sec<\/td>\n<\/tr>\n<\/tbody>\n<\/table>\n<p>Siehe auch :<\/p>\n<ul>\n<li><a href=\"\/diablo-2\/die-charaktere\/die-assassine\/assassine\/\">Skill\u00fcbersicht Assassine<\/a><\/li>\n<li><a href=\"\/diablo-2\/die-charaktere\/die-assassine\/assassine\/skilltree1\/\">Skilltree: Kampfk\u00fcnste<\/a><\/li>\n<li><a href=\"\/diablo-2\/die-charaktere\/die-assassine\/assassine\/skilltree3\/\">Skilltree: Fallen<\/a><\/li>\n<\/ul>\n<p><i>Inhalt von Tub. Edited by RAMsesist. \u00dcberarbeitet von DameVenusia.<br \/>\n<\/i><\/p>\n<map name=\"jump\">\n<area alt=\"Klauen-Beherrschung \/ Claw Mastery\" coords=\"84,14,133,62\" shape=\"rect\" href=\"#s1\" \/>\n<area alt=\"Psycho-Hammer \/ Psychic Hammer\" coords=\"153,14,202,63\" shape=\"rect\" href=\"#s2\" \/>\n<area alt=\"Tempoblitz \/ Burst of Speed\" coords=\"15,82,64,131\" shape=\"rect\" href=\"#s3\" \/>\n<area alt=\"Waffenblocker \/ Weapon Block\" coords=\"84,150,133,199\" shape=\"rect\" href=\"#s4\" \/>\n<area alt=\"Schattenmantel \/ Cloak of Shadows\" coords=\"153,150,202,199\" shape=\"rect\" href=\"#s5\" \/>\n<area alt=\"Verblassen \/ Fade\" coords=\"15,218,64,267\" shape=\"rect\" href=\"#s6\" \/>\n<area alt=\"Schattenkrieger \/ Shadow Warrior\" coords=\"84,218,133,267\" shape=\"rect\" href=\"#s7\" \/>\n<area alt=\"Gedankenschlag \/ Mind Blast\" coords=\"153,287,202,336\" shape=\"rect\" href=\"#s8\" \/>\n<area alt=\"GiftGeifer \/ Venom\" coords=\"15,355,64,404\" shape=\"rect\" href=\"#s9\" \/>\n<area alt=\"Schattenmeister \/ Shadow Master\" coords=\"84,355,133,404\" shape=\"rect\" href=\"#s10\" \/>\n <\/map>\n","protected":false},"excerpt":{"rendered":"<p>Klauen-Beherrschung &#8211; Claw Mastery Psycho-Hammer &#8211; Psychic Hammer Tempoblitz &#8211; Burst of Speed Waffenblocker &#8211; Weapon Block Schattenmantel &#8211; Cloak of Shadows Verblassen &#8211; Fade Schattenkrieger &#8211; Shadow Warrior Gedankenschlag &#8211; Mind Blast Giftgeifer &#8211; Venom Schattenmeister &#8211; Shadow Master Stand: Patch 2.6 Klauen-Beherrschung \/ Claw Mastery Erh\u00f6ht Schaden und Angriffswert von Klauen. Ar-Bonus: Lvl&hellip; <a class=\"more-link\" href=\"https:\/\/planetdiablo.eu\/de\/diablo-2\/die-charaktere\/die-assassine\/assassine\/skilltree2\/\"><span class=\"screen-reader-text\">Diablo 2 &#8211; Schattendisziplinen der Assassine<\/span> weiterlesen<\/a><\/p>\n","protected":false},"author":748,"featured_media":0,"parent":559067,"menu_order":11,"comment_status":"closed","ping_status":"open","template":"","meta":{"footnotes":""},"class_list":["post-559603","page","type-page","status-publish","hentry","entry"],"_links":{"self":[{"href":"https:\/\/planetdiablo.eu\/de\/wp-json\/wp\/v2\/pages\/559603","targetHints":{"allow":["GET"]}}],"collection":[{"href":"https:\/\/planetdiablo.eu\/de\/wp-json\/wp\/v2\/pages"}],"about":[{"href":"https:\/\/planetdiablo.eu\/de\/wp-json\/wp\/v2\/types\/page"}],"author":[{"embeddable":true,"href":"https:\/\/planetdiablo.eu\/de\/wp-json\/wp\/v2\/users\/748"}],"replies":[{"embeddable":true,"href":"https:\/\/planetdiablo.eu\/de\/wp-json\/wp\/v2\/comments?post=559603"}],"version-history":[{"count":6,"href":"https:\/\/planetdiablo.eu\/de\/wp-json\/wp\/v2\/pages\/559603\/revisions"}],"predecessor-version":[{"id":586839,"href":"https:\/\/planetdiablo.eu\/de\/wp-json\/wp\/v2\/pages\/559603\/revisions\/586839"}],"up":[{"embeddable":true,"href":"https:\/\/planetdiablo.eu\/de\/wp-json\/wp\/v2\/pages\/559067"}],"wp:attachment":[{"href":"https:\/\/planetdiablo.eu\/de\/wp-json\/wp\/v2\/media?parent=559603"}],"curies":[{"name":"wp","href":"https:\/\/api.w.org\/{rel}","templated":true}]}}