{"id":559607,"date":"2014-06-29T01:56:10","date_gmt":"2014-06-28T23:56:10","guid":{"rendered":"http:\/\/diablo3.ingame.de\/?page_id=559607"},"modified":"2023-02-27T17:23:25","modified_gmt":"2023-02-27T15:23:25","slug":"skilltree3","status":"publish","type":"page","link":"https:\/\/planetdiablo.eu\/de\/diablo-2\/die-charaktere\/die-assassine\/assassine\/skilltree3\/","title":{"rendered":"Diablo 2 &#8211; Fallen-Fertigkeiten der Assassine"},"content":{"rendered":"<p><img decoding=\"async\" style=\"float: left!important; margin-right: 25px;\" src=\"\/wp-content\/uploads\/2014\/06\/tree3_assa.jpg\" alt=\"Skilltree Kampffertigkeiten\" usemap=\"#jump\" border=\"0\" \/><\/p>\n<ul>\n<li><a href=\"#s1\">Feuerbombe \/ Fire Blast<\/a><\/li>\n<li><a href=\"#s2\">Schocknetz \/ Shock Web<\/a><\/li>\n<li><a href=\"#s3\">Klingen-W\u00e4chter \/ Blade Sentinel<\/a><\/li>\n<li><a href=\"#s4\">Combo-Blitz-W\u00e4chter \/ Charged Bolt Sentry<\/a><\/li>\n<li><a href=\"#s5\">Feuerwelle \/ Wake of Fire<\/a><\/li>\n<li><a href=\"#s6\">Klingenwut \/ Blade Fury<\/a><\/li>\n<li><a href=\"#s7\">Blitzw\u00e4chter \/ Lightning Sentry<\/a><\/li>\n<li><a href=\"#s8\">Infernowoge \/ Wake of Inferno<\/a><\/li>\n<li><a href=\"#s9\">Todesw\u00e4chter \/ Death Sentry<\/a><\/li>\n<li><a href=\"#s10\">Klingenschild \/ Blade Shield<\/a><\/li>\n<\/ul>\n<div style=\"clear: both;\"><\/div>\n<div><span style=\"color: #800000;\">Stand: Patch 2.6<\/span><\/div>\n<h2 id=\"s1\">Feuerbombe \/ Fire Blast<\/h2>\n<p><a href=\"https:\/\/planetdiablo.eu\/de\/wp-content\/uploads\/2023\/02\/251-3.webp\"><img loading=\"lazy\" decoding=\"async\" class=\"alignnone wp-image-586779 size-full\" src=\"https:\/\/planetdiablo.eu\/de\/wp-content\/uploads\/2023\/02\/251-3.webp\" alt=\"\" width=\"50\" height=\"50\" \/><\/a><i>Die Assassine wirft ein explodierendes irgendwas.<\/i><br \/>\nMit guter Ausr\u00fcstung und den richtigen Synergien l\u00e4sst sich mit diesem Skill ein durchaus beachtlicher Schaden austeilen!<\/p>\n<table>\n<tbody>\n<tr>\n<th colspan=\"2\">Skill-Details<\/th>\n<\/tr>\n<tr>\n<td>Art:<\/td>\n<td>Angriffs Skill<\/td>\n<\/tr>\n<tr>\n<td>Voraussetzungen:<\/td>\n<td>\n<ul>\n<li>Charakterlevel: 1<\/li>\n<li>Skills: Keine<\/li>\n<\/ul>\n<\/td>\n<\/tr>\n<tr>\n<td>Wirkung:<\/td>\n<td>Feuerschaden \/<br \/>\nFl\u00e4chenschaden<\/td>\n<\/tr>\n<tr>\n<td>Skillentwicklung:<\/td>\n<td><a href=\"\/d2dbneu\/calcs\/skills\/d2r\/index.php?lang=de&amp;char=assa\" target=\"_blank\" rel=\"noopener\">im Skill-Kalkulator ansehen<\/a><\/td>\n<\/tr>\n<tr>\n<td>Synergie:<\/td>\n<td>\n<ul>\n<li>Schocknetz (+11% Feuerschaden \/ LvL)<\/li>\n<li>Combo-Blitz-W\u00e4chter (+11% Feuerschaden \/ LvL)<\/li>\n<li>Blitzw\u00e4chter (+11% Feuerschaden \/ LvL)<\/li>\n<li>Feuerwelle (+11% Feuerschaden \/ LvL)<\/li>\n<li>Infernowoge (+11% Feuerschaden \/ LvL)<\/li>\n<\/ul>\n<\/td>\n<\/tr>\n<tr>\n<td>Casting Delay:<\/td>\n<td>keines<\/td>\n<\/tr>\n<\/tbody>\n<\/table>\n<h2 id=\"s2\">Schocknetz \/ Shock Web<\/h2>\n<p><img loading=\"lazy\" decoding=\"async\" class=\"alignnone size-full wp-image-584517\" src=\"https:\/\/planetdiablo.eu\/de\/wp-content\/uploads\/2022\/02\/D2R-Assassin-shock-web-pressed_klein.jpg\" alt=\"\" width=\"65\" height=\"65\" \/><i>Ein Netz aus Blitzen.<\/i><br \/>\nF\u00fcr Blitz Fallen Assassinen ist dieser Skill als Synergie nat\u00fcrlich ein Muss, und kann auch wunderbar aktiv als Schadensbonus genutzt werden.<\/p>\n<table>\n<tbody>\n<tr>\n<th colspan=\"2\">Skill-Details<\/th>\n<\/tr>\n<tr>\n<td>Art:<\/td>\n<td>Angriffs Skill<\/td>\n<\/tr>\n<tr>\n<td>Voraussetzungen:<\/td>\n<td>\n<ul>\n<li>Charakterlevel: 6<\/li>\n<li>Feuerbombe \/ Fire Blast<\/li>\n<\/ul>\n<\/td>\n<\/tr>\n<tr>\n<td>Wirkung:<\/td>\n<td>Blitzschaden \/<br \/>\nFl\u00e4chenschaden<\/td>\n<\/tr>\n<tr>\n<td>Skillentwicklung:<\/td>\n<td><a href=\"\/d2dbneu\/calcs\/skills\/d2r\/index.php?lang=de&amp;char=assa\" target=\"_blank\" rel=\"noopener\">im Skill-Kalkulator ansehen<\/a><\/td>\n<\/tr>\n<tr>\n<td>Synergie:<\/td>\n<td>\n<ul>\n<li>Feuerbombe (+1 Dornen alle 3LvLs)<\/li>\n<li>Combo-Blitz-W\u00e4chter (+17% Blitzschaden \/ LvL)<\/li>\n<li>Blitzw\u00e4chter (+17% Blitzschaden \/ LvL)<\/li>\n<\/ul>\n<\/td>\n<\/tr>\n<tr>\n<td>Casting Delay:<\/td>\n<td>0,6sec<\/td>\n<\/tr>\n<\/tbody>\n<\/table>\n<h2 id=\"s3\">Klingenw\u00e4chter \/ Blade<br \/>\nSentinel<\/h2>\n<p><img loading=\"lazy\" decoding=\"async\" class=\"alignnone size-full wp-image-584425\" src=\"https:\/\/planetdiablo.eu\/de\/wp-content\/uploads\/2022\/02\/D2R-Assassin-Blade-Sentinel-pressed_klein.jpg\" alt=\"\" width=\"65\" height=\"65\" \/><i>Eine Klinge, die zwischen einem Punkt und der Assassine hin und herfliegt.<\/i><br \/>\nWegen dem geringen Schaden leider ebenfalls auf Dauer nutzlos. Hat ein Casting Delay von 2 Sekunden. Beachte, dass 3\/8 des normalen Waffenschadens auf den<br \/>\nSchaden des Skills \u00fcbertragen werden!<\/p>\n<table>\n<tbody>\n<tr>\n<th colspan=\"2\">Skill-Details<\/th>\n<\/tr>\n<tr>\n<td>Art:<\/td>\n<td>Angriffs Skill<\/td>\n<\/tr>\n<tr>\n<td>Voraussetzungen:<\/td>\n<td>\n<ul>\n<li>Charakterlevel: 6<\/li>\n<li>Skills: Keine<\/li>\n<\/ul>\n<\/td>\n<\/tr>\n<tr>\n<td>Wirkung:<\/td>\n<td>+37.5% Waffenschaden zum<br \/>\nSkillschaden hinzugef\u00fcgt \/ physischer Schaden<\/td>\n<\/tr>\n<tr>\n<td>Skillentwicklung:<\/td>\n<td><a href=\"\/d2dbneu\/calcs\/skills\/d2r\/index.php?lang=de&amp;char=assa\" target=\"_blank\" rel=\"noopener\">im Skill-Kalkulator ansehen<\/a><\/td>\n<\/tr>\n<tr>\n<td>Synergie:<\/td>\n<td>Klingenwut:\u00a0 (10% Blitzschaden \/ Lvl)<br \/>\n[Synergie] Klingenschild:\u00a0 (+10% Blitzschaden \/ Lvl)<\/td>\n<\/tr>\n<tr>\n<td>Casting Delay:<\/td>\n<td>2sec<\/td>\n<\/tr>\n<\/tbody>\n<\/table>\n<h2 id=\"s4\">Combo-Blitz-W\u00e4chter \/ Charged<br \/>\nBolt Sentry<\/h2>\n<p><img loading=\"lazy\" decoding=\"async\" class=\"alignnone size-full wp-image-584441\" src=\"https:\/\/planetdiablo.eu\/de\/wp-content\/uploads\/2022\/02\/D2R-Assassin-charged-bolt-sentry-pressed_klein.jpg\" alt=\"\" width=\"65\" height=\"65\" \/><i>Eine Falle, die Combo-Blitze verschie\u00dft. <\/i><\/p>\n<p>Ganz nett, aber auch zu wenig Schaden.<\/p>\n<table>\n<tbody>\n<tr>\n<th colspan=\"2\">Skill-Details<\/th>\n<\/tr>\n<tr>\n<td>Art:<\/td>\n<td>Fallen Skill<\/td>\n<\/tr>\n<tr>\n<td>Voraussetzungen:<\/td>\n<td>\n<ul>\n<li>Charakterlevel: 12<\/li>\n<li>Feuerbombe \/ Fire Blast<\/li>\n<li>Schocknetz \/ Shock Web<\/li>\n<\/ul>\n<\/td>\n<\/tr>\n<tr>\n<td>Wirkung:<\/td>\n<td>Combo-Blitze<br \/>\nverschie\u00dfende Falle \/ schie\u00dft 5 mal<\/td>\n<\/tr>\n<tr>\n<td>Skillentwicklung:<\/td>\n<td><a href=\"\/d2dbneu\/calcs\/skills\/d2r\/index.php?lang=de&amp;char=assa\" target=\"_blank\" rel=\"noopener\">im Skill-Kalkulator ansehen<\/a><\/td>\n<\/tr>\n<tr>\n<td>Synergie:<\/td>\n<td>\n<ul>\n<li>Feuerbombe (+9% Blitzschaden \/ LvL)<\/li>\n<li>Blitzw\u00e4chter (+9% Blitzschaden \/ LvL)<\/li>\n<li>Schocknetz (+1 Bolzen\/ alle 3 LvL)<\/li>\n<li>Blitzw\u00e4chter (+1 Schuss alle 4LvLs)<\/li>\n<\/ul>\n<\/td>\n<\/tr>\n<tr>\n<td>Casting Delay:<\/td>\n<td>keines<\/td>\n<\/tr>\n<\/tbody>\n<\/table>\n<h2 id=\"s5\">Feuerwelle \/ Wake of Fire<\/h2>\n<p><img loading=\"lazy\" decoding=\"async\" class=\"alignnone size-full wp-image-584535\" src=\"https:\/\/planetdiablo.eu\/de\/wp-content\/uploads\/2022\/02\/D2R-Assassin-wake-of-fire-pressed_klein.jpg\" alt=\"\" width=\"65\" height=\"65\" \/><i>Eine Falle, die Mini-Feuerw\u00e4nde in alle Richtungen aussendet.<\/i><\/p>\n<p>Sieht gut aus, hat Fl\u00e4chenschaden und ist mit lvl 12 auch noch<br \/>\nrecht n\u00fctzlich. Ist den sp\u00e4teren Fallen aber schadensm\u00e4ssig unterlegen.<\/p>\n<table>\n<tbody>\n<tr>\n<th colspan=\"2\">Skill-Details<\/th>\n<\/tr>\n<tr>\n<td>Art:<\/td>\n<td>Fallen Skill<\/td>\n<\/tr>\n<tr>\n<td>Voraussetzungen:<\/td>\n<td>\n<ul>\n<li>Charakterlevel: 12<\/li>\n<li>Feuer-Sto\u00df \/ Fire Blast<\/li>\n<\/ul>\n<\/td>\n<\/tr>\n<tr>\n<td>Wirkung:<\/td>\n<td>Feuerwellen<br \/>\nverschie\u00dfende Fallen \/ schie\u00dft 5 mal<\/td>\n<\/tr>\n<tr>\n<td>Skillentwicklung:<\/td>\n<td><a href=\"\/d2dbneu\/calcs\/skills\/d2r\/index.php?lang=de&amp;char=assa\" target=\"_blank\" rel=\"noopener\">im Skill-Kalkulator ansehen<\/a><\/td>\n<\/tr>\n<tr>\n<td>Synergie:<\/td>\n<td>\n<ul>\n<li>Feuerbombe (+10% Feuerschaden \/ LvL)<\/li>\n<li>Infernowoge (+10% Blitzschaden \/ LvL)<\/li>\n<\/ul>\n<\/td>\n<\/tr>\n<tr>\n<td>Casting Delay:<\/td>\n<td>keines<\/td>\n<\/tr>\n<\/tbody>\n<\/table>\n<h2 id=\"s6\">Klingenwut \/ Blade Fury<\/h2>\n<p><img loading=\"lazy\" decoding=\"async\" class=\"alignnone size-full wp-image-584421\" src=\"https:\/\/planetdiablo.eu\/de\/wp-content\/uploads\/2022\/02\/D2R-Assassin-Blade-Fury-pressed_klein.jpg\" alt=\"\" width=\"65\" height=\"65\" \/><i>Die Assassine wirft mit mehreren Klingen um sich.<\/i><\/p>\n<p>DER Skill f\u00fcr alle Ninjas. Viel Schaden f\u00fcr wenig Mana, was will man mehr? \ud83d\ude42<br \/>\n3\/4 des Schadens eines normalen Angriffes werden zus\u00e4tzlich zum Klingenschaden des Skills hinzugezogen. Gilt sowohl f\u00fcr physischen als auch f\u00fcr andere Schadensarten<\/p>\n<table>\n<tbody>\n<tr>\n<th colspan=\"2\">Skill-Details<\/th>\n<\/tr>\n<tr>\n<td>Art:<\/td>\n<td>Angriffs Skill<\/td>\n<\/tr>\n<tr>\n<td>Voraussetzungen:<\/td>\n<td>\n<ul>\n<li>Charakterlevel: 18<\/li>\n<li>Feuerbombe \/ Fire Blast<\/li>\n<li>Klingenw\u00e4chter \/ Blade Sentinel<\/li>\n<li>Feuerwelle \/ Wake of Fire<\/li>\n<\/ul>\n<\/td>\n<\/tr>\n<tr>\n<td>Wirkung:<\/td>\n<td>3\/4 Waffenschaden werden zum<br \/>\nSkillschaden addiert<\/td>\n<\/tr>\n<tr>\n<td>Skillentwicklung:<\/td>\n<td><a href=\"\/d2dbneu\/calcs\/skills\/d2r\/index.php?lang=de&amp;char=assa\" target=\"_blank\" rel=\"noopener\">im Skill-Kalkulator ansehen<\/a><\/td>\n<\/tr>\n<tr>\n<td>Synergie:<\/td>\n<td>Klingen-W\u00e4chter:\u00a0 +10% Schaden \/ Lvl<br \/>\nKlingenschild: +10% Schaden \/ Lvl<\/td>\n<\/tr>\n<tr>\n<td>Casting Delay:<\/td>\n<td>keines<\/td>\n<\/tr>\n<\/tbody>\n<\/table>\n<h2 id=\"s7\">Blitzw\u00e4chter \/ Lightning<br \/>\nSentry<\/h2>\n<p><img loading=\"lazy\" decoding=\"async\" class=\"alignnone size-full wp-image-584493\" src=\"https:\/\/planetdiablo.eu\/de\/wp-content\/uploads\/2022\/02\/D2R-Assassin-lightning-sentry-pressed_klein.jpg\" alt=\"\" width=\"65\" height=\"65\" \/><i>Eine Falle, die Blitze verschiesst.<br \/>\n<\/i>Die erste Falle, die vern\u00fcnftigen Schaden macht. Die Blitze sind \u00e4hnlich dem Zauberinnen Skill &#8222;Blitzschlag&#8220;. Eine Falle schiesst 10 Blitze bevor sie aufgebraucht ist.<\/p>\n<table>\n<tbody>\n<tr>\n<th colspan=\"2\">Skill-Details<\/th>\n<\/tr>\n<tr>\n<td>Art:<\/td>\n<td>Fallen Skill<\/td>\n<\/tr>\n<tr>\n<td>Voraussetzungen:<\/td>\n<td>\n<ul>\n<li>Charakterlevel: 24<\/li>\n<li>Feuerbombe \/ Fire Blast<\/li>\n<li>Schocknetz \/ Shock Web<\/li>\n<li>Combo-Blitz-W\u00e4chter \/ Charged Bolt Sentry<\/li>\n<\/ul>\n<\/td>\n<\/tr>\n<tr>\n<td>Wirkung:<\/td>\n<td>Blitze verschie\u00dfende<br \/>\nFalle \/ schie\u00dft 10 mal<\/td>\n<\/tr>\n<tr>\n<td>Skillentwicklung:<\/td>\n<td><a href=\"\/d2dbneu\/calcs\/skills\/d2r\/index.php?lang=de&amp;char=assa\" target=\"_blank\" rel=\"noopener\">im Skill-Kalkulator ansehen<\/a><\/td>\n<\/tr>\n<tr>\n<td>Synergie:<\/td>\n<td>\n<ul>\n<li>Combo-Blitz-W\u00e4cher (+18% Blitzschaden \/ LvL)<\/li>\n<li>Schocknetz (+18% Blitzschaden \/ LvL)<\/li>\n<\/ul>\n<\/td>\n<\/tr>\n<tr>\n<td>Casting Delay:<\/td>\n<td>keines<\/td>\n<\/tr>\n<\/tbody>\n<\/table>\n<h2 id=\"s8\">Infernowoge \/ Wake of Inferno<\/h2>\n<p><img loading=\"lazy\" decoding=\"async\" class=\"alignnone size-full wp-image-584539\" src=\"https:\/\/planetdiablo.eu\/de\/wp-content\/uploads\/2022\/02\/D2R-Assassin-wake-of-inferno-pressed_klein.jpg\" alt=\"\" width=\"65\" height=\"65\" \/><i>Eine Falle, die Feuer verschie\u00dft.<\/i><\/p>\n<p>&#8222;Dank&#8220; eines Bugs richtet diese Falle leider nur 1\/3 des angezeigten Schadens an. Ist daher leider nicht wirklich brauchbar. Eine Falle schiesst 10 mal bevor sie<br \/>\nverschwindet.<\/p>\n<table>\n<tbody>\n<tr>\n<th colspan=\"2\">Skill-Details<\/th>\n<\/tr>\n<tr>\n<td>Art:<\/td>\n<td>Fallen Skill<\/td>\n<\/tr>\n<tr>\n<td>Voraussetzungen:<\/td>\n<td>\n<ul>\n<li>Charakterlevel: 24<\/li>\n<li>Feuerbombe \/ Fire Blast<\/li>\n<li>Feuerwelle \/ Wake of Fire<\/li>\n<\/ul>\n<\/td>\n<\/tr>\n<tr>\n<td>Wirkung:<\/td>\n<td>Inferno nutzende Falle \/<br \/>\nschie\u00dft 10 mal<\/td>\n<\/tr>\n<tr>\n<td>Skillentwicklung:<\/td>\n<td><a href=\"\/d2dbneu\/calcs\/skills\/d2r\/index.php?lang=de&amp;char=assa\" target=\"_blank\" rel=\"noopener\">im Skill-Kalkulator ansehen<\/a><\/td>\n<\/tr>\n<tr>\n<td>Synergie:<\/td>\n<td>\n<ul>\n<li>Feuerbombe (+18% Feuerschaden \/ LvL)<\/li>\n<li>Feuerwelle (+18% Feuerschaden \/ LvL)<\/li>\n<li>Feuerwelle (+0,5m Reichweite \/ LvL)<\/li>\n<\/ul>\n<\/td>\n<\/tr>\n<tr>\n<td>Casting Delay:<\/td>\n<td>keines<\/td>\n<\/tr>\n<\/tbody>\n<\/table>\n<h2 id=\"s9\">Todesw\u00e4chter \/ Death Sentry<\/h2>\n<p><img loading=\"lazy\" decoding=\"async\" class=\"alignnone size-full wp-image-584461\" src=\"https:\/\/planetdiablo.eu\/de\/wp-content\/uploads\/2022\/02\/D2R-Assassin-death-sentry-pressed_klein.jpg\" alt=\"\" width=\"65\" height=\"65\" \/><i>Eine Falle, die Blitze verschiesst und Leichen explodieren l\u00e4sst.<br \/>\n<\/i>SEHR n\u00fctzlich. Der Blitzschaden ist nur gering, die Kadaverexplosionen sind daf\u00fcr um so besser, da deren Schaden von der Lebensenergie der Monster abh\u00e4ngt. Es<br \/>\nwird jedoch die Lebensenergie in 1-Spieler-Spielen zur Berechnung verwendet, weshalb der effektive Nutzen in 8-Player-Spielen nur noch gering ist. Die Explosion<br \/>\nbesteht zu 50% aus physischem und zu 50% aus Feuer-Schaden. Die Falle schiesst nur 5 mal.<br \/>\nTaktik: Ein paar Gegner in einer Horde t\u00f6ten, dann sofort ein paar Blitzw\u00e4chter reinsetzen um den Rest zu erledigen. Gut gegen alles was in Massen auftaucht (z.B.<br \/>\nK\u00fche). Blitzw\u00e4chter ist auch hilfreich um bei Nihlathak die Leichen explodieren zu lassen, bevor er es tut.<\/p>\n<table>\n<tbody>\n<tr>\n<th colspan=\"2\">Skill-Details<\/th>\n<\/tr>\n<tr>\n<td>Art:<\/td>\n<td>Fallen Skill<\/td>\n<\/tr>\n<tr>\n<td>Voraussetzungen:<\/td>\n<td>\n<ul>\n<li>Charakterlevel: 30<\/li>\n<li>Feuerbombe \/ Fire Blast<\/li>\n<li>Schock-Netz \/ Shock Web<\/li>\n<li>Combo-Blitz-W\u00e4chter \/ Charged Bolt Sentry<\/li>\n<li>Blitzw\u00e4chter \/ Lightning Sentry<\/li>\n<\/ul>\n<\/td>\n<\/tr>\n<tr>\n<td>Wirkung:<\/td>\n<td>Blitze verschie\u00dfende<br \/>\nund Corpse Explosion castende Falle \/ schie\u00dft 5 mal<br \/>\nLeichen Trefferpunkte: 40-80%<\/td>\n<\/tr>\n<tr>\n<td>Skillentwicklung:<\/td>\n<td><a href=\"\/d2dbneu\/calcs\/skills\/d2r\/index.php?lang=de&amp;char=assa\" target=\"_blank\" rel=\"noopener\">im Skill-Kalkulator ansehen<\/a><\/td>\n<\/tr>\n<tr>\n<td>Synergie:<\/td>\n<td>\n<ul>\n<li>Feuer-Sto\u00df (+1 Schuss \/ 3LvLs)<\/li>\n<li>Blitzw\u00e4chter (+12% Blitzschaden \/ LvL)<\/li>\n<\/ul>\n<\/td>\n<\/tr>\n<tr>\n<td>Casting Delay:<\/td>\n<td>keines<\/td>\n<\/tr>\n<\/tbody>\n<\/table>\n<h2 id=\"s10\">Klingenschild \/ Blade Shield<\/h2>\n<p><img loading=\"lazy\" decoding=\"async\" class=\"alignnone size-full wp-image-584429\" src=\"https:\/\/planetdiablo.eu\/de\/wp-content\/uploads\/2022\/02\/D2R-Assassin-blade-shield-pressed_klein.jpg\" alt=\"\" width=\"65\" height=\"65\" \/><i>Ein Schild aus rotierenden Klingen, der nahe Gegner sch\u00e4digt. <\/i><\/p>\n<p>Anfangs netter Skill, aber meistens sind die Skillpunkte woanders<br \/>\nbesser aufgehoben. Beachte, dass 1\/4 des normalen Waffenschadens in Skillschaden umgewandelt werden!<\/p>\n<table>\n<tbody>\n<tr>\n<th colspan=\"2\">Skill-Details<\/th>\n<\/tr>\n<tr>\n<td>Art:<\/td>\n<td>Boost Skill<\/td>\n<\/tr>\n<tr>\n<td>Voraussetzungen:<\/td>\n<td>\n<ul>\n<li>Charakterlevel: 30<\/li>\n<li>Feuer-Sto\u00df \/ Fire Blast<\/li>\n<li>Klingenw\u00e4chter \/ Blade Sentinel<\/li>\n<li>Feuerwelle \/ Wake of Fire<\/li>\n<li>Klingenwut \/ Blade Fury<\/li>\n<\/ul>\n<\/td>\n<\/tr>\n<tr>\n<td>Wirkung:<\/td>\n<td>1\/4 Waffenschaden zum<br \/>\nSkillschaden \/ nahe Gegner werden gesch\u00e4digt<\/td>\n<\/tr>\n<tr>\n<td>Skillentwicklung:<\/td>\n<td><a href=\"\/d2dbneu\/calcs\/skills\/d2r\/index.php?lang=de&amp;char=assa\" target=\"_blank\" rel=\"noopener\">im Skill-Kalkulator ansehen<\/a><\/td>\n<\/tr>\n<tr>\n<td>Synergie:<\/td>\n<td>Klingen-W\u00e4chter:\u00a0 (+10% Schaden \/ Lvl)<br \/>\nKlingenwut: (+10% Schaden \/ Lvl)<\/td>\n<\/tr>\n<tr>\n<td>Casting Delay:<\/td>\n<td>keines<\/td>\n<\/tr>\n<\/tbody>\n<\/table>\n<p>Siehe auch :<\/p>\n<ul>\n<li><a href=\"\/diablo-2\/die-charaktere\/die-assassine\/assassine\/\">Skill\u00fcbersicht Assassine<\/a><\/li>\n<li><a href=\"\/diablo-2\/die-charaktere\/die-assassine\/assassine\/skilltree1\/\">Skilltree: Kampfk\u00fcnste<\/a><\/li>\n<li><a href=\"\/diablo-2\/die-charaktere\/die-assassine\/assassine\/\">Skilltree: Schattendisziplinen<\/a><\/li>\n<\/ul>\n<p><i>Inhalt von Tub. Edited by RAMsesist. \u00dcberarbeitet von DameVenusia.<br \/>\n<\/i><\/p>\n<map name=\"jump\">\n<area alt=\"Klingenschild \/ Blade Shield\" coords=\"153,355,202,404\" shape=\"rect\" href=\"#s10\" \/>\n<area alt=\"Todesw\u00e4chter \/ Death Sentry\" coords=\"14,355,65,404\" shape=\"rect\" href=\"#s9\" \/>\n<area alt=\"Infernowoge \/ Wake Of Inferno\" coords=\"85,287,133,337\" shape=\"rect\" href=\"#s8\" \/>\n<area alt=\"Blitzw\u00e4chter \/ Lightning Sentry\" coords=\"15,287,65,336\" shape=\"rect\" href=\"#s7\" \/>\n<area alt=\"Klingenwut \/ Blade Fury\" coords=\"154,218,202,268\" shape=\"rect\" href=\"#s6\" \/>\n<area alt=\"Feuerwelle \/ Wake Of Fire\" coords=\"84,150,133,199\" shape=\"rect\" href=\"#s5\" \/>\n<area alt=\"Combo-Blitz-W\u00e4chter \/ Charged Bolt Sentry\" coords=\"15,150,64,199\" shape=\"rect\" href=\"#s4\" \/>\n<area alt=\"Klingenw\u00e4chter \/ Blade Sentinel\" coords=\"153,82,202,131\" shape=\"rect\" href=\"#s3\" \/>\n<area alt=\"Schocknetz \/ Shock Web\" coords=\"15,82,64,131\" shape=\"rect\" href=\"#s2\" \/>\n<area alt=\"Feuersto\u00df \/ Fire Blast\" coords=\"84,14,133,63\" shape=\"rect\" href=\"#s1\" \/>\n <\/map>\n","protected":false},"excerpt":{"rendered":"<p>Feuerbombe \/ Fire Blast Schocknetz \/ Shock Web Klingen-W\u00e4chter \/ Blade Sentinel Combo-Blitz-W\u00e4chter \/ Charged Bolt Sentry Feuerwelle \/ Wake of Fire Klingenwut \/ Blade Fury Blitzw\u00e4chter \/ Lightning Sentry Infernowoge \/ Wake of Inferno Todesw\u00e4chter \/ Death Sentry Klingenschild \/ Blade Shield Stand: Patch 2.6 Feuerbombe \/ Fire Blast Die Assassine wirft ein explodierendes&hellip; <a class=\"more-link\" href=\"https:\/\/planetdiablo.eu\/de\/diablo-2\/die-charaktere\/die-assassine\/assassine\/skilltree3\/\"><span class=\"screen-reader-text\">Diablo 2 &#8211; Fallen-Fertigkeiten der Assassine<\/span> weiterlesen<\/a><\/p>\n","protected":false},"author":748,"featured_media":0,"parent":559067,"menu_order":13,"comment_status":"open","ping_status":"open","template":"","meta":{"footnotes":""},"class_list":["post-559607","page","type-page","status-publish","hentry","entry"],"_links":{"self":[{"href":"https:\/\/planetdiablo.eu\/de\/wp-json\/wp\/v2\/pages\/559607","targetHints":{"allow":["GET"]}}],"collection":[{"href":"https:\/\/planetdiablo.eu\/de\/wp-json\/wp\/v2\/pages"}],"about":[{"href":"https:\/\/planetdiablo.eu\/de\/wp-json\/wp\/v2\/types\/page"}],"author":[{"embeddable":true,"href":"https:\/\/planetdiablo.eu\/de\/wp-json\/wp\/v2\/users\/748"}],"replies":[{"embeddable":true,"href":"https:\/\/planetdiablo.eu\/de\/wp-json\/wp\/v2\/comments?post=559607"}],"version-history":[{"count":7,"href":"https:\/\/planetdiablo.eu\/de\/wp-json\/wp\/v2\/pages\/559607\/revisions"}],"predecessor-version":[{"id":586838,"href":"https:\/\/planetdiablo.eu\/de\/wp-json\/wp\/v2\/pages\/559607\/revisions\/586838"}],"up":[{"embeddable":true,"href":"https:\/\/planetdiablo.eu\/de\/wp-json\/wp\/v2\/pages\/559067"}],"wp:attachment":[{"href":"https:\/\/planetdiablo.eu\/de\/wp-json\/wp\/v2\/media?parent=559607"}],"curies":[{"name":"wp","href":"https:\/\/api.w.org\/{rel}","templated":true}]}}