{"id":559613,"date":"2014-06-29T02:05:01","date_gmt":"2014-06-29T00:05:01","guid":{"rendered":"http:\/\/diablo3.ingame.de\/?page_id=559613"},"modified":"2023-02-24T17:13:45","modified_gmt":"2023-02-24T15:13:45","slug":"skilltree1","status":"publish","type":"page","link":"https:\/\/planetdiablo.eu\/de\/diablo-2\/die-charaktere\/der-barbar\/barbar\/skilltree1\/","title":{"rendered":"Diablo 2 &#8211; Kriegsschreie des Barbaren"},"content":{"rendered":"\n<p>Diese Skillbeschreibungen sind f\u00fcr D2 wie D2R gleichermassen n\u00fctzlich. Verlinkt ist jedoch auf den D2R-Skillcalculator weil wesentlich mehr Leute D2R spielen als D2 Legacy. Wer die Skillentwicklung in D2 Legacy verfolgen will, nimmt statt dessen diesen Link zum <a href=\"https:\/\/planetdiablo.eu\/diablo2\/calcs\/skills\/110\/index.php?char=bar&amp;lang=de\">D2 LoD (Legacy) Calc<\/a>.<\/p>\n\n\n<p><img decoding=\"async\" style=\"float: left!important; margin-right: 25px;\" src=\"\/wp-content\/uploads\/2014\/06\/tree1_barb.jpg\" alt=\"Skilltree Battle Cries\" usemap=\"#jump\" border=\"0\"><\/p>\n<ul>\n<li><a href=\"#s1\">Heulen \/ Howl<\/a><\/li>\n<li><a href=\"#s2\">Elixier suchen \/ Find Potion<\/a><\/li>\n<li><a href=\"#s3\">Hohn \/ Taunt&nbsp;<\/a><\/li>\n<li><a href=\"#s4\">Schrei \/ Shout<\/a><\/li>\n<li><a href=\"#s5\">Gegenstand finden \/ Find Item<\/a><\/li>\n<li><a href=\"#s6\">Schlachtruf \/ Battle Cry<\/a><\/li>\n<li><a href=\"#s7\">Kampfbefehle \/ Battle Orders<\/a><\/li>\n<li><a href=\"#s8\">Grausiger Schutz \/ Grim Ward<\/a><\/li>\n<li><a href=\"#s9\">Kriegsschrei \/ War Cry<\/a><\/li>\n<li><a href=\"#s10\">Kampfaufruf \/ Battle Command<\/a><\/li>\n<\/ul>\n<div style=\"clear: both;\">&nbsp;<\/div>\n<h2 id=\"s1\">Heulen \/ Howl<\/h2>\n<p><img loading=\"lazy\" decoding=\"async\" class=\"alignnone size-full wp-image-584605 alignleft\" src=\"https:\/\/planetdiablo.eu\/de\/wp-content\/uploads\/2022\/02\/D2R-Barbarian-howl-pressed_klein.jpg\" alt=\"\" width=\"65\" height=\"65\"><\/p>\n<p><i>L\u00e4sst Monster fl\u00fcchten.<\/i><\/p>\n<p>Je mehr Punkte man in diesen Skill investiert, desto<br>gr\u00f6sser der Wirkungsradius des Schreies und desto l\u00e4nger\/weiter fl\u00fcchten die Monster. Wirkt nicht auf bestimmte Monster Typen (Bosse, Besessene, Champions, Uniques) und auf andere Spieler.<\/p>\n<table>\n<tbody>\n<tr>\n<th colspan=\"2\">Skill-Details<\/th>\n<\/tr>\n<tr>\n<td>Art:<\/td>\n<td>Kriegsschrei<br>Skill<\/td>\n<\/tr>\n<tr>\n<td>Voraussetzungen:<\/td>\n<td>\n<ul>\n<li>Charakterlevel: 1<\/li>\n<li>Skills: Keine<\/li>\n<\/ul>\n<\/td>\n<\/tr>\n<tr>\n<td>Wirkung:<\/td>\n<td>Monster im<br>Wirkungsradius fl\u00fcchten<\/td>\n<\/tr>\n<tr>\n<td>Skillentwicklung:<\/td>\n<td><a href=\"https:\/\/planetdiablo.eu\/d2dbneu\/calcs\/skills\/d2r\/index.php?lang=de&amp;char=bar&amp;lang=de\">im Skill-Kalkulator ansehen<\/a><\/td>\n<\/tr>\n<tr>\n<td>Synergie:<\/td>\n<td>keine<\/td>\n<\/tr>\n<tr>\n<td>Casting Delay:<\/td>\n<td>keines<\/td>\n<\/tr>\n<\/tbody>\n<\/table>\n<h2 id=\"s2\">Elixier suchen \/ Find Potion<\/h2>\n<p><img loading=\"lazy\" decoding=\"async\" class=\"alignnone size-full wp-image-584593 alignleft\" src=\"https:\/\/planetdiablo.eu\/de\/wp-content\/uploads\/2022\/02\/D2R-Barbarian-find-potion-pressed_klein.jpg\" alt=\"\" width=\"65\" height=\"65\"><\/p>\n<p><i>Extrahiert Tr\u00e4nke aus<br>Leichen.<\/i><br>Die Chance einen Trank zu finden h\u00e4ngt vom<br>Skilllevel ab. Wenn ein Trank gefunden wird, so sind die<br>Chancen: 60% f\u00fcr Heiltrank, 30% f\u00fcr Manatrank, 10% f\u00fcr<br>Regenerationstrank. Die St\u00e4rke des Trankes h\u00e4ngt<br>davon ab, in welchem Akt der Spieler sich befindet.<\/p>\n<table>\n<tbody>\n<tr>\n<th colspan=\"2\">Skill-Details<\/th>\n<\/tr>\n<tr>\n<td>Art:<\/td>\n<td>Leichen<br>Skill<\/td>\n<\/tr>\n<tr>\n<td>Voraussetzungen:<\/td>\n<td>\n<ul>\n<li>Charakterlevel: 1<\/li>\n<li>Skills: Keine<\/li>\n<\/ul>\n<\/td>\n<\/tr>\n<tr>\n<td>Wirkung:<\/td>\n<td>Chance bei Anwendung auf<br>eine Leiche einen Trank zu finden<\/td>\n<\/tr>\n<tr>\n<td>Skillentwicklung:<\/td>\n<td>i<a href=\"https:\/\/planetdiablo.eu\/d2dbneu\/calcs\/skills\/d2r\/index.php?lang=de&amp;char=bar&amp;lang=de\">m Skill-Kalkulator ansehen<\/a><\/td>\n<\/tr>\n<tr>\n<td>Synergie:<\/td>\n<td>keine<\/td>\n<\/tr>\n<tr>\n<td>Casting Delay:<\/td>\n<td>keines<\/td>\n<\/tr>\n<\/tbody>\n<\/table>\n<h2 id=\"s3\">Hohn \/ Taunt<\/h2>\n<p><img loading=\"lazy\" decoding=\"async\" class=\"alignnone size-full wp-image-584657 alignleft\" src=\"https:\/\/planetdiablo.eu\/de\/wp-content\/uploads\/2022\/02\/D2R-Barbarian-taunt-pressed_klein.jpg\" alt=\"\" width=\"65\" height=\"65\"><\/p>\n<p><i>L\u00e4sst ein Monster in<br>blinder Wut angreifen.<\/i><\/p>\n<p>Das Monster hat bei diesem<br>Angriff einen geringeren Angriffswert und verursacht<br>weniger Schaden. Wirkt nicht gegen Bossmonster und gegen<br>andere Spieler.<\/p>\n<table>\n<tbody>\n<tr>\n<th colspan=\"2\">Skill-Details<\/th>\n<\/tr>\n<tr>\n<td>Art:<\/td>\n<td>Kriegsschrei<br>Skill<\/td>\n<\/tr>\n<tr>\n<td>Voraussetzungen:<\/td>\n<td>\n<ul>\n<li>Charakterlevel: 6<\/li>\n<li>Heulen \/ Howl<\/li>\n<\/ul>\n<\/td>\n<\/tr>\n<tr>\n<td>Wirkung:<\/td>\n<td>Monster greifen an \/<br>senkt Angriffswert und Schaden der Gegner<\/td>\n<\/tr>\n<tr>\n<td>Skillentwicklung:<\/td>\n<td><a href=\"https:\/\/planetdiablo.eu\/d2dbneu\/calcs\/skills\/d2r\/index.php?lang=de&amp;char=bar&amp;lang=de\">im Skill-Kalkulator ansehen<\/a><\/td>\n<\/tr>\n<tr>\n<td>Synergie:<\/td>\n<td>keine<\/td>\n<\/tr>\n<tr>\n<td>Casting Delay:<\/td>\n<td>keines<\/td>\n<\/tr>\n<\/tbody>\n<\/table>\n<h2 id=\"s4\">Schrei \/ Shout<\/h2>\n<p><img loading=\"lazy\" decoding=\"async\" class=\"alignnone size-full wp-image-584641 alignleft\" src=\"https:\/\/planetdiablo.eu\/de\/wp-content\/uploads\/2022\/02\/D2R-Barbarian-shout-pressed_klein.jpg\" alt=\"\" width=\"65\" height=\"65\"><\/p>\n<p><i>Erh\u00f6ht die Verteidigung<br>der Party.<\/i><\/p>\n<p>Alle Partymitglieder, die im Radius des Schreies stehen, sowie der Barbar selber, erhalten vor\u00fcbergehend eine erh\u00f6hte Verteidigung.<\/p>\n<table>\n<tbody>\n<tr>\n<th colspan=\"2\">Skill-Details<\/th>\n<\/tr>\n<tr>\n<td>Art:<\/td>\n<td>Kriegsschrei<br>Skill<\/td>\n<\/tr>\n<tr>\n<td>Voraussetzungen:<\/td>\n<td>\n<ul>\n<li>Charakterlevel: 6<\/li>\n<li>Heulen \/ Howl<\/li>\n<\/ul>\n<\/td>\n<\/tr>\n<tr>\n<td>Wirkung:<\/td>\n<td>Erh\u00f6ht Verteidigung der<br>Party<\/td>\n<\/tr>\n<tr>\n<td>Skillentwicklung:<\/td>\n<td><a href=\"https:\/\/planetdiablo.eu\/d2dbneu\/calcs\/skills\/d2r\/index.php?lang=de&amp;char=bar&amp;lang=de\">im Skill-Kalkulator ansehen<\/a><\/td>\n<\/tr>\n<tr>\n<td>Synergie:<\/td>\n<td>\n<ul>\n<li>Kampfbefehle (+5sec Dauer \/ LvL)<\/li>\n<li>Kampfaufruf (+5sec Dauer \/ LvL)<\/li>\n<\/ul>\n<\/td>\n<\/tr>\n<tr>\n<td>Casting Delay:<\/td>\n<td>keines<\/td>\n<\/tr>\n<\/tbody>\n<\/table>\n<h2 id=\"s5\">Gegenstand finden \/ Find Item<\/h2>\n<p><img loading=\"lazy\" decoding=\"async\" class=\"alignnone size-full wp-image-584589 alignleft\" src=\"https:\/\/planetdiablo.eu\/de\/wp-content\/uploads\/2022\/02\/D2R-Barbarian-find-item-pressed_klein.jpg\" alt=\"\" width=\"65\" height=\"65\"><\/p>\n<p><i>Sucht in<br>einer Leiche nach Gegenst\u00e4nden.<\/i><br>Mit einer vom Skilllevel abh\u00e4ngigen Chance wird ein Gegenstand in einer Leiche gefunden. MagicFind wirkt bei diesem Skill.<\/p>\n<table>\n<tbody>\n<tr>\n<th colspan=\"2\">Skill-Details<\/th>\n<\/tr>\n<tr>\n<td>Art:<\/td>\n<td>Leichen<br>Skill<\/td>\n<\/tr>\n<tr>\n<td>Voraussetzungen:<\/td>\n<td>\n<ul>\n<li>Charakterlevel: 12<\/li>\n<li>Elixier suchen \/ Find Potion<\/li>\n<\/ul>\n<\/td>\n<\/tr>\n<tr>\n<td>Wirkung:<\/td>\n<td>Chance bei Anwendung auf<br>eine Leiche einen Gegenstand zu finden<\/td>\n<\/tr>\n<tr>\n<td>Skillentwicklung:<\/td>\n<td><a href=\"https:\/\/planetdiablo.eu\/d2dbneu\/calcs\/skills\/d2r\/index.php?lang=de&amp;char=bar&amp;lang=de\">im Skill-Kalkulator ansehen<\/a><\/td>\n<\/tr>\n<tr>\n<td>Synergie:<\/td>\n<td>keine<\/td>\n<\/tr>\n<tr>\n<td>Casting Delay:<\/td>\n<td>keines<\/td>\n<\/tr>\n<\/tbody>\n<\/table>\n<h2 id=\"s6\">Schlachtruf \/ Battle Cry<\/h2>\n<p><img loading=\"lazy\" decoding=\"async\" class=\"alignnone size-full wp-image-584565 alignleft\" src=\"https:\/\/planetdiablo.eu\/de\/wp-content\/uploads\/2022\/02\/D2R-Barbarian-battle-cry-pressed_klein.jpg\" alt=\"\" width=\"65\" height=\"65\"><\/p>\n<p><i>Sch\u00fcchtert Feinde ein.<\/i><br>Alle Monster im Radius des Schreies erhalten<br>vor\u00fcbergehend eine niedrigere Verteidigung und<br>verursachen weniger Schaden.<\/p>\n<table>\n<tbody>\n<tr>\n<th colspan=\"2\">Skill-Details<\/th>\n<\/tr>\n<tr>\n<td>Art:<\/td>\n<td>Kriegsschrei<br>Skill<\/td>\n<\/tr>\n<tr>\n<td>Voraussetzungen:<\/td>\n<td>\n<ul>\n<li>Charakterlevel: 18<\/li>\n<li>Heulen \/ Howl<\/li>\n<li>Hohn \/ Taunt<\/li>\n<\/ul>\n<\/td>\n<\/tr>\n<tr>\n<td>Wirkung:<\/td>\n<td>senkt Verteidigung und<br>Schaden der Gegner<\/td>\n<\/tr>\n<tr>\n<td>Skillentwicklung:<\/td>\n<td><a href=\"https:\/\/planetdiablo.eu\/d2dbneu\/calcs\/skills\/d2r\/index.php?lang=de&amp;char=bar&amp;lang=de\">im Skill-Kalkulator ansehen<\/a><\/td>\n<\/tr>\n<tr>\n<td>Synergie:<\/td>\n<td>keine<\/td>\n<\/tr>\n<tr>\n<td>Casting Delay:<\/td>\n<td>keines<\/td>\n<\/tr>\n<\/tbody>\n<\/table>\n<h2 id=\"s7\">Kampfbefehle \/ Battle Orders<\/h2>\n<p><img loading=\"lazy\" decoding=\"async\" class=\"alignnone size-full wp-image-584569 alignleft\" src=\"https:\/\/planetdiablo.eu\/de\/wp-content\/uploads\/2022\/02\/D2R-Barbarian-battle-orders-pressed_klein.jpg\" alt=\"\" width=\"65\" height=\"65\"><\/p>\n<p><i>Erh\u00f6ht Leben, Mana und<br>Ausdauer der Party.<\/i><\/p>\n<p>Ein sehr n\u00fctzlicher Skill, der deswegen von den meisten Barbaren gemaxt wird.<\/p>\n<table>\n<tbody>\n<tr>\n<th colspan=\"2\">Skill-Details<\/th>\n<\/tr>\n<tr>\n<td>Art:<\/td>\n<td>Kriegsschrei<br>Skill<\/td>\n<\/tr>\n<tr>\n<td>Voraussetzungen:<\/td>\n<td>\n<ul>\n<li>Charakterlevel: 24<\/li>\n<li>Heulen \/ Howl<\/li>\n<li>Schrei \/ Shout<\/li>\n<\/ul>\n<\/td>\n<\/tr>\n<tr>\n<td>Wirkung:<\/td>\n<td>Erh\u00f6ht Leben, Mana und<br>Ausdauer der Party<\/td>\n<\/tr>\n<tr>\n<td>Skillentwicklung:<\/td>\n<td><a href=\"https:\/\/planetdiablo.eu\/d2dbneu\/calcs\/skills\/d2r\/index.php?lang=de&amp;char=bar&amp;lang=de\">im Skill-Kalkulator ansehen<\/a><\/td>\n<\/tr>\n<tr>\n<td>Synergie:<\/td>\n<td>\n<ul>\n<li>Schrei (+5sec Dauer \/ LvL)<\/li>\n<li>Kampfaufruf (+5sec Dauer \/ LvL)<\/li>\n<\/ul>\n<\/td>\n<\/tr>\n<tr>\n<td>Casting Delay:<\/td>\n<td>keines<\/td>\n<\/tr>\n<\/tbody>\n<\/table>\n<h2 id=\"s8\">Grausiger Schutz \/ Grim Ward<\/h2>\n<p><img loading=\"lazy\" decoding=\"async\" class=\"alignnone size-full wp-image-584601 alignleft\" src=\"https:\/\/planetdiablo.eu\/de\/wp-content\/uploads\/2022\/02\/D2R-Barbarian-grim-ward-pressed_klein.jpg\" alt=\"\" width=\"65\" height=\"65\"><\/p>\n<p><i>Verwandelt eine Leiche in<br>ein furcheinfl\u00f6ssendes Totem. <\/i><\/p>\n<p>Alle Monster fliehen vor dem Totem; ausgenommen sind nat\u00fcrlich wieder<br>Bossmonster und andere Spieler.<\/p>\n<table>\n<tbody>\n<tr>\n<th colspan=\"2\">Skill-Details<\/th>\n<\/tr>\n<tr>\n<td>Art:<\/td>\n<td>Leichen Skill<\/td>\n<\/tr>\n<tr>\n<td>Voraussetzungen:<\/td>\n<td>\n<ul>\n<li>Charakterlevel: 24<\/li>\n<li>Elixier suchen \/ Find Potion<\/li>\n<li>Gegenstand finden \/ Find Item<\/li>\n<\/ul>\n<\/td>\n<\/tr>\n<tr>\n<td>Wirkung:<\/td>\n<td>Bei Anwendung auf eine<br>Leiche entsteht ein Totem vor dem die Gegner fliehen<\/td>\n<\/tr>\n<tr>\n<td>Skillentwicklung:<\/td>\n<td><a href=\"https:\/\/planetdiablo.eu\/d2dbneu\/calcs\/skills\/d2r\/index.php?lang=de&amp;char=bar&amp;lang=de\">im Skill-Kalkulator ansehen<\/a><\/td>\n<\/tr>\n<tr>\n<td>Synergie:<\/td>\n<td>keine<\/td>\n<\/tr>\n<tr>\n<td>Casting Delay:<\/td>\n<td>keines<\/td>\n<\/tr>\n<\/tbody>\n<\/table>\n<h2 id=\"s9\">Kriegsschrei \/ War Cry<\/h2>\n<p><img loading=\"lazy\" decoding=\"async\" class=\"alignnone size-full wp-image-584665 alignleft\" src=\"https:\/\/planetdiablo.eu\/de\/wp-content\/uploads\/2022\/02\/D2R-Barbarian-war-cry-pressed_klein.jpg\" alt=\"\" width=\"65\" height=\"65\"><\/p>\n<p><i>Sch\u00e4digt und l\u00e4hmt alle<br>Gegner in der N\u00e4he.<\/i><br>H\u00f6rt sich zwar gut an, ist jedoch nur bedingt zum T\u00f6ten von Monstern geeignet!<\/p>\n<table>\n<tbody>\n<tr>\n<th colspan=\"2\">Skill-Details<\/th>\n<\/tr>\n<tr>\n<td>Art:<\/td>\n<td>Kriegsschrei<br>Skill<\/td>\n<\/tr>\n<tr>\n<td>Voraussetzungen:<\/td>\n<td>\n<ul>\n<li>Charakterlevel: 30<\/li>\n<li>Heulen \/ Howl<\/li>\n<li>Hohn \/ Taunt<\/li>\n<li>Schrei \/ Shout<\/li>\n<li>Schlachtruf \/ Battle Cry<\/li>\n<li>Kampfbefehle \/ Battle Orders<\/li>\n<\/ul>\n<\/td>\n<\/tr>\n<tr>\n<td>Wirkung:<\/td>\n<td>Fl\u00e4chenschaden \/ l\u00e4hmt<br>Gegner<\/td>\n<\/tr>\n<tr>\n<td>Skillentwicklung:<\/td>\n<td><a href=\"https:\/\/planetdiablo.eu\/d2dbneu\/calcs\/skills\/d2r\/index.php?lang=de&amp;char=bar&amp;lang=de\">im Skill-Kalkulator ansehen<\/a><\/td>\n<\/tr>\n<tr>\n<td>Synergie:<\/td>\n<td>\n<ul>\n<li>Heulen (+6% Schaden \/ LvL)<\/li>\n<li>Hohn (+6% Schaden \/ LvL)<\/li>\n<li>Schlachtruf (+6% Schaden \/ LvL)<\/li>\n<\/ul>\n<\/td>\n<\/tr>\n<tr>\n<td>Casting Delay:<\/td>\n<td>keines<\/td>\n<\/tr>\n<\/tbody>\n<\/table>\n<h2 id=\"s10\">Kampfaufruf \/ Battle Command<\/h2>\n<p><img loading=\"lazy\" decoding=\"async\" class=\"alignnone size-full wp-image-584561 alignleft\" src=\"https:\/\/planetdiablo.eu\/de\/wp-content\/uploads\/2022\/02\/D2R-Barbarian-battle-command-pressed_klein.jpg\" alt=\"\" width=\"65\" height=\"65\"><\/p>\n<p><i>Erh\u00f6ht die Skilllevel<br>der Party.<\/i><br>Alle Skills der nahen Partymember und des<br>Barbars selber werden vor\u00fcbergehend um 1 erh\u00f6ht.<\/p>\n<table>\n<tbody>\n<tr>\n<th colspan=\"2\">Skill-Details<\/th>\n<\/tr>\n<tr>\n<td>Art:<\/td>\n<td>Kriegsschrei<br>Skill<\/td>\n<\/tr>\n<tr>\n<td>Voraussetzungen:<\/td>\n<td>\n<ul>\n<li>Charakterlevel: 30<\/li>\n<li>Heulen \/ Howl<\/li>\n<li>Schrei \/ Shout<\/li>\n<li>Kampfbefehle \/ Battle Orders<\/li>\n<\/ul>\n<\/td>\n<\/tr>\n<tr>\n<td>Wirkung:<\/td>\n<td>Erh\u00f6ht Skilllevel der<br>Party um 1<\/td>\n<\/tr>\n<tr>\n<td>Skillentwicklung:<\/td>\n<td><a href=\"https:\/\/planetdiablo.eu\/d2dbneu\/calcs\/skills\/d2r\/index.php?lang=de&amp;char=bar&amp;lang=de\">im Skill-Kalkulator ansehen<\/a><\/td>\n<\/tr>\n<tr>\n<td>Synergie:<\/td>\n<td>\n<ul>\n<li>Schrei (+5sec Dauer \/ LvL)<\/li>\n<li>Kampfbefehle (+5sec Dauer \/ LvL)<\/li>\n<\/ul>\n<\/td>\n<\/tr>\n<tr>\n<td>Casting Delay:<\/td>\n<td>keines<\/td>\n<\/tr>\n<\/tbody>\n<\/table>\n<p>Siehe auch :<\/p>\n<ul>\n<li><a href=\"\/diablo-2\/die-charaktere\/der-barbar\/barbar\/\">Skill\u00fcbersicht Barbar<\/a><\/li>\n<li><a href=\"\/diablo-2\/die-charaktere\/der-barbar\/barbar\/skilltree2\/\">Skilltree: Kampf-Beherrschung<\/a><\/li>\n<li><a href=\"\/diablo-2\/die-charaktere\/der-barbar\/barbar\/skilltree3\/\">Skilltree: Kampf-Fertigkeiten<\/a><\/li>\n<\/ul>\n<p><i>Inhalt von Tub und dt. Edited by RAMsesist.<\/i><\/p>\n<map name=\"jump\">\n<area alt=\"Kampfaufruf \/ Battle Command\" coords=\"85,353,132,401\" shape=\"rect\" href=\"#s10\">\n<area alt=\"Kriegsschrei \/ War Cry\" coords=\"16,353,64,400\" shape=\"rect\" href=\"#s9\">\n<area alt=\"Grausiger Schutz \/ Grim Ward\" coords=\"154,285,201,332\" shape=\"rect\" href=\"#s8\">\n<area alt=\"Kampfbefehle \/ Battle Orders\" coords=\"85,285,133,331\" shape=\"rect\" href=\"#s7\">\n<area alt=\"Schlachtruf \/ Battle Cry\" coords=\"16,217,63,264\" shape=\"rect\" href=\"#s6\">\n<area alt=\"Gegenstand finden \/ Find Item\" coords=\"154,149,201,197\" shape=\"rect\" href=\"#s5\">\n<area alt=\"Schrei \/ Shout\" coords=\"85,81,133,128\" shape=\"rect\" href=\"#s4\">\n<area alt=\"Hohn \/ Taunt\" coords=\"16,81,63,128\" shape=\"rect\" href=\"#s3\">\n<area alt=\"Elixier suchen \/ Find Potion\" coords=\"154,13,202,60\" shape=\"rect\" href=\"#s2\">\n<area alt=\"Heulen \/ Howl\" coords=\"16,13,64,60\" shape=\"rect\" href=\"#s1\">\n <\/map>\n<p><\/p>","protected":false},"excerpt":{"rendered":"<p>Diese Skillbeschreibungen sind f\u00fcr D2 wie D2R gleichermassen n\u00fctzlich. Verlinkt ist jedoch auf den D2R-Skillcalculator weil wesentlich mehr Leute D2R spielen als D2 Legacy. Wer die Skillentwicklung in D2 Legacy verfolgen will, nimmt statt dessen diesen Link zum D2 LoD (Legacy) Calc. Heulen \/ Howl Elixier suchen \/ Find Potion Hohn \/ Taunt&nbsp; Schrei \/&hellip; <a class=\"more-link\" href=\"https:\/\/planetdiablo.eu\/de\/diablo-2\/die-charaktere\/der-barbar\/barbar\/skilltree1\/\"><span class=\"screen-reader-text\">Diablo 2 &#8211; Kriegsschreie des Barbaren<\/span> weiterlesen<\/a><\/p>\n","protected":false},"author":748,"featured_media":0,"parent":559071,"menu_order":0,"comment_status":"closed","ping_status":"open","template":"","meta":{"footnotes":""},"class_list":["post-559613","page","type-page","status-publish","hentry","entry"],"_links":{"self":[{"href":"https:\/\/planetdiablo.eu\/de\/wp-json\/wp\/v2\/pages\/559613","targetHints":{"allow":["GET"]}}],"collection":[{"href":"https:\/\/planetdiablo.eu\/de\/wp-json\/wp\/v2\/pages"}],"about":[{"href":"https:\/\/planetdiablo.eu\/de\/wp-json\/wp\/v2\/types\/page"}],"author":[{"embeddable":true,"href":"https:\/\/planetdiablo.eu\/de\/wp-json\/wp\/v2\/users\/748"}],"replies":[{"embeddable":true,"href":"https:\/\/planetdiablo.eu\/de\/wp-json\/wp\/v2\/comments?post=559613"}],"version-history":[{"count":7,"href":"https:\/\/planetdiablo.eu\/de\/wp-json\/wp\/v2\/pages\/559613\/revisions"}],"predecessor-version":[{"id":586715,"href":"https:\/\/planetdiablo.eu\/de\/wp-json\/wp\/v2\/pages\/559613\/revisions\/586715"}],"up":[{"embeddable":true,"href":"https:\/\/planetdiablo.eu\/de\/wp-json\/wp\/v2\/pages\/559071"}],"wp:attachment":[{"href":"https:\/\/planetdiablo.eu\/de\/wp-json\/wp\/v2\/media?parent=559613"}],"curies":[{"name":"wp","href":"https:\/\/api.w.org\/{rel}","templated":true}]}}