{"id":559621,"date":"2014-06-29T02:15:40","date_gmt":"2014-06-29T00:15:40","guid":{"rendered":"http:\/\/diablo3.ingame.de\/?page_id=559621"},"modified":"2023-02-24T17:12:43","modified_gmt":"2023-02-24T15:12:43","slug":"skilltree3","status":"publish","type":"page","link":"https:\/\/planetdiablo.eu\/de\/diablo-2\/die-charaktere\/der-barbar\/barbar\/skilltree3\/","title":{"rendered":"Diablo 2 &#8211; Kampf-Fertigkeiten des Barbaren"},"content":{"rendered":"\n<p>Diese Skillbeschreibungen sind f\u00fcr D2 wie D2R gleichermassen n\u00fctzlich. Verlinkt ist jedoch auf den D2R-Skillcalculator weil wesentlich mehr Leute D2R spielen als D2 Legacy. Wer die Skillentwicklung in D2 Legacy verfolgen will, nimmt statt dessen diesen Link zum <a href=\"https:\/\/planetdiablo.eu\/diablo2\/calcs\/skills\/110\/index.php?char=bar&amp;lang=de\">D2 LoD (Legacy) Calc<\/a>.<\/p>\n\n\n<p><img decoding=\"async\" class=\"alignnone\" style=\"float: left!important; margin-right: 25px;\" src=\"\/wp-content\/uploads\/2014\/06\/tree3_barb.jpg\" alt=\"Skilltree Kampffertigkeiten\" usemap=\"#jump\" border=\"0\"><br>\nDie Skills (von links nach rechts und von oben nach unten):<\/p>\n<ul>\n<li><a href=\"#s1\">Hieb \/ Bash<\/a><\/li>\n<li><a href=\"#s2\">Sprung \/ Leap<\/a><\/li>\n<li><a href=\"#s3\">Doppelschwung \/ Double Swing<\/a><\/li>\n<li><a href=\"#s4\">L\u00e4hmen \/ Stun<\/a><\/li>\n<li><a href=\"#s5\">Doppelwurf \/ Double Throw<\/a><\/li>\n<li><a href=\"#s6\">Sprungangriff \/ Leap Attack<\/a><\/li>\n<li><a href=\"#s7\">Konzentrieren \/ Concentrate<\/a><\/li>\n<li><a href=\"#s8\">Raserei \/ Frenzy<\/a><\/li>\n<li><a href=\"#s9\">Wirbelwind \/ Whirlwind<\/a><\/li>\n<li><a href=\"#s10\">Amok \/ Berserk<\/a><\/li>\n<\/ul>\n<div style=\"clear: both;\"><\/div>\n<h2 id=\"s1\">Hieb \/ Bash<\/h2>\n<p><img loading=\"lazy\" decoding=\"async\" class=\"alignnone size-full wp-image-584557 alignleft\" src=\"https:\/\/planetdiablo.eu\/de\/wp-content\/uploads\/2022\/02\/D2R-Barbarian-bash-pressed_klein.jpg\" alt=\"\" width=\"65\" height=\"65\"><\/p>\n<p><i>Ein starker Hieb der den<br>\nGegner zur\u00fcckschl\u00e4gt.<\/i><\/p>\n<p>Verst\u00e4rkt den Schaden und<br>\nerh\u00f6ht den Angriffswert. Haupts\u00e4chlich als Anfangsskill<br>\nbrauchbar, oder um Gegner zur\u00fcckzuschlagen.<\/p>\n<table>\n<tbody>\n<tr>\n<th colspan=\"2\">Skill-Details<\/th>\n<\/tr>\n<tr>\n<td>Art:<\/td>\n<td>Nahkampf Skill<\/td>\n<\/tr>\n<tr>\n<td>Voraussetzungen:<\/td>\n<td>\n<ul>\n<li>Charakterlevel: 1<\/li>\n<li>Skills: Keine<\/li>\n<\/ul>\n<\/td>\n<\/tr>\n<tr>\n<td>Wirkung:<\/td>\n<td>Schadens und<br>\nAngriffswertsboni \/ Wegsto\u00dfung<\/td>\n<\/tr>\n<tr>\n<td>Skillentwicklung:<\/td>\n<td><a href=\"https:\/\/planetdiablo.eu\/d2dbneu\/calcs\/skills\/d2r\/index.php?lang=de&amp;char=bar&amp;lang=de\">im Skill-Kalkulator ansehen<\/a><\/td>\n<\/tr>\n<tr>\n<td>Synergie:<\/td>\n<td>\n<ul>\n<li>Konzentrieren (+5% Angriffswert \/ LvL)<\/li>\n<li>L\u00e4hmen (+5% Schaden \/ LvL)<\/li>\n<\/ul>\n<\/td>\n<\/tr>\n<tr>\n<td>Casting Delay:<\/td>\n<td>keines<\/td>\n<\/tr>\n<\/tbody>\n<\/table>\n<h2 id=\"s2\">Sprung \/ Leap<\/h2>\n<p><img loading=\"lazy\" decoding=\"async\" class=\"alignnone size-full wp-image-584623 alignleft\" src=\"https:\/\/planetdiablo.eu\/de\/wp-content\/uploads\/2022\/02\/D2R-Barbarian-leap-attack-pressed_klein.jpg\" alt=\"\" width=\"65\" height=\"65\"><\/p>\n<p><i>Ein Sprung.<\/i><\/p>\n<p>Schubst alle Gegner zur\u00fcck, die bei der Landung zu nahe stehen.<br>\nN\u00fctzlich um Hindernisse zu \u00fcberwinden. Der Radius steigt mit dem Skilllevel. Braucht zwar weniger Mana als Sprung-Angriff, hat aber auf geringen Skillleveln weniger Reichweite.<\/p>\n<table>\n<tbody>\n<tr>\n<th colspan=\"2\">Skill-Details<\/th>\n<\/tr>\n<tr>\n<td>Art:<\/td>\n<td>Nahkampf Skill<\/td>\n<\/tr>\n<tr>\n<td>Voraussetzungen:<\/td>\n<td>\n<ul>\n<li>Charakterlevel: 6<\/li>\n<li>Skills: Keine<\/li>\n<\/ul>\n<\/td>\n<\/tr>\n<tr>\n<td>Wirkung:<\/td>\n<td>Charakter springt und<br>\nschubst nahe Gegner<\/td>\n<\/tr>\n<tr>\n<td>Skillentwicklung:<\/td>\n<td><a href=\"https:\/\/planetdiablo.eu\/d2dbneu\/calcs\/skills\/d2r\/index.php?lang=de&amp;char=bar&amp;lang=de\">im Skill-Kalkulator ansehen<\/a><\/td>\n<\/tr>\n<tr>\n<td>Synergie:<\/td>\n<td>keine<\/td>\n<\/tr>\n<tr>\n<td>Casting Delay:<\/td>\n<td>keines<\/td>\n<\/tr>\n<\/tbody>\n<\/table>\n<h2 id=\"s3\">Doppelschwung \/ Double Swing<\/h2>\n<p><img loading=\"lazy\" decoding=\"async\" class=\"alignnone size-full wp-image-584581 alignleft\" src=\"https:\/\/planetdiablo.eu\/de\/wp-content\/uploads\/2022\/02\/D2R-Barbarian-double-swing-pressed_klein.jpg\" alt=\"\" width=\"65\" height=\"65\"><\/p>\n<p><i>Schl\u00e4gt mit 2 Waffen zu.<\/i><\/p>\n<p>Jede Waffe kann einen anderen Gegner treffen. Zus\u00e4tzlich<br>\nwird der Angriffswert, und mit Synergie auch der Schaden beim Schlagen erh\u00f6ht.<\/p>\n<table>\n<tbody>\n<tr>\n<th colspan=\"2\">Skill-Details<\/th>\n<\/tr>\n<tr>\n<td>Art:<\/td>\n<td>Nahkampf Skill<\/td>\n<\/tr>\n<tr>\n<td>Voraussetzungen:<\/td>\n<td>\n<ul>\n<li>Charakterlevel: 6<\/li>\n<li>Hieb \/ Bash<\/li>\n<\/ul>\n<\/td>\n<\/tr>\n<tr>\n<td>Wirkung:<\/td>\n<td>Angriffswertsbonus \/<br>\nschl\u00e4gt mit 2 Waffen zu<\/td>\n<\/tr>\n<tr>\n<td>Skillentwicklung:<\/td>\n<td><a href=\"https:\/\/planetdiablo.eu\/d2dbneu\/calcs\/skills\/d2r\/index.php?lang=de&amp;char=bar&amp;lang=de\">im Skill-Kalkulator ansehen<\/a><\/td>\n<\/tr>\n<tr>\n<td>Synergie:<\/td>\n<td>\n<ul>\n<li>Hieb (+10% Schaden \/ LvL)<\/li>\n<\/ul>\n<\/td>\n<\/tr>\n<tr>\n<td>Casting Delay:<\/td>\n<td>keines<\/td>\n<\/tr>\n<\/tbody>\n<\/table>\n<h2 id=\"s4\">L\u00e4hmen \/ Stun<\/h2>\n<p><img loading=\"lazy\" decoding=\"async\" class=\"alignnone size-full wp-image-584649 alignleft\" src=\"https:\/\/planetdiablo.eu\/de\/wp-content\/uploads\/2022\/02\/D2R-Barbarian-stun-pressed_klein.jpg\" alt=\"\" width=\"65\" height=\"65\"><\/p>\n<p><i>Bet\u00e4ubt einen Gegner. <\/i><\/p>\n<p>Der Barbar f\u00fchrt einen Angriff mit erh\u00f6htem Angriffswert<br>\nund Schaden aus. Wird der Gegner getroffen, so ist er ein<br>\npaar Sekunden bet\u00e4ubt.<\/p>\n<table>\n<tbody>\n<tr>\n<th colspan=\"2\">Skill-Details<\/th>\n<\/tr>\n<tr>\n<td>Art:<\/td>\n<td>Nahkampf Skill<\/td>\n<\/tr>\n<tr>\n<td>Voraussetzungen:<\/td>\n<td>\n<ul>\n<li>Charakterlevel: 12<\/li>\n<li>Hieb \/ Bash<\/li>\n<\/ul>\n<\/td>\n<\/tr>\n<tr>\n<td>Wirkung:<\/td>\n<td>Schadens und<br>\nAngriffswertsboni \/ l\u00e4hmt Gegner<\/td>\n<\/tr>\n<tr>\n<td>Skillentwicklung:<\/td>\n<td><a href=\"https:\/\/planetdiablo.eu\/d2dbneu\/calcs\/skills\/d2r\/index.php?lang=de&amp;char=bar&amp;lang=de\">im Skill-Kalkulator ansehen<\/a><\/td>\n<\/tr>\n<tr>\n<td>Synergie:<\/td>\n<td>\n<ul>\n<li>Kriegsschrei (+5% L\u00e4nge \/ LvL)<\/li>\n<li>Konzentrieren (+5% Angriffswert \/ LvL)<\/li>\n<li>Hieb (+8% Schaden \/ LvL)<\/li>\n<\/ul>\n<\/td>\n<\/tr>\n<tr>\n<td>Casting Delay:<\/td>\n<td>keines<\/td>\n<\/tr>\n<\/tbody>\n<\/table>\n<h2 id=\"s5\">Doppelwurf \/ Double Throw<\/h2>\n<p><img loading=\"lazy\" decoding=\"async\" class=\"alignnone size-full wp-image-584585 alignleft\" src=\"https:\/\/planetdiablo.eu\/de\/wp-content\/uploads\/2022\/02\/D2R-Barbarian-double-throw-pressed_klein.jpg\" alt=\"\" width=\"65\" height=\"65\"><\/p>\n<p><i>Wirft zwei Wurfwaffen<br>\ngleichzeitig.<\/i><\/p>\n<p>Zus\u00e4tzlich erh\u00f6ht der Skill den Angriffswert (und mit Synergie auch den Schaden).<\/p>\n<table>\n<tbody>\n<tr>\n<th colspan=\"2\">Skill-Details<\/th>\n<\/tr>\n<tr>\n<td>Art:<\/td>\n<td>Wurf Skill<\/td>\n<\/tr>\n<tr>\n<td>Voraussetzungen:<\/td>\n<td>\n<ul>\n<li>Charakterlevel: 12<\/li>\n<li>Hieb \/ Bash<\/li>\n<li>Doppelschwung \/ Double Swing<\/li>\n<\/ul>\n<\/td>\n<\/tr>\n<tr>\n<td>Wirkung:<\/td>\n<td>Angriffswertsbonus \/<br>\nwirft zwei Wurfwaffen gleichzeitig<\/td>\n<\/tr>\n<tr>\n<td>Skillentwicklung:<\/td>\n<td><a href=\"https:\/\/planetdiablo.eu\/d2dbneu\/calcs\/skills\/d2r\/index.php?lang=de&amp;char=bar&amp;lang=de\">im Skill-Kalkulator ansehen<\/a><\/td>\n<\/tr>\n<tr>\n<td>Synergie:<\/td>\n<td>\n<ul>\n<li>Doppelschwung (+8% Schaden \/ LvL)<\/li>\n<\/ul>\n<\/td>\n<\/tr>\n<tr>\n<td>Casting Delay:<\/td>\n<td>keines<\/td>\n<\/tr>\n<\/tbody>\n<\/table>\n<h2 id=\"s6\">Sprungangriff \/ Leap Attack<\/h2>\n<p><img loading=\"lazy\" decoding=\"async\" class=\"alignnone size-full wp-image-584623 alignleft\" src=\"https:\/\/planetdiablo.eu\/de\/wp-content\/uploads\/2022\/02\/D2R-Barbarian-leap-attack-pressed_klein.jpg\" alt=\"\" width=\"65\" height=\"65\"><\/p>\n<p><i>Springt einen Gegner an<br>\nund attackiert ihn.<\/i><\/p>\n<p>Die Weiterentwicklung von &#8222;Sprung&#8220;; schubst genauso alle Gegner, die bei<br>\nder Landung zu nahe stehen zur\u00fcck. Der Angriff hat einen erh\u00f6hten Angriffswert und stark erh\u00f6hten Schaden. Sehr n\u00fctzlich gegen einzelne Gegner.<\/p>\n<table>\n<tbody>\n<tr>\n<th colspan=\"2\">Skill-Details<\/th>\n<\/tr>\n<tr>\n<td>Art:<\/td>\n<td>Nahkampf Skill<\/td>\n<\/tr>\n<tr>\n<td>Voraussetzungen:<\/td>\n<td>\n<ul>\n<li>Charakterlevel: 18<\/li>\n<li>Sprung \/ Leap<\/li>\n<\/ul>\n<\/td>\n<\/tr>\n<tr>\n<td>Wirkung:<\/td>\n<td>Schadens und<br>\nAngriffswertsboni \/ Charakter springt und schubst nahe<br>\nGegner<\/td>\n<\/tr>\n<tr>\n<td>Skillentwicklung:<\/td>\n<td><a href=\"https:\/\/planetdiablo.eu\/d2dbneu\/calcs\/skills\/d2r\/index.php?lang=de&amp;char=bar&amp;lang=de\">im Skill-Kalkulator ansehen<\/a><\/td>\n<\/tr>\n<tr>\n<td>Synergie:<\/td>\n<td>\n<ul>\n<li>Sprung (+10% Schaden \/ LvL)<\/li>\n<\/ul>\n<\/td>\n<\/tr>\n<tr>\n<td>Casting Delay:<\/td>\n<td>keines<\/td>\n<\/tr>\n<\/tbody>\n<\/table>\n<h2 id=\"s7\">Konzentrieren \/ Concentrate<\/h2>\n<p><img loading=\"lazy\" decoding=\"async\" class=\"alignnone size-full wp-image-584577 alignleft\" src=\"https:\/\/planetdiablo.eu\/de\/wp-content\/uploads\/2022\/02\/D2R-Barbarian-concentrate-pressed_klein.jpg\" alt=\"\" width=\"65\" height=\"65\"><\/p>\n<p><i>Ein einzelner, starker<br>\nAngriff.<\/i><br>\nNat\u00fcrlich wird auch durch diesen Skill der Schaden und Angriffswert ordentlich erh\u00f6ht. Zus\u00e4tzlich wird w\u00e4hrend des Angriffs wird der eigene<br>\nVerteidigungswert stark erh\u00f6ht. Der Angriff kann nicht unterbrochen werden. Beachte, dass durch die entsprechende Synergie ein Teil des physischen in<br>\nmagischen Schaden konvertiert werden kann!<\/p>\n<table>\n<tbody>\n<tr>\n<th colspan=\"2\">Skill-Details<\/th>\n<\/tr>\n<tr>\n<td>Art:<\/td>\n<td>Nahkampf Skill<\/td>\n<\/tr>\n<tr>\n<td>Voraussetzungen:<\/td>\n<td>\n<ul>\n<li>Charakterlevel: 18<\/li>\n<li>Hieb \/ Bash<\/li>\n<li>L\u00e4hmen \/ Stun<\/li>\n<\/ul>\n<\/td>\n<\/tr>\n<tr>\n<td>Wirkung:<\/td>\n<td>Schadens und<br>\nAngriffswertsboni \/ Verteidigungsbonus w\u00e4hrend des<br>\nAngriffs<\/td>\n<\/tr>\n<tr>\n<td>Skillentwicklung:<\/td>\n<td><a href=\"https:\/\/planetdiablo.eu\/d2dbneu\/calcs\/skills\/d2r\/index.php?lang=de&amp;char=bar&amp;lang=de\">im Skill-Kalkulator ansehen<\/a><\/td>\n<\/tr>\n<tr>\n<td>Synergie:<\/td>\n<td>\n<ul>\n<li>Hieb (+5% Schaden \/ LvL)<\/li>\n<li>Kampfbefehle (+10% Schaden \/ LvL)<\/li>\n<li>Amok (+1% zu konvertiertem Magieschaden \/ LvL)<\/li>\n<\/ul>\n<\/td>\n<\/tr>\n<tr>\n<td>Casting Delay:<\/td>\n<td>keines<\/td>\n<\/tr>\n<\/tbody>\n<\/table>\n<h2 id=\"s8\">Raserei \/ Frenzy<\/h2>\n<p><img loading=\"lazy\" decoding=\"async\" class=\"alignnone size-full wp-image-584597 alignleft\" src=\"https:\/\/planetdiablo.eu\/de\/wp-content\/uploads\/2022\/02\/D2R-Barbarian-frenzy-pressed_klein.jpg\" alt=\"\" width=\"65\" height=\"65\"><\/p>\n<p><i>Eine Schnelle Folge von<br>\nAngriffen.<\/i><br>\nDer Barbar wird mit jedem Angriff schneller und macht mehr Schaden. Selbstverst\u00e4ndlich sind auch Angriffswert und Schaden erh\u00f6ht! Beachte, dass<br>\ndurch die entsprechende Synergie ein Teil des physischen in magischen Schaden konvertiert werden kann!<\/p>\n<table>\n<tbody>\n<tr>\n<th colspan=\"2\">Skill-Details<\/th>\n<\/tr>\n<tr>\n<td>Art:<\/td>\n<td>Nahkampf Skill<\/td>\n<\/tr>\n<tr>\n<td>Voraussetzungen:<\/td>\n<td>\n<ul>\n<li>Charakterlevel: 24<\/li>\n<li>Doppelschwung \/ Double Swing<\/li>\n<li>Doppelwurf \/ Double Throw<\/li>\n<\/ul>\n<\/td>\n<\/tr>\n<tr>\n<td>Wirkung:<\/td>\n<td>Schadens und<br>\nAngriffswertsboni \/ Angriffsgeschwindigkeit und<br>\nLaufgeschwindigkeit steigern sich mit jedem Schlag<\/td>\n<\/tr>\n<tr>\n<td>Skillentwicklung:<\/td>\n<td><a href=\"https:\/\/planetdiablo.eu\/d2dbneu\/calcs\/skills\/d2r\/index.php?lang=de&amp;char=bar&amp;lang=de\">im Skill-Kalkulator ansehen<\/a><\/td>\n<\/tr>\n<tr>\n<td>Synergie:<\/td>\n<td>\n<ul>\n<li>Doppelschwung (+8% Schaden \/ LvL)<\/li>\n<li>Hohn (+8% Schaden \/ LvL)<\/li>\n<li>Amok (+1% zu konvertiertem Magieschaden \/ LvL)<\/li>\n<\/ul>\n<\/td>\n<\/tr>\n<tr>\n<td>Casting Delay:<\/td>\n<td>keines<\/td>\n<\/tr>\n<\/tbody>\n<\/table>\n<h2 id=\"s9\">Wirbelwind \/ Whirlwind<\/h2>\n<p><img loading=\"lazy\" decoding=\"async\" class=\"alignnone size-full wp-image-584669 alignleft\" src=\"https:\/\/planetdiablo.eu\/de\/wp-content\/uploads\/2022\/02\/D2R-Barbarian-whirlwind-pressed_klein.jpg\" alt=\"\" width=\"65\" height=\"65\"><\/p>\n<p><i>Eine m\u00e4chtige, wirbelnde<br>\nAttacke.<br>\n<\/i>Ein sehr beliebter, da sehr starker Skill. Der Barbar wirbelt durch eine Horde Gegner hindurch. Auf sp\u00e4teren Levels werden Angriffswert und Schaden erh\u00f6ht!<br>\nL\u00e4ngere Waffen (Stangen, Speere, &#8230;) erh\u00f6hen den Trefferradius. Mit 2 Einhandwaffen schl\u00e4gt man doppelt so oft zu.<\/p>\n<table>\n<tbody>\n<tr>\n<th colspan=\"2\">Skill-Details<\/th>\n<\/tr>\n<tr>\n<td>Art:<\/td>\n<td>Nahkampf Skill<\/td>\n<\/tr>\n<tr>\n<td>Voraussetzungen:<\/td>\n<td>\n<ul>\n<li>Charakterlevel: 30<\/li>\n<li>Hieb \/ Bash<\/li>\n<li>Sprung \/ Leap<\/li>\n<li>L\u00e4hmen \/ Stun<\/li>\n<li>Sprungangriff \/ Leap Attack<\/li>\n<li>Konzentrieren \/ Concentrate<\/li>\n<\/ul>\n<\/td>\n<\/tr>\n<tr>\n<td>Wirkung:<\/td>\n<td>Schadens und<br>\nAngriffswertsboni \/ Charakter wirbelt durch Gegner<\/td>\n<\/tr>\n<tr>\n<td>Skillentwicklung:<\/td>\n<td><a href=\"https:\/\/planetdiablo.eu\/d2dbneu\/calcs\/skills\/d2r\/index.php?lang=de&amp;char=bar&amp;lang=de\">im Skill-Kalkulator ansehen<\/a><\/td>\n<\/tr>\n<tr>\n<td>Synergie:<\/td>\n<td>keine<\/td>\n<\/tr>\n<tr>\n<td>Casting Delay:<\/td>\n<td>keines<\/td>\n<\/tr>\n<\/tbody>\n<\/table>\n<h2 id=\"s10\">Amok \/ Berserk<\/h2>\n<p><img loading=\"lazy\" decoding=\"async\" class=\"alignnone size-full wp-image-584573 alignleft\" src=\"https:\/\/planetdiablo.eu\/de\/wp-content\/uploads\/2022\/02\/D2R-Barbarian-berserk-pressed_klein.jpg\" alt=\"\" width=\"65\" height=\"65\"><\/p>\n<p><i>Eine starke Attacke,<br>\nw\u00e4hrend der der Barbar verwundbarer ist. <\/i><\/p>\n<p>Verursacht erh\u00f6hten magischen Schaden und ist daher gegen physisch<br>\nimmune Monster das beste Mittel. F\u00fcr Classic-Spieler ( bis Patch 1.07) extrem n\u00fctzlich in Akt4\/5 um dem Iron Maiden Fluch vorzubeugen, da man mit diesem Skill reinen magischen Schaden, der nicht zur\u00fcckgeworfen werden kann, anrichtet!<\/p>\n<table>\n<tbody>\n<tr>\n<th colspan=\"2\">Skill-Details<\/th>\n<\/tr>\n<tr>\n<td>Art:<\/td>\n<td>Nahkampf Skill<\/td>\n<\/tr>\n<tr>\n<td>Voraussetzungen:<\/td>\n<td>\n<ul>\n<li>Charakterlevel: 30<\/li>\n<li>Hieb \/ Bash<\/li>\n<li>L\u00e4hmen \/ Stun<\/li>\n<li>Konzentrieren \/ Concentrate<\/li>\n<\/ul>\n<\/td>\n<\/tr>\n<tr>\n<td>Wirkung:<\/td>\n<td>100% Konvertierung von<br>\nphysischem in magischen Schaden \/ Schadens und<br>\nAngriffswertsboni<\/td>\n<\/tr>\n<tr>\n<td>Skillentwicklung:<\/td>\n<td><a href=\"https:\/\/planetdiablo.eu\/d2dbneu\/calcs\/skills\/d2r\/index.php?lang=de&amp;char=bar&amp;lang=de\">im Skill-Kalkulator ansehen<\/a><\/td>\n<\/tr>\n<tr>\n<td>Synergie:<\/td>\n<td>\n<ul>\n<li>Heulen (+10% Magieschaden \/ LvL)<\/li>\n<li>Schrei (+10% Magieschaden \/ LvL)<\/li>\n<\/ul>\n<\/td>\n<\/tr>\n<tr>\n<td>Casting Delay:<\/td>\n<td>keines<\/td>\n<\/tr>\n<\/tbody>\n<\/table>\n<p>Siehe auch :<\/p>\n<ul>\n<li><a href=\"\/diablo-2\/die-charaktere\/der-barbar\/barbar\/\">Skill\u00fcbersicht Barbar<\/a><\/li>\n<li><a href=\"\/diablo-2\/die-charaktere\/der-barbar\/barbar\/skilltree1\/\">Skilltree: Kriegsschreie<\/a><\/li>\n<li><a href=\"\/diablo-2\/die-charaktere\/der-barbar\/barbar\/skilltree2\/\">Skilltree: Kampfbeherrschung<\/a><\/li>\n<\/ul>\n<p><i>Inhalt von Tub und dt. Edited by RAMsesist.<\/i><\/p>\n<map name=\"jump\">\n<area alt=\"Amok \/ Berzerk\" coords=\"85,353,132,400\" shape=\"rect\" href=\"#s10\">\n<area alt=\"Wirbelwind \/ Whirlwind\" coords=\"16,353,64,400\" shape=\"rect\" href=\"#s9\">\n<area alt=\"Raserei \/ Frenzy\" coords=\"154,285,202,332\" shape=\"rect\" href=\"#s8\">\n<area alt=\"Konzentrieren \/ Concentrate\" coords=\"85,217,132,264\" shape=\"rect\" href=\"#s7\">\n<area alt=\"Sprungangriff \/ Leap Attack\" coords=\"16,217,63,264\" shape=\"rect\" href=\"#s6\">\n<area alt=\"Doppelwurf \/ Double Throw\" coords=\"154,149,201,196\" shape=\"rect\" href=\"#s5\">\n<area alt=\"L\u00e4hmen \/ Stun\" coords=\"85,149,132,196\" shape=\"rect\" href=\"#s4\">\n<area alt=\"Doppelschwung \/ Double Swing\" coords=\"154,81,202,128\" shape=\"rect\" href=\"#s3\">\n<area alt=\"Sprung \/ Leap\" coords=\"16,81,64,129\" shape=\"rect\" href=\"#s2\">\n<area alt=\"Hieb \/ Bash\" coords=\"85,13,132,60\" shape=\"rect\" href=\"#s1\">\n <\/map>","protected":false},"excerpt":{"rendered":"<p>Diese Skillbeschreibungen sind f\u00fcr D2 wie D2R gleichermassen n\u00fctzlich. Verlinkt ist jedoch auf den D2R-Skillcalculator weil wesentlich mehr Leute D2R spielen als D2 Legacy. Wer die Skillentwicklung in D2 Legacy verfolgen will, nimmt statt dessen diesen Link zum D2 LoD (Legacy) Calc. Die Skills (von links nach rechts und von oben nach unten): Hieb \/&hellip; <a class=\"more-link\" href=\"https:\/\/planetdiablo.eu\/de\/diablo-2\/die-charaktere\/der-barbar\/barbar\/skilltree3\/\"><span class=\"screen-reader-text\">Diablo 2 &#8211; Kampf-Fertigkeiten des Barbaren<\/span> weiterlesen<\/a><\/p>\n","protected":false},"author":748,"featured_media":0,"parent":559071,"menu_order":0,"comment_status":"closed","ping_status":"open","template":"","meta":{"footnotes":""},"class_list":["post-559621","page","type-page","status-publish","hentry","entry"],"_links":{"self":[{"href":"https:\/\/planetdiablo.eu\/de\/wp-json\/wp\/v2\/pages\/559621","targetHints":{"allow":["GET"]}}],"collection":[{"href":"https:\/\/planetdiablo.eu\/de\/wp-json\/wp\/v2\/pages"}],"about":[{"href":"https:\/\/planetdiablo.eu\/de\/wp-json\/wp\/v2\/types\/page"}],"author":[{"embeddable":true,"href":"https:\/\/planetdiablo.eu\/de\/wp-json\/wp\/v2\/users\/748"}],"replies":[{"embeddable":true,"href":"https:\/\/planetdiablo.eu\/de\/wp-json\/wp\/v2\/comments?post=559621"}],"version-history":[{"count":7,"href":"https:\/\/planetdiablo.eu\/de\/wp-json\/wp\/v2\/pages\/559621\/revisions"}],"predecessor-version":[{"id":586714,"href":"https:\/\/planetdiablo.eu\/de\/wp-json\/wp\/v2\/pages\/559621\/revisions\/586714"}],"up":[{"embeddable":true,"href":"https:\/\/planetdiablo.eu\/de\/wp-json\/wp\/v2\/pages\/559071"}],"wp:attachment":[{"href":"https:\/\/planetdiablo.eu\/de\/wp-json\/wp\/v2\/media?parent=559621"}],"curies":[{"name":"wp","href":"https:\/\/api.w.org\/{rel}","templated":true}]}}