{"id":559627,"date":"2014-06-29T02:31:40","date_gmt":"2014-06-29T00:31:40","guid":{"rendered":"http:\/\/diablo3.ingame.de\/?page_id=559627"},"modified":"2023-02-24T16:39:05","modified_gmt":"2023-02-24T14:39:05","slug":"skilltree1","status":"publish","type":"page","link":"https:\/\/planetdiablo.eu\/de\/diablo-2\/die-charaktere\/der-druide\/druide\/skilltree1\/","title":{"rendered":"Diablo 2 &#8211; Elementar-Fertigkeiten des Druiden"},"content":{"rendered":"\n<p>Diese Skillbeschreibungen sind f\u00fcr D2 wie D2R gleichermassen n\u00fctzlich. Verlinkt ist jedoch auf den D2R-Skillcalculator weil wesentlich mehr Leute D2R spielen als D2 Legacy. Wer die Skillentwicklung in D2 Legacy verfolgen will, nimmt statt dessen diesen Link zum <a href=\"https:\/\/planetdiablo.eu\/diablo2\/calcs\/skills\/110\/index.php?char=dru&amp;lang=de\">D2 LoD (Legacy) Calc<\/a>.<\/p>\n\n\n<p><img decoding=\"async\" style=\"float: left!important; margin-right: 25px;\" src=\"\/wp-content\/uploads\/2014\/06\/eleskill_dru.jpg\" alt=\"Skilltree Elementar Fertigkeiten\" usemap=\"#jump\" border=\"0\"><\/p>\n<ul>\n<li><a href=\"#s1\">Feuersturm \/ Firestorm<\/a><\/li>\n<li><a href=\"#s2\">Felsenfeuer \/ Molten Boulder<\/a><\/li>\n<li><a href=\"#s3\">Arktiswind \/ Arctic Blast<\/a><\/li>\n<li><a href=\"#s4\">Riss \/ Fissure<\/a><\/li>\n<li><a href=\"#s5\">Zyklon-R\u00fcstung \/ Cyclone Armor<\/a><\/li>\n<li><a href=\"#s6\">Twister \/ Twister<\/a><\/li>\n<li><a href=\"#s7\">Vulkan \/ Volcano<\/a><\/li>\n<li><a href=\"#s8\">Tornado \/ Tornado<\/a><\/li>\n<li><a href=\"#s9\">Armageddon \/ Armageddon<\/a><\/li>\n<li><a href=\"#s10\">Hurrikan \/ Hurricane<\/a><\/li>\n<\/ul>\n<div style=\"clear: both;\"><\/div>\n<h2 id=\"s1\">Feuersturm \/<br>\nFirestorm<\/h2>\n<p><img loading=\"lazy\" decoding=\"async\" class=\"alignnone size-full wp-image-584706 alignleft\" src=\"https:\/\/planetdiablo.eu\/de\/wp-content\/uploads\/2022\/02\/D2R-Druid-firestorm-pressed_klein.jpg\" alt=\"\" width=\"65\" height=\"65\"><\/p>\n<p><i>Der Druide erzeugt eine<br>\nFeuerwalze. <\/i><\/p>\n<p>Beim Einsatz dieser Fertigkeit projiziert<br>\nder Druide Wellen verfl\u00fcssigter Erde, die sich nach<br>\nau\u00dfen ausbreiten und eine Schneise der Vernichtung durch<br>\ndie Gegner schlagen.<\/p>\n<table>\n<tbody>\n<tr>\n<th colspan=\"2\">Skill-Details<\/th>\n<\/tr>\n<tr>\n<td>Art:<\/td>\n<td>Angriffs Skill<\/td>\n<\/tr>\n<tr>\n<td>Voraussetzungen:<\/td>\n<td>\n<ul>\n<li>Charakterlevel: 1<\/li>\n<li>Skills: Keine<\/li>\n<\/ul>\n<\/td>\n<\/tr>\n<tr>\n<td>Wirkung:<\/td>\n<td>Feuerschaden \/<br>\nFl\u00e4chenschaden<\/td>\n<\/tr>\n<tr>\n<td>Skillentwicklung:<\/td>\n<td><a href=\"https:\/\/planetdiablo.eu\/d2dbneu\/calcs\/skills\/d2r\/index.php?lang=de&amp;char=dru\">im Skill-Kalkulator ansehen<\/a><\/td>\n<\/tr>\n<tr>\n<td>Synergie:<\/td>\n<td>\n<ul type=\"disc\">\n<li>Felsenfeuer (+23% Feuerschaden \/ LvL)<\/li>\n<li>Riss (+23% Feuerschaden \/ LvL)<\/li>\n<\/ul>\n<\/td>\n<\/tr>\n<tr>\n<td>Casting Delay:<\/td>\n<td>0,6sec<\/td>\n<\/tr>\n<\/tbody>\n<\/table>\n<h2 id=\"s2\">Felsenfeuer \/<br>\nMolten Boulder<\/h2>\n<p><img loading=\"lazy\" decoding=\"async\" class=\"alignnone size-full wp-image-584738 alignleft\" src=\"https:\/\/planetdiablo.eu\/de\/wp-content\/uploads\/2022\/02\/D2R-Druid-molten-boulder-pressed_klein.jpg\" alt=\"\" width=\"65\" height=\"65\"><\/p>\n<p><i>Der Druide erzeugt eine<br>\nFeuerkugel. <\/i><\/p>\n<p>Mit dieser Begabung kann ein Druide eine riesige rollende Magmamasse beschw\u00f6ren, die Gegner in ihrem Weg \u00fcberrollt und schlie\u00dflich zu feurigen Splittern explodiert, wobei nochmals gro\u00dfer Schaden angerichtet wird. Gegner die von der Kugel getroffen werden, k\u00f6nnen ebenfalls zur\u00fcckgesto\u00dfen werden.<\/p>\n<table>\n<tbody>\n<tr>\n<th colspan=\"2\">Skill-Details<\/th>\n<\/tr>\n<tr>\n<td>Art:<\/td>\n<td>Angriffs Skill<\/td>\n<\/tr>\n<tr>\n<td>Voraussetzungen:<\/td>\n<td>\n<ul>\n<li>Charakterlevel: 6<\/li>\n<li>Feuersturm \/ Firestorm<\/li>\n<\/ul>\n<\/td>\n<\/tr>\n<tr>\n<td>Wirkung:<\/td>\n<td>Feuerschaden und<br>\nphysischer Schaden \/ Fl\u00e4chenschaden<\/td>\n<\/tr>\n<tr>\n<td>Skillentwicklung:<\/td>\n<td><a href=\"https:\/\/planetdiablo.eu\/d2dbneu\/calcs\/skills\/d2r\/index.php?lang=de&amp;char=dru\">im Skill-Kalkulator ansehen<\/a><\/td>\n<\/tr>\n<tr>\n<td>Synergie:<\/td>\n<td>\n<ul type=\"disc\">\n<li>Vulkan (+10% Schaden \/ LvL)<\/li>\n<li>Feuersturm (+8% Feuerschaden \/ LvL)<\/li>\n<\/ul>\n<\/td>\n<\/tr>\n<tr>\n<td>Casting Delay:<\/td>\n<td>2sec<\/td>\n<\/tr>\n<\/tbody>\n<\/table>\n<h2 id=\"s3\">Arktiswind \/<br>\nArctic Blast<\/h2>\n<p><img loading=\"lazy\" decoding=\"async\" class=\"alignnone size-full wp-image-584682 alignleft\" src=\"https:\/\/planetdiablo.eu\/de\/wp-content\/uploads\/2022\/02\/D2R-Druid-arctic-blast-pressed_klein.jpg\" alt=\"\" width=\"65\" height=\"65\"><\/p>\n<p><i>Ein Hauch der K\u00e4lte. <\/i><\/p>\n<p>Mit Unterst\u00fctzung durch den Willen des Nordwindes beschw\u00f6rt<br>\nder Druide einen frostigen Sturm, der alle im Bereich<br>\nseines eisigen Hauches au\u00dfer Gefecht setzt. Die Reichweite und die K\u00e4ltedauer des &#8222;Eisatems&#8220; nimmt mit dem Skilllevel zu!<\/p>\n<table>\n<tbody>\n<tr>\n<th colspan=\"2\">Skill-Details<\/th>\n<\/tr>\n<tr>\n<td>Art:<\/td>\n<td>Angriffs Skill<\/td>\n<\/tr>\n<tr>\n<td>Voraussetzungen:<\/td>\n<td>\n<ul>\n<li>Charakterlevel: 6<\/li>\n<li>Skills: Keine<\/li>\n<\/ul>\n<\/td>\n<\/tr>\n<tr>\n<td>Wirkung:<\/td>\n<td>K\u00e4lteschaden \/<br>\nFl\u00e4chenschaden<\/td>\n<\/tr>\n<tr>\n<td>Skillentwicklung:<\/td>\n<td><a href=\"https:\/\/planetdiablo.eu\/d2dbneu\/calcs\/skills\/d2r\/index.php?lang=de&amp;char=dru\">im Skill-Kalkulator ansehen<\/a><\/td>\n<\/tr>\n<tr>\n<td>Synergie:<\/td>\n<td>\n<ul>\n<li>Zyklon-R\u00fcstung (+15% K\u00e4lteschaden \/ LvL)<\/li>\n<li>Hurrikan (+15% K\u00e4lteschaden \/ LvL)<\/li>\n<\/ul>\n<\/td>\n<\/tr>\n<tr>\n<td>Casting Delay:<\/td>\n<td>keines<\/td>\n<\/tr>\n<\/tbody>\n<\/table>\n<h2 id=\"s4\">Riss \/ Fissure<\/h2>\n<p><img loading=\"lazy\" decoding=\"async\" class=\"alignnone size-full wp-image-584710 alignleft\" src=\"https:\/\/planetdiablo.eu\/de\/wp-content\/uploads\/2022\/02\/D2R-Druid-fissur-pressed_klein.jpg\" alt=\"\" width=\"65\" height=\"65\"><\/p>\n<p><i>Der Druiden erzeugt einen<br>\nRiss in der Erde. <\/i><\/p>\n<p>Wenn der Druide diese Bitte zum Mittelpunkt der Erde schickt, kann er die Erdkruste selbst aufrei\u00dfen und einen vulkanischen Schlund uunte den F\u00fc\u00dfen seiner Gegner \u00f6ffnen, der sie bis auf die Knochen verkohlt.<\/p>\n<table>\n<tbody>\n<tr>\n<th colspan=\"2\">Skill-Details<\/th>\n<\/tr>\n<tr>\n<td>Art:<\/td>\n<td>Angriffs Skill<\/td>\n<\/tr>\n<tr>\n<td>Voraussetzungen:<\/td>\n<td>\n<ul>\n<li>Charakterlevel: 12<\/li>\n<li>Feuersturm \/ Firestorm<\/li>\n<li>Felsenfeuer \/ Molten Boulder<\/li>\n<\/ul>\n<\/td>\n<\/tr>\n<tr>\n<td>Wirkung:<\/td>\n<td>Feuerschaden \/<br>\nFl\u00e4chenschaden<\/td>\n<\/tr>\n<tr>\n<td>Skillentwicklung:<\/td>\n<td><a href=\"https:\/\/planetdiablo.eu\/d2dbneu\/calcs\/skills\/d2r\/index.php?lang=de&amp;char=dru\">im Skill-Kalkulator ansehen<\/a><\/td>\n<\/tr>\n<tr>\n<td>Synergie:<\/td>\n<td>\n<ul type=\"disc\">\n<li>Feuersturm (+12% Feuerschaden \/ LvL)<\/li>\n<li>Vulkan (+12% Feuerschaden \/ LvL)<\/li>\n<\/ul>\n<\/td>\n<\/tr>\n<tr>\n<td>Casting Delay:<\/td>\n<td>2sec<\/td>\n<\/tr>\n<\/tbody>\n<\/table>\n<h2 id=\"s5\">Zyklon-R\u00fcstung<br>\n\/ Cyclone Armor<\/h2>\n<p><img loading=\"lazy\" decoding=\"async\" class=\"alignnone size-full wp-image-584694 alignleft\" src=\"https:\/\/planetdiablo.eu\/de\/wp-content\/uploads\/2022\/02\/D2R-Druid-cyclone-armor-presed_klein.jpg\" alt=\"\" width=\"65\" height=\"65\"><\/p>\n<p><i>Eine R\u00fcstung zum Schutz<br>\nvor Elementarsch\u00e4den. <\/i><\/p>\n<p>Diese Fertigkeit erm\u00f6glicht es dem Druiden, sich in eine wirbelnde Masse aufgeladener Teilchen zu h\u00fcllen, die Schaden von Feuer, Blitz und<br>\nK\u00e4lte Angriffen absorbieren.<\/p>\n<table>\n<tbody>\n<tr>\n<th colspan=\"2\">Skill-Details<\/th>\n<\/tr>\n<tr>\n<td>Art:<\/td>\n<td>Boost Skill<\/td>\n<\/tr>\n<tr>\n<td>Voraussetzungen:<\/td>\n<td>\n<ul>\n<li>Charakterlevel: 12<\/li>\n<li>Arktiswind \/ Arctic Blast<\/li>\n<\/ul>\n<\/td>\n<\/tr>\n<tr>\n<td>Wirkung:<\/td>\n<td>Absorbiert Feuer, Blitz<br>\nund K\u00e4lte Schaden<\/td>\n<\/tr>\n<tr>\n<td>Skillentwicklung:<\/td>\n<td><a href=\"https:\/\/planetdiablo.eu\/d2dbneu\/calcs\/skills\/d2r\/index.php?lang=de&amp;char=dru\">im Skill-Kalkulator ansehen<\/a><\/td>\n<\/tr>\n<tr>\n<td>Synergie:<\/td>\n<td>\n<ul type=\"disc\">\n<li>Twister (+7% Schaden absorbiert \/ LvL)<\/li>\n<li>Tornado (+7% Schaden absorbiert \/ LvL)<\/li>\n<li>Hurrikan (+7% Schaden absorbiert \/ LvL)<\/li>\n<\/ul>\n<\/td>\n<\/tr>\n<tr>\n<td>Casting Delay:<\/td>\n<td>keines<\/td>\n<\/tr>\n<\/tbody>\n<\/table>\n<h2 id=\"s6\">Twister \/<br>\nTwister<\/h2>\n<p><img loading=\"lazy\" decoding=\"async\" class=\"alignnone size-full wp-image-584786 alignleft\" src=\"https:\/\/planetdiablo.eu\/de\/wp-content\/uploads\/2022\/02\/D2R-Druid-twister-pressed_klein.jpg\" alt=\"\" width=\"65\" height=\"65\"><\/p>\n<p><i>Zwei kleine<br>\nWirbelst\u00fcrme. <\/i><\/p>\n<p>Der Druide ruft die Winde an und schickt einen kleinen Wirbelsturm in die Mitte seiner Feinde, um sie durcheinander zu wirbeln und zu l\u00e4hmen.<\/p>\n<table>\n<tbody>\n<tr>\n<th colspan=\"2\">Skill-Details<\/th>\n<\/tr>\n<tr>\n<td>Art:<\/td>\n<td>Angriffs Skill<\/td>\n<\/tr>\n<tr>\n<td>Voraussetzungen:<\/td>\n<td>\n<ul>\n<li>Charakterlevel: 18<\/li>\n<li>Arktiswind \/ Arctic Blast<\/li>\n<li>Zyklon-R\u00fcstung \/ Cyclone Armor<\/li>\n<\/ul>\n<\/td>\n<\/tr>\n<tr>\n<td>Wirkung:<\/td>\n<td>physischer Schaden \/<br>\nFl\u00e4chenschaden \/ l\u00e4hmt Gegner<\/td>\n<\/tr>\n<tr>\n<td>Skillentwicklung:<\/td>\n<td><a href=\"https:\/\/planetdiablo.eu\/d2dbneu\/calcs\/skills\/d2r\/index.php?lang=de&amp;char=dru\">im Skill-Kalkulator ansehen<\/a><\/td>\n<\/tr>\n<tr>\n<td>Synergie:<\/td>\n<td>\n<ul>\n<li>Tornado (+10% Schaden \/ LvL)<\/li>\n<li>Hurrikan (+10% Schaden \/ LvL)<\/li>\n<\/ul>\n<\/td>\n<\/tr>\n<tr>\n<td>Casting Delay:<\/td>\n<td>keines<\/td>\n<\/tr>\n<\/tbody>\n<\/table>\n<h2 id=\"s7\">Vulkan \/<br>\nVolcano<\/h2>\n<p><img loading=\"lazy\" decoding=\"async\" class=\"alignnone size-full wp-image-584790 alignleft\" src=\"https:\/\/planetdiablo.eu\/de\/wp-content\/uploads\/2022\/02\/D2R-Druid-volcano-pressed_klein.jpg\" alt=\"\" width=\"65\" height=\"65\"><\/p>\n<p><i>Ein Vulkan, der Lava<br>\nspuckt. <\/i><\/p>\n<p>Ein Druide, der in dieser Fertigkeit ausgebildet ist, besitzt die Macht, eine heftige Eruption aus dem Eingeweiden der Erde zu beschw\u00f6ren und<br>\ngeschmolzenes Gestein auf seine in der N\u00e4he befindliche Feinde regnen lassen.<\/p>\n<table>\n<tbody>\n<tr>\n<th colspan=\"2\">Skill-Details<\/th>\n<\/tr>\n<tr>\n<td>Art:<\/td>\n<td>Angriffs Skill<\/td>\n<\/tr>\n<tr>\n<td>Voraussetzungen:<\/td>\n<td>\n<ul>\n<li>Charakterlevel: 24<\/li>\n<li>Feuersturm&nbsp;\/ Firestorm<\/li>\n<li>Felsenfeuer&nbsp;\/ Molten Boulder<\/li>\n<li>Riss&nbsp;\/ Fissure<\/li>\n<\/ul>\n<\/td>\n<\/tr>\n<tr>\n<td>Wirkung:<\/td>\n<td>Feuerschaden und<br>\nphysischer Schaden \/ Fl\u00e4chenschaden<\/td>\n<\/tr>\n<tr>\n<td>Skillentwicklung:<\/td>\n<td><a href=\"https:\/\/planetdiablo.eu\/d2dbneu\/calcs\/skills\/d2r\/index.php?lang=de&amp;char=dru\">im Skill-Kalkulator ansehen<\/a><\/td>\n<\/tr>\n<tr>\n<td>Synergie:<\/td>\n<td>\n<ul type=\"disc\">\n<li>Felsenfeuer (+12% Schaden \/ LvL)<\/li>\n<li>Riss (+12% Feuerschaden \/ LvL)<\/li>\n<li>Armageddon (+12% Feuerschaden \/ LvL)<\/li>\n<\/ul>\n<\/td>\n<\/tr>\n<tr>\n<td>Casting Delay:<\/td>\n<td>4sec<\/td>\n<\/tr>\n<\/tbody>\n<\/table>\n<h2 id=\"s8\">Tornado \/<br>\nTornado<\/h2>\n<p><img loading=\"lazy\" decoding=\"async\" class=\"alignnone size-full wp-image-584782 alignleft\" src=\"https:\/\/planetdiablo.eu\/de\/wp-content\/uploads\/2022\/02\/D2R-Druid-tornado-pressed_klein.jpg\" alt=\"\" width=\"65\" height=\"65\"><\/p>\n<p><i>Ein starker Wirbelsturm. <\/i><\/p>\n<p>Der Druide manipuliert die starken Winde zu einem<br>\nfurchteinfl\u00f6\u00dfenden Zyklon und schickt diese<br>\nzerst\u00f6rerische Kraft in eine Schar seiner Gegner, um sie<br>\nzu zerschmettern und eine Spur der Verw\u00fcstung zu<br>\nhinterlassen.<\/p>\n<table>\n<tbody>\n<tr>\n<th colspan=\"2\">Skill-Details<\/th>\n<\/tr>\n<tr>\n<td>Art:<\/td>\n<td>Angriffs Skill<\/td>\n<\/tr>\n<tr>\n<td>Voraussetzungen:<\/td>\n<td>\n<ul>\n<li>Charakterlevel: 24<\/li>\n<li>Arktiswind&nbsp;\/ Arctic Blast<\/li>\n<li>Zyklon-R\u00fcstung&nbsp;\/ Cyclone Armor<\/li>\n<li>Twister&nbsp;\/ Twister<\/li>\n<\/ul>\n<\/td>\n<\/tr>\n<tr>\n<td>Wirkung:<\/td>\n<td>physischer Schaden \/<br>\nFl\u00e4chenschaden<\/td>\n<\/tr>\n<tr>\n<td>Skillentwicklung:<\/td>\n<td>i<a href=\"https:\/\/planetdiablo.eu\/d2dbneu\/calcs\/skills\/d2r\/index.php?lang=de&amp;char=dru\">m Skill-Kalkulator ansehen<\/a><\/td>\n<\/tr>\n<tr>\n<td>Synergie:<\/td>\n<td>\n<ul>\n<li>Zyklon-R\u00fcstung (+9% Schaden \/ LvL)<\/li>\n<li>Twister (+9% Schaden \/ LvL)<\/li>\n<li>Hurrikan (+9% Schaden \/ LvL)<\/li>\n<\/ul>\n<\/td>\n<\/tr>\n<tr>\n<td>Casting Delay:<\/td>\n<td>keines<\/td>\n<\/tr>\n<\/tbody>\n<\/table>\n<h2 id=\"s9\">Armageddon \/<br>\nArmageddon<\/h2>\n<p><img loading=\"lazy\" decoding=\"async\" class=\"alignnone size-full wp-image-584686 alignleft\" src=\"https:\/\/planetdiablo.eu\/de\/wp-content\/uploads\/2022\/02\/D2R-Druid-armageddon-pressed_klein.jpg\" alt=\"\" width=\"65\" height=\"65\"><\/p>\n<p><i>Ein Feuerregen. <\/i><\/p>\n<p>Die schreckliche Macht der Natur l\u00e4sst brennende Steine um<br>\nden Druiden herabregnen, der sie beschworen hat, und<br>\nzerm\u00fcrbt damit jeden Gegner, der t\u00f6richt genug war, in ihren Einflussbereich zu geraten.<\/p>\n<table>\n<tbody>\n<tr>\n<th colspan=\"2\">Skill-Details<\/th>\n<\/tr>\n<tr>\n<td>Art:<\/td>\n<td>Angriffs Skill<\/td>\n<\/tr>\n<tr>\n<td>Voraussetzungen:<\/td>\n<td>\n<ul>\n<li>Charakterlevel: 30<\/li>\n<li>Feuersturm&nbsp;\/ Firestorm<\/li>\n<li>Felsenfeuer&nbsp;\/ Molten Boulder<\/li>\n<li>Arktiswind&nbsp;\/ Arctic Blast<\/li>\n<li>Riss&nbsp;\/ Fissure<\/li>\n<li>Zyklon-R\u00fcstung \/ Cyclone Armor<\/li>\n<li>Twister \/ Twister<\/li>\n<li>Vulkan&nbsp;\/ Volcano<\/li>\n<li>Tornado \/ Tornado<\/li>\n<li>Hurrikan&nbsp;\/ Hurricane<\/li>\n<\/ul>\n<\/td>\n<\/tr>\n<tr>\n<td>Wirkung:<\/td>\n<td>Feuerschaden und<br>\nphysischer Schaden \/ Fl\u00e4chenschaden<\/td>\n<\/tr>\n<tr>\n<td>Skillentwicklung:<\/td>\n<td><a href=\"https:\/\/planetdiablo.eu\/d2dbneu\/calcs\/skills\/d2r\/index.php?lang=de&amp;char=dru\">im Skill-Kalkulator ansehen<\/a><\/td>\n<\/tr>\n<tr>\n<td>Synergie:<\/td>\n<td>\n<ul type=\"disc\">\n<li>Riss (+2sec Dauer \/ LvL)<\/li>\n<li>Feuersturm (+14% Feuerschaden \/ LvL)<\/li>\n<li>Felsenfeuer (+14% Feuerschaden \/ LvL)<\/li>\n<li>Vulkan (+14% Feuerschaden \/ LvL)<\/li>\n<\/ul>\n<\/td>\n<\/tr>\n<tr>\n<td>Casting Delay:<\/td>\n<td>6sec<\/td>\n<\/tr>\n<\/tbody>\n<\/table>\n<h2 id=\"s10\">Hurrikan \/<br>\nHurricane<\/h2>\n<p><img loading=\"lazy\" decoding=\"async\" class=\"alignnone size-full wp-image-584726 alignleft\" src=\"https:\/\/planetdiablo.eu\/de\/wp-content\/uploads\/2022\/02\/D2R-Druid-hurricane-pressed_klein.jpg\" alt=\"\" width=\"65\" height=\"65\"><\/p>\n<p><i>Der Druide erzeugt einen<br>\nWirbelsturm um sich. <\/i><\/p>\n<p>Besonders begabte Druiden k\u00f6nnen diesen m\u00e4chtigen Sturm der Vernichtung herbeirufen. Die wilden B\u00f6en richten um den Druiden<br>\nherum schwere Verw\u00fcstungen an, doch der Druide selbst<br>\nbleibt im Auge des Hurrikans unversehrt.<\/p>\n<table>\n<tbody>\n<tr>\n<th colspan=\"2\">Skill-Details<\/th>\n<\/tr>\n<tr>\n<td>Art:<\/td>\n<td>Angriffs Skill<\/td>\n<\/tr>\n<tr>\n<td>Voraussetzungen:<\/td>\n<td>\n<ul>\n<li>Charakterlevel: 30<\/li>\n<li>Arktiswind \/ Arctic Blast<\/li>\n<li>Zyklon-R\u00fcstung \/ Cyclone Armor<\/li>\n<li>Twister \/ Twister<\/li>\n<li>Tornado \/ Tornado<\/li>\n<\/ul>\n<\/td>\n<\/tr>\n<tr>\n<td>Wirkung:<\/td>\n<td>K\u00e4lteschaden \/<br>\nFl\u00e4chenschaden<\/td>\n<\/tr>\n<tr>\n<td>Skillentwicklung:<\/td>\n<td><a href=\"https:\/\/planetdiablo.eu\/d2dbneu\/calcs\/skills\/d2r\/index.php?lang=de&amp;char=dru\">im Skill-Kalkulator ansehen<\/a><\/td>\n<\/tr>\n<tr>\n<td>Synergie:<\/td>\n<td>\n<ul>\n<li>Zyklon-R\u00fcstung (+2sec Dauer \/ LvL)<\/li>\n<li>Twister (+9% K\u00e4lteschaden \/ LvL)<\/li>\n<li>Tornado (+9% K\u00e4lteschaden \/ LvL)<\/li>\n<\/ul>\n<\/td>\n<\/tr>\n<tr>\n<td>Casting Delay:<\/td>\n<td>6sec<\/td>\n<\/tr>\n<\/tbody>\n<\/table>\n<p>Siehe auch :<\/p>\n<ul>\n<li><a href=\"\/diablo-2\/die-charaktere\/der-druide\/druide\/\">Skill\u00fcbersicht Druide<\/a><\/li>\n<li><a href=\"\/diablo-2\/die-charaktere\/der-druide\/druide\/skilltree2\/\">Skilltree Gestaltwandel Fertigkeiten<\/a><\/li>\n<li><a href=\"\/diablo-2\/die-charaktere\/der-druide\/druide\/skilltree3\/\">Skilltree: Herbeirufungs Fertigkeiten<\/a><\/li>\n<\/ul>\n<p><i>Inhalt von snowy22. Edited by RAMsesist.<\/i><\/p>\n<map name=\"jump\">\n<area alt=\"Feuersturm \/ Firestorm\" coords=\"18, 15, 59, 57\" shape=\"RECT\" href=\"#s1\">\n<area alt=\"Felsenfeuer \/ Molten Boulder\" coords=\"17, 83, 58, 125\" shape=\"RECT\" href=\"#s2\">\n<area alt=\"Arktiswind \/ Arctic Blast\" coords=\"155, 81, 196, 123\" shape=\"RECT\" href=\"#s3\">\n<area alt=\"Riss \/ Fissure\" coords=\"19, 151, 60, 192\" shape=\"RECT\" href=\"#s4\">\n<area alt=\"Zyklon-R\u00fcstung \/ Cyclone Armor\" coords=\"157, 152, 198, 194\" shape=\"RECT\" href=\"#s5\">\n<area alt=\"Twister \/ Twister\" coords=\"87, 220, 128, 262\" shape=\"RECT\" href=\"#s6\">\n<area alt=\"Vulkan \/ Volcano\" coords=\"19, 287, 60, 328\" shape=\"RECT\" href=\"#s7\">\n<area alt=\"Tornado \/ Tornado\" coords=\"87, 286, 128, 329\" shape=\"RECT\" href=\"#s8\">\n<area alt=\"Armageddon \/ Armageddon\" coords=\"19, 357, 60, 399\" shape=\"RECT\" href=\"#s9\">\n<area alt=\"Hurrikan \/ Hurricane\" coords=\"88, 357, 129, 399\" shape=\"RECT\" href=\"#s10\">\n <\/map>","protected":false},"excerpt":{"rendered":"<p>Diese Skillbeschreibungen sind f\u00fcr D2 wie D2R gleichermassen n\u00fctzlich. Verlinkt ist jedoch auf den D2R-Skillcalculator weil wesentlich mehr Leute D2R spielen als D2 Legacy. Wer die Skillentwicklung in D2 Legacy verfolgen will, nimmt statt dessen diesen Link zum D2 LoD (Legacy) Calc. Feuersturm \/ Firestorm Felsenfeuer \/ Molten Boulder Arktiswind \/ Arctic Blast Riss \/&hellip; <a class=\"more-link\" href=\"https:\/\/planetdiablo.eu\/de\/diablo-2\/die-charaktere\/der-druide\/druide\/skilltree1\/\"><span class=\"screen-reader-text\">Diablo 2 &#8211; Elementar-Fertigkeiten des Druiden<\/span> weiterlesen<\/a><\/p>\n","protected":false},"author":748,"featured_media":0,"parent":559075,"menu_order":0,"comment_status":"closed","ping_status":"open","template":"","meta":{"footnotes":""},"class_list":["post-559627","page","type-page","status-publish","hentry","entry"],"_links":{"self":[{"href":"https:\/\/planetdiablo.eu\/de\/wp-json\/wp\/v2\/pages\/559627","targetHints":{"allow":["GET"]}}],"collection":[{"href":"https:\/\/planetdiablo.eu\/de\/wp-json\/wp\/v2\/pages"}],"about":[{"href":"https:\/\/planetdiablo.eu\/de\/wp-json\/wp\/v2\/types\/page"}],"author":[{"embeddable":true,"href":"https:\/\/planetdiablo.eu\/de\/wp-json\/wp\/v2\/users\/748"}],"replies":[{"embeddable":true,"href":"https:\/\/planetdiablo.eu\/de\/wp-json\/wp\/v2\/comments?post=559627"}],"version-history":[{"count":8,"href":"https:\/\/planetdiablo.eu\/de\/wp-json\/wp\/v2\/pages\/559627\/revisions"}],"predecessor-version":[{"id":586704,"href":"https:\/\/planetdiablo.eu\/de\/wp-json\/wp\/v2\/pages\/559627\/revisions\/586704"}],"up":[{"embeddable":true,"href":"https:\/\/planetdiablo.eu\/de\/wp-json\/wp\/v2\/pages\/559075"}],"wp:attachment":[{"href":"https:\/\/planetdiablo.eu\/de\/wp-json\/wp\/v2\/media?parent=559627"}],"curies":[{"name":"wp","href":"https:\/\/api.w.org\/{rel}","templated":true}]}}