{"id":559631,"date":"2014-06-29T02:35:21","date_gmt":"2014-06-29T00:35:21","guid":{"rendered":"http:\/\/diablo3.ingame.de\/?page_id=559631"},"modified":"2023-02-24T16:43:04","modified_gmt":"2023-02-24T14:43:04","slug":"skilltree2","status":"publish","type":"page","link":"https:\/\/planetdiablo.eu\/de\/diablo-2\/die-charaktere\/der-druide\/druide\/skilltree2\/","title":{"rendered":"Diablo 2 &#8211; Gestaltwandlungs-Fertigkeiten des Druiden"},"content":{"rendered":"\n<p>Diese Skillbeschreibungen sind f\u00fcr D2 wie D2R gleichermassen n\u00fctzlich. Verlinkt ist jedoch auf den D2R-Skillcalculator weil wesentlich mehr Leute D2R spielen als D2 Legacy. Wer die Skillentwicklung in D2 Legacy verfolgen will, nimmt statt dessen diesen Link zum <a href=\"https:\/\/planetdiablo.eu\/diablo2\/calcs\/skills\/110\/index.php?char=dru&amp;lang=de\">D2 LoD (Legacy) Calc<\/a>.<\/p>\n\n\n<p><img decoding=\"async\" style=\"float: left!important; margin-right: 25px;\" src=\"\/wp-content\/uploads\/2014\/06\/gestalten_dru.jpg\" alt=\"Skilltree Gestaltwandel Fertigkeiten\" usemap=\"#jump\" border=\"0\"><\/p>\n<ul>\n<li><a href=\"#s1\">Werwolf \/ Werewolf<\/a><\/li>\n<li><a href=\"#s2\">Lykanthropie \/ Lycanthropy<\/a><\/li>\n<li><a href=\"#s3\">Werb\u00e4r \/ Werebear<\/a><\/li>\n<li><a href=\"#s4\">Barbaren Wut \/ Feral Rage<\/a><\/li>\n<li><a href=\"#s5\">Zerfleischen \/ Maul<\/a><\/li>\n<li><a href=\"#s6\">Tollwut \/ Rabies<\/a><\/li>\n<li><a href=\"#s7\">Feuerklauen \/ Fire Claws<\/a><\/li>\n<li><a href=\"#s8\">Hunger \/ Hunger<\/a><\/li>\n<li><a href=\"#s9\">Schockwelle \/ Shock Wave<\/a><\/li>\n<li><a href=\"#s10\">Wut \/ Fury<\/a><\/li>\n<\/ul>\n<div style=\"clear: both;\"><\/div>\n<h2 id=\"s1\">Werwolf \/<br>\nWerewolf<\/h2>\n<p><img loading=\"lazy\" decoding=\"async\" class=\"alignnone size-full wp-image-584798 alignleft\" src=\"https:\/\/planetdiablo.eu\/de\/wp-content\/uploads\/2022\/02\/D2R-Druid-werewolf-pressed_klein.jpg\" alt=\"\" width=\"65\" height=\"65\"><\/p>\n<p><i>Der Druide kann sich in<br>\neinen Werwolf verwandeln. <\/i><\/p>\n<p>Diese Fertigkeit erm\u00f6glicht dem Druiden, die Gestalt eines Wolfes<br>\nanzunehmen, was ihm eine schnellere Angriffsgeschwindigkeit, h\u00f6here Treffergenauigkeit (Angriffswert), hohere Ausdauer und mehr Lebenspunkte<br>\nbeschert!<\/p>\n<table>\n<tbody>\n<tr>\n<th colspan=\"2\">Skill-Details<\/th>\n<\/tr>\n<tr>\n<td>Art:<\/td>\n<td>Wandelform Skill<\/td>\n<\/tr>\n<tr>\n<td>Voraussetzungen:<\/td>\n<td>\n<ul>\n<li>Charakterlevel: 1<\/li>\n<li>Skills: Keine<\/li>\n<\/ul>\n<\/td>\n<\/tr>\n<tr>\n<td>Wirkung:<\/td>\n<td>Schadens und<br>\nAngriffswertsboni \/ Ausdauer und Lebensboni<\/td>\n<\/tr>\n<tr>\n<td>Skillentwicklung:<\/td>\n<td><a href=\"https:\/\/planetdiablo.eu\/d2dbneu\/calcs\/skills\/d2r\/index.php?lang=de&amp;char=dru\">im Skill-Kalkulator ansehen<\/a><\/td>\n<\/tr>\n<tr>\n<td>Synergie:<\/td>\n<td>\n<ul type=\"disc\">\n<li>Lykanthropie<\/li>\n<\/ul>\n<\/td>\n<\/tr>\n<tr>\n<td>Casting Delay:<\/td>\n<td>1sec<\/td>\n<\/tr>\n<\/tbody>\n<\/table>\n<h2 id=\"s2\">Lykanthropie \/<br>\nLycanthropy<\/h2>\n<p><img loading=\"lazy\" decoding=\"async\" class=\"alignnone size-full wp-image-584730 alignleft\" src=\"https:\/\/planetdiablo.eu\/de\/wp-content\/uploads\/2022\/02\/D2R-Druid-lycantrophy-pressed_klein.jpg\" alt=\"\" width=\"65\" height=\"65\"><\/p>\n<p><i>Verl\u00e4ngert die<br>\nVerwandlungsdauer. <\/i><\/p>\n<p>Die Gestalt zu ver\u00e4ndern ist eine enorme Belastung f\u00fcr den Druiden, daher kann er die Tiergestalt nur f\u00fcr einen begrenzten Zeitraum annehmen. Diese Fertigkeit verbessert seine Konstitution in Tiergestalt und erh\u00f6ht damit sowohl die Zeitspanne, die er verwandelt bleiben kann, als auch den Lebensbonus den er in seiner Werb\u00e4r oder Werwolf Wandelform erhalten kann.<\/p>\n<table>\n<tbody>\n<tr>\n<th colspan=\"2\">Skill-Details<\/th>\n<\/tr>\n<tr>\n<td>Art:<\/td>\n<td>Passiver Skill<\/td>\n<\/tr>\n<tr>\n<td>Voraussetzungen:<\/td>\n<td>\n<ul>\n<li>Charakterlevel: 1<\/li>\n<li>Werwolf \/ Werewolf<\/li>\n<\/ul>\n<\/td>\n<\/tr>\n<tr>\n<td>Wirkung:<\/td>\n<td>Verl\u00e4ngert Wandelform<br>\nDauer \/ Lebensbonus f\u00fcr Werb\u00e4r und Werwolf Wandelform<\/td>\n<\/tr>\n<tr>\n<td>Skillentwicklung:<\/td>\n<td><a href=\"https:\/\/planetdiablo.eu\/d2dbneu\/calcs\/skills\/d2r\/index.php?lang=de&amp;char=dru\">im Skill-Kalkulator ansehen<\/a><\/td>\n<\/tr>\n<tr>\n<td>Synergie:<\/td>\n<td>keine<\/td>\n<\/tr>\n<tr>\n<td>Casting Delay:<\/td>\n<td>keines<\/td>\n<\/tr>\n<\/tbody>\n<\/table>\n<h2 id=\"s3\">Werb\u00e4r \/<br>\nWerebear<\/h2>\n<p><img loading=\"lazy\" decoding=\"async\" class=\"alignnone size-full wp-image-584794 alignleft\" src=\"https:\/\/planetdiablo.eu\/de\/wp-content\/uploads\/2022\/02\/D2R-Druid-werebear-pressed_klein.jpg\" alt=\"\" width=\"65\" height=\"65\"><\/p>\n<p><i>Der Druide kann sich in<br>\neinen Werb\u00e4r verwandeln. <\/i><\/p>\n<p>Diese Fertigkeit verleiht dem Druiden die F\u00e4higkeit, die Gestalt eines wilden B\u00e4ren anzunehmen, wodurch sich sein Schaden, seine Verteidigung und auch seine Lebenspunkte immens erh\u00f6hen!<\/p>\n<table>\n<tbody>\n<tr>\n<th colspan=\"2\">Skill-Details<\/th>\n<\/tr>\n<tr>\n<td>Art:<\/td>\n<td>Wandelform Skill<\/td>\n<\/tr>\n<tr>\n<td>Voraussetzungen:<\/td>\n<td>\n<ul>\n<li>Charakterlevel: 6<\/li>\n<li>Skills: Keine<\/li>\n<\/ul>\n<\/td>\n<\/tr>\n<tr>\n<td>Wirkung:<\/td>\n<td>Schadens und Lebensboni<br>\n\/ Verteidigungsbonus<\/td>\n<\/tr>\n<tr>\n<td>Skillentwicklung:<\/td>\n<td><a href=\"https:\/\/planetdiablo.eu\/d2dbneu\/calcs\/skills\/d2r\/index.php?lang=de&amp;char=dru\">im Skill-Kalkulator ansehen<\/a><\/td>\n<\/tr>\n<tr>\n<td>Synergie:<\/td>\n<td>\n<ul>\n<li>Lykanthropie<\/li>\n<\/ul>\n<\/td>\n<\/tr>\n<tr>\n<td>Casting Delay:<\/td>\n<td>1sec<\/td>\n<\/tr>\n<\/tbody>\n<\/table>\n<h2 id=\"s4\">Barbaren Wut \/<br>\nFeral Rage<\/h2>\n<p><img loading=\"lazy\" decoding=\"async\" class=\"alignnone size-full wp-image-584698 alignleft\" src=\"https:\/\/planetdiablo.eu\/de\/wp-content\/uploads\/2022\/02\/D2R-Druid-feral-rage-pressed_klein.jpg\" alt=\"\" width=\"65\" height=\"65\"><\/p>\n<p><i>Verst\u00e4rkt den Schaden. <\/i><\/p>\n<p>In Wolfsgestalt ger\u00e4t der Druide, der diese Fertigkeit<br>\neinsetzt, in rasende Wut, rei\u00dft Gegner in St\u00fccke und<br>\nwird mit jedem aufeinander folgenden Angriff beherzter, wodurch sich seine Lebensabsaugung und seine Laufgeschwindigkeit immer weiter steigern. Klar sind auch Schaden und Angriffswert beim Nutzen dieses Skills erh\u00f6ht.<\/p>\n<table>\n<tbody>\n<tr>\n<th colspan=\"2\">Skill-Details<\/th>\n<\/tr>\n<tr>\n<td>Art:<\/td>\n<td>Wandelform Nahkampf<br>\nSkill (Wolf)<\/td>\n<\/tr>\n<tr>\n<td>Voraussetzungen:<\/td>\n<td>\n<ul>\n<li>Charakterlevel: 12<\/li>\n<li>Werwolf \/ Werewolf<\/li>\n<\/ul>\n<\/td>\n<\/tr>\n<tr>\n<td>Wirkung:<\/td>\n<td>Schadens und<br>\nAngriffswertsboni \/ Lebensabsaugung und<br>\nLaufgeschwindigkeit erh\u00f6hen sich mit jedem Schlag<\/td>\n<\/tr>\n<tr>\n<td>Skillentwicklung:<\/td>\n<td><a href=\"https:\/\/planetdiablo.eu\/d2dbneu\/calcs\/skills\/d2r\/index.php?lang=de&amp;char=dru\">im Skill-Kalkulator ansehen<\/a><\/td>\n<\/tr>\n<tr>\n<td>Synergie:<\/td>\n<td>keine<\/td>\n<\/tr>\n<tr>\n<td>Casting Delay:<\/td>\n<td>keines<\/td>\n<\/tr>\n<\/tbody>\n<\/table>\n<h2 id=\"s5\">Zerfleischen \/<br>\nMaul<\/h2>\n<p><img loading=\"lazy\" decoding=\"async\" class=\"alignnone size-full wp-image-584734 alignleft\" src=\"https:\/\/planetdiablo.eu\/de\/wp-content\/uploads\/2022\/02\/D2R-Druid-maul-pressed_klein.jpg\" alt=\"\" width=\"65\" height=\"65\"><\/p>\n<p><i>Verst\u00e4rkt den Schaden. <\/i><\/p>\n<p>Ein Druide in Werb\u00e4r-Wandelform f\u00fcgt Gegnern mit seinen<br>\nm\u00e4chtigen Tatzen schwere Verletzungen zu. Bei Einsatz<br>\ndieser Fertigkeit nimmt die Wut und damit der Schaden seines Angriffs mit jedem Schlag zu. Zus\u00e4tzlich wird ded Angriffswert erh\u00f6ht. Getroffene Gegner werden f\u00fcr eine<br>\nbestimmte Zeit gel\u00e4hmt.<\/p>\n<table>\n<tbody>\n<tr>\n<th colspan=\"2\">Skill-Details<\/th>\n<\/tr>\n<tr>\n<td>Art:<\/td>\n<td>Wandelform Nahkampf<br>\nSkill (B\u00e4r)<\/td>\n<\/tr>\n<tr>\n<td>Voraussetzungen:<\/td>\n<td>\n<ul>\n<li>Charakterlevel: 12<\/li>\n<li>Werb\u00e4r \/ Werebear<\/li>\n<\/ul>\n<\/td>\n<\/tr>\n<tr>\n<td>Wirkung:<\/td>\n<td>Schaden erh\u00f6ht sich mit<br>\njedem Schlag \/ Angriffswertsbonus \/ l\u00e4hmt Gegner<\/td>\n<\/tr>\n<tr>\n<td>Skillentwicklung:<\/td>\n<td><a href=\"https:\/\/planetdiablo.eu\/d2dbneu\/calcs\/skills\/d2r\/index.php?lang=de&amp;char=dru\">im Skill-Kalkulator ansehen<\/a><\/td>\n<\/tr>\n<tr>\n<td>Synergie:<\/td>\n<td>keine<\/td>\n<\/tr>\n<tr>\n<td>Casting Delay:<\/td>\n<td>keines<\/td>\n<\/tr>\n<\/tbody>\n<\/table>\n<h2 id=\"s6\">Tollwut \/<br>\nRabies<\/h2>\n<p><img loading=\"lazy\" decoding=\"async\" class=\"alignnone size-full wp-image-584750 alignleft\" src=\"https:\/\/planetdiablo.eu\/de\/wp-content\/uploads\/2022\/02\/D2R-Druid-rabies-pressed_klein.jpg\" alt=\"\" width=\"65\" height=\"65\"><\/p>\n<p><i>Reiner Giftschaden. <\/i><\/p>\n<p>Setzt ein Druide diese Fertigkeit ein, vergiftet er seinen<br>\neigenen Speichel und greift seine Gegner mit einem t\u00f6dlichen Biss an, mit dem er eine ansteckende KKrankhei \u00fcbertr\u00e4gt, die t\u00f6dlich ist f\u00fcr jeden, der von Tollwut mitinfiziert wurde. Gleichzeitig trifft der Druide durch ded Angriffswertsbonus deutlich besser.<\/p>\n<table>\n<tbody>\n<tr>\n<th colspan=\"2\">Skill-Details<\/th>\n<\/tr>\n<tr>\n<td>Art:<\/td>\n<td>Wandelform Nahkampf<br>\nSkill (Wolf)<\/td>\n<\/tr>\n<tr>\n<td>Voraussetzungen:<\/td>\n<td>\n<ul>\n<li>Charakterlevel: 18<\/li>\n<li>Werwolf \/ Werewolf<\/li>\n<li>Barbaren Wut \/ Feral Rage<\/li>\n<\/ul>\n<\/td>\n<\/tr>\n<tr>\n<td>Wirkung:<\/td>\n<td>Giftschadens und<br>\nAngriffswertsboni<\/td>\n<\/tr>\n<tr>\n<td>Skillentwicklung:<\/td>\n<td><a href=\"https:\/\/planetdiablo.eu\/d2dbneu\/calcs\/skills\/d2r\/index.php?lang=de&amp;char=dru\">im Skill-Kalkulator ansehen<\/a><\/td>\n<\/tr>\n<tr>\n<td>Synergie:<\/td>\n<td>\n<ul>\n<li>Gift Kriecher (+18% Giftschaden \/ LvL)<\/li>\n<\/ul>\n<\/td>\n<\/tr>\n<tr>\n<td>Casting Delay:<\/td>\n<td>keines<\/td>\n<\/tr>\n<\/tbody>\n<\/table>\n<h2 id=\"s7\">Feuerklauen \/<br>\nFire Claws<\/h2>\n<p><img loading=\"lazy\" decoding=\"async\" class=\"alignnone size-full wp-image-584702 alignleft\" src=\"https:\/\/planetdiablo.eu\/de\/wp-content\/uploads\/2022\/02\/D2R-Druid-fire-claws-pressed_klein.jpg\" alt=\"\" width=\"65\" height=\"65\"><\/p>\n<p><i>Reiner Feuerschaden.<\/i><\/p>\n<p><i><br>\n<\/i>In Tiergestalt kann sich ein Druide seine Verbundenheit mit den nat\u00fcrlichen Elementen zunutze machen, um seine Angriffe mit Feuerlohen zu unterst\u00fctzen. Der Angriff erh\u00f6ht so Feurschaden und Angriffswert des<br>\nDruiden.<\/p>\n<table>\n<tbody>\n<tr>\n<th colspan=\"2\">Skill-Details<\/th>\n<\/tr>\n<tr>\n<td>Art:<\/td>\n<td>Wandelform Nahkampf<br>\nSkill (Wolf und B\u00e4r)<\/td>\n<\/tr>\n<tr>\n<td>Voraussetzungen:<\/td>\n<td>\n<ul>\n<li>Charakterlevel: 18<\/li>\n<li>Werwolf \/ Werewolf<\/li>\n<li>Werb\u00e4r \/ Werebear<\/li>\n<li>Barbaren Wut \/ Feral Rage<\/li>\n<li>Zerfleischen \/ Maul<\/li>\n<\/ul>\n<\/td>\n<\/tr>\n<tr>\n<td>Wirkung:<\/td>\n<td>Feuerschadens und<br>\nAngriffswertsboni<\/td>\n<\/tr>\n<tr>\n<td>Skillentwicklung:<\/td>\n<td>i<a href=\"https:\/\/planetdiablo.eu\/d2dbneu\/calcs\/skills\/d2r\/index.php?lang=de&amp;char=dru\">m Skill-Kalkulator ansehen<\/a><\/td>\n<\/tr>\n<tr>\n<td>Synergie:<\/td>\n<td>\n<ul type=\"disc\">\n<li>Felsenfeuer (+22% Schaden \/ LvL)<\/li>\n<li>Riss (+22% Feuerschaden \/ LvL)<\/li>\n<li>Vulkan (+22% Feuerschaden \/ LvL)<\/li>\n<li>Feuersturm (+22% Feuerschaden \/ LvL)<\/li>\n<\/ul>\n<\/td>\n<\/tr>\n<tr>\n<td>Casting Delay:<\/td>\n<td>keines<\/td>\n<\/tr>\n<\/tbody>\n<\/table>\n<h2 id=\"s8\">Hunger \/ Hunger<\/h2>\n<p><img loading=\"lazy\" decoding=\"async\" class=\"alignnone size-full wp-image-584722 alignleft\" src=\"https:\/\/planetdiablo.eu\/de\/wp-content\/uploads\/2022\/02\/D2R-Druid-hunger-pressed_klein.jpg\" alt=\"\" width=\"65\" height=\"65\"><\/p>\n<p><i>Saugt Leben ab.<\/i><\/p>\n<p>Die Natur gibt Leben, aber sie kann es auch nehmen. Wenn ein<br>\nDruide, der diese Fertigkeit anwendet, einen Gegner bei\u00dft, entzieht er diesem Gegner einen Teil seiner Lebensessenz und f\u00fcllt seine eigene damit auf. Leider wird der angerichtete Schaden dabei auch um 75% gesenkt.<\/p>\n<table>\n<tbody>\n<tr>\n<th colspan=\"2\">Skill-Details<\/th>\n<\/tr>\n<tr>\n<td>Art:<\/td>\n<td>Wandelform Nahkampf<br>\nSkill (Wolf und B\u00e4r)<\/td>\n<\/tr>\n<tr>\n<td>Voraussetzungen:<\/td>\n<td>\n<ul>\n<li>Charakterlevel: 24<\/li>\n<li>Werwolf \/ Werewolf<\/li>\n<li>Werb\u00e4r \/ Werebear<\/li>\n<li>Barbaren Wut \/ Feral Rage<\/li>\n<li>Zerfleischen \/ Maul<\/li>\n<li>Feuerklauen \/ Fire Claws<\/li>\n<\/ul>\n<\/td>\n<\/tr>\n<tr>\n<td>Wirkung:<\/td>\n<td>Angriffswertsbonus \/<br>\nSchadensmalus (75%) \/ Lebens und Manaabsaugung<\/td>\n<\/tr>\n<tr>\n<td>Skillentwicklung:<\/td>\n<td><a href=\"https:\/\/planetdiablo.eu\/d2dbneu\/calcs\/skills\/d2r\/index.php?lang=de&amp;char=dru\">im Skill-Kalkulator ansehen<\/a><\/td>\n<\/tr>\n<tr>\n<td>Synergie:<\/td>\n<td>keine<\/td>\n<\/tr>\n<tr>\n<td>Casting Delay:<\/td>\n<td>keines<\/td>\n<\/tr>\n<\/tbody>\n<\/table>\n<h2 id=\"s9\">Schockwelle \/<br>\nShock Wave<\/h2>\n<p><img loading=\"lazy\" decoding=\"async\" class=\"alignnone size-full wp-image-584758 alignleft\" src=\"https:\/\/planetdiablo.eu\/de\/wp-content\/uploads\/2022\/02\/D2R-Druid-shock-wave-pressed_klein.jpg\" alt=\"\" width=\"65\" height=\"65\"><\/p>\n<p><i>L\u00e4hmt die Gegner <\/i><\/p>\n<p>Mit einem ungeheueren Br\u00fcllen l\u00e4sst der Druide die Erde<br>\nerzittern und l\u00e4hmt alle Feinde in der Umgebung und macht sie handlungsunf\u00e4hig.<\/p>\n<table>\n<tbody>\n<tr>\n<th colspan=\"2\">Skill-Details<\/th>\n<\/tr>\n<tr>\n<td>Art:<\/td>\n<td>Wandelform<br>\nAngriffs Skill (B\u00e4r)<\/td>\n<\/tr>\n<tr>\n<td>Voraussetzungen:<\/td>\n<td>\n<ul>\n<li>Charakterlevel: 24<\/li>\n<li>Werb\u00e4r \/ Werebear<\/li>\n<li>Zerfleischen \/ Maul<\/li>\n<\/ul>\n<\/td>\n<\/tr>\n<tr>\n<td>Wirkung:<\/td>\n<td>L\u00e4hmt Gegner \/<br>\nFl\u00e4chenschaden<\/td>\n<\/tr>\n<tr>\n<td>Skillentwicklung:<\/td>\n<td>im Skill-Kalkulator ansehen<\/td>\n<\/tr>\n<tr>\n<td>Synergie:<\/td>\n<td>\n<ul type=\"disc\">\n<li>Zerfleischen (+5% Schaden \/ LvL)<\/li>\n<\/ul>\n<\/td>\n<\/tr>\n<tr>\n<td>Casting Delay:<\/td>\n<td>keines<\/td>\n<\/tr>\n<\/tbody>\n<\/table>\n<h2 id=\"s10\">Wut \/ Fury<\/h2>\n<p><img loading=\"lazy\" decoding=\"async\" class=\"alignnone size-full wp-image-584714 alignleft\" src=\"https:\/\/planetdiablo.eu\/de\/wp-content\/uploads\/2022\/02\/D2R-Druid-fury-pressed_klein.jpg\" alt=\"\" width=\"65\" height=\"65\"><\/p>\n<p><i>Verst\u00e4rkt Schaden und<br>\ngreift mehrmals an. <\/i><\/p>\n<p>Der Einsatz dieser Fertigkeit treibt den Druiden in blutr\u00fcnstige Raserei, so dass er viele Gegner mit beispielloser H\u00e4rte angreifen kann. Dies wirkt sich sowohl positiv auf den Schaden als auch auf den Angriffswert des Druiden aus.<\/p>\n<table>\n<tbody>\n<tr>\n<th colspan=\"2\">Skill-Details<\/th>\n<\/tr>\n<tr>\n<td>Art:<\/td>\n<td>Wandelform Nahkampf<br>\nSkill (Wolf)<\/td>\n<\/tr>\n<tr>\n<td>Voraussetzungen:<\/td>\n<td>\n<ul>\n<li>Charakterlevel: 30<\/li>\n<li>Werwolf \/ Werewolf<\/li>\n<li>Barbaren Wut \/ Feral Rage<\/li>\n<li>Tollwut \/ Rabies<\/li>\n<\/ul>\n<\/td>\n<\/tr>\n<tr>\n<td>Wirkung:<\/td>\n<td>mehrere Schl\u00e4ge \/<br>\nSchadens und Angriffswertsboni<\/td>\n<\/tr>\n<tr>\n<td>Skillentwicklung:<\/td>\n<td><a href=\"https:\/\/planetdiablo.eu\/d2dbneu\/calcs\/skills\/d2r\/index.php?lang=de&amp;char=dru\">im Skill-Kalkulator ansehen<\/a><\/td>\n<\/tr>\n<tr>\n<td>Synergie:<\/td>\n<td>keine<\/td>\n<\/tr>\n<tr>\n<td>Casting Delay:<\/td>\n<td>keines<\/td>\n<\/tr>\n<\/tbody>\n<\/table>\n<p>Siehe auch :<\/p>\n<ul>\n<li><a href=\"\/diablo-2\/die-charaktere\/der-druide\/druide\">Skill\u00fcbersicht Druide<\/a><\/li>\n<li><a href=\"\/diablo-2\/die-charaktere\/der-druide\/druide\/skilltree1\/\">Skilltree: Elementar Fertigkeiten<\/a><\/li>\n<li><a href=\"\/diablo-2\/die-charaktere\/der-druide\/druide\/skilltree3\/\">Skilltree: Herbeirufungs Fertigkeiten<\/a><\/li>\n<\/ul>\n<p><i>Inhalt von snowy22. Edited by RAMsesist.<\/i><\/p>\n<map name=\"jump\">\n<area alt=\"Werwolf \/ Werewolf\" coords=\"18, 15, 59, 57\" shape=\"RECT\" href=\"#s1\">\n<area alt=\"Lykanthropie \/ Lycanthropy\" coords=\"86, 15, 127, 57\" shape=\"RECT\" href=\"#s2\">\n<area alt=\"Werb\u00e4r \/ Werebear\" coords=\"155, 81, 196, 123\" shape=\"RECT\" href=\"#s3\">\n<area alt=\"Barbaren Wut \/ Feral Rage\" coords=\"19, 151, 60, 192\" shape=\"RECT\" href=\"#s4\">\n<area alt=\"Zerfleischen \/ Maul\" coords=\"157, 152, 198, 194\" shape=\"RECT\" href=\"#s5\">\n<area alt=\"Tollwut \/ Rabies\" coords=\"16, 220, 57, 262\" shape=\"RECT\" href=\"#s6\">\n<area alt=\"Feuerklauen \/ Fire Claws\" coords=\"88, 220, 129, 261\" shape=\"RECT\" href=\"#s7\">\n<area alt=\"Hunger \/ Hunger\" coords=\"85, 288, 126, 331\" shape=\"RECT\" href=\"#s8\">\n<area alt=\"Schockwelle \/ Shock Wave\" coords=\"156, 288, 197, 330\" shape=\"RECT\" href=\"#s9\">\n<area alt=\"Wut \/ Fury\" coords=\"16, 357, 57, 399\" shape=\"RECT\" href=\"#s10\">\n <\/map>","protected":false},"excerpt":{"rendered":"<p>Diese Skillbeschreibungen sind f\u00fcr D2 wie D2R gleichermassen n\u00fctzlich. Verlinkt ist jedoch auf den D2R-Skillcalculator weil wesentlich mehr Leute D2R spielen als D2 Legacy. Wer die Skillentwicklung in D2 Legacy verfolgen will, nimmt statt dessen diesen Link zum D2 LoD (Legacy) Calc. Werwolf \/ Werewolf Lykanthropie \/ Lycanthropy Werb\u00e4r \/ Werebear Barbaren Wut \/ Feral&hellip; <a class=\"more-link\" href=\"https:\/\/planetdiablo.eu\/de\/diablo-2\/die-charaktere\/der-druide\/druide\/skilltree2\/\"><span class=\"screen-reader-text\">Diablo 2 &#8211; Gestaltwandlungs-Fertigkeiten des Druiden<\/span> weiterlesen<\/a><\/p>\n","protected":false},"author":748,"featured_media":0,"parent":559075,"menu_order":0,"comment_status":"closed","ping_status":"open","template":"","meta":{"footnotes":""},"class_list":["post-559631","page","type-page","status-publish","hentry","entry"],"_links":{"self":[{"href":"https:\/\/planetdiablo.eu\/de\/wp-json\/wp\/v2\/pages\/559631","targetHints":{"allow":["GET"]}}],"collection":[{"href":"https:\/\/planetdiablo.eu\/de\/wp-json\/wp\/v2\/pages"}],"about":[{"href":"https:\/\/planetdiablo.eu\/de\/wp-json\/wp\/v2\/types\/page"}],"author":[{"embeddable":true,"href":"https:\/\/planetdiablo.eu\/de\/wp-json\/wp\/v2\/users\/748"}],"replies":[{"embeddable":true,"href":"https:\/\/planetdiablo.eu\/de\/wp-json\/wp\/v2\/comments?post=559631"}],"version-history":[{"count":6,"href":"https:\/\/planetdiablo.eu\/de\/wp-json\/wp\/v2\/pages\/559631\/revisions"}],"predecessor-version":[{"id":586706,"href":"https:\/\/planetdiablo.eu\/de\/wp-json\/wp\/v2\/pages\/559631\/revisions\/586706"}],"up":[{"embeddable":true,"href":"https:\/\/planetdiablo.eu\/de\/wp-json\/wp\/v2\/pages\/559075"}],"wp:attachment":[{"href":"https:\/\/planetdiablo.eu\/de\/wp-json\/wp\/v2\/media?parent=559631"}],"curies":[{"name":"wp","href":"https:\/\/api.w.org\/{rel}","templated":true}]}}