{"id":559635,"date":"2014-06-29T02:39:41","date_gmt":"2014-06-29T00:39:41","guid":{"rendered":"http:\/\/diablo3.ingame.de\/?page_id=559635"},"modified":"2023-02-24T16:36:23","modified_gmt":"2023-02-24T14:36:23","slug":"skilltree3","status":"publish","type":"page","link":"https:\/\/planetdiablo.eu\/de\/diablo-2\/die-charaktere\/der-druide\/druide\/skilltree3\/","title":{"rendered":"Diablo 2 &#8211; Herbeirufungs-Fertigkeiten des Druiden"},"content":{"rendered":"\n<p>Diese Skillbeschreibungen sind f\u00fcr D2 wie D2R gleichermassen n\u00fctzlich. Verlinkt ist jedoch auf den D2R-Skillcalculator weil wesentlich mehr Leute D2R spielen als D2 Legacy. Wer die Skillentwicklung in D2 Legacy verfolgen will, nimmt statt dessen diesen Link zum <a href=\"https:\/\/planetdiablo.eu\/diablo2\/calcs\/skills\/110\/index.php?char=dru&amp;lang=de\">D2 LoD (Legacy) Calc<\/a>.<\/p>\n\n\n<p><img decoding=\"async\" style=\"float: left!important; margin-right: 25px;\" src=\"\/wp-content\/uploads\/2014\/06\/herbei_dru.jpg\" alt=\"Skilltree Herbeirufung Fertigkeiten\" usemap=\"#jump\" border=\"0\"><\/p>\n<ul>\n<li><a href=\"#s1\">Rabe \/ Raven<\/a><\/li>\n<li><a href=\"#s2\">Gift Kriecher \/ Poison Creeper<\/a><\/li>\n<li><a href=\"#s3\">Eichbaum Weiser \/ Oak Sage<\/a><\/li>\n<li><a href=\"#s4\">Geister Wolf \/ Summon Spirit Wolf<\/a><\/li>\n<li><a href=\"#s5\">Aasranke \/ Carrion Vine<\/a><\/li>\n<li><a href=\"#s6\">Herz des Wiesels \/ Heart of Wolverine<\/a><\/li>\n<li><a href=\"#s7\">Wolf des Entsetzen \/ Summon Dire Wolf<\/a><\/li>\n<li><a href=\"#s8\">Sonnenkriecher \/ Solar Creeper<\/a><\/li>\n<li><a href=\"#s9\">Dornengeist \/ Spirit of Barbs<\/a><\/li>\n<li><a href=\"#s10\">Grizzly \/ Summon Grizzly<\/a><\/li>\n<\/ul>\n<div style=\"clear: both;\">&nbsp;<\/div>\n<h2 id=\"s1\">Rabe \/ Raven<\/h2>\n<p><img loading=\"lazy\" decoding=\"async\" class=\"alignnone size-full wp-image-584754 alignleft\" src=\"https:\/\/planetdiablo.eu\/de\/wp-content\/uploads\/2022\/02\/D2R-Druid-raven-pressed_klein.jpg\" alt=\"\" width=\"65\" height=\"65\"><\/p>\n<p><i>Erzeugt Raben. <\/i><\/p>\n<p>Mit ausreichend Training in dieser Fertigkeit kann ein Druide<br>einen Schwarm Raben herbeirufen, die jeden GGegne erbittert mit messerscharfen Klauen angreifen, und den Gegner blenden.<\/p>\n<table>\n<tbody>\n<tr>\n<th colspan=\"2\">Skill-Details<\/th>\n<\/tr>\n<tr>\n<td>Art:<\/td>\n<td>Herbeirufungs<br>Skill<\/td>\n<\/tr>\n<tr>\n<td>Voraussetzungen:<\/td>\n<td>\n<ul>\n<li>Charakterlevel: 1<\/li>\n<li>Skills: Keine<\/li>\n<\/ul>\n<\/td>\n<\/tr>\n<tr>\n<td>Wirkung:<\/td>\n<td>Herbeirufung eines Raben<\/td>\n<\/tr>\n<tr>\n<td>Skillentwicklung:<\/td>\n<td><a href=\"https:\/\/planetdiablo.eu\/d2dbneu\/calcs\/skills\/d2r\/index.php?lang=de&amp;char=dru\">im Skill-Kalkulator ansehen<\/a><\/td>\n<\/tr>\n<tr>\n<td>Synergie:<\/td>\n<td>keine<\/td>\n<\/tr>\n<tr>\n<td>Casting Delay:<\/td>\n<td>keines<\/td>\n<\/tr>\n<\/tbody>\n<\/table>\n<h2 id=\"s2\">Gift Kriecher \/<br>Poison Creeper<\/h2>\n<p><img loading=\"lazy\" decoding=\"async\" class=\"alignnone size-full wp-image-584746 alignleft\" src=\"https:\/\/planetdiablo.eu\/de\/wp-content\/uploads\/2022\/02\/D2R-Druid-poison-creeper-pressed_klein.jpg\" alt=\"\" width=\"65\" height=\"65\"><\/p>\n<p><i>Erzeugt eine Ranke.<\/i><\/p>\n<p>Diese intelligenten Ranken sind subtilere Verb\u00fcndete.<br>Sie wandern durch den Boden und vergiften mir ihren<br>spitzen Dornen jeden Gegner, mit dem sie in Kontakt<br>kommen. Man kann immer nur eine Ranke benutzen!<\/p>\n<table>\n<tbody>\n<tr>\n<th colspan=\"2\">Skill-Details<\/th>\n<\/tr>\n<tr>\n<td>Art:<\/td>\n<td>Herbeirufungs<br>Skill<\/td>\n<\/tr>\n<tr>\n<td>Voraussetzungen:<\/td>\n<td>\n<ul>\n<li>Charakterlevel: 1<\/li>\n<li>Skills: Keine<\/li>\n<\/ul>\n<\/td>\n<\/tr>\n<tr>\n<td>Wirkung:<\/td>\n<td>Herbeirufung einer Ranke<br>\/ Giftschaden<\/td>\n<\/tr>\n<tr>\n<td>Skillentwicklung:<\/td>\n<td><a href=\"https:\/\/planetdiablo.eu\/d2dbneu\/calcs\/skills\/d2r\/index.php?lang=de&amp;char=dru\">im Skill-Kalkulator ansehen<\/a><\/td>\n<\/tr>\n<tr>\n<td>Synergie:<\/td>\n<td>keine<\/td>\n<\/tr>\n<tr>\n<td>Casting Delay:<\/td>\n<td>keines<\/td>\n<\/tr>\n<\/tbody>\n<\/table>\n<h2 id=\"s3\">Eichbaum Weiser<br>\/ Oak Sage<\/h2>\n<p><img loading=\"lazy\" decoding=\"async\" class=\"alignnone size-full wp-image-584742\" src=\"https:\/\/planetdiablo.eu\/de\/wp-content\/uploads\/2022\/02\/D2R-Druid-oak-sage-pressed_klein.jpg\" alt=\"\" width=\"65\" height=\"65\"> <i>Erzeugt einen Geist. <\/i><\/p>\n<p>Der Druide wendet diese Fertigkeit an, um einen hilfreichen<br>Geist der Natur herbeizurufen, der sein Wohlbefinden und<br>die Gesundheit seiner Gef\u00e4hrten verbessert. Auf diese<br>Weise erh\u00f6hen sich die Lebenspunkte aller nahen<br>Partymitglieder. Man kann immer nur einen Geist<br>herbeirufen!<\/p>\n<table>\n<tbody>\n<tr>\n<th colspan=\"2\">Skill-Details<\/th>\n<\/tr>\n<tr>\n<td>Art:<\/td>\n<td>Herbeirufungs<br>Skill<\/td>\n<\/tr>\n<tr>\n<td>Voraussetzungen:<\/td>\n<td>\n<ul>\n<li>Charakterlevel: 6<\/li>\n<li>Skills: Keine<\/li>\n<\/ul>\n<\/td>\n<\/tr>\n<tr>\n<td>Wirkung:<\/td>\n<td>Herbeirufung eines<br>Geists \/ erh\u00f6ht Leben der Partymitglieder<\/td>\n<\/tr>\n<tr>\n<td>Skillentwicklung:<\/td>\n<td><a href=\"https:\/\/planetdiablo.eu\/d2dbneu\/calcs\/skills\/d2r\/index.php?lang=de&amp;char=dru\">im Skill-Kalkulator ansehen<\/a><\/td>\n<\/tr>\n<tr>\n<td>Synergie:<\/td>\n<td>keine<\/td>\n<\/tr>\n<tr>\n<td>Casting Delay:<\/td>\n<td>keines<\/td>\n<\/tr>\n<\/tbody>\n<\/table>\n<h2 id=\"s4\">Geister Wolf \/<br>Summon Spirit Wolf<\/h2>\n<p><img loading=\"lazy\" decoding=\"async\" class=\"alignnone size-full wp-image-584778 alignleft\" src=\"https:\/\/planetdiablo.eu\/de\/wp-content\/uploads\/2022\/02\/D2R-Druid-summon-spirit-wolf-pressed_klein.jpg\" alt=\"\" width=\"65\" height=\"65\"><\/p>\n<p><i>Der Druide kann W\u00f6lfe<br>erschaffen.<br><\/i>Dieses Geschenk der Natur erm\u00f6glicht dem<br>Druiden, einen oder mehrere W\u00f6lfe als Verb\u00fcndete zu<br>rufen, damit sie mit ihren mystischen Kr\u00e4ften als<br>m\u00e4chtige und tapfere Unterst\u00fctzung dienen.<br>Gleichzeitige Herberufung von W\u00f6lfen und B\u00e4r ist nicht<br>m\u00f6glich!<\/p>\n<table>\n<tbody>\n<tr>\n<th colspan=\"2\">Skill-Details<\/th>\n<\/tr>\n<tr>\n<td>Art:<\/td>\n<td>Herbeirufungs<br>Skill<\/td>\n<\/tr>\n<tr>\n<td>Voraussetzungen:<\/td>\n<td>\n<ul>\n<li>Charakterlevel: 6<\/li>\n<li>Rabe \/ Raven<\/li>\n<\/ul>\n<\/td>\n<\/tr>\n<tr>\n<td>Wirkung:<\/td>\n<td>Herbeirufung eines<br>Wolfes<\/td>\n<\/tr>\n<tr>\n<td>Skillentwicklung:<\/td>\n<td><a href=\"https:\/\/planetdiablo.eu\/d2dbneu\/calcs\/skills\/d2r\/index.php?lang=de&amp;char=dru\">im Skill-Kalkulator ansehen<\/a><\/td>\n<\/tr>\n<tr>\n<td>Synergie:<\/td>\n<td>keine<\/td>\n<\/tr>\n<tr>\n<td>Casting Delay:<\/td>\n<td>keines<\/td>\n<\/tr>\n<\/tbody>\n<\/table>\n<h2 id=\"s5\">Aasranke \/<br>Carrion Vine<\/h2>\n<p><img loading=\"lazy\" decoding=\"async\" class=\"alignnone size-full wp-image-584690 alignleft\" src=\"https:\/\/planetdiablo.eu\/de\/wp-content\/uploads\/2022\/02\/D2R-Druid-carrion-vine-pressed_klein.jpg\" alt=\"\" width=\"65\" height=\"65\"><\/p>\n<p><i>Erzeugt eine Ranke. <\/i><\/p>\n<p>Die denkende Pflanze, die durch diese Fertigkeit gerufen<br>wird, zieht die Leichen ihrer Feinde ins Erdreich, wo sie<br>sie rasch zersetzt und ihre Lebensenergie dem Druiden spendet, der sie gerufen hat. Man kann immer nur eine Ranke benutzen!<\/p>\n<p><i>&nbsp;<\/i><\/p>\n<table>\n<tbody>\n<tr>\n<th colspan=\"2\">Skill-Details<\/th>\n<\/tr>\n<tr>\n<td>Art:<\/td>\n<td>Herbeirufungs<br>Skill<\/td>\n<\/tr>\n<tr>\n<td>Voraussetzungen:<\/td>\n<td>\n<ul>\n<li>Charakterlevel: 12<\/li>\n<li>Giftkriecher \/ Poison Creeper<\/li>\n<\/ul>\n<\/td>\n<\/tr>\n<tr>\n<td>Wirkung:<\/td>\n<td>Herbeirufung einer Ranke<br>\/ regeneriert einen Teil des Lebens, gemessen am maximalen Leben des Chars<\/td>\n<\/tr>\n<tr>\n<td>Skillentwicklung:<\/td>\n<td><a href=\"https:\/\/planetdiablo.eu\/d2dbneu\/calcs\/skills\/d2r\/index.php?lang=de&amp;char=dru\">im Skill-Kalkulator ansehen<\/a><\/td>\n<\/tr>\n<tr>\n<td>Synergie:<\/td>\n<td>keine<\/td>\n<\/tr>\n<tr>\n<td>Casting Delay:<\/td>\n<td>keines<\/td>\n<\/tr>\n<\/tbody>\n<\/table>\n<h2 id=\"s6\">Herz des<br>Wiesels \/ Heart of Wolverine<\/h2>\n<p><img loading=\"lazy\" decoding=\"async\" class=\"alignnone size-full wp-image-584718 alignleft\" src=\"https:\/\/planetdiablo.eu\/de\/wp-content\/uploads\/2022\/02\/D2R-Druid-heart-of-wolverine-pressed_klein.jpg\" alt=\"\" width=\"65\" height=\"65\"><\/p>\n<p><i>Erzeugt einen Geist. <\/i><\/p>\n<p>Diese Fertigkeit gew\u00e4hrt dem Druiden das Wissen, das<br>erforderlich ist, um einen Geist herbeizurufen, der sein<br>Geschick im Kampf und das einer Party verbessert. Dadurch<br>wird der Schaden und Angriffswert aller nahen Partymitglieder erh\u00f6ht. Man kann immer nur einen GeGei herbeirufen!<\/p>\n<table>\n<tbody>\n<tr>\n<th colspan=\"2\">Skill-Details<\/th>\n<\/tr>\n<tr>\n<td>Art:<\/td>\n<td>Herbeirufungs<br>Skill<\/td>\n<\/tr>\n<tr>\n<td>Voraussetzungen:<\/td>\n<td>\n<ul>\n<li>Charakterlevel: 18<\/li>\n<li>Eichbaum Weiser \/ Oak Sage<\/li>\n<\/ul>\n<\/td>\n<\/tr>\n<tr>\n<td>Wirkung:<\/td>\n<td>Herbeirufung eines<br>Geistes \/ Erh\u00f6ht Schaden und Angriffswert der<br>Partymitglieder<\/td>\n<\/tr>\n<tr>\n<td>Skillentwicklung:<\/td>\n<td><a href=\"https:\/\/planetdiablo.eu\/d2dbneu\/calcs\/skills\/d2r\/index.php?lang=de&amp;char=dru\">im Skill-Kalkulator ansehen<\/a><\/td>\n<\/tr>\n<tr>\n<td>Synergie:<\/td>\n<td>keine<\/td>\n<\/tr>\n<tr>\n<td>Casting Delay:<\/td>\n<td>keines<\/td>\n<\/tr>\n<\/tbody>\n<\/table>\n<h2 id=\"s7\">Wolf des<br>Entsetzens \/ Summon Dire Wolf<\/h2>\n<p><img loading=\"lazy\" decoding=\"async\" class=\"alignnone size-full wp-image-584770 alignleft\" src=\"https:\/\/planetdiablo.eu\/de\/wp-content\/uploads\/2022\/02\/D2R-Druid-summon-dire-wolf-pressed_klein.jpg\" alt=\"\" width=\"65\" height=\"65\"><\/p>\n<p><i>Der Druide kann m\u00e4chtige<br>W\u00f6lfe erschaffen. <\/i><\/p>\n<p>Dieser Segen der Natur verleiht<br>dem Druiden die F\u00e4higkeit, mehrere gro\u00dfe W\u00f6lfe<br>herbeizurufen. Der Wolf ist ohnehin schon ein tapferer<br>K\u00e4mpfer, doch seine Tapferkeit nimmt noch zu, wenn er<br>besiegte Widersacher verzehrt. Gleichzeitige Herberufung<br>von W\u00f6lfen und B\u00e4r ist nicht m\u00f6glich!<\/p>\n<table>\n<tbody>\n<tr>\n<th colspan=\"2\">Skill-Details<\/th>\n<\/tr>\n<tr>\n<td>Art:<\/td>\n<td>Herbeirufungs<br>Skill<\/td>\n<\/tr>\n<tr>\n<td>Voraussetzungen:<\/td>\n<td>\n<ul>\n<li>Charakterlevel: 18<\/li>\n<li>Rabe \/ Raven<\/li>\n<li>Geisterwolf \/ Summon Spirit Wolf<\/li>\n<li>Eichbaum Weiser \/ Oak Sage<\/li>\n<\/ul>\n<\/td>\n<\/tr>\n<tr>\n<td>Wirkung:<\/td>\n<td>Herbeirufung eines<br>Wolfes<\/td>\n<\/tr>\n<tr>\n<td>Skillentwicklung:<\/td>\n<td><a href=\"https:\/\/planetdiablo.eu\/d2dbneu\/calcs\/skills\/d2r\/index.php?lang=de&amp;char=dru\">im Skill-Kalkulator ansehen<\/a><\/td>\n<\/tr>\n<tr>\n<td>Synergie:<\/td>\n<td>keine<\/td>\n<\/tr>\n<tr>\n<td>Casting Delay:<\/td>\n<td>keines<\/td>\n<\/tr>\n<\/tbody>\n<\/table>\n<h2 id=\"s8\">Sonnenkriecher<br>\/ Solar Creeper<\/h2>\n<p><img loading=\"lazy\" decoding=\"async\" class=\"alignnone size-full wp-image-584762 alignleft\" src=\"https:\/\/planetdiablo.eu\/de\/wp-content\/uploads\/2022\/02\/D2R-Druid-solar-creeper-pressed_klein.jpg\" alt=\"\" width=\"65\" height=\"65\"><\/p>\n<p><i>Erzeugt eine Ranke. <\/i><\/p>\n<p>Diese Fertigkeit ruft eine intelligente Pflanze herbei, die<br>gefallene Feinde tief ins Erdreich zieht, wo sie ihre<br>spirituelle Essenz aussaugt und dem Druiden verleiht, der sie beschworen hat.<\/p>\n<table>\n<tbody>\n<tr>\n<th colspan=\"2\">Skill-Details<\/th>\n<\/tr>\n<tr>\n<td>Art:<\/td>\n<td>Herbeirufungs<br>Skill<\/td>\n<\/tr>\n<tr>\n<td>Voraussetzungen:<\/td>\n<td>\n<ul>\n<li>Charakterlevel: 24<\/li>\n<li>Giftkriecher \/ Poison Creeper<\/li>\n<li>Aasranke \/ Carrion Vine<\/li>\n<\/ul>\n<\/td>\n<\/tr>\n<tr>\n<td>Wirkung:<\/td>\n<td>Herbeirufung einer Ranke<br>\/ regeneriert einen Teil des Manas, gemessen am maximalen Mana des Chars<\/td>\n<\/tr>\n<tr>\n<td>Skillentwicklung:<\/td>\n<td><a href=\"https:\/\/planetdiablo.eu\/d2dbneu\/calcs\/skills\/d2r\/index.php?lang=de&amp;char=dru\">im Skill-Kalkulator ansehen<\/a><\/td>\n<\/tr>\n<tr>\n<td>Synergie:<\/td>\n<td>keine<\/td>\n<\/tr>\n<tr>\n<td>Casting Delay:<\/td>\n<td>keines<\/td>\n<\/tr>\n<\/tbody>\n<\/table>\n<h2 id=\"s9\">Dornengeist \/<br>Spirit of Barbs<\/h2>\n<p><img loading=\"lazy\" decoding=\"async\" class=\"alignnone size-full wp-image-584766 alignleft\" src=\"https:\/\/planetdiablo.eu\/de\/wp-content\/uploads\/2022\/02\/D2R-Druid-spirit-of-barbs-pressed_klein.jpg\" alt=\"\" width=\"65\" height=\"65\"><\/p>\n<p><i>Erzeugt einen Geist. <\/i><\/p>\n<p>Der Geist, der durch diese Fertigkeit beschworen wird,<br>schenkt dem Druiden und seinen Begleitern die mystische<br>F\u00e4higkeit, Schaden auf die Gegner zur\u00fcckzuspiegeln, die ihn verursacht haben. Man kann immer nur einen GeGei herbeirufen!<\/p>\n<table>\n<tbody>\n<tr>\n<th colspan=\"2\">Skill-Details<\/th>\n<\/tr>\n<tr>\n<td>Art:<\/td>\n<td>Herbeirufungs<br>Skill<\/td>\n<\/tr>\n<tr>\n<td>Voraussetzungen:<\/td>\n<td>\n<ul>\n<li>Charakterlevel: 30<\/li>\n<li>Eichbaum Weiser \/ Oak Sage<\/li>\n<li>Herz des Wiesels \/ Heart of the Wolverine<\/li>\n<\/ul>\n<\/td>\n<\/tr>\n<tr>\n<td>Wirkung:<\/td>\n<td>physischer Schaden wird<br>auf den Angreifer zur\u00fcckgeworfen<\/td>\n<\/tr>\n<tr>\n<td>Skillentwicklung:<\/td>\n<td><a href=\"https:\/\/planetdiablo.eu\/d2dbneu\/calcs\/skills\/d2r\/index.php?lang=de&amp;char=dru\">im Skill-Kalkulator ansehen<\/a><\/td>\n<\/tr>\n<tr>\n<td>Synergie:<\/td>\n<td>keine<\/td>\n<\/tr>\n<tr>\n<td>Casting Delay:<\/td>\n<td>keines<\/td>\n<\/tr>\n<\/tbody>\n<\/table>\n<h2 id=\"s10\">Grizzly \/<br>Summon Grizzly<\/h2>\n<p><i><img loading=\"lazy\" decoding=\"async\" class=\"alignnone size-full wp-image-584774\" src=\"https:\/\/planetdiablo.eu\/de\/wp-content\/uploads\/2022\/02\/D2R-Druid-summon-grizzly-pressed_klein.jpg\" alt=\"\" width=\"65\" height=\"65\">Der Druide kann einen B\u00e4r herbeirufen. <\/i><\/p>\n<p>Dieser Segen gew\u00e4hrt dem Druiden<br>die Unterst\u00fctzung durch einen gewaltigen wilden B\u00e4ren<br>mit riesigen Klauen und enormen Fangz\u00e4hnen, der mit<br>schrecklicher Kraft und beispielloser Raserei an seiner<br>Seite k\u00e4mpft. Gleichzeitige Herberufung von W\u00f6lfen und<br>B\u00e4r ist nicht m\u00f6glich!<\/p>\n<table>\n<tbody>\n<tr>\n<th colspan=\"2\">Skill-Details<\/th>\n<\/tr>\n<tr>\n<td>Art:<\/td>\n<td>Herbeirufungs<br>Skill<\/td>\n<\/tr>\n<tr>\n<td>Voraussetzungen:<\/td>\n<td>\n<ul>\n<li>Charakterlevel: 30<\/li>\n<li>Rabe \/ Raven<\/li>\n<li>Geisterwolf \/ Summon Spirit Wolf<\/li>\n<li>Eichbaum Weiser \/ Oak Sage<\/li>\n<li>Wolf des Entsetzens \/ Summon Dire Wolf<\/li>\n<\/ul>\n<\/td>\n<\/tr>\n<tr>\n<td>Wirkung:<\/td>\n<td>Herbeirufung eines<br>Grizzlys<\/td>\n<\/tr>\n<tr>\n<td>Skillentwicklung:<\/td>\n<td><a href=\"https:\/\/planetdiablo.eu\/d2dbneu\/calcs\/skills\/d2r\/index.php?lang=de&amp;char=dru\">im Skill-Kalkulator ansehen<\/a><\/td>\n<\/tr>\n<tr>\n<td>Synergie:<\/td>\n<td>keine<\/td>\n<\/tr>\n<tr>\n<td>Casting Delay:<\/td>\n<td>keines<\/td>\n<\/tr>\n<\/tbody>\n<\/table>\n<p>Siehe auch :<\/p>\n<ul>\n<li><a href=\"https:\/\/planetdiablo.eu\/diablo-2\/die-charaktere\/der-druide\/druide\/\">Skill\u00fcbersicht Druide<\/a><\/li>\n<li><a href=\"https:\/\/planetdiablo.eu\/diablo-2\/die-charaktere\/der-druide\/druide\/skilltree1\/\">Skilltree: Elementar Fertigkeiten<\/a><\/li>\n<li><a href=\"https:\/\/planetdiablo.eu\/diablo-2\/die-charaktere\/der-druide\/druide\/skilltree2\/\" data-wplink-edit=\"true\">Skilltree: Gestaltwandeln Fertigkeiten<\/a><\/li>\n<\/ul>\n<p><i>Inhalt von snowy22. Edited by RAMsesist.<\/i><\/p>\n<map name=\"jump\">\n<area alt=\"Rabe \/ Raven\" coords=\"85, 17, 126, 59\" shape=\"RECT\" href=\"#s1\">\n<area alt=\"Gift Kriecher \/ Poison Creeper\" coords=\"156, 17, 197, 59\" shape=\"RECT\" href=\"#s2\">\n<area alt=\"Eichbaum Weiser \/ Oak Sage\" coords=\"17, 85, 58, 127\" shape=\"RECT\" href=\"#s3\">\n<area alt=\"Geister Wolf \/ Summon Spirit Wolf\" coords=\"87, 86, 128, 127\" shape=\"RECT\" href=\"#s4\">\n<area alt=\"Aasranke \/ Carrion Vine\" coords=\"157, 152, 198, 194\" shape=\"RECT\" href=\"#s5\">\n<area alt=\"Herz des Wiesels \/ Heart of Wolverine\" coords=\"18, 223, 59, 265\" shape=\"RECT\" href=\"#s6\">\n<area alt=\"Wolf des Entsetzen \/ Summon Dire Wolf\" coords=\"86, 224, 127, 265\" shape=\"RECT\" href=\"#s7\">\n<area alt=\"Sonnenkriecher \/ Solar Creeper\" coords=\"155, 290, 196, 333\" shape=\"RECT\" href=\"#s8\">\n<area alt=\"Dornengeist \/ Spirit of Barbs\" coords=\"19, 357, 60, 399\" shape=\"RECT\" href=\"#s9\">\n<area alt=\"Grizzly \/ Summon Grizzly\" coords=\"88, 357, 129, 399\" shape=\"RECT\" href=\"#s10\">\n <\/map>\n<p><\/p>","protected":false},"excerpt":{"rendered":"<p>Diese Skillbeschreibungen sind f\u00fcr D2 wie D2R gleichermassen n\u00fctzlich. Verlinkt ist jedoch auf den D2R-Skillcalculator weil wesentlich mehr Leute D2R spielen als D2 Legacy. Wer die Skillentwicklung in D2 Legacy verfolgen will, nimmt statt dessen diesen Link zum D2 LoD (Legacy) Calc. Rabe \/ Raven Gift Kriecher \/ Poison Creeper Eichbaum Weiser \/ Oak Sage&hellip; <a class=\"more-link\" href=\"https:\/\/planetdiablo.eu\/de\/diablo-2\/die-charaktere\/der-druide\/druide\/skilltree3\/\"><span class=\"screen-reader-text\">Diablo 2 &#8211; Herbeirufungs-Fertigkeiten des Druiden<\/span> weiterlesen<\/a><\/p>\n","protected":false},"author":748,"featured_media":0,"parent":559075,"menu_order":0,"comment_status":"open","ping_status":"open","template":"","meta":{"footnotes":""},"class_list":["post-559635","page","type-page","status-publish","hentry","entry"],"_links":{"self":[{"href":"https:\/\/planetdiablo.eu\/de\/wp-json\/wp\/v2\/pages\/559635","targetHints":{"allow":["GET"]}}],"collection":[{"href":"https:\/\/planetdiablo.eu\/de\/wp-json\/wp\/v2\/pages"}],"about":[{"href":"https:\/\/planetdiablo.eu\/de\/wp-json\/wp\/v2\/types\/page"}],"author":[{"embeddable":true,"href":"https:\/\/planetdiablo.eu\/de\/wp-json\/wp\/v2\/users\/748"}],"replies":[{"embeddable":true,"href":"https:\/\/planetdiablo.eu\/de\/wp-json\/wp\/v2\/comments?post=559635"}],"version-history":[{"count":7,"href":"https:\/\/planetdiablo.eu\/de\/wp-json\/wp\/v2\/pages\/559635\/revisions"}],"predecessor-version":[{"id":586702,"href":"https:\/\/planetdiablo.eu\/de\/wp-json\/wp\/v2\/pages\/559635\/revisions\/586702"}],"up":[{"embeddable":true,"href":"https:\/\/planetdiablo.eu\/de\/wp-json\/wp\/v2\/pages\/559075"}],"wp:attachment":[{"href":"https:\/\/planetdiablo.eu\/de\/wp-json\/wp\/v2\/media?parent=559635"}],"curies":[{"name":"wp","href":"https:\/\/api.w.org\/{rel}","templated":true}]}}