{"id":559641,"date":"2014-06-29T02:45:49","date_gmt":"2014-06-29T00:45:49","guid":{"rendered":"http:\/\/diablo3.ingame.de\/?page_id=559641"},"modified":"2023-02-28T09:57:48","modified_gmt":"2023-02-28T07:57:48","slug":"skilltree1","status":"publish","type":"page","link":"https:\/\/planetdiablo.eu\/de\/diablo-2\/die-charaktere\/der-totenbeschworer\/necromancer\/skilltree1\/","title":{"rendered":"Diablo 2 &#8211; Fl\u00fcche des Totenbeschw\u00f6rers"},"content":{"rendered":"\n<p>Diese Skillbeschreibungen sind f\u00fcr D2 wie D2R gleichermassen n\u00fctzlich. Verlinkt ist jedoch auf den D2R-Skillcalculator weil wesentlich mehr Leute D2R spielen als D2 Legacy. Wer die Skillentwicklung in D2 Legacy verfolgen will, nimmt statt dessen diesen Link zum <a href=\"https:\/\/planetdiablo.eu\/diablo2\/calcs\/skills\/110\/index.php?char=nec&amp;lang=de\">D2 LoD (Legacy) Calc<\/a>.<\/p>\n\n\n<p><img decoding=\"async\" style=\"float: left!important; margin-right: 25px;\" src=\"\/wp-content\/uploads\/2014\/06\/tree1_nec.jpg\" alt=\"Skilltree Curses\" usemap=\"#jump\" border=\"0\" \/><\/p>\n<ul>\n<li><a href=\"#s1\">Verst\u00e4rkter Schaden \/ Amplify Damage<\/a><\/li>\n<li><a href=\"#s2\">Schwache Sicht \/ Dim Vision<\/a><\/li>\n<li><a href=\"#s3\">Schw\u00e4chen \/ Weaken<\/a><\/li>\n<li><a href=\"#s4\">Eiserne Jungfrau \/ Iron Maiden<\/a><\/li>\n<li><a href=\"#s5\">Terror<\/a><\/li>\n<li><a href=\"#s6\">Verwirren \/ Confuse<\/a><\/li>\n<li><a href=\"#s7\">Leben-Spender \/ Life Tap<\/a><\/li>\n<li><a href=\"#s8\">Mittelpunkt \/ Attract<\/a><\/li>\n<li><a href=\"#s9\">Altern \/ Decrepify<\/a><\/li>\n<li><a href=\"#s10\">Widerstandsschwund \/ Lower Resist<\/a><\/li>\n<\/ul>\n<div style=\"clear: both;\">\u00a0<\/div>\n<p><span style=\"color: #800000;\">Stand: Patch 2.6<\/span><\/p>\n<h2 id=\"s1\">Verst\u00e4rkter Schaden \/ Amplify<br \/>Damage<\/h2>\n<p><img loading=\"lazy\" decoding=\"async\" class=\"alignnone size-full wp-image-584802 alignleft\" src=\"https:\/\/planetdiablo.eu\/de\/wp-content\/uploads\/2022\/02\/D2R-Necromancer-amplify-damage-pressed_klein.jpg\" alt=\"\" width=\"65\" height=\"65\" \/><\/p>\n<p><i>Erh\u00f6hte Schadenswirkung.<\/i><\/p>\n<p>Ein sehr n\u00fctzlicher Fluch, der den physischen Schaden<br \/>erh\u00f6ht, indem er die Resistenz gegen\u00fcber diesem um 100%<br \/>senkt. Schon mit dem ersten Skillpunkt entfacht der Fluch<br \/>seine volle Wirkung. Zus\u00e4tzliche Punkte lassen den Fluch<br \/>l\u00e4nger und mit gr\u00f6sserem Radius wirken.<\/p>\n<table>\n<tbody>\n<tr>\n<th colspan=\"2\">Skill-Details<\/th>\n<\/tr>\n<tr>\n<td>Art:<\/td>\n<td>Fluch Skill<\/td>\n<\/tr>\n<tr>\n<td>Voraussetzungen:<\/td>\n<td>\n<ul>\n<li>Charakterlevel: 1<\/li>\n<li>Skills: Keine<\/li>\n<\/ul>\n<\/td>\n<\/tr>\n<tr>\n<td>Wirkung:<\/td>\n<td>Senkt physische<br \/>Resistenz des Gegners um 100%<\/td>\n<\/tr>\n<tr>\n<td>Skillentwicklung:<\/td>\n<td><a href=\"https:\/\/planetdiablo.eu\/d2dbneu\/calcs\/skills\/d2r\/index.php?lang=de&amp;char=nec&amp;lang=de\">im Skill-Kalkulator ansehen<\/a><\/td>\n<\/tr>\n<tr>\n<td>Synergie:<\/td>\n<td>keine<\/td>\n<\/tr>\n<tr>\n<td>Casting Delay:<\/td>\n<td>keines<\/td>\n<\/tr>\n<\/tbody>\n<\/table>\n<h2 id=\"s2\">Schwache Sicht \/ Dim Vision<\/h2>\n<p><img loading=\"lazy\" decoding=\"async\" class=\"alignnone size-full wp-image-584849 alignleft\" src=\"https:\/\/planetdiablo.eu\/de\/wp-content\/uploads\/2022\/02\/D2R-Necromancer-dim-vision-pressed_klein.jpg\" alt=\"\" width=\"65\" height=\"65\" \/><\/p>\n<p><i>Blendet Ziel.<\/i><\/p>\n<p>Dieser Fluch reduziert den Sichtradius der verfluchten Monster.<br \/>Man wird also schwerer entdeckt und hat so mit weniger<br \/>Monstern auf einmal zu tun. Mit steigendem Level erh\u00f6ht sich der Radius und die &#8211; leider etwas geringe- Dauer.<\/p>\n<table>\n<tbody>\n<tr>\n<th colspan=\"2\">Skill-Details<\/th>\n<\/tr>\n<tr>\n<td>Art:<\/td>\n<td>Fluch Skill<\/td>\n<\/tr>\n<tr>\n<td>Voraussetzungen:<\/td>\n<td>\n<ul>\n<li>Charakterlevel: 6<\/li>\n<li>Skills: Keine<\/li>\n<\/ul>\n<\/td>\n<\/tr>\n<tr>\n<td>Wirkung:<\/td>\n<td>Blendet Gegner<\/td>\n<\/tr>\n<tr>\n<td>Skillentwicklung:<\/td>\n<td><a href=\"https:\/\/planetdiablo.eu\/d2dbneu\/calcs\/skills\/d2r\/index.php?lang=de&amp;char=nec&amp;lang=de\">im Skill-Kalkulator ansehen<\/a><\/td>\n<\/tr>\n<tr>\n<td>Synergie:<\/td>\n<td>keine<\/td>\n<\/tr>\n<tr>\n<td>Casting Delay:<\/td>\n<td>keines<\/td>\n<\/tr>\n<\/tbody>\n<\/table>\n<h2 id=\"s3\">Schw\u00e4chen \/ Weaken<\/h2>\n<p><img loading=\"lazy\" decoding=\"async\" class=\"alignnone size-full wp-image-584923 alignleft\" src=\"https:\/\/planetdiablo.eu\/de\/wp-content\/uploads\/2022\/02\/D2R-Necromancer-weaken-pressed_klein.jpg\" alt=\"\" width=\"65\" height=\"65\" \/><\/p>\n<p><i>Verringert den Schaden<br \/>der Gegner um 1\/3.<\/i><\/p>\n<p>\u00c4quivalent zu Verst\u00e4rktem Schaden, erreicht der Skill seine volle Wirkung schon im ersten Level. Eine Steigerung bewirkt erweiterten Radius und l\u00e4nger anhaltende Wirkung. Gegen\u00fcber Altern h\u00e4lt der Skill in der Wirkung allerdings keinem Vergleich stand, weswegen Altern sicherlich die bessere Wahl ist.<\/p>\n<table>\n<tbody>\n<tr>\n<th colspan=\"2\">Skill-Details<\/th>\n<\/tr>\n<tr>\n<td>Art:<\/td>\n<td>Fluch Skill<\/td>\n<\/tr>\n<tr>\n<td>Voraussetzungen:<\/td>\n<td>\n<ul>\n<li>Charakterlevel: 6<\/li>\n<li>Verst\u00e4rkter Schaden \/ Amplify Damage<\/li>\n<\/ul>\n<\/td>\n<\/tr>\n<tr>\n<td>Wirkung:<\/td>\n<td>Senkt physischen Schaden<br \/>des Gegners um 33%<\/td>\n<\/tr>\n<tr>\n<td>Skillentwicklung:<\/td>\n<td><a href=\"https:\/\/planetdiablo.eu\/d2dbneu\/calcs\/skills\/d2r\/index.php?lang=de&amp;char=nec&amp;lang=de\">im Skill-Kalkulator ansehen<\/a><\/td>\n<\/tr>\n<tr>\n<td>Synergie:<\/td>\n<td>keine<\/td>\n<\/tr>\n<tr>\n<td>Casting Delay:<\/td>\n<td>keines<\/td>\n<\/tr>\n<\/tbody>\n<\/table>\n<h2 id=\"s4\">Eiserne Jungfrau \/ Iron Maiden<\/h2>\n<p><img loading=\"lazy\" decoding=\"async\" class=\"alignnone size-full wp-image-584865 alignleft\" src=\"https:\/\/planetdiablo.eu\/de\/wp-content\/uploads\/2022\/02\/D2R-Necromancer-iron-maiden-pressed_klein.jpg\" alt=\"\" width=\"65\" height=\"65\" \/><\/p>\n<p><i>Schaden wird<br \/>zur\u00fcckgeworfen.<\/i><\/p>\n<p>Wer mit diesem Fluch belegt ist, steckt den Schaden, den er austeilt selbst ein, sofern es sich um physischen Nahkampf Schaden handelt. Schon im ersten Level werden 200% des Schadens zur\u00fcckgeworfen. Im PvP wird die Wirkung geviertelt!<\/p>\n<table>\n<tbody>\n<tr>\n<th colspan=\"2\">Skill-Details<\/th>\n<\/tr>\n<tr>\n<td>Art:<\/td>\n<td>Fluch Skill<\/td>\n<\/tr>\n<tr>\n<td>Voraussetzungen:<\/td>\n<td>\n<ul>\n<li>Charakterlevel: 12<\/li>\n<li>Verst\u00e4rkter Schaden \/ Amplify Damage<\/li>\n<\/ul>\n<\/td>\n<\/tr>\n<tr>\n<td>Wirkung:<\/td>\n<td>physischer Nahkampf Schaden wird<br \/>auf den Angreifer zur\u00fcckgeworfen<\/td>\n<\/tr>\n<tr>\n<td>Skillentwicklung:<\/td>\n<td><a href=\"https:\/\/planetdiablo.eu\/d2dbneu\/calcs\/skills\/d2r\/index.php?lang=de&amp;char=nec&amp;lang=de\">im Skill-Kalkulator ansehen<\/a><\/td>\n<\/tr>\n<tr>\n<td>Synergie:<\/td>\n<td>keine<\/td>\n<\/tr>\n<tr>\n<td>Casting Delay:<\/td>\n<td>keines<\/td>\n<\/tr>\n<\/tbody>\n<\/table>\n<h2 id=\"s5\">Terror \/ Terror<\/h2>\n<p><img loading=\"lazy\" decoding=\"async\" class=\"alignnone size-full wp-image-584919 alignleft\" src=\"https:\/\/planetdiablo.eu\/de\/wp-content\/uploads\/2022\/02\/D2R-Necromancer-terror-pressed_klein.jpg\" alt=\"\" width=\"65\" height=\"65\" \/><\/p>\n<p><i>Monster fliehen.<\/i><br \/>Jeder, den der Fluch trifft, nimmt die Beine in die Hand<br \/>und rennt um sein Leben, bis der Fluch abklingt oder das<br \/>Monster auf ein Hindernis trifft. Anzumerken ist noch der<br \/>geringe Radius, in dem Terror seine Wirkung entfaltet.<br \/>Ein recht effektives Mittel zur Crowd Control.<\/p>\n<table>\n<tbody>\n<tr>\n<th colspan=\"2\">Skill-Details<\/th>\n<\/tr>\n<tr>\n<td>Art:<\/td>\n<td>Fluch Skill<\/td>\n<\/tr>\n<tr>\n<td>Voraussetzungen:<\/td>\n<td>\n<ul>\n<li>Charakterlevel: 12<\/li>\n<li>Verst\u00e4rkter Schaden \/ Amplify Damage<\/li>\n<li>Schw\u00e4chen \/ Weaken<\/li>\n<\/ul>\n<\/td>\n<\/tr>\n<tr>\n<td>Wirkung:<\/td>\n<td>Monster fliehen<\/td>\n<\/tr>\n<tr>\n<td>Skillentwicklung:<\/td>\n<td><a href=\"https:\/\/planetdiablo.eu\/d2dbneu\/calcs\/skills\/d2r\/index.php?lang=de&amp;char=nec&amp;lang=de\">im Skill-Kalkulator ansehen<\/a><\/td>\n<\/tr>\n<tr>\n<td>Synergie:<\/td>\n<td>keine<\/td>\n<\/tr>\n<tr>\n<td>Casting Delay:<\/td>\n<td>keines<\/td>\n<\/tr>\n<\/tbody>\n<\/table>\n<h2 id=\"s6\">Verwirren \/ Confuse<\/h2>\n<p><img loading=\"lazy\" decoding=\"async\" class=\"alignnone size-full wp-image-584838 alignleft\" src=\"https:\/\/planetdiablo.eu\/de\/wp-content\/uploads\/2022\/02\/D2R-Necromancer-confuse-pressed_klein.jpg\" alt=\"\" width=\"65\" height=\"65\" \/><\/p>\n<p><i>Monster greifen wahllos<br \/>an.<\/i><\/p>\n<p>Verfluchte Gegner greifen unberechenbar an, egal ob Freund oder Feind. Bosse lassen sich freilich nicht durch diesen Fluch beeinflussen!<\/p>\n<table>\n<tbody>\n<tr>\n<th colspan=\"2\">Skill-Details<\/th>\n<\/tr>\n<tr>\n<td>Art:<\/td>\n<td>Fluch Skill<\/td>\n<\/tr>\n<tr>\n<td>Voraussetzungen:<\/td>\n<td>\n<ul>\n<li>Charakterlevel: 18<\/li>\n<li>Schwache Sicht \/ Dim Vision<\/li>\n<\/ul>\n<\/td>\n<\/tr>\n<tr>\n<td>Wirkung:<\/td>\n<td>Monster greifen wahllos<br \/>an<\/td>\n<\/tr>\n<tr>\n<td>Skillentwicklung:<\/td>\n<td><a href=\"https:\/\/planetdiablo.eu\/d2dbneu\/calcs\/skills\/d2r\/index.php?lang=de&amp;char=nec&amp;lang=de\">im Skill-Kalkulator ansehen<\/a><\/td>\n<\/tr>\n<tr>\n<td>Synergie:<\/td>\n<td>keine<\/td>\n<\/tr>\n<tr>\n<td>Casting Delay:<\/td>\n<td>keines<\/td>\n<\/tr>\n<\/tbody>\n<\/table>\n<h2 id=\"s7\">Leben-Spender \/ Life Tap<\/h2>\n<p>\u00a0<\/p>\n<p><img loading=\"lazy\" decoding=\"async\" class=\"alignnone size-full wp-image-584869 alignleft\" src=\"https:\/\/planetdiablo.eu\/de\/wp-content\/uploads\/2022\/02\/D2R-Necromancer-life-tab-pressed_klein.jpg\" alt=\"\" width=\"65\" height=\"65\" \/><\/p>\n<p><i>Saugt Lebenspunkte ab.<\/i><\/p>\n<p>Dieser Fluch wirkt wie das Attribut Lebensabsaugung auf<br \/>Gegenst\u00e4nden. F\u00fcgt man einem verfluchten Monster physischen Schaden<br \/>zu, so saugt man 50% des angerichteten Schadens ab und wandelt diesen Teil in Leben um. Dieser Leech wird nicht von den Leech Mali beeinflusst (Schwierigkeitsgrad \/ Leechresistenz)! Mit h\u00f6herem Level steigen Radius und Dauer des Fluchs.<\/p>\n<table>\n<tbody>\n<tr>\n<th colspan=\"2\">Skill-Details<\/th>\n<\/tr>\n<tr>\n<td>Art:<\/td>\n<td>Fluch Skill<\/td>\n<\/tr>\n<tr>\n<td>Voraussetzungen:<\/td>\n<td>\n<ul>\n<li>Charakterlevel: 18<\/li>\n<li>Verst\u00e4rkter Schaden\u00a0\/ Amplify Damage<\/li>\n<li>Eiserne Jungfrau\u00a0\/ Iron Maiden<\/li>\n<\/ul>\n<\/td>\n<\/tr>\n<tr>\n<td>Wirkung:<\/td>\n<td>Erh\u00f6ht Lifeleech an<br \/>Gegnern<\/td>\n<\/tr>\n<tr>\n<td>Skillentwicklung:<\/td>\n<td><a href=\"https:\/\/planetdiablo.eu\/d2dbneu\/calcs\/skills\/d2r\/index.php?lang=de&amp;char=nec&amp;lang=de\">im Skill-Kalkulator ansehen<\/a><\/td>\n<\/tr>\n<tr>\n<td>Synergie:<\/td>\n<td>keine<\/td>\n<\/tr>\n<tr>\n<td>Casting Delay:<\/td>\n<td>keines<\/td>\n<\/tr>\n<\/tbody>\n<\/table>\n<h2 id=\"s8\">Mittelpunkt \/ Attract<\/h2>\n<p><img loading=\"lazy\" decoding=\"async\" class=\"alignnone size-full wp-image-584806 alignleft\" src=\"https:\/\/planetdiablo.eu\/de\/wp-content\/uploads\/2022\/02\/D2R-Necromancer-attract-pressed_klein.jpg\" alt=\"\" width=\"65\" height=\"65\" \/><\/p>\n<p><i>Bringt andere Monster<br \/>dazu, die eigenen Mannen anzugreifen.<\/i><\/p>\n<p>So verfluchte Monster verlieren jede Orientierung und greifen an, was ihnen gerade \u00fcber den Weg l\u00e4uft. Die eigenen Monster versuchen das verfluchte Monster zu verfolgen und anzugreifen. Achtung, dieser FLuch kann nicht \u00fcberflucht werden, und wirkt auch nicht auf Bossgegner bzw. im PvP. H\u00f6heres Level sorgt f\u00fcr l\u00e4ngere Dauer.<\/p>\n<table>\n<tbody>\n<tr>\n<th colspan=\"2\">Skill-Details<\/th>\n<\/tr>\n<tr>\n<td>Art:<\/td>\n<td>Fluch Skill<\/td>\n<\/tr>\n<tr>\n<td>Voraussetzungen:<\/td>\n<td>\n<ul>\n<li>Charakterlevel: 24<\/li>\n<li>Schwache Sicht\u00a0\/ Dim Vision<\/li>\n<li>Verwirren\u00a0\/ Confuse<\/li>\n<\/ul>\n<\/td>\n<\/tr>\n<tr>\n<td>Wirkung:<\/td>\n<td>Konvertiert Monster<\/td>\n<\/tr>\n<tr>\n<td>Skillentwicklung:<\/td>\n<td><a href=\"https:\/\/planetdiablo.eu\/d2dbneu\/calcs\/skills\/d2r\/index.php?lang=de&amp;char=nec&amp;lang=de\">im Skill-Kalkulator ansehen<\/a><\/td>\n<\/tr>\n<tr>\n<td>Synergie:<\/td>\n<td>keine<\/td>\n<\/tr>\n<tr>\n<td>Casting Delay:<\/td>\n<td>keines<\/td>\n<\/tr>\n<\/tbody>\n<\/table>\n<h2 id=\"s9\">Altern \/ Decrepify<\/h2>\n<p><img loading=\"lazy\" decoding=\"async\" class=\"alignnone size-full wp-image-584845 alignleft\" src=\"https:\/\/planetdiablo.eu\/de\/wp-content\/uploads\/2022\/02\/D2R-Necromancer-decrepify-pressed_klein.jpg\" alt=\"\" width=\"65\" height=\"65\" \/><\/p>\n<p><i>Schw\u00e4cht die Gegener in<br \/>mehreren Beziehungen.<\/i><\/p>\n<p>Altern senkt Geh- und Angriffsgeschwindigkeit, Schaden sowie physische<br \/>Resistenz der Gegner um 50%. Mit h\u00f6herem Level steigt die Dauer des Fluchs.<\/p>\n<table>\n<tbody>\n<tr>\n<th colspan=\"2\">Skill-Details<\/th>\n<\/tr>\n<tr>\n<td>Art:<\/td>\n<td>Fluch Skill<\/td>\n<\/tr>\n<tr>\n<td>Voraussetzungen:<\/td>\n<td>\n<ul>\n<li>Charakterlevel: 24<\/li>\n<li>Verst\u00e4rkter Schaden \/ Amplify Damage<\/li>\n<li>Schw\u00e4chen \/ Weaken<\/li>\n<li>Terror\u00a0\/ Terror<\/li>\n<\/ul>\n<\/td>\n<\/tr>\n<tr>\n<td>Wirkung:<\/td>\n<td>Senkt Geh\/Renn-,<br \/>Angriffsgeschwindigkeit, Schaden und physische Resistenz<br \/>des Gegners um 50%<\/td>\n<\/tr>\n<tr>\n<td>Skillentwicklung:<\/td>\n<td><a href=\"https:\/\/planetdiablo.eu\/d2dbneu\/calcs\/skills\/d2r\/index.php?lang=de&amp;char=nec&amp;lang=de\">im Skill-Kalkulator ansehen<\/a><\/td>\n<\/tr>\n<tr>\n<td>Synergie:<\/td>\n<td>keine<\/td>\n<\/tr>\n<tr>\n<td>Casting Delay:<\/td>\n<td>keines<\/td>\n<\/tr>\n<\/tbody>\n<\/table>\n<h2 id=\"s10\">Widerstandsschwund \/ Lower<br \/>Resist<\/h2>\n<p><img loading=\"lazy\" decoding=\"async\" class=\"alignnone size-full wp-image-584871 alignleft\" src=\"https:\/\/planetdiablo.eu\/de\/wp-content\/uploads\/2022\/02\/D2R-Necromancer-lower-resist_klein.jpg\" alt=\"\" width=\"65\" height=\"65\" \/><\/p>\n<p><i>Senkt elementare<br \/>Resistenzen der Gegner.<\/i><\/p>\n<p>Je h\u00f6her der Skilllevel, desto st\u00e4rker, l\u00e4nger und weiter die Wirkung, allerdings fallen die Boni pro Punkt in h\u00f6heren Skillleveln nur noch sehr gering aus. Sehr n\u00fctzlich um zum Beispiel die Zauberinnen in einer Party zu unterst\u00fctzen!<\/p>\n<table>\n<tbody>\n<tr>\n<th colspan=\"2\">Skill-Details<\/th>\n<\/tr>\n<tr>\n<td>Art:<\/td>\n<td>Fluch Skill<\/td>\n<\/tr>\n<tr>\n<td>Voraussetzungen:<\/td>\n<td>\n<ul>\n<li>Charakterlevel: 30<\/li>\n<li>Verst\u00e4rkter Schaden\u00a0\/ Amplify Damage<\/li>\n<li>Schw\u00e4chen\u00a0\/ Weaken<\/li>\n<li>Eiserne Jungfrau\u00a0\/ Iron Maiden<\/li>\n<li>Terror\u00a0\/ Terror<\/li>\n<li>Leben-Spender\u00a0\/ Life Tap<\/li>\n<li>Altern\u00a0\/ Decrepify<\/li>\n<\/ul>\n<\/td>\n<\/tr>\n<tr>\n<td>Wirkung:<\/td>\n<td>Senkt elementare<br \/>Resistenzen (Blitz, Feuer, K\u00e4lte und Gift) des Gegners<\/td>\n<\/tr>\n<tr>\n<td>Skillentwicklung:<\/td>\n<td><a href=\"https:\/\/planetdiablo.eu\/d2dbneu\/calcs\/skills\/d2r\/index.php?lang=de&amp;char=nec&amp;lang=de\">im Skill-Kalkulator ansehen<\/a><\/td>\n<\/tr>\n<tr>\n<td>Synergie:<\/td>\n<td>keine<\/td>\n<\/tr>\n<tr>\n<td>Casting Delay:<\/td>\n<td>keines<\/td>\n<\/tr>\n<\/tbody>\n<\/table>\n<p>Siehe auch :<\/p>\n<ul>\n<li><a href=\"\/diablo-2\/die-charaktere\/der-totenbeschworer\/necromancer\/\">Skill\u00fcbersicht Totenbeschw\u00f6rer<\/a><\/li>\n<li><a href=\"\/diablo-2\/die-charaktere\/der-totenbeschworer\/necromancer\/skilltree2\/\">Skilltree: Gift und Knochenzauber<\/a><\/li>\n<li><a href=\"\/diablo-2\/die-charaktere\/der-totenbeschworer\/necromancer\/skilltree3\/\">Skilltree: Herbeirufungszauber<\/a><\/li>\n<\/ul>\n<p><i>Inhalt von henceforward. Edited by RAMsesist. \u00dcberarbeitet von DameVenusia.<br \/><\/i><\/p>\n<p><map name=\"jump\"> \n<area alt=\"Verst\u00e4rkter Schaden \/ Amplify Damage\" coords=\"83,14,130,61\" shape=\"RECT\" href=\"#s1\" \/>\n \n<area alt=\"Schwache Sicht \/ Dim Vision\" coords=\"14,82,61,129\" shape=\"RECT\" href=\"#s2\" \/>\n \n<area alt=\"Schw\u00e4chen \/ Weaken\" coords=\"152,82,199,129\" shape=\"RECT\" href=\"#s3\" \/>\n \n<area alt=\"Eiserne Jungfrau \/ Iron Maiden\" coords=\"83,150,130,197\" shape=\"RECT\" href=\"#s4\" \/>\n \n<area alt=\"Terror\" coords=\"152,150,199,197\" shape=\"RECT\" href=\"#s5\" \/>\n \n<area alt=\"Verwirren \/ Confuse\" coords=\"14,218,61,265\" shape=\"RECT\" href=\"#s6\" \/>\n \n<area alt=\"Leben-Spender \/ Life Tab\" coords=\"83,218,130,265\" shape=\"RECT\" href=\"#s7\" \/>\n \n<area alt=\"Mittelpunkt \/ Attract\" coords=\"14,287,61,334\" shape=\"RECT\" href=\"#s8\" \/>\n \n<area alt=\"Altern \/ Decrepify\" coords=\"152,287,199,334\" shape=\"RECT\" href=\"#s9\" \/>\n \n<area alt=\"Widerstandsschwund \/ Lower Resist\" coords=\"83,355,130,402\" shape=\"RECT\" href=\"#s10\" \/>\n <\/map><\/p>\n<p>\u00a0<\/p>","protected":false},"excerpt":{"rendered":"<p>Diese Skillbeschreibungen sind f\u00fcr D2 wie D2R gleichermassen n\u00fctzlich. Verlinkt ist jedoch auf den D2R-Skillcalculator weil wesentlich mehr Leute D2R spielen als D2 Legacy. Wer die Skillentwicklung in D2 Legacy verfolgen will, nimmt statt dessen diesen Link zum D2 LoD (Legacy) Calc. Verst\u00e4rkter Schaden \/ Amplify Damage Schwache Sicht \/ Dim Vision Schw\u00e4chen \/ Weaken&hellip; <a class=\"more-link\" href=\"https:\/\/planetdiablo.eu\/de\/diablo-2\/die-charaktere\/der-totenbeschworer\/necromancer\/skilltree1\/\"><span class=\"screen-reader-text\">Diablo 2 &#8211; Fl\u00fcche des Totenbeschw\u00f6rers<\/span> weiterlesen<\/a><\/p>\n","protected":false},"author":748,"featured_media":0,"parent":559079,"menu_order":0,"comment_status":"open","ping_status":"open","template":"","meta":{"footnotes":""},"class_list":["post-559641","page","type-page","status-publish","hentry","entry"],"_links":{"self":[{"href":"https:\/\/planetdiablo.eu\/de\/wp-json\/wp\/v2\/pages\/559641","targetHints":{"allow":["GET"]}}],"collection":[{"href":"https:\/\/planetdiablo.eu\/de\/wp-json\/wp\/v2\/pages"}],"about":[{"href":"https:\/\/planetdiablo.eu\/de\/wp-json\/wp\/v2\/types\/page"}],"author":[{"embeddable":true,"href":"https:\/\/planetdiablo.eu\/de\/wp-json\/wp\/v2\/users\/748"}],"replies":[{"embeddable":true,"href":"https:\/\/planetdiablo.eu\/de\/wp-json\/wp\/v2\/comments?post=559641"}],"version-history":[{"count":8,"href":"https:\/\/planetdiablo.eu\/de\/wp-json\/wp\/v2\/pages\/559641\/revisions"}],"predecessor-version":[{"id":586877,"href":"https:\/\/planetdiablo.eu\/de\/wp-json\/wp\/v2\/pages\/559641\/revisions\/586877"}],"up":[{"embeddable":true,"href":"https:\/\/planetdiablo.eu\/de\/wp-json\/wp\/v2\/pages\/559079"}],"wp:attachment":[{"href":"https:\/\/planetdiablo.eu\/de\/wp-json\/wp\/v2\/media?parent=559641"}],"curies":[{"name":"wp","href":"https:\/\/api.w.org\/{rel}","templated":true}]}}