{"id":559645,"date":"2014-06-29T02:49:51","date_gmt":"2014-06-29T00:49:51","guid":{"rendered":"http:\/\/diablo3.ingame.de\/?page_id=559645"},"modified":"2023-02-28T09:57:50","modified_gmt":"2023-02-28T07:57:50","slug":"skilltree2","status":"publish","type":"page","link":"https:\/\/planetdiablo.eu\/de\/diablo-2\/die-charaktere\/der-totenbeschworer\/necromancer\/skilltree2\/","title":{"rendered":"Diablo 2 &#8211; Gift- und Knochen-Fertigkeiten des Totenbeschw\u00f6rers"},"content":{"rendered":"\n<p>Diese Skillbeschreibungen sind f\u00fcr D2 wie D2R gleichermassen n\u00fctzlich. Verlinkt ist jedoch auf den D2R-Skillcalculator weil wesentlich mehr Leute D2R spielen als D2 Legacy. Wer die Skillentwicklung in D2 Legacy verfolgen will, nimmt statt dessen diesen Link zum <a href=\"https:\/\/planetdiablo.eu\/diablo2\/calcs\/skills\/110\/index.php?char=nec&amp;lang=de\">D2 LoD (Legacy) Calc<\/a>.<\/p>\n\n\n<p><img decoding=\"async\" style=\"float: left!important; margin-right: 25px;\" src=\"\/wp-content\/uploads\/2014\/06\/tree2_nec.jpg\" alt=\"Skilltree Poison &amp; Bone Spells \/ Gift &amp; Knochenzauber\" usemap=\"#jump\" border=\"0\" \/><\/p>\n<ul>\n<li><a href=\"#s1\">Z\u00e4hne &#8211; Teeth<\/a><\/li>\n<li><a href=\"#s2\">Knochenr\u00fcstung &#8211; Bone Armor<\/a><\/li>\n<li><a href=\"#s3\">Gift Dolch &#8211; Poison Dagger<\/a><\/li>\n<li><a href=\"#s4\">Kadaver Explosion &#8211; Corpse Explosion<\/a><\/li>\n<li><a href=\"#s5\">Knochenwand &#8211; Bonewall<\/a><\/li>\n<li><a href=\"#s6\">Gift Explosion &#8211; Poison Explosion<\/a><\/li>\n<li><a href=\"#s7\">Knochenspeer &#8211; Bone Spear<\/a><\/li>\n<li><a href=\"#s8\">Knochengef\u00e4ngnis &#8211; Bone Prison<\/a><\/li>\n<li><a href=\"#s9\">Gift Nova &#8211; Poison Nova<\/a><\/li>\n<li><a href=\"#s10\">Knochengeist &#8211; Bone Spirit<\/a><\/li>\n<\/ul>\n<div style=\"clear: both;\">\u00a0<\/div>\n<div>\u00a0<\/div>\n<div><span style=\"color: #800000;\">Stand: Patch 2.6<\/span><\/div>\n<h2 id=\"s1\">Z\u00e4hne \/ Teeth<\/h2>\n<p><img loading=\"lazy\" decoding=\"async\" class=\"alignnone size-full wp-image-584915 alignleft\" src=\"https:\/\/planetdiablo.eu\/de\/wp-content\/uploads\/2022\/02\/D2R-Necromancer-teeth-pressed_klein.jpg\" alt=\"\" width=\"65\" height=\"65\" \/><\/p>\n<p><i>Schuss magischer Pfeile.<\/i><br \/>Mit diesem Skill werden magische Pfeile verschossen. Je<br \/>h\u00f6her man diesen Skill gebracht hat, desto mehr Z\u00e4hne<br \/>werden verschossen. Jedoch kann analog zum Multischuss der Amazone ein Monster nicht von mehr als einem Zahn getroffen werden.<\/p>\n<table>\n<tbody>\n<tr>\n<th colspan=\"2\">Skill-Details<\/th>\n<\/tr>\n<tr>\n<td>Art:<\/td>\n<td>Angriffs Skill<\/td>\n<\/tr>\n<tr>\n<td>Voraussetzungen:<\/td>\n<td>\n<ul>\n<li>Charakterlevel: 1<\/li>\n<li>Skills: Keine<\/li>\n<\/ul>\n<\/td>\n<\/tr>\n<tr>\n<td>Wirkung:<\/td>\n<td>Verschiesst mehrere<br \/>magische Pfeile<\/td>\n<\/tr>\n<tr>\n<td>Skillentwicklung:<\/td>\n<td>im Skill-Kalkulator ansehen<\/td>\n<\/tr>\n<tr>\n<td>Synergie:<\/td>\n<td>\n<ul type=\"disc\">\n<li>Knochenwand (+15% Magieschaden \/ LvL)<\/li>\n<li>Knochengef\u00e4ngnis (+15% Magieschaden \/ LvL)<\/li>\n<li>Knochenspeer (+15% Magieschaden \/ LvL)<\/li>\n<li>Knochengeist (+15% Magieschaden \/ LvL)<\/li>\n<\/ul>\n<\/td>\n<\/tr>\n<tr>\n<td>Casting Delay:<\/td>\n<td>keines<\/td>\n<\/tr>\n<\/tbody>\n<\/table>\n<h2 id=\"s2\">Knochenr\u00fcstung \/ Bone Armor<\/h2>\n<p><img loading=\"lazy\" decoding=\"async\" class=\"alignnone size-full wp-image-584814 alignleft\" src=\"https:\/\/planetdiablo.eu\/de\/wp-content\/uploads\/2022\/02\/D2R-Necromancer-bone-armor-pressed_klein.jpg\" alt=\"\" width=\"65\" height=\"65\" \/><\/p>\n<p><i>Magische R\u00fcstung. <\/i><\/p>\n<p>Ein Schild aus Knochen umkreist den Necromanten, der einen<br \/>Teil des erlittenen physischen Schadens abf\u00e4ngt.<\/p>\n<table>\n<tbody>\n<tr>\n<th colspan=\"2\">Skill-Details<\/th>\n<\/tr>\n<tr>\n<td>Art:<\/td>\n<td>Boost Skill<\/td>\n<\/tr>\n<tr>\n<td>Voraussetzungen:<\/td>\n<td>\n<ul>\n<li>Charakterlevel: 1<\/li>\n<li>Skills: Keine<\/li>\n<\/ul>\n<\/td>\n<\/tr>\n<tr>\n<td>Wirkung:<\/td>\n<td>Absorbiert physischen<br \/>Schaden<\/td>\n<\/tr>\n<tr>\n<td>Skillentwicklung:<\/td>\n<td><a href=\"https:\/\/planetdiablo.eu\/d2dbneu\/calcs\/skills\/d2r\/index.php?lang=de&amp;char=nec&amp;lang=de\">im Skill-Kalkulator ansehen<\/a><\/td>\n<\/tr>\n<tr>\n<td>Synergie:<\/td>\n<td>\n<ul type=\"disc\">\n<li>Knochenwand (+15 Schaden absorbiert \/ LvL)<\/li>\n<li>Knochengef\u00e4ngnis (+15 Schaden absorbiert \/ LvL)<\/li>\n<\/ul>\n<\/td>\n<\/tr>\n<tr>\n<td>Casting Delay:<\/td>\n<td>keines<\/td>\n<\/tr>\n<\/tbody>\n<\/table>\n<h2 id=\"s3\">Gift Dolch \/ Poison Dagger<\/h2>\n<p><img loading=\"lazy\" decoding=\"async\" class=\"alignnone size-full wp-image-584877 alignleft\" src=\"https:\/\/planetdiablo.eu\/de\/wp-content\/uploads\/2022\/02\/D2R-Necromancer-poison-dagger-pressed_klein.jpg\" alt=\"\" width=\"65\" height=\"65\" \/><\/p>\n<p><i>Belegt einen Dolch mit<br \/>Giftschaden.<\/i><\/p>\n<p>Zus\u00e4tzlich zum normalen Schaden wird ein Giftschaden hinzuaddiert und der Angriffswert erh\u00f6ht.<\/p>\n<table>\n<tbody>\n<tr>\n<th colspan=\"2\">Skill-Details<\/th>\n<\/tr>\n<tr>\n<td>Art:<\/td>\n<td>Nahkampf Skill<br \/>(Dolch)<\/td>\n<\/tr>\n<tr>\n<td>Voraussetzungen:<\/td>\n<td>\n<ul>\n<li>Charakterlevel: 6<\/li>\n<li>Skills: Keine<\/li>\n<\/ul>\n<\/td>\n<\/tr>\n<tr>\n<td>Wirkung:<\/td>\n<td>Giftschadens und<br \/>Angriffswertsboni<\/td>\n<\/tr>\n<tr>\n<td>Skillentwicklung:<\/td>\n<td><a href=\"https:\/\/planetdiablo.eu\/d2dbneu\/calcs\/skills\/d2r\/index.php?lang=de&amp;char=nec&amp;lang=de\">im Skill-Kalkulator ansehen<\/a><\/td>\n<\/tr>\n<tr>\n<td>Synergie:<\/td>\n<td>\n<ul type=\"disc\">\n<li>Gift Explosion (+20% Giftschaden \/ LvL)<\/li>\n<li>Gift Nova (+20% Giftschaden \/ LvL)<\/li>\n<\/ul>\n<\/td>\n<\/tr>\n<tr>\n<td>Casting Delay:<\/td>\n<td>keines<\/td>\n<\/tr>\n<\/tbody>\n<\/table>\n<h2 id=\"s4\">Kadaverexplosion \/ Corpse<br \/>Explosion<\/h2>\n<p><img loading=\"lazy\" decoding=\"async\" class=\"alignnone size-full wp-image-584841 alignleft\" src=\"https:\/\/planetdiablo.eu\/de\/wp-content\/uploads\/2022\/02\/D2R-Necromancer-corpse-explosion-pressed_klein.jpg\" alt=\"\" width=\"65\" height=\"65\" \/><\/p>\n<p><i>L\u00e4sst Kadaver<br \/>explodieren.<\/i><\/p>\n<p>Zaubert man diesen Skill auf eine Gegnerleiche, explodiert deren Kadaver und f\u00fcgt den umstehenden Gegnern zur H\u00e4lfte Feuer- und zur anderen H\u00e4lfte physischen Schaden zu. Der Schaden ist abh\u00e4ngig von den Lebenspunkten, die die get\u00f6tete Kreatur in einem 1-Player Spiel hat\/h\u00e4tte. Beliebter Skill zum &#8222;Aufr\u00e4umen&#8220;.<\/p>\n<table>\n<tbody>\n<tr>\n<th colspan=\"2\">Skill-Details<\/th>\n<\/tr>\n<tr>\n<td>Art:<\/td>\n<td>Angriffs Skill<\/td>\n<\/tr>\n<tr>\n<td>Voraussetzungen:<\/td>\n<td>\n<ul>\n<li>Charakterlevel: 6<\/li>\n<li>Z\u00e4hne\u00a0\/ Teeth<\/li>\n<\/ul>\n<\/td>\n<\/tr>\n<tr>\n<td>Wirkung:<\/td>\n<td>L\u00e4sst Gegnerleiche explodieren und f\u00fcgt den nahen Gegnern Schaden von 60-100% der Lebenspunkte des get\u00f6teten Monsters zu \/ 50% Feuerschaden, 50% physischer Schaden<\/td>\n<\/tr>\n<tr>\n<td>Skillentwicklung:<\/td>\n<td>i<a href=\"https:\/\/planetdiablo.eu\/d2dbneu\/calcs\/skills\/d2r\/index.php?lang=de&amp;char=nec&amp;lang=de\">m Skill-Kalkulator ansehen<\/a><\/td>\n<\/tr>\n<tr>\n<td>Synergie:<\/td>\n<td>keine<\/td>\n<\/tr>\n<tr>\n<td>Casting Delay:<\/td>\n<td>keines<\/td>\n<\/tr>\n<\/tbody>\n<\/table>\n<h2 id=\"s5\">Knochenwand \/ Bone Wall<\/h2>\n<p><img loading=\"lazy\" decoding=\"async\" class=\"size-full wp-image-584830 alignleft\" src=\"https:\/\/planetdiablo.eu\/de\/wp-content\/uploads\/2022\/02\/D2R-Necromancer-bone-wall-pressed_klein.jpg\" alt=\"\" width=\"65\" height=\"65\" \/><\/p>\n<p><i>L\u00e4sst eine<br \/>Knochenbarriere entstehen.<\/i><\/p>\n<p>\u00a0<\/p>\n<p>Eine Wand aus Knochen bietet dem Necromanten Deckung. Die Wand f\u00e4ngt auch<br \/>Geschosse von Fernk\u00e4mpfern ab.<\/p>\n<table>\n<tbody>\n<tr>\n<th colspan=\"2\">Skill-Details<\/th>\n<\/tr>\n<tr>\n<td>Art:<\/td>\n<td>Herbeirufungs<br \/>Skill<\/td>\n<\/tr>\n<tr>\n<td>Voraussetzungen:<\/td>\n<td>\n<ul>\n<li>Charakterlevel: 12<\/li>\n<li>Knochenr\u00fcstung \/ Bone Armor<\/li>\n<\/ul>\n<\/td>\n<\/tr>\n<tr>\n<td>Wirkung:<\/td>\n<td>Herbeirufung einer<br \/>Knochenwand<\/td>\n<\/tr>\n<tr>\n<td>Skillentwicklung:<\/td>\n<td>i<a href=\"https:\/\/planetdiablo.eu\/d2dbneu\/calcs\/skills\/d2r\/index.php?lang=de&amp;char=nec&amp;lang=de\">m Skill-Kalkulator ansehen<\/a><\/td>\n<\/tr>\n<tr>\n<td>Synergie:<\/td>\n<td>\n<ul type=\"disc\">\n<li>Knochenr\u00fcstung (+10% Leben \/ LvL)<\/li>\n<li>Knochengef\u00e4ngnis (+10% Leben \/ LvL)<\/li>\n<\/ul>\n<\/td>\n<\/tr>\n<tr>\n<td>Casting Delay:<\/td>\n<td>keines<\/td>\n<\/tr>\n<\/tbody>\n<\/table>\n<h2 id=\"s6\">Giftexplosion \/ Poison<br \/>Explosion<\/h2>\n<p><img loading=\"lazy\" decoding=\"async\" class=\"alignnone size-full wp-image-584881 alignleft\" src=\"https:\/\/planetdiablo.eu\/de\/wp-content\/uploads\/2022\/02\/D2R-Necromancer-poison-explosion-pressed_klein.jpg\" alt=\"\" width=\"65\" height=\"65\" \/><\/p>\n<p><i>Setzt Giftwolke aus einer<br \/>Leiche frei. <\/i><\/p>\n<p>Setzt eine Giftwolke aus einem Kadaver\u00a0 frei, die alle im Einzugsbereich der Wolke stehenden Gegner mit Giftschaden belegt. Der Radius ist allerdings ein Witz, was diesen Skill f\u00fcr die Praxis zur Farce macht. Nur Schall und Rauch \ud83d\ude09<\/p>\n<table>\n<tbody>\n<tr>\n<th colspan=\"2\">Skill-Details<\/th>\n<\/tr>\n<tr>\n<td>Art:<\/td>\n<td>Angriffs Skill<\/td>\n<\/tr>\n<tr>\n<td>Voraussetzungen:<\/td>\n<td>\n<ul>\n<li>Charakterlevel: 18<\/li>\n<li>Z\u00e4hne\u00a0\/ Teeth<\/li>\n<li>Giftdolch\u00a0\/ Poison Dagger<\/li>\n<li>Kadaver Explosion\u00a0\/ Corpse Explosion<\/li>\n<\/ul>\n<\/td>\n<\/tr>\n<tr>\n<td>Wirkung:<\/td>\n<td>setzt Giftwolke aus<br \/>einer Leiche frei<\/td>\n<\/tr>\n<tr>\n<td>Skillentwicklung:<\/td>\n<td>i<a href=\"https:\/\/planetdiablo.eu\/d2dbneu\/calcs\/skills\/d2r\/index.php?lang=de&amp;char=nec&amp;lang=de\">m Skill-Kalkulator ansehen<\/a><\/td>\n<\/tr>\n<tr>\n<td>Synergie:<\/td>\n<td>\n<ul type=\"disc\">\n<li>Gift Dolch (+15% Giftschaden \/ LvL)<\/li>\n<li>Gift Nova (+15% Giftschaden \/ LvL)<\/li>\n<\/ul>\n<\/td>\n<\/tr>\n<tr>\n<td>Casting Delay:<\/td>\n<td>keines<\/td>\n<\/tr>\n<\/tbody>\n<\/table>\n<h2 id=\"s7\">Knochenspeer \/ Bone Spear<\/h2>\n<p><img loading=\"lazy\" decoding=\"async\" class=\"alignnone size-full wp-image-584822 alignleft\" src=\"https:\/\/planetdiablo.eu\/de\/wp-content\/uploads\/2022\/02\/D2R-Necromancer-bone-spear-pressed_klein.jpg\" alt=\"\" width=\"65\" height=\"65\" \/><\/p>\n<p><i>Magischer Speer. <\/i><\/p>\n<p>Der magische Speer ist in der Lage, durch ganze Monsterhorden<br \/>hindurchzuschlagen, und so mehr als nur einem Gegner<br \/>zu schaden. Auf hohen Levels \u00fcbertrifft der Schaden des Skills sogar den des &#8222;Knochengeists&#8220;, womit er sicherlich zu den besten Angriffs Skills des Necros geh\u00f6rt.<\/p>\n<table>\n<tbody>\n<tr>\n<th colspan=\"2\">Skill-Details<\/th>\n<\/tr>\n<tr>\n<td>Art:<\/td>\n<td>Angriffs Skill<\/td>\n<\/tr>\n<tr>\n<td>Voraussetzungen:<\/td>\n<td>\n<ul>\n<li>Charakterlevel: 18<\/li>\n<li>Z\u00e4hne\u00a0\/ Teeth<\/li>\n<li>Kadaver Explosion\u00a0\/ Corpse Explosion<\/li>\n<\/ul>\n<\/td>\n<\/tr>\n<tr>\n<td>Wirkung:<\/td>\n<td>Magieschaden \/<br \/>Fl\u00e4chenschaden<\/td>\n<\/tr>\n<tr>\n<td>Skillentwicklung:<\/td>\n<td><a href=\"https:\/\/planetdiablo.eu\/d2dbneu\/calcs\/skills\/d2r\/index.php?lang=de&amp;char=nec&amp;lang=de\">im Skill-Kalkulator ansehen<\/a><\/td>\n<\/tr>\n<tr>\n<td>Synergie:<\/td>\n<td>\n<ul type=\"disc\">\n<li>Knochenwand (+8% Magieschaden \/ LvL)<\/li>\n<li>Knochengef\u00e4ngnis (+8% Magieschaden \/ LvL)<\/li>\n<li>Z\u00e4hne (+8% Magieschaden \/ LvL)<\/li>\n<li>Knochengeist (+8% Magieschaden \/ LvL)<\/li>\n<\/ul>\n<\/td>\n<\/tr>\n<tr>\n<td>Casting Delay:<\/td>\n<td>keines<\/td>\n<\/tr>\n<\/tbody>\n<\/table>\n<h2 id=\"s8\">Knochengef\u00e4ngnis \/ Bone Prison<\/h2>\n<p><img loading=\"lazy\" decoding=\"async\" class=\"alignnone size-full wp-image-584818 alignleft\" src=\"https:\/\/planetdiablo.eu\/de\/wp-content\/uploads\/2022\/02\/D2R-Necromancer-bone-prison-pressed_klein.jpg\" alt=\"\" width=\"65\" height=\"65\" \/><\/p>\n<p><i>Schliesst Gegner ein. <\/i>Dieser<br \/>Spruch sperrt einzelne Gegner in einen Zwinger aus<br \/>Knochen, aus dem er sich freik\u00e4mpfen muss.<\/p>\n<table>\n<tbody>\n<tr>\n<th colspan=\"2\">Skill-Details<\/th>\n<\/tr>\n<tr>\n<td>Art:<\/td>\n<td>Herbeirufungs<br \/>Skill<\/td>\n<\/tr>\n<tr>\n<td>Voraussetzungen:<\/td>\n<td>\n<ul>\n<li>Charakterlevel: 24<\/li>\n<li>Z\u00e4hne\u00a0\/ Teeth<\/li>\n<li>Knochenr\u00fcstung\u00a0\/ bone Armor<\/li>\n<li>Kadaver Explosion\u00a0\/ Corpse Explosion<\/li>\n<li>Knochenwand\u00a0\/ Bone Wall<\/li>\n<li>Knochenspeer\u00a0\/ Bone Spear<\/li>\n<\/ul>\n<\/td>\n<\/tr>\n<tr>\n<td>Wirkung:<\/td>\n<td>Herbeirufung eines<br \/>Knochengef\u00e4ngnis, das Gegner umschlie\u00dft<\/td>\n<\/tr>\n<tr>\n<td>Skillentwicklung:<\/td>\n<td><a href=\"https:\/\/planetdiablo.eu\/d2dbneu\/calcs\/skills\/d2r\/index.php?lang=de&amp;char=nec&amp;lang=de\">im Skill-Kalkulator ansehen<\/a><\/td>\n<\/tr>\n<tr>\n<td>Synergie:<\/td>\n<td>\n<ul type=\"disc\">\n<li>Knochenr\u00fcstung (+8% Leben \/ LvL)<\/li>\n<li>Knochenwand (+8% Leben \/ LvL)<\/li>\n<\/ul>\n<\/td>\n<\/tr>\n<tr>\n<td>Casting Delay:<\/td>\n<td>keines<\/td>\n<\/tr>\n<\/tbody>\n<\/table>\n<h2 id=\"s9\">Gift Nova \/ Poison Nova<\/h2>\n<p><img loading=\"lazy\" decoding=\"async\" class=\"alignnone size-full wp-image-584885 alignleft\" src=\"https:\/\/planetdiablo.eu\/de\/wp-content\/uploads\/2022\/02\/D2R-Necromancer-poison-nova-pressed_klein.jpg\" alt=\"\" width=\"65\" height=\"65\" \/><\/p>\n<p><i>Giftwolke. <\/i>Um den<br \/>Totenbeschw\u00f6rer herum entsteht eine Giftwolke, die sich<br \/>kreisf\u00f6rmig ausbreitet und Gegner, die mit ihr in<br \/>Ber\u00fchrung kommen, mit Giftschaden belegt. Auf entsprechend hohem Level ist der Skill auch in der Lage den Gegnern kr\u00e4ftig zuzusetzen!<\/p>\n<table>\n<tbody>\n<tr>\n<th colspan=\"2\">Skill-Details<\/th>\n<\/tr>\n<tr>\n<td>Art:<\/td>\n<td>Angriffs Skill<\/td>\n<\/tr>\n<tr>\n<td>Voraussetzungen:<\/td>\n<td>\n<ul>\n<li>Charakterlevel: 30<\/li>\n<li>Z\u00e4hne\u00a0\/ Teeth<\/li>\n<li>Giftdolch\u00a0\/ Poison Dagger<\/li>\n<li>Kadaver Explosion\u00a0\/ Corpse Explosion<\/li>\n<li>Gift Explosion\u00a0\/ Poison Explosion<\/li>\n<\/ul>\n<\/td>\n<\/tr>\n<tr>\n<td>Wirkung:<\/td>\n<td>Giftschaden \/<br \/>F\u00e4chenschaden<\/td>\n<\/tr>\n<tr>\n<td>Skillentwicklung:<\/td>\n<td><a href=\"https:\/\/planetdiablo.eu\/d2dbneu\/calcs\/skills\/d2r\/index.php?lang=de&amp;char=nec&amp;lang=de\">im Skill-Kalkulator ansehen<\/a><\/td>\n<\/tr>\n<tr>\n<td>Synergie:<\/td>\n<td>\n<ul type=\"disc\">\n<li>Gift Dolch (+10% Giftschaden \/ LvL)<\/li>\n<li>Gift Explosion (+10% Giftschaden \/ LvL)<\/li>\n<\/ul>\n<\/td>\n<\/tr>\n<tr>\n<td>Casting Delay:<\/td>\n<td>keines<\/td>\n<\/tr>\n<\/tbody>\n<\/table>\n<h2 id=\"s10\">Knochengeist \/ Bonespirit<\/h2>\n<p><img loading=\"lazy\" decoding=\"async\" class=\"alignnone size-full wp-image-584826 alignleft\" src=\"https:\/\/planetdiablo.eu\/de\/wp-content\/uploads\/2022\/02\/D2R-Necromancer-bone-spirit-pressed_klein.jpg\" alt=\"\" width=\"65\" height=\"65\" \/><\/p>\n<p><i>Zielsuchender Geist. <\/i><\/p>\n<p>\u00a0<\/p>\n<p>Der Knochengeist ist in der Lage beweglichen Zielen zu folgen und sich diese selbst zu suchen. Allerdings ist die Reichweite begrenzt. Der ausgeteilte Schaden ist rein<br \/>magischer Natur!<\/p>\n<table>\n<tbody>\n<tr>\n<th colspan=\"2\">Skill-Details<\/th>\n<\/tr>\n<tr>\n<td>Art:<\/td>\n<td>Angriffs Skill<\/td>\n<\/tr>\n<tr>\n<td>Voraussetzungen:<\/td>\n<td>\n<ul>\n<li>Charakterlevel: 30<\/li>\n<li>Z\u00e4hne \/ Teeth<\/li>\n<li>Kadaver Explosion\u00a0\/ Corpse Explosion<\/li>\n<li>Knochenspeer\u00a0\/ Bone Spear<\/li>\n<\/ul>\n<\/td>\n<\/tr>\n<tr>\n<td>Wirkung:<\/td>\n<td>Magieschaden \/<br \/>zielsuchendes Projektil<\/td>\n<\/tr>\n<tr>\n<td>Skillentwicklung:<\/td>\n<td><a href=\"https:\/\/planetdiablo.eu\/d2dbneu\/calcs\/skills\/d2r\/index.php?lang=de&amp;char=nec&amp;lang=de\">im Skill-Kalkulator ansehen<\/a><\/td>\n<\/tr>\n<tr>\n<td>Synergie:<\/td>\n<td>\n<ul type=\"disc\">\n<li>Knochenwand (+8% Magieschaden \/ LvL)<\/li>\n<li>Knochengef\u00e4ngnis (+8% Magieschaden \/ LvL)<\/li>\n<li>Z\u00e4hne (+8% Magieschaden \/ LvL)<\/li>\n<li>Knochenspeer (+8% Magieschaden \/ LvL)<\/li>\n<\/ul>\n<\/td>\n<\/tr>\n<tr>\n<td>Casting Delay:<\/td>\n<td>keines<\/td>\n<\/tr>\n<\/tbody>\n<\/table>\n<p>Siehe auch :<\/p>\n<ul>\n<li><a href=\"\/diablo-2\/die-charaktere\/der-totenbeschworer\/necromancer\/\">Skill\u00fcbersicht Totenbeschw\u00f6rer<\/a><\/li>\n<li><a href=\"\/diablo-2\/die-charaktere\/der-totenbeschworer\/necromancer\/skilltree1\/\">Skilltree: Fl\u00fcche<\/a><\/li>\n<li><a href=\"\/diablo-2\/die-charaktere\/der-totenbeschworer\/necromancer\/skilltree3\/\">Skilltree: Herbeirufungszauber<\/a><\/li>\n<\/ul>\n<p><i>Inhalt von henceforward. Edited by RAMsesist.<\/i><\/p>\n<p><map name=\"jump\"> \n<area alt=\"Z\u00e4hne \/ Teeth\" coords=\"84,14,131,61\" shape=\"RECT\" href=\"#s1\" \/>\n \n<area alt=\"Knochenr\u00fcstung \/ Bone Armor\" coords=\"153,14,200,61\" shape=\"RECT\" href=\"#s2\" \/>\n \n<area alt=\"Gift Dolch \/ Poison Dagger\" coords=\"15,82,62,129\" shape=\"RECT\" href=\"#s3\" \/>\n \n<area alt=\"Kadaver Explosion \/ Corpse Explosion\" coords=\"84,82,131,129\" shape=\"RECT\" href=\"#s4\" \/>\n \n<area alt=\"Knochenwand \/ Bonewall\" coords=\"153,150,200,197\" shape=\"RECT\" href=\"#s5\" \/>\n \n<area alt=\"Gift Explosion \/ Poison Explosion\" coords=\"15,218,62,265\" shape=\"RECT\" href=\"#s6\" \/>\n \n<area alt=\"Knochenspeer \/ Bone Spear\" coords=\"84,218,131,265\" shape=\"RECT\" href=\"#s7\" \/>\n \n<area alt=\"Knochengef\u00e4ngnis \/ Bone Prison\" coords=\"153,287,200,334\" shape=\"RECT\" href=\"#s8\" \/>\n \n<area alt=\"Gift Nova \/ Poison Nova\" coords=\"15,355,62,402\" shape=\"RECT\" href=\"#s9\" \/>\n \n<area alt=\"Knochengeist \/ Bone Spirit\" coords=\"84,355,131,402\" shape=\"RECT\" href=\"#s10\" \/>\n <\/map><\/p>\n<p>\u00a0<\/p>","protected":false},"excerpt":{"rendered":"<p>Diese Skillbeschreibungen sind f\u00fcr D2 wie D2R gleichermassen n\u00fctzlich. Verlinkt ist jedoch auf den D2R-Skillcalculator weil wesentlich mehr Leute D2R spielen als D2 Legacy. Wer die Skillentwicklung in D2 Legacy verfolgen will, nimmt statt dessen diesen Link zum D2 LoD (Legacy) Calc. Z\u00e4hne &#8211; Teeth Knochenr\u00fcstung &#8211; Bone Armor Gift Dolch &#8211; Poison Dagger Kadaver&hellip; <a class=\"more-link\" href=\"https:\/\/planetdiablo.eu\/de\/diablo-2\/die-charaktere\/der-totenbeschworer\/necromancer\/skilltree2\/\"><span class=\"screen-reader-text\">Diablo 2 &#8211; Gift- und Knochen-Fertigkeiten des Totenbeschw\u00f6rers<\/span> weiterlesen<\/a><\/p>\n","protected":false},"author":748,"featured_media":0,"parent":559079,"menu_order":0,"comment_status":"open","ping_status":"open","template":"","meta":{"footnotes":""},"class_list":["post-559645","page","type-page","status-publish","hentry","entry"],"_links":{"self":[{"href":"https:\/\/planetdiablo.eu\/de\/wp-json\/wp\/v2\/pages\/559645","targetHints":{"allow":["GET"]}}],"collection":[{"href":"https:\/\/planetdiablo.eu\/de\/wp-json\/wp\/v2\/pages"}],"about":[{"href":"https:\/\/planetdiablo.eu\/de\/wp-json\/wp\/v2\/types\/page"}],"author":[{"embeddable":true,"href":"https:\/\/planetdiablo.eu\/de\/wp-json\/wp\/v2\/users\/748"}],"replies":[{"embeddable":true,"href":"https:\/\/planetdiablo.eu\/de\/wp-json\/wp\/v2\/comments?post=559645"}],"version-history":[{"count":7,"href":"https:\/\/planetdiablo.eu\/de\/wp-json\/wp\/v2\/pages\/559645\/revisions"}],"predecessor-version":[{"id":586884,"href":"https:\/\/planetdiablo.eu\/de\/wp-json\/wp\/v2\/pages\/559645\/revisions\/586884"}],"up":[{"embeddable":true,"href":"https:\/\/planetdiablo.eu\/de\/wp-json\/wp\/v2\/pages\/559079"}],"wp:attachment":[{"href":"https:\/\/planetdiablo.eu\/de\/wp-json\/wp\/v2\/media?parent=559645"}],"curies":[{"name":"wp","href":"https:\/\/api.w.org\/{rel}","templated":true}]}}