{"id":559649,"date":"2014-06-29T02:55:23","date_gmt":"2014-06-29T00:55:23","guid":{"rendered":"http:\/\/diablo3.ingame.de\/?page_id=559649"},"modified":"2023-02-28T09:57:41","modified_gmt":"2023-02-28T07:57:41","slug":"skilltree3","status":"publish","type":"page","link":"https:\/\/planetdiablo.eu\/de\/diablo-2\/die-charaktere\/der-totenbeschworer\/necromancer\/skilltree3\/","title":{"rendered":"Diablo 2 &#8211; Herbeirufungs-Fertigkeiten des Totenbeschw\u00f6rers"},"content":{"rendered":"\n<p>Diese Skillbeschreibungen sind f\u00fcr D2 wie D2R gleichermassen n\u00fctzlich. Verlinkt ist jedoch auf den D2R-Skillcalculator weil wesentlich mehr Leute D2R spielen als D2 Legacy. Wer die Skillentwicklung in D2 Legacy verfolgen will, nimmt statt dessen diesen Link zum <a href=\"https:\/\/planetdiablo.eu\/diablo2\/calcs\/skills\/110\/index.php?char=nec&amp;lang=de\">D2 LoD (Legacy) Calc<\/a>.<\/p>\n\n\n<p><img decoding=\"async\" style=\"float: left!important; margin-right: 25px;\" src=\"\/wp-content\/uploads\/2014\/06\/tree3_nec.jpg\" alt=\"Skilltree Summoning Spells \/ Herbeirufungszauber\" usemap=\"#jump\" border=\"0\" \/><\/p>\n<ul>\n<li><a href=\"#s1\">Skelett Beherrschung \/ Skeleton Mastery<\/a><\/li>\n<li><a href=\"#s2\">Skelett Beleben \/ Raise Skeleton<\/a><\/li>\n<li><a href=\"#s3\">Ton Golem \/ Clay Golem<\/a><\/li>\n<li><a href=\"#s4\">Golem Beherrschung \/ Golem Mastery<\/a><\/li>\n<li><a href=\"#s5\">Skelettmagier Beleben \/ Raise Skeletal Mage<\/a><\/li>\n<li><a href=\"#s6\">Blut Golem \/ Blood Golem<\/a><\/li>\n<li><a href=\"#s7\">Monster Widerstand \/ Summon Resist<\/a><\/li>\n<li><a href=\"#s8\">Eisen Golem \/ Iron Golem<\/a><\/li>\n<li><a href=\"#s9\">Feuer Golem \/ Fire Golem<\/a><\/li>\n<li><a href=\"#s10\">Wiederbelebung \/ Revive<\/a><\/li>\n<\/ul>\n<div style=\"clear: both;\">\u00a0<\/div>\n<div>\u00a0<\/div>\n<div><span style=\"color: #800000;\">Stand: Patch 2.6<\/span><\/div>\n<h2 id=\"s1\">Skelett Beherrschung \/ Skeleton<br \/>Mastery<\/h2>\n<p><img loading=\"lazy\" decoding=\"async\" class=\"alignnone size-full wp-image-584901 alignleft\" src=\"https:\/\/planetdiablo.eu\/de\/wp-content\/uploads\/2022\/02\/D2R-Necromancer-skeleton-mastery-pressed_klein.jpg\" alt=\"\" width=\"65\" height=\"65\" \/><\/p>\n<p><i>Erh\u00f6ht Qualit\u00e4t der<br \/>Skelette.<\/i><\/p>\n<p>Dieser Skill verbessert die F\u00e4higkeiten der Skelette, Skelettmagier und wiederbelebten Monster. Es werden Schaden und Leben erh\u00f6ht.<\/p>\n<table>\n<tbody>\n<tr>\n<th colspan=\"2\">Skill-Details<\/th>\n<\/tr>\n<tr>\n<td>Art:<\/td>\n<td>Passiver Skill<\/td>\n<\/tr>\n<tr>\n<td>Voraussetzungen:<\/td>\n<td>\n<ul>\n<li>Charakterlevel: 1<\/li>\n<li>Skelett Beleben \/ Raise Skeleton<\/li>\n<\/ul>\n<\/td>\n<\/tr>\n<tr>\n<td>Wirkung:<\/td>\n<td>Schadens und Lebensboni<br \/>f\u00fcr Skelette, Skelettmagier und wiederbelebte Monster<\/td>\n<\/tr>\n<tr>\n<td>Skillentwicklung:<\/td>\n<td><a href=\"https:\/\/planetdiablo.eu\/d2dbneu\/calcs\/skills\/d2r\/index.php?lang=de&amp;char=nec&amp;lang=de\">im Skill-Kalkulator ansehen<\/a><\/td>\n<\/tr>\n<tr>\n<td>Synergie:<\/td>\n<td>keine<\/td>\n<\/tr>\n<tr>\n<td>Casting Delay:<\/td>\n<td>keines<\/td>\n<\/tr>\n<\/tbody>\n<\/table>\n<h2 id=\"s2\">Skelett Beleben \/ Raise<br \/>Skeleton<\/h2>\n<p><img loading=\"lazy\" decoding=\"async\" class=\"alignnone size-full wp-image-584893 alignleft\" src=\"https:\/\/planetdiablo.eu\/de\/wp-content\/uploads\/2022\/02\/D2R-Necromancer-raise-skeleton-pressed_klein.jpg\" alt=\"\" width=\"65\" height=\"65\" \/><\/p>\n<p><i>Beschw\u00f6rt Skelett. <\/i><\/p>\n<p>Aus den Kadavern der get\u00f6teten Monster ruft der Necro die<br \/>Gebeine an seine Seite. Mit steigendem Skilllevel kann er<br \/>immer mehr Skelette beleben, die Skelette halten mehr aus<br \/>und richten mehr Schaden an.<\/p>\n<table>\n<tbody>\n<tr>\n<th colspan=\"2\">Skill-Details<\/th>\n<\/tr>\n<tr>\n<td>Art:<\/td>\n<td>Herbeirufungs<br \/>Skill<\/td>\n<\/tr>\n<tr>\n<td>Voraussetzungen:<\/td>\n<td>\n<ul>\n<li>Charakterlevel: 1<\/li>\n<li>Skills: Keine<\/li>\n<\/ul>\n<\/td>\n<\/tr>\n<tr>\n<td>Wirkung:<\/td>\n<td>Herbeirufung eines<br \/>Skeletts<\/td>\n<\/tr>\n<tr>\n<td>Skillentwicklung:<\/td>\n<td><a href=\"https:\/\/planetdiablo.eu\/d2dbneu\/calcs\/skills\/d2r\/index.php?lang=de&amp;char=nec&amp;lang=de\">im Skill-Kalkulator ansehen<\/a><\/td>\n<\/tr>\n<tr>\n<td>Synergie:<\/td>\n<td>\n<ul type=\"disc\">\n<li>Skelett Beherrschung<\/li>\n<li>Monster Widerstand<\/li>\n<\/ul>\n<\/td>\n<\/tr>\n<tr>\n<td>Casting Delay:<\/td>\n<td>keines<\/td>\n<\/tr>\n<\/tbody>\n<\/table>\n<h2 id=\"s3\">Ton Golem \/ Clay Golem<\/h2>\n<p><img loading=\"lazy\" decoding=\"async\" class=\"alignnone size-full wp-image-584834 alignleft\" src=\"https:\/\/planetdiablo.eu\/de\/wp-content\/uploads\/2022\/02\/D2R-Necromancer-clay-golem-pressed_klein.jpg\" alt=\"\" width=\"65\" height=\"65\" \/><\/p>\n<p><i>Ruft Golem. <\/i><\/p>\n<p>Man beschw\u00f6rt einen Golem herauf, der aus der Erde geformt<br \/>wird. Der Schaden ist eher gering, die Lebenspunkte steigen sp\u00e4ter aber immens an. Deswegen, und vor allem wegen des &#8222;Verlangsamungseffekts&#8220; ist er der<br \/>beliebteste der vier Golem Arten!<\/p>\n<table>\n<tbody>\n<tr>\n<th colspan=\"2\">Skill-Details<\/th>\n<\/tr>\n<tr>\n<td>Art:<\/td>\n<td>Herbeirufungs<br \/>Skill<\/td>\n<\/tr>\n<tr>\n<td>Voraussetzungen:<\/td>\n<td>\n<ul>\n<li>Charakterlevel: 6<\/li>\n<li>Skills: Keine<\/li>\n<\/ul>\n<\/td>\n<\/tr>\n<tr>\n<td>Wirkung:<\/td>\n<td>Herbeirufung eines Ton<br \/>Golems \/ Gegnerverlangsamung<\/td>\n<\/tr>\n<tr>\n<td>Skillentwicklung:<\/td>\n<td><a href=\"https:\/\/planetdiablo.eu\/d2dbneu\/calcs\/skills\/d2r\/index.php?lang=de&amp;char=nec&amp;lang=de\">im Skill-Kalkulator ansehen<\/a><\/td>\n<\/tr>\n<tr>\n<td>Synergie:<\/td>\n<td>\n<ul type=\"disc\">\n<li>Golem Beherrschung<\/li>\n<li>Monster Widerstand<\/li>\n<li>Blut Golem (+5% Leben \/ LvL)<\/li>\n<li>Eisen Golem (+35 Verteidigung \/ LvL)<\/li>\n<li>Feuer Golem (+6% Schaden \/ LvL)<\/li>\n<\/ul>\n<\/td>\n<\/tr>\n<tr>\n<td>Casting Delay:<\/td>\n<td>keines<\/td>\n<\/tr>\n<\/tbody>\n<\/table>\n<h2 id=\"s4\">Golem Beherrschung \/ Golem<br \/>Mastery<\/h2>\n<p><img loading=\"lazy\" decoding=\"async\" class=\"alignnone size-full wp-image-584857 alignleft\" src=\"https:\/\/planetdiablo.eu\/de\/wp-content\/uploads\/2022\/02\/D2R-Necromancer-golem-mastery-pressed_klein.jpg\" alt=\"\" width=\"65\" height=\"65\" \/><\/p>\n<p><i>Verbessert den Golem.<\/i><br \/>Die Lebenspunkte, die Laufgeschwindigkeit und der<br \/>Angriffswert des Golems werden durch diesen passiven<br \/>Skill stetig verbessert.<\/p>\n<table>\n<tbody>\n<tr>\n<th colspan=\"2\">Skill-Details<\/th>\n<\/tr>\n<tr>\n<td>Art:<\/td>\n<td>Passiver Skill<\/td>\n<\/tr>\n<tr>\n<td>Voraussetzungen:<\/td>\n<td>\n<ul>\n<li>Charakterlevel: 12<\/li>\n<li>Ton Golem\u00a0\/ Clay Golem<\/li>\n<\/ul>\n<\/td>\n<\/tr>\n<tr>\n<td>Wirkung:<\/td>\n<td>Lebens,<br \/>Laufgeschwindigkeits und Angriffswertsboni f\u00fcr den Golem<\/td>\n<\/tr>\n<tr>\n<td>Skillentwicklung:<\/td>\n<td><a href=\"https:\/\/planetdiablo.eu\/d2dbneu\/calcs\/skills\/d2r\/index.php?lang=de&amp;char=nec&amp;lang=de\">im Skill-Kalkulator ansehen<\/a><\/td>\n<\/tr>\n<tr>\n<td>Synergie:<\/td>\n<td>keine<\/td>\n<\/tr>\n<tr>\n<td>Casting Delay:<\/td>\n<td>keines<\/td>\n<\/tr>\n<\/tbody>\n<\/table>\n<h2 id=\"s5\">Skelettmagier Beleben \/ Raise<br \/>Skeletal Mage<\/h2>\n<p><img loading=\"lazy\" decoding=\"async\" class=\"alignnone size-full wp-image-584889 alignleft\" src=\"https:\/\/planetdiablo.eu\/de\/wp-content\/uploads\/2022\/02\/D2R-Necromancer-raise-skeletal-mage-pressed_klein.jpg\" alt=\"\" width=\"65\" height=\"65\" \/><\/p>\n<p><i>Erweckt Knochenmagier.<\/i><\/p>\n<p>\u00a0<\/p>\n<p>Aus den Kadavern von Gegnern kann man einen Skelettmagier<br \/>beleben, der mit einem zuf\u00e4llig gew\u00e4hlten Elementarangriff ausgestattet ist.<\/p>\n<table>\n<tbody>\n<tr>\n<th colspan=\"2\">Skill-Details<\/th>\n<\/tr>\n<tr>\n<td>Art:<\/td>\n<td>Herbeirufungs<br \/>Skill<\/td>\n<\/tr>\n<tr>\n<td>Voraussetzungen:<\/td>\n<td>\n<ul>\n<li>Charakterlevel: 12<\/li>\n<li>Skelett Beleben\u00a0\/ Raise Skeleton<\/li>\n<\/ul>\n<\/td>\n<\/tr>\n<tr>\n<td>Wirkung:<\/td>\n<td>Herbeirufung einer<br \/>Skelettmagiers<\/td>\n<\/tr>\n<tr>\n<td>Skillentwicklung:<\/td>\n<td>i<a href=\"https:\/\/planetdiablo.eu\/d2dbneu\/calcs\/skills\/d2r\/index.php?lang=de&amp;char=nec&amp;lang=de\">m Skill-Kalkulator ansehen<\/a><\/td>\n<\/tr>\n<tr>\n<td>Synergie:<\/td>\n<td>\n<ul type=\"disc\">\n<li>Skelett Beherrschung<\/li>\n<li>Monster Widerstand<\/li>\n<\/ul>\n<\/td>\n<\/tr>\n<tr>\n<td>Casting Delay:<\/td>\n<td>keines<\/td>\n<\/tr>\n<\/tbody>\n<\/table>\n<h2 id=\"s6\">Blut Golem \/ Blood Golem<\/h2>\n<p><img loading=\"lazy\" decoding=\"async\" class=\"alignnone size-full wp-image-584810 alignleft\" src=\"https:\/\/planetdiablo.eu\/de\/wp-content\/uploads\/2022\/02\/D2R-Necromancer-blood-golem-pressed_klein.jpg\" alt=\"\" width=\"65\" height=\"65\" \/><\/p>\n<p><i>Beschw\u00f6rung eines<br \/>Golems. <\/i><\/p>\n<p>Die Lebenspunkte dieses Golems sind mit denen des Beherrschers verbunden, so dass der Herr auch Schaden nimmt, wenn der Golem verwundet wird. Aber der Golem heilt umgekehrt auch seinen Meister indem er Schaden<br \/>austeilt.<\/p>\n<table>\n<tbody>\n<tr>\n<th colspan=\"2\">Skill-Details<\/th>\n<\/tr>\n<tr>\n<td>Art:<\/td>\n<td>Herbeirufungs<br \/>Skill<\/td>\n<\/tr>\n<tr>\n<td>Voraussetzungen:<\/td>\n<td>\n<ul>\n<li>Charakterlevel: 18<\/li>\n<li>Ton Golem \/ Clay Golem<\/li>\n<\/ul>\n<\/td>\n<\/tr>\n<tr>\n<td>Wirkung:<\/td>\n<td>Herbeirufung eines Blut<br \/>Golems der das Leben mit seinem Meister &#8222;teilt&#8220;<\/td>\n<\/tr>\n<tr>\n<td>Skillentwicklung:<\/td>\n<td><a href=\"https:\/\/planetdiablo.eu\/d2dbneu\/calcs\/skills\/d2r\/index.php?lang=de&amp;char=nec&amp;lang=de\">im Skill-Kalkulator ansehen<\/a><\/td>\n<\/tr>\n<tr>\n<td>Synergie:<\/td>\n<td>\n<ul type=\"disc\">\n<li>Golem Beherrschung<\/li>\n<li>Monster Widerstand<\/li>\n<li>Ton Golem (+20 Angriffswert \/ LvL)<\/li>\n<li>Eisen Golem (+35 Verteidigung \/ LvL)<\/li>\n<li>Feuer Golem (+6% Schaden \/ LvL)<\/li>\n<\/ul>\n<\/td>\n<\/tr>\n<tr>\n<td>Casting Delay:<\/td>\n<td>keines<\/td>\n<\/tr>\n<\/tbody>\n<\/table>\n<h2 id=\"s7\">Monster Widerstand \/ Summon<br \/>Resist<\/h2>\n<p><img loading=\"lazy\" decoding=\"async\" class=\"alignnone size-full wp-image-584911 alignleft\" src=\"https:\/\/planetdiablo.eu\/de\/wp-content\/uploads\/2022\/02\/D2R-Necromancer-summon-resist-pressed_klein.jpg\" alt=\"\" width=\"65\" height=\"65\" \/><\/p>\n<p><i>Erh\u00f6ht Resistenzen der<br \/>Minions. <\/i><\/p>\n<p>Dieser passive Skill macht die Diener des Totenbeschw\u00f6rers weniger anf\u00e4llig gegen Elementarangriffe, indem er ihre Resistenzen erh\u00f6ht.<\/p>\n<table>\n<tbody>\n<tr>\n<th colspan=\"2\">Skill-Details<\/th>\n<\/tr>\n<tr>\n<td>Art:<\/td>\n<td>Passiver Skill<\/td>\n<\/tr>\n<tr>\n<td>Voraussetzungen:<\/td>\n<td>\n<ul>\n<li>Charakterlevel: 24<\/li>\n<li>Ton Golem\u00a0\/ Clay Golem<\/li>\n<li>Golem Beherrschung\u00a0\/ Golem Mastery<\/li>\n<\/ul>\n<\/td>\n<\/tr>\n<tr>\n<td>Wirkung:<\/td>\n<td>Resistenzbonus f\u00fcr<br \/>Minions<\/td>\n<\/tr>\n<tr>\n<td>Skillentwicklung:<\/td>\n<td><a href=\"https:\/\/planetdiablo.eu\/d2dbneu\/calcs\/skills\/d2r\/index.php?lang=de&amp;char=nec&amp;lang=de\">im Skill-Kalkulator ansehen<\/a><\/td>\n<\/tr>\n<tr>\n<td>Synergie:<\/td>\n<td>keine<\/td>\n<\/tr>\n<tr>\n<td>Casting Delay:<\/td>\n<td>keines<\/td>\n<\/tr>\n<\/tbody>\n<\/table>\n<h2 id=\"s8\">Eisen Golem \/ Iron Golem<\/h2>\n<p><img loading=\"lazy\" decoding=\"async\" class=\"alignnone size-full wp-image-584861 alignleft\" src=\"https:\/\/planetdiablo.eu\/de\/wp-content\/uploads\/2022\/02\/D2R-Necromancer-iron-golem-pressed_klein.jpg\" alt=\"\" width=\"65\" height=\"65\" \/><\/p>\n<p><i>Beschw\u00f6rung eines<br \/>Golems. <\/i><\/p>\n<p>Der Totenbeschw\u00f6rer kann mit diesem Skill aus eisernen Gegenst\u00e4nden einen Golem formen, der die Attribute des Gegenstandes \u00fcbernimmt. Au\u00dferdem wirft<br \/>der Golem ihm zugef\u00fcgten physischen Schaden zur\u00fcck.<\/p>\n<table>\n<tbody>\n<tr>\n<th colspan=\"2\">Skill-Details<\/th>\n<\/tr>\n<tr>\n<td>Art:<\/td>\n<td>Herbeirufungs<br \/>Skill<\/td>\n<\/tr>\n<tr>\n<td>Voraussetzungen:<\/td>\n<td>\n<ul>\n<li>Charakterlevel: 24<\/li>\n<li>Ton Golem \/ Clay Golem<\/li>\n<li>Blut Golem \/ Blood Golem<\/li>\n<\/ul>\n<\/td>\n<\/tr>\n<tr>\n<td>Wirkung:<\/td>\n<td>Herbeirufung eines Eisen<br \/>Golems mit Dornen Aura<\/td>\n<\/tr>\n<tr>\n<td>Skillentwicklung:<\/td>\n<td>i<a href=\"https:\/\/planetdiablo.eu\/d2dbneu\/calcs\/skills\/d2r\/index.php?lang=de&amp;char=nec&amp;lang=de\">m Skill-Kalkulator ansehen<\/a><\/td>\n<\/tr>\n<tr>\n<td>Synergie:<\/td>\n<td>\n<ul type=\"disc\">\n<li>Golem Beherrschung<\/li>\n<li>Monster Widerstand<\/li>\n<li>Blut Golem (+5% Leben \/ LvL)<\/li>\n<li>Ton Golem (+20 Angriffswert \/ LvL)<\/li>\n<li>Feuer Golem (+6% Schaden \/ LvL)<\/li>\n<\/ul>\n<\/td>\n<\/tr>\n<tr>\n<td>Casting Delay:<\/td>\n<td>keines<\/td>\n<\/tr>\n<\/tbody>\n<\/table>\n<h2 id=\"s9\">Feuer Golem \/ Fire Golem<\/h2>\n<p><img loading=\"lazy\" decoding=\"async\" class=\"alignnone size-full wp-image-585092 alignleft\" src=\"https:\/\/planetdiablo.eu\/de\/wp-content\/uploads\/2022\/02\/D2R-Sorceress-fire-mastery-pressed_klein.jpg\" alt=\"\" width=\"65\" height=\"65\" \/><\/p>\n<p><i>Beschw\u00f6rung eines<br \/>Golems.<\/i><\/p>\n<p>Dieser Golem besteht aus reinem Feuer und<br \/>greift auch mit einer Aura aus Feuer an.<\/p>\n<table>\n<tbody>\n<tr>\n<th colspan=\"2\">Skill-Details<\/th>\n<\/tr>\n<tr>\n<td>Art:<\/td>\n<td>Herbeirufungs<br \/>Skill<\/td>\n<\/tr>\n<tr>\n<td>Voraussetzungen:<\/td>\n<td>\n<ul>\n<li>Charakterlevel: 30<\/li>\n<li>Ton Golem\u00a0\/ Clay Golem<\/li>\n<li>Blut Golem\u00a0\/ Blood Golem<\/li>\n<li>Eisen Golem\u00a0\/ Iron Golem<\/li>\n<\/ul>\n<\/td>\n<\/tr>\n<tr>\n<td>Wirkung:<\/td>\n<td>Herbeirufung eines Feuer<br \/>Golems \/ Holy Fire Aura \/ absorbiert Feuerschaden<\/td>\n<\/tr>\n<tr>\n<td>Skillentwicklung:<\/td>\n<td><a href=\"https:\/\/planetdiablo.eu\/d2dbneu\/calcs\/skills\/d2r\/index.php?lang=de&amp;char=nec&amp;lang=de\">im Skill-Kalkulator ansehen<\/a><\/td>\n<\/tr>\n<tr>\n<td>Synergie:<\/td>\n<td>\n<ul type=\"disc\">\n<li>Golem Beherrschung<\/li>\n<li>Monster Widerstand<\/li>\n<li>Blut Golem (+5% Leben \/ LvL)<\/li>\n<li>Ton Golem (+20 Angriffswert \/ LvL)<\/li>\n<li>Iron Golem (+35 Verteidigung \/ LvL)<\/li>\n<\/ul>\n<\/td>\n<\/tr>\n<tr>\n<td>Casting Delay:<\/td>\n<td>keines<\/td>\n<\/tr>\n<\/tbody>\n<\/table>\n<h2 id=\"s10\">Wiederbelebung \/ Revive<\/h2>\n<p><img loading=\"lazy\" decoding=\"async\" class=\"alignnone size-full wp-image-584897 alignleft\" src=\"https:\/\/planetdiablo.eu\/de\/wp-content\/uploads\/2022\/02\/D2R-Necromancer-revive-pressed_klein.jpg\" alt=\"\" width=\"65\" height=\"65\" \/><\/p>\n<p><i>Belebt Monster wieder. <\/i><\/p>\n<p>\u00a0<\/p>\n<p>Die get\u00f6teten Monster erwachen zu neuem Leben und k\u00e4mpfen<br \/>f\u00fcr einen begrenzten Zeitraum an der Seite des Totenbeschw\u00f6rers. Durch die Wiederbelebung erhalten sie einen Bonus auf ihre Lebenspunkte, mit Synergie auch auf den Schaden! Einige Monster lassen sich jedoch nicht wiederbeleben (z.B. Boss\/Unique Monster)!<\/p>\n<table>\n<tbody>\n<tr>\n<th colspan=\"2\">Skill-Details<\/th>\n<\/tr>\n<tr>\n<td>Art:<\/td>\n<td>Herbeirufungs<br \/>Skill<\/td>\n<\/tr>\n<tr>\n<td>Voraussetzungen:<\/td>\n<td>\n<ul>\n<li>Charakterlevel: 30<\/li>\n<li>Skelett Beleben\u00a0\/ Raise Skeleton<\/li>\n<li>Skelett Magier Beleben\u00a0\/ Raise Skeletal Mage<\/li>\n<li>Ton Golem \/ Clay Golem<\/li>\n<li>Blut Golem \/ Blood Golem<\/li>\n<li>Eisen Golem \/ Iron Golem<\/li>\n<\/ul>\n<\/td>\n<\/tr>\n<tr>\n<td>Wirkung:<\/td>\n<td>Wiederbelebung eines<br \/>get\u00f6ten Monsters<\/td>\n<\/tr>\n<tr>\n<td>Skillentwicklung:<\/td>\n<td>i<a href=\"https:\/\/planetdiablo.eu\/d2dbneu\/calcs\/skills\/d2r\/index.php?lang=de&amp;char=nec&amp;lang=de\">m Skill-Kalkulator ansehen<\/a><\/td>\n<\/tr>\n<tr>\n<td>Synergie:<\/td>\n<td>\n<ul type=\"disc\">\n<li>Skelett Beherrschung<\/li>\n<li>Monster Widerstand<\/li>\n<\/ul>\n<\/td>\n<\/tr>\n<tr>\n<td>Casting Delay:<\/td>\n<td>keines<\/td>\n<\/tr>\n<\/tbody>\n<\/table>\n<p>Siehe auch :<\/p>\n<ul>\n<li><a href=\"\/diablo-2\/die-charaktere\/der-totenbeschworer\/necromancer\/\">Skill\u00fcbersicht Totenbeschw\u00f6rer<\/a><\/li>\n<li><a href=\"\/diablo-2\/die-charaktere\/der-totenbeschworer\/necromancer\/skilltree1\/\">Skilltree: Fl\u00fcche<\/a><\/li>\n<li><a href=\"\/diablo-2\/die-charaktere\/der-totenbeschworer\/necromancer\/skilltree2\/\">Skilltree: Gift &amp; Knochenzauber<\/a><\/li>\n<\/ul>\n<p><i>Inhalt von henceforward. Edited by RAMsesist. \u00dcberarbeitet von DameVenusia.<br \/><\/i><\/p>\n<p><map name=\"jump\"> \n<area alt=\"Skelett Beherrschung \/ Skeleton Mastery\" coords=\"15,15,62,62\" shape=\"RECT\" href=\"#s1\" \/>\n \n<area alt=\"Skelett Beleben \/ Raise Skeleton\" coords=\"153,14,200,61\" shape=\"RECT\" href=\"#s2\" \/>\n \n<area alt=\"Ton Golem \/ Clay Golem\" coords=\"84,82,131,129\" shape=\"RECT\" href=\"#s3\" \/>\n \n<area alt=\"Skelettmagier Beleben \/ Raise Skeletal Mage\" coords=\"153,150,200,197\" shape=\"RECT\" href=\"#s5\" \/>\n \n<area alt=\"Golem Beherrschung \/ Golem Mastery\" coords=\"15,150,62,197\" shape=\"RECT\" href=\"#s4\" \/>\n \n<area alt=\"Blut Golem \/ Blood Golem\" coords=\"84,218,131,265\" shape=\"RECT\" href=\"#s6\" \/>\n \n<area alt=\"Monster Widerstand \/ Summon Resist\" coords=\"15,287,62,334\" shape=\"RECT\" href=\"#s7\" \/>\n \n<area alt=\"Eisen Golem \/ Iron Golem\" coords=\"84,287,131,334\" shape=\"RECT\" href=\"#s8\" \/>\n \n<area alt=\"Feuer Golem \/ Fire Golem\" coords=\"84,355,131,402\" shape=\"RECT\" href=\"#s9\" \/>\n \n<area alt=\"Wiederbelebung \/ Revive\" coords=\"153,355,200,402\" shape=\"RECT\" href=\"#s10\" \/>\n <\/map><\/p>\n<p>\u00a0<\/p>","protected":false},"excerpt":{"rendered":"<p>Diese Skillbeschreibungen sind f\u00fcr D2 wie D2R gleichermassen n\u00fctzlich. Verlinkt ist jedoch auf den D2R-Skillcalculator weil wesentlich mehr Leute D2R spielen als D2 Legacy. Wer die Skillentwicklung in D2 Legacy verfolgen will, nimmt statt dessen diesen Link zum D2 LoD (Legacy) Calc. Skelett Beherrschung \/ Skeleton Mastery Skelett Beleben \/ Raise Skeleton Ton Golem \/&hellip; <a class=\"more-link\" href=\"https:\/\/planetdiablo.eu\/de\/diablo-2\/die-charaktere\/der-totenbeschworer\/necromancer\/skilltree3\/\"><span class=\"screen-reader-text\">Diablo 2 &#8211; Herbeirufungs-Fertigkeiten des Totenbeschw\u00f6rers<\/span> weiterlesen<\/a><\/p>\n","protected":false},"author":748,"featured_media":0,"parent":559079,"menu_order":0,"comment_status":"open","ping_status":"open","template":"","meta":{"footnotes":""},"class_list":["post-559649","page","type-page","status-publish","hentry","entry"],"_links":{"self":[{"href":"https:\/\/planetdiablo.eu\/de\/wp-json\/wp\/v2\/pages\/559649","targetHints":{"allow":["GET"]}}],"collection":[{"href":"https:\/\/planetdiablo.eu\/de\/wp-json\/wp\/v2\/pages"}],"about":[{"href":"https:\/\/planetdiablo.eu\/de\/wp-json\/wp\/v2\/types\/page"}],"author":[{"embeddable":true,"href":"https:\/\/planetdiablo.eu\/de\/wp-json\/wp\/v2\/users\/748"}],"replies":[{"embeddable":true,"href":"https:\/\/planetdiablo.eu\/de\/wp-json\/wp\/v2\/comments?post=559649"}],"version-history":[{"count":7,"href":"https:\/\/planetdiablo.eu\/de\/wp-json\/wp\/v2\/pages\/559649\/revisions"}],"predecessor-version":[{"id":586883,"href":"https:\/\/planetdiablo.eu\/de\/wp-json\/wp\/v2\/pages\/559649\/revisions\/586883"}],"up":[{"embeddable":true,"href":"https:\/\/planetdiablo.eu\/de\/wp-json\/wp\/v2\/pages\/559079"}],"wp:attachment":[{"href":"https:\/\/planetdiablo.eu\/de\/wp-json\/wp\/v2\/media?parent=559649"}],"curies":[{"name":"wp","href":"https:\/\/api.w.org\/{rel}","templated":true}]}}