{"id":559653,"date":"2014-06-29T03:15:35","date_gmt":"2014-06-29T01:15:35","guid":{"rendered":"http:\/\/diablo3.ingame.de\/?page_id=559653"},"modified":"2025-04-01T16:43:32","modified_gmt":"2025-04-01T14:43:32","slug":"skilltree1","status":"publish","type":"page","link":"https:\/\/planetdiablo.eu\/de\/diablo-2\/die-charaktere\/der-paladin\/paladin\/skilltree1\/","title":{"rendered":"Diablo 2 &#8211; Kampf-Fertigkeiten des Paladins"},"content":{"rendered":"\n<p>Diese Skillbeschreibungen sind f\u00fcr D2 wie D2R gleichermassen n\u00fctzlich. Verlinkt ist jedoch auf den D2R-Skillcalculator weil wesentlich mehr Leute D2R spielen als D2 Legacy. Wer die Skillentwicklung in D2 Legacy verfolgen will, nimmt statt dessen diesen Link zum <a href=\"https:\/\/planetdiablo.eu\/diablo2\/calcs\/skills\/110\/index.php?char=pal&amp;lang=de\">D2 LoD (Legacy) Calc<\/a>.<\/p>\n\n\n<p><img decoding=\"async\" style=\"float: left!important; margin-right: 25px;\" src=\"\/wp-content\/uploads\/2014\/06\/tree1_pala.jpg\" alt=\"Skilltree Combat Skills \/ Kampffertigkeiten\" usemap=\"#jump\" border=\"0\" \/><\/p>\n<ul>\n<li><a href=\"#s1\">Opfer \/ Sacrifice<\/a><\/li>\n<li><a href=\"#s2\">Niederstrecken \/ Smite<\/a><\/li>\n<li><a href=\"#s3\">Heiliger Blitz \/ Holy Bolt<\/a><\/li>\n<li><a href=\"#s4\">Eifer \/ Zeal<\/a><\/li>\n<li><a href=\"#s5\">Ansturm \/ Charge<\/a><\/li>\n<li><a href=\"#s6\">Rache \/ Vengeance<\/a><\/li>\n<li><a href=\"#s7\">Gesegneter Hammer \/ Blessed Hammer<\/a><\/li>\n<li><a href=\"#s8\">Bekehrung \/ Conversion<\/a><\/li>\n<li><a href=\"#s9\">Heiliger Schild \/ Holy Shield<\/a><\/li>\n<li><a href=\"#s10\">Himmelsfaust \/ Fist of the Heavens<\/a><\/li>\n<\/ul>\n<div style=\"clear: both;\">\u00a0<\/div>\n<h2 id=\"s1\">Opfer \/ Sacrifice<\/h2>\n<p><img loading=\"lazy\" decoding=\"async\" class=\"alignnone size-full wp-image-585017 alignleft\" src=\"https:\/\/planetdiablo.eu\/de\/wp-content\/uploads\/2022\/02\/D2R-Paladin-sacrifice-pressed_klein.jpg\" alt=\"\" width=\"65\" height=\"65\" \/><\/p>\n<p><i>Erh\u00f6hter Schaden und<br \/>Trefferchance auf Kosten der Lebensenergie.<\/i><\/p>\n<p>Der Schaden den man zuf\u00fcgt und die Trefferchance werden<br \/>stark erh\u00f6ht. Allerdings werden einem pro Schlag 8% des Schadens, den man einem Gegner zuf\u00fcgt, von den Lebenspunkten abgezogen.<\/p>\n<table>\n<tbody>\n<tr>\n<th colspan=\"2\">Skill-Details<\/th>\n<\/tr>\n<tr>\n<td>Art:<\/td>\n<td>Nahkampf Skill<\/td>\n<\/tr>\n<tr>\n<td>Voraussetzungen:<\/td>\n<td>\n<ul>\n<li>Charakterlevel: 1<\/li>\n<li>Skills: Keine<\/li>\n<\/ul>\n<\/td>\n<\/tr>\n<tr>\n<td>Wirkung:<\/td>\n<td>Schaden und<br \/>Angriffswertsboni \/ 8% des zugef\u00fcgten Schadens werden<br \/>vom eigenen Leben abgezogen<\/td>\n<\/tr>\n<tr>\n<td>Skillentwicklung:<\/td>\n<td><a href=\"https:\/\/planetdiablo.eu\/d2dbneu\/calcs\/skills\/d2r\/index.php?lang=de&amp;char=pal\">im Skill-Kalkulator ansehen<\/a><\/td>\n<\/tr>\n<tr>\n<td>Synergie:<\/td>\n<td>\n<ul type=\"disc\">\n<li>R\u00fccknahme (+15% Schaden \/ LvL)<\/li>\n<li>Fanatismus (+5% Schaden \/ LvL)<\/li>\n<\/ul>\n<\/td>\n<\/tr>\n<tr>\n<td>Casting Delay:<\/td>\n<td>keines<\/td>\n<\/tr>\n<\/tbody>\n<\/table>\n<h2 id=\"s2\">Niederstrecken \/ Smite<\/h2>\n<p><img loading=\"lazy\" decoding=\"async\" class=\"alignnone size-full wp-image-585032 alignleft\" src=\"https:\/\/planetdiablo.eu\/de\/wp-content\/uploads\/2022\/02\/D2R-Paladin-smite-pressed_klein.jpg\" alt=\"\" width=\"65\" height=\"65\" \/><\/p>\n<p><i>Schildschlag mit<br \/>R\u00fccksto\u00dfung und L\u00e4hmeffekt.<\/i><\/p>\n<p>Mit Niederstrecken k\u00f6nnen die Gegner gel\u00e4hmt und zur\u00fcckgestossen werden.<br \/>Zudem hat dieser Skill noch den Vorteil, dass die Trefferwahrscheinlichkeit immer 100% betr\u00e4gt und (ausgenommen vom Waffenblock der Assassine) auch nicht<br \/>geblockt werden kann. Mit Niederstrecken kann allerdings kein Leben oder Mana abgesaugt werden (Ausnahme: Der Lebensspenderfluch des Totenbeschw\u00f6rers erm\u00f6glicht Lebensabsaugung). Der Schaden von Niederstrecken wird mit<br \/>der Fertigkeit <a href=\"#s9\">Heiliger Schild<\/a> zus\u00e4tzlich verst\u00e4rkt.<\/p>\n<table>\n<tbody>\n<tr>\n<th colspan=\"2\">Skill-Details<\/th>\n<\/tr>\n<tr>\n<td>Art:<\/td>\n<td>Nahkampf Skill (Schild)<\/td>\n<\/tr>\n<tr>\n<td>Voraussetzungen:<\/td>\n<td>\n<ul>\n<li>Charakterlevel: 1<\/li>\n<li>Skills: Keine<\/li>\n<\/ul>\n<\/td>\n<\/tr>\n<tr>\n<td>Wirkung:<\/td>\n<td>schl\u00e4gt mit Schild zu \/<br \/>Schadensbonus \/ l\u00e4hmt Gegner<\/td>\n<\/tr>\n<tr>\n<td>Skillentwicklung:<\/td>\n<td><a href=\"https:\/\/planetdiablo.eu\/d2dbneu\/calcs\/skills\/d2r\/index.php?lang=de&amp;char=pal\">im Skill-Kalkulator ansehen<\/a><\/td>\n<\/tr>\n<tr>\n<td>Synergie:<\/td>\n<td>keine<\/td>\n<\/tr>\n<tr>\n<td>Casting Delay:<\/td>\n<td>keines<\/td>\n<\/tr>\n<\/tbody>\n<\/table>\n<h2 id=\"s3\">Heiliger Blitz \/ Holy Bolt<\/h2>\n<p><img loading=\"lazy\" decoding=\"async\" class=\"alignnone size-full wp-image-584985 alignleft\" src=\"https:\/\/planetdiablo.eu\/de\/wp-content\/uploads\/2022\/02\/D2R-Paladin-holy-shock-pressed_klein.jpg\" alt=\"\" width=\"65\" height=\"65\" \/><\/p>\n<p><i>Magisches Geschoss, das<br \/>Verb\u00fcndete heilt und Untote sch\u00e4digt.<\/i><\/p>\n<p>Heiliger Blitz f\u00fcgt wie er es schon in Diablo 1 tat, untoten<br \/>Gegnern Schaden zu. Allerdings heilt er seit Diablo 2 auch noch verb\u00fcndete Spieler.<\/p>\n<table>\n<tbody>\n<tr>\n<th colspan=\"2\">Skill-Details<\/th>\n<\/tr>\n<tr>\n<td>Art:<\/td>\n<td>Angriffs Skill<\/td>\n<\/tr>\n<tr>\n<td>Voraussetzungen:<\/td>\n<td>\n<ul>\n<li>Charakterlevel: 6<\/li>\n<li>Skills: Keine<\/li>\n<\/ul>\n<\/td>\n<\/tr>\n<tr>\n<td>Wirkung:<\/td>\n<td>Magieschaden \/ heilt<br \/>Partymitglieder<\/td>\n<\/tr>\n<tr>\n<td>Skillentwicklung:<\/td>\n<td><a href=\"https:\/\/planetdiablo.eu\/d2dbneu\/calcs\/skills\/d2r\/index.php?lang=de&amp;char=pal\">im Skill-Kalkulator ansehen<\/a><\/td>\n<\/tr>\n<tr>\n<td>Synergie:<\/td>\n<td>\n<ul>\n<li>Gesegneter Hammer (+50% Magieschaden \/ LvL)<\/li>\n<li>Himmelsfaust (+50% Magieschaden \/ LvL)<\/li>\n<li>Gebet (+15% Leben geheilt \/ LvL)<\/li>\n<\/ul>\n<\/td>\n<\/tr>\n<tr>\n<td>Casting Delay:<\/td>\n<td>keines<\/td>\n<\/tr>\n<\/tbody>\n<\/table>\n<h2 id=\"s4\">Eifer \/ Zeal<\/h2>\n<p><img loading=\"lazy\" decoding=\"async\" class=\"alignnone size-full wp-image-585048 alignleft\" src=\"https:\/\/planetdiablo.eu\/de\/wp-content\/uploads\/2022\/02\/D2R-Paladin-zeal-pressed_klein.jpg\" alt=\"\" width=\"65\" height=\"65\" \/><\/p>\n<p><i>Eine schnelle<br \/>Schlagserie.<\/i><\/p>\n<p>Mit Eifer kann der Paladin eine schnelle Schlagserie von bis zu f\u00fcnf Schl\u00e4gen ausf\u00fchren. Zudem werden sein Angriffswert und Schaden erh\u00f6ht.<\/p>\n<table>\n<tbody>\n<tr>\n<th colspan=\"2\">Skill-Details<\/th>\n<\/tr>\n<tr>\n<td>Art:<\/td>\n<td>Nahkampf Skill<\/td>\n<\/tr>\n<tr>\n<td>Voraussetzungen:<\/td>\n<td>\n<ul>\n<li>Charakterlevel: 12<\/li>\n<li>Opfer \/ Sacrifice<\/li>\n<\/ul>\n<\/td>\n<\/tr>\n<tr>\n<td>Wirkung:<\/td>\n<td>Schaden und<br \/>Angriffswertsboni \/ mehrere Schl\u00e4ge<\/td>\n<\/tr>\n<tr>\n<td>Skillentwicklung:<\/td>\n<td><a href=\"https:\/\/planetdiablo.eu\/d2dbneu\/calcs\/skills\/d2r\/index.php?lang=de&amp;char=pal\">im Skill-Kalkulator ansehen<\/a><\/td>\n<\/tr>\n<tr>\n<td>Synergie:<\/td>\n<td>\n<ul type=\"disc\">\n<li>Opfer (+12% Schaden \/ LvL)<\/li>\n<\/ul>\n<\/td>\n<\/tr>\n<tr>\n<td>Casting Delay:<\/td>\n<td>keines<\/td>\n<\/tr>\n<\/tbody>\n<\/table>\n<h2 id=\"s5\">Ansturm \/ Charge<\/h2>\n<p><img loading=\"lazy\" decoding=\"async\" class=\"alignnone size-full wp-image-584937 alignleft\" src=\"https:\/\/planetdiablo.eu\/de\/wp-content\/uploads\/2022\/02\/D2R-Paladin-charge-pressed_klein.jpg\" alt=\"\" width=\"65\" height=\"65\" \/><\/p>\n<p><i>Ein Sturmangriff, der den<br \/>Gegner zur\u00fcckst\u00f6sst. <\/i><\/p>\n<p>Ansturm ist der Kampfskill des Paladins, der den h\u00f6chsten Schadensbonus aufweist. ZZude wird auch die Trefferwahrscheinlichkeit stark erh\u00f6ht unu der Gegner bei einem Treffer zur\u00fcckgesto\u00dfen. Um erfolgreich auf einen Gegner &#8222;Anst\u00fcrmen&#8220; zu k\u00f6nnen, ben\u00f6tigt man allerdings Anlauf. Wenn der Gegner<br \/>in Waffenreichweite steht, wird anstelle eines Ansturms ein normaler Schlag ausgef\u00fchrt. Der SchadeSchadensbon Ansturm wird bei diesem Schlag nicht ber\u00fccksichtigt.<\/p>\n<table>\n<tbody>\n<tr>\n<th colspan=\"2\">Skill-Details<\/th>\n<\/tr>\n<tr>\n<td>Art:<\/td>\n<td>Nahkampf Skill<\/td>\n<\/tr>\n<tr>\n<td>Voraussetzungen:<\/td>\n<td>\n<ul>\n<li>Charakterlevel: 12<\/li>\n<li>Niederstrecken \/ Smite<\/li>\n<\/ul>\n<\/td>\n<\/tr>\n<tr>\n<td>Wirkung:<\/td>\n<td>Paladin rennt sehr<br \/>schnell auf Gegner zu \/ Schaden und Angriffswertsboni \/<br \/>R\u00fccksto\u00dfung<\/td>\n<\/tr>\n<tr>\n<td>Skillentwicklung:<\/td>\n<td><a href=\"https:\/\/planetdiablo.eu\/d2dbneu\/calcs\/skills\/d2r\/index.php?lang=de&amp;char=pal\">im Skill-Kalkulator ansehen<\/a><\/td>\n<\/tr>\n<tr>\n<td>Synergie:<\/td>\n<td>\n<ul>\n<li>Gedeihen (+20% Schaden \/ LvL)<\/li>\n<li>Macht (+20% Schaden \/ LvL)<\/li>\n<\/ul>\n<\/td>\n<\/tr>\n<tr>\n<td>Casting Delay:<\/td>\n<td>keines<\/td>\n<\/tr>\n<\/tbody>\n<\/table>\n<h2 id=\"s6\">Rache \/ Vengeance<\/h2>\n<p><img loading=\"lazy\" decoding=\"async\" class=\"alignnone size-full wp-image-585040\" src=\"https:\/\/planetdiablo.eu\/de\/wp-content\/uploads\/2022\/02\/D2R-Paladin-vengeance-pressed_klein.jpg\" alt=\"\" width=\"65\" height=\"65\" \/><i>Angriff mit Elementarschaden. <\/i><\/p>\n<p>Dem Angriff des Paladins werden gleichzeitig K\u00e4lte-, Feuer- und Blitzschaden<br \/>hinzugef\u00fcgt. Mit Rache kann man, gen\u00fcgend Angriffswert vorausgesetzt, jeden Gegner im Spiel besiegen, da kein Gegner gegen vier verschiedene Schadensarten immun ist.<br \/>Durch den erh\u00f6hten Angriffswert trifft der Paladin auch \u00f6fter.<\/p>\n<table>\n<tbody>\n<tr>\n<th colspan=\"2\">Skill-Details<\/th>\n<\/tr>\n<tr>\n<td>Art:<\/td>\n<td>Nahkampf Skill<\/td>\n<\/tr>\n<tr>\n<td>Voraussetzungen:<\/td>\n<td>\n<ul>\n<li>Charakterlevel: 18<\/li>\n<li>Opfer \/ Sacrifice<\/li>\n<li>Eifer \/ Zeal<\/li>\n<\/ul>\n<\/td>\n<\/tr>\n<tr>\n<td>Wirkung:<\/td>\n<td>K\u00e4lteschaden,<br \/>Feuerschaden und Blitzschadensboni \/ Angriffswertsbonus<\/td>\n<\/tr>\n<tr>\n<td>Skillentwicklung:<\/td>\n<td><a href=\"https:\/\/planetdiablo.eu\/d2dbneu\/calcs\/skills\/d2r\/index.php?lang=de&amp;char=pal\">im Skill-Kalkulator ansehen<\/a><\/td>\n<\/tr>\n<tr>\n<td>Synergie:<\/td>\n<td>\n<ul>\n<li>Widerstand gegen Feuer (+10% Feuerschaden \/ LvL)<\/li>\n<li>Widerstand gegen K\u00e4lte (+10% K\u00e4lteschaden \/ LvL)<\/li>\n<li>Widerstand gegen Blitz (+10% Blitzschaden \/ LvL)<\/li>\n<li>Errettung (+2% Elementarschaden \/ LvL)<\/li>\n<\/ul>\n<\/td>\n<\/tr>\n<tr>\n<td>Casting Delay:<\/td>\n<td>keines<\/td>\n<\/tr>\n<\/tbody>\n<\/table>\n<h2 id=\"s7\">Gesegneter Hammer \/ Blessed<br \/>Hammer<\/h2>\n<p><img loading=\"lazy\" decoding=\"async\" class=\"alignnone size-full wp-image-584933\" src=\"https:\/\/planetdiablo.eu\/de\/wp-content\/uploads\/2022\/02\/D2R-Paladin-blessed-hammer-pressed_klein.jpg\" alt=\"\" width=\"65\" height=\"65\" \/><i>Ein um den Charakter rotierender Hammer, der Magieschaden zuf\u00fcgt.<\/i><\/p>\n<p>Der Gesegnete Hammer f\u00fcgt allen Gegnern, die seine spiralf\u00f6rmige Flugbahn kreuzen, Magieschaden zu. Der Schaden des Hammers kann mit dem Skill <a href=\"skilltree2.php#s5\" target=\"_blank\" rel=\"noopener\">Konzentration<\/a><br \/>erh\u00f6ht werden. Allerdings wird der Hammerschaden nur um 50% des Konzentrationsbonusses erh\u00f6ht.<\/p>\n<table>\n<tbody>\n<tr>\n<th colspan=\"2\">Skill-Details<\/th>\n<\/tr>\n<tr>\n<td>Art:<\/td>\n<td>Angriffs Skill<\/td>\n<\/tr>\n<tr>\n<td>Voraussetzungen:<\/td>\n<td>\n<ul>\n<li>Charakterlevel: 18<\/li>\n<li>Heiliger Blitz \/ Holy Bolt<\/li>\n<\/ul>\n<\/td>\n<\/tr>\n<tr>\n<td>Wirkung:<\/td>\n<td>Magieschaden \/<br \/>Fl\u00e4chenschaden<\/td>\n<\/tr>\n<tr>\n<td>Skillentwicklung:<\/td>\n<td><a href=\"https:\/\/planetdiablo.eu\/d2dbneu\/calcs\/skills\/d2r\/index.php?lang=de&amp;char=pal\">im Skill-Kalkulator ansehen<\/a><\/td>\n<\/tr>\n<tr>\n<td>Synergie:<\/td>\n<td>\n<ul>\n<li>Gesegneter Zielsucher (+14% Magieschaden \/ LvL)<\/li>\n<li>Gedeihen (+14% Magieschaden \/ LvL)<\/li>\n<\/ul>\n<\/td>\n<\/tr>\n<tr>\n<td>Casting Delay:<\/td>\n<td>keines<\/td>\n<\/tr>\n<\/tbody>\n<\/table>\n<h2 id=\"s8\">Bekehrung \/ Conversion<\/h2>\n<p><img loading=\"lazy\" decoding=\"async\" class=\"alignnone size-full wp-image-584949 alignleft\" src=\"https:\/\/planetdiablo.eu\/de\/wp-content\/uploads\/2022\/02\/D2R-Paladin-conversion-pressed_klein.jpg\" alt=\"\" width=\"65\" height=\"65\" \/><br \/><em>Eine prozentuale Chance,<br \/>einen Gegner zu bekehren.<\/em><\/p>\n<p>Bekehren bietet dem Paladin die M\u00f6glichkeit Gegner dazu zu bringen, auf<br \/>seiner Seite zu k\u00e4mpfen. Um einen Gegner zu Bekehren ist es nicht n\u00f6tig ihn zu treffen, man muss lediglich auf ihn schlagen. Die Bekehrten werden wie Diener bebehande und erhalten somit auch Boni durch aktivierte Auren.<\/p>\n<table>\n<tbody>\n<tr>\n<th colspan=\"2\">Skill-Details<\/th>\n<\/tr>\n<tr>\n<td>Art:<\/td>\n<td>Nahkampf Skill<\/td>\n<\/tr>\n<tr>\n<td>Voraussetzungen:<\/td>\n<td>\n<ul>\n<li>Charakterlevel: 24<\/li>\n<li>Opfer \/ Sacrifice<\/li>\n<li>Eifer \/ Zeal<\/li>\n<li>Rache \/ Vengeance<\/li>\n<\/ul>\n<\/td>\n<\/tr>\n<tr>\n<td>Wirkung:<\/td>\n<td>Chance Gegner zu<br \/>bekehren<\/td>\n<\/tr>\n<tr>\n<td>Skillentwicklung:<\/td>\n<td><a href=\"https:\/\/planetdiablo.eu\/d2dbneu\/calcs\/skills\/d2r\/index.php?lang=de&amp;char=pal\">im Skill-Kalkulator ansehen<\/a><\/td>\n<\/tr>\n<tr>\n<td>Synergie:<\/td>\n<td>keine<\/td>\n<\/tr>\n<tr>\n<td>Casting Delay:<\/td>\n<td>keines<\/td>\n<\/tr>\n<\/tbody>\n<\/table>\n<h2 id=\"s9\">Heiliger Schild \/ Holy Shield<\/h2>\n<p><img loading=\"lazy\" decoding=\"async\" class=\"alignnone size-full wp-image-584985 alignleft\" src=\"https:\/\/planetdiablo.eu\/de\/wp-content\/uploads\/2022\/02\/D2R-Paladin-holy-shock-pressed_klein.jpg\" alt=\"\" width=\"65\" height=\"65\" \/><\/p>\n<p><i>Der Schild des Paladins<br \/>wird magisch verbessert.<\/i><\/p>\n<p>Mit Heiligem Schild kann der Paladin die Blockchance, die Verteidigung und den Schlagschaden seines Schildes steigern. Durch diesen Skill wird der Schild des Paladins enorm aufgewertet. Die Verteidigung eines mit Level 20 Heiliger Schild<br \/>verzauberten Schildes \u00fcbersteigt oftmals den Verteidigunswert der R\u00fcstung und dank der SteigSteigerun Blockchance hat es der Paladin viel einfacher den<br \/>Maximalblockwert von 75% zu erreichen.<\/p>\n<table>\n<tbody>\n<tr>\n<th colspan=\"2\">Skill-Details<\/th>\n<\/tr>\n<tr>\n<td>Art:<\/td>\n<td>Boost Skill<\/td>\n<\/tr>\n<tr>\n<td>Voraussetzungen:<\/td>\n<td>\n<ul>\n<li>Charakterlevel: 30<\/li>\n<li>Niederstrecken \/ Smite<\/li>\n<li>Heiliger Blitz \/ Holy Bolt<\/li>\n<li>Ansturm \/ Charge<\/li>\n<li>Gesegneter Hammer \/ Blessed Hammer<\/li>\n<\/ul>\n<\/td>\n<\/tr>\n<tr>\n<td>Wirkung:<\/td>\n<td>Erh\u00f6ht Blockchance,<br \/>Schlagschaden und Verteidigung des Schildes<\/td>\n<\/tr>\n<tr>\n<td>Skillentwicklung:<\/td>\n<td><a href=\"https:\/\/planetdiablo.eu\/d2dbneu\/calcs\/skills\/d2r\/index.php?lang=de&amp;char=pal\">im Skill-Kalkulator ansehen<\/a><\/td>\n<\/tr>\n<tr>\n<td>Synergie:<\/td>\n<td>\n<ul>\n<li>Trotz (+15% Verteidigung \/ LvL)<\/li>\n<\/ul>\n<\/td>\n<\/tr>\n<tr>\n<td>Casting Delay:<\/td>\n<td>keines<\/td>\n<\/tr>\n<\/tbody>\n<\/table>\n<h2 id=\"s10\">Himmelsfaust \/ Fist of the<br \/>Heavens<\/h2>\n<p><img loading=\"lazy\" decoding=\"async\" class=\"alignnone size-full wp-image-584965 alignleft\" src=\"https:\/\/planetdiablo.eu\/de\/wp-content\/uploads\/2022\/02\/D2R-Paladin-fist-of-the-heavens-pressed_klein.jpg\" alt=\"\" width=\"65\" height=\"65\" \/><\/p>\n<p><i>Ein Blitz f\u00e4hrt vom<br \/>Himmel und spaltet sich in Heilige Blitze auf.<\/i><\/p>\n<p>Dieser ziemlich manaintensive Angriff f\u00fcgt dem Ziel<br \/>Blitzschaden zu und schie\u00dft auf die anderen Gegner in der Umgebung Heilige Blitze ab. Der Schaden der Himmelsfaust (nur der Blitzschaden) kann mit der Aura <a href=\"skilltree2.php#s10\" target=\"_blank\" rel=\"noopener\">\u00dcberzeugun g<\/a> erh\u00f6ht werden.<\/p>\n<table>\n<tbody>\n<tr>\n<th colspan=\"2\">Skill-Details<\/th>\n<\/tr>\n<tr>\n<td>Art:<\/td>\n<td>Angriffs Skill<\/td>\n<\/tr>\n<tr>\n<td>Voraussetzungen:<\/td>\n<td>\n<ul>\n<li>Charakterlevel: 30<\/li>\n<li>Opfer \/ Sacrifice<\/li>\n<li>Heiliger Blitz \/ Holy Bolt<\/li>\n<li>Eifer \/ Zeal<\/li>\n<li>Rache \/ Vengeance<\/li>\n<li>Gesegneter Hammer \/ Blessed Hammer<\/li>\n<li>Bekehrung \/ Conversion<\/li>\n<\/ul>\n<\/td>\n<\/tr>\n<tr>\n<td>Wirkung:<\/td>\n<td>Blitzschaden \/ spaltet<br \/>sich bei Treffer in mehrere Heilige Blitze auf<\/td>\n<\/tr>\n<tr>\n<td>Skillentwicklung:<\/td>\n<td><a href=\"https:\/\/planetdiablo.eu\/d2dbneu\/calcs\/skills\/d2r\/index.php?lang=de&amp;char=pal\">im Skill-Kalkulator ansehen<\/a><\/td>\n<\/tr>\n<tr>\n<td>Synergie:<\/td>\n<td>\n<ul>\n<li>Heiliger Schock (+7% Blitzschaden \/ LvL)<\/li>\n<li>Heiliger Blitz (+15% Heiliger Blitz Schaden \/ LvL)<\/li>\n<\/ul>\n<\/td>\n<\/tr>\n<tr>\n<td>Casting Delay:<\/td>\n<td>1sec<\/td>\n<\/tr>\n<\/tbody>\n<\/table>\n<p>Siehe auch :<\/p>\n<ul>\n<li><a href=\"\/diablo-2\/die-charaktere\/der-paladin\/paladin\/\">Skill\u00fcbersicht Paladin<\/a><\/li>\n<li><a href=\"\/diablo-2\/die-charaktere\/der-paladin\/paladin\/skilltree2\/\">Skilltree: Offensive Auren<\/a><\/li>\n<li><a href=\"\/diablo-2\/die-charaktere\/der-paladin\/paladin\/skilltree3\/\">Skilltree: Defensive Auren<\/a><\/li>\n<\/ul>\n<p><i>Inhalt von Lamyron. Edited by RAMsesist.<\/i><\/p>\n<p><map name=\"jump\"> \n<area alt=\"Opfer \/ Sacrifice\" coords=\"15,10,65,60\" shape=\"RECT\" href=\"#s1\" \/>\n \n<area alt=\"Niederstrecken \/ Smite\" coords=\"150,10,200,60\" shape=\"RECT\" href=\"#s2\" \/>\n \n<area alt=\"Heiliger Blitz \/ Holy Bolt\" coords=\"80,80,130,130\" shape=\"RECT\" href=\"#s3\" \/>\n \n<area alt=\"Eifer \/ Zeal\" coords=\"15,150,65,200\" shape=\"RECT\" href=\"#s4\" \/>\n \n<area alt=\"Ansturm \/ Charge\" coords=\"150,150,200,200\" shape=\"RECT\" href=\"#s5\" \/>\n \n<area alt=\"Rache \/ Vengeance\" coords=\"15,215,65,265\" shape=\"RECT\" href=\"#s6\" \/>\n \n<area alt=\"Gesegneter Hammer \/ Blessed Hammer\" coords=\"80,215,130,265\" shape=\"RECT\" href=\"#s7\" \/>\n \n<area alt=\"Bekehrung \/ Conversion\" coords=\"15,280,65,330\" shape=\"RECT\" href=\"#s8\" \/>\n \n<area alt=\"Heiliger Schild \/ Holy Shield\" coords=\"150,280,200,330\" shape=\"RECT\" href=\"#s9\" \/>\n \n<area alt=\"Himmelsfaust \/ Fist of the Heavens\" coords=\"80,350,130,400\" shape=\"RECT\" href=\"#s10\" \/>\n <\/map><\/p>","protected":false},"excerpt":{"rendered":"<p>Diese Skillbeschreibungen sind f\u00fcr D2 wie D2R gleichermassen n\u00fctzlich. Verlinkt ist jedoch auf den D2R-Skillcalculator weil wesentlich mehr Leute D2R spielen als D2 Legacy. Wer die Skillentwicklung in D2 Legacy verfolgen will, nimmt statt dessen diesen Link zum D2 LoD (Legacy) Calc. Opfer \/ Sacrifice Niederstrecken \/ Smite Heiliger Blitz \/ Holy Bolt Eifer \/&hellip; <a class=\"more-link\" href=\"https:\/\/planetdiablo.eu\/de\/diablo-2\/die-charaktere\/der-paladin\/paladin\/skilltree1\/\"><span class=\"screen-reader-text\">Diablo 2 &#8211; Kampf-Fertigkeiten des Paladins<\/span> weiterlesen<\/a><\/p>\n","protected":false},"author":748,"featured_media":0,"parent":559083,"menu_order":0,"comment_status":"closed","ping_status":"open","template":"","meta":{"footnotes":""},"class_list":["post-559653","page","type-page","status-publish","hentry","entry"],"_links":{"self":[{"href":"https:\/\/planetdiablo.eu\/de\/wp-json\/wp\/v2\/pages\/559653","targetHints":{"allow":["GET"]}}],"collection":[{"href":"https:\/\/planetdiablo.eu\/de\/wp-json\/wp\/v2\/pages"}],"about":[{"href":"https:\/\/planetdiablo.eu\/de\/wp-json\/wp\/v2\/types\/page"}],"author":[{"embeddable":true,"href":"https:\/\/planetdiablo.eu\/de\/wp-json\/wp\/v2\/users\/748"}],"replies":[{"embeddable":true,"href":"https:\/\/planetdiablo.eu\/de\/wp-json\/wp\/v2\/comments?post=559653"}],"version-history":[{"count":6,"href":"https:\/\/planetdiablo.eu\/de\/wp-json\/wp\/v2\/pages\/559653\/revisions"}],"predecessor-version":[{"id":589417,"href":"https:\/\/planetdiablo.eu\/de\/wp-json\/wp\/v2\/pages\/559653\/revisions\/589417"}],"up":[{"embeddable":true,"href":"https:\/\/planetdiablo.eu\/de\/wp-json\/wp\/v2\/pages\/559083"}],"wp:attachment":[{"href":"https:\/\/planetdiablo.eu\/de\/wp-json\/wp\/v2\/media?parent=559653"}],"curies":[{"name":"wp","href":"https:\/\/api.w.org\/{rel}","templated":true}]}}