{"id":559661,"date":"2014-06-29T03:21:15","date_gmt":"2014-06-29T01:21:15","guid":{"rendered":"http:\/\/diablo3.ingame.de\/?page_id=559661"},"modified":"2023-02-24T18:21:29","modified_gmt":"2023-02-24T16:21:29","slug":"skilltree2","status":"publish","type":"page","link":"https:\/\/planetdiablo.eu\/de\/diablo-2\/die-charaktere\/der-paladin\/paladin\/skilltree2\/","title":{"rendered":"Diablo 2 &#8211; Offensive Auren des Paladins"},"content":{"rendered":"\n<p>Diese Skillbeschreibungen sind f\u00fcr D2 wie D2R gleichermassen n\u00fctzlich. Verlinkt ist jedoch auf den D2R-Skillcalculator weil wesentlich mehr Leute D2R spielen als D2 Legacy. Wer die Skillentwicklung in D2 Legacy verfolgen will, nimmt statt dessen diesen Link zum <a href=\"https:\/\/planetdiablo.eu\/diablo2\/calcs\/skills\/110\/index.php?char=pal&amp;lang=de\">D2 LoD (Legacy) Calc<\/a>.<\/p>\n\n\n<p><img decoding=\"async\" style=\"float: left!important; margin-right: 25px;\" src=\"\/wp-content\/uploads\/2014\/06\/tree2_pala.jpg\" alt=\"Skilltree Offensive Auras\/Offensive Auras\" usemap=\"#jump\" border=\"0\"><\/p>\n<ul>\n<li><a href=\"#s1\">Macht \/ Might<\/a><\/li>\n<li><a href=\"#s2\">Heiliges Feuer \/ Holy Fire<\/a><\/li>\n<li><a href=\"#s3\">Dornen \/ Thorns<\/a><\/li>\n<li><a href=\"#s4\">Gesegneter Zielsucher \/ Blessed Aim<\/a><\/li>\n<li><a href=\"#s5\">Konzentration \/ Concentration<\/a><\/li>\n<li><a href=\"#s6\">Heiliger Frost \/ Holy Freeze<\/a><\/li>\n<li><a href=\"#s7\">Heiliger Schock \/ Holy Shock<\/a><\/li>\n<li><a href=\"#s8\">Zuflucht \/ Sanctuary<\/a><\/li>\n<li><a href=\"#s9\">Fanatismus \/ Fanaticism<\/a><\/li>\n<li><a href=\"#s10\">\u00dcberzeugung \/ Conviction<\/a><\/li>\n<\/ul>\n<div style=\"clear: both;\">&nbsp;<\/div>\n<h2 id=\"s1\">Macht \/ Might<\/h2>\n<p><img loading=\"lazy\" decoding=\"async\" class=\"alignnone size-full wp-image-584993 alignleft\" src=\"https:\/\/planetdiablo.eu\/de\/wp-content\/uploads\/2022\/02\/D2R-Paladin-might-pressed_klein.jpg\" alt=\"\" width=\"65\" height=\"65\"><\/p>\n<p><i>Erh\u00f6ht den ausgeteilten<br>Schaden.<\/i><\/p>\n<p>Macht erh\u00f6ht den physischen Schaden, den<br>der Paladin und die in der N\u00e4he befindlichen Partymitglieder austeilen. Allerdings verf\u00fcgen die beiden Auren <a href=\"#s9\">Fanatismus<\/a> und <a href=\"#s5\">Konzentration<\/a> \u00fcber einen h\u00f6heren<br>Schadensbonus.<\/p>\n<table>\n<tbody>\n<tr>\n<th colspan=\"2\">Skill-Details<\/th>\n<\/tr>\n<tr>\n<td>Art:<\/td>\n<td>Aura Skill<\/td>\n<\/tr>\n<tr>\n<td>Voraussetzungen:<\/td>\n<td>\n<ul>\n<li>Charakterlevel: 1<\/li>\n<li>Skills: Keine<\/li>\n<\/ul>\n<\/td>\n<\/tr>\n<tr>\n<td>Wirkung:<\/td>\n<td>Erh\u00f6ht physischen<br>Schaden der Party<\/td>\n<\/tr>\n<tr>\n<td>Skillentwicklung:<\/td>\n<td><a href=\"https:\/\/planetdiablo.eu\/d2dbneu\/calcs\/skills\/d2r\/index.php?lang=de&amp;char=pal\">im Skill-Kalkulator ansehen<\/a><\/td>\n<\/tr>\n<tr>\n<td>Synergie:<\/td>\n<td>keine<\/td>\n<\/tr>\n<tr>\n<td>Casting Delay:<\/td>\n<td>keines<\/td>\n<\/tr>\n<\/tbody>\n<\/table>\n<h2 id=\"s2\">Heiliges Feuer \/ Holy Fire<\/h2>\n<p><img loading=\"lazy\" decoding=\"async\" class=\"alignnone size-full wp-image-584973 alignleft\" src=\"https:\/\/planetdiablo.eu\/de\/wp-content\/uploads\/2022\/02\/D2R-Paladin-holy-fire-pressed_klein.jpg\" alt=\"\" width=\"65\" height=\"65\"><\/p>\n<p><i>In einem bestimmten<br>Radius wird Feuerschaden ausgeteilt. <\/i><\/p>\n<p>Heiliges Feuer f\u00fcgt Monstern, die sich in einem bestimmten Radius<br>befinden, in zyklischen Abst\u00e4nden Feuerschaden zu und addiert Feuerschaden auf den Waffenschaden. AAllerding ist dieser Schaden so gering, dass er allersp\u00e4testens ab dem Schwierigkeitsgrad Alptraum nahezu wirkungslos ist.<\/p>\n<table>\n<tbody>\n<tr>\n<th colspan=\"2\">Skill-Details<\/th>\n<\/tr>\n<tr>\n<td>Art:<\/td>\n<td>Aura Skill<\/td>\n<\/tr>\n<tr>\n<td>Voraussetzungen:<\/td>\n<td>\n<ul>\n<li>Charakterlevel: 6<\/li>\n<li>Macht \/ Might<\/li>\n<\/ul>\n<\/td>\n<\/tr>\n<tr>\n<td>Wirkung:<\/td>\n<td>Feuerschadensbonus \/<br>f\u00fcgt nahen Monster alle 2 Sekunden Feuerschaden zu<\/td>\n<\/tr>\n<tr>\n<td>Skillentwicklung:<\/td>\n<td>i<a href=\"https:\/\/planetdiablo.eu\/d2dbneu\/calcs\/skills\/d2r\/index.php?lang=de&amp;char=pal\">m Skill-Kalkulator ansehen<\/a><\/td>\n<\/tr>\n<tr>\n<td>Synergie:<\/td>\n<td>\n<ul type=\"disc\">\n<li>Widerstand gegen Feuer (+18% Feuerschaden \/ LvL)<\/li>\n<li>Errettung (+6% Feuerschaden \/ LvL)<\/li>\n<\/ul>\n<\/td>\n<\/tr>\n<tr>\n<td>Casting Delay:<\/td>\n<td>keines<\/td>\n<\/tr>\n<\/tbody>\n<\/table>\n<h2 id=\"s3\">Dornen \/ Thorns<\/h2>\n<p><img loading=\"lazy\" decoding=\"async\" class=\"alignnone size-full wp-image-585036 alignleft\" src=\"https:\/\/planetdiablo.eu\/de\/wp-content\/uploads\/2022\/02\/D2R-Paladin-thorns-pressed_klein.jpg\" alt=\"\" width=\"65\" height=\"65\"><\/p>\n<p><i>Erhaltener Schaden wird<br>auf Gegner zur\u00fcckgeworfen.<\/i><\/p>\n<p>Dornen werfen erhaltenen Schaden um ein mehrfaches verst\u00e4rkt auf den Angreifer zur\u00fcck. Allerdings wird nur der Schaden zur\u00fcckgeworfen, der auch effektiv von den Lebenspunkten abgezogen wird.<br>Zudem wirken physische Resistenzen ganz normal aua Dornen. D.h. ein physisch immunes Monster nimmt keinen Schaden durch Dornen und ein 50% physisch resistentes nur den halben Schaden.Im PvP werden blo\u00df 10% der<br>angegebenen Menge an Schaden zur\u00fcckgeworfen.<\/p>\n<table>\n<tbody>\n<tr>\n<th colspan=\"2\">Skill-Details<\/th>\n<\/tr>\n<tr>\n<td>Art:<\/td>\n<td>Aura Skill<\/td>\n<\/tr>\n<tr>\n<td>Voraussetzungen:<\/td>\n<td>\n<ul>\n<li>Charakterlevel: 6<\/li>\n<li>Skills: Keine<\/li>\n<\/ul>\n<\/td>\n<\/tr>\n<tr>\n<td>Wirkung:<\/td>\n<td>physischer Schaden wird<br>auf den Angreifer zur\u00fcckgeworfen<\/td>\n<\/tr>\n<tr>\n<td>Skillentwicklung:<\/td>\n<td><a href=\"https:\/\/planetdiablo.eu\/d2dbneu\/calcs\/skills\/d2r\/index.php?lang=de&amp;char=pal\">im Skill-Kalkulator ansehen<\/a><\/td>\n<\/tr>\n<tr>\n<td>Synergie:<\/td>\n<td>keine<\/td>\n<\/tr>\n<tr>\n<td>Casting Delay:<\/td>\n<td>keines<\/td>\n<\/tr>\n<\/tbody>\n<\/table>\n<h2 id=\"s4\">Gesegneter Zielsucher\/ Blessed<br>Aim<\/h2>\n<p><img loading=\"lazy\" decoding=\"async\" class=\"alignnone size-full wp-image-584929 alignleft\" src=\"https:\/\/planetdiablo.eu\/de\/wp-content\/uploads\/2022\/02\/D2R-Paladin-blessed-aim-pressed_klein.jpg\" alt=\"\" width=\"65\" height=\"65\"><\/p>\n<p><i>Erh\u00f6ht den Angriffswert.<\/i><\/p>\n<p>Mit dem Gesegneten Zielsucher kann der Paladin seinen<br>Angriffswert stark erh\u00f6hen. Selbst wenn die Aura nicht<br>aktiviert ist, bekonnt man einen passiven<br>Angriffswertsbonus von 5%! Es gibt allerdings in Diablo 2 eine<br>Menge anderer M\u00f6glichkeiten, seinen Angriffswert<br>aufzuwerten, was den Sinn des Zielsuchers in Frage<br>stellt.<\/p>\n<table>\n<tbody>\n<tr>\n<th colspan=\"2\">Skill-Details<\/th>\n<\/tr>\n<tr>\n<td>Art:<\/td>\n<td>Aura Skill<\/td>\n<\/tr>\n<tr>\n<td>Voraussetzungen:<\/td>\n<td>\n<ul>\n<li>Charakterlevel: 12<\/li>\n<li>Macht \/ Might<\/li>\n<\/ul>\n<\/td>\n<\/tr>\n<tr>\n<td>Wirkung:<\/td>\n<td>Angriffswertsbonus (5%) \/<br>erh\u00f6ht Angriffswert der Party<\/td>\n<\/tr>\n<tr>\n<td>Skillentwicklung:<\/td>\n<td><a href=\"https:\/\/planetdiablo.eu\/d2dbneu\/calcs\/skills\/d2r\/index.php?lang=de&amp;char=pal\">im Skill-Kalkulator ansehen<\/a><\/td>\n<\/tr>\n<tr>\n<td>Synergie:<\/td>\n<td>keine<\/td>\n<\/tr>\n<tr>\n<td>Casting Delay:<\/td>\n<td>keines<\/td>\n<\/tr>\n<\/tbody>\n<\/table>\n<h2 id=\"s5\">Konzentration \/ Concentration<\/h2>\n<p><img loading=\"lazy\" decoding=\"async\" class=\"alignnone size-full wp-image-584945 alignleft\" src=\"https:\/\/planetdiablo.eu\/de\/wp-content\/uploads\/2022\/02\/D2R-Paladin-concentration-pressed_klein.jpg\" alt=\"\" width=\"65\" height=\"65\"><\/p>\n<p><i>Schadenserh\u00f6hung.<\/i><br>Konzentration erh\u00f6ht den physischen Schaden, den der<br>Paladin austeilt. Zudem beinhaltet diese Aura noch 20%<br>Chance, dass ein Angriff auch ausgef\u00fchrt wird, wenn der<br>Char von einem Gegner getroffen wird. Konzentration ist<br>die einzige Aura, mit der man den Schaden des Gesegneten<br>Hammers erh\u00f6hen kann. Sie wirkt allerdings nur zu 50%<br>auf den Hammer.<\/p>\n<table>\n<tbody>\n<tr>\n<th colspan=\"2\">Skill-Details<\/th>\n<\/tr>\n<tr>\n<td>Art:<\/td>\n<td>Aura Skill<\/td>\n<\/tr>\n<tr>\n<td>Voraussetzungen:<\/td>\n<td>\n<ul>\n<li>Charakterlevel: 18<\/li>\n<li>Macht&nbsp;\/ Might<\/li>\n<li>Gesegneter Zielsucher&nbsp;\/ Blessed Aim<\/li>\n<\/ul>\n<\/td>\n<\/tr>\n<tr>\n<td>Wirkung:<\/td>\n<td>erh\u00f6ht physischen<br>Schaden der Party \/ 20% Chance auf ununterbrechbaren<br>Schlag<\/td>\n<\/tr>\n<tr>\n<td>Skillentwicklung:<\/td>\n<td><a href=\"https:\/\/planetdiablo.eu\/d2dbneu\/calcs\/skills\/d2r\/index.php?lang=de&amp;char=pal\">im Skill-Kalkulator ansehen<\/a><\/td>\n<\/tr>\n<tr>\n<td>Synergie:<\/td>\n<td>keine<\/td>\n<\/tr>\n<tr>\n<td>Casting Delay:<\/td>\n<td>keines<\/td>\n<\/tr>\n<\/tbody>\n<\/table>\n<h2 id=\"s6\">Heiliger Frost \/ Holy Freeze<\/h2>\n<p><img loading=\"lazy\" decoding=\"async\" class=\"alignnone size-full wp-image-584977 alignleft\" src=\"https:\/\/planetdiablo.eu\/de\/wp-content\/uploads\/2022\/02\/D2R-Paladin-holy-freeze-pressed_klein.jpg\" alt=\"\" width=\"65\" height=\"65\"><\/p>\n<p><i>Gegner werden verlangsamt.<\/i><br>Mit Heiligem Frost werden die Gegner des Paladins<br>verlangsamt. Obwohl die Aura auf K\u00e4ltebasis zu<br>funktionieren scheint, werden auch k\u00e4lteimmune Monster<br>eingefroren (was nicht hei\u00dfen soll, dass die Aura auf<br>wirklich alle Monster wirkt!). Zus\u00e4tzlich wird der ausgeteilte Schaden durch ein wenig K\u00e4lteschaden erh\u00f6ht, und alle 2<br>Sekunden erleiden alle in der N\u00e4he befindlichen Gegner<br>eine kleine Menge an K\u00e4lteschaden.<\/p>\n<table>\n<tbody>\n<tr>\n<th colspan=\"2\">Skill-Details<\/th>\n<\/tr>\n<tr>\n<td>Art:<\/td>\n<td>Aura Skill<\/td>\n<\/tr>\n<tr>\n<td>Voraussetzungen:<\/td>\n<td>\n<ul>\n<li>Charakterlevel: 18<\/li>\n<li>Macht \/ Might<\/li>\n<li>Heiliges Feuer \/ Holy Fire<\/li>\n<\/ul>\n<\/td>\n<\/tr>\n<tr>\n<td>Wirkung:<\/td>\n<td>K\u00e4lteschadensbonus \/<br>f\u00fcgt nahen Monster alle 2 Sekunden K\u00e4lteschaden zu \/<br>verlangsamt Gegner<\/td>\n<\/tr>\n<tr>\n<td>Skillentwicklung:<\/td>\n<td><a href=\"https:\/\/planetdiablo.eu\/d2dbneu\/calcs\/skills\/d2r\/index.php?lang=de&amp;char=pal\">im Skill-Kalkulator ansehen<\/a><\/td>\n<\/tr>\n<tr>\n<td>Synergie:<\/td>\n<td>\n<ul>\n<li>Widerstand gegen K\u00e4lte (+15% K\u00e4lteschaden \/ LvL)<\/li>\n<li>Errettung (+7% K\u00e4lteschaden \/ LvL)<\/li>\n<\/ul>\n<\/td>\n<\/tr>\n<tr>\n<td>Casting Delay:<\/td>\n<td>keines<\/td>\n<\/tr>\n<\/tbody>\n<\/table>\n<h2 id=\"s7\">Heiliger Schock \/ Holy Shock<\/h2>\n<p><img loading=\"lazy\" decoding=\"async\" class=\"alignnone size-full wp-image-584985 alignleft\" src=\"https:\/\/planetdiablo.eu\/de\/wp-content\/uploads\/2022\/02\/D2R-Paladin-holy-shock-pressed_klein.jpg\" alt=\"\" width=\"65\" height=\"65\"><\/p>\n<p><i>Blitzschaden wird<br>ausgeteilt. <\/i><\/p>\n<p>Heiliger Schock f\u00fcgt, wie auch schon Heiliges Feuer und Heiliger Frost, den Monstern in einem bestimmten Radius zyklisch Blitzschaden zu. Dazu kommt<br>auch hier wieder, dass dem Angriff des Paladins (sosowo Nah- als auch Fernkampf) Blitzschaden hinzugef\u00fcgt wird.<\/p>\n<table>\n<tbody>\n<tr>\n<th colspan=\"2\">Skill-Details<\/th>\n<\/tr>\n<tr>\n<td>Art:<\/td>\n<td>Aura Skill<\/td>\n<\/tr>\n<tr>\n<td>Voraussetzungen:<\/td>\n<td>\n<ul>\n<li>Charakterlevel: 24<\/li>\n<li>Macht&nbsp;\/ Might<\/li>\n<li>Heiliges Feuer&nbsp;\/ Holy Fire<\/li>\n<li>Heiliger Frost&nbsp;\/ Holy Freeze<\/li>\n<\/ul>\n<\/td>\n<\/tr>\n<tr>\n<td>Wirkung:<\/td>\n<td>Blitzschadensbonus \/<br>f\u00fcgt nahen Monster alle 2 Sekunden Blitzschaden zu<\/td>\n<\/tr>\n<tr>\n<td>Skillentwicklung:<\/td>\n<td><a href=\"https:\/\/planetdiablo.eu\/d2dbneu\/calcs\/skills\/d2r\/index.php?lang=de&amp;char=pal\">im Skill-Kalkulator ansehen<\/a><\/td>\n<\/tr>\n<tr>\n<td>Synergie:<\/td>\n<td>\n<ul>\n<li>Widerstand gegen Blitze (+12% Blitzschaden \/ LvL)<\/li>\n<li>Errettung (+4% Blitzschaden \/ LvL)<\/li>\n<\/ul>\n<\/td>\n<\/tr>\n<tr>\n<td>Casting Delay:<\/td>\n<td>keines<\/td>\n<\/tr>\n<\/tbody>\n<\/table>\n<h2 id=\"s8\">Zuflucht \/ Sanctuary<\/h2>\n<p><img loading=\"lazy\" decoding=\"async\" class=\"alignnone size-full wp-image-585025 alignleft\" src=\"https:\/\/planetdiablo.eu\/de\/wp-content\/uploads\/2022\/02\/D2R-Paladin-sanctuary-pressed_klein.jpg\" alt=\"\" width=\"65\" height=\"65\"><\/p>\n<p><i>Untote werden<br>zur\u00fcckgestossen und m\u00fcssen mehr Schaden einstecken. <\/i><\/p>\n<p>Zuflucht ist die beste Aura f\u00fcr den Kampf gegen untote Gegner.<br>Nicht nur, dass die Kreaturen der Finsternis in zyklischen Abst\u00e4nden zur\u00fcckgestossen und lleich gesch\u00e4digt werden, nein der Paladin erh\u00e4lt auch noch einen riesigen prozentualen Schadensbonus im Kampf gegen Untote, der wiederum dadurch erh\u00f6ht wird, dass die physische Resistenz aller Untoten auf 0% gesenkt wird.<\/p>\n<table>\n<tbody>\n<tr>\n<th colspan=\"2\">Skill-Details<\/th>\n<\/tr>\n<tr>\n<td>Art:<\/td>\n<td>Aura Skill<\/td>\n<\/tr>\n<tr>\n<td>Voraussetzungen:<\/td>\n<td>\n<ul>\n<li>Charakterlevel: 24<\/li>\n<li>Macht&nbsp;\/ Might<\/li>\n<li>Heiliges Feuer&nbsp;\/ Holy Fire<\/li>\n<li>Dornen&nbsp;\/ Thorns<\/li>\n<li>Heiliger Frost&nbsp;\/ Holy Freeze<\/li>\n<\/ul>\n<\/td>\n<\/tr>\n<tr>\n<td>Wirkung:<\/td>\n<td>Schadens und<br>Angriffswertsboni gegen Untote \/ R\u00fccksto\u00dfung von<br>Untoten \/ f\u00fcgt nahen Untoten alle 2 Sekunden<br>Magieschaden zu \/ senkt physische Resistenz der Untoten<br>auf 0%<\/td>\n<\/tr>\n<tr>\n<td>Skillentwicklung:<\/td>\n<td><a href=\"https:\/\/planetdiablo.eu\/d2dbneu\/calcs\/skills\/d2r\/index.php?lang=de&amp;char=pal\">im Skill-Kalkulator ansehen<\/a><\/td>\n<\/tr>\n<tr>\n<td>Synergie:<\/td>\n<td>\n<ul type=\"disc\">\n<li>Reinigung (+7% Magieschaden \/ LvL)<\/li>\n<\/ul>\n<\/td>\n<\/tr>\n<tr>\n<td>Casting Delay:<\/td>\n<td>keines<\/td>\n<\/tr>\n<\/tbody>\n<\/table>\n<h2 id=\"s9\">Fanatismus \/ Fanaticism<\/h2>\n<p><img loading=\"lazy\" decoding=\"async\" class=\"alignnone size-full wp-image-584961 alignleft\" src=\"https:\/\/planetdiablo.eu\/de\/wp-content\/uploads\/2022\/02\/D2R-Paladin-fanaticism-pressed_klein.jpg\" alt=\"\" width=\"65\" height=\"65\"><\/p>\n<p><i>Der Schaden, der<br>Angriffswert und die Angriffsgeschwindigkeit werden<br>erh\u00f6ht. <\/i><\/p>\n<p>Fanatismus ist f\u00fcr einen alleine spielenden Nahkampfpaladin aufgrund ihrer \u00fcberragenden Vorteile wohl die beste Aura. Partymitglieder profitieren mit einer kleinen Einsch\u00e4rnkung von dieser Aura: Auf sie wirkt nur die H\u00e4lfte des Schadensbonus.<br>Beachte, dass der Angriffsgeschwindigkeitsbonus von Fanatismus nicht mit dem Waffengeschwindigkeitsbonus auf der restlichen Ausr\u00fcstung gleichsetzbar ist! Eine gute Hilfestellung beim Verrechnen der Waffengeschwindigkeit ist unser hauseigener <a href=\"https:\/\/planetdiablo.eu\/d2dbneu\/calcs\/speedcalc\/speedcalc.php\">Waffengeschwindigkeits Calc<\/a><\/p>\n<table>\n<tbody>\n<tr>\n<th colspan=\"2\">Skill-Details<\/th>\n<\/tr>\n<tr>\n<td>Art:<\/td>\n<td>Aura Skill<\/td>\n<\/tr>\n<tr>\n<td>Voraussetzungen:<\/td>\n<td>\n<ul>\n<li>Charakterlevel: 30<\/li>\n<li>Macht&nbsp;\/ Might<\/li>\n<li>Gesegneter Zielsucher&nbsp;\/ Blessed Aim<\/li>\n<li>Konzentration&nbsp;\/ Concentration<\/li>\n<\/ul>\n<\/td>\n<\/tr>\n<tr>\n<td>Wirkung:<\/td>\n<td>erh\u00f6ht physischen<br>Schaden, Angriffswert und Angriffsgeschwindigkeit der<br>Party<\/td>\n<\/tr>\n<tr>\n<td>Skillentwicklung:<\/td>\n<td><a href=\"https:\/\/planetdiablo.eu\/d2dbneu\/calcs\/skills\/d2r\/index.php?lang=de&amp;char=pal\">im Skill-Kalkulator ansehen<\/a><\/td>\n<\/tr>\n<tr>\n<td>Synergie:<\/td>\n<td>keine<\/td>\n<\/tr>\n<tr>\n<td>Casting Delay:<\/td>\n<td>keines<\/td>\n<\/tr>\n<\/tbody>\n<\/table>\n<h2 id=\"s10\">\u00dcberzeugung \/ Conviction<\/h2>\n<p><img loading=\"lazy\" decoding=\"async\" class=\"alignnone size-full wp-image-584953 alignleft\" src=\"https:\/\/planetdiablo.eu\/de\/wp-content\/uploads\/2022\/02\/D2R-Paladin-conviction-pressed_klein.jpg\" alt=\"\" width=\"65\" height=\"65\"><\/p>\n<p><i>Die Elementarresistenzen<br>und Verteidigung der Gegner wird gesenkt. <\/i><\/p>\n<p>Durch \u00dcberzeugen werden die Gegner anf\u00e4lliger auf K\u00e4lte,<br>Feuer und Blitzschaden. Die Resistenzen der Gegner werden<br>absolut gesenkt, das heisst dass der bei \u00dcberzeugung<br>angegebene Wert direkt von der Resistenz des Gegners<br>subtrahiert wird und die Resistenz dadurch auch negativ<br>werden kann bzw. eigentlich immune Gegner doch anf\u00e4llig<br>f\u00fcr alle Arten von Elementarsch\u00e4den zu machen. Zudem<br>senkt \u00dcberzeugung noch die Verteidigung der Gegner, was<br>die Trefferwahrscheinlichkeit stark steigert.<\/p>\n<table>\n<tbody>\n<tr>\n<th colspan=\"2\">Skill-Details<\/th>\n<\/tr>\n<tr>\n<td>Art:<\/td>\n<td>Aura Skill<\/td>\n<\/tr>\n<tr>\n<td>Voraussetzungen:<\/td>\n<td>\n<ul>\n<li>Charakterlevel: 30<\/li>\n<li>Macht&nbsp;\/ Might<\/li>\n<li>Heiliges Feuer&nbsp;\/ Holy Fire<\/li>\n<li>Dornen&nbsp;\/ Thorns<\/li>\n<li>Heiliger Frost&nbsp;\/ Holy Freeze<\/li>\n<li>Zuflucht&nbsp;\/ Sanctuary<\/li>\n<\/ul>\n<\/td>\n<\/tr>\n<tr>\n<td>Wirkung:<\/td>\n<td>senkt Feuer, K\u00e4lte und<br>Blitzresistenz der Gegner \/ senkt Verteidigung der Gegner<\/td>\n<\/tr>\n<tr>\n<td>Skillentwicklung:<\/td>\n<td><a href=\"https:\/\/planetdiablo.eu\/d2dbneu\/calcs\/skills\/d2r\/index.php?lang=de&amp;char=pal\">im Skill-Kalkulator ansehen<\/a><\/td>\n<\/tr>\n<tr>\n<td>Synergie:<\/td>\n<td>keine<\/td>\n<\/tr>\n<tr>\n<td>Casting Delay:<\/td>\n<td>keines<\/td>\n<\/tr>\n<\/tbody>\n<\/table>\n<p>Siehe auch :<\/p>\n<ul>\n<li><a href=\"\/diablo-2\/die-charaktere\/der-paladin\/paladin\/\">Skill\u00fcbersicht Paladin<\/a><\/li>\n<li><a href=\"\/diablo-2\/die-charaktere\/der-paladin\/paladin\/skilltree1\/\">Skilltree: Kampffertigkeiten<\/a><\/li>\n<li><a href=\"\/diablo-2\/die-charaktere\/der-paladin\/paladin\/skilltree3\/\">Skilltree: Defensive Auren<\/a><\/li>\n<\/ul>\n<p><i>Inhalt von Lamyron. Edited by RAMsesist.<\/i><\/p>\n<map name=\"jump\">\n<area alt=\"Macht \/ Might\" coords=\"15,10,65,60\" shape=\"RECT\" href=\"#s1\">\n<area alt=\"Heiliges Feuer \/ Holy Fire\" coords=\"80,80,130,130\" shape=\"RECT\" href=\"#s2\">\n<area alt=\"Dornen \/ Thorns\" coords=\"150,80,200,130\" shape=\"RECT\" href=\"#s3\">\n<area alt=\"Gesegneter Zielsucher \/ Blessed Aim\" coords=\"15,150,65,200\" shape=\"RECT\" href=\"#s4\">\n<area alt=\"Konzentration \/ Concentration\" coords=\"15,215,65,265\" shape=\"RECT\" href=\"#s5\">\n<area alt=\"Heiliger Frost \/ Holy Freeze\" coords=\"80,215,130,265\" shape=\"RECT\" href=\"#s6\">\n<area alt=\"Heiliger Schock \/ Holy Shock\" coords=\"80,280,130,330\" shape=\"RECT\" href=\"#s7\">\n<area alt=\"Zuflucht \/ Sanctuary\" coords=\"150,280,200,330\" shape=\"RECT\" href=\"#s8\">\n<area alt=\"Fanatismus \/ Fanaticism\" coords=\"15,350,65,400\" shape=\"RECT\" href=\"#s9\">\n<area alt=\"\u00dcberzeugung \/ Conviction\" coords=\"150,350,200,400\" shape=\"RECT\" href=\"#s10\">\n <\/map>\n<p><\/p>","protected":false},"excerpt":{"rendered":"<p>Diese Skillbeschreibungen sind f\u00fcr D2 wie D2R gleichermassen n\u00fctzlich. Verlinkt ist jedoch auf den D2R-Skillcalculator weil wesentlich mehr Leute D2R spielen als D2 Legacy. Wer die Skillentwicklung in D2 Legacy verfolgen will, nimmt statt dessen diesen Link zum D2 LoD (Legacy) Calc. Macht \/ Might Heiliges Feuer \/ Holy Fire Dornen \/ Thorns Gesegneter Zielsucher&hellip; <a class=\"more-link\" href=\"https:\/\/planetdiablo.eu\/de\/diablo-2\/die-charaktere\/der-paladin\/paladin\/skilltree2\/\"><span class=\"screen-reader-text\">Diablo 2 &#8211; Offensive Auren des Paladins<\/span> weiterlesen<\/a><\/p>\n","protected":false},"author":748,"featured_media":0,"parent":559083,"menu_order":0,"comment_status":"closed","ping_status":"open","template":"","meta":{"footnotes":""},"class_list":["post-559661","page","type-page","status-publish","hentry","entry"],"_links":{"self":[{"href":"https:\/\/planetdiablo.eu\/de\/wp-json\/wp\/v2\/pages\/559661","targetHints":{"allow":["GET"]}}],"collection":[{"href":"https:\/\/planetdiablo.eu\/de\/wp-json\/wp\/v2\/pages"}],"about":[{"href":"https:\/\/planetdiablo.eu\/de\/wp-json\/wp\/v2\/types\/page"}],"author":[{"embeddable":true,"href":"https:\/\/planetdiablo.eu\/de\/wp-json\/wp\/v2\/users\/748"}],"replies":[{"embeddable":true,"href":"https:\/\/planetdiablo.eu\/de\/wp-json\/wp\/v2\/comments?post=559661"}],"version-history":[{"count":8,"href":"https:\/\/planetdiablo.eu\/de\/wp-json\/wp\/v2\/pages\/559661\/revisions"}],"predecessor-version":[{"id":586735,"href":"https:\/\/planetdiablo.eu\/de\/wp-json\/wp\/v2\/pages\/559661\/revisions\/586735"}],"up":[{"embeddable":true,"href":"https:\/\/planetdiablo.eu\/de\/wp-json\/wp\/v2\/pages\/559083"}],"wp:attachment":[{"href":"https:\/\/planetdiablo.eu\/de\/wp-json\/wp\/v2\/media?parent=559661"}],"curies":[{"name":"wp","href":"https:\/\/api.w.org\/{rel}","templated":true}]}}